{"id":5075,"date":"2023-07-30T04:10:23","date_gmt":"2023-07-30T04:10:23","guid":{"rendered":"https:\/\/prod.italiamachines.com\/product\/soubassement-gastronomique-avec-tiroir-marque-infrico-dimensions-2000x700x650\/"},"modified":"2024-09-29T23:01:21","modified_gmt":"2024-09-29T21:01:21","slug":"soubassement-gastronomique-avec-tiroir-marque-infrico","status":"publish","type":"product","link":"https:\/\/italiamachines.com\/en\/boutique\/restaurant-snack-et-pizzeria\/froid-conservation-pour-restauration\/table-a-pizza-pour-restauration\/soubassement-gastronomique-avec-tiroir-marque-infrico\/","title":{"rendered":"Soubassement gastronomique &#8211; 2|4|6|8 tiroirs &#8211; par Infrico"},"content":{"rendered":"<p>Classification \u00e9nerg\u00e9tique :R-290 assurant une temp\u00e9rature int\u00e9rieure uniforme.<br \/>\nNouveau contr\u00f4leur digital num\u00e9rique tactile et intuitif IP65 avec une pr\u00e9cision de contr\u00f4le de temp\u00e9rature am\u00e9lior\u00e9e pour r\u00e9guler facilement les temp\u00e9ratures souhait\u00e9es.<br \/>\nStructure compacte enti\u00e8rement inject\u00e9e avec isolation en polyur\u00e9thane de 70 mm d&rsquo;\u00e9paisseur, inject\u00e9e \u00e0 haute pression sans CFC, avec une densit\u00e9 de 40 Kg\/m3.<br \/>\nTiroirs \u00e0 glissi\u00e8res t\u00e9lescopiques avec extension am\u00e9lior\u00e9e pour \u00e9conomiser l&rsquo;espace de travail et syst\u00e8me de fermeture automatique.<br \/>\nSyst\u00e8me de ventilation et de condensation frontal.<br \/>\nBac d&rsquo;\u00e9vaporation sans r\u00e9sistances \u00e9lectriques.<br \/>\nNouveau syst\u00e8me d&rsquo;extraction Monobloc.<\/p>","protected":false},"excerpt":{"rendered":"<p>Classification \u00e9nerg\u00e9tique :R-290 assurant une temp\u00e9rature int\u00e9rieure uniforme. Nouveau contr\u00f4leur digital num\u00e9rique tactile et intuitif IP65 avec une pr\u00e9cision de contr\u00f4le de temp\u00e9rature am\u00e9lior\u00e9e pour r\u00e9guler facilement les temp\u00e9ratures souhait\u00e9es. Structure compacte enti\u00e8rement inject\u00e9e avec isolation en polyur\u00e9thane de 70 mm d&rsquo;\u00e9paisseur, inject\u00e9e \u00e0 haute pression sans CFC, avec une densit\u00e9 de 40 Kg\/m3. Tiroirs&hellip;<\/p>","protected":false},"featured_media":8909,"comment_status":"open","ping_status":"closed","template":"","meta":[],"product_cat":[251,97,120,238],"product_tag":[],"class_list":{"0":"post-5075","1":"product","2":"type-product","3":"status-publish","4":"has-post-thumbnail","6":"product_cat-armoires-pour-restauration","7":"product_cat-patisserie","8":"product_cat-soubassement","9":"product_cat-table-a-pizza-pour-restauration","11":"first","12":"instock","13":"shipping-taxable","14":"purchasable","15":"product-type-variable","16":"col-xs-6 col-sm-4","17":"col-md-3 col-lg-3","18":"un-4-cols"},"yoast_head":"<!-- This site is optimized with the Yoast SEO plugin v26.6 - https:\/\/yoast.com\/wordpress\/plugins\/seo\/ -->\n<title>Soubassement gastronomique - 2|4|6|8 tiroirs - par Infrico | Italia Machines<\/title>\n<meta name=\"robots\" content=\"index, follow, max-snippet:-1, max-image-preview:large, max-video-preview:-1\" \/>\n<link rel=\"canonical\" href=\"https:\/\/italiamachines.com\/en\/boutique\/restaurant-snack-et-pizzeria\/froid-conservation-pour-restauration\/table-a-pizza-pour-restauration\/soubassement-gastronomique-avec-tiroir-marque-infrico\/\" \/>\n<meta property=\"og:locale\" content=\"en_US\" \/>\n<meta property=\"og:type\" content=\"article\" \/>\n<meta property=\"og:title\" content=\"Soubassement gastronomique - 2|4|6|8 tiroirs - par Infrico | Italia Machines\" \/>\n<meta property=\"og:description\" content=\"Classification \u00e9nerg\u00e9tique :R-290 assurant une temp\u00e9rature int\u00e9rieure uniforme. Nouveau contr\u00f4leur digital num\u00e9rique tactile et intuitif IP65 avec une pr\u00e9cision de contr\u00f4le de temp\u00e9rature am\u00e9lior\u00e9e pour r\u00e9guler facilement les temp\u00e9ratures souhait\u00e9es. Structure compacte enti\u00e8rement inject\u00e9e avec isolation en polyur\u00e9thane de 70 mm d&rsquo;\u00e9paisseur, inject\u00e9e \u00e0 haute pression sans CFC, avec une densit\u00e9 de 40 Kg\/m3. Tiroirs&hellip;\" \/>\n<meta property=\"og:url\" content=\"https:\/\/italiamachines.com\/en\/boutique\/restaurant-snack-et-pizzeria\/froid-conservation-pour-restauration\/table-a-pizza-pour-restauration\/soubassement-gastronomique-avec-tiroir-marque-infrico\/\" \/>\n<meta property=\"og:site_name\" content=\"Italia Machines\" \/>\n<meta property=\"article:publisher\" content=\"https:\/\/web.facebook.com\/italiamachines\/\" \/>\n<meta property=\"article:modified_time\" content=\"2024-09-29T21:01:21+00:00\" \/>\n<meta property=\"og:image\" content=\"https:\/\/italiamachines.com\/wp-content\/uploads\/2023\/07\/MSG2000-2.jpeg\" \/>\n\t<meta property=\"og:image:width\" content=\"400\" \/>\n\t<meta property=\"og:image:height\" content=\"400\" \/>\n\t<meta property=\"og:image:type\" content=\"image\/jpeg\" \/>\n<meta name=\"twitter:card\" content=\"summary_large_image\" \/>\n<meta name=\"twitter:label1\" content=\"Est. reading time\" \/>\n\t<meta name=\"twitter:data1\" content=\"1 minute\" \/>\n<script type=\"application\/ld+json\" class=\"yoast-schema-graph\">{\"@context\":\"https:\/\/schema.org\",\"@graph\":[{\"@type\":\"WebPage\",\"@id\":\"https:\/\/italiamachines.com\/boutique\/restaurant-snack-et-pizzeria\/froid-conservation-pour-restauration\/table-a-pizza-pour-restauration\/soubassement-gastronomique-avec-tiroir-marque-infrico\/\",\"url\":\"https:\/\/italiamachines.com\/boutique\/restaurant-snack-et-pizzeria\/froid-conservation-pour-restauration\/table-a-pizza-pour-restauration\/soubassement-gastronomique-avec-tiroir-marque-infrico\/\",\"name\":\"Soubassement gastronomique - 2|4|6|8 tiroirs - par Infrico | Italia Machines\",\"isPartOf\":{\"@id\":\"https:\/\/italiamachines.com\/#website\"},\"primaryImageOfPage\":{\"@id\":\"https:\/\/italiamachines.com\/boutique\/restaurant-snack-et-pizzeria\/froid-conservation-pour-restauration\/table-a-pizza-pour-restauration\/soubassement-gastronomique-avec-tiroir-marque-infrico\/#primaryimage\"},\"image\":{\"@id\":\"https:\/\/italiamachines.com\/boutique\/restaurant-snack-et-pizzeria\/froid-conservation-pour-restauration\/table-a-pizza-pour-restauration\/soubassement-gastronomique-avec-tiroir-marque-infrico\/#primaryimage\"},\"thumbnailUrl\":\"https:\/\/italiamachines.com\/wp-content\/uploads\/2023\/07\/MSG2000-2.jpeg\",\"datePublished\":\"2023-07-30T04:10:23+00:00\",\"dateModified\":\"2024-09-29T21:01:21+00:00\",\"breadcrumb\":{\"@id\":\"https:\/\/italiamachines.com\/boutique\/restaurant-snack-et-pizzeria\/froid-conservation-pour-restauration\/table-a-pizza-pour-restauration\/soubassement-gastronomique-avec-tiroir-marque-infrico\/#breadcrumb\"},\"inLanguage\":\"en-US\",\"potentialAction\":[{\"@type\":\"ReadAction\",\"target\":[\"https:\/\/italiamachines.com\/boutique\/restaurant-snack-et-pizzeria\/froid-conservation-pour-restauration\/table-a-pizza-pour-restauration\/soubassement-gastronomique-avec-tiroir-marque-infrico\/\"]}]},{\"@type\":\"ImageObject\",\"inLanguage\":\"en-US\",\"@id\":\"https:\/\/italiamachines.com\/boutique\/restaurant-snack-et-pizzeria\/froid-conservation-pour-restauration\/table-a-pizza-pour-restauration\/soubassement-gastronomique-avec-tiroir-marque-infrico\/#primaryimage\",\"url\":\"https:\/\/italiamachines.com\/wp-content\/uploads\/2023\/07\/MSG2000-2.jpeg\",\"contentUrl\":\"https:\/\/italiamachines.com\/wp-content\/uploads\/2023\/07\/MSG2000-2.jpeg\",\"width\":400,\"height\":400,\"caption\":\"Soubassement gastronomique\"},{\"@type\":\"BreadcrumbList\",\"@id\":\"https:\/\/italiamachines.com\/boutique\/restaurant-snack-et-pizzeria\/froid-conservation-pour-restauration\/table-a-pizza-pour-restauration\/soubassement-gastronomique-avec-tiroir-marque-infrico\/#breadcrumb\",\"itemListElement\":[{\"@type\":\"ListItem\",\"position\":1,\"name\":\"Accueil\",\"item\":\"https:\/\/italiamachines.com\/fr_fr\/\"},{\"@type\":\"ListItem\",\"position\":2,\"name\":\"Boutique\",\"item\":\"https:\/\/italiamachines.com\/boutique\/\"},{\"@type\":\"ListItem\",\"position\":3,\"name\":\"Soubassement gastronomique &#8211; 2|4|6|8 tiroirs &#8211; par Infrico\"}]},{\"@type\":\"WebSite\",\"@id\":\"https:\/\/italiamachines.com\/#website\",\"url\":\"https:\/\/italiamachines.com\/\",\"name\":\"Italia Machines\",\"description\":\"L&#039;art de l&#039;\u00e9quipement HORECA\",\"publisher\":{\"@id\":\"https:\/\/italiamachines.com\/#organization\"},\"potentialAction\":[{\"@type\":\"SearchAction\",\"target\":{\"@type\":\"EntryPoint\",\"urlTemplate\":\"https:\/\/italiamachines.com\/?s={search_term_string}\"},\"query-input\":{\"@type\":\"PropertyValueSpecification\",\"valueRequired\":true,\"valueName\":\"search_term_string\"}}],\"inLanguage\":\"en-US\"},{\"@type\":\"Organization\",\"@id\":\"https:\/\/italiamachines.com\/#organization\",\"name\":\"italiamachines\",\"url\":\"https:\/\/italiamachines.com\/\",\"logo\":{\"@type\":\"ImageObject\",\"inLanguage\":\"en-US\",\"@id\":\"https:\/\/italiamachines.com\/#\/schema\/logo\/image\/\",\"url\":\"https:\/\/italiamachines.com\/wp-content\/uploads\/2023\/08\/logo-web-1.png\",\"contentUrl\":\"https:\/\/italiamachines.com\/wp-content\/uploads\/2023\/08\/logo-web-1.png\",\"width\":977,\"height\":254,\"caption\":\"italiamachines\"},\"image\":{\"@id\":\"https:\/\/italiamachines.com\/#\/schema\/logo\/image\/\"},\"sameAs\":[\"https:\/\/web.facebook.com\/italiamachines\/\",\"https:\/\/www.instagram.com\/italia.machines\/\"]}]}<\/script>\n<!-- \/ Yoast SEO plugin. -->","yoast_head_json":{"title":"Soubassement gastronomique - 2|4|6|8 tiroirs - par Infrico | Italia Machines","robots":{"index":"index","follow":"follow","max-snippet":"max-snippet:-1","max-image-preview":"max-image-preview:large","max-video-preview":"max-video-preview:-1"},"canonical":"https:\/\/italiamachines.com\/en\/boutique\/restaurant-snack-et-pizzeria\/froid-conservation-pour-restauration\/table-a-pizza-pour-restauration\/soubassement-gastronomique-avec-tiroir-marque-infrico\/","og_locale":"en_US","og_type":"article","og_title":"Soubassement gastronomique - 2|4|6|8 tiroirs - par Infrico | Italia Machines","og_description":"Classification \u00e9nerg\u00e9tique :R-290 assurant une temp\u00e9rature int\u00e9rieure uniforme. Nouveau contr\u00f4leur digital num\u00e9rique tactile et intuitif IP65 avec une pr\u00e9cision de contr\u00f4le de temp\u00e9rature am\u00e9lior\u00e9e pour r\u00e9guler facilement les temp\u00e9ratures souhait\u00e9es. Structure compacte enti\u00e8rement inject\u00e9e avec isolation en polyur\u00e9thane de 70 mm d&rsquo;\u00e9paisseur, inject\u00e9e \u00e0 haute pression sans CFC, avec une densit\u00e9 de 40 Kg\/m3. Tiroirs&hellip;","og_url":"https:\/\/italiamachines.com\/en\/boutique\/restaurant-snack-et-pizzeria\/froid-conservation-pour-restauration\/table-a-pizza-pour-restauration\/soubassement-gastronomique-avec-tiroir-marque-infrico\/","og_site_name":"Italia Machines","article_publisher":"https:\/\/web.facebook.com\/italiamachines\/","article_modified_time":"2024-09-29T21:01:21+00:00","og_image":[{"width":400,"height":400,"url":"https:\/\/italiamachines.com\/wp-content\/uploads\/2023\/07\/MSG2000-2.jpeg","type":"image\/jpeg"}],"twitter_card":"summary_large_image","twitter_misc":{"Est. reading time":"1 minute"},"schema":{"@context":"https:\/\/schema.org","@graph":[{"@type":"WebPage","@id":"https:\/\/italiamachines.com\/boutique\/restaurant-snack-et-pizzeria\/froid-conservation-pour-restauration\/table-a-pizza-pour-restauration\/soubassement-gastronomique-avec-tiroir-marque-infrico\/","url":"https:\/\/italiamachines.com\/boutique\/restaurant-snack-et-pizzeria\/froid-conservation-pour-restauration\/table-a-pizza-pour-restauration\/soubassement-gastronomique-avec-tiroir-marque-infrico\/","name":"Soubassement gastronomique - 2|4|6|8 tiroirs - par Infrico | Italia Machines","isPartOf":{"@id":"https:\/\/italiamachines.com\/#website"},"primaryImageOfPage":{"@id":"https:\/\/italiamachines.com\/boutique\/restaurant-snack-et-pizzeria\/froid-conservation-pour-restauration\/table-a-pizza-pour-restauration\/soubassement-gastronomique-avec-tiroir-marque-infrico\/#primaryimage"},"image":{"@id":"https:\/\/italiamachines.com\/boutique\/restaurant-snack-et-pizzeria\/froid-conservation-pour-restauration\/table-a-pizza-pour-restauration\/soubassement-gastronomique-avec-tiroir-marque-infrico\/#primaryimage"},"thumbnailUrl":"https:\/\/italiamachines.com\/wp-content\/uploads\/2023\/07\/MSG2000-2.jpeg","datePublished":"2023-07-30T04:10:23+00:00","dateModified":"2024-09-29T21:01:21+00:00","breadcrumb":{"@id":"https:\/\/italiamachines.com\/boutique\/restaurant-snack-et-pizzeria\/froid-conservation-pour-restauration\/table-a-pizza-pour-restauration\/soubassement-gastronomique-avec-tiroir-marque-infrico\/#breadcrumb"},"inLanguage":"en-US","potentialAction":[{"@type":"ReadAction","target":["https:\/\/italiamachines.com\/boutique\/restaurant-snack-et-pizzeria\/froid-conservation-pour-restauration\/table-a-pizza-pour-restauration\/soubassement-gastronomique-avec-tiroir-marque-infrico\/"]}]},{"@type":"ImageObject","inLanguage":"en-US","@id":"https:\/\/italiamachines.com\/boutique\/restaurant-snack-et-pizzeria\/froid-conservation-pour-restauration\/table-a-pizza-pour-restauration\/soubassement-gastronomique-avec-tiroir-marque-infrico\/#primaryimage","url":"https:\/\/italiamachines.com\/wp-content\/uploads\/2023\/07\/MSG2000-2.jpeg","contentUrl":"https:\/\/italiamachines.com\/wp-content\/uploads\/2023\/07\/MSG2000-2.jpeg","width":400,"height":400,"caption":"Soubassement gastronomique"},{"@type":"BreadcrumbList","@id":"https:\/\/italiamachines.com\/boutique\/restaurant-snack-et-pizzeria\/froid-conservation-pour-restauration\/table-a-pizza-pour-restauration\/soubassement-gastronomique-avec-tiroir-marque-infrico\/#breadcrumb","itemListElement":[{"@type":"ListItem","position":1,"name":"Accueil","item":"https:\/\/italiamachines.com\/fr_fr\/"},{"@type":"ListItem","position":2,"name":"Boutique","item":"https:\/\/italiamachines.com\/boutique\/"},{"@type":"ListItem","position":3,"name":"Soubassement gastronomique &#8211; 2|4|6|8 tiroirs &#8211; par Infrico"}]},{"@type":"WebSite","@id":"https:\/\/italiamachines.com\/#website","url":"https:\/\/italiamachines.com\/","name":"Italia Machines","description":"L&#039;art de l&#039;\u00e9quipement HORECA","publisher":{"@id":"https:\/\/italiamachines.com\/#organization"},"potentialAction":[{"@type":"SearchAction","target":{"@type":"EntryPoint","urlTemplate":"https:\/\/italiamachines.com\/?s={search_term_string}"},"query-input":{"@type":"PropertyValueSpecification","valueRequired":true,"valueName":"search_term_string"}}],"inLanguage":"en-US"},{"@type":"Organization","@id":"https:\/\/italiamachines.com\/#organization","name":"italiamachines","url":"https:\/\/italiamachines.com\/","logo":{"@type":"ImageObject","inLanguage":"en-US","@id":"https:\/\/italiamachines.com\/#\/schema\/logo\/image\/","url":"https:\/\/italiamachines.com\/wp-content\/uploads\/2023\/08\/logo-web-1.png","contentUrl":"https:\/\/italiamachines.com\/wp-content\/uploads\/2023\/08\/logo-web-1.png","width":977,"height":254,"caption":"italiamachines"},"image":{"@id":"https:\/\/italiamachines.com\/#\/schema\/logo\/image\/"},"sameAs":["https:\/\/web.facebook.com\/italiamachines\/","https:\/\/www.instagram.com\/italia.machines\/"]}]}},"_links":{"self":[{"href":"https:\/\/italiamachines.com\/en\/wp-json\/wp\/v2\/product\/5075","targetHints":{"allow":["GET"]}}],"collection":[{"href":"https:\/\/italiamachines.com\/en\/wp-json\/wp\/v2\/product"}],"about":[{"href":"https:\/\/italiamachines.com\/en\/wp-json\/wp\/v2\/types\/product"}],"replies":[{"embeddable":true,"href":"https:\/\/italiamachines.com\/en\/wp-json\/wp\/v2\/comments?post=5075"}],"wp:featuredmedia":[{"embeddable":true,"href":"https:\/\/italiamachines.com\/en\/wp-json\/wp\/v2\/media\/8909"}],"wp:attachment":[{"href":"https:\/\/italiamachines.com\/en\/wp-json\/wp\/v2\/media?parent=5075"}],"wp:term":[{"taxonomy":"product_cat","embeddable":true,"href":"https:\/\/italiamachines.com\/en\/wp-json\/wp\/v2\/product_cat?post=5075"},{"taxonomy":"product_tag","embeddable":true,"href":"https:\/\/italiamachines.com\/en\/wp-json\/wp\/v2\/product_tag?post=5075"}],"curies":[{"name":"wp","href":"https:\/\/api.w.org\/{rel}","templated":true}]}}