{"id":5102,"date":"2023-07-30T04:12:40","date_gmt":"2023-07-30T04:12:40","guid":{"rendered":"https:\/\/prod.italiamachines.com\/product\/coupe-frite-9x9-mm-manuelle-marque-lors-dimensions-16x40x11cm\/"},"modified":"2025-05-27T01:12:51","modified_gmt":"2025-05-26T23:12:51","slug":"coupe-frite-9x9-mm-manuelle-marque-lors-dimensions-16x40x11cm","status":"publish","type":"product","link":"https:\/\/italiamachines.com\/en\/boutique\/accessoires\/coupe-frite-9x9-mm-manuelle-marque-lors-dimensions-16x40x11cm\/","title":{"rendered":"Coupe frite 9&#215;9 mm manuelle, marque Lors &#8211; Dimensions: 16x40x11cm"},"content":{"rendered":"<p>Peut \u00eatre mont\u00e9 sur la table de travail<br \/>\nConception \u00e9l\u00e9gante et ergonomique<\/p>","protected":false},"excerpt":{"rendered":"<p>Peut \u00eatre mont\u00e9 sur la table de travail Conception \u00e9l\u00e9gante et ergonomique<\/p>","protected":false},"featured_media":5101,"comment_status":"open","ping_status":"closed","template":"","meta":[],"product_cat":[57,112],"product_tag":[],"class_list":{"0":"post-5102","1":"product","2":"type-product","3":"status-publish","4":"has-post-thumbnail","6":"product_cat-accessoires","7":"product_cat-restaurant-snack-et-pizzeria","9":"first","10":"instock","11":"shipping-taxable","12":"purchasable","13":"product-type-simple","14":"col-xs-6 col-sm-4","15":"col-md-3 col-lg-3","16":"un-4-cols"},"yoast_head":"<!-- This site is optimized with the Yoast SEO plugin v26.6 - https:\/\/yoast.com\/wordpress\/plugins\/seo\/ -->\n<title>Coupe frite 9x9 mm manuelle, marque Lors - Dimensions: 16x40x11cm | Italia Machines<\/title>\n<meta name=\"robots\" content=\"index, follow, max-snippet:-1, max-image-preview:large, max-video-preview:-1\" \/>\n<link rel=\"canonical\" href=\"https:\/\/italiamachines.com\/en\/boutique\/accessoires\/coupe-frite-9x9-mm-manuelle-marque-lors-dimensions-16x40x11cm\/\" \/>\n<meta property=\"og:locale\" content=\"en_US\" \/>\n<meta property=\"og:type\" content=\"article\" \/>\n<meta property=\"og:title\" content=\"Coupe frite 9x9 mm manuelle, marque Lors - Dimensions: 16x40x11cm | Italia Machines\" \/>\n<meta property=\"og:description\" content=\"Peut \u00eatre mont\u00e9 sur la table de travail Conception \u00e9l\u00e9gante et ergonomique\" \/>\n<meta property=\"og:url\" content=\"https:\/\/italiamachines.com\/en\/boutique\/accessoires\/coupe-frite-9x9-mm-manuelle-marque-lors-dimensions-16x40x11cm\/\" \/>\n<meta property=\"og:site_name\" content=\"Italia Machines\" \/>\n<meta property=\"article:publisher\" content=\"https:\/\/web.facebook.com\/italiamachines\/\" \/>\n<meta property=\"article:modified_time\" content=\"2025-05-26T23:12:51+00:00\" \/>\n<meta property=\"og:image\" content=\"https:\/\/italiamachines.com\/wp-content\/uploads\/2023\/07\/PD01-1.jpeg\" \/>\n\t<meta property=\"og:image:width\" content=\"460\" \/>\n\t<meta property=\"og:image:height\" content=\"400\" \/>\n\t<meta property=\"og:image:type\" content=\"image\/jpeg\" \/>\n<meta name=\"twitter:card\" content=\"summary_large_image\" \/>\n<script type=\"application\/ld+json\" class=\"yoast-schema-graph\">{\"@context\":\"https:\/\/schema.org\",\"@graph\":[{\"@type\":\"WebPage\",\"@id\":\"https:\/\/italiamachines.com\/boutique\/accessoires\/coupe-frite-9x9-mm-manuelle-marque-lors-dimensions-16x40x11cm\/\",\"url\":\"https:\/\/italiamachines.com\/boutique\/accessoires\/coupe-frite-9x9-mm-manuelle-marque-lors-dimensions-16x40x11cm\/\",\"name\":\"Coupe frite 9x9 mm manuelle, marque Lors - Dimensions: 16x40x11cm | Italia Machines\",\"isPartOf\":{\"@id\":\"https:\/\/italiamachines.com\/#website\"},\"primaryImageOfPage\":{\"@id\":\"https:\/\/italiamachines.com\/boutique\/accessoires\/coupe-frite-9x9-mm-manuelle-marque-lors-dimensions-16x40x11cm\/#primaryimage\"},\"image\":{\"@id\":\"https:\/\/italiamachines.com\/boutique\/accessoires\/coupe-frite-9x9-mm-manuelle-marque-lors-dimensions-16x40x11cm\/#primaryimage\"},\"thumbnailUrl\":\"https:\/\/italiamachines.com\/wp-content\/uploads\/2023\/07\/PD01-1.jpeg\",\"datePublished\":\"2023-07-30T04:12:40+00:00\",\"dateModified\":\"2025-05-26T23:12:51+00:00\",\"breadcrumb\":{\"@id\":\"https:\/\/italiamachines.com\/boutique\/accessoires\/coupe-frite-9x9-mm-manuelle-marque-lors-dimensions-16x40x11cm\/#breadcrumb\"},\"inLanguage\":\"en-US\",\"potentialAction\":[{\"@type\":\"ReadAction\",\"target\":[\"https:\/\/italiamachines.com\/boutique\/accessoires\/coupe-frite-9x9-mm-manuelle-marque-lors-dimensions-16x40x11cm\/\"]}]},{\"@type\":\"ImageObject\",\"inLanguage\":\"en-US\",\"@id\":\"https:\/\/italiamachines.com\/boutique\/accessoires\/coupe-frite-9x9-mm-manuelle-marque-lors-dimensions-16x40x11cm\/#primaryimage\",\"url\":\"https:\/\/italiamachines.com\/wp-content\/uploads\/2023\/07\/PD01-1.jpeg\",\"contentUrl\":\"https:\/\/italiamachines.com\/wp-content\/uploads\/2023\/07\/PD01-1.jpeg\",\"width\":460,\"height\":400},{\"@type\":\"BreadcrumbList\",\"@id\":\"https:\/\/italiamachines.com\/boutique\/accessoires\/coupe-frite-9x9-mm-manuelle-marque-lors-dimensions-16x40x11cm\/#breadcrumb\",\"itemListElement\":[{\"@type\":\"ListItem\",\"position\":1,\"name\":\"Accueil\",\"item\":\"https:\/\/italiamachines.com\/fr_fr\/\"},{\"@type\":\"ListItem\",\"position\":2,\"name\":\"Boutique\",\"item\":\"https:\/\/italiamachines.com\/boutique\/\"},{\"@type\":\"ListItem\",\"position\":3,\"name\":\"Coupe frite 9&#215;9 mm manuelle, marque Lors &#8211; Dimensions: 16x40x11cm\"}]},{\"@type\":\"WebSite\",\"@id\":\"https:\/\/italiamachines.com\/#website\",\"url\":\"https:\/\/italiamachines.com\/\",\"name\":\"Italia Machines\",\"description\":\"L&#039;art de l&#039;\u00e9quipement HORECA\",\"publisher\":{\"@id\":\"https:\/\/italiamachines.com\/#organization\"},\"potentialAction\":[{\"@type\":\"SearchAction\",\"target\":{\"@type\":\"EntryPoint\",\"urlTemplate\":\"https:\/\/italiamachines.com\/?s={search_term_string}\"},\"query-input\":{\"@type\":\"PropertyValueSpecification\",\"valueRequired\":true,\"valueName\":\"search_term_string\"}}],\"inLanguage\":\"en-US\"},{\"@type\":\"Organization\",\"@id\":\"https:\/\/italiamachines.com\/#organization\",\"name\":\"italiamachines\",\"url\":\"https:\/\/italiamachines.com\/\",\"logo\":{\"@type\":\"ImageObject\",\"inLanguage\":\"en-US\",\"@id\":\"https:\/\/italiamachines.com\/#\/schema\/logo\/image\/\",\"url\":\"https:\/\/italiamachines.com\/wp-content\/uploads\/2023\/08\/logo-web-1.png\",\"contentUrl\":\"https:\/\/italiamachines.com\/wp-content\/uploads\/2023\/08\/logo-web-1.png\",\"width\":977,\"height\":254,\"caption\":\"italiamachines\"},\"image\":{\"@id\":\"https:\/\/italiamachines.com\/#\/schema\/logo\/image\/\"},\"sameAs\":[\"https:\/\/web.facebook.com\/italiamachines\/\",\"https:\/\/www.instagram.com\/italia.machines\/\"]}]}<\/script>\n<!-- \/ Yoast SEO plugin. -->","yoast_head_json":{"title":"Coupe frite 9x9 mm manuelle, marque Lors - Dimensions: 16x40x11cm | Italia Machines","robots":{"index":"index","follow":"follow","max-snippet":"max-snippet:-1","max-image-preview":"max-image-preview:large","max-video-preview":"max-video-preview:-1"},"canonical":"https:\/\/italiamachines.com\/en\/boutique\/accessoires\/coupe-frite-9x9-mm-manuelle-marque-lors-dimensions-16x40x11cm\/","og_locale":"en_US","og_type":"article","og_title":"Coupe frite 9x9 mm manuelle, marque Lors - Dimensions: 16x40x11cm | Italia Machines","og_description":"Peut \u00eatre mont\u00e9 sur la table de travail Conception \u00e9l\u00e9gante et ergonomique","og_url":"https:\/\/italiamachines.com\/en\/boutique\/accessoires\/coupe-frite-9x9-mm-manuelle-marque-lors-dimensions-16x40x11cm\/","og_site_name":"Italia Machines","article_publisher":"https:\/\/web.facebook.com\/italiamachines\/","article_modified_time":"2025-05-26T23:12:51+00:00","og_image":[{"width":460,"height":400,"url":"https:\/\/italiamachines.com\/wp-content\/uploads\/2023\/07\/PD01-1.jpeg","type":"image\/jpeg"}],"twitter_card":"summary_large_image","schema":{"@context":"https:\/\/schema.org","@graph":[{"@type":"WebPage","@id":"https:\/\/italiamachines.com\/boutique\/accessoires\/coupe-frite-9x9-mm-manuelle-marque-lors-dimensions-16x40x11cm\/","url":"https:\/\/italiamachines.com\/boutique\/accessoires\/coupe-frite-9x9-mm-manuelle-marque-lors-dimensions-16x40x11cm\/","name":"Coupe frite 9x9 mm manuelle, marque Lors - Dimensions: 16x40x11cm | Italia Machines","isPartOf":{"@id":"https:\/\/italiamachines.com\/#website"},"primaryImageOfPage":{"@id":"https:\/\/italiamachines.com\/boutique\/accessoires\/coupe-frite-9x9-mm-manuelle-marque-lors-dimensions-16x40x11cm\/#primaryimage"},"image":{"@id":"https:\/\/italiamachines.com\/boutique\/accessoires\/coupe-frite-9x9-mm-manuelle-marque-lors-dimensions-16x40x11cm\/#primaryimage"},"thumbnailUrl":"https:\/\/italiamachines.com\/wp-content\/uploads\/2023\/07\/PD01-1.jpeg","datePublished":"2023-07-30T04:12:40+00:00","dateModified":"2025-05-26T23:12:51+00:00","breadcrumb":{"@id":"https:\/\/italiamachines.com\/boutique\/accessoires\/coupe-frite-9x9-mm-manuelle-marque-lors-dimensions-16x40x11cm\/#breadcrumb"},"inLanguage":"en-US","potentialAction":[{"@type":"ReadAction","target":["https:\/\/italiamachines.com\/boutique\/accessoires\/coupe-frite-9x9-mm-manuelle-marque-lors-dimensions-16x40x11cm\/"]}]},{"@type":"ImageObject","inLanguage":"en-US","@id":"https:\/\/italiamachines.com\/boutique\/accessoires\/coupe-frite-9x9-mm-manuelle-marque-lors-dimensions-16x40x11cm\/#primaryimage","url":"https:\/\/italiamachines.com\/wp-content\/uploads\/2023\/07\/PD01-1.jpeg","contentUrl":"https:\/\/italiamachines.com\/wp-content\/uploads\/2023\/07\/PD01-1.jpeg","width":460,"height":400},{"@type":"BreadcrumbList","@id":"https:\/\/italiamachines.com\/boutique\/accessoires\/coupe-frite-9x9-mm-manuelle-marque-lors-dimensions-16x40x11cm\/#breadcrumb","itemListElement":[{"@type":"ListItem","position":1,"name":"Accueil","item":"https:\/\/italiamachines.com\/fr_fr\/"},{"@type":"ListItem","position":2,"name":"Boutique","item":"https:\/\/italiamachines.com\/boutique\/"},{"@type":"ListItem","position":3,"name":"Coupe frite 9&#215;9 mm manuelle, marque Lors &#8211; Dimensions: 16x40x11cm"}]},{"@type":"WebSite","@id":"https:\/\/italiamachines.com\/#website","url":"https:\/\/italiamachines.com\/","name":"Italia Machines","description":"L&#039;art de l&#039;\u00e9quipement HORECA","publisher":{"@id":"https:\/\/italiamachines.com\/#organization"},"potentialAction":[{"@type":"SearchAction","target":{"@type":"EntryPoint","urlTemplate":"https:\/\/italiamachines.com\/?s={search_term_string}"},"query-input":{"@type":"PropertyValueSpecification","valueRequired":true,"valueName":"search_term_string"}}],"inLanguage":"en-US"},{"@type":"Organization","@id":"https:\/\/italiamachines.com\/#organization","name":"italiamachines","url":"https:\/\/italiamachines.com\/","logo":{"@type":"ImageObject","inLanguage":"en-US","@id":"https:\/\/italiamachines.com\/#\/schema\/logo\/image\/","url":"https:\/\/italiamachines.com\/wp-content\/uploads\/2023\/08\/logo-web-1.png","contentUrl":"https:\/\/italiamachines.com\/wp-content\/uploads\/2023\/08\/logo-web-1.png","width":977,"height":254,"caption":"italiamachines"},"image":{"@id":"https:\/\/italiamachines.com\/#\/schema\/logo\/image\/"},"sameAs":["https:\/\/web.facebook.com\/italiamachines\/","https:\/\/www.instagram.com\/italia.machines\/"]}]}},"_links":{"self":[{"href":"https:\/\/italiamachines.com\/en\/wp-json\/wp\/v2\/product\/5102","targetHints":{"allow":["GET"]}}],"collection":[{"href":"https:\/\/italiamachines.com\/en\/wp-json\/wp\/v2\/product"}],"about":[{"href":"https:\/\/italiamachines.com\/en\/wp-json\/wp\/v2\/types\/product"}],"replies":[{"embeddable":true,"href":"https:\/\/italiamachines.com\/en\/wp-json\/wp\/v2\/comments?post=5102"}],"wp:featuredmedia":[{"embeddable":true,"href":"https:\/\/italiamachines.com\/en\/wp-json\/wp\/v2\/media\/5101"}],"wp:attachment":[{"href":"https:\/\/italiamachines.com\/en\/wp-json\/wp\/v2\/media?parent=5102"}],"wp:term":[{"taxonomy":"product_cat","embeddable":true,"href":"https:\/\/italiamachines.com\/en\/wp-json\/wp\/v2\/product_cat?post=5102"},{"taxonomy":"product_tag","embeddable":true,"href":"https:\/\/italiamachines.com\/en\/wp-json\/wp\/v2\/product_tag?post=5102"}],"curies":[{"name":"wp","href":"https:\/\/api.w.org\/{rel}","templated":true}]}}