{"id":5163,"date":"2023-07-30T04:15:28","date_gmt":"2023-07-30T04:15:28","guid":{"rendered":"https:\/\/prod.italiamachines.com\/product\/plateau-de-balance-en-acier-inoxydable-capacite-150kg-chassis-mono-capteur-renforce-tube-rond-en-acier-inoxydable-connectable-avec-tout-indicateur-analogique-dimensions-400x500\/"},"modified":"2025-11-15T09:59:40","modified_gmt":"2025-11-15T08:59:40","slug":"plateau-de-balance-en-acier-inoxydable-capacite-150kg-chassis-mono-capteur-renforce-tube-rond-en-acier-inoxydable-connectable-avec-tout-indicateur-analogique-dimensions-400x500","status":"publish","type":"product","link":"https:\/\/italiamachines.com\/en\/boutique\/restaurant-snack-et-pizzeria\/balance\/plateau-de-balance-en-acier-inoxydable-capacite-150kg-chassis-mono-capteur-renforce-tube-rond-en-acier-inoxydable-connectable-avec-tout-indicateur-analogique-dimensions-400x500\/","title":{"rendered":"Plateau de balance en acier inoxydable &#8211; capteur renforc\u00e9 connectable avec tout indicateur analogique"},"content":{"rendered":"<p>Poids net total (kg) : 7,4.<br \/>\nIndicateur en ABS, haute r\u00e9sistance avec structure interne renforc\u00e9e, multi-positions.<br \/>\n\u00c9cran LCD r\u00e9tro-\u00e9clair\u00e9 tr\u00e8s lumineux.<br \/>\n4 niveaux de fonction auto hold pour peser des objets de grande taille.<br \/>\nFonction de v\u00e9rification haute\/ok\/basse, avec indication visuelle et sonore.<br \/>\nM\u00e9moire de 20 tares num\u00e9riques.<br \/>\nM\u00e9moire de 100 produits pour fonction compte-pi\u00e8ces.<br \/>\nConnexion pour imprimante, PC ou \u00e9cran \u00e0 distance (optionnel).<br \/>\nAuto d\u00e9connexion programmable.<br \/>\nSupport indicateur amovible, avec des crochets pour le c\u00e2ble et 120 cm de c\u00e2ble.<br \/>\nPlateforme en acier peint \u00e9poxy avec plateau en acier inoxydable de haute r\u00e9sistance.<br \/>\nLa balance Gram K3T-30SE est disponible au Maroc chez A2B-Lab Instruments de mesure.<\/p>","protected":false},"excerpt":{"rendered":"<p>Poids net total (kg) : 7,4. Indicateur en ABS, haute r\u00e9sistance avec structure interne renforc\u00e9e, multi-positions. \u00c9cran LCD r\u00e9tro-\u00e9clair\u00e9 tr\u00e8s lumineux. 4 niveaux de fonction auto hold pour peser des objets de grande taille. Fonction de v\u00e9rification haute\/ok\/basse, avec indication visuelle et sonore. M\u00e9moire de 20 tares num\u00e9riques. M\u00e9moire de 100 produits pour fonction compte-pi\u00e8ces.&hellip;<\/p>","protected":false},"featured_media":5162,"comment_status":"open","ping_status":"closed","template":"","meta":[],"product_cat":[151,152,63,74,112],"product_tag":[],"class_list":{"0":"post-5163","1":"product","2":"type-product","3":"status-publish","4":"has-post-thumbnail","6":"product_cat-balance","7":"product_cat-balance-pour-fromagerie","8":"product_cat-boucherie","9":"product_cat-fromagerie-et-epicerie-fine","10":"product_cat-restaurant-snack-et-pizzeria","11":"product-has-variation-images","13":"first","14":"instock","15":"shipping-taxable","16":"purchasable","17":"product-type-variable","18":"col-xs-6 col-sm-4","19":"col-md-3 col-lg-3","20":"un-4-cols"},"yoast_head":"<!-- This site is optimized with the Yoast SEO plugin v26.6 - https:\/\/yoast.com\/wordpress\/plugins\/seo\/ -->\n<title>Plateau de balance en acier inoxydable - capteur renforc\u00e9 connectable avec tout indicateur analogique | Italia Machines<\/title>\n<meta name=\"robots\" content=\"index, follow, max-snippet:-1, max-image-preview:large, max-video-preview:-1\" \/>\n<link rel=\"canonical\" href=\"https:\/\/italiamachines.com\/en\/boutique\/restaurant-snack-et-pizzeria\/balance\/plateau-de-balance-en-acier-inoxydable-capacite-150kg-chassis-mono-capteur-renforce-tube-rond-en-acier-inoxydable-connectable-avec-tout-indicateur-analogique-dimensions-400x500\/\" \/>\n<meta property=\"og:locale\" content=\"en_US\" \/>\n<meta property=\"og:type\" content=\"article\" \/>\n<meta property=\"og:title\" content=\"Plateau de balance en acier inoxydable - capteur renforc\u00e9 connectable avec tout indicateur analogique | Italia Machines\" \/>\n<meta property=\"og:description\" content=\"Poids net total (kg) : 7,4. Indicateur en ABS, haute r\u00e9sistance avec structure interne renforc\u00e9e, multi-positions. \u00c9cran LCD r\u00e9tro-\u00e9clair\u00e9 tr\u00e8s lumineux. 4 niveaux de fonction auto hold pour peser des objets de grande taille. Fonction de v\u00e9rification haute\/ok\/basse, avec indication visuelle et sonore. M\u00e9moire de 20 tares num\u00e9riques. M\u00e9moire de 100 produits pour fonction compte-pi\u00e8ces.&hellip;\" \/>\n<meta property=\"og:url\" content=\"https:\/\/italiamachines.com\/en\/boutique\/restaurant-snack-et-pizzeria\/balance\/plateau-de-balance-en-acier-inoxydable-capacite-150kg-chassis-mono-capteur-renforce-tube-rond-en-acier-inoxydable-connectable-avec-tout-indicateur-analogique-dimensions-400x500\/\" \/>\n<meta property=\"og:site_name\" content=\"Italia Machines\" \/>\n<meta property=\"article:publisher\" content=\"https:\/\/web.facebook.com\/italiamachines\/\" \/>\n<meta property=\"article:modified_time\" content=\"2025-11-15T08:59:40+00:00\" \/>\n<meta property=\"og:image\" content=\"https:\/\/italiamachines.com\/wp-content\/uploads\/2023\/07\/PR4050-60.jpeg\" \/>\n\t<meta property=\"og:image:width\" content=\"800\" \/>\n\t<meta property=\"og:image:height\" content=\"600\" \/>\n\t<meta property=\"og:image:type\" content=\"image\/jpeg\" \/>\n<meta name=\"twitter:card\" content=\"summary_large_image\" \/>\n<meta name=\"twitter:label1\" content=\"Est. reading time\" \/>\n\t<meta name=\"twitter:data1\" content=\"1 minute\" \/>\n<script type=\"application\/ld+json\" class=\"yoast-schema-graph\">{\"@context\":\"https:\/\/schema.org\",\"@graph\":[{\"@type\":\"WebPage\",\"@id\":\"https:\/\/italiamachines.com\/boutique\/restaurant-snack-et-pizzeria\/balance\/plateau-de-balance-en-acier-inoxydable-capacite-150kg-chassis-mono-capteur-renforce-tube-rond-en-acier-inoxydable-connectable-avec-tout-indicateur-analogique-dimensions-400x500\/\",\"url\":\"https:\/\/italiamachines.com\/boutique\/restaurant-snack-et-pizzeria\/balance\/plateau-de-balance-en-acier-inoxydable-capacite-150kg-chassis-mono-capteur-renforce-tube-rond-en-acier-inoxydable-connectable-avec-tout-indicateur-analogique-dimensions-400x500\/\",\"name\":\"Plateau de balance en acier inoxydable - capteur renforc\u00e9 connectable avec tout indicateur analogique | Italia Machines\",\"isPartOf\":{\"@id\":\"https:\/\/italiamachines.com\/#website\"},\"primaryImageOfPage\":{\"@id\":\"https:\/\/italiamachines.com\/boutique\/restaurant-snack-et-pizzeria\/balance\/plateau-de-balance-en-acier-inoxydable-capacite-150kg-chassis-mono-capteur-renforce-tube-rond-en-acier-inoxydable-connectable-avec-tout-indicateur-analogique-dimensions-400x500\/#primaryimage\"},\"image\":{\"@id\":\"https:\/\/italiamachines.com\/boutique\/restaurant-snack-et-pizzeria\/balance\/plateau-de-balance-en-acier-inoxydable-capacite-150kg-chassis-mono-capteur-renforce-tube-rond-en-acier-inoxydable-connectable-avec-tout-indicateur-analogique-dimensions-400x500\/#primaryimage\"},\"thumbnailUrl\":\"https:\/\/italiamachines.com\/wp-content\/uploads\/2023\/07\/PR4050-60.jpeg\",\"datePublished\":\"2023-07-30T04:15:28+00:00\",\"dateModified\":\"2025-11-15T08:59:40+00:00\",\"breadcrumb\":{\"@id\":\"https:\/\/italiamachines.com\/boutique\/restaurant-snack-et-pizzeria\/balance\/plateau-de-balance-en-acier-inoxydable-capacite-150kg-chassis-mono-capteur-renforce-tube-rond-en-acier-inoxydable-connectable-avec-tout-indicateur-analogique-dimensions-400x500\/#breadcrumb\"},\"inLanguage\":\"en-US\",\"potentialAction\":[{\"@type\":\"ReadAction\",\"target\":[\"https:\/\/italiamachines.com\/boutique\/restaurant-snack-et-pizzeria\/balance\/plateau-de-balance-en-acier-inoxydable-capacite-150kg-chassis-mono-capteur-renforce-tube-rond-en-acier-inoxydable-connectable-avec-tout-indicateur-analogique-dimensions-400x500\/\"]}]},{\"@type\":\"ImageObject\",\"inLanguage\":\"en-US\",\"@id\":\"https:\/\/italiamachines.com\/boutique\/restaurant-snack-et-pizzeria\/balance\/plateau-de-balance-en-acier-inoxydable-capacite-150kg-chassis-mono-capteur-renforce-tube-rond-en-acier-inoxydable-connectable-avec-tout-indicateur-analogique-dimensions-400x500\/#primaryimage\",\"url\":\"https:\/\/italiamachines.com\/wp-content\/uploads\/2023\/07\/PR4050-60.jpeg\",\"contentUrl\":\"https:\/\/italiamachines.com\/wp-content\/uploads\/2023\/07\/PR4050-60.jpeg\",\"width\":800,\"height\":600},{\"@type\":\"BreadcrumbList\",\"@id\":\"https:\/\/italiamachines.com\/boutique\/restaurant-snack-et-pizzeria\/balance\/plateau-de-balance-en-acier-inoxydable-capacite-150kg-chassis-mono-capteur-renforce-tube-rond-en-acier-inoxydable-connectable-avec-tout-indicateur-analogique-dimensions-400x500\/#breadcrumb\",\"itemListElement\":[{\"@type\":\"ListItem\",\"position\":1,\"name\":\"Accueil\",\"item\":\"https:\/\/italiamachines.com\/fr_fr\/\"},{\"@type\":\"ListItem\",\"position\":2,\"name\":\"Boutique\",\"item\":\"https:\/\/italiamachines.com\/boutique\/\"},{\"@type\":\"ListItem\",\"position\":3,\"name\":\"Plateau de balance en acier inoxydable &#8211; capteur renforc\u00e9 connectable avec tout indicateur analogique\"}]},{\"@type\":\"WebSite\",\"@id\":\"https:\/\/italiamachines.com\/#website\",\"url\":\"https:\/\/italiamachines.com\/\",\"name\":\"Italia Machines\",\"description\":\"L&#039;art de l&#039;\u00e9quipement HORECA\",\"publisher\":{\"@id\":\"https:\/\/italiamachines.com\/#organization\"},\"potentialAction\":[{\"@type\":\"SearchAction\",\"target\":{\"@type\":\"EntryPoint\",\"urlTemplate\":\"https:\/\/italiamachines.com\/?s={search_term_string}\"},\"query-input\":{\"@type\":\"PropertyValueSpecification\",\"valueRequired\":true,\"valueName\":\"search_term_string\"}}],\"inLanguage\":\"en-US\"},{\"@type\":\"Organization\",\"@id\":\"https:\/\/italiamachines.com\/#organization\",\"name\":\"italiamachines\",\"url\":\"https:\/\/italiamachines.com\/\",\"logo\":{\"@type\":\"ImageObject\",\"inLanguage\":\"en-US\",\"@id\":\"https:\/\/italiamachines.com\/#\/schema\/logo\/image\/\",\"url\":\"https:\/\/italiamachines.com\/wp-content\/uploads\/2023\/08\/logo-web-1.png\",\"contentUrl\":\"https:\/\/italiamachines.com\/wp-content\/uploads\/2023\/08\/logo-web-1.png\",\"width\":977,\"height\":254,\"caption\":\"italiamachines\"},\"image\":{\"@id\":\"https:\/\/italiamachines.com\/#\/schema\/logo\/image\/\"},\"sameAs\":[\"https:\/\/web.facebook.com\/italiamachines\/\",\"https:\/\/www.instagram.com\/italia.machines\/\"]}]}<\/script>\n<!-- \/ Yoast SEO plugin. -->","yoast_head_json":{"title":"Plateau de balance en acier inoxydable - capteur renforc\u00e9 connectable avec tout indicateur analogique | Italia Machines","robots":{"index":"index","follow":"follow","max-snippet":"max-snippet:-1","max-image-preview":"max-image-preview:large","max-video-preview":"max-video-preview:-1"},"canonical":"https:\/\/italiamachines.com\/en\/boutique\/restaurant-snack-et-pizzeria\/balance\/plateau-de-balance-en-acier-inoxydable-capacite-150kg-chassis-mono-capteur-renforce-tube-rond-en-acier-inoxydable-connectable-avec-tout-indicateur-analogique-dimensions-400x500\/","og_locale":"en_US","og_type":"article","og_title":"Plateau de balance en acier inoxydable - capteur renforc\u00e9 connectable avec tout indicateur analogique | Italia Machines","og_description":"Poids net total (kg) : 7,4. Indicateur en ABS, haute r\u00e9sistance avec structure interne renforc\u00e9e, multi-positions. \u00c9cran LCD r\u00e9tro-\u00e9clair\u00e9 tr\u00e8s lumineux. 4 niveaux de fonction auto hold pour peser des objets de grande taille. Fonction de v\u00e9rification haute\/ok\/basse, avec indication visuelle et sonore. M\u00e9moire de 20 tares num\u00e9riques. M\u00e9moire de 100 produits pour fonction compte-pi\u00e8ces.&hellip;","og_url":"https:\/\/italiamachines.com\/en\/boutique\/restaurant-snack-et-pizzeria\/balance\/plateau-de-balance-en-acier-inoxydable-capacite-150kg-chassis-mono-capteur-renforce-tube-rond-en-acier-inoxydable-connectable-avec-tout-indicateur-analogique-dimensions-400x500\/","og_site_name":"Italia Machines","article_publisher":"https:\/\/web.facebook.com\/italiamachines\/","article_modified_time":"2025-11-15T08:59:40+00:00","og_image":[{"width":800,"height":600,"url":"https:\/\/italiamachines.com\/wp-content\/uploads\/2023\/07\/PR4050-60.jpeg","type":"image\/jpeg"}],"twitter_card":"summary_large_image","twitter_misc":{"Est. reading time":"1 minute"},"schema":{"@context":"https:\/\/schema.org","@graph":[{"@type":"WebPage","@id":"https:\/\/italiamachines.com\/boutique\/restaurant-snack-et-pizzeria\/balance\/plateau-de-balance-en-acier-inoxydable-capacite-150kg-chassis-mono-capteur-renforce-tube-rond-en-acier-inoxydable-connectable-avec-tout-indicateur-analogique-dimensions-400x500\/","url":"https:\/\/italiamachines.com\/boutique\/restaurant-snack-et-pizzeria\/balance\/plateau-de-balance-en-acier-inoxydable-capacite-150kg-chassis-mono-capteur-renforce-tube-rond-en-acier-inoxydable-connectable-avec-tout-indicateur-analogique-dimensions-400x500\/","name":"Plateau de balance en acier inoxydable - capteur renforc\u00e9 connectable avec tout indicateur analogique | Italia Machines","isPartOf":{"@id":"https:\/\/italiamachines.com\/#website"},"primaryImageOfPage":{"@id":"https:\/\/italiamachines.com\/boutique\/restaurant-snack-et-pizzeria\/balance\/plateau-de-balance-en-acier-inoxydable-capacite-150kg-chassis-mono-capteur-renforce-tube-rond-en-acier-inoxydable-connectable-avec-tout-indicateur-analogique-dimensions-400x500\/#primaryimage"},"image":{"@id":"https:\/\/italiamachines.com\/boutique\/restaurant-snack-et-pizzeria\/balance\/plateau-de-balance-en-acier-inoxydable-capacite-150kg-chassis-mono-capteur-renforce-tube-rond-en-acier-inoxydable-connectable-avec-tout-indicateur-analogique-dimensions-400x500\/#primaryimage"},"thumbnailUrl":"https:\/\/italiamachines.com\/wp-content\/uploads\/2023\/07\/PR4050-60.jpeg","datePublished":"2023-07-30T04:15:28+00:00","dateModified":"2025-11-15T08:59:40+00:00","breadcrumb":{"@id":"https:\/\/italiamachines.com\/boutique\/restaurant-snack-et-pizzeria\/balance\/plateau-de-balance-en-acier-inoxydable-capacite-150kg-chassis-mono-capteur-renforce-tube-rond-en-acier-inoxydable-connectable-avec-tout-indicateur-analogique-dimensions-400x500\/#breadcrumb"},"inLanguage":"en-US","potentialAction":[{"@type":"ReadAction","target":["https:\/\/italiamachines.com\/boutique\/restaurant-snack-et-pizzeria\/balance\/plateau-de-balance-en-acier-inoxydable-capacite-150kg-chassis-mono-capteur-renforce-tube-rond-en-acier-inoxydable-connectable-avec-tout-indicateur-analogique-dimensions-400x500\/"]}]},{"@type":"ImageObject","inLanguage":"en-US","@id":"https:\/\/italiamachines.com\/boutique\/restaurant-snack-et-pizzeria\/balance\/plateau-de-balance-en-acier-inoxydable-capacite-150kg-chassis-mono-capteur-renforce-tube-rond-en-acier-inoxydable-connectable-avec-tout-indicateur-analogique-dimensions-400x500\/#primaryimage","url":"https:\/\/italiamachines.com\/wp-content\/uploads\/2023\/07\/PR4050-60.jpeg","contentUrl":"https:\/\/italiamachines.com\/wp-content\/uploads\/2023\/07\/PR4050-60.jpeg","width":800,"height":600},{"@type":"BreadcrumbList","@id":"https:\/\/italiamachines.com\/boutique\/restaurant-snack-et-pizzeria\/balance\/plateau-de-balance-en-acier-inoxydable-capacite-150kg-chassis-mono-capteur-renforce-tube-rond-en-acier-inoxydable-connectable-avec-tout-indicateur-analogique-dimensions-400x500\/#breadcrumb","itemListElement":[{"@type":"ListItem","position":1,"name":"Accueil","item":"https:\/\/italiamachines.com\/fr_fr\/"},{"@type":"ListItem","position":2,"name":"Boutique","item":"https:\/\/italiamachines.com\/boutique\/"},{"@type":"ListItem","position":3,"name":"Plateau de balance en acier inoxydable &#8211; capteur renforc\u00e9 connectable avec tout indicateur analogique"}]},{"@type":"WebSite","@id":"https:\/\/italiamachines.com\/#website","url":"https:\/\/italiamachines.com\/","name":"Italia Machines","description":"L&#039;art de l&#039;\u00e9quipement HORECA","publisher":{"@id":"https:\/\/italiamachines.com\/#organization"},"potentialAction":[{"@type":"SearchAction","target":{"@type":"EntryPoint","urlTemplate":"https:\/\/italiamachines.com\/?s={search_term_string}"},"query-input":{"@type":"PropertyValueSpecification","valueRequired":true,"valueName":"search_term_string"}}],"inLanguage":"en-US"},{"@type":"Organization","@id":"https:\/\/italiamachines.com\/#organization","name":"italiamachines","url":"https:\/\/italiamachines.com\/","logo":{"@type":"ImageObject","inLanguage":"en-US","@id":"https:\/\/italiamachines.com\/#\/schema\/logo\/image\/","url":"https:\/\/italiamachines.com\/wp-content\/uploads\/2023\/08\/logo-web-1.png","contentUrl":"https:\/\/italiamachines.com\/wp-content\/uploads\/2023\/08\/logo-web-1.png","width":977,"height":254,"caption":"italiamachines"},"image":{"@id":"https:\/\/italiamachines.com\/#\/schema\/logo\/image\/"},"sameAs":["https:\/\/web.facebook.com\/italiamachines\/","https:\/\/www.instagram.com\/italia.machines\/"]}]}},"_links":{"self":[{"href":"https:\/\/italiamachines.com\/en\/wp-json\/wp\/v2\/product\/5163","targetHints":{"allow":["GET"]}}],"collection":[{"href":"https:\/\/italiamachines.com\/en\/wp-json\/wp\/v2\/product"}],"about":[{"href":"https:\/\/italiamachines.com\/en\/wp-json\/wp\/v2\/types\/product"}],"replies":[{"embeddable":true,"href":"https:\/\/italiamachines.com\/en\/wp-json\/wp\/v2\/comments?post=5163"}],"wp:featuredmedia":[{"embeddable":true,"href":"https:\/\/italiamachines.com\/en\/wp-json\/wp\/v2\/media\/5162"}],"wp:attachment":[{"href":"https:\/\/italiamachines.com\/en\/wp-json\/wp\/v2\/media?parent=5163"}],"wp:term":[{"taxonomy":"product_cat","embeddable":true,"href":"https:\/\/italiamachines.com\/en\/wp-json\/wp\/v2\/product_cat?post=5163"},{"taxonomy":"product_tag","embeddable":true,"href":"https:\/\/italiamachines.com\/en\/wp-json\/wp\/v2\/product_tag?post=5163"}],"curies":[{"name":"wp","href":"https:\/\/api.w.org\/{rel}","templated":true}]}}