{"id":5179,"date":"2023-07-30T04:16:36","date_gmt":"2023-07-30T04:16:36","guid":{"rendered":"https:\/\/prod.italiamachines.com\/product\/laminoir-q600-sur-socle-dimensions-600x1200-marque-ram-italie\/"},"modified":"2024-09-28T22:12:15","modified_gmt":"2024-09-28T20:12:15","slug":"laminoir-q600-sur-socle-dimensions-600x1200-marque-ram-italie","status":"publish","type":"product","link":"https:\/\/italiamachines.com\/en\/boutique\/boulangerie-et-patisserie\/patisserie\/laminoir\/laminoir-q600-sur-socle-dimensions-600x1200-marque-ram-italie\/","title":{"rendered":"Laminoir Q600 sur socle &#8211; Dimensions: 60x120cm -par RAM Italie"},"content":{"rendered":"<p>La laminoir d&rsquo;excellence. Il est dot\u00e9 d&rsquo;un bras basculant pratique et ergonomique ainsi que de p\u00e9dales pour inverser le sens des courroies.<br \/>\nLes tables \u00e0 convoyeur de la Queen 600 peuvent \u00eatre repli\u00e9es et facilement retir\u00e9es. Sa structure robuste et ses grands cylindres garantissent des performances de laminage de haute qualit\u00e9, ainsi que la fiabilit\u00e9 et une longue dur\u00e9e de vie.<br \/>\nLes racloirs, ainsi que toutes les autres pi\u00e8ces n\u00e9cessitant un nettoyage p\u00e9riodique, sont facilement accessibles \u00e0 l&rsquo;op\u00e9rateur.<br \/>\nLa machine est \u00e9quip\u00e9e de surfaces de travail et d&rsquo;un bac de r\u00e9cup\u00e9ration de farine.<\/p>","protected":false},"excerpt":{"rendered":"<p>La laminoir d&rsquo;excellence. Il est dot\u00e9 d&rsquo;un bras basculant pratique et ergonomique ainsi que de p\u00e9dales pour inverser le sens des courroies. Les tables \u00e0 convoyeur de la Queen 600 peuvent \u00eatre repli\u00e9es et facilement retir\u00e9es. Sa structure robuste et ses grands cylindres garantissent des performances de laminage de haute qualit\u00e9, ainsi que la fiabilit\u00e9&hellip;<\/p>","protected":false},"featured_media":5178,"comment_status":"open","ping_status":"closed","template":"","meta":[],"product_cat":[206,97],"product_tag":[],"class_list":{"0":"post-5179","1":"product","2":"type-product","3":"status-publish","4":"has-post-thumbnail","6":"product_cat-laminoir","7":"product_cat-patisserie","9":"first","10":"instock","11":"shipping-taxable","12":"purchasable","13":"product-type-simple","14":"col-xs-6 col-sm-4","15":"col-md-3 col-lg-3","16":"un-4-cols"},"yoast_head":"<!-- This site is optimized with the Yoast SEO plugin v26.6 - https:\/\/yoast.com\/wordpress\/plugins\/seo\/ -->\n<title>Laminoir Q600 sur socle - Dimensions: 60x120cm -par RAM Italie | Italia Machines<\/title>\n<meta name=\"robots\" content=\"index, follow, max-snippet:-1, max-image-preview:large, max-video-preview:-1\" \/>\n<link rel=\"canonical\" href=\"https:\/\/italiamachines.com\/en\/boutique\/boulangerie-et-patisserie\/patisserie\/laminoir\/laminoir-q600-sur-socle-dimensions-600x1200-marque-ram-italie\/\" \/>\n<meta property=\"og:locale\" content=\"en_US\" \/>\n<meta property=\"og:type\" content=\"article\" \/>\n<meta property=\"og:title\" content=\"Laminoir Q600 sur socle - Dimensions: 60x120cm -par RAM Italie | Italia Machines\" \/>\n<meta property=\"og:description\" content=\"La laminoir d&rsquo;excellence. Il est dot\u00e9 d&rsquo;un bras basculant pratique et ergonomique ainsi que de p\u00e9dales pour inverser le sens des courroies. Les tables \u00e0 convoyeur de la Queen 600 peuvent \u00eatre repli\u00e9es et facilement retir\u00e9es. Sa structure robuste et ses grands cylindres garantissent des performances de laminage de haute qualit\u00e9, ainsi que la fiabilit\u00e9&hellip;\" \/>\n<meta property=\"og:url\" content=\"https:\/\/italiamachines.com\/en\/boutique\/boulangerie-et-patisserie\/patisserie\/laminoir\/laminoir-q600-sur-socle-dimensions-600x1200-marque-ram-italie\/\" \/>\n<meta property=\"og:site_name\" content=\"Italia Machines\" \/>\n<meta property=\"article:publisher\" content=\"https:\/\/web.facebook.com\/italiamachines\/\" \/>\n<meta property=\"article:modified_time\" content=\"2024-09-28T20:12:15+00:00\" \/>\n<meta property=\"og:image\" content=\"https:\/\/italiamachines.com\/wp-content\/uploads\/2023\/07\/Q600-1.jpeg\" \/>\n\t<meta property=\"og:image:width\" content=\"400\" \/>\n\t<meta property=\"og:image:height\" content=\"250\" \/>\n\t<meta property=\"og:image:type\" content=\"image\/jpeg\" \/>\n<meta name=\"twitter:card\" content=\"summary_large_image\" \/>\n<meta name=\"twitter:label1\" content=\"Est. reading time\" \/>\n\t<meta name=\"twitter:data1\" content=\"1 minute\" \/>\n<script type=\"application\/ld+json\" class=\"yoast-schema-graph\">{\"@context\":\"https:\/\/schema.org\",\"@graph\":[{\"@type\":\"WebPage\",\"@id\":\"https:\/\/italiamachines.com\/boutique\/boulangerie-et-patisserie\/patisserie\/laminoir\/laminoir-q600-sur-socle-dimensions-600x1200-marque-ram-italie\/\",\"url\":\"https:\/\/italiamachines.com\/boutique\/boulangerie-et-patisserie\/patisserie\/laminoir\/laminoir-q600-sur-socle-dimensions-600x1200-marque-ram-italie\/\",\"name\":\"Laminoir Q600 sur socle - Dimensions: 60x120cm -par RAM Italie | Italia Machines\",\"isPartOf\":{\"@id\":\"https:\/\/italiamachines.com\/#website\"},\"primaryImageOfPage\":{\"@id\":\"https:\/\/italiamachines.com\/boutique\/boulangerie-et-patisserie\/patisserie\/laminoir\/laminoir-q600-sur-socle-dimensions-600x1200-marque-ram-italie\/#primaryimage\"},\"image\":{\"@id\":\"https:\/\/italiamachines.com\/boutique\/boulangerie-et-patisserie\/patisserie\/laminoir\/laminoir-q600-sur-socle-dimensions-600x1200-marque-ram-italie\/#primaryimage\"},\"thumbnailUrl\":\"https:\/\/italiamachines.com\/wp-content\/uploads\/2023\/07\/Q600-1.jpeg\",\"datePublished\":\"2023-07-30T04:16:36+00:00\",\"dateModified\":\"2024-09-28T20:12:15+00:00\",\"breadcrumb\":{\"@id\":\"https:\/\/italiamachines.com\/boutique\/boulangerie-et-patisserie\/patisserie\/laminoir\/laminoir-q600-sur-socle-dimensions-600x1200-marque-ram-italie\/#breadcrumb\"},\"inLanguage\":\"en-US\",\"potentialAction\":[{\"@type\":\"ReadAction\",\"target\":[\"https:\/\/italiamachines.com\/boutique\/boulangerie-et-patisserie\/patisserie\/laminoir\/laminoir-q600-sur-socle-dimensions-600x1200-marque-ram-italie\/\"]}]},{\"@type\":\"ImageObject\",\"inLanguage\":\"en-US\",\"@id\":\"https:\/\/italiamachines.com\/boutique\/boulangerie-et-patisserie\/patisserie\/laminoir\/laminoir-q600-sur-socle-dimensions-600x1200-marque-ram-italie\/#primaryimage\",\"url\":\"https:\/\/italiamachines.com\/wp-content\/uploads\/2023\/07\/Q600-1.jpeg\",\"contentUrl\":\"https:\/\/italiamachines.com\/wp-content\/uploads\/2023\/07\/Q600-1.jpeg\",\"width\":400,\"height\":250},{\"@type\":\"BreadcrumbList\",\"@id\":\"https:\/\/italiamachines.com\/boutique\/boulangerie-et-patisserie\/patisserie\/laminoir\/laminoir-q600-sur-socle-dimensions-600x1200-marque-ram-italie\/#breadcrumb\",\"itemListElement\":[{\"@type\":\"ListItem\",\"position\":1,\"name\":\"Accueil\",\"item\":\"https:\/\/italiamachines.com\/fr_fr\/\"},{\"@type\":\"ListItem\",\"position\":2,\"name\":\"Boutique\",\"item\":\"https:\/\/italiamachines.com\/boutique\/\"},{\"@type\":\"ListItem\",\"position\":3,\"name\":\"Laminoir Q600 sur socle &#8211; Dimensions: 60x120cm -par RAM Italie\"}]},{\"@type\":\"WebSite\",\"@id\":\"https:\/\/italiamachines.com\/#website\",\"url\":\"https:\/\/italiamachines.com\/\",\"name\":\"Italia Machines\",\"description\":\"L&#039;art de l&#039;\u00e9quipement HORECA\",\"publisher\":{\"@id\":\"https:\/\/italiamachines.com\/#organization\"},\"potentialAction\":[{\"@type\":\"SearchAction\",\"target\":{\"@type\":\"EntryPoint\",\"urlTemplate\":\"https:\/\/italiamachines.com\/?s={search_term_string}\"},\"query-input\":{\"@type\":\"PropertyValueSpecification\",\"valueRequired\":true,\"valueName\":\"search_term_string\"}}],\"inLanguage\":\"en-US\"},{\"@type\":\"Organization\",\"@id\":\"https:\/\/italiamachines.com\/#organization\",\"name\":\"italiamachines\",\"url\":\"https:\/\/italiamachines.com\/\",\"logo\":{\"@type\":\"ImageObject\",\"inLanguage\":\"en-US\",\"@id\":\"https:\/\/italiamachines.com\/#\/schema\/logo\/image\/\",\"url\":\"https:\/\/italiamachines.com\/wp-content\/uploads\/2023\/08\/logo-web-1.png\",\"contentUrl\":\"https:\/\/italiamachines.com\/wp-content\/uploads\/2023\/08\/logo-web-1.png\",\"width\":977,\"height\":254,\"caption\":\"italiamachines\"},\"image\":{\"@id\":\"https:\/\/italiamachines.com\/#\/schema\/logo\/image\/\"},\"sameAs\":[\"https:\/\/web.facebook.com\/italiamachines\/\",\"https:\/\/www.instagram.com\/italia.machines\/\"]}]}<\/script>\n<!-- \/ Yoast SEO plugin. -->","yoast_head_json":{"title":"Laminoir Q600 sur socle - Dimensions: 60x120cm -par RAM Italie | Italia Machines","robots":{"index":"index","follow":"follow","max-snippet":"max-snippet:-1","max-image-preview":"max-image-preview:large","max-video-preview":"max-video-preview:-1"},"canonical":"https:\/\/italiamachines.com\/en\/boutique\/boulangerie-et-patisserie\/patisserie\/laminoir\/laminoir-q600-sur-socle-dimensions-600x1200-marque-ram-italie\/","og_locale":"en_US","og_type":"article","og_title":"Laminoir Q600 sur socle - Dimensions: 60x120cm -par RAM Italie | Italia Machines","og_description":"La laminoir d&rsquo;excellence. Il est dot\u00e9 d&rsquo;un bras basculant pratique et ergonomique ainsi que de p\u00e9dales pour inverser le sens des courroies. Les tables \u00e0 convoyeur de la Queen 600 peuvent \u00eatre repli\u00e9es et facilement retir\u00e9es. Sa structure robuste et ses grands cylindres garantissent des performances de laminage de haute qualit\u00e9, ainsi que la fiabilit\u00e9&hellip;","og_url":"https:\/\/italiamachines.com\/en\/boutique\/boulangerie-et-patisserie\/patisserie\/laminoir\/laminoir-q600-sur-socle-dimensions-600x1200-marque-ram-italie\/","og_site_name":"Italia Machines","article_publisher":"https:\/\/web.facebook.com\/italiamachines\/","article_modified_time":"2024-09-28T20:12:15+00:00","og_image":[{"width":400,"height":250,"url":"https:\/\/italiamachines.com\/wp-content\/uploads\/2023\/07\/Q600-1.jpeg","type":"image\/jpeg"}],"twitter_card":"summary_large_image","twitter_misc":{"Est. reading time":"1 minute"},"schema":{"@context":"https:\/\/schema.org","@graph":[{"@type":"WebPage","@id":"https:\/\/italiamachines.com\/boutique\/boulangerie-et-patisserie\/patisserie\/laminoir\/laminoir-q600-sur-socle-dimensions-600x1200-marque-ram-italie\/","url":"https:\/\/italiamachines.com\/boutique\/boulangerie-et-patisserie\/patisserie\/laminoir\/laminoir-q600-sur-socle-dimensions-600x1200-marque-ram-italie\/","name":"Laminoir Q600 sur socle - Dimensions: 60x120cm -par RAM Italie | Italia Machines","isPartOf":{"@id":"https:\/\/italiamachines.com\/#website"},"primaryImageOfPage":{"@id":"https:\/\/italiamachines.com\/boutique\/boulangerie-et-patisserie\/patisserie\/laminoir\/laminoir-q600-sur-socle-dimensions-600x1200-marque-ram-italie\/#primaryimage"},"image":{"@id":"https:\/\/italiamachines.com\/boutique\/boulangerie-et-patisserie\/patisserie\/laminoir\/laminoir-q600-sur-socle-dimensions-600x1200-marque-ram-italie\/#primaryimage"},"thumbnailUrl":"https:\/\/italiamachines.com\/wp-content\/uploads\/2023\/07\/Q600-1.jpeg","datePublished":"2023-07-30T04:16:36+00:00","dateModified":"2024-09-28T20:12:15+00:00","breadcrumb":{"@id":"https:\/\/italiamachines.com\/boutique\/boulangerie-et-patisserie\/patisserie\/laminoir\/laminoir-q600-sur-socle-dimensions-600x1200-marque-ram-italie\/#breadcrumb"},"inLanguage":"en-US","potentialAction":[{"@type":"ReadAction","target":["https:\/\/italiamachines.com\/boutique\/boulangerie-et-patisserie\/patisserie\/laminoir\/laminoir-q600-sur-socle-dimensions-600x1200-marque-ram-italie\/"]}]},{"@type":"ImageObject","inLanguage":"en-US","@id":"https:\/\/italiamachines.com\/boutique\/boulangerie-et-patisserie\/patisserie\/laminoir\/laminoir-q600-sur-socle-dimensions-600x1200-marque-ram-italie\/#primaryimage","url":"https:\/\/italiamachines.com\/wp-content\/uploads\/2023\/07\/Q600-1.jpeg","contentUrl":"https:\/\/italiamachines.com\/wp-content\/uploads\/2023\/07\/Q600-1.jpeg","width":400,"height":250},{"@type":"BreadcrumbList","@id":"https:\/\/italiamachines.com\/boutique\/boulangerie-et-patisserie\/patisserie\/laminoir\/laminoir-q600-sur-socle-dimensions-600x1200-marque-ram-italie\/#breadcrumb","itemListElement":[{"@type":"ListItem","position":1,"name":"Accueil","item":"https:\/\/italiamachines.com\/fr_fr\/"},{"@type":"ListItem","position":2,"name":"Boutique","item":"https:\/\/italiamachines.com\/boutique\/"},{"@type":"ListItem","position":3,"name":"Laminoir Q600 sur socle &#8211; Dimensions: 60x120cm -par RAM Italie"}]},{"@type":"WebSite","@id":"https:\/\/italiamachines.com\/#website","url":"https:\/\/italiamachines.com\/","name":"Italia Machines","description":"L&#039;art de l&#039;\u00e9quipement HORECA","publisher":{"@id":"https:\/\/italiamachines.com\/#organization"},"potentialAction":[{"@type":"SearchAction","target":{"@type":"EntryPoint","urlTemplate":"https:\/\/italiamachines.com\/?s={search_term_string}"},"query-input":{"@type":"PropertyValueSpecification","valueRequired":true,"valueName":"search_term_string"}}],"inLanguage":"en-US"},{"@type":"Organization","@id":"https:\/\/italiamachines.com\/#organization","name":"italiamachines","url":"https:\/\/italiamachines.com\/","logo":{"@type":"ImageObject","inLanguage":"en-US","@id":"https:\/\/italiamachines.com\/#\/schema\/logo\/image\/","url":"https:\/\/italiamachines.com\/wp-content\/uploads\/2023\/08\/logo-web-1.png","contentUrl":"https:\/\/italiamachines.com\/wp-content\/uploads\/2023\/08\/logo-web-1.png","width":977,"height":254,"caption":"italiamachines"},"image":{"@id":"https:\/\/italiamachines.com\/#\/schema\/logo\/image\/"},"sameAs":["https:\/\/web.facebook.com\/italiamachines\/","https:\/\/www.instagram.com\/italia.machines\/"]}]}},"_links":{"self":[{"href":"https:\/\/italiamachines.com\/en\/wp-json\/wp\/v2\/product\/5179","targetHints":{"allow":["GET"]}}],"collection":[{"href":"https:\/\/italiamachines.com\/en\/wp-json\/wp\/v2\/product"}],"about":[{"href":"https:\/\/italiamachines.com\/en\/wp-json\/wp\/v2\/types\/product"}],"replies":[{"embeddable":true,"href":"https:\/\/italiamachines.com\/en\/wp-json\/wp\/v2\/comments?post=5179"}],"wp:featuredmedia":[{"embeddable":true,"href":"https:\/\/italiamachines.com\/en\/wp-json\/wp\/v2\/media\/5178"}],"wp:attachment":[{"href":"https:\/\/italiamachines.com\/en\/wp-json\/wp\/v2\/media?parent=5179"}],"wp:term":[{"taxonomy":"product_cat","embeddable":true,"href":"https:\/\/italiamachines.com\/en\/wp-json\/wp\/v2\/product_cat?post=5179"},{"taxonomy":"product_tag","embeddable":true,"href":"https:\/\/italiamachines.com\/en\/wp-json\/wp\/v2\/product_tag?post=5179"}],"curies":[{"name":"wp","href":"https:\/\/api.w.org\/{rel}","templated":true}]}}