{"id":5205,"date":"2023-07-30T04:18:17","date_gmt":"2023-07-30T04:18:17","guid":{"rendered":"https:\/\/prod.italiamachines.com\/product\/raffineur-a-amande-par-delloro-italie\/"},"modified":"2024-09-29T22:19:49","modified_gmt":"2024-09-29T20:19:49","slug":"raffineur-a-amande-par-delloro-italie","status":"publish","type":"product","link":"https:\/\/italiamachines.com\/en\/boutique\/boulangerie-et-patisserie\/patisserie\/raffineur-damandes\/raffineur-a-amande-par-delloro-italie\/","title":{"rendered":"Raffineur \u00e0 amande &#8211; par Dell&rsquo;Oro Italie"},"content":{"rendered":"<p>Structure robuste et fiable, ne n\u00e9cessitant aucun entretien<br \/>\nEngrenages et vis sans fin en mat\u00e9riaux haute r\u00e9sistance, baign\u00e9s dans l&rsquo;huile<br \/>\nCylindres en granit clair, oscillant pour une finesse parfaite du produit<br \/>\nRacleurs et tr\u00e9mie amovibles pour un nettoyage facile<br \/>\nBac de collecte du produit et tr\u00e9mie en acier inoxydable<br \/>\n\u00c9quip\u00e9e de dispositifs de s\u00e9curit\u00e9 conformes \u00e0 la l\u00e9gislation<br \/>\nDimensions : 68 x 50 x 112 cm : 68 x 50 x 112 cm<br \/>\nPuissance du moteur : 1,13 kW<br \/>\nNombre de cylindres : 2<br \/>\nLargeur des cylindres : 300 mm<br \/>\nPoids : 125 kg<\/p>","protected":false},"excerpt":{"rendered":"<p>Structure robuste et fiable, ne n\u00e9cessitant aucun entretien Engrenages et vis sans fin en mat\u00e9riaux haute r\u00e9sistance, baign\u00e9s dans l&rsquo;huile Cylindres en granit clair, oscillant pour une finesse parfaite du produit Racleurs et tr\u00e9mie amovibles pour un nettoyage facile Bac de collecte du produit et tr\u00e9mie en acier inoxydable \u00c9quip\u00e9e de dispositifs de s\u00e9curit\u00e9 conformes&hellip;<\/p>","protected":false},"featured_media":9055,"comment_status":"open","ping_status":"closed","template":"","meta":[],"product_cat":[97,110],"product_tag":[],"class_list":{"0":"post-5205","1":"product","2":"type-product","3":"status-publish","4":"has-post-thumbnail","6":"product_cat-patisserie","7":"product_cat-raffineur-damandes","9":"first","10":"instock","11":"shipping-taxable","12":"purchasable","13":"product-type-simple","14":"col-xs-6 col-sm-4","15":"col-md-3 col-lg-3","16":"un-4-cols"},"yoast_head":"<!-- This site is optimized with the Yoast SEO plugin v26.6 - https:\/\/yoast.com\/wordpress\/plugins\/seo\/ -->\n<title>Raffineur \u00e0 amande - par Dell&#039;Oro Italie | Italia Machines<\/title>\n<meta name=\"robots\" content=\"index, follow, max-snippet:-1, max-image-preview:large, max-video-preview:-1\" \/>\n<link rel=\"canonical\" href=\"https:\/\/italiamachines.com\/en\/boutique\/boulangerie-et-patisserie\/patisserie\/raffineur-damandes\/raffineur-a-amande-par-delloro-italie\/\" \/>\n<meta property=\"og:locale\" content=\"en_US\" \/>\n<meta property=\"og:type\" content=\"article\" \/>\n<meta property=\"og:title\" content=\"Raffineur \u00e0 amande - par Dell&#039;Oro Italie | Italia Machines\" \/>\n<meta property=\"og:description\" content=\"Structure robuste et fiable, ne n\u00e9cessitant aucun entretien Engrenages et vis sans fin en mat\u00e9riaux haute r\u00e9sistance, baign\u00e9s dans l&rsquo;huile Cylindres en granit clair, oscillant pour une finesse parfaite du produit Racleurs et tr\u00e9mie amovibles pour un nettoyage facile Bac de collecte du produit et tr\u00e9mie en acier inoxydable \u00c9quip\u00e9e de dispositifs de s\u00e9curit\u00e9 conformes&hellip;\" \/>\n<meta property=\"og:url\" content=\"https:\/\/italiamachines.com\/en\/boutique\/boulangerie-et-patisserie\/patisserie\/raffineur-damandes\/raffineur-a-amande-par-delloro-italie\/\" \/>\n<meta property=\"og:site_name\" content=\"Italia Machines\" \/>\n<meta property=\"article:publisher\" content=\"https:\/\/web.facebook.com\/italiamachines\/\" \/>\n<meta property=\"article:modified_time\" content=\"2024-09-29T20:19:49+00:00\" \/>\n<meta property=\"og:image\" content=\"https:\/\/italiamachines.com\/wp-content\/uploads\/2023\/07\/RAF2C.jpg\" \/>\n\t<meta property=\"og:image:width\" content=\"400\" \/>\n\t<meta property=\"og:image:height\" content=\"400\" \/>\n\t<meta property=\"og:image:type\" content=\"image\/jpeg\" \/>\n<meta name=\"twitter:card\" content=\"summary_large_image\" \/>\n<meta name=\"twitter:label1\" content=\"Est. reading time\" \/>\n\t<meta name=\"twitter:data1\" content=\"1 minute\" \/>\n<script type=\"application\/ld+json\" class=\"yoast-schema-graph\">{\"@context\":\"https:\/\/schema.org\",\"@graph\":[{\"@type\":\"WebPage\",\"@id\":\"https:\/\/italiamachines.com\/boutique\/boulangerie-et-patisserie\/patisserie\/raffineur-damandes\/raffineur-a-amande-par-delloro-italie\/\",\"url\":\"https:\/\/italiamachines.com\/boutique\/boulangerie-et-patisserie\/patisserie\/raffineur-damandes\/raffineur-a-amande-par-delloro-italie\/\",\"name\":\"Raffineur \u00e0 amande - par Dell'Oro Italie | Italia Machines\",\"isPartOf\":{\"@id\":\"https:\/\/italiamachines.com\/#website\"},\"primaryImageOfPage\":{\"@id\":\"https:\/\/italiamachines.com\/boutique\/boulangerie-et-patisserie\/patisserie\/raffineur-damandes\/raffineur-a-amande-par-delloro-italie\/#primaryimage\"},\"image\":{\"@id\":\"https:\/\/italiamachines.com\/boutique\/boulangerie-et-patisserie\/patisserie\/raffineur-damandes\/raffineur-a-amande-par-delloro-italie\/#primaryimage\"},\"thumbnailUrl\":\"https:\/\/italiamachines.com\/wp-content\/uploads\/2023\/07\/RAF2C.jpg\",\"datePublished\":\"2023-07-30T04:18:17+00:00\",\"dateModified\":\"2024-09-29T20:19:49+00:00\",\"breadcrumb\":{\"@id\":\"https:\/\/italiamachines.com\/boutique\/boulangerie-et-patisserie\/patisserie\/raffineur-damandes\/raffineur-a-amande-par-delloro-italie\/#breadcrumb\"},\"inLanguage\":\"en-US\",\"potentialAction\":[{\"@type\":\"ReadAction\",\"target\":[\"https:\/\/italiamachines.com\/boutique\/boulangerie-et-patisserie\/patisserie\/raffineur-damandes\/raffineur-a-amande-par-delloro-italie\/\"]}]},{\"@type\":\"ImageObject\",\"inLanguage\":\"en-US\",\"@id\":\"https:\/\/italiamachines.com\/boutique\/boulangerie-et-patisserie\/patisserie\/raffineur-damandes\/raffineur-a-amande-par-delloro-italie\/#primaryimage\",\"url\":\"https:\/\/italiamachines.com\/wp-content\/uploads\/2023\/07\/RAF2C.jpg\",\"contentUrl\":\"https:\/\/italiamachines.com\/wp-content\/uploads\/2023\/07\/RAF2C.jpg\",\"width\":400,\"height\":400},{\"@type\":\"BreadcrumbList\",\"@id\":\"https:\/\/italiamachines.com\/boutique\/boulangerie-et-patisserie\/patisserie\/raffineur-damandes\/raffineur-a-amande-par-delloro-italie\/#breadcrumb\",\"itemListElement\":[{\"@type\":\"ListItem\",\"position\":1,\"name\":\"Accueil\",\"item\":\"https:\/\/italiamachines.com\/fr_fr\/\"},{\"@type\":\"ListItem\",\"position\":2,\"name\":\"Boutique\",\"item\":\"https:\/\/italiamachines.com\/boutique\/\"},{\"@type\":\"ListItem\",\"position\":3,\"name\":\"Raffineur \u00e0 amande &#8211; par Dell&#8217;Oro Italie\"}]},{\"@type\":\"WebSite\",\"@id\":\"https:\/\/italiamachines.com\/#website\",\"url\":\"https:\/\/italiamachines.com\/\",\"name\":\"Italia Machines\",\"description\":\"L&#039;art de l&#039;\u00e9quipement HORECA\",\"publisher\":{\"@id\":\"https:\/\/italiamachines.com\/#organization\"},\"potentialAction\":[{\"@type\":\"SearchAction\",\"target\":{\"@type\":\"EntryPoint\",\"urlTemplate\":\"https:\/\/italiamachines.com\/?s={search_term_string}\"},\"query-input\":{\"@type\":\"PropertyValueSpecification\",\"valueRequired\":true,\"valueName\":\"search_term_string\"}}],\"inLanguage\":\"en-US\"},{\"@type\":\"Organization\",\"@id\":\"https:\/\/italiamachines.com\/#organization\",\"name\":\"italiamachines\",\"url\":\"https:\/\/italiamachines.com\/\",\"logo\":{\"@type\":\"ImageObject\",\"inLanguage\":\"en-US\",\"@id\":\"https:\/\/italiamachines.com\/#\/schema\/logo\/image\/\",\"url\":\"https:\/\/italiamachines.com\/wp-content\/uploads\/2023\/08\/logo-web-1.png\",\"contentUrl\":\"https:\/\/italiamachines.com\/wp-content\/uploads\/2023\/08\/logo-web-1.png\",\"width\":977,\"height\":254,\"caption\":\"italiamachines\"},\"image\":{\"@id\":\"https:\/\/italiamachines.com\/#\/schema\/logo\/image\/\"},\"sameAs\":[\"https:\/\/web.facebook.com\/italiamachines\/\",\"https:\/\/www.instagram.com\/italia.machines\/\"]}]}<\/script>\n<!-- \/ Yoast SEO plugin. -->","yoast_head_json":{"title":"Raffineur \u00e0 amande - par Dell'Oro Italie | Italia Machines","robots":{"index":"index","follow":"follow","max-snippet":"max-snippet:-1","max-image-preview":"max-image-preview:large","max-video-preview":"max-video-preview:-1"},"canonical":"https:\/\/italiamachines.com\/en\/boutique\/boulangerie-et-patisserie\/patisserie\/raffineur-damandes\/raffineur-a-amande-par-delloro-italie\/","og_locale":"en_US","og_type":"article","og_title":"Raffineur \u00e0 amande - par Dell'Oro Italie | Italia Machines","og_description":"Structure robuste et fiable, ne n\u00e9cessitant aucun entretien Engrenages et vis sans fin en mat\u00e9riaux haute r\u00e9sistance, baign\u00e9s dans l&rsquo;huile Cylindres en granit clair, oscillant pour une finesse parfaite du produit Racleurs et tr\u00e9mie amovibles pour un nettoyage facile Bac de collecte du produit et tr\u00e9mie en acier inoxydable \u00c9quip\u00e9e de dispositifs de s\u00e9curit\u00e9 conformes&hellip;","og_url":"https:\/\/italiamachines.com\/en\/boutique\/boulangerie-et-patisserie\/patisserie\/raffineur-damandes\/raffineur-a-amande-par-delloro-italie\/","og_site_name":"Italia Machines","article_publisher":"https:\/\/web.facebook.com\/italiamachines\/","article_modified_time":"2024-09-29T20:19:49+00:00","og_image":[{"width":400,"height":400,"url":"https:\/\/italiamachines.com\/wp-content\/uploads\/2023\/07\/RAF2C.jpg","type":"image\/jpeg"}],"twitter_card":"summary_large_image","twitter_misc":{"Est. reading time":"1 minute"},"schema":{"@context":"https:\/\/schema.org","@graph":[{"@type":"WebPage","@id":"https:\/\/italiamachines.com\/boutique\/boulangerie-et-patisserie\/patisserie\/raffineur-damandes\/raffineur-a-amande-par-delloro-italie\/","url":"https:\/\/italiamachines.com\/boutique\/boulangerie-et-patisserie\/patisserie\/raffineur-damandes\/raffineur-a-amande-par-delloro-italie\/","name":"Raffineur \u00e0 amande - par Dell'Oro Italie | Italia Machines","isPartOf":{"@id":"https:\/\/italiamachines.com\/#website"},"primaryImageOfPage":{"@id":"https:\/\/italiamachines.com\/boutique\/boulangerie-et-patisserie\/patisserie\/raffineur-damandes\/raffineur-a-amande-par-delloro-italie\/#primaryimage"},"image":{"@id":"https:\/\/italiamachines.com\/boutique\/boulangerie-et-patisserie\/patisserie\/raffineur-damandes\/raffineur-a-amande-par-delloro-italie\/#primaryimage"},"thumbnailUrl":"https:\/\/italiamachines.com\/wp-content\/uploads\/2023\/07\/RAF2C.jpg","datePublished":"2023-07-30T04:18:17+00:00","dateModified":"2024-09-29T20:19:49+00:00","breadcrumb":{"@id":"https:\/\/italiamachines.com\/boutique\/boulangerie-et-patisserie\/patisserie\/raffineur-damandes\/raffineur-a-amande-par-delloro-italie\/#breadcrumb"},"inLanguage":"en-US","potentialAction":[{"@type":"ReadAction","target":["https:\/\/italiamachines.com\/boutique\/boulangerie-et-patisserie\/patisserie\/raffineur-damandes\/raffineur-a-amande-par-delloro-italie\/"]}]},{"@type":"ImageObject","inLanguage":"en-US","@id":"https:\/\/italiamachines.com\/boutique\/boulangerie-et-patisserie\/patisserie\/raffineur-damandes\/raffineur-a-amande-par-delloro-italie\/#primaryimage","url":"https:\/\/italiamachines.com\/wp-content\/uploads\/2023\/07\/RAF2C.jpg","contentUrl":"https:\/\/italiamachines.com\/wp-content\/uploads\/2023\/07\/RAF2C.jpg","width":400,"height":400},{"@type":"BreadcrumbList","@id":"https:\/\/italiamachines.com\/boutique\/boulangerie-et-patisserie\/patisserie\/raffineur-damandes\/raffineur-a-amande-par-delloro-italie\/#breadcrumb","itemListElement":[{"@type":"ListItem","position":1,"name":"Accueil","item":"https:\/\/italiamachines.com\/fr_fr\/"},{"@type":"ListItem","position":2,"name":"Boutique","item":"https:\/\/italiamachines.com\/boutique\/"},{"@type":"ListItem","position":3,"name":"Raffineur \u00e0 amande &#8211; par Dell&#8217;Oro Italie"}]},{"@type":"WebSite","@id":"https:\/\/italiamachines.com\/#website","url":"https:\/\/italiamachines.com\/","name":"Italia Machines","description":"L&#039;art de l&#039;\u00e9quipement HORECA","publisher":{"@id":"https:\/\/italiamachines.com\/#organization"},"potentialAction":[{"@type":"SearchAction","target":{"@type":"EntryPoint","urlTemplate":"https:\/\/italiamachines.com\/?s={search_term_string}"},"query-input":{"@type":"PropertyValueSpecification","valueRequired":true,"valueName":"search_term_string"}}],"inLanguage":"en-US"},{"@type":"Organization","@id":"https:\/\/italiamachines.com\/#organization","name":"italiamachines","url":"https:\/\/italiamachines.com\/","logo":{"@type":"ImageObject","inLanguage":"en-US","@id":"https:\/\/italiamachines.com\/#\/schema\/logo\/image\/","url":"https:\/\/italiamachines.com\/wp-content\/uploads\/2023\/08\/logo-web-1.png","contentUrl":"https:\/\/italiamachines.com\/wp-content\/uploads\/2023\/08\/logo-web-1.png","width":977,"height":254,"caption":"italiamachines"},"image":{"@id":"https:\/\/italiamachines.com\/#\/schema\/logo\/image\/"},"sameAs":["https:\/\/web.facebook.com\/italiamachines\/","https:\/\/www.instagram.com\/italia.machines\/"]}]}},"_links":{"self":[{"href":"https:\/\/italiamachines.com\/en\/wp-json\/wp\/v2\/product\/5205","targetHints":{"allow":["GET"]}}],"collection":[{"href":"https:\/\/italiamachines.com\/en\/wp-json\/wp\/v2\/product"}],"about":[{"href":"https:\/\/italiamachines.com\/en\/wp-json\/wp\/v2\/types\/product"}],"replies":[{"embeddable":true,"href":"https:\/\/italiamachines.com\/en\/wp-json\/wp\/v2\/comments?post=5205"}],"wp:featuredmedia":[{"embeddable":true,"href":"https:\/\/italiamachines.com\/en\/wp-json\/wp\/v2\/media\/9055"}],"wp:attachment":[{"href":"https:\/\/italiamachines.com\/en\/wp-json\/wp\/v2\/media?parent=5205"}],"wp:term":[{"taxonomy":"product_cat","embeddable":true,"href":"https:\/\/italiamachines.com\/en\/wp-json\/wp\/v2\/product_cat?post=5205"},{"taxonomy":"product_tag","embeddable":true,"href":"https:\/\/italiamachines.com\/en\/wp-json\/wp\/v2\/product_tag?post=5205"}],"curies":[{"name":"wp","href":"https:\/\/api.w.org\/{rel}","templated":true}]}}