{"id":5230,"date":"2023-07-30T04:19:47","date_gmt":"2023-07-30T04:19:47","guid":{"rendered":"https:\/\/prod.italiamachines.com\/product\/machine-a-cafe-a-2-groupes-semi-automatique-avec-manometre-chauffage-a-gaz-2\/"},"modified":"2024-09-28T22:26:00","modified_gmt":"2024-09-28T20:26:00","slug":"machine-a-cafe-a-2-groupes-semi-automatique-avec-manometre-chauffage-a-gaz-2","status":"publish","type":"product","link":"https:\/\/italiamachines.com\/en\/boutique\/cafe-glacier-lecheria\/cafe-lecheria\/machine-a-cafe\/machine-a-cafe-a-2-groupes-semi-automatique-avec-manometre-chauffage-a-gaz-2\/","title":{"rendered":"Machine \u00e0 caf\u00e9 semi-automatique \u00e0 2 | 3 groupes avec manom\u00e8tre &#8211; chauffage \u00e0 gaz &#8211; par Laspaziale"},"content":{"rendered":"<p>Pompe int\u00e9gr\u00e9e.<br \/>\nSyst\u00e8me de chauffage \u00e9lectrique.<br \/>\nChaudi\u00e8re de 3 litres (pour la machine 1 groupe).<br \/>\nChaudi\u00e8re de 10 litres (pour la machine 2 groupes).<br \/>\nChaudi\u00e8re de 15 litres (pour la machine 3 groupes).<br \/>\nManom\u00e8tre pour le contr\u00f4le de la pression de la chaudi\u00e8re et de la pompe.<br \/>\n1 sortie d&rsquo;eau chaude \/ 2 buses de vapeur.<br \/>\nThermostat de s\u00e9curit\u00e9 de l&rsquo;\u00e9l\u00e9ment chauffant de la chaudi\u00e8re.<br \/>\nRecharge automatique de la chaudi\u00e8re.<br \/>\nContr\u00f4le des alarmes de dysfonctionnement de la Machine \u00e0 caf\u00e9 Laspaziale semi-automatique.<br \/>\nCorps en acier inoxydable.<br \/>\nSyst\u00e8me de chauffage au gaz (pour les mod\u00e8les 2 et 3 groupes).<br \/>\nChauffe-tasse \u00e9lectrique (pour les mod\u00e8les 2, 3 groupes et SPAZIO).<br \/>\n\u00c9l\u00e9ment chauffant de la chaudi\u00e8re am\u00e9lior\u00e9.<\/p>","protected":false},"excerpt":{"rendered":"<p>Pompe int\u00e9gr\u00e9e. Syst\u00e8me de chauffage \u00e9lectrique. Chaudi\u00e8re de 3 litres (pour la machine 1 groupe). Chaudi\u00e8re de 10 litres (pour la machine 2 groupes). Chaudi\u00e8re de 15 litres (pour la machine 3 groupes). Manom\u00e8tre pour le contr\u00f4le de la pression de la chaudi\u00e8re et de la pompe. 1 sortie d&rsquo;eau chaude \/ 2 buses de&hellip;<\/p>","protected":false},"featured_media":5229,"comment_status":"open","ping_status":"closed","template":"","meta":[],"product_cat":[159,160,65,80,210],"product_tag":[],"class_list":{"0":"post-5230","1":"product","2":"type-product","3":"status-publish","4":"has-post-thumbnail","6":"product_cat-cafe","7":"product_cat-cafe-lecheria","8":"product_cat-cafe-glacier-lecheria","9":"product_cat-glacier-lecheria","10":"product_cat-machine-a-cafe","12":"first","13":"instock","14":"shipping-taxable","15":"purchasable","16":"product-type-variable","17":"col-xs-6 col-sm-4","18":"col-md-3 col-lg-3","19":"un-4-cols"},"yoast_head":"<!-- This site is optimized with the Yoast SEO plugin v26.6 - https:\/\/yoast.com\/wordpress\/plugins\/seo\/ -->\n<title>Machine \u00e0 caf\u00e9 Laspaziale semi-automatique \u00e0 2 ou 3 groupes | Italia Machines<\/title>\n<meta name=\"description\" content=\"La perfection du caf\u00e9 avec la machine \u00e0 caf\u00e9 Laspaziale semi-automatique. Distribution libre, zt pompe int\u00e9gr\u00e9e pour une exp\u00e9rience caf\u00e9 exceptionnelle.\" \/>\n<meta name=\"robots\" content=\"index, follow, max-snippet:-1, max-image-preview:large, max-video-preview:-1\" \/>\n<link rel=\"canonical\" href=\"https:\/\/italiamachines.com\/en\/boutique\/cafe-glacier-lecheria\/cafe-lecheria\/machine-a-cafe\/machine-a-cafe-a-2-groupes-semi-automatique-avec-manometre-chauffage-a-gaz-2\/\" \/>\n<meta property=\"og:locale\" content=\"en_US\" \/>\n<meta property=\"og:type\" content=\"article\" \/>\n<meta property=\"og:title\" content=\"Machine \u00e0 caf\u00e9 Laspaziale semi-automatique \u00e0 2 ou 3 groupes | Italia Machines\" \/>\n<meta property=\"og:description\" content=\"La perfection du caf\u00e9 avec la machine \u00e0 caf\u00e9 Laspaziale semi-automatique. Distribution libre, zt pompe int\u00e9gr\u00e9e pour une exp\u00e9rience caf\u00e9 exceptionnelle.\" \/>\n<meta property=\"og:url\" content=\"https:\/\/italiamachines.com\/en\/boutique\/cafe-glacier-lecheria\/cafe-lecheria\/machine-a-cafe\/machine-a-cafe-a-2-groupes-semi-automatique-avec-manometre-chauffage-a-gaz-2\/\" \/>\n<meta property=\"og:site_name\" content=\"Italia Machines\" \/>\n<meta property=\"article:publisher\" content=\"https:\/\/web.facebook.com\/italiamachines\/\" \/>\n<meta property=\"article:modified_time\" content=\"2024-09-28T20:26:00+00:00\" \/>\n<meta property=\"og:image\" content=\"https:\/\/italiamachines.com\/wp-content\/uploads\/2023\/07\/S2EP2GR-1.png\" \/>\n\t<meta property=\"og:image:width\" content=\"458\" \/>\n\t<meta property=\"og:image:height\" content=\"343\" \/>\n\t<meta property=\"og:image:type\" content=\"image\/png\" \/>\n<meta name=\"twitter:card\" content=\"summary_large_image\" \/>\n<meta name=\"twitter:label1\" content=\"Est. reading time\" \/>\n\t<meta name=\"twitter:data1\" content=\"1 minute\" \/>\n<script type=\"application\/ld+json\" class=\"yoast-schema-graph\">{\"@context\":\"https:\/\/schema.org\",\"@graph\":[{\"@type\":\"WebPage\",\"@id\":\"https:\/\/italiamachines.com\/boutique\/cafe-glacier-lecheria\/cafe-lecheria\/machine-a-cafe\/machine-a-cafe-a-2-groupes-semi-automatique-avec-manometre-chauffage-a-gaz-2\/\",\"url\":\"https:\/\/italiamachines.com\/boutique\/cafe-glacier-lecheria\/cafe-lecheria\/machine-a-cafe\/machine-a-cafe-a-2-groupes-semi-automatique-avec-manometre-chauffage-a-gaz-2\/\",\"name\":\"Machine \u00e0 caf\u00e9 Laspaziale semi-automatique \u00e0 2 ou 3 groupes | Italia Machines\",\"isPartOf\":{\"@id\":\"https:\/\/italiamachines.com\/#website\"},\"primaryImageOfPage\":{\"@id\":\"https:\/\/italiamachines.com\/boutique\/cafe-glacier-lecheria\/cafe-lecheria\/machine-a-cafe\/machine-a-cafe-a-2-groupes-semi-automatique-avec-manometre-chauffage-a-gaz-2\/#primaryimage\"},\"image\":{\"@id\":\"https:\/\/italiamachines.com\/boutique\/cafe-glacier-lecheria\/cafe-lecheria\/machine-a-cafe\/machine-a-cafe-a-2-groupes-semi-automatique-avec-manometre-chauffage-a-gaz-2\/#primaryimage\"},\"thumbnailUrl\":\"https:\/\/italiamachines.com\/wp-content\/uploads\/2023\/07\/S2EP2GR-1.png\",\"datePublished\":\"2023-07-30T04:19:47+00:00\",\"dateModified\":\"2024-09-28T20:26:00+00:00\",\"description\":\"La perfection du caf\u00e9 avec la machine \u00e0 caf\u00e9 Laspaziale semi-automatique. Distribution libre, zt pompe int\u00e9gr\u00e9e pour une exp\u00e9rience caf\u00e9 exceptionnelle.\",\"breadcrumb\":{\"@id\":\"https:\/\/italiamachines.com\/boutique\/cafe-glacier-lecheria\/cafe-lecheria\/machine-a-cafe\/machine-a-cafe-a-2-groupes-semi-automatique-avec-manometre-chauffage-a-gaz-2\/#breadcrumb\"},\"inLanguage\":\"en-US\",\"potentialAction\":[{\"@type\":\"ReadAction\",\"target\":[\"https:\/\/italiamachines.com\/boutique\/cafe-glacier-lecheria\/cafe-lecheria\/machine-a-cafe\/machine-a-cafe-a-2-groupes-semi-automatique-avec-manometre-chauffage-a-gaz-2\/\"]}]},{\"@type\":\"ImageObject\",\"inLanguage\":\"en-US\",\"@id\":\"https:\/\/italiamachines.com\/boutique\/cafe-glacier-lecheria\/cafe-lecheria\/machine-a-cafe\/machine-a-cafe-a-2-groupes-semi-automatique-avec-manometre-chauffage-a-gaz-2\/#primaryimage\",\"url\":\"https:\/\/italiamachines.com\/wp-content\/uploads\/2023\/07\/S2EP2GR-1.png\",\"contentUrl\":\"https:\/\/italiamachines.com\/wp-content\/uploads\/2023\/07\/S2EP2GR-1.png\",\"width\":458,\"height\":343,\"caption\":\"Machine \u00e0 caf\u00e9 Laspaziale semi-automatique\"},{\"@type\":\"BreadcrumbList\",\"@id\":\"https:\/\/italiamachines.com\/boutique\/cafe-glacier-lecheria\/cafe-lecheria\/machine-a-cafe\/machine-a-cafe-a-2-groupes-semi-automatique-avec-manometre-chauffage-a-gaz-2\/#breadcrumb\",\"itemListElement\":[{\"@type\":\"ListItem\",\"position\":1,\"name\":\"Accueil\",\"item\":\"https:\/\/italiamachines.com\/fr_fr\/\"},{\"@type\":\"ListItem\",\"position\":2,\"name\":\"Boutique\",\"item\":\"https:\/\/italiamachines.com\/boutique\/\"},{\"@type\":\"ListItem\",\"position\":3,\"name\":\"Machine \u00e0 caf\u00e9 semi-automatique \u00e0 2 | 3 groupes avec manom\u00e8tre &#8211; chauffage \u00e0 gaz &#8211; par Laspaziale\"}]},{\"@type\":\"WebSite\",\"@id\":\"https:\/\/italiamachines.com\/#website\",\"url\":\"https:\/\/italiamachines.com\/\",\"name\":\"Italia Machines\",\"description\":\"L&#039;art de l&#039;\u00e9quipement HORECA\",\"publisher\":{\"@id\":\"https:\/\/italiamachines.com\/#organization\"},\"potentialAction\":[{\"@type\":\"SearchAction\",\"target\":{\"@type\":\"EntryPoint\",\"urlTemplate\":\"https:\/\/italiamachines.com\/?s={search_term_string}\"},\"query-input\":{\"@type\":\"PropertyValueSpecification\",\"valueRequired\":true,\"valueName\":\"search_term_string\"}}],\"inLanguage\":\"en-US\"},{\"@type\":\"Organization\",\"@id\":\"https:\/\/italiamachines.com\/#organization\",\"name\":\"italiamachines\",\"url\":\"https:\/\/italiamachines.com\/\",\"logo\":{\"@type\":\"ImageObject\",\"inLanguage\":\"en-US\",\"@id\":\"https:\/\/italiamachines.com\/#\/schema\/logo\/image\/\",\"url\":\"https:\/\/italiamachines.com\/wp-content\/uploads\/2023\/08\/logo-web-1.png\",\"contentUrl\":\"https:\/\/italiamachines.com\/wp-content\/uploads\/2023\/08\/logo-web-1.png\",\"width\":977,\"height\":254,\"caption\":\"italiamachines\"},\"image\":{\"@id\":\"https:\/\/italiamachines.com\/#\/schema\/logo\/image\/\"},\"sameAs\":[\"https:\/\/web.facebook.com\/italiamachines\/\",\"https:\/\/www.instagram.com\/italia.machines\/\"]}]}<\/script>\n<!-- \/ Yoast SEO plugin. -->","yoast_head_json":{"title":"Machine \u00e0 caf\u00e9 Laspaziale semi-automatique \u00e0 2 ou 3 groupes | Italia Machines","description":"La perfection du caf\u00e9 avec la machine \u00e0 caf\u00e9 Laspaziale semi-automatique. Distribution libre, zt pompe int\u00e9gr\u00e9e pour une exp\u00e9rience caf\u00e9 exceptionnelle.","robots":{"index":"index","follow":"follow","max-snippet":"max-snippet:-1","max-image-preview":"max-image-preview:large","max-video-preview":"max-video-preview:-1"},"canonical":"https:\/\/italiamachines.com\/en\/boutique\/cafe-glacier-lecheria\/cafe-lecheria\/machine-a-cafe\/machine-a-cafe-a-2-groupes-semi-automatique-avec-manometre-chauffage-a-gaz-2\/","og_locale":"en_US","og_type":"article","og_title":"Machine \u00e0 caf\u00e9 Laspaziale semi-automatique \u00e0 2 ou 3 groupes | Italia Machines","og_description":"La perfection du caf\u00e9 avec la machine \u00e0 caf\u00e9 Laspaziale semi-automatique. Distribution libre, zt pompe int\u00e9gr\u00e9e pour une exp\u00e9rience caf\u00e9 exceptionnelle.","og_url":"https:\/\/italiamachines.com\/en\/boutique\/cafe-glacier-lecheria\/cafe-lecheria\/machine-a-cafe\/machine-a-cafe-a-2-groupes-semi-automatique-avec-manometre-chauffage-a-gaz-2\/","og_site_name":"Italia Machines","article_publisher":"https:\/\/web.facebook.com\/italiamachines\/","article_modified_time":"2024-09-28T20:26:00+00:00","og_image":[{"width":458,"height":343,"url":"https:\/\/italiamachines.com\/wp-content\/uploads\/2023\/07\/S2EP2GR-1.png","type":"image\/png"}],"twitter_card":"summary_large_image","twitter_misc":{"Est. reading time":"1 minute"},"schema":{"@context":"https:\/\/schema.org","@graph":[{"@type":"WebPage","@id":"https:\/\/italiamachines.com\/boutique\/cafe-glacier-lecheria\/cafe-lecheria\/machine-a-cafe\/machine-a-cafe-a-2-groupes-semi-automatique-avec-manometre-chauffage-a-gaz-2\/","url":"https:\/\/italiamachines.com\/boutique\/cafe-glacier-lecheria\/cafe-lecheria\/machine-a-cafe\/machine-a-cafe-a-2-groupes-semi-automatique-avec-manometre-chauffage-a-gaz-2\/","name":"Machine \u00e0 caf\u00e9 Laspaziale semi-automatique \u00e0 2 ou 3 groupes | Italia Machines","isPartOf":{"@id":"https:\/\/italiamachines.com\/#website"},"primaryImageOfPage":{"@id":"https:\/\/italiamachines.com\/boutique\/cafe-glacier-lecheria\/cafe-lecheria\/machine-a-cafe\/machine-a-cafe-a-2-groupes-semi-automatique-avec-manometre-chauffage-a-gaz-2\/#primaryimage"},"image":{"@id":"https:\/\/italiamachines.com\/boutique\/cafe-glacier-lecheria\/cafe-lecheria\/machine-a-cafe\/machine-a-cafe-a-2-groupes-semi-automatique-avec-manometre-chauffage-a-gaz-2\/#primaryimage"},"thumbnailUrl":"https:\/\/italiamachines.com\/wp-content\/uploads\/2023\/07\/S2EP2GR-1.png","datePublished":"2023-07-30T04:19:47+00:00","dateModified":"2024-09-28T20:26:00+00:00","description":"La perfection du caf\u00e9 avec la machine \u00e0 caf\u00e9 Laspaziale semi-automatique. Distribution libre, zt pompe int\u00e9gr\u00e9e pour une exp\u00e9rience caf\u00e9 exceptionnelle.","breadcrumb":{"@id":"https:\/\/italiamachines.com\/boutique\/cafe-glacier-lecheria\/cafe-lecheria\/machine-a-cafe\/machine-a-cafe-a-2-groupes-semi-automatique-avec-manometre-chauffage-a-gaz-2\/#breadcrumb"},"inLanguage":"en-US","potentialAction":[{"@type":"ReadAction","target":["https:\/\/italiamachines.com\/boutique\/cafe-glacier-lecheria\/cafe-lecheria\/machine-a-cafe\/machine-a-cafe-a-2-groupes-semi-automatique-avec-manometre-chauffage-a-gaz-2\/"]}]},{"@type":"ImageObject","inLanguage":"en-US","@id":"https:\/\/italiamachines.com\/boutique\/cafe-glacier-lecheria\/cafe-lecheria\/machine-a-cafe\/machine-a-cafe-a-2-groupes-semi-automatique-avec-manometre-chauffage-a-gaz-2\/#primaryimage","url":"https:\/\/italiamachines.com\/wp-content\/uploads\/2023\/07\/S2EP2GR-1.png","contentUrl":"https:\/\/italiamachines.com\/wp-content\/uploads\/2023\/07\/S2EP2GR-1.png","width":458,"height":343,"caption":"Machine \u00e0 caf\u00e9 Laspaziale semi-automatique"},{"@type":"BreadcrumbList","@id":"https:\/\/italiamachines.com\/boutique\/cafe-glacier-lecheria\/cafe-lecheria\/machine-a-cafe\/machine-a-cafe-a-2-groupes-semi-automatique-avec-manometre-chauffage-a-gaz-2\/#breadcrumb","itemListElement":[{"@type":"ListItem","position":1,"name":"Accueil","item":"https:\/\/italiamachines.com\/fr_fr\/"},{"@type":"ListItem","position":2,"name":"Boutique","item":"https:\/\/italiamachines.com\/boutique\/"},{"@type":"ListItem","position":3,"name":"Machine \u00e0 caf\u00e9 semi-automatique \u00e0 2 | 3 groupes avec manom\u00e8tre &#8211; chauffage \u00e0 gaz &#8211; par Laspaziale"}]},{"@type":"WebSite","@id":"https:\/\/italiamachines.com\/#website","url":"https:\/\/italiamachines.com\/","name":"Italia Machines","description":"L&#039;art de l&#039;\u00e9quipement HORECA","publisher":{"@id":"https:\/\/italiamachines.com\/#organization"},"potentialAction":[{"@type":"SearchAction","target":{"@type":"EntryPoint","urlTemplate":"https:\/\/italiamachines.com\/?s={search_term_string}"},"query-input":{"@type":"PropertyValueSpecification","valueRequired":true,"valueName":"search_term_string"}}],"inLanguage":"en-US"},{"@type":"Organization","@id":"https:\/\/italiamachines.com\/#organization","name":"italiamachines","url":"https:\/\/italiamachines.com\/","logo":{"@type":"ImageObject","inLanguage":"en-US","@id":"https:\/\/italiamachines.com\/#\/schema\/logo\/image\/","url":"https:\/\/italiamachines.com\/wp-content\/uploads\/2023\/08\/logo-web-1.png","contentUrl":"https:\/\/italiamachines.com\/wp-content\/uploads\/2023\/08\/logo-web-1.png","width":977,"height":254,"caption":"italiamachines"},"image":{"@id":"https:\/\/italiamachines.com\/#\/schema\/logo\/image\/"},"sameAs":["https:\/\/web.facebook.com\/italiamachines\/","https:\/\/www.instagram.com\/italia.machines\/"]}]}},"_links":{"self":[{"href":"https:\/\/italiamachines.com\/en\/wp-json\/wp\/v2\/product\/5230","targetHints":{"allow":["GET"]}}],"collection":[{"href":"https:\/\/italiamachines.com\/en\/wp-json\/wp\/v2\/product"}],"about":[{"href":"https:\/\/italiamachines.com\/en\/wp-json\/wp\/v2\/types\/product"}],"replies":[{"embeddable":true,"href":"https:\/\/italiamachines.com\/en\/wp-json\/wp\/v2\/comments?post=5230"}],"wp:featuredmedia":[{"embeddable":true,"href":"https:\/\/italiamachines.com\/en\/wp-json\/wp\/v2\/media\/5229"}],"wp:attachment":[{"href":"https:\/\/italiamachines.com\/en\/wp-json\/wp\/v2\/media?parent=5230"}],"wp:term":[{"taxonomy":"product_cat","embeddable":true,"href":"https:\/\/italiamachines.com\/en\/wp-json\/wp\/v2\/product_cat?post=5230"},{"taxonomy":"product_tag","embeddable":true,"href":"https:\/\/italiamachines.com\/en\/wp-json\/wp\/v2\/product_tag?post=5230"}],"curies":[{"name":"wp","href":"https:\/\/api.w.org\/{rel}","templated":true}]}}