{"id":5244,"date":"2023-07-30T04:20:45","date_gmt":"2023-07-30T04:20:45","guid":{"rendered":"https:\/\/prod.italiamachines.com\/product\/vitrine-a-glace-par-isa-italy-modele-supercapri-22-m-double-evaporateur-h117-a-24-bacs\/"},"modified":"2024-10-01T00:37:25","modified_gmt":"2024-09-30T22:37:25","slug":"vitrine-a-glace-par-isa-italy-modele-supercapri-22-m-double-evaporateur-h117-a-24-bacs","status":"publish","type":"product","link":"https:\/\/italiamachines.com\/en\/boutique\/cafe-glacier-lecheria\/froid-conservation-pour-glace\/vitrine-2\/vitrine-a-glace-par-isa-italy-modele-supercapri-22-m-double-evaporateur-h117-a-24-bacs\/","title":{"rendered":"Vitrine \u00e0 glace mod\u00e8le Supercapri &#8211; par ISA Italy"},"content":{"rendered":"<p>Plan d\u2019exposition inclin\u00e9 pour vision panoramique<br \/>\nVitre avant droite en verre feuillet\u00e9 anti-condensation, ouvrante<br \/>\nVitres lat\u00e9rales en double vitrage<br \/>\nVitre sup\u00e9rieure anti-condensation<br \/>\nFermeture arri\u00e8re avec portes coulissantes<br \/>\nTablette de service arri\u00e8re<br \/>\nMobilit\u00e9 avec roulettes pivotantes et freins<br \/>\n\u00c9clairage LED<br \/>\nD\u00e9cor gris laqu\u00e9<br \/>\nFroid ventil\u00e9 \u00e0 flux ant\u00e9rieur pour temp\u00e9rature uniforme<br \/>\nD\u00e9givrage automatique, isolation au cyclopentane<br \/>\nCaract\u00e9ristiques :<br \/>\n\u00c9lectricit\u00e9 : 400 V \/ 2700 W<br \/>\nDimensions : P 1110 x H 1175 mm<br \/>\nClasse climatique : 4 (+30\u00b0C)<br \/>\nTemp\u00e9rature de travail : -20\u00b0C \u00e0 +2\u00b0C<\/p>","protected":false},"excerpt":{"rendered":"<p>Plan d\u2019exposition inclin\u00e9 pour vision panoramique Vitre avant droite en verre feuillet\u00e9 anti-condensation, ouvrante Vitres lat\u00e9rales en double vitrage Vitre sup\u00e9rieure anti-condensation Fermeture arri\u00e8re avec portes coulissantes Tablette de service arri\u00e8re Mobilit\u00e9 avec roulettes pivotantes et freins \u00c9clairage LED D\u00e9cor gris laqu\u00e9 Froid ventil\u00e9 \u00e0 flux ant\u00e9rieur pour temp\u00e9rature uniforme D\u00e9givrage automatique, isolation au cyclopentane&hellip;<\/p>","protected":false},"featured_media":5243,"comment_status":"open","ping_status":"closed","template":"","meta":[],"product_cat":[65,73,79,80,141],"product_tag":[],"class_list":{"0":"post-5244","1":"product","2":"type-product","3":"status-publish","4":"has-post-thumbnail","6":"product_cat-cafe-glacier-lecheria","7":"product_cat-froid-conservation-pour-glace","8":"product_cat-glacier","9":"product_cat-glacier-lecheria","10":"product_cat-vitrine-2","12":"first","13":"instock","14":"shipping-taxable","15":"purchasable","16":"product-type-variable","17":"col-xs-6 col-sm-4","18":"col-md-3 col-lg-3","19":"un-4-cols"},"yoast_head":"<!-- This site is optimized with the Yoast SEO plugin v26.6 - https:\/\/yoast.com\/wordpress\/plugins\/seo\/ -->\n<title>Vitrine \u00e0 glace mod\u00e8le Supercapri - par ISA Italy | Italia Machines<\/title>\n<meta name=\"robots\" content=\"index, follow, max-snippet:-1, max-image-preview:large, max-video-preview:-1\" \/>\n<link rel=\"canonical\" href=\"https:\/\/italiamachines.com\/en\/boutique\/cafe-glacier-lecheria\/froid-conservation-pour-glace\/vitrine-2\/vitrine-a-glace-par-isa-italy-modele-supercapri-22-m-double-evaporateur-h117-a-24-bacs\/\" \/>\n<meta property=\"og:locale\" content=\"en_US\" \/>\n<meta property=\"og:type\" content=\"article\" \/>\n<meta property=\"og:title\" content=\"Vitrine \u00e0 glace mod\u00e8le Supercapri - par ISA Italy | Italia Machines\" \/>\n<meta property=\"og:description\" content=\"Plan d\u2019exposition inclin\u00e9 pour vision panoramique Vitre avant droite en verre feuillet\u00e9 anti-condensation, ouvrante Vitres lat\u00e9rales en double vitrage Vitre sup\u00e9rieure anti-condensation Fermeture arri\u00e8re avec portes coulissantes Tablette de service arri\u00e8re Mobilit\u00e9 avec roulettes pivotantes et freins \u00c9clairage LED D\u00e9cor gris laqu\u00e9 Froid ventil\u00e9 \u00e0 flux ant\u00e9rieur pour temp\u00e9rature uniforme D\u00e9givrage automatique, isolation au cyclopentane&hellip;\" \/>\n<meta property=\"og:url\" content=\"https:\/\/italiamachines.com\/en\/boutique\/cafe-glacier-lecheria\/froid-conservation-pour-glace\/vitrine-2\/vitrine-a-glace-par-isa-italy-modele-supercapri-22-m-double-evaporateur-h117-a-24-bacs\/\" \/>\n<meta property=\"og:site_name\" content=\"Italia Machines\" \/>\n<meta property=\"article:publisher\" content=\"https:\/\/web.facebook.com\/italiamachines\/\" \/>\n<meta property=\"article:modified_time\" content=\"2024-09-30T22:37:25+00:00\" \/>\n<meta property=\"og:image\" content=\"https:\/\/italiamachines.com\/wp-content\/uploads\/2023\/07\/SCAPRI_ISA12.jpeg\" \/>\n\t<meta property=\"og:image:width\" content=\"460\" \/>\n\t<meta property=\"og:image:height\" content=\"460\" \/>\n\t<meta property=\"og:image:type\" content=\"image\/jpeg\" \/>\n<meta name=\"twitter:card\" content=\"summary_large_image\" \/>\n<meta name=\"twitter:label1\" content=\"Est. reading time\" \/>\n\t<meta name=\"twitter:data1\" content=\"1 minute\" \/>\n<script type=\"application\/ld+json\" class=\"yoast-schema-graph\">{\"@context\":\"https:\/\/schema.org\",\"@graph\":[{\"@type\":\"WebPage\",\"@id\":\"https:\/\/italiamachines.com\/boutique\/cafe-glacier-lecheria\/froid-conservation-pour-glace\/vitrine-2\/vitrine-a-glace-par-isa-italy-modele-supercapri-22-m-double-evaporateur-h117-a-24-bacs\/\",\"url\":\"https:\/\/italiamachines.com\/boutique\/cafe-glacier-lecheria\/froid-conservation-pour-glace\/vitrine-2\/vitrine-a-glace-par-isa-italy-modele-supercapri-22-m-double-evaporateur-h117-a-24-bacs\/\",\"name\":\"Vitrine \u00e0 glace mod\u00e8le Supercapri - par ISA Italy | Italia Machines\",\"isPartOf\":{\"@id\":\"https:\/\/italiamachines.com\/#website\"},\"primaryImageOfPage\":{\"@id\":\"https:\/\/italiamachines.com\/boutique\/cafe-glacier-lecheria\/froid-conservation-pour-glace\/vitrine-2\/vitrine-a-glace-par-isa-italy-modele-supercapri-22-m-double-evaporateur-h117-a-24-bacs\/#primaryimage\"},\"image\":{\"@id\":\"https:\/\/italiamachines.com\/boutique\/cafe-glacier-lecheria\/froid-conservation-pour-glace\/vitrine-2\/vitrine-a-glace-par-isa-italy-modele-supercapri-22-m-double-evaporateur-h117-a-24-bacs\/#primaryimage\"},\"thumbnailUrl\":\"https:\/\/italiamachines.com\/wp-content\/uploads\/2023\/07\/SCAPRI_ISA12.jpeg\",\"datePublished\":\"2023-07-30T04:20:45+00:00\",\"dateModified\":\"2024-09-30T22:37:25+00:00\",\"breadcrumb\":{\"@id\":\"https:\/\/italiamachines.com\/boutique\/cafe-glacier-lecheria\/froid-conservation-pour-glace\/vitrine-2\/vitrine-a-glace-par-isa-italy-modele-supercapri-22-m-double-evaporateur-h117-a-24-bacs\/#breadcrumb\"},\"inLanguage\":\"en-US\",\"potentialAction\":[{\"@type\":\"ReadAction\",\"target\":[\"https:\/\/italiamachines.com\/boutique\/cafe-glacier-lecheria\/froid-conservation-pour-glace\/vitrine-2\/vitrine-a-glace-par-isa-italy-modele-supercapri-22-m-double-evaporateur-h117-a-24-bacs\/\"]}]},{\"@type\":\"ImageObject\",\"inLanguage\":\"en-US\",\"@id\":\"https:\/\/italiamachines.com\/boutique\/cafe-glacier-lecheria\/froid-conservation-pour-glace\/vitrine-2\/vitrine-a-glace-par-isa-italy-modele-supercapri-22-m-double-evaporateur-h117-a-24-bacs\/#primaryimage\",\"url\":\"https:\/\/italiamachines.com\/wp-content\/uploads\/2023\/07\/SCAPRI_ISA12.jpeg\",\"contentUrl\":\"https:\/\/italiamachines.com\/wp-content\/uploads\/2023\/07\/SCAPRI_ISA12.jpeg\",\"width\":460,\"height\":460},{\"@type\":\"BreadcrumbList\",\"@id\":\"https:\/\/italiamachines.com\/boutique\/cafe-glacier-lecheria\/froid-conservation-pour-glace\/vitrine-2\/vitrine-a-glace-par-isa-italy-modele-supercapri-22-m-double-evaporateur-h117-a-24-bacs\/#breadcrumb\",\"itemListElement\":[{\"@type\":\"ListItem\",\"position\":1,\"name\":\"Accueil\",\"item\":\"https:\/\/italiamachines.com\/fr_fr\/\"},{\"@type\":\"ListItem\",\"position\":2,\"name\":\"Boutique\",\"item\":\"https:\/\/italiamachines.com\/boutique\/\"},{\"@type\":\"ListItem\",\"position\":3,\"name\":\"Vitrine \u00e0 glace mod\u00e8le Supercapri &#8211; par ISA Italy\"}]},{\"@type\":\"WebSite\",\"@id\":\"https:\/\/italiamachines.com\/#website\",\"url\":\"https:\/\/italiamachines.com\/\",\"name\":\"Italia Machines\",\"description\":\"L&#039;art de l&#039;\u00e9quipement HORECA\",\"publisher\":{\"@id\":\"https:\/\/italiamachines.com\/#organization\"},\"potentialAction\":[{\"@type\":\"SearchAction\",\"target\":{\"@type\":\"EntryPoint\",\"urlTemplate\":\"https:\/\/italiamachines.com\/?s={search_term_string}\"},\"query-input\":{\"@type\":\"PropertyValueSpecification\",\"valueRequired\":true,\"valueName\":\"search_term_string\"}}],\"inLanguage\":\"en-US\"},{\"@type\":\"Organization\",\"@id\":\"https:\/\/italiamachines.com\/#organization\",\"name\":\"italiamachines\",\"url\":\"https:\/\/italiamachines.com\/\",\"logo\":{\"@type\":\"ImageObject\",\"inLanguage\":\"en-US\",\"@id\":\"https:\/\/italiamachines.com\/#\/schema\/logo\/image\/\",\"url\":\"https:\/\/italiamachines.com\/wp-content\/uploads\/2023\/08\/logo-web-1.png\",\"contentUrl\":\"https:\/\/italiamachines.com\/wp-content\/uploads\/2023\/08\/logo-web-1.png\",\"width\":977,\"height\":254,\"caption\":\"italiamachines\"},\"image\":{\"@id\":\"https:\/\/italiamachines.com\/#\/schema\/logo\/image\/\"},\"sameAs\":[\"https:\/\/web.facebook.com\/italiamachines\/\",\"https:\/\/www.instagram.com\/italia.machines\/\"]}]}<\/script>\n<!-- \/ Yoast SEO plugin. -->","yoast_head_json":{"title":"Vitrine \u00e0 glace mod\u00e8le Supercapri - par ISA Italy | Italia Machines","robots":{"index":"index","follow":"follow","max-snippet":"max-snippet:-1","max-image-preview":"max-image-preview:large","max-video-preview":"max-video-preview:-1"},"canonical":"https:\/\/italiamachines.com\/en\/boutique\/cafe-glacier-lecheria\/froid-conservation-pour-glace\/vitrine-2\/vitrine-a-glace-par-isa-italy-modele-supercapri-22-m-double-evaporateur-h117-a-24-bacs\/","og_locale":"en_US","og_type":"article","og_title":"Vitrine \u00e0 glace mod\u00e8le Supercapri - par ISA Italy | Italia Machines","og_description":"Plan d\u2019exposition inclin\u00e9 pour vision panoramique Vitre avant droite en verre feuillet\u00e9 anti-condensation, ouvrante Vitres lat\u00e9rales en double vitrage Vitre sup\u00e9rieure anti-condensation Fermeture arri\u00e8re avec portes coulissantes Tablette de service arri\u00e8re Mobilit\u00e9 avec roulettes pivotantes et freins \u00c9clairage LED D\u00e9cor gris laqu\u00e9 Froid ventil\u00e9 \u00e0 flux ant\u00e9rieur pour temp\u00e9rature uniforme D\u00e9givrage automatique, isolation au cyclopentane&hellip;","og_url":"https:\/\/italiamachines.com\/en\/boutique\/cafe-glacier-lecheria\/froid-conservation-pour-glace\/vitrine-2\/vitrine-a-glace-par-isa-italy-modele-supercapri-22-m-double-evaporateur-h117-a-24-bacs\/","og_site_name":"Italia Machines","article_publisher":"https:\/\/web.facebook.com\/italiamachines\/","article_modified_time":"2024-09-30T22:37:25+00:00","og_image":[{"width":460,"height":460,"url":"https:\/\/italiamachines.com\/wp-content\/uploads\/2023\/07\/SCAPRI_ISA12.jpeg","type":"image\/jpeg"}],"twitter_card":"summary_large_image","twitter_misc":{"Est. reading time":"1 minute"},"schema":{"@context":"https:\/\/schema.org","@graph":[{"@type":"WebPage","@id":"https:\/\/italiamachines.com\/boutique\/cafe-glacier-lecheria\/froid-conservation-pour-glace\/vitrine-2\/vitrine-a-glace-par-isa-italy-modele-supercapri-22-m-double-evaporateur-h117-a-24-bacs\/","url":"https:\/\/italiamachines.com\/boutique\/cafe-glacier-lecheria\/froid-conservation-pour-glace\/vitrine-2\/vitrine-a-glace-par-isa-italy-modele-supercapri-22-m-double-evaporateur-h117-a-24-bacs\/","name":"Vitrine \u00e0 glace mod\u00e8le Supercapri - par ISA Italy | Italia Machines","isPartOf":{"@id":"https:\/\/italiamachines.com\/#website"},"primaryImageOfPage":{"@id":"https:\/\/italiamachines.com\/boutique\/cafe-glacier-lecheria\/froid-conservation-pour-glace\/vitrine-2\/vitrine-a-glace-par-isa-italy-modele-supercapri-22-m-double-evaporateur-h117-a-24-bacs\/#primaryimage"},"image":{"@id":"https:\/\/italiamachines.com\/boutique\/cafe-glacier-lecheria\/froid-conservation-pour-glace\/vitrine-2\/vitrine-a-glace-par-isa-italy-modele-supercapri-22-m-double-evaporateur-h117-a-24-bacs\/#primaryimage"},"thumbnailUrl":"https:\/\/italiamachines.com\/wp-content\/uploads\/2023\/07\/SCAPRI_ISA12.jpeg","datePublished":"2023-07-30T04:20:45+00:00","dateModified":"2024-09-30T22:37:25+00:00","breadcrumb":{"@id":"https:\/\/italiamachines.com\/boutique\/cafe-glacier-lecheria\/froid-conservation-pour-glace\/vitrine-2\/vitrine-a-glace-par-isa-italy-modele-supercapri-22-m-double-evaporateur-h117-a-24-bacs\/#breadcrumb"},"inLanguage":"en-US","potentialAction":[{"@type":"ReadAction","target":["https:\/\/italiamachines.com\/boutique\/cafe-glacier-lecheria\/froid-conservation-pour-glace\/vitrine-2\/vitrine-a-glace-par-isa-italy-modele-supercapri-22-m-double-evaporateur-h117-a-24-bacs\/"]}]},{"@type":"ImageObject","inLanguage":"en-US","@id":"https:\/\/italiamachines.com\/boutique\/cafe-glacier-lecheria\/froid-conservation-pour-glace\/vitrine-2\/vitrine-a-glace-par-isa-italy-modele-supercapri-22-m-double-evaporateur-h117-a-24-bacs\/#primaryimage","url":"https:\/\/italiamachines.com\/wp-content\/uploads\/2023\/07\/SCAPRI_ISA12.jpeg","contentUrl":"https:\/\/italiamachines.com\/wp-content\/uploads\/2023\/07\/SCAPRI_ISA12.jpeg","width":460,"height":460},{"@type":"BreadcrumbList","@id":"https:\/\/italiamachines.com\/boutique\/cafe-glacier-lecheria\/froid-conservation-pour-glace\/vitrine-2\/vitrine-a-glace-par-isa-italy-modele-supercapri-22-m-double-evaporateur-h117-a-24-bacs\/#breadcrumb","itemListElement":[{"@type":"ListItem","position":1,"name":"Accueil","item":"https:\/\/italiamachines.com\/fr_fr\/"},{"@type":"ListItem","position":2,"name":"Boutique","item":"https:\/\/italiamachines.com\/boutique\/"},{"@type":"ListItem","position":3,"name":"Vitrine \u00e0 glace mod\u00e8le Supercapri &#8211; par ISA Italy"}]},{"@type":"WebSite","@id":"https:\/\/italiamachines.com\/#website","url":"https:\/\/italiamachines.com\/","name":"Italia Machines","description":"L&#039;art de l&#039;\u00e9quipement HORECA","publisher":{"@id":"https:\/\/italiamachines.com\/#organization"},"potentialAction":[{"@type":"SearchAction","target":{"@type":"EntryPoint","urlTemplate":"https:\/\/italiamachines.com\/?s={search_term_string}"},"query-input":{"@type":"PropertyValueSpecification","valueRequired":true,"valueName":"search_term_string"}}],"inLanguage":"en-US"},{"@type":"Organization","@id":"https:\/\/italiamachines.com\/#organization","name":"italiamachines","url":"https:\/\/italiamachines.com\/","logo":{"@type":"ImageObject","inLanguage":"en-US","@id":"https:\/\/italiamachines.com\/#\/schema\/logo\/image\/","url":"https:\/\/italiamachines.com\/wp-content\/uploads\/2023\/08\/logo-web-1.png","contentUrl":"https:\/\/italiamachines.com\/wp-content\/uploads\/2023\/08\/logo-web-1.png","width":977,"height":254,"caption":"italiamachines"},"image":{"@id":"https:\/\/italiamachines.com\/#\/schema\/logo\/image\/"},"sameAs":["https:\/\/web.facebook.com\/italiamachines\/","https:\/\/www.instagram.com\/italia.machines\/"]}]}},"_links":{"self":[{"href":"https:\/\/italiamachines.com\/en\/wp-json\/wp\/v2\/product\/5244","targetHints":{"allow":["GET"]}}],"collection":[{"href":"https:\/\/italiamachines.com\/en\/wp-json\/wp\/v2\/product"}],"about":[{"href":"https:\/\/italiamachines.com\/en\/wp-json\/wp\/v2\/types\/product"}],"replies":[{"embeddable":true,"href":"https:\/\/italiamachines.com\/en\/wp-json\/wp\/v2\/comments?post=5244"}],"wp:featuredmedia":[{"embeddable":true,"href":"https:\/\/italiamachines.com\/en\/wp-json\/wp\/v2\/media\/5243"}],"wp:attachment":[{"href":"https:\/\/italiamachines.com\/en\/wp-json\/wp\/v2\/media?parent=5244"}],"wp:term":[{"taxonomy":"product_cat","embeddable":true,"href":"https:\/\/italiamachines.com\/en\/wp-json\/wp\/v2\/product_cat?post=5244"},{"taxonomy":"product_tag","embeddable":true,"href":"https:\/\/italiamachines.com\/en\/wp-json\/wp\/v2\/product_tag?post=5244"}],"curies":[{"name":"wp","href":"https:\/\/api.w.org\/{rel}","templated":true}]}}