{"id":5376,"date":"2023-07-30T04:34:44","date_gmt":"2023-07-30T04:34:44","guid":{"rendered":"https:\/\/prod.italiamachines.com\/product\/surgelateur-15-plaques-par-techfrost-italie\/"},"modified":"2024-09-30T23:47:45","modified_gmt":"2024-09-30T21:47:45","slug":"surgelateur-15-plaques-par-techfrost-italie","status":"publish","type":"product","link":"https:\/\/italiamachines.com\/en\/boutique\/boulangerie-et-patisserie\/patisserie\/froid-et-conservation-pour-patisserie\/surgelateurs-pour-conservation-pour-patisserie\/surgelateur-15-plaques-par-techfrost-italie\/","title":{"rendered":"Surg\u00e9lateur \u00e0 5|8|15 plaques &#8211; par Techfrost"},"content":{"rendered":"<p>ype d&rsquo;\u00e9quipement de r\u00e9frig\u00e9ration pour refroidir ou congeler rapidement les aliments<br \/>\nId\u00e9al pour les \u00e9tablissements de restauration<br \/>\nPermet de pr\u00e9server la fra\u00eecheur et la qualit\u00e9 des aliments<br \/>\nRefroidisseur \u00e0 air puls\u00e9 avec grande capacit\u00e9<br \/>\nCapable de refroidir ou congeler une grande quantit\u00e9 d&rsquo;aliments simultan\u00e9ment<br \/>\nFacile \u00e0 utiliser et \u00e0 manipuler, pratique et efficace<\/p>","protected":false},"excerpt":{"rendered":"<p>ype d&rsquo;\u00e9quipement de r\u00e9frig\u00e9ration pour refroidir ou congeler rapidement les aliments Id\u00e9al pour les \u00e9tablissements de restauration Permet de pr\u00e9server la fra\u00eecheur et la qualit\u00e9 des aliments Refroidisseur \u00e0 air puls\u00e9 avec grande capacit\u00e9 Capable de refroidir ou congeler une grande quantit\u00e9 d&rsquo;aliments simultan\u00e9ment Facile \u00e0 utiliser et \u00e0 manipuler, pratique et efficace<\/p>","protected":false},"featured_media":5379,"comment_status":"open","ping_status":"closed","template":"","meta":[],"product_cat":[65,73,201,80,97,125,237],"product_tag":[],"class_list":{"0":"post-5376","1":"product","2":"type-product","3":"status-publish","4":"has-post-thumbnail","6":"product_cat-cafe-glacier-lecheria","7":"product_cat-froid-conservation-pour-glace","8":"product_cat-froid-et-conservation-pour-patisserie","9":"product_cat-glacier-lecheria","10":"product_cat-patisserie","11":"product_cat-surgelateur-pour-glace","12":"product_cat-surgelateurs-pour-conservation-pour-patisserie","14":"first","15":"instock","16":"shipping-taxable","17":"purchasable","18":"product-type-variable","19":"col-xs-6 col-sm-4","20":"col-md-3 col-lg-3","21":"un-4-cols"},"yoast_head":"<!-- This site is optimized with the Yoast SEO plugin v26.6 - https:\/\/yoast.com\/wordpress\/plugins\/seo\/ -->\n<title>Surg\u00e9lateur \u00e0 5|8|15 plaques - par Techfrost | Italia Machines<\/title>\n<meta name=\"robots\" content=\"index, follow, max-snippet:-1, max-image-preview:large, max-video-preview:-1\" \/>\n<link rel=\"canonical\" href=\"https:\/\/italiamachines.com\/en\/boutique\/boulangerie-et-patisserie\/patisserie\/froid-et-conservation-pour-patisserie\/surgelateurs-pour-conservation-pour-patisserie\/surgelateur-15-plaques-par-techfrost-italie\/\" \/>\n<meta property=\"og:locale\" content=\"en_US\" \/>\n<meta property=\"og:type\" content=\"article\" \/>\n<meta property=\"og:title\" content=\"Surg\u00e9lateur \u00e0 5|8|15 plaques - par Techfrost | Italia Machines\" \/>\n<meta property=\"og:description\" content=\"ype d&rsquo;\u00e9quipement de r\u00e9frig\u00e9ration pour refroidir ou congeler rapidement les aliments Id\u00e9al pour les \u00e9tablissements de restauration Permet de pr\u00e9server la fra\u00eecheur et la qualit\u00e9 des aliments Refroidisseur \u00e0 air puls\u00e9 avec grande capacit\u00e9 Capable de refroidir ou congeler une grande quantit\u00e9 d&rsquo;aliments simultan\u00e9ment Facile \u00e0 utiliser et \u00e0 manipuler, pratique et efficace\" \/>\n<meta property=\"og:url\" content=\"https:\/\/italiamachines.com\/en\/boutique\/boulangerie-et-patisserie\/patisserie\/froid-et-conservation-pour-patisserie\/surgelateurs-pour-conservation-pour-patisserie\/surgelateur-15-plaques-par-techfrost-italie\/\" \/>\n<meta property=\"og:site_name\" content=\"Italia Machines\" \/>\n<meta property=\"article:publisher\" content=\"https:\/\/web.facebook.com\/italiamachines\/\" \/>\n<meta property=\"article:modified_time\" content=\"2024-09-30T21:47:45+00:00\" \/>\n<meta property=\"og:image\" content=\"https:\/\/italiamachines.com\/wp-content\/uploads\/2023\/07\/TECHFROST_E8.jpeg\" \/>\n\t<meta property=\"og:image:width\" content=\"284\" \/>\n\t<meta property=\"og:image:height\" content=\"320\" \/>\n\t<meta property=\"og:image:type\" content=\"image\/jpeg\" \/>\n<meta name=\"twitter:card\" content=\"summary_large_image\" \/>\n<meta name=\"twitter:label1\" content=\"Est. reading time\" \/>\n\t<meta name=\"twitter:data1\" content=\"1 minute\" \/>\n<script type=\"application\/ld+json\" class=\"yoast-schema-graph\">{\"@context\":\"https:\/\/schema.org\",\"@graph\":[{\"@type\":\"WebPage\",\"@id\":\"https:\/\/italiamachines.com\/boutique\/boulangerie-et-patisserie\/patisserie\/froid-et-conservation-pour-patisserie\/surgelateurs-pour-conservation-pour-patisserie\/surgelateur-15-plaques-par-techfrost-italie\/\",\"url\":\"https:\/\/italiamachines.com\/boutique\/boulangerie-et-patisserie\/patisserie\/froid-et-conservation-pour-patisserie\/surgelateurs-pour-conservation-pour-patisserie\/surgelateur-15-plaques-par-techfrost-italie\/\",\"name\":\"Surg\u00e9lateur \u00e0 5|8|15 plaques - par Techfrost | Italia Machines\",\"isPartOf\":{\"@id\":\"https:\/\/italiamachines.com\/#website\"},\"primaryImageOfPage\":{\"@id\":\"https:\/\/italiamachines.com\/boutique\/boulangerie-et-patisserie\/patisserie\/froid-et-conservation-pour-patisserie\/surgelateurs-pour-conservation-pour-patisserie\/surgelateur-15-plaques-par-techfrost-italie\/#primaryimage\"},\"image\":{\"@id\":\"https:\/\/italiamachines.com\/boutique\/boulangerie-et-patisserie\/patisserie\/froid-et-conservation-pour-patisserie\/surgelateurs-pour-conservation-pour-patisserie\/surgelateur-15-plaques-par-techfrost-italie\/#primaryimage\"},\"thumbnailUrl\":\"https:\/\/italiamachines.com\/wp-content\/uploads\/2023\/07\/TECHFROST_E8.jpeg\",\"datePublished\":\"2023-07-30T04:34:44+00:00\",\"dateModified\":\"2024-09-30T21:47:45+00:00\",\"breadcrumb\":{\"@id\":\"https:\/\/italiamachines.com\/boutique\/boulangerie-et-patisserie\/patisserie\/froid-et-conservation-pour-patisserie\/surgelateurs-pour-conservation-pour-patisserie\/surgelateur-15-plaques-par-techfrost-italie\/#breadcrumb\"},\"inLanguage\":\"en-US\",\"potentialAction\":[{\"@type\":\"ReadAction\",\"target\":[\"https:\/\/italiamachines.com\/boutique\/boulangerie-et-patisserie\/patisserie\/froid-et-conservation-pour-patisserie\/surgelateurs-pour-conservation-pour-patisserie\/surgelateur-15-plaques-par-techfrost-italie\/\"]}]},{\"@type\":\"ImageObject\",\"inLanguage\":\"en-US\",\"@id\":\"https:\/\/italiamachines.com\/boutique\/boulangerie-et-patisserie\/patisserie\/froid-et-conservation-pour-patisserie\/surgelateurs-pour-conservation-pour-patisserie\/surgelateur-15-plaques-par-techfrost-italie\/#primaryimage\",\"url\":\"https:\/\/italiamachines.com\/wp-content\/uploads\/2023\/07\/TECHFROST_E8.jpeg\",\"contentUrl\":\"https:\/\/italiamachines.com\/wp-content\/uploads\/2023\/07\/TECHFROST_E8.jpeg\",\"width\":284,\"height\":320},{\"@type\":\"BreadcrumbList\",\"@id\":\"https:\/\/italiamachines.com\/boutique\/boulangerie-et-patisserie\/patisserie\/froid-et-conservation-pour-patisserie\/surgelateurs-pour-conservation-pour-patisserie\/surgelateur-15-plaques-par-techfrost-italie\/#breadcrumb\",\"itemListElement\":[{\"@type\":\"ListItem\",\"position\":1,\"name\":\"Accueil\",\"item\":\"https:\/\/italiamachines.com\/fr_fr\/\"},{\"@type\":\"ListItem\",\"position\":2,\"name\":\"Boutique\",\"item\":\"https:\/\/italiamachines.com\/boutique\/\"},{\"@type\":\"ListItem\",\"position\":3,\"name\":\"Surg\u00e9lateur \u00e0 5|8|15 plaques &#8211; par Techfrost\"}]},{\"@type\":\"WebSite\",\"@id\":\"https:\/\/italiamachines.com\/#website\",\"url\":\"https:\/\/italiamachines.com\/\",\"name\":\"Italia Machines\",\"description\":\"L&#039;art de l&#039;\u00e9quipement HORECA\",\"publisher\":{\"@id\":\"https:\/\/italiamachines.com\/#organization\"},\"potentialAction\":[{\"@type\":\"SearchAction\",\"target\":{\"@type\":\"EntryPoint\",\"urlTemplate\":\"https:\/\/italiamachines.com\/?s={search_term_string}\"},\"query-input\":{\"@type\":\"PropertyValueSpecification\",\"valueRequired\":true,\"valueName\":\"search_term_string\"}}],\"inLanguage\":\"en-US\"},{\"@type\":\"Organization\",\"@id\":\"https:\/\/italiamachines.com\/#organization\",\"name\":\"italiamachines\",\"url\":\"https:\/\/italiamachines.com\/\",\"logo\":{\"@type\":\"ImageObject\",\"inLanguage\":\"en-US\",\"@id\":\"https:\/\/italiamachines.com\/#\/schema\/logo\/image\/\",\"url\":\"https:\/\/italiamachines.com\/wp-content\/uploads\/2023\/08\/logo-web-1.png\",\"contentUrl\":\"https:\/\/italiamachines.com\/wp-content\/uploads\/2023\/08\/logo-web-1.png\",\"width\":977,\"height\":254,\"caption\":\"italiamachines\"},\"image\":{\"@id\":\"https:\/\/italiamachines.com\/#\/schema\/logo\/image\/\"},\"sameAs\":[\"https:\/\/web.facebook.com\/italiamachines\/\",\"https:\/\/www.instagram.com\/italia.machines\/\"]}]}<\/script>\n<!-- \/ Yoast SEO plugin. -->","yoast_head_json":{"title":"Surg\u00e9lateur \u00e0 5|8|15 plaques - par Techfrost | Italia Machines","robots":{"index":"index","follow":"follow","max-snippet":"max-snippet:-1","max-image-preview":"max-image-preview:large","max-video-preview":"max-video-preview:-1"},"canonical":"https:\/\/italiamachines.com\/en\/boutique\/boulangerie-et-patisserie\/patisserie\/froid-et-conservation-pour-patisserie\/surgelateurs-pour-conservation-pour-patisserie\/surgelateur-15-plaques-par-techfrost-italie\/","og_locale":"en_US","og_type":"article","og_title":"Surg\u00e9lateur \u00e0 5|8|15 plaques - par Techfrost | Italia Machines","og_description":"ype d&rsquo;\u00e9quipement de r\u00e9frig\u00e9ration pour refroidir ou congeler rapidement les aliments Id\u00e9al pour les \u00e9tablissements de restauration Permet de pr\u00e9server la fra\u00eecheur et la qualit\u00e9 des aliments Refroidisseur \u00e0 air puls\u00e9 avec grande capacit\u00e9 Capable de refroidir ou congeler une grande quantit\u00e9 d&rsquo;aliments simultan\u00e9ment Facile \u00e0 utiliser et \u00e0 manipuler, pratique et efficace","og_url":"https:\/\/italiamachines.com\/en\/boutique\/boulangerie-et-patisserie\/patisserie\/froid-et-conservation-pour-patisserie\/surgelateurs-pour-conservation-pour-patisserie\/surgelateur-15-plaques-par-techfrost-italie\/","og_site_name":"Italia Machines","article_publisher":"https:\/\/web.facebook.com\/italiamachines\/","article_modified_time":"2024-09-30T21:47:45+00:00","og_image":[{"width":284,"height":320,"url":"https:\/\/italiamachines.com\/wp-content\/uploads\/2023\/07\/TECHFROST_E8.jpeg","type":"image\/jpeg"}],"twitter_card":"summary_large_image","twitter_misc":{"Est. reading time":"1 minute"},"schema":{"@context":"https:\/\/schema.org","@graph":[{"@type":"WebPage","@id":"https:\/\/italiamachines.com\/boutique\/boulangerie-et-patisserie\/patisserie\/froid-et-conservation-pour-patisserie\/surgelateurs-pour-conservation-pour-patisserie\/surgelateur-15-plaques-par-techfrost-italie\/","url":"https:\/\/italiamachines.com\/boutique\/boulangerie-et-patisserie\/patisserie\/froid-et-conservation-pour-patisserie\/surgelateurs-pour-conservation-pour-patisserie\/surgelateur-15-plaques-par-techfrost-italie\/","name":"Surg\u00e9lateur \u00e0 5|8|15 plaques - par Techfrost | Italia Machines","isPartOf":{"@id":"https:\/\/italiamachines.com\/#website"},"primaryImageOfPage":{"@id":"https:\/\/italiamachines.com\/boutique\/boulangerie-et-patisserie\/patisserie\/froid-et-conservation-pour-patisserie\/surgelateurs-pour-conservation-pour-patisserie\/surgelateur-15-plaques-par-techfrost-italie\/#primaryimage"},"image":{"@id":"https:\/\/italiamachines.com\/boutique\/boulangerie-et-patisserie\/patisserie\/froid-et-conservation-pour-patisserie\/surgelateurs-pour-conservation-pour-patisserie\/surgelateur-15-plaques-par-techfrost-italie\/#primaryimage"},"thumbnailUrl":"https:\/\/italiamachines.com\/wp-content\/uploads\/2023\/07\/TECHFROST_E8.jpeg","datePublished":"2023-07-30T04:34:44+00:00","dateModified":"2024-09-30T21:47:45+00:00","breadcrumb":{"@id":"https:\/\/italiamachines.com\/boutique\/boulangerie-et-patisserie\/patisserie\/froid-et-conservation-pour-patisserie\/surgelateurs-pour-conservation-pour-patisserie\/surgelateur-15-plaques-par-techfrost-italie\/#breadcrumb"},"inLanguage":"en-US","potentialAction":[{"@type":"ReadAction","target":["https:\/\/italiamachines.com\/boutique\/boulangerie-et-patisserie\/patisserie\/froid-et-conservation-pour-patisserie\/surgelateurs-pour-conservation-pour-patisserie\/surgelateur-15-plaques-par-techfrost-italie\/"]}]},{"@type":"ImageObject","inLanguage":"en-US","@id":"https:\/\/italiamachines.com\/boutique\/boulangerie-et-patisserie\/patisserie\/froid-et-conservation-pour-patisserie\/surgelateurs-pour-conservation-pour-patisserie\/surgelateur-15-plaques-par-techfrost-italie\/#primaryimage","url":"https:\/\/italiamachines.com\/wp-content\/uploads\/2023\/07\/TECHFROST_E8.jpeg","contentUrl":"https:\/\/italiamachines.com\/wp-content\/uploads\/2023\/07\/TECHFROST_E8.jpeg","width":284,"height":320},{"@type":"BreadcrumbList","@id":"https:\/\/italiamachines.com\/boutique\/boulangerie-et-patisserie\/patisserie\/froid-et-conservation-pour-patisserie\/surgelateurs-pour-conservation-pour-patisserie\/surgelateur-15-plaques-par-techfrost-italie\/#breadcrumb","itemListElement":[{"@type":"ListItem","position":1,"name":"Accueil","item":"https:\/\/italiamachines.com\/fr_fr\/"},{"@type":"ListItem","position":2,"name":"Boutique","item":"https:\/\/italiamachines.com\/boutique\/"},{"@type":"ListItem","position":3,"name":"Surg\u00e9lateur \u00e0 5|8|15 plaques &#8211; par Techfrost"}]},{"@type":"WebSite","@id":"https:\/\/italiamachines.com\/#website","url":"https:\/\/italiamachines.com\/","name":"Italia Machines","description":"L&#039;art de l&#039;\u00e9quipement HORECA","publisher":{"@id":"https:\/\/italiamachines.com\/#organization"},"potentialAction":[{"@type":"SearchAction","target":{"@type":"EntryPoint","urlTemplate":"https:\/\/italiamachines.com\/?s={search_term_string}"},"query-input":{"@type":"PropertyValueSpecification","valueRequired":true,"valueName":"search_term_string"}}],"inLanguage":"en-US"},{"@type":"Organization","@id":"https:\/\/italiamachines.com\/#organization","name":"italiamachines","url":"https:\/\/italiamachines.com\/","logo":{"@type":"ImageObject","inLanguage":"en-US","@id":"https:\/\/italiamachines.com\/#\/schema\/logo\/image\/","url":"https:\/\/italiamachines.com\/wp-content\/uploads\/2023\/08\/logo-web-1.png","contentUrl":"https:\/\/italiamachines.com\/wp-content\/uploads\/2023\/08\/logo-web-1.png","width":977,"height":254,"caption":"italiamachines"},"image":{"@id":"https:\/\/italiamachines.com\/#\/schema\/logo\/image\/"},"sameAs":["https:\/\/web.facebook.com\/italiamachines\/","https:\/\/www.instagram.com\/italia.machines\/"]}]}},"_links":{"self":[{"href":"https:\/\/italiamachines.com\/en\/wp-json\/wp\/v2\/product\/5376","targetHints":{"allow":["GET"]}}],"collection":[{"href":"https:\/\/italiamachines.com\/en\/wp-json\/wp\/v2\/product"}],"about":[{"href":"https:\/\/italiamachines.com\/en\/wp-json\/wp\/v2\/types\/product"}],"replies":[{"embeddable":true,"href":"https:\/\/italiamachines.com\/en\/wp-json\/wp\/v2\/comments?post=5376"}],"wp:featuredmedia":[{"embeddable":true,"href":"https:\/\/italiamachines.com\/en\/wp-json\/wp\/v2\/media\/5379"}],"wp:attachment":[{"href":"https:\/\/italiamachines.com\/en\/wp-json\/wp\/v2\/media?parent=5376"}],"wp:term":[{"taxonomy":"product_cat","embeddable":true,"href":"https:\/\/italiamachines.com\/en\/wp-json\/wp\/v2\/product_cat?post=5376"},{"taxonomy":"product_tag","embeddable":true,"href":"https:\/\/italiamachines.com\/en\/wp-json\/wp\/v2\/product_tag?post=5376"}],"curies":[{"name":"wp","href":"https:\/\/api.w.org\/{rel}","templated":true}]}}