{"id":5390,"date":"2023-07-30T04:36:12","date_gmt":"2023-07-30T04:36:12","guid":{"rendered":"https:\/\/prod.italiamachines.com\/product\/comptoir-refrigere-mastercool-inox-gn1-1-2-portes-avec-plan-de-travail-dosseret-et-evier-dimensions-1420-x-700-x-850\/"},"modified":"2024-09-27T23:03:15","modified_gmt":"2024-09-27T21:03:15","slug":"comptoir-refrigere-mastercool-inox-gn1-1-2-portes-avec-plan-de-travail-dosseret-et-evier-dimensions-1420-x-700-x-850","status":"publish","type":"product","link":"https:\/\/italiamachines.com\/en\/boutique\/boulangerie-et-patisserie\/patisserie\/froid-et-conservation-pour-patisserie\/comptoires-refrigerees-pour-patisserie\/comptoir-refrigere-mastercool-inox-gn1-1-2-portes-avec-plan-de-travail-dosseret-et-evier-dimensions-1420-x-700-x-850\/","title":{"rendered":"Comptoir r\u00e9frig\u00e9r\u00e9 avec \u00e9vier, portes vitr\u00e9es ou en inox par Mastercool"},"content":{"rendered":"<p>Mod\u00e8le ventil\u00e9<br \/>\nPiano avec dosseret et \u00e9vier<br \/>\nPlage de temp\u00e9rature : 0\u00b0C \u00e0 10\u00b0C<br \/>\nAlimentation \u00e9lectrique : VP-Hz 230\/1\/50\/60<br \/>\nClasse \u00e9nerg\u00e9tique : D<br \/>\nDimensions de l&rsquo;\u00e9vier : L 23,5 x P 33 x H 18<br \/>\nTable d&rsquo;essai avec temp\u00e9rature + 43\u00b0C \/ humidit\u00e9 65%.<br \/>\nTemp\u00e9rature de fonctionnement : 0\u00b0C \u00e0 10\u00b0C<br \/>\nGaz r\u00e9frig\u00e9rant R404A \/ R507<br \/>\nDessus en acier inoxydable perfor\u00e9<br \/>\n\u00ab\u00a0Glissi\u00e8res en acier inoxydable \u00ab\u00a0L\u00a0\u00bb et \u00ab\u00a0Z<\/p>","protected":false},"excerpt":{"rendered":"<p>Mod\u00e8le ventil\u00e9 Piano avec dosseret et \u00e9vier Plage de temp\u00e9rature : 0\u00b0C \u00e0 10\u00b0C Alimentation \u00e9lectrique : VP-Hz 230\/1\/50\/60 Classe \u00e9nerg\u00e9tique : D Dimensions de l&rsquo;\u00e9vier : L 23,5 x P 33 x H 18 Table d&rsquo;essai avec temp\u00e9rature + 43\u00b0C \/ humidit\u00e9 65%. Temp\u00e9rature de fonctionnement : 0\u00b0C \u00e0 10\u00b0C Gaz r\u00e9frig\u00e9rant R404A \/&hellip;<\/p>","protected":false},"featured_media":5389,"comment_status":"open","ping_status":"closed","template":"","meta":[],"product_cat":[258,201,97],"product_tag":[],"class_list":{"0":"post-5390","1":"product","2":"type-product","3":"status-publish","4":"has-post-thumbnail","6":"product_cat-comptoires-refrigerees-pour-patisserie","7":"product_cat-froid-et-conservation-pour-patisserie","8":"product_cat-patisserie","10":"first","11":"instock","12":"shipping-taxable","13":"purchasable","14":"product-type-variable","15":"col-xs-6 col-sm-4","16":"col-md-3 col-lg-3","17":"un-4-cols"},"yoast_head":"<!-- This site is optimized with the Yoast SEO plugin v26.6 - https:\/\/yoast.com\/wordpress\/plugins\/seo\/ -->\n<title>Comptoir r\u00e9frig\u00e9r\u00e9 avec \u00e9vier | Italia Machines<\/title>\n<meta name=\"description\" content=\"Comptoir r\u00e9frig\u00e9r\u00e9 avec \u00e9vier et dosseret \u00e0 2,3 ou 4 portes vitr\u00e9es ou en inox . Comptoir fabriqu\u00e9 en acier inoxydable disposant de pieds r\u00e9glables\" \/>\n<meta name=\"robots\" content=\"index, follow, max-snippet:-1, max-image-preview:large, max-video-preview:-1\" \/>\n<link rel=\"canonical\" href=\"https:\/\/italiamachines.com\/en\/boutique\/boulangerie-et-patisserie\/patisserie\/froid-et-conservation-pour-patisserie\/comptoires-refrigerees-pour-patisserie\/comptoir-refrigere-mastercool-inox-gn1-1-2-portes-avec-plan-de-travail-dosseret-et-evier-dimensions-1420-x-700-x-850\/\" \/>\n<meta property=\"og:locale\" content=\"en_US\" \/>\n<meta property=\"og:type\" content=\"article\" \/>\n<meta property=\"og:title\" content=\"Comptoir r\u00e9frig\u00e9r\u00e9 avec \u00e9vier | Italia Machines\" \/>\n<meta property=\"og:description\" content=\"Comptoir r\u00e9frig\u00e9r\u00e9 avec \u00e9vier et dosseret \u00e0 2,3 ou 4 portes vitr\u00e9es ou en inox . Comptoir fabriqu\u00e9 en acier inoxydable disposant de pieds r\u00e9glables\" \/>\n<meta property=\"og:url\" content=\"https:\/\/italiamachines.com\/en\/boutique\/boulangerie-et-patisserie\/patisserie\/froid-et-conservation-pour-patisserie\/comptoires-refrigerees-pour-patisserie\/comptoir-refrigere-mastercool-inox-gn1-1-2-portes-avec-plan-de-travail-dosseret-et-evier-dimensions-1420-x-700-x-850\/\" \/>\n<meta property=\"og:site_name\" content=\"Italia Machines\" \/>\n<meta property=\"article:publisher\" content=\"https:\/\/web.facebook.com\/italiamachines\/\" \/>\n<meta property=\"article:modified_time\" content=\"2024-09-27T21:03:15+00:00\" \/>\n<meta property=\"og:image\" content=\"https:\/\/italiamachines.com\/wp-content\/uploads\/2023\/07\/TF02MIDGNLAL.png\" \/>\n\t<meta property=\"og:image:width\" content=\"1082\" \/>\n\t<meta property=\"og:image:height\" content=\"1082\" \/>\n\t<meta property=\"og:image:type\" content=\"image\/png\" \/>\n<meta name=\"twitter:card\" content=\"summary_large_image\" \/>\n<meta name=\"twitter:label1\" content=\"Est. reading time\" \/>\n\t<meta name=\"twitter:data1\" content=\"1 minute\" \/>\n<script type=\"application\/ld+json\" class=\"yoast-schema-graph\">{\"@context\":\"https:\/\/schema.org\",\"@graph\":[{\"@type\":\"WebPage\",\"@id\":\"https:\/\/italiamachines.com\/boutique\/boulangerie-et-patisserie\/patisserie\/froid-et-conservation-pour-patisserie\/comptoires-refrigerees-pour-patisserie\/comptoir-refrigere-mastercool-inox-gn1-1-2-portes-avec-plan-de-travail-dosseret-et-evier-dimensions-1420-x-700-x-850\/\",\"url\":\"https:\/\/italiamachines.com\/boutique\/boulangerie-et-patisserie\/patisserie\/froid-et-conservation-pour-patisserie\/comptoires-refrigerees-pour-patisserie\/comptoir-refrigere-mastercool-inox-gn1-1-2-portes-avec-plan-de-travail-dosseret-et-evier-dimensions-1420-x-700-x-850\/\",\"name\":\"Comptoir r\u00e9frig\u00e9r\u00e9 avec \u00e9vier | Italia Machines\",\"isPartOf\":{\"@id\":\"https:\/\/italiamachines.com\/#website\"},\"primaryImageOfPage\":{\"@id\":\"https:\/\/italiamachines.com\/boutique\/boulangerie-et-patisserie\/patisserie\/froid-et-conservation-pour-patisserie\/comptoires-refrigerees-pour-patisserie\/comptoir-refrigere-mastercool-inox-gn1-1-2-portes-avec-plan-de-travail-dosseret-et-evier-dimensions-1420-x-700-x-850\/#primaryimage\"},\"image\":{\"@id\":\"https:\/\/italiamachines.com\/boutique\/boulangerie-et-patisserie\/patisserie\/froid-et-conservation-pour-patisserie\/comptoires-refrigerees-pour-patisserie\/comptoir-refrigere-mastercool-inox-gn1-1-2-portes-avec-plan-de-travail-dosseret-et-evier-dimensions-1420-x-700-x-850\/#primaryimage\"},\"thumbnailUrl\":\"https:\/\/italiamachines.com\/wp-content\/uploads\/2023\/07\/TF02MIDGNLAL.png\",\"datePublished\":\"2023-07-30T04:36:12+00:00\",\"dateModified\":\"2024-09-27T21:03:15+00:00\",\"description\":\"Comptoir r\u00e9frig\u00e9r\u00e9 avec \u00e9vier et dosseret \u00e0 2,3 ou 4 portes vitr\u00e9es ou en inox . Comptoir fabriqu\u00e9 en acier inoxydable disposant de pieds r\u00e9glables\",\"breadcrumb\":{\"@id\":\"https:\/\/italiamachines.com\/boutique\/boulangerie-et-patisserie\/patisserie\/froid-et-conservation-pour-patisserie\/comptoires-refrigerees-pour-patisserie\/comptoir-refrigere-mastercool-inox-gn1-1-2-portes-avec-plan-de-travail-dosseret-et-evier-dimensions-1420-x-700-x-850\/#breadcrumb\"},\"inLanguage\":\"en-US\",\"potentialAction\":[{\"@type\":\"ReadAction\",\"target\":[\"https:\/\/italiamachines.com\/boutique\/boulangerie-et-patisserie\/patisserie\/froid-et-conservation-pour-patisserie\/comptoires-refrigerees-pour-patisserie\/comptoir-refrigere-mastercool-inox-gn1-1-2-portes-avec-plan-de-travail-dosseret-et-evier-dimensions-1420-x-700-x-850\/\"]}]},{\"@type\":\"ImageObject\",\"inLanguage\":\"en-US\",\"@id\":\"https:\/\/italiamachines.com\/boutique\/boulangerie-et-patisserie\/patisserie\/froid-et-conservation-pour-patisserie\/comptoires-refrigerees-pour-patisserie\/comptoir-refrigere-mastercool-inox-gn1-1-2-portes-avec-plan-de-travail-dosseret-et-evier-dimensions-1420-x-700-x-850\/#primaryimage\",\"url\":\"https:\/\/italiamachines.com\/wp-content\/uploads\/2023\/07\/TF02MIDGNLAL.png\",\"contentUrl\":\"https:\/\/italiamachines.com\/wp-content\/uploads\/2023\/07\/TF02MIDGNLAL.png\",\"width\":1082,\"height\":1082,\"caption\":\"Comptoir r\u00e9frig\u00e9r\u00e9 avec \u00e9vier\"},{\"@type\":\"BreadcrumbList\",\"@id\":\"https:\/\/italiamachines.com\/boutique\/boulangerie-et-patisserie\/patisserie\/froid-et-conservation-pour-patisserie\/comptoires-refrigerees-pour-patisserie\/comptoir-refrigere-mastercool-inox-gn1-1-2-portes-avec-plan-de-travail-dosseret-et-evier-dimensions-1420-x-700-x-850\/#breadcrumb\",\"itemListElement\":[{\"@type\":\"ListItem\",\"position\":1,\"name\":\"Accueil\",\"item\":\"https:\/\/italiamachines.com\/fr_fr\/\"},{\"@type\":\"ListItem\",\"position\":2,\"name\":\"Boutique\",\"item\":\"https:\/\/italiamachines.com\/boutique\/\"},{\"@type\":\"ListItem\",\"position\":3,\"name\":\"Comptoir r\u00e9frig\u00e9r\u00e9 avec \u00e9vier, portes vitr\u00e9es ou en inox par Mastercool\"}]},{\"@type\":\"WebSite\",\"@id\":\"https:\/\/italiamachines.com\/#website\",\"url\":\"https:\/\/italiamachines.com\/\",\"name\":\"Italia Machines\",\"description\":\"L&#039;art de l&#039;\u00e9quipement HORECA\",\"publisher\":{\"@id\":\"https:\/\/italiamachines.com\/#organization\"},\"potentialAction\":[{\"@type\":\"SearchAction\",\"target\":{\"@type\":\"EntryPoint\",\"urlTemplate\":\"https:\/\/italiamachines.com\/?s={search_term_string}\"},\"query-input\":{\"@type\":\"PropertyValueSpecification\",\"valueRequired\":true,\"valueName\":\"search_term_string\"}}],\"inLanguage\":\"en-US\"},{\"@type\":\"Organization\",\"@id\":\"https:\/\/italiamachines.com\/#organization\",\"name\":\"italiamachines\",\"url\":\"https:\/\/italiamachines.com\/\",\"logo\":{\"@type\":\"ImageObject\",\"inLanguage\":\"en-US\",\"@id\":\"https:\/\/italiamachines.com\/#\/schema\/logo\/image\/\",\"url\":\"https:\/\/italiamachines.com\/wp-content\/uploads\/2023\/08\/logo-web-1.png\",\"contentUrl\":\"https:\/\/italiamachines.com\/wp-content\/uploads\/2023\/08\/logo-web-1.png\",\"width\":977,\"height\":254,\"caption\":\"italiamachines\"},\"image\":{\"@id\":\"https:\/\/italiamachines.com\/#\/schema\/logo\/image\/\"},\"sameAs\":[\"https:\/\/web.facebook.com\/italiamachines\/\",\"https:\/\/www.instagram.com\/italia.machines\/\"]}]}<\/script>\n<!-- \/ Yoast SEO plugin. -->","yoast_head_json":{"title":"Comptoir r\u00e9frig\u00e9r\u00e9 avec \u00e9vier | Italia Machines","description":"Comptoir r\u00e9frig\u00e9r\u00e9 avec \u00e9vier et dosseret \u00e0 2,3 ou 4 portes vitr\u00e9es ou en inox . Comptoir fabriqu\u00e9 en acier inoxydable disposant de pieds r\u00e9glables","robots":{"index":"index","follow":"follow","max-snippet":"max-snippet:-1","max-image-preview":"max-image-preview:large","max-video-preview":"max-video-preview:-1"},"canonical":"https:\/\/italiamachines.com\/en\/boutique\/boulangerie-et-patisserie\/patisserie\/froid-et-conservation-pour-patisserie\/comptoires-refrigerees-pour-patisserie\/comptoir-refrigere-mastercool-inox-gn1-1-2-portes-avec-plan-de-travail-dosseret-et-evier-dimensions-1420-x-700-x-850\/","og_locale":"en_US","og_type":"article","og_title":"Comptoir r\u00e9frig\u00e9r\u00e9 avec \u00e9vier | Italia Machines","og_description":"Comptoir r\u00e9frig\u00e9r\u00e9 avec \u00e9vier et dosseret \u00e0 2,3 ou 4 portes vitr\u00e9es ou en inox . Comptoir fabriqu\u00e9 en acier inoxydable disposant de pieds r\u00e9glables","og_url":"https:\/\/italiamachines.com\/en\/boutique\/boulangerie-et-patisserie\/patisserie\/froid-et-conservation-pour-patisserie\/comptoires-refrigerees-pour-patisserie\/comptoir-refrigere-mastercool-inox-gn1-1-2-portes-avec-plan-de-travail-dosseret-et-evier-dimensions-1420-x-700-x-850\/","og_site_name":"Italia Machines","article_publisher":"https:\/\/web.facebook.com\/italiamachines\/","article_modified_time":"2024-09-27T21:03:15+00:00","og_image":[{"width":1082,"height":1082,"url":"https:\/\/italiamachines.com\/wp-content\/uploads\/2023\/07\/TF02MIDGNLAL.png","type":"image\/png"}],"twitter_card":"summary_large_image","twitter_misc":{"Est. reading time":"1 minute"},"schema":{"@context":"https:\/\/schema.org","@graph":[{"@type":"WebPage","@id":"https:\/\/italiamachines.com\/boutique\/boulangerie-et-patisserie\/patisserie\/froid-et-conservation-pour-patisserie\/comptoires-refrigerees-pour-patisserie\/comptoir-refrigere-mastercool-inox-gn1-1-2-portes-avec-plan-de-travail-dosseret-et-evier-dimensions-1420-x-700-x-850\/","url":"https:\/\/italiamachines.com\/boutique\/boulangerie-et-patisserie\/patisserie\/froid-et-conservation-pour-patisserie\/comptoires-refrigerees-pour-patisserie\/comptoir-refrigere-mastercool-inox-gn1-1-2-portes-avec-plan-de-travail-dosseret-et-evier-dimensions-1420-x-700-x-850\/","name":"Comptoir r\u00e9frig\u00e9r\u00e9 avec \u00e9vier | Italia Machines","isPartOf":{"@id":"https:\/\/italiamachines.com\/#website"},"primaryImageOfPage":{"@id":"https:\/\/italiamachines.com\/boutique\/boulangerie-et-patisserie\/patisserie\/froid-et-conservation-pour-patisserie\/comptoires-refrigerees-pour-patisserie\/comptoir-refrigere-mastercool-inox-gn1-1-2-portes-avec-plan-de-travail-dosseret-et-evier-dimensions-1420-x-700-x-850\/#primaryimage"},"image":{"@id":"https:\/\/italiamachines.com\/boutique\/boulangerie-et-patisserie\/patisserie\/froid-et-conservation-pour-patisserie\/comptoires-refrigerees-pour-patisserie\/comptoir-refrigere-mastercool-inox-gn1-1-2-portes-avec-plan-de-travail-dosseret-et-evier-dimensions-1420-x-700-x-850\/#primaryimage"},"thumbnailUrl":"https:\/\/italiamachines.com\/wp-content\/uploads\/2023\/07\/TF02MIDGNLAL.png","datePublished":"2023-07-30T04:36:12+00:00","dateModified":"2024-09-27T21:03:15+00:00","description":"Comptoir r\u00e9frig\u00e9r\u00e9 avec \u00e9vier et dosseret \u00e0 2,3 ou 4 portes vitr\u00e9es ou en inox . Comptoir fabriqu\u00e9 en acier inoxydable disposant de pieds r\u00e9glables","breadcrumb":{"@id":"https:\/\/italiamachines.com\/boutique\/boulangerie-et-patisserie\/patisserie\/froid-et-conservation-pour-patisserie\/comptoires-refrigerees-pour-patisserie\/comptoir-refrigere-mastercool-inox-gn1-1-2-portes-avec-plan-de-travail-dosseret-et-evier-dimensions-1420-x-700-x-850\/#breadcrumb"},"inLanguage":"en-US","potentialAction":[{"@type":"ReadAction","target":["https:\/\/italiamachines.com\/boutique\/boulangerie-et-patisserie\/patisserie\/froid-et-conservation-pour-patisserie\/comptoires-refrigerees-pour-patisserie\/comptoir-refrigere-mastercool-inox-gn1-1-2-portes-avec-plan-de-travail-dosseret-et-evier-dimensions-1420-x-700-x-850\/"]}]},{"@type":"ImageObject","inLanguage":"en-US","@id":"https:\/\/italiamachines.com\/boutique\/boulangerie-et-patisserie\/patisserie\/froid-et-conservation-pour-patisserie\/comptoires-refrigerees-pour-patisserie\/comptoir-refrigere-mastercool-inox-gn1-1-2-portes-avec-plan-de-travail-dosseret-et-evier-dimensions-1420-x-700-x-850\/#primaryimage","url":"https:\/\/italiamachines.com\/wp-content\/uploads\/2023\/07\/TF02MIDGNLAL.png","contentUrl":"https:\/\/italiamachines.com\/wp-content\/uploads\/2023\/07\/TF02MIDGNLAL.png","width":1082,"height":1082,"caption":"Comptoir r\u00e9frig\u00e9r\u00e9 avec \u00e9vier"},{"@type":"BreadcrumbList","@id":"https:\/\/italiamachines.com\/boutique\/boulangerie-et-patisserie\/patisserie\/froid-et-conservation-pour-patisserie\/comptoires-refrigerees-pour-patisserie\/comptoir-refrigere-mastercool-inox-gn1-1-2-portes-avec-plan-de-travail-dosseret-et-evier-dimensions-1420-x-700-x-850\/#breadcrumb","itemListElement":[{"@type":"ListItem","position":1,"name":"Accueil","item":"https:\/\/italiamachines.com\/fr_fr\/"},{"@type":"ListItem","position":2,"name":"Boutique","item":"https:\/\/italiamachines.com\/boutique\/"},{"@type":"ListItem","position":3,"name":"Comptoir r\u00e9frig\u00e9r\u00e9 avec \u00e9vier, portes vitr\u00e9es ou en inox par Mastercool"}]},{"@type":"WebSite","@id":"https:\/\/italiamachines.com\/#website","url":"https:\/\/italiamachines.com\/","name":"Italia Machines","description":"L&#039;art de l&#039;\u00e9quipement HORECA","publisher":{"@id":"https:\/\/italiamachines.com\/#organization"},"potentialAction":[{"@type":"SearchAction","target":{"@type":"EntryPoint","urlTemplate":"https:\/\/italiamachines.com\/?s={search_term_string}"},"query-input":{"@type":"PropertyValueSpecification","valueRequired":true,"valueName":"search_term_string"}}],"inLanguage":"en-US"},{"@type":"Organization","@id":"https:\/\/italiamachines.com\/#organization","name":"italiamachines","url":"https:\/\/italiamachines.com\/","logo":{"@type":"ImageObject","inLanguage":"en-US","@id":"https:\/\/italiamachines.com\/#\/schema\/logo\/image\/","url":"https:\/\/italiamachines.com\/wp-content\/uploads\/2023\/08\/logo-web-1.png","contentUrl":"https:\/\/italiamachines.com\/wp-content\/uploads\/2023\/08\/logo-web-1.png","width":977,"height":254,"caption":"italiamachines"},"image":{"@id":"https:\/\/italiamachines.com\/#\/schema\/logo\/image\/"},"sameAs":["https:\/\/web.facebook.com\/italiamachines\/","https:\/\/www.instagram.com\/italia.machines\/"]}]}},"_links":{"self":[{"href":"https:\/\/italiamachines.com\/en\/wp-json\/wp\/v2\/product\/5390","targetHints":{"allow":["GET"]}}],"collection":[{"href":"https:\/\/italiamachines.com\/en\/wp-json\/wp\/v2\/product"}],"about":[{"href":"https:\/\/italiamachines.com\/en\/wp-json\/wp\/v2\/types\/product"}],"replies":[{"embeddable":true,"href":"https:\/\/italiamachines.com\/en\/wp-json\/wp\/v2\/comments?post=5390"}],"wp:featuredmedia":[{"embeddable":true,"href":"https:\/\/italiamachines.com\/en\/wp-json\/wp\/v2\/media\/5389"}],"wp:attachment":[{"href":"https:\/\/italiamachines.com\/en\/wp-json\/wp\/v2\/media?parent=5390"}],"wp:term":[{"taxonomy":"product_cat","embeddable":true,"href":"https:\/\/italiamachines.com\/en\/wp-json\/wp\/v2\/product_cat?post=5390"},{"taxonomy":"product_tag","embeddable":true,"href":"https:\/\/italiamachines.com\/en\/wp-json\/wp\/v2\/product_tag?post=5390"}],"curies":[{"name":"wp","href":"https:\/\/api.w.org\/{rel}","templated":true}]}}