{"id":5449,"date":"2023-07-30T04:41:46","date_gmt":"2023-07-30T04:41:46","guid":{"rendered":"https:\/\/prod.italiamachines.com\/product\/table-de-travail-en-inox-avec-portes-coulissantes-dimensions-2000-x-560-x-850-mm\/"},"modified":"2023-07-30T04:41:46","modified_gmt":"2023-07-30T04:41:46","slug":"table-de-travail-en-inox-avec-portes-coulissantes-dimensions-2000-x-560-x-850-mm","status":"publish","type":"product","link":"https:\/\/italiamachines.com\/en\/boutique\/restaurant-snack-et-pizzeria\/froid-conservation-pour-restauration\/table-a-pizza-pour-restauration\/table-de-travail-en-inox-avec-portes-coulissantes-dimensions-2000-x-560-x-850-mm\/","title":{"rendered":"Table de travail en inox avec portes coulissantes &#8211; Dimensions : 2000 x 560 x 850 mm"},"content":{"rendered":"<p>Table armoire inox avec portes coulissantes Gastro M 2000 x 700 x 850mm s&rsquo;adapte parfaitement pour une utilisation dans les cuisines professionnelles.<br \/>\nDimensions 850(H) x 2000(L) x 700(P)mm<br \/>\nMat\u00e9riel Acier inoxydable<br \/>\nEnti\u00e8rement en inox AISI 430<br \/>\nRenforc\u00e9 avec 18mm d&rsquo;agglom\u00e9r\u00e9 m\u00e9lamin\u00e9<br \/>\nHauteur r\u00e9glable de 850 \u00e0 920mm<br \/>\nPieds r\u00e9glables pour les sols irr\u00e9guliers<\/p>","protected":false},"excerpt":{"rendered":"<p>Table armoire inox avec portes coulissantes Gastro M 2000 x 700 x 850mm s&rsquo;adapte parfaitement pour une utilisation dans les cuisines professionnelles. Dimensions 850(H) x 2000(L) x 700(P)mm Mat\u00e9riel Acier inoxydable Enti\u00e8rement en inox AISI 430 Renforc\u00e9 avec 18mm d&rsquo;agglom\u00e9r\u00e9 m\u00e9lamin\u00e9 Hauteur r\u00e9glable de 850 \u00e0 920mm Pieds r\u00e9glables pour les sols irr\u00e9guliers<\/p>","protected":false},"featured_media":5448,"comment_status":"open","ping_status":"closed","template":"","meta":[],"product_cat":[71,200,112,127,238],"product_tag":[],"class_list":{"0":"post-5449","1":"product","2":"type-product","3":"status-publish","4":"has-post-thumbnail","6":"product_cat-froid-conservation","7":"product_cat-froid-conservation-pour-restauration","8":"product_cat-restaurant-snack-et-pizzeria","9":"product_cat-table-a-pizza","10":"product_cat-table-a-pizza-pour-restauration","12":"first","13":"instock","14":"shipping-taxable","15":"purchasable","16":"product-type-simple","17":"col-xs-6 col-sm-4","18":"col-md-3 col-lg-3","19":"un-4-cols"},"yoast_head":"<!-- This site is optimized with the Yoast SEO plugin v26.6 - https:\/\/yoast.com\/wordpress\/plugins\/seo\/ -->\n<title>Table de travail en inox avec portes coulissantes - Dimensions : 2000 x 560 x 850 mm | Italia Machines<\/title>\n<meta name=\"robots\" content=\"index, follow, max-snippet:-1, max-image-preview:large, max-video-preview:-1\" \/>\n<link rel=\"canonical\" href=\"https:\/\/italiamachines.com\/en\/boutique\/restaurant-snack-et-pizzeria\/froid-conservation-pour-restauration\/table-a-pizza-pour-restauration\/table-de-travail-en-inox-avec-portes-coulissantes-dimensions-2000-x-560-x-850-mm\/\" \/>\n<meta property=\"og:locale\" content=\"en_US\" \/>\n<meta property=\"og:type\" content=\"article\" \/>\n<meta property=\"og:title\" content=\"Table de travail en inox avec portes coulissantes - Dimensions : 2000 x 560 x 850 mm | Italia Machines\" \/>\n<meta property=\"og:description\" content=\"Table armoire inox avec portes coulissantes Gastro M 2000 x 700 x 850mm s&rsquo;adapte parfaitement pour une utilisation dans les cuisines professionnelles. Dimensions 850(H) x 2000(L) x 700(P)mm Mat\u00e9riel Acier inoxydable Enti\u00e8rement en inox AISI 430 Renforc\u00e9 avec 18mm d&rsquo;agglom\u00e9r\u00e9 m\u00e9lamin\u00e9 Hauteur r\u00e9glable de 850 \u00e0 920mm Pieds r\u00e9glables pour les sols irr\u00e9guliers\" \/>\n<meta property=\"og:url\" content=\"https:\/\/italiamachines.com\/en\/boutique\/restaurant-snack-et-pizzeria\/froid-conservation-pour-restauration\/table-a-pizza-pour-restauration\/table-de-travail-en-inox-avec-portes-coulissantes-dimensions-2000-x-560-x-850-mm\/\" \/>\n<meta property=\"og:site_name\" content=\"Italia Machines\" \/>\n<meta property=\"article:publisher\" content=\"https:\/\/web.facebook.com\/italiamachines\/\" \/>\n<meta property=\"og:image\" content=\"https:\/\/italiamachines.com\/wp-content\/uploads\/2023\/07\/TNPC-1.jpeg\" \/>\n\t<meta property=\"og:image:width\" content=\"627\" \/>\n\t<meta property=\"og:image:height\" content=\"627\" \/>\n\t<meta property=\"og:image:type\" content=\"image\/jpeg\" \/>\n<meta name=\"twitter:card\" content=\"summary_large_image\" \/>\n<script type=\"application\/ld+json\" class=\"yoast-schema-graph\">{\"@context\":\"https:\/\/schema.org\",\"@graph\":[{\"@type\":\"WebPage\",\"@id\":\"https:\/\/italiamachines.com\/boutique\/restaurant-snack-et-pizzeria\/froid-conservation-pour-restauration\/table-a-pizza-pour-restauration\/table-de-travail-en-inox-avec-portes-coulissantes-dimensions-2000-x-560-x-850-mm\/\",\"url\":\"https:\/\/italiamachines.com\/boutique\/restaurant-snack-et-pizzeria\/froid-conservation-pour-restauration\/table-a-pizza-pour-restauration\/table-de-travail-en-inox-avec-portes-coulissantes-dimensions-2000-x-560-x-850-mm\/\",\"name\":\"Table de travail en inox avec portes coulissantes - Dimensions : 2000 x 560 x 850 mm | Italia Machines\",\"isPartOf\":{\"@id\":\"https:\/\/italiamachines.com\/#website\"},\"primaryImageOfPage\":{\"@id\":\"https:\/\/italiamachines.com\/boutique\/restaurant-snack-et-pizzeria\/froid-conservation-pour-restauration\/table-a-pizza-pour-restauration\/table-de-travail-en-inox-avec-portes-coulissantes-dimensions-2000-x-560-x-850-mm\/#primaryimage\"},\"image\":{\"@id\":\"https:\/\/italiamachines.com\/boutique\/restaurant-snack-et-pizzeria\/froid-conservation-pour-restauration\/table-a-pizza-pour-restauration\/table-de-travail-en-inox-avec-portes-coulissantes-dimensions-2000-x-560-x-850-mm\/#primaryimage\"},\"thumbnailUrl\":\"https:\/\/italiamachines.com\/wp-content\/uploads\/2023\/07\/TNPC-1.jpeg\",\"datePublished\":\"2023-07-30T04:41:46+00:00\",\"breadcrumb\":{\"@id\":\"https:\/\/italiamachines.com\/boutique\/restaurant-snack-et-pizzeria\/froid-conservation-pour-restauration\/table-a-pizza-pour-restauration\/table-de-travail-en-inox-avec-portes-coulissantes-dimensions-2000-x-560-x-850-mm\/#breadcrumb\"},\"inLanguage\":\"en-US\",\"potentialAction\":[{\"@type\":\"ReadAction\",\"target\":[\"https:\/\/italiamachines.com\/boutique\/restaurant-snack-et-pizzeria\/froid-conservation-pour-restauration\/table-a-pizza-pour-restauration\/table-de-travail-en-inox-avec-portes-coulissantes-dimensions-2000-x-560-x-850-mm\/\"]}]},{\"@type\":\"ImageObject\",\"inLanguage\":\"en-US\",\"@id\":\"https:\/\/italiamachines.com\/boutique\/restaurant-snack-et-pizzeria\/froid-conservation-pour-restauration\/table-a-pizza-pour-restauration\/table-de-travail-en-inox-avec-portes-coulissantes-dimensions-2000-x-560-x-850-mm\/#primaryimage\",\"url\":\"https:\/\/italiamachines.com\/wp-content\/uploads\/2023\/07\/TNPC-1.jpeg\",\"contentUrl\":\"https:\/\/italiamachines.com\/wp-content\/uploads\/2023\/07\/TNPC-1.jpeg\",\"width\":627,\"height\":627},{\"@type\":\"BreadcrumbList\",\"@id\":\"https:\/\/italiamachines.com\/boutique\/restaurant-snack-et-pizzeria\/froid-conservation-pour-restauration\/table-a-pizza-pour-restauration\/table-de-travail-en-inox-avec-portes-coulissantes-dimensions-2000-x-560-x-850-mm\/#breadcrumb\",\"itemListElement\":[{\"@type\":\"ListItem\",\"position\":1,\"name\":\"Accueil\",\"item\":\"https:\/\/italiamachines.com\/fr_fr\/\"},{\"@type\":\"ListItem\",\"position\":2,\"name\":\"Boutique\",\"item\":\"https:\/\/italiamachines.com\/boutique\/\"},{\"@type\":\"ListItem\",\"position\":3,\"name\":\"Table de travail en inox avec portes coulissantes &#8211; Dimensions : 2000 x 560 x 850 mm\"}]},{\"@type\":\"WebSite\",\"@id\":\"https:\/\/italiamachines.com\/#website\",\"url\":\"https:\/\/italiamachines.com\/\",\"name\":\"Italia Machines\",\"description\":\"L&#039;art de l&#039;\u00e9quipement HORECA\",\"publisher\":{\"@id\":\"https:\/\/italiamachines.com\/#organization\"},\"potentialAction\":[{\"@type\":\"SearchAction\",\"target\":{\"@type\":\"EntryPoint\",\"urlTemplate\":\"https:\/\/italiamachines.com\/?s={search_term_string}\"},\"query-input\":{\"@type\":\"PropertyValueSpecification\",\"valueRequired\":true,\"valueName\":\"search_term_string\"}}],\"inLanguage\":\"en-US\"},{\"@type\":\"Organization\",\"@id\":\"https:\/\/italiamachines.com\/#organization\",\"name\":\"italiamachines\",\"url\":\"https:\/\/italiamachines.com\/\",\"logo\":{\"@type\":\"ImageObject\",\"inLanguage\":\"en-US\",\"@id\":\"https:\/\/italiamachines.com\/#\/schema\/logo\/image\/\",\"url\":\"https:\/\/italiamachines.com\/wp-content\/uploads\/2023\/08\/logo-web-1.png\",\"contentUrl\":\"https:\/\/italiamachines.com\/wp-content\/uploads\/2023\/08\/logo-web-1.png\",\"width\":977,\"height\":254,\"caption\":\"italiamachines\"},\"image\":{\"@id\":\"https:\/\/italiamachines.com\/#\/schema\/logo\/image\/\"},\"sameAs\":[\"https:\/\/web.facebook.com\/italiamachines\/\",\"https:\/\/www.instagram.com\/italia.machines\/\"]}]}<\/script>\n<!-- \/ Yoast SEO plugin. -->","yoast_head_json":{"title":"Table de travail en inox avec portes coulissantes - Dimensions : 2000 x 560 x 850 mm | Italia Machines","robots":{"index":"index","follow":"follow","max-snippet":"max-snippet:-1","max-image-preview":"max-image-preview:large","max-video-preview":"max-video-preview:-1"},"canonical":"https:\/\/italiamachines.com\/en\/boutique\/restaurant-snack-et-pizzeria\/froid-conservation-pour-restauration\/table-a-pizza-pour-restauration\/table-de-travail-en-inox-avec-portes-coulissantes-dimensions-2000-x-560-x-850-mm\/","og_locale":"en_US","og_type":"article","og_title":"Table de travail en inox avec portes coulissantes - Dimensions : 2000 x 560 x 850 mm | Italia Machines","og_description":"Table armoire inox avec portes coulissantes Gastro M 2000 x 700 x 850mm s&rsquo;adapte parfaitement pour une utilisation dans les cuisines professionnelles. Dimensions 850(H) x 2000(L) x 700(P)mm Mat\u00e9riel Acier inoxydable Enti\u00e8rement en inox AISI 430 Renforc\u00e9 avec 18mm d&rsquo;agglom\u00e9r\u00e9 m\u00e9lamin\u00e9 Hauteur r\u00e9glable de 850 \u00e0 920mm Pieds r\u00e9glables pour les sols irr\u00e9guliers","og_url":"https:\/\/italiamachines.com\/en\/boutique\/restaurant-snack-et-pizzeria\/froid-conservation-pour-restauration\/table-a-pizza-pour-restauration\/table-de-travail-en-inox-avec-portes-coulissantes-dimensions-2000-x-560-x-850-mm\/","og_site_name":"Italia Machines","article_publisher":"https:\/\/web.facebook.com\/italiamachines\/","og_image":[{"width":627,"height":627,"url":"https:\/\/italiamachines.com\/wp-content\/uploads\/2023\/07\/TNPC-1.jpeg","type":"image\/jpeg"}],"twitter_card":"summary_large_image","schema":{"@context":"https:\/\/schema.org","@graph":[{"@type":"WebPage","@id":"https:\/\/italiamachines.com\/boutique\/restaurant-snack-et-pizzeria\/froid-conservation-pour-restauration\/table-a-pizza-pour-restauration\/table-de-travail-en-inox-avec-portes-coulissantes-dimensions-2000-x-560-x-850-mm\/","url":"https:\/\/italiamachines.com\/boutique\/restaurant-snack-et-pizzeria\/froid-conservation-pour-restauration\/table-a-pizza-pour-restauration\/table-de-travail-en-inox-avec-portes-coulissantes-dimensions-2000-x-560-x-850-mm\/","name":"Table de travail en inox avec portes coulissantes - Dimensions : 2000 x 560 x 850 mm | Italia Machines","isPartOf":{"@id":"https:\/\/italiamachines.com\/#website"},"primaryImageOfPage":{"@id":"https:\/\/italiamachines.com\/boutique\/restaurant-snack-et-pizzeria\/froid-conservation-pour-restauration\/table-a-pizza-pour-restauration\/table-de-travail-en-inox-avec-portes-coulissantes-dimensions-2000-x-560-x-850-mm\/#primaryimage"},"image":{"@id":"https:\/\/italiamachines.com\/boutique\/restaurant-snack-et-pizzeria\/froid-conservation-pour-restauration\/table-a-pizza-pour-restauration\/table-de-travail-en-inox-avec-portes-coulissantes-dimensions-2000-x-560-x-850-mm\/#primaryimage"},"thumbnailUrl":"https:\/\/italiamachines.com\/wp-content\/uploads\/2023\/07\/TNPC-1.jpeg","datePublished":"2023-07-30T04:41:46+00:00","breadcrumb":{"@id":"https:\/\/italiamachines.com\/boutique\/restaurant-snack-et-pizzeria\/froid-conservation-pour-restauration\/table-a-pizza-pour-restauration\/table-de-travail-en-inox-avec-portes-coulissantes-dimensions-2000-x-560-x-850-mm\/#breadcrumb"},"inLanguage":"en-US","potentialAction":[{"@type":"ReadAction","target":["https:\/\/italiamachines.com\/boutique\/restaurant-snack-et-pizzeria\/froid-conservation-pour-restauration\/table-a-pizza-pour-restauration\/table-de-travail-en-inox-avec-portes-coulissantes-dimensions-2000-x-560-x-850-mm\/"]}]},{"@type":"ImageObject","inLanguage":"en-US","@id":"https:\/\/italiamachines.com\/boutique\/restaurant-snack-et-pizzeria\/froid-conservation-pour-restauration\/table-a-pizza-pour-restauration\/table-de-travail-en-inox-avec-portes-coulissantes-dimensions-2000-x-560-x-850-mm\/#primaryimage","url":"https:\/\/italiamachines.com\/wp-content\/uploads\/2023\/07\/TNPC-1.jpeg","contentUrl":"https:\/\/italiamachines.com\/wp-content\/uploads\/2023\/07\/TNPC-1.jpeg","width":627,"height":627},{"@type":"BreadcrumbList","@id":"https:\/\/italiamachines.com\/boutique\/restaurant-snack-et-pizzeria\/froid-conservation-pour-restauration\/table-a-pizza-pour-restauration\/table-de-travail-en-inox-avec-portes-coulissantes-dimensions-2000-x-560-x-850-mm\/#breadcrumb","itemListElement":[{"@type":"ListItem","position":1,"name":"Accueil","item":"https:\/\/italiamachines.com\/fr_fr\/"},{"@type":"ListItem","position":2,"name":"Boutique","item":"https:\/\/italiamachines.com\/boutique\/"},{"@type":"ListItem","position":3,"name":"Table de travail en inox avec portes coulissantes &#8211; Dimensions : 2000 x 560 x 850 mm"}]},{"@type":"WebSite","@id":"https:\/\/italiamachines.com\/#website","url":"https:\/\/italiamachines.com\/","name":"Italia Machines","description":"L&#039;art de l&#039;\u00e9quipement HORECA","publisher":{"@id":"https:\/\/italiamachines.com\/#organization"},"potentialAction":[{"@type":"SearchAction","target":{"@type":"EntryPoint","urlTemplate":"https:\/\/italiamachines.com\/?s={search_term_string}"},"query-input":{"@type":"PropertyValueSpecification","valueRequired":true,"valueName":"search_term_string"}}],"inLanguage":"en-US"},{"@type":"Organization","@id":"https:\/\/italiamachines.com\/#organization","name":"italiamachines","url":"https:\/\/italiamachines.com\/","logo":{"@type":"ImageObject","inLanguage":"en-US","@id":"https:\/\/italiamachines.com\/#\/schema\/logo\/image\/","url":"https:\/\/italiamachines.com\/wp-content\/uploads\/2023\/08\/logo-web-1.png","contentUrl":"https:\/\/italiamachines.com\/wp-content\/uploads\/2023\/08\/logo-web-1.png","width":977,"height":254,"caption":"italiamachines"},"image":{"@id":"https:\/\/italiamachines.com\/#\/schema\/logo\/image\/"},"sameAs":["https:\/\/web.facebook.com\/italiamachines\/","https:\/\/www.instagram.com\/italia.machines\/"]}]}},"_links":{"self":[{"href":"https:\/\/italiamachines.com\/en\/wp-json\/wp\/v2\/product\/5449","targetHints":{"allow":["GET"]}}],"collection":[{"href":"https:\/\/italiamachines.com\/en\/wp-json\/wp\/v2\/product"}],"about":[{"href":"https:\/\/italiamachines.com\/en\/wp-json\/wp\/v2\/types\/product"}],"replies":[{"embeddable":true,"href":"https:\/\/italiamachines.com\/en\/wp-json\/wp\/v2\/comments?post=5449"}],"wp:featuredmedia":[{"embeddable":true,"href":"https:\/\/italiamachines.com\/en\/wp-json\/wp\/v2\/media\/5448"}],"wp:attachment":[{"href":"https:\/\/italiamachines.com\/en\/wp-json\/wp\/v2\/media?parent=5449"}],"wp:term":[{"taxonomy":"product_cat","embeddable":true,"href":"https:\/\/italiamachines.com\/en\/wp-json\/wp\/v2\/product_cat?post=5449"},{"taxonomy":"product_tag","embeddable":true,"href":"https:\/\/italiamachines.com\/en\/wp-json\/wp\/v2\/product_tag?post=5449"}],"curies":[{"name":"wp","href":"https:\/\/api.w.org\/{rel}","templated":true}]}}