{"id":5487,"date":"2023-07-30T04:44:33","date_gmt":"2023-07-30T04:44:33","guid":{"rendered":"https:\/\/prod.italiamachines.com\/product\/vitrine-expositorie-infrico-pour-patisserie-dimensions-1505x985x1345-mm\/"},"modified":"2024-10-01T00:49:40","modified_gmt":"2024-09-30T22:49:40","slug":"vitrine-expositoire-infrico-pour-patisserie","status":"publish","type":"product","link":"https:\/\/italiamachines.com\/en\/boutique\/cafe-glacier-lecheria\/cafe-lecheria\/vitrine-posable\/vitrine-expositoire-infrico-pour-patisserie\/","title":{"rendered":"Vitrine expositoire pour p\u00e2tisserie &#8211; par Infrico"},"content":{"rendered":"<p>Vitre droit s\u00e9curit\u00e9 fixe.<br \/>\nCh\u00e2ssis en acier \u00e9maill\u00e9.<br \/>\nOuverture porte d\u2019acc\u00e8s r\u00e9serve de 430x230mm.<br \/>\nD\u00e9coration frontale et joues en DM hydrofuge laqu\u00e9.<br \/>\nD\u00e9coration plinthe en acier inoxydable AISI 304 18\/10.<br \/>\nPlan sup\u00e9rieur en acier inoxydable AISI 304 18\/10.<br \/>\nD\u00e9coration frontale avec \u00e9clairage LED.<br \/>\nPlan d\u2019exposition en acier inoxydable AISI 304 18\/10.<br \/>\n\u00c9clairage LED sur plan d\u2019exposition et \u00e9tag\u00e8re.<br \/>\n\u00c9tag\u00e8res profil\u00e9es en aluminium anodis\u00e9.<br \/>\nPolyur\u00e9thane inject\u00e9 \u00e0 haute pression sans CFC\u2019s, densit\u00e9 40kg\/m3, faible GWP et aucun effet.<br \/>\n\u00c9vaporateur trait\u00e9 anticorrosion 100% polyester.<br \/>\nD\u00e9givrage semi-automatique.<\/p>","protected":false},"excerpt":{"rendered":"<p>Vitre droit s\u00e9curit\u00e9 fixe. Ch\u00e2ssis en acier \u00e9maill\u00e9. Ouverture porte d\u2019acc\u00e8s r\u00e9serve de 430x230mm. D\u00e9coration frontale et joues en DM hydrofuge laqu\u00e9. D\u00e9coration plinthe en acier inoxydable AISI 304 18\/10. Plan sup\u00e9rieur en acier inoxydable AISI 304 18\/10. D\u00e9coration frontale avec \u00e9clairage LED. Plan d\u2019exposition en acier inoxydable AISI 304 18\/10. \u00c9clairage LED sur plan&hellip;<\/p>","protected":false},"featured_media":5486,"comment_status":"open","ping_status":"closed","template":"","meta":[],"product_cat":[160,65,73,79,80,97,141,244,144],"product_tag":[],"class_list":{"0":"post-5487","1":"product","2":"type-product","3":"status-publish","4":"has-post-thumbnail","6":"product_cat-cafe-lecheria","7":"product_cat-cafe-glacier-lecheria","8":"product_cat-froid-conservation-pour-glace","9":"product_cat-glacier","10":"product_cat-glacier-lecheria","11":"product_cat-patisserie","12":"product_cat-vitrine-2","13":"product_cat-vitrine-posable","14":"product_cat-vitrines","16":"first","17":"instock","18":"shipping-taxable","19":"purchasable","20":"product-type-variable","21":"col-xs-6 col-sm-4","22":"col-md-3 col-lg-3","23":"un-4-cols"},"yoast_head":"<!-- This site is optimized with the Yoast SEO plugin v26.6 - https:\/\/yoast.com\/wordpress\/plugins\/seo\/ -->\n<title>Vitrine expositoire pour p\u00e2tisserie - par Infrico | Italia Machines<\/title>\n<meta name=\"description\" content=\"la Vitrine Expositoire Infrico pour p\u00e2tisserie, alliant \u00e9l\u00e9gance et fonctionnalit\u00e9. Avec une structure en acier inoxydable et un \u00e9clairage LED.\" \/>\n<meta name=\"robots\" content=\"index, follow, max-snippet:-1, max-image-preview:large, max-video-preview:-1\" \/>\n<link rel=\"canonical\" href=\"https:\/\/italiamachines.com\/en\/boutique\/cafe-glacier-lecheria\/cafe-lecheria\/vitrine-posable\/vitrine-expositoire-infrico-pour-patisserie\/\" \/>\n<meta property=\"og:locale\" content=\"en_US\" \/>\n<meta property=\"og:type\" content=\"article\" \/>\n<meta property=\"og:title\" content=\"Vitrine expositoire pour p\u00e2tisserie - par Infrico | Italia Machines\" \/>\n<meta property=\"og:description\" content=\"la Vitrine Expositoire Infrico pour p\u00e2tisserie, alliant \u00e9l\u00e9gance et fonctionnalit\u00e9. Avec une structure en acier inoxydable et un \u00e9clairage LED.\" \/>\n<meta property=\"og:url\" content=\"https:\/\/italiamachines.com\/en\/boutique\/cafe-glacier-lecheria\/cafe-lecheria\/vitrine-posable\/vitrine-expositoire-infrico-pour-patisserie\/\" \/>\n<meta property=\"og:site_name\" content=\"Italia Machines\" \/>\n<meta property=\"article:publisher\" content=\"https:\/\/web.facebook.com\/italiamachines\/\" \/>\n<meta property=\"article:modified_time\" content=\"2024-09-30T22:49:40+00:00\" \/>\n<meta property=\"og:image\" content=\"https:\/\/italiamachines.com\/wp-content\/uploads\/2023\/07\/VGL15P-1.jpeg\" \/>\n\t<meta property=\"og:image:width\" content=\"800\" \/>\n\t<meta property=\"og:image:height\" content=\"800\" \/>\n\t<meta property=\"og:image:type\" content=\"image\/jpeg\" \/>\n<meta name=\"twitter:card\" content=\"summary_large_image\" \/>\n<meta name=\"twitter:label1\" content=\"Est. reading time\" \/>\n\t<meta name=\"twitter:data1\" content=\"1 minute\" \/>\n<script type=\"application\/ld+json\" class=\"yoast-schema-graph\">{\"@context\":\"https:\/\/schema.org\",\"@graph\":[{\"@type\":\"WebPage\",\"@id\":\"https:\/\/italiamachines.com\/boutique\/cafe-glacier-lecheria\/cafe-lecheria\/vitrine-posable\/vitrine-expositoire-infrico-pour-patisserie\/\",\"url\":\"https:\/\/italiamachines.com\/boutique\/cafe-glacier-lecheria\/cafe-lecheria\/vitrine-posable\/vitrine-expositoire-infrico-pour-patisserie\/\",\"name\":\"Vitrine expositoire pour p\u00e2tisserie - par Infrico | Italia Machines\",\"isPartOf\":{\"@id\":\"https:\/\/italiamachines.com\/#website\"},\"primaryImageOfPage\":{\"@id\":\"https:\/\/italiamachines.com\/boutique\/cafe-glacier-lecheria\/cafe-lecheria\/vitrine-posable\/vitrine-expositoire-infrico-pour-patisserie\/#primaryimage\"},\"image\":{\"@id\":\"https:\/\/italiamachines.com\/boutique\/cafe-glacier-lecheria\/cafe-lecheria\/vitrine-posable\/vitrine-expositoire-infrico-pour-patisserie\/#primaryimage\"},\"thumbnailUrl\":\"https:\/\/italiamachines.com\/wp-content\/uploads\/2023\/07\/VGL15P-1.jpeg\",\"datePublished\":\"2023-07-30T04:44:33+00:00\",\"dateModified\":\"2024-09-30T22:49:40+00:00\",\"description\":\"la Vitrine Expositoire Infrico pour p\u00e2tisserie, alliant \u00e9l\u00e9gance et fonctionnalit\u00e9. Avec une structure en acier inoxydable et un \u00e9clairage LED.\",\"breadcrumb\":{\"@id\":\"https:\/\/italiamachines.com\/boutique\/cafe-glacier-lecheria\/cafe-lecheria\/vitrine-posable\/vitrine-expositoire-infrico-pour-patisserie\/#breadcrumb\"},\"inLanguage\":\"en-US\",\"potentialAction\":[{\"@type\":\"ReadAction\",\"target\":[\"https:\/\/italiamachines.com\/boutique\/cafe-glacier-lecheria\/cafe-lecheria\/vitrine-posable\/vitrine-expositoire-infrico-pour-patisserie\/\"]}]},{\"@type\":\"ImageObject\",\"inLanguage\":\"en-US\",\"@id\":\"https:\/\/italiamachines.com\/boutique\/cafe-glacier-lecheria\/cafe-lecheria\/vitrine-posable\/vitrine-expositoire-infrico-pour-patisserie\/#primaryimage\",\"url\":\"https:\/\/italiamachines.com\/wp-content\/uploads\/2023\/07\/VGL15P-1.jpeg\",\"contentUrl\":\"https:\/\/italiamachines.com\/wp-content\/uploads\/2023\/07\/VGL15P-1.jpeg\",\"width\":800,\"height\":800,\"caption\":\"Vitrine expositoire - Infrico pour p\u00e2tisserie\"},{\"@type\":\"BreadcrumbList\",\"@id\":\"https:\/\/italiamachines.com\/boutique\/cafe-glacier-lecheria\/cafe-lecheria\/vitrine-posable\/vitrine-expositoire-infrico-pour-patisserie\/#breadcrumb\",\"itemListElement\":[{\"@type\":\"ListItem\",\"position\":1,\"name\":\"Accueil\",\"item\":\"https:\/\/italiamachines.com\/fr_fr\/\"},{\"@type\":\"ListItem\",\"position\":2,\"name\":\"Boutique\",\"item\":\"https:\/\/italiamachines.com\/boutique\/\"},{\"@type\":\"ListItem\",\"position\":3,\"name\":\"Vitrine expositoire pour p\u00e2tisserie &#8211; par Infrico\"}]},{\"@type\":\"WebSite\",\"@id\":\"https:\/\/italiamachines.com\/#website\",\"url\":\"https:\/\/italiamachines.com\/\",\"name\":\"Italia Machines\",\"description\":\"L&#039;art de l&#039;\u00e9quipement HORECA\",\"publisher\":{\"@id\":\"https:\/\/italiamachines.com\/#organization\"},\"potentialAction\":[{\"@type\":\"SearchAction\",\"target\":{\"@type\":\"EntryPoint\",\"urlTemplate\":\"https:\/\/italiamachines.com\/?s={search_term_string}\"},\"query-input\":{\"@type\":\"PropertyValueSpecification\",\"valueRequired\":true,\"valueName\":\"search_term_string\"}}],\"inLanguage\":\"en-US\"},{\"@type\":\"Organization\",\"@id\":\"https:\/\/italiamachines.com\/#organization\",\"name\":\"italiamachines\",\"url\":\"https:\/\/italiamachines.com\/\",\"logo\":{\"@type\":\"ImageObject\",\"inLanguage\":\"en-US\",\"@id\":\"https:\/\/italiamachines.com\/#\/schema\/logo\/image\/\",\"url\":\"https:\/\/italiamachines.com\/wp-content\/uploads\/2023\/08\/logo-web-1.png\",\"contentUrl\":\"https:\/\/italiamachines.com\/wp-content\/uploads\/2023\/08\/logo-web-1.png\",\"width\":977,\"height\":254,\"caption\":\"italiamachines\"},\"image\":{\"@id\":\"https:\/\/italiamachines.com\/#\/schema\/logo\/image\/\"},\"sameAs\":[\"https:\/\/web.facebook.com\/italiamachines\/\",\"https:\/\/www.instagram.com\/italia.machines\/\"]}]}<\/script>\n<!-- \/ Yoast SEO plugin. -->","yoast_head_json":{"title":"Vitrine expositoire pour p\u00e2tisserie - par Infrico | Italia Machines","description":"la Vitrine Expositoire Infrico pour p\u00e2tisserie, alliant \u00e9l\u00e9gance et fonctionnalit\u00e9. Avec une structure en acier inoxydable et un \u00e9clairage LED.","robots":{"index":"index","follow":"follow","max-snippet":"max-snippet:-1","max-image-preview":"max-image-preview:large","max-video-preview":"max-video-preview:-1"},"canonical":"https:\/\/italiamachines.com\/en\/boutique\/cafe-glacier-lecheria\/cafe-lecheria\/vitrine-posable\/vitrine-expositoire-infrico-pour-patisserie\/","og_locale":"en_US","og_type":"article","og_title":"Vitrine expositoire pour p\u00e2tisserie - par Infrico | Italia Machines","og_description":"la Vitrine Expositoire Infrico pour p\u00e2tisserie, alliant \u00e9l\u00e9gance et fonctionnalit\u00e9. Avec une structure en acier inoxydable et un \u00e9clairage LED.","og_url":"https:\/\/italiamachines.com\/en\/boutique\/cafe-glacier-lecheria\/cafe-lecheria\/vitrine-posable\/vitrine-expositoire-infrico-pour-patisserie\/","og_site_name":"Italia Machines","article_publisher":"https:\/\/web.facebook.com\/italiamachines\/","article_modified_time":"2024-09-30T22:49:40+00:00","og_image":[{"width":800,"height":800,"url":"https:\/\/italiamachines.com\/wp-content\/uploads\/2023\/07\/VGL15P-1.jpeg","type":"image\/jpeg"}],"twitter_card":"summary_large_image","twitter_misc":{"Est. reading time":"1 minute"},"schema":{"@context":"https:\/\/schema.org","@graph":[{"@type":"WebPage","@id":"https:\/\/italiamachines.com\/boutique\/cafe-glacier-lecheria\/cafe-lecheria\/vitrine-posable\/vitrine-expositoire-infrico-pour-patisserie\/","url":"https:\/\/italiamachines.com\/boutique\/cafe-glacier-lecheria\/cafe-lecheria\/vitrine-posable\/vitrine-expositoire-infrico-pour-patisserie\/","name":"Vitrine expositoire pour p\u00e2tisserie - par Infrico | Italia Machines","isPartOf":{"@id":"https:\/\/italiamachines.com\/#website"},"primaryImageOfPage":{"@id":"https:\/\/italiamachines.com\/boutique\/cafe-glacier-lecheria\/cafe-lecheria\/vitrine-posable\/vitrine-expositoire-infrico-pour-patisserie\/#primaryimage"},"image":{"@id":"https:\/\/italiamachines.com\/boutique\/cafe-glacier-lecheria\/cafe-lecheria\/vitrine-posable\/vitrine-expositoire-infrico-pour-patisserie\/#primaryimage"},"thumbnailUrl":"https:\/\/italiamachines.com\/wp-content\/uploads\/2023\/07\/VGL15P-1.jpeg","datePublished":"2023-07-30T04:44:33+00:00","dateModified":"2024-09-30T22:49:40+00:00","description":"la Vitrine Expositoire Infrico pour p\u00e2tisserie, alliant \u00e9l\u00e9gance et fonctionnalit\u00e9. Avec une structure en acier inoxydable et un \u00e9clairage LED.","breadcrumb":{"@id":"https:\/\/italiamachines.com\/boutique\/cafe-glacier-lecheria\/cafe-lecheria\/vitrine-posable\/vitrine-expositoire-infrico-pour-patisserie\/#breadcrumb"},"inLanguage":"en-US","potentialAction":[{"@type":"ReadAction","target":["https:\/\/italiamachines.com\/boutique\/cafe-glacier-lecheria\/cafe-lecheria\/vitrine-posable\/vitrine-expositoire-infrico-pour-patisserie\/"]}]},{"@type":"ImageObject","inLanguage":"en-US","@id":"https:\/\/italiamachines.com\/boutique\/cafe-glacier-lecheria\/cafe-lecheria\/vitrine-posable\/vitrine-expositoire-infrico-pour-patisserie\/#primaryimage","url":"https:\/\/italiamachines.com\/wp-content\/uploads\/2023\/07\/VGL15P-1.jpeg","contentUrl":"https:\/\/italiamachines.com\/wp-content\/uploads\/2023\/07\/VGL15P-1.jpeg","width":800,"height":800,"caption":"Vitrine expositoire - Infrico pour p\u00e2tisserie"},{"@type":"BreadcrumbList","@id":"https:\/\/italiamachines.com\/boutique\/cafe-glacier-lecheria\/cafe-lecheria\/vitrine-posable\/vitrine-expositoire-infrico-pour-patisserie\/#breadcrumb","itemListElement":[{"@type":"ListItem","position":1,"name":"Accueil","item":"https:\/\/italiamachines.com\/fr_fr\/"},{"@type":"ListItem","position":2,"name":"Boutique","item":"https:\/\/italiamachines.com\/boutique\/"},{"@type":"ListItem","position":3,"name":"Vitrine expositoire pour p\u00e2tisserie &#8211; par Infrico"}]},{"@type":"WebSite","@id":"https:\/\/italiamachines.com\/#website","url":"https:\/\/italiamachines.com\/","name":"Italia Machines","description":"L&#039;art de l&#039;\u00e9quipement HORECA","publisher":{"@id":"https:\/\/italiamachines.com\/#organization"},"potentialAction":[{"@type":"SearchAction","target":{"@type":"EntryPoint","urlTemplate":"https:\/\/italiamachines.com\/?s={search_term_string}"},"query-input":{"@type":"PropertyValueSpecification","valueRequired":true,"valueName":"search_term_string"}}],"inLanguage":"en-US"},{"@type":"Organization","@id":"https:\/\/italiamachines.com\/#organization","name":"italiamachines","url":"https:\/\/italiamachines.com\/","logo":{"@type":"ImageObject","inLanguage":"en-US","@id":"https:\/\/italiamachines.com\/#\/schema\/logo\/image\/","url":"https:\/\/italiamachines.com\/wp-content\/uploads\/2023\/08\/logo-web-1.png","contentUrl":"https:\/\/italiamachines.com\/wp-content\/uploads\/2023\/08\/logo-web-1.png","width":977,"height":254,"caption":"italiamachines"},"image":{"@id":"https:\/\/italiamachines.com\/#\/schema\/logo\/image\/"},"sameAs":["https:\/\/web.facebook.com\/italiamachines\/","https:\/\/www.instagram.com\/italia.machines\/"]}]}},"_links":{"self":[{"href":"https:\/\/italiamachines.com\/en\/wp-json\/wp\/v2\/product\/5487","targetHints":{"allow":["GET"]}}],"collection":[{"href":"https:\/\/italiamachines.com\/en\/wp-json\/wp\/v2\/product"}],"about":[{"href":"https:\/\/italiamachines.com\/en\/wp-json\/wp\/v2\/types\/product"}],"replies":[{"embeddable":true,"href":"https:\/\/italiamachines.com\/en\/wp-json\/wp\/v2\/comments?post=5487"}],"wp:featuredmedia":[{"embeddable":true,"href":"https:\/\/italiamachines.com\/en\/wp-json\/wp\/v2\/media\/5486"}],"wp:attachment":[{"href":"https:\/\/italiamachines.com\/en\/wp-json\/wp\/v2\/media?parent=5487"}],"wp:term":[{"taxonomy":"product_cat","embeddable":true,"href":"https:\/\/italiamachines.com\/en\/wp-json\/wp\/v2\/product_cat?post=5487"},{"taxonomy":"product_tag","embeddable":true,"href":"https:\/\/italiamachines.com\/en\/wp-json\/wp\/v2\/product_tag?post=5487"}],"curies":[{"name":"wp","href":"https:\/\/api.w.org\/{rel}","templated":true}]}}