{"id":5522,"date":"2023-07-30T04:46:58","date_gmt":"2023-07-30T04:46:58","guid":{"rendered":"https:\/\/prod.italiamachines.com\/product\/vitrine-murale-refrigeree-mastercool-vulcano60-100-dimensions-1080x60x1970-mm\/"},"modified":"2024-10-01T22:14:14","modified_gmt":"2024-10-01T20:14:14","slug":"vitrine-murale-refrigeree-mastercool-vulcano60-100-dimensions-1080x60x1970-mm","status":"publish","type":"product","link":"https:\/\/italiamachines.com\/en\/boutique\/boulangerie-et-patisserie\/patisserie\/vitrines\/vitrine-murale-refrigeree-mastercool-vulcano60-100-dimensions-1080x60x1970-mm\/","title":{"rendered":"Vitrine murale r\u00e9frig\u00e9r\u00e9e &#8211; par Mastercool"},"content":{"rendered":"<p>Compact mais avec une grande surface d&rsquo;affichage<br \/>\nConvient aux petites, moyennes et grandes distributions<br \/>\nFaible consommation d&rsquo;\u00e9nergie et faible impact sur l&rsquo;environnement<br \/>\nOptimisation du syst\u00e8me de nettoyage<br \/>\nR\u00e9servoir fabriqu\u00e9 sans utiliser de CFC<br \/>\nNon multiplexable<br \/>\nParois lat\u00e9rales thermoform\u00e9es et isol\u00e9es (\u00e9paisseur 40 mm chacune) avec panneau lat\u00e9ral en verre tremp\u00e9<br \/>\nPanneau de contr\u00f4le \u00e9lectronique<br \/>\n\u00c9clairage sup\u00e9rieur par LED, blanc pour les versions \u00ab\u00a0SL \/ FV\u00a0\u00bb (charcuterie et produits laitiers \/ fruits et l\u00e9gumes), rose pour la version \u00ab\u00a0C\u00a0\u00bb (viandes pr\u00e9emball\u00e9es)<br \/>\nD\u00e9givrage hors cycle<br \/>\nD\u00e9givrage \u00e9lectrique uniquement pour la version \u00ab\u00a0C\u00a0\u00bb (Viande pr\u00e9emball\u00e9e)<\/p>\n<p>Versions disponibles de la Vitrine murale r\u00e9frig\u00e9r\u00e9e Mastercool:<br \/>\n  Acier inoxydable<br \/>\n  Unit\u00e9 incorpor\u00e9e (CG)<br \/>\n  Pr\u00e9disposition pour unit\u00e9 de condensation \u00e0 distance (SG)<\/p>","protected":false},"excerpt":{"rendered":"<p>Compact mais avec une grande surface d&rsquo;affichage Convient aux petites, moyennes et grandes distributions Faible consommation d&rsquo;\u00e9nergie et faible impact sur l&rsquo;environnement Optimisation du syst\u00e8me de nettoyage R\u00e9servoir fabriqu\u00e9 sans utiliser de CFC Non multiplexable Parois lat\u00e9rales thermoform\u00e9es et isol\u00e9es (\u00e9paisseur 40 mm chacune) avec panneau lat\u00e9ral en verre tremp\u00e9 Panneau de contr\u00f4le \u00e9lectronique \u00c9clairage&hellip;<\/p>","protected":false},"featured_media":6378,"comment_status":"open","ping_status":"closed","template":"","meta":[],"product_cat":[97,144],"product_tag":[],"class_list":{"0":"post-5522","1":"product","2":"type-product","3":"status-publish","4":"has-post-thumbnail","6":"product_cat-patisserie","7":"product_cat-vitrines","9":"first","10":"instock","11":"shipping-taxable","12":"purchasable","13":"product-type-variable","14":"col-xs-6 col-sm-4","15":"col-md-3 col-lg-3","16":"un-4-cols"},"yoast_head":"<!-- This site is optimized with the Yoast SEO plugin v26.6 - https:\/\/yoast.com\/wordpress\/plugins\/seo\/ -->\n<title>Vitrine murale r\u00e9frig\u00e9r\u00e9e Mastercool Vulcano60 | Italia Machines<\/title>\n<meta name=\"description\" content=\"Vitrine murale r\u00e9frig\u00e9r\u00e9e Mastercool Vulcano60 ventil\u00e9e : L&#039;\u00e9l\u00e9gance italienne au service de la conservation de vos produits.\" \/>\n<meta name=\"robots\" content=\"index, follow, max-snippet:-1, max-image-preview:large, max-video-preview:-1\" \/>\n<link rel=\"canonical\" href=\"https:\/\/italiamachines.com\/en\/boutique\/boulangerie-et-patisserie\/patisserie\/vitrines\/vitrine-murale-refrigeree-mastercool-vulcano60-100-dimensions-1080x60x1970-mm\/\" \/>\n<meta property=\"og:locale\" content=\"en_US\" \/>\n<meta property=\"og:type\" content=\"article\" \/>\n<meta property=\"og:title\" content=\"Vitrine murale r\u00e9frig\u00e9r\u00e9e Mastercool Vulcano60 | Italia Machines\" \/>\n<meta property=\"og:description\" content=\"Vitrine murale r\u00e9frig\u00e9r\u00e9e Mastercool Vulcano60 ventil\u00e9e : L&#039;\u00e9l\u00e9gance italienne au service de la conservation de vos produits.\" \/>\n<meta property=\"og:url\" content=\"https:\/\/italiamachines.com\/en\/boutique\/boulangerie-et-patisserie\/patisserie\/vitrines\/vitrine-murale-refrigeree-mastercool-vulcano60-100-dimensions-1080x60x1970-mm\/\" \/>\n<meta property=\"og:site_name\" content=\"Italia Machines\" \/>\n<meta property=\"article:publisher\" content=\"https:\/\/web.facebook.com\/italiamachines\/\" \/>\n<meta property=\"article:modified_time\" content=\"2024-10-01T20:14:14+00:00\" \/>\n<meta property=\"og:image\" content=\"https:\/\/italiamachines.com\/wp-content\/uploads\/2023\/07\/16ECBE19-65E7-416B-8E9C-05F76C4237B6_4_5005_c-removebg-preview-1.png\" \/>\n\t<meta property=\"og:image:width\" content=\"300\" \/>\n\t<meta property=\"og:image:height\" content=\"300\" \/>\n\t<meta property=\"og:image:type\" content=\"image\/png\" \/>\n<meta name=\"twitter:card\" content=\"summary_large_image\" \/>\n<meta name=\"twitter:label1\" content=\"Est. reading time\" \/>\n\t<meta name=\"twitter:data1\" content=\"1 minute\" \/>\n<script type=\"application\/ld+json\" class=\"yoast-schema-graph\">{\"@context\":\"https:\/\/schema.org\",\"@graph\":[{\"@type\":\"WebPage\",\"@id\":\"https:\/\/italiamachines.com\/boutique\/boulangerie-et-patisserie\/patisserie\/vitrines\/vitrine-murale-refrigeree-mastercool-vulcano60-100-dimensions-1080x60x1970-mm\/\",\"url\":\"https:\/\/italiamachines.com\/boutique\/boulangerie-et-patisserie\/patisserie\/vitrines\/vitrine-murale-refrigeree-mastercool-vulcano60-100-dimensions-1080x60x1970-mm\/\",\"name\":\"Vitrine murale r\u00e9frig\u00e9r\u00e9e Mastercool Vulcano60 | Italia Machines\",\"isPartOf\":{\"@id\":\"https:\/\/italiamachines.com\/#website\"},\"primaryImageOfPage\":{\"@id\":\"https:\/\/italiamachines.com\/boutique\/boulangerie-et-patisserie\/patisserie\/vitrines\/vitrine-murale-refrigeree-mastercool-vulcano60-100-dimensions-1080x60x1970-mm\/#primaryimage\"},\"image\":{\"@id\":\"https:\/\/italiamachines.com\/boutique\/boulangerie-et-patisserie\/patisserie\/vitrines\/vitrine-murale-refrigeree-mastercool-vulcano60-100-dimensions-1080x60x1970-mm\/#primaryimage\"},\"thumbnailUrl\":\"https:\/\/italiamachines.com\/wp-content\/uploads\/2023\/07\/16ECBE19-65E7-416B-8E9C-05F76C4237B6_4_5005_c-removebg-preview-1.png\",\"datePublished\":\"2023-07-30T04:46:58+00:00\",\"dateModified\":\"2024-10-01T20:14:14+00:00\",\"description\":\"Vitrine murale r\u00e9frig\u00e9r\u00e9e Mastercool Vulcano60 ventil\u00e9e : L'\u00e9l\u00e9gance italienne au service de la conservation de vos produits.\",\"breadcrumb\":{\"@id\":\"https:\/\/italiamachines.com\/boutique\/boulangerie-et-patisserie\/patisserie\/vitrines\/vitrine-murale-refrigeree-mastercool-vulcano60-100-dimensions-1080x60x1970-mm\/#breadcrumb\"},\"inLanguage\":\"en-US\",\"potentialAction\":[{\"@type\":\"ReadAction\",\"target\":[\"https:\/\/italiamachines.com\/boutique\/boulangerie-et-patisserie\/patisserie\/vitrines\/vitrine-murale-refrigeree-mastercool-vulcano60-100-dimensions-1080x60x1970-mm\/\"]}]},{\"@type\":\"ImageObject\",\"inLanguage\":\"en-US\",\"@id\":\"https:\/\/italiamachines.com\/boutique\/boulangerie-et-patisserie\/patisserie\/vitrines\/vitrine-murale-refrigeree-mastercool-vulcano60-100-dimensions-1080x60x1970-mm\/#primaryimage\",\"url\":\"https:\/\/italiamachines.com\/wp-content\/uploads\/2023\/07\/16ECBE19-65E7-416B-8E9C-05F76C4237B6_4_5005_c-removebg-preview-1.png\",\"contentUrl\":\"https:\/\/italiamachines.com\/wp-content\/uploads\/2023\/07\/16ECBE19-65E7-416B-8E9C-05F76C4237B6_4_5005_c-removebg-preview-1.png\",\"width\":300,\"height\":300,\"caption\":\"Vitrine murale r\u00e9frig\u00e9r\u00e9e mastercool\"},{\"@type\":\"BreadcrumbList\",\"@id\":\"https:\/\/italiamachines.com\/boutique\/boulangerie-et-patisserie\/patisserie\/vitrines\/vitrine-murale-refrigeree-mastercool-vulcano60-100-dimensions-1080x60x1970-mm\/#breadcrumb\",\"itemListElement\":[{\"@type\":\"ListItem\",\"position\":1,\"name\":\"Accueil\",\"item\":\"https:\/\/italiamachines.com\/fr_fr\/\"},{\"@type\":\"ListItem\",\"position\":2,\"name\":\"Boutique\",\"item\":\"https:\/\/italiamachines.com\/boutique\/\"},{\"@type\":\"ListItem\",\"position\":3,\"name\":\"Vitrine murale r\u00e9frig\u00e9r\u00e9e &#8211; par Mastercool\"}]},{\"@type\":\"WebSite\",\"@id\":\"https:\/\/italiamachines.com\/#website\",\"url\":\"https:\/\/italiamachines.com\/\",\"name\":\"Italia Machines\",\"description\":\"L&#039;art de l&#039;\u00e9quipement HORECA\",\"publisher\":{\"@id\":\"https:\/\/italiamachines.com\/#organization\"},\"potentialAction\":[{\"@type\":\"SearchAction\",\"target\":{\"@type\":\"EntryPoint\",\"urlTemplate\":\"https:\/\/italiamachines.com\/?s={search_term_string}\"},\"query-input\":{\"@type\":\"PropertyValueSpecification\",\"valueRequired\":true,\"valueName\":\"search_term_string\"}}],\"inLanguage\":\"en-US\"},{\"@type\":\"Organization\",\"@id\":\"https:\/\/italiamachines.com\/#organization\",\"name\":\"italiamachines\",\"url\":\"https:\/\/italiamachines.com\/\",\"logo\":{\"@type\":\"ImageObject\",\"inLanguage\":\"en-US\",\"@id\":\"https:\/\/italiamachines.com\/#\/schema\/logo\/image\/\",\"url\":\"https:\/\/italiamachines.com\/wp-content\/uploads\/2023\/08\/logo-web-1.png\",\"contentUrl\":\"https:\/\/italiamachines.com\/wp-content\/uploads\/2023\/08\/logo-web-1.png\",\"width\":977,\"height\":254,\"caption\":\"italiamachines\"},\"image\":{\"@id\":\"https:\/\/italiamachines.com\/#\/schema\/logo\/image\/\"},\"sameAs\":[\"https:\/\/web.facebook.com\/italiamachines\/\",\"https:\/\/www.instagram.com\/italia.machines\/\"]}]}<\/script>\n<!-- \/ Yoast SEO plugin. -->","yoast_head_json":{"title":"Vitrine murale r\u00e9frig\u00e9r\u00e9e Mastercool Vulcano60 | Italia Machines","description":"Vitrine murale r\u00e9frig\u00e9r\u00e9e Mastercool Vulcano60 ventil\u00e9e : L'\u00e9l\u00e9gance italienne au service de la conservation de vos produits.","robots":{"index":"index","follow":"follow","max-snippet":"max-snippet:-1","max-image-preview":"max-image-preview:large","max-video-preview":"max-video-preview:-1"},"canonical":"https:\/\/italiamachines.com\/en\/boutique\/boulangerie-et-patisserie\/patisserie\/vitrines\/vitrine-murale-refrigeree-mastercool-vulcano60-100-dimensions-1080x60x1970-mm\/","og_locale":"en_US","og_type":"article","og_title":"Vitrine murale r\u00e9frig\u00e9r\u00e9e Mastercool Vulcano60 | Italia Machines","og_description":"Vitrine murale r\u00e9frig\u00e9r\u00e9e Mastercool Vulcano60 ventil\u00e9e : L'\u00e9l\u00e9gance italienne au service de la conservation de vos produits.","og_url":"https:\/\/italiamachines.com\/en\/boutique\/boulangerie-et-patisserie\/patisserie\/vitrines\/vitrine-murale-refrigeree-mastercool-vulcano60-100-dimensions-1080x60x1970-mm\/","og_site_name":"Italia Machines","article_publisher":"https:\/\/web.facebook.com\/italiamachines\/","article_modified_time":"2024-10-01T20:14:14+00:00","og_image":[{"width":300,"height":300,"url":"https:\/\/italiamachines.com\/wp-content\/uploads\/2023\/07\/16ECBE19-65E7-416B-8E9C-05F76C4237B6_4_5005_c-removebg-preview-1.png","type":"image\/png"}],"twitter_card":"summary_large_image","twitter_misc":{"Est. reading time":"1 minute"},"schema":{"@context":"https:\/\/schema.org","@graph":[{"@type":"WebPage","@id":"https:\/\/italiamachines.com\/boutique\/boulangerie-et-patisserie\/patisserie\/vitrines\/vitrine-murale-refrigeree-mastercool-vulcano60-100-dimensions-1080x60x1970-mm\/","url":"https:\/\/italiamachines.com\/boutique\/boulangerie-et-patisserie\/patisserie\/vitrines\/vitrine-murale-refrigeree-mastercool-vulcano60-100-dimensions-1080x60x1970-mm\/","name":"Vitrine murale r\u00e9frig\u00e9r\u00e9e Mastercool Vulcano60 | Italia Machines","isPartOf":{"@id":"https:\/\/italiamachines.com\/#website"},"primaryImageOfPage":{"@id":"https:\/\/italiamachines.com\/boutique\/boulangerie-et-patisserie\/patisserie\/vitrines\/vitrine-murale-refrigeree-mastercool-vulcano60-100-dimensions-1080x60x1970-mm\/#primaryimage"},"image":{"@id":"https:\/\/italiamachines.com\/boutique\/boulangerie-et-patisserie\/patisserie\/vitrines\/vitrine-murale-refrigeree-mastercool-vulcano60-100-dimensions-1080x60x1970-mm\/#primaryimage"},"thumbnailUrl":"https:\/\/italiamachines.com\/wp-content\/uploads\/2023\/07\/16ECBE19-65E7-416B-8E9C-05F76C4237B6_4_5005_c-removebg-preview-1.png","datePublished":"2023-07-30T04:46:58+00:00","dateModified":"2024-10-01T20:14:14+00:00","description":"Vitrine murale r\u00e9frig\u00e9r\u00e9e Mastercool Vulcano60 ventil\u00e9e : L'\u00e9l\u00e9gance italienne au service de la conservation de vos produits.","breadcrumb":{"@id":"https:\/\/italiamachines.com\/boutique\/boulangerie-et-patisserie\/patisserie\/vitrines\/vitrine-murale-refrigeree-mastercool-vulcano60-100-dimensions-1080x60x1970-mm\/#breadcrumb"},"inLanguage":"en-US","potentialAction":[{"@type":"ReadAction","target":["https:\/\/italiamachines.com\/boutique\/boulangerie-et-patisserie\/patisserie\/vitrines\/vitrine-murale-refrigeree-mastercool-vulcano60-100-dimensions-1080x60x1970-mm\/"]}]},{"@type":"ImageObject","inLanguage":"en-US","@id":"https:\/\/italiamachines.com\/boutique\/boulangerie-et-patisserie\/patisserie\/vitrines\/vitrine-murale-refrigeree-mastercool-vulcano60-100-dimensions-1080x60x1970-mm\/#primaryimage","url":"https:\/\/italiamachines.com\/wp-content\/uploads\/2023\/07\/16ECBE19-65E7-416B-8E9C-05F76C4237B6_4_5005_c-removebg-preview-1.png","contentUrl":"https:\/\/italiamachines.com\/wp-content\/uploads\/2023\/07\/16ECBE19-65E7-416B-8E9C-05F76C4237B6_4_5005_c-removebg-preview-1.png","width":300,"height":300,"caption":"Vitrine murale r\u00e9frig\u00e9r\u00e9e mastercool"},{"@type":"BreadcrumbList","@id":"https:\/\/italiamachines.com\/boutique\/boulangerie-et-patisserie\/patisserie\/vitrines\/vitrine-murale-refrigeree-mastercool-vulcano60-100-dimensions-1080x60x1970-mm\/#breadcrumb","itemListElement":[{"@type":"ListItem","position":1,"name":"Accueil","item":"https:\/\/italiamachines.com\/fr_fr\/"},{"@type":"ListItem","position":2,"name":"Boutique","item":"https:\/\/italiamachines.com\/boutique\/"},{"@type":"ListItem","position":3,"name":"Vitrine murale r\u00e9frig\u00e9r\u00e9e &#8211; par Mastercool"}]},{"@type":"WebSite","@id":"https:\/\/italiamachines.com\/#website","url":"https:\/\/italiamachines.com\/","name":"Italia Machines","description":"L&#039;art de l&#039;\u00e9quipement HORECA","publisher":{"@id":"https:\/\/italiamachines.com\/#organization"},"potentialAction":[{"@type":"SearchAction","target":{"@type":"EntryPoint","urlTemplate":"https:\/\/italiamachines.com\/?s={search_term_string}"},"query-input":{"@type":"PropertyValueSpecification","valueRequired":true,"valueName":"search_term_string"}}],"inLanguage":"en-US"},{"@type":"Organization","@id":"https:\/\/italiamachines.com\/#organization","name":"italiamachines","url":"https:\/\/italiamachines.com\/","logo":{"@type":"ImageObject","inLanguage":"en-US","@id":"https:\/\/italiamachines.com\/#\/schema\/logo\/image\/","url":"https:\/\/italiamachines.com\/wp-content\/uploads\/2023\/08\/logo-web-1.png","contentUrl":"https:\/\/italiamachines.com\/wp-content\/uploads\/2023\/08\/logo-web-1.png","width":977,"height":254,"caption":"italiamachines"},"image":{"@id":"https:\/\/italiamachines.com\/#\/schema\/logo\/image\/"},"sameAs":["https:\/\/web.facebook.com\/italiamachines\/","https:\/\/www.instagram.com\/italia.machines\/"]}]}},"_links":{"self":[{"href":"https:\/\/italiamachines.com\/en\/wp-json\/wp\/v2\/product\/5522","targetHints":{"allow":["GET"]}}],"collection":[{"href":"https:\/\/italiamachines.com\/en\/wp-json\/wp\/v2\/product"}],"about":[{"href":"https:\/\/italiamachines.com\/en\/wp-json\/wp\/v2\/types\/product"}],"replies":[{"embeddable":true,"href":"https:\/\/italiamachines.com\/en\/wp-json\/wp\/v2\/comments?post=5522"}],"wp:featuredmedia":[{"embeddable":true,"href":"https:\/\/italiamachines.com\/en\/wp-json\/wp\/v2\/media\/6378"}],"wp:attachment":[{"href":"https:\/\/italiamachines.com\/en\/wp-json\/wp\/v2\/media?parent=5522"}],"wp:term":[{"taxonomy":"product_cat","embeddable":true,"href":"https:\/\/italiamachines.com\/en\/wp-json\/wp\/v2\/product_cat?post=5522"},{"taxonomy":"product_tag","embeddable":true,"href":"https:\/\/italiamachines.com\/en\/wp-json\/wp\/v2\/product_tag?post=5522"}],"curies":[{"name":"wp","href":"https:\/\/api.w.org\/{rel}","templated":true}]}}