{"id":5540,"date":"2023-07-30T04:48:55","date_gmt":"2023-07-30T04:48:55","guid":{"rendered":"https:\/\/prod.italiamachines.com\/product\/four-unox-ventile-pour-patisserie-dimensions-860x882x1464-mm\/"},"modified":"2024-09-28T21:36:14","modified_gmt":"2024-09-28T19:36:14","slug":"four-unox-ventile-pour-patisserie-dimensions-860x882x1464-mm","status":"publish","type":"product","link":"https:\/\/italiamachines.com\/en\/boutique\/boulangerie-et-patisserie\/patisserie\/four-pour-patisserie\/four-unox-ventile-pour-patisserie-dimensions-860x882x1464-mm\/","title":{"rendered":"Four Unox \u00e0 convection avec humidit\u00e9 et contr\u00f4le analogique"},"content":{"rendered":"<p>Four combin\u00e9 avec humidit\u00e9, contr\u00f4le analogique et chambre de cuisson en acier inoxydable 304.<br \/>\nParfait pour toutes les op\u00e9rations de cuisson de produits frais et surgel\u00e9s. Sur toutes les plaques de cuisson, la technologie multifan AIR.<br \/>\nLa synth\u00e8se id\u00e9ale de la simplicit\u00e9 et de l&rsquo;efficacit\u00e9. dans un m\u00e8tre carr\u00e9 ou moins.<br \/>\nAssure une uniformit\u00e9 de cuisson optimale.<br \/>\nAlimentation \u00e9lectrique : Gaz<br \/>\nPanneau : Bouton<\/p>","protected":false},"excerpt":{"rendered":"<p>Four combin\u00e9 avec humidit\u00e9, contr\u00f4le analogique et chambre de cuisson en acier inoxydable 304. Parfait pour toutes les op\u00e9rations de cuisson de produits frais et surgel\u00e9s. Sur toutes les plaques de cuisson, la technologie multifan AIR. La synth\u00e8se id\u00e9ale de la simplicit\u00e9 et de l&rsquo;efficacit\u00e9. dans un m\u00e8tre carr\u00e9 ou moins. Assure une uniformit\u00e9 de&hellip;<\/p>","protected":false},"featured_media":7836,"comment_status":"closed","ping_status":"closed","template":"","meta":[],"product_cat":[191,97],"product_tag":[],"class_list":{"0":"post-5540","1":"product","2":"type-product","3":"status-publish","4":"has-post-thumbnail","6":"product_cat-four-pour-patisserie","7":"product_cat-patisserie","9":"first","10":"instock","11":"shipping-taxable","12":"purchasable","13":"product-type-variable","14":"col-xs-6 col-sm-4","15":"col-md-3 col-lg-3","16":"un-4-cols"},"yoast_head":"<!-- This site is optimized with the Yoast SEO plugin v26.6 - https:\/\/yoast.com\/wordpress\/plugins\/seo\/ -->\n<title>Four Unox \u00e0 convection avec humidit\u00e9 et contr\u00f4le analogique | Italia Machines<\/title>\n<meta name=\"robots\" content=\"index, follow, max-snippet:-1, max-image-preview:large, max-video-preview:-1\" \/>\n<link rel=\"canonical\" href=\"https:\/\/italiamachines.com\/en\/boutique\/boulangerie-et-patisserie\/patisserie\/four-pour-patisserie\/four-unox-ventile-pour-patisserie-dimensions-860x882x1464-mm\/\" \/>\n<meta property=\"og:locale\" content=\"en_US\" \/>\n<meta property=\"og:type\" content=\"article\" \/>\n<meta property=\"og:title\" content=\"Four Unox \u00e0 convection avec humidit\u00e9 et contr\u00f4le analogique | Italia Machines\" \/>\n<meta property=\"og:description\" content=\"Four combin\u00e9 avec humidit\u00e9, contr\u00f4le analogique et chambre de cuisson en acier inoxydable 304. Parfait pour toutes les op\u00e9rations de cuisson de produits frais et surgel\u00e9s. Sur toutes les plaques de cuisson, la technologie multifan AIR. La synth\u00e8se id\u00e9ale de la simplicit\u00e9 et de l&rsquo;efficacit\u00e9. dans un m\u00e8tre carr\u00e9 ou moins. Assure une uniformit\u00e9 de&hellip;\" \/>\n<meta property=\"og:url\" content=\"https:\/\/italiamachines.com\/en\/boutique\/boulangerie-et-patisserie\/patisserie\/four-pour-patisserie\/four-unox-ventile-pour-patisserie-dimensions-860x882x1464-mm\/\" \/>\n<meta property=\"og:site_name\" content=\"Italia Machines\" \/>\n<meta property=\"article:publisher\" content=\"https:\/\/web.facebook.com\/italiamachines\/\" \/>\n<meta property=\"article:modified_time\" content=\"2024-09-28T19:36:14+00:00\" \/>\n<meta property=\"og:image\" content=\"https:\/\/italiamachines.com\/wp-content\/uploads\/2023\/07\/XB613G-2.png\" \/>\n\t<meta property=\"og:image:width\" content=\"1322\" \/>\n\t<meta property=\"og:image:height\" content=\"1260\" \/>\n\t<meta property=\"og:image:type\" content=\"image\/png\" \/>\n<meta name=\"twitter:card\" content=\"summary_large_image\" \/>\n<meta name=\"twitter:label1\" content=\"Est. reading time\" \/>\n\t<meta name=\"twitter:data1\" content=\"1 minute\" \/>\n<script type=\"application\/ld+json\" class=\"yoast-schema-graph\">{\"@context\":\"https:\/\/schema.org\",\"@graph\":[{\"@type\":\"WebPage\",\"@id\":\"https:\/\/italiamachines.com\/boutique\/boulangerie-et-patisserie\/patisserie\/four-pour-patisserie\/four-unox-ventile-pour-patisserie-dimensions-860x882x1464-mm\/\",\"url\":\"https:\/\/italiamachines.com\/boutique\/boulangerie-et-patisserie\/patisserie\/four-pour-patisserie\/four-unox-ventile-pour-patisserie-dimensions-860x882x1464-mm\/\",\"name\":\"Four Unox \u00e0 convection avec humidit\u00e9 et contr\u00f4le analogique | Italia Machines\",\"isPartOf\":{\"@id\":\"https:\/\/italiamachines.com\/#website\"},\"primaryImageOfPage\":{\"@id\":\"https:\/\/italiamachines.com\/boutique\/boulangerie-et-patisserie\/patisserie\/four-pour-patisserie\/four-unox-ventile-pour-patisserie-dimensions-860x882x1464-mm\/#primaryimage\"},\"image\":{\"@id\":\"https:\/\/italiamachines.com\/boutique\/boulangerie-et-patisserie\/patisserie\/four-pour-patisserie\/four-unox-ventile-pour-patisserie-dimensions-860x882x1464-mm\/#primaryimage\"},\"thumbnailUrl\":\"https:\/\/italiamachines.com\/wp-content\/uploads\/2023\/07\/XB613G-2.png\",\"datePublished\":\"2023-07-30T04:48:55+00:00\",\"dateModified\":\"2024-09-28T19:36:14+00:00\",\"breadcrumb\":{\"@id\":\"https:\/\/italiamachines.com\/boutique\/boulangerie-et-patisserie\/patisserie\/four-pour-patisserie\/four-unox-ventile-pour-patisserie-dimensions-860x882x1464-mm\/#breadcrumb\"},\"inLanguage\":\"en-US\",\"potentialAction\":[{\"@type\":\"ReadAction\",\"target\":[\"https:\/\/italiamachines.com\/boutique\/boulangerie-et-patisserie\/patisserie\/four-pour-patisserie\/four-unox-ventile-pour-patisserie-dimensions-860x882x1464-mm\/\"]}]},{\"@type\":\"ImageObject\",\"inLanguage\":\"en-US\",\"@id\":\"https:\/\/italiamachines.com\/boutique\/boulangerie-et-patisserie\/patisserie\/four-pour-patisserie\/four-unox-ventile-pour-patisserie-dimensions-860x882x1464-mm\/#primaryimage\",\"url\":\"https:\/\/italiamachines.com\/wp-content\/uploads\/2023\/07\/XB613G-2.png\",\"contentUrl\":\"https:\/\/italiamachines.com\/wp-content\/uploads\/2023\/07\/XB613G-2.png\",\"width\":1322,\"height\":1260},{\"@type\":\"BreadcrumbList\",\"@id\":\"https:\/\/italiamachines.com\/boutique\/boulangerie-et-patisserie\/patisserie\/four-pour-patisserie\/four-unox-ventile-pour-patisserie-dimensions-860x882x1464-mm\/#breadcrumb\",\"itemListElement\":[{\"@type\":\"ListItem\",\"position\":1,\"name\":\"Accueil\",\"item\":\"https:\/\/italiamachines.com\/fr_fr\/\"},{\"@type\":\"ListItem\",\"position\":2,\"name\":\"Boutique\",\"item\":\"https:\/\/italiamachines.com\/boutique\/\"},{\"@type\":\"ListItem\",\"position\":3,\"name\":\"Four Unox \u00e0 convection avec humidit\u00e9 et contr\u00f4le analogique\"}]},{\"@type\":\"WebSite\",\"@id\":\"https:\/\/italiamachines.com\/#website\",\"url\":\"https:\/\/italiamachines.com\/\",\"name\":\"Italia Machines\",\"description\":\"L&#039;art de l&#039;\u00e9quipement HORECA\",\"publisher\":{\"@id\":\"https:\/\/italiamachines.com\/#organization\"},\"potentialAction\":[{\"@type\":\"SearchAction\",\"target\":{\"@type\":\"EntryPoint\",\"urlTemplate\":\"https:\/\/italiamachines.com\/?s={search_term_string}\"},\"query-input\":{\"@type\":\"PropertyValueSpecification\",\"valueRequired\":true,\"valueName\":\"search_term_string\"}}],\"inLanguage\":\"en-US\"},{\"@type\":\"Organization\",\"@id\":\"https:\/\/italiamachines.com\/#organization\",\"name\":\"italiamachines\",\"url\":\"https:\/\/italiamachines.com\/\",\"logo\":{\"@type\":\"ImageObject\",\"inLanguage\":\"en-US\",\"@id\":\"https:\/\/italiamachines.com\/#\/schema\/logo\/image\/\",\"url\":\"https:\/\/italiamachines.com\/wp-content\/uploads\/2023\/08\/logo-web-1.png\",\"contentUrl\":\"https:\/\/italiamachines.com\/wp-content\/uploads\/2023\/08\/logo-web-1.png\",\"width\":977,\"height\":254,\"caption\":\"italiamachines\"},\"image\":{\"@id\":\"https:\/\/italiamachines.com\/#\/schema\/logo\/image\/\"},\"sameAs\":[\"https:\/\/web.facebook.com\/italiamachines\/\",\"https:\/\/www.instagram.com\/italia.machines\/\"]}]}<\/script>\n<!-- \/ Yoast SEO plugin. -->","yoast_head_json":{"title":"Four Unox \u00e0 convection avec humidit\u00e9 et contr\u00f4le analogique | Italia Machines","robots":{"index":"index","follow":"follow","max-snippet":"max-snippet:-1","max-image-preview":"max-image-preview:large","max-video-preview":"max-video-preview:-1"},"canonical":"https:\/\/italiamachines.com\/en\/boutique\/boulangerie-et-patisserie\/patisserie\/four-pour-patisserie\/four-unox-ventile-pour-patisserie-dimensions-860x882x1464-mm\/","og_locale":"en_US","og_type":"article","og_title":"Four Unox \u00e0 convection avec humidit\u00e9 et contr\u00f4le analogique | Italia Machines","og_description":"Four combin\u00e9 avec humidit\u00e9, contr\u00f4le analogique et chambre de cuisson en acier inoxydable 304. Parfait pour toutes les op\u00e9rations de cuisson de produits frais et surgel\u00e9s. Sur toutes les plaques de cuisson, la technologie multifan AIR. La synth\u00e8se id\u00e9ale de la simplicit\u00e9 et de l&rsquo;efficacit\u00e9. dans un m\u00e8tre carr\u00e9 ou moins. Assure une uniformit\u00e9 de&hellip;","og_url":"https:\/\/italiamachines.com\/en\/boutique\/boulangerie-et-patisserie\/patisserie\/four-pour-patisserie\/four-unox-ventile-pour-patisserie-dimensions-860x882x1464-mm\/","og_site_name":"Italia Machines","article_publisher":"https:\/\/web.facebook.com\/italiamachines\/","article_modified_time":"2024-09-28T19:36:14+00:00","og_image":[{"width":1322,"height":1260,"url":"https:\/\/italiamachines.com\/wp-content\/uploads\/2023\/07\/XB613G-2.png","type":"image\/png"}],"twitter_card":"summary_large_image","twitter_misc":{"Est. reading time":"1 minute"},"schema":{"@context":"https:\/\/schema.org","@graph":[{"@type":"WebPage","@id":"https:\/\/italiamachines.com\/boutique\/boulangerie-et-patisserie\/patisserie\/four-pour-patisserie\/four-unox-ventile-pour-patisserie-dimensions-860x882x1464-mm\/","url":"https:\/\/italiamachines.com\/boutique\/boulangerie-et-patisserie\/patisserie\/four-pour-patisserie\/four-unox-ventile-pour-patisserie-dimensions-860x882x1464-mm\/","name":"Four Unox \u00e0 convection avec humidit\u00e9 et contr\u00f4le analogique | Italia Machines","isPartOf":{"@id":"https:\/\/italiamachines.com\/#website"},"primaryImageOfPage":{"@id":"https:\/\/italiamachines.com\/boutique\/boulangerie-et-patisserie\/patisserie\/four-pour-patisserie\/four-unox-ventile-pour-patisserie-dimensions-860x882x1464-mm\/#primaryimage"},"image":{"@id":"https:\/\/italiamachines.com\/boutique\/boulangerie-et-patisserie\/patisserie\/four-pour-patisserie\/four-unox-ventile-pour-patisserie-dimensions-860x882x1464-mm\/#primaryimage"},"thumbnailUrl":"https:\/\/italiamachines.com\/wp-content\/uploads\/2023\/07\/XB613G-2.png","datePublished":"2023-07-30T04:48:55+00:00","dateModified":"2024-09-28T19:36:14+00:00","breadcrumb":{"@id":"https:\/\/italiamachines.com\/boutique\/boulangerie-et-patisserie\/patisserie\/four-pour-patisserie\/four-unox-ventile-pour-patisserie-dimensions-860x882x1464-mm\/#breadcrumb"},"inLanguage":"en-US","potentialAction":[{"@type":"ReadAction","target":["https:\/\/italiamachines.com\/boutique\/boulangerie-et-patisserie\/patisserie\/four-pour-patisserie\/four-unox-ventile-pour-patisserie-dimensions-860x882x1464-mm\/"]}]},{"@type":"ImageObject","inLanguage":"en-US","@id":"https:\/\/italiamachines.com\/boutique\/boulangerie-et-patisserie\/patisserie\/four-pour-patisserie\/four-unox-ventile-pour-patisserie-dimensions-860x882x1464-mm\/#primaryimage","url":"https:\/\/italiamachines.com\/wp-content\/uploads\/2023\/07\/XB613G-2.png","contentUrl":"https:\/\/italiamachines.com\/wp-content\/uploads\/2023\/07\/XB613G-2.png","width":1322,"height":1260},{"@type":"BreadcrumbList","@id":"https:\/\/italiamachines.com\/boutique\/boulangerie-et-patisserie\/patisserie\/four-pour-patisserie\/four-unox-ventile-pour-patisserie-dimensions-860x882x1464-mm\/#breadcrumb","itemListElement":[{"@type":"ListItem","position":1,"name":"Accueil","item":"https:\/\/italiamachines.com\/fr_fr\/"},{"@type":"ListItem","position":2,"name":"Boutique","item":"https:\/\/italiamachines.com\/boutique\/"},{"@type":"ListItem","position":3,"name":"Four Unox \u00e0 convection avec humidit\u00e9 et contr\u00f4le analogique"}]},{"@type":"WebSite","@id":"https:\/\/italiamachines.com\/#website","url":"https:\/\/italiamachines.com\/","name":"Italia Machines","description":"L&#039;art de l&#039;\u00e9quipement HORECA","publisher":{"@id":"https:\/\/italiamachines.com\/#organization"},"potentialAction":[{"@type":"SearchAction","target":{"@type":"EntryPoint","urlTemplate":"https:\/\/italiamachines.com\/?s={search_term_string}"},"query-input":{"@type":"PropertyValueSpecification","valueRequired":true,"valueName":"search_term_string"}}],"inLanguage":"en-US"},{"@type":"Organization","@id":"https:\/\/italiamachines.com\/#organization","name":"italiamachines","url":"https:\/\/italiamachines.com\/","logo":{"@type":"ImageObject","inLanguage":"en-US","@id":"https:\/\/italiamachines.com\/#\/schema\/logo\/image\/","url":"https:\/\/italiamachines.com\/wp-content\/uploads\/2023\/08\/logo-web-1.png","contentUrl":"https:\/\/italiamachines.com\/wp-content\/uploads\/2023\/08\/logo-web-1.png","width":977,"height":254,"caption":"italiamachines"},"image":{"@id":"https:\/\/italiamachines.com\/#\/schema\/logo\/image\/"},"sameAs":["https:\/\/web.facebook.com\/italiamachines\/","https:\/\/www.instagram.com\/italia.machines\/"]}]}},"_links":{"self":[{"href":"https:\/\/italiamachines.com\/en\/wp-json\/wp\/v2\/product\/5540","targetHints":{"allow":["GET"]}}],"collection":[{"href":"https:\/\/italiamachines.com\/en\/wp-json\/wp\/v2\/product"}],"about":[{"href":"https:\/\/italiamachines.com\/en\/wp-json\/wp\/v2\/types\/product"}],"replies":[{"embeddable":true,"href":"https:\/\/italiamachines.com\/en\/wp-json\/wp\/v2\/comments?post=5540"}],"wp:featuredmedia":[{"embeddable":true,"href":"https:\/\/italiamachines.com\/en\/wp-json\/wp\/v2\/media\/7836"}],"wp:attachment":[{"href":"https:\/\/italiamachines.com\/en\/wp-json\/wp\/v2\/media?parent=5540"}],"wp:term":[{"taxonomy":"product_cat","embeddable":true,"href":"https:\/\/italiamachines.com\/en\/wp-json\/wp\/v2\/product_cat?post=5540"},{"taxonomy":"product_tag","embeddable":true,"href":"https:\/\/italiamachines.com\/en\/wp-json\/wp\/v2\/product_tag?post=5540"}],"curies":[{"name":"wp","href":"https:\/\/api.w.org\/{rel}","templated":true}]}}