{"id":5554,"date":"2023-07-30T04:50:06","date_gmt":"2023-07-30T04:50:06","guid":{"rendered":"https:\/\/prod.italiamachines.com\/product\/hotte-pour-four-unox-topchef\/"},"modified":"2024-09-28T22:10:19","modified_gmt":"2024-09-28T20:10:19","slug":"hotte-pour-four-unox-topchef","status":"publish","type":"product","link":"https:\/\/italiamachines.com\/en\/boutique\/restaurant-snack-et-pizzeria\/cuisson\/hotte-pour-four-unox-topchef\/","title":{"rendered":"Hotte pour four Unox TopChef"},"content":{"rendered":"<p>Hotte avec condenseur de vapeur con\u00e7ue pour \u00eatre plac\u00e9e au sommet de votre four Cheftop \u00e9lectrique.<br \/>\nExtr\u00eamement puissante et peut assurer une aspiration avec un d\u00e9bit d&rsquo;air minimum de 310 m3\/h et un d\u00e9bit d&rsquo;air maximum de 390 m3\/h.<br \/>\nLongueur: 750mm<br \/>\nProfondeur: 956mm<br \/>\nHauteur: 240mm<br \/>\nPuissance \u00e9lectrique: 250W<br \/>\nPoids: 15 KG<br \/>\nVersion: inox<br \/>\nVoltage: 230V\/1\/50HZ\/16A<br \/>\nEnergie: Electrique<\/p>","protected":false},"excerpt":{"rendered":"<p>Hotte avec condenseur de vapeur con\u00e7ue pour \u00eatre plac\u00e9e au sommet de votre four Cheftop \u00e9lectrique. Extr\u00eamement puissante et peut assurer une aspiration avec un d\u00e9bit d&rsquo;air minimum de 310 m3\/h et un d\u00e9bit d&rsquo;air maximum de 390 m3\/h. Longueur: 750mm Profondeur: 956mm Hauteur: 240mm Puissance \u00e9lectrique: 250W Poids: 15 KG Version: inox Voltage: 230V\/1\/50HZ\/16A&hellip;<\/p>","protected":false},"featured_media":8864,"comment_status":"open","ping_status":"closed","template":"","meta":[],"product_cat":[171,203,112],"product_tag":[],"class_list":{"0":"post-5554","1":"product","2":"type-product","3":"status-publish","4":"has-post-thumbnail","6":"product_cat-cuisson","7":"product_cat-hotte","8":"product_cat-restaurant-snack-et-pizzeria","10":"first","11":"instock","12":"shipping-taxable","13":"purchasable","14":"product-type-simple","15":"col-xs-6 col-sm-4","16":"col-md-3 col-lg-3","17":"un-4-cols"},"yoast_head":"<!-- This site is optimized with the Yoast SEO plugin v26.6 - https:\/\/yoast.com\/wordpress\/plugins\/seo\/ -->\n<title>Hotte pour four Unox TopChef | Italia Machines<\/title>\n<meta name=\"robots\" content=\"index, follow, max-snippet:-1, max-image-preview:large, max-video-preview:-1\" \/>\n<link rel=\"canonical\" href=\"https:\/\/italiamachines.com\/en\/boutique\/restaurant-snack-et-pizzeria\/cuisson\/hotte-pour-four-unox-topchef\/\" \/>\n<meta property=\"og:locale\" content=\"en_US\" \/>\n<meta property=\"og:type\" content=\"article\" \/>\n<meta property=\"og:title\" content=\"Hotte pour four Unox TopChef | Italia Machines\" \/>\n<meta property=\"og:description\" content=\"Hotte avec condenseur de vapeur con\u00e7ue pour \u00eatre plac\u00e9e au sommet de votre four Cheftop \u00e9lectrique. Extr\u00eamement puissante et peut assurer une aspiration avec un d\u00e9bit d&rsquo;air minimum de 310 m3\/h et un d\u00e9bit d&rsquo;air maximum de 390 m3\/h. Longueur: 750mm Profondeur: 956mm Hauteur: 240mm Puissance \u00e9lectrique: 250W Poids: 15 KG Version: inox Voltage: 230V\/1\/50HZ\/16A&hellip;\" \/>\n<meta property=\"og:url\" content=\"https:\/\/italiamachines.com\/en\/boutique\/restaurant-snack-et-pizzeria\/cuisson\/hotte-pour-four-unox-topchef\/\" \/>\n<meta property=\"og:site_name\" content=\"Italia Machines\" \/>\n<meta property=\"article:publisher\" content=\"https:\/\/web.facebook.com\/italiamachines\/\" \/>\n<meta property=\"article:modified_time\" content=\"2024-09-28T20:10:19+00:00\" \/>\n<meta property=\"og:image\" content=\"https:\/\/italiamachines.com\/wp-content\/uploads\/2023\/07\/XEVHC-HC11-1.jpeg\" \/>\n\t<meta property=\"og:image:width\" content=\"400\" \/>\n\t<meta property=\"og:image:height\" content=\"400\" \/>\n\t<meta property=\"og:image:type\" content=\"image\/jpeg\" \/>\n<meta name=\"twitter:card\" content=\"summary_large_image\" \/>\n<meta name=\"twitter:label1\" content=\"Est. reading time\" \/>\n\t<meta name=\"twitter:data1\" content=\"1 minute\" \/>\n<script type=\"application\/ld+json\" class=\"yoast-schema-graph\">{\"@context\":\"https:\/\/schema.org\",\"@graph\":[{\"@type\":\"WebPage\",\"@id\":\"https:\/\/italiamachines.com\/boutique\/restaurant-snack-et-pizzeria\/cuisson\/hotte-pour-four-unox-topchef\/\",\"url\":\"https:\/\/italiamachines.com\/boutique\/restaurant-snack-et-pizzeria\/cuisson\/hotte-pour-four-unox-topchef\/\",\"name\":\"Hotte pour four Unox TopChef | Italia Machines\",\"isPartOf\":{\"@id\":\"https:\/\/italiamachines.com\/#website\"},\"primaryImageOfPage\":{\"@id\":\"https:\/\/italiamachines.com\/boutique\/restaurant-snack-et-pizzeria\/cuisson\/hotte-pour-four-unox-topchef\/#primaryimage\"},\"image\":{\"@id\":\"https:\/\/italiamachines.com\/boutique\/restaurant-snack-et-pizzeria\/cuisson\/hotte-pour-four-unox-topchef\/#primaryimage\"},\"thumbnailUrl\":\"https:\/\/italiamachines.com\/wp-content\/uploads\/2023\/07\/XEVHC-HC11-1.jpeg\",\"datePublished\":\"2023-07-30T04:50:06+00:00\",\"dateModified\":\"2024-09-28T20:10:19+00:00\",\"breadcrumb\":{\"@id\":\"https:\/\/italiamachines.com\/boutique\/restaurant-snack-et-pizzeria\/cuisson\/hotte-pour-four-unox-topchef\/#breadcrumb\"},\"inLanguage\":\"en-US\",\"potentialAction\":[{\"@type\":\"ReadAction\",\"target\":[\"https:\/\/italiamachines.com\/boutique\/restaurant-snack-et-pizzeria\/cuisson\/hotte-pour-four-unox-topchef\/\"]}]},{\"@type\":\"ImageObject\",\"inLanguage\":\"en-US\",\"@id\":\"https:\/\/italiamachines.com\/boutique\/restaurant-snack-et-pizzeria\/cuisson\/hotte-pour-four-unox-topchef\/#primaryimage\",\"url\":\"https:\/\/italiamachines.com\/wp-content\/uploads\/2023\/07\/XEVHC-HC11-1.jpeg\",\"contentUrl\":\"https:\/\/italiamachines.com\/wp-content\/uploads\/2023\/07\/XEVHC-HC11-1.jpeg\",\"width\":400,\"height\":400},{\"@type\":\"BreadcrumbList\",\"@id\":\"https:\/\/italiamachines.com\/boutique\/restaurant-snack-et-pizzeria\/cuisson\/hotte-pour-four-unox-topchef\/#breadcrumb\",\"itemListElement\":[{\"@type\":\"ListItem\",\"position\":1,\"name\":\"Accueil\",\"item\":\"https:\/\/italiamachines.com\/fr_fr\/\"},{\"@type\":\"ListItem\",\"position\":2,\"name\":\"Boutique\",\"item\":\"https:\/\/italiamachines.com\/boutique\/\"},{\"@type\":\"ListItem\",\"position\":3,\"name\":\"Hotte pour four Unox TopChef\"}]},{\"@type\":\"WebSite\",\"@id\":\"https:\/\/italiamachines.com\/#website\",\"url\":\"https:\/\/italiamachines.com\/\",\"name\":\"Italia Machines\",\"description\":\"L&#039;art de l&#039;\u00e9quipement HORECA\",\"publisher\":{\"@id\":\"https:\/\/italiamachines.com\/#organization\"},\"potentialAction\":[{\"@type\":\"SearchAction\",\"target\":{\"@type\":\"EntryPoint\",\"urlTemplate\":\"https:\/\/italiamachines.com\/?s={search_term_string}\"},\"query-input\":{\"@type\":\"PropertyValueSpecification\",\"valueRequired\":true,\"valueName\":\"search_term_string\"}}],\"inLanguage\":\"en-US\"},{\"@type\":\"Organization\",\"@id\":\"https:\/\/italiamachines.com\/#organization\",\"name\":\"italiamachines\",\"url\":\"https:\/\/italiamachines.com\/\",\"logo\":{\"@type\":\"ImageObject\",\"inLanguage\":\"en-US\",\"@id\":\"https:\/\/italiamachines.com\/#\/schema\/logo\/image\/\",\"url\":\"https:\/\/italiamachines.com\/wp-content\/uploads\/2023\/08\/logo-web-1.png\",\"contentUrl\":\"https:\/\/italiamachines.com\/wp-content\/uploads\/2023\/08\/logo-web-1.png\",\"width\":977,\"height\":254,\"caption\":\"italiamachines\"},\"image\":{\"@id\":\"https:\/\/italiamachines.com\/#\/schema\/logo\/image\/\"},\"sameAs\":[\"https:\/\/web.facebook.com\/italiamachines\/\",\"https:\/\/www.instagram.com\/italia.machines\/\"]}]}<\/script>\n<!-- \/ Yoast SEO plugin. -->","yoast_head_json":{"title":"Hotte pour four Unox TopChef | Italia Machines","robots":{"index":"index","follow":"follow","max-snippet":"max-snippet:-1","max-image-preview":"max-image-preview:large","max-video-preview":"max-video-preview:-1"},"canonical":"https:\/\/italiamachines.com\/en\/boutique\/restaurant-snack-et-pizzeria\/cuisson\/hotte-pour-four-unox-topchef\/","og_locale":"en_US","og_type":"article","og_title":"Hotte pour four Unox TopChef | Italia Machines","og_description":"Hotte avec condenseur de vapeur con\u00e7ue pour \u00eatre plac\u00e9e au sommet de votre four Cheftop \u00e9lectrique. Extr\u00eamement puissante et peut assurer une aspiration avec un d\u00e9bit d&rsquo;air minimum de 310 m3\/h et un d\u00e9bit d&rsquo;air maximum de 390 m3\/h. Longueur: 750mm Profondeur: 956mm Hauteur: 240mm Puissance \u00e9lectrique: 250W Poids: 15 KG Version: inox Voltage: 230V\/1\/50HZ\/16A&hellip;","og_url":"https:\/\/italiamachines.com\/en\/boutique\/restaurant-snack-et-pizzeria\/cuisson\/hotte-pour-four-unox-topchef\/","og_site_name":"Italia Machines","article_publisher":"https:\/\/web.facebook.com\/italiamachines\/","article_modified_time":"2024-09-28T20:10:19+00:00","og_image":[{"width":400,"height":400,"url":"https:\/\/italiamachines.com\/wp-content\/uploads\/2023\/07\/XEVHC-HC11-1.jpeg","type":"image\/jpeg"}],"twitter_card":"summary_large_image","twitter_misc":{"Est. reading time":"1 minute"},"schema":{"@context":"https:\/\/schema.org","@graph":[{"@type":"WebPage","@id":"https:\/\/italiamachines.com\/boutique\/restaurant-snack-et-pizzeria\/cuisson\/hotte-pour-four-unox-topchef\/","url":"https:\/\/italiamachines.com\/boutique\/restaurant-snack-et-pizzeria\/cuisson\/hotte-pour-four-unox-topchef\/","name":"Hotte pour four Unox TopChef | Italia Machines","isPartOf":{"@id":"https:\/\/italiamachines.com\/#website"},"primaryImageOfPage":{"@id":"https:\/\/italiamachines.com\/boutique\/restaurant-snack-et-pizzeria\/cuisson\/hotte-pour-four-unox-topchef\/#primaryimage"},"image":{"@id":"https:\/\/italiamachines.com\/boutique\/restaurant-snack-et-pizzeria\/cuisson\/hotte-pour-four-unox-topchef\/#primaryimage"},"thumbnailUrl":"https:\/\/italiamachines.com\/wp-content\/uploads\/2023\/07\/XEVHC-HC11-1.jpeg","datePublished":"2023-07-30T04:50:06+00:00","dateModified":"2024-09-28T20:10:19+00:00","breadcrumb":{"@id":"https:\/\/italiamachines.com\/boutique\/restaurant-snack-et-pizzeria\/cuisson\/hotte-pour-four-unox-topchef\/#breadcrumb"},"inLanguage":"en-US","potentialAction":[{"@type":"ReadAction","target":["https:\/\/italiamachines.com\/boutique\/restaurant-snack-et-pizzeria\/cuisson\/hotte-pour-four-unox-topchef\/"]}]},{"@type":"ImageObject","inLanguage":"en-US","@id":"https:\/\/italiamachines.com\/boutique\/restaurant-snack-et-pizzeria\/cuisson\/hotte-pour-four-unox-topchef\/#primaryimage","url":"https:\/\/italiamachines.com\/wp-content\/uploads\/2023\/07\/XEVHC-HC11-1.jpeg","contentUrl":"https:\/\/italiamachines.com\/wp-content\/uploads\/2023\/07\/XEVHC-HC11-1.jpeg","width":400,"height":400},{"@type":"BreadcrumbList","@id":"https:\/\/italiamachines.com\/boutique\/restaurant-snack-et-pizzeria\/cuisson\/hotte-pour-four-unox-topchef\/#breadcrumb","itemListElement":[{"@type":"ListItem","position":1,"name":"Accueil","item":"https:\/\/italiamachines.com\/fr_fr\/"},{"@type":"ListItem","position":2,"name":"Boutique","item":"https:\/\/italiamachines.com\/boutique\/"},{"@type":"ListItem","position":3,"name":"Hotte pour four Unox TopChef"}]},{"@type":"WebSite","@id":"https:\/\/italiamachines.com\/#website","url":"https:\/\/italiamachines.com\/","name":"Italia Machines","description":"L&#039;art de l&#039;\u00e9quipement HORECA","publisher":{"@id":"https:\/\/italiamachines.com\/#organization"},"potentialAction":[{"@type":"SearchAction","target":{"@type":"EntryPoint","urlTemplate":"https:\/\/italiamachines.com\/?s={search_term_string}"},"query-input":{"@type":"PropertyValueSpecification","valueRequired":true,"valueName":"search_term_string"}}],"inLanguage":"en-US"},{"@type":"Organization","@id":"https:\/\/italiamachines.com\/#organization","name":"italiamachines","url":"https:\/\/italiamachines.com\/","logo":{"@type":"ImageObject","inLanguage":"en-US","@id":"https:\/\/italiamachines.com\/#\/schema\/logo\/image\/","url":"https:\/\/italiamachines.com\/wp-content\/uploads\/2023\/08\/logo-web-1.png","contentUrl":"https:\/\/italiamachines.com\/wp-content\/uploads\/2023\/08\/logo-web-1.png","width":977,"height":254,"caption":"italiamachines"},"image":{"@id":"https:\/\/italiamachines.com\/#\/schema\/logo\/image\/"},"sameAs":["https:\/\/web.facebook.com\/italiamachines\/","https:\/\/www.instagram.com\/italia.machines\/"]}]}},"_links":{"self":[{"href":"https:\/\/italiamachines.com\/en\/wp-json\/wp\/v2\/product\/5554","targetHints":{"allow":["GET"]}}],"collection":[{"href":"https:\/\/italiamachines.com\/en\/wp-json\/wp\/v2\/product"}],"about":[{"href":"https:\/\/italiamachines.com\/en\/wp-json\/wp\/v2\/types\/product"}],"replies":[{"embeddable":true,"href":"https:\/\/italiamachines.com\/en\/wp-json\/wp\/v2\/comments?post=5554"}],"wp:featuredmedia":[{"embeddable":true,"href":"https:\/\/italiamachines.com\/en\/wp-json\/wp\/v2\/media\/8864"}],"wp:attachment":[{"href":"https:\/\/italiamachines.com\/en\/wp-json\/wp\/v2\/media?parent=5554"}],"wp:term":[{"taxonomy":"product_cat","embeddable":true,"href":"https:\/\/italiamachines.com\/en\/wp-json\/wp\/v2\/product_cat?post=5554"},{"taxonomy":"product_tag","embeddable":true,"href":"https:\/\/italiamachines.com\/en\/wp-json\/wp\/v2\/product_tag?post=5554"}],"curies":[{"name":"wp","href":"https:\/\/api.w.org\/{rel}","templated":true}]}}