{"id":5566,"date":"2023-07-30T04:51:17","date_gmt":"2023-07-30T04:51:17","guid":{"rendered":"https:\/\/prod.italiamachines.com\/product\/panier-en-inox-pour-friteuse-simple-2\/"},"modified":"2024-09-29T21:11:05","modified_gmt":"2024-09-29T19:11:05","slug":"panier-en-inox-pour-friteuse-simple-2","status":"publish","type":"product","link":"https:\/\/italiamachines.com\/en\/boutique\/accessoires\/panier-en-inox-pour-friteuse-simple-2\/","title":{"rendered":"Panier en acier inoxydable pour friteuse simple s\u00e9rie 700"},"content":{"rendered":"<p>Capacit\u00e9: 8 Litres<br \/>\nHauteur: 225 mm<br \/>\nLargeur: 200 mm<br \/>\nPoids: 1 Kg<br \/>\nProfondeur: 700 mm<br \/>\nPropri\u00e9t\u00e9s: Avec poign\u00e9e(s)<\/p>","protected":false},"excerpt":{"rendered":"<p>Capacit\u00e9: 8 Litres Hauteur: 225 mm Largeur: 200 mm Poids: 1 Kg Profondeur: 700 mm Propri\u00e9t\u00e9s: Avec poign\u00e9e(s)<\/p>","protected":false},"featured_media":5565,"comment_status":"open","ping_status":"closed","template":"","meta":[],"product_cat":[57],"product_tag":[],"class_list":{"0":"post-5566","1":"product","2":"type-product","3":"status-publish","4":"has-post-thumbnail","6":"product_cat-accessoires","8":"first","9":"instock","10":"shipping-taxable","11":"purchasable","12":"product-type-simple","13":"col-xs-6 col-sm-4","14":"col-md-3 col-lg-3","15":"un-4-cols"},"yoast_head":"<!-- This site is optimized with the Yoast SEO plugin v26.6 - https:\/\/yoast.com\/wordpress\/plugins\/seo\/ -->\n<title>Panier en acier inoxydable pour friteuse simple s\u00e9rie 700 | Italia Machines<\/title>\n<meta name=\"robots\" content=\"index, follow, max-snippet:-1, max-image-preview:large, max-video-preview:-1\" \/>\n<link rel=\"canonical\" href=\"https:\/\/italiamachines.com\/en\/boutique\/accessoires\/panier-en-inox-pour-friteuse-simple-2\/\" \/>\n<meta property=\"og:locale\" content=\"en_US\" \/>\n<meta property=\"og:type\" content=\"article\" \/>\n<meta property=\"og:title\" content=\"Panier en acier inoxydable pour friteuse simple s\u00e9rie 700 | Italia Machines\" \/>\n<meta property=\"og:description\" content=\"Capacit\u00e9: 8 Litres Hauteur: 225 mm Largeur: 200 mm Poids: 1 Kg Profondeur: 700 mm Propri\u00e9t\u00e9s: Avec poign\u00e9e(s)\" \/>\n<meta property=\"og:url\" content=\"https:\/\/italiamachines.com\/en\/boutique\/accessoires\/panier-en-inox-pour-friteuse-simple-2\/\" \/>\n<meta property=\"og:site_name\" content=\"Italia Machines\" \/>\n<meta property=\"article:publisher\" content=\"https:\/\/web.facebook.com\/italiamachines\/\" \/>\n<meta property=\"article:modified_time\" content=\"2024-09-29T19:11:05+00:00\" \/>\n<meta property=\"og:image\" content=\"https:\/\/italiamachines.com\/wp-content\/uploads\/2023\/07\/YEMP7FG010.jpeg\" \/>\n\t<meta property=\"og:image:width\" content=\"552\" \/>\n\t<meta property=\"og:image:height\" content=\"552\" \/>\n\t<meta property=\"og:image:type\" content=\"image\/jpeg\" \/>\n<meta name=\"twitter:card\" content=\"summary_large_image\" \/>\n<meta name=\"twitter:label1\" content=\"Est. reading time\" \/>\n\t<meta name=\"twitter:data1\" content=\"1 minute\" \/>\n<script type=\"application\/ld+json\" class=\"yoast-schema-graph\">{\"@context\":\"https:\/\/schema.org\",\"@graph\":[{\"@type\":\"WebPage\",\"@id\":\"https:\/\/italiamachines.com\/boutique\/accessoires\/panier-en-inox-pour-friteuse-simple-2\/\",\"url\":\"https:\/\/italiamachines.com\/boutique\/accessoires\/panier-en-inox-pour-friteuse-simple-2\/\",\"name\":\"Panier en acier inoxydable pour friteuse simple s\u00e9rie 700 | Italia Machines\",\"isPartOf\":{\"@id\":\"https:\/\/italiamachines.com\/#website\"},\"primaryImageOfPage\":{\"@id\":\"https:\/\/italiamachines.com\/boutique\/accessoires\/panier-en-inox-pour-friteuse-simple-2\/#primaryimage\"},\"image\":{\"@id\":\"https:\/\/italiamachines.com\/boutique\/accessoires\/panier-en-inox-pour-friteuse-simple-2\/#primaryimage\"},\"thumbnailUrl\":\"https:\/\/italiamachines.com\/wp-content\/uploads\/2023\/07\/YEMP7FG010.jpeg\",\"datePublished\":\"2023-07-30T04:51:17+00:00\",\"dateModified\":\"2024-09-29T19:11:05+00:00\",\"breadcrumb\":{\"@id\":\"https:\/\/italiamachines.com\/boutique\/accessoires\/panier-en-inox-pour-friteuse-simple-2\/#breadcrumb\"},\"inLanguage\":\"en-US\",\"potentialAction\":[{\"@type\":\"ReadAction\",\"target\":[\"https:\/\/italiamachines.com\/boutique\/accessoires\/panier-en-inox-pour-friteuse-simple-2\/\"]}]},{\"@type\":\"ImageObject\",\"inLanguage\":\"en-US\",\"@id\":\"https:\/\/italiamachines.com\/boutique\/accessoires\/panier-en-inox-pour-friteuse-simple-2\/#primaryimage\",\"url\":\"https:\/\/italiamachines.com\/wp-content\/uploads\/2023\/07\/YEMP7FG010.jpeg\",\"contentUrl\":\"https:\/\/italiamachines.com\/wp-content\/uploads\/2023\/07\/YEMP7FG010.jpeg\",\"width\":552,\"height\":552},{\"@type\":\"BreadcrumbList\",\"@id\":\"https:\/\/italiamachines.com\/boutique\/accessoires\/panier-en-inox-pour-friteuse-simple-2\/#breadcrumb\",\"itemListElement\":[{\"@type\":\"ListItem\",\"position\":1,\"name\":\"Accueil\",\"item\":\"https:\/\/italiamachines.com\/fr_fr\/\"},{\"@type\":\"ListItem\",\"position\":2,\"name\":\"Boutique\",\"item\":\"https:\/\/italiamachines.com\/boutique\/\"},{\"@type\":\"ListItem\",\"position\":3,\"name\":\"Panier en acier inoxydable pour friteuse simple s\u00e9rie 700\"}]},{\"@type\":\"WebSite\",\"@id\":\"https:\/\/italiamachines.com\/#website\",\"url\":\"https:\/\/italiamachines.com\/\",\"name\":\"Italia Machines\",\"description\":\"L&#039;art de l&#039;\u00e9quipement HORECA\",\"publisher\":{\"@id\":\"https:\/\/italiamachines.com\/#organization\"},\"potentialAction\":[{\"@type\":\"SearchAction\",\"target\":{\"@type\":\"EntryPoint\",\"urlTemplate\":\"https:\/\/italiamachines.com\/?s={search_term_string}\"},\"query-input\":{\"@type\":\"PropertyValueSpecification\",\"valueRequired\":true,\"valueName\":\"search_term_string\"}}],\"inLanguage\":\"en-US\"},{\"@type\":\"Organization\",\"@id\":\"https:\/\/italiamachines.com\/#organization\",\"name\":\"italiamachines\",\"url\":\"https:\/\/italiamachines.com\/\",\"logo\":{\"@type\":\"ImageObject\",\"inLanguage\":\"en-US\",\"@id\":\"https:\/\/italiamachines.com\/#\/schema\/logo\/image\/\",\"url\":\"https:\/\/italiamachines.com\/wp-content\/uploads\/2023\/08\/logo-web-1.png\",\"contentUrl\":\"https:\/\/italiamachines.com\/wp-content\/uploads\/2023\/08\/logo-web-1.png\",\"width\":977,\"height\":254,\"caption\":\"italiamachines\"},\"image\":{\"@id\":\"https:\/\/italiamachines.com\/#\/schema\/logo\/image\/\"},\"sameAs\":[\"https:\/\/web.facebook.com\/italiamachines\/\",\"https:\/\/www.instagram.com\/italia.machines\/\"]}]}<\/script>\n<!-- \/ Yoast SEO plugin. -->","yoast_head_json":{"title":"Panier en acier inoxydable pour friteuse simple s\u00e9rie 700 | Italia Machines","robots":{"index":"index","follow":"follow","max-snippet":"max-snippet:-1","max-image-preview":"max-image-preview:large","max-video-preview":"max-video-preview:-1"},"canonical":"https:\/\/italiamachines.com\/en\/boutique\/accessoires\/panier-en-inox-pour-friteuse-simple-2\/","og_locale":"en_US","og_type":"article","og_title":"Panier en acier inoxydable pour friteuse simple s\u00e9rie 700 | Italia Machines","og_description":"Capacit\u00e9: 8 Litres Hauteur: 225 mm Largeur: 200 mm Poids: 1 Kg Profondeur: 700 mm Propri\u00e9t\u00e9s: Avec poign\u00e9e(s)","og_url":"https:\/\/italiamachines.com\/en\/boutique\/accessoires\/panier-en-inox-pour-friteuse-simple-2\/","og_site_name":"Italia Machines","article_publisher":"https:\/\/web.facebook.com\/italiamachines\/","article_modified_time":"2024-09-29T19:11:05+00:00","og_image":[{"width":552,"height":552,"url":"https:\/\/italiamachines.com\/wp-content\/uploads\/2023\/07\/YEMP7FG010.jpeg","type":"image\/jpeg"}],"twitter_card":"summary_large_image","twitter_misc":{"Est. reading time":"1 minute"},"schema":{"@context":"https:\/\/schema.org","@graph":[{"@type":"WebPage","@id":"https:\/\/italiamachines.com\/boutique\/accessoires\/panier-en-inox-pour-friteuse-simple-2\/","url":"https:\/\/italiamachines.com\/boutique\/accessoires\/panier-en-inox-pour-friteuse-simple-2\/","name":"Panier en acier inoxydable pour friteuse simple s\u00e9rie 700 | Italia Machines","isPartOf":{"@id":"https:\/\/italiamachines.com\/#website"},"primaryImageOfPage":{"@id":"https:\/\/italiamachines.com\/boutique\/accessoires\/panier-en-inox-pour-friteuse-simple-2\/#primaryimage"},"image":{"@id":"https:\/\/italiamachines.com\/boutique\/accessoires\/panier-en-inox-pour-friteuse-simple-2\/#primaryimage"},"thumbnailUrl":"https:\/\/italiamachines.com\/wp-content\/uploads\/2023\/07\/YEMP7FG010.jpeg","datePublished":"2023-07-30T04:51:17+00:00","dateModified":"2024-09-29T19:11:05+00:00","breadcrumb":{"@id":"https:\/\/italiamachines.com\/boutique\/accessoires\/panier-en-inox-pour-friteuse-simple-2\/#breadcrumb"},"inLanguage":"en-US","potentialAction":[{"@type":"ReadAction","target":["https:\/\/italiamachines.com\/boutique\/accessoires\/panier-en-inox-pour-friteuse-simple-2\/"]}]},{"@type":"ImageObject","inLanguage":"en-US","@id":"https:\/\/italiamachines.com\/boutique\/accessoires\/panier-en-inox-pour-friteuse-simple-2\/#primaryimage","url":"https:\/\/italiamachines.com\/wp-content\/uploads\/2023\/07\/YEMP7FG010.jpeg","contentUrl":"https:\/\/italiamachines.com\/wp-content\/uploads\/2023\/07\/YEMP7FG010.jpeg","width":552,"height":552},{"@type":"BreadcrumbList","@id":"https:\/\/italiamachines.com\/boutique\/accessoires\/panier-en-inox-pour-friteuse-simple-2\/#breadcrumb","itemListElement":[{"@type":"ListItem","position":1,"name":"Accueil","item":"https:\/\/italiamachines.com\/fr_fr\/"},{"@type":"ListItem","position":2,"name":"Boutique","item":"https:\/\/italiamachines.com\/boutique\/"},{"@type":"ListItem","position":3,"name":"Panier en acier inoxydable pour friteuse simple s\u00e9rie 700"}]},{"@type":"WebSite","@id":"https:\/\/italiamachines.com\/#website","url":"https:\/\/italiamachines.com\/","name":"Italia Machines","description":"L&#039;art de l&#039;\u00e9quipement HORECA","publisher":{"@id":"https:\/\/italiamachines.com\/#organization"},"potentialAction":[{"@type":"SearchAction","target":{"@type":"EntryPoint","urlTemplate":"https:\/\/italiamachines.com\/?s={search_term_string}"},"query-input":{"@type":"PropertyValueSpecification","valueRequired":true,"valueName":"search_term_string"}}],"inLanguage":"en-US"},{"@type":"Organization","@id":"https:\/\/italiamachines.com\/#organization","name":"italiamachines","url":"https:\/\/italiamachines.com\/","logo":{"@type":"ImageObject","inLanguage":"en-US","@id":"https:\/\/italiamachines.com\/#\/schema\/logo\/image\/","url":"https:\/\/italiamachines.com\/wp-content\/uploads\/2023\/08\/logo-web-1.png","contentUrl":"https:\/\/italiamachines.com\/wp-content\/uploads\/2023\/08\/logo-web-1.png","width":977,"height":254,"caption":"italiamachines"},"image":{"@id":"https:\/\/italiamachines.com\/#\/schema\/logo\/image\/"},"sameAs":["https:\/\/web.facebook.com\/italiamachines\/","https:\/\/www.instagram.com\/italia.machines\/"]}]}},"_links":{"self":[{"href":"https:\/\/italiamachines.com\/en\/wp-json\/wp\/v2\/product\/5566","targetHints":{"allow":["GET"]}}],"collection":[{"href":"https:\/\/italiamachines.com\/en\/wp-json\/wp\/v2\/product"}],"about":[{"href":"https:\/\/italiamachines.com\/en\/wp-json\/wp\/v2\/types\/product"}],"replies":[{"embeddable":true,"href":"https:\/\/italiamachines.com\/en\/wp-json\/wp\/v2\/comments?post=5566"}],"wp:featuredmedia":[{"embeddable":true,"href":"https:\/\/italiamachines.com\/en\/wp-json\/wp\/v2\/media\/5565"}],"wp:attachment":[{"href":"https:\/\/italiamachines.com\/en\/wp-json\/wp\/v2\/media?parent=5566"}],"wp:term":[{"taxonomy":"product_cat","embeddable":true,"href":"https:\/\/italiamachines.com\/en\/wp-json\/wp\/v2\/product_cat?post=5566"},{"taxonomy":"product_tag","embeddable":true,"href":"https:\/\/italiamachines.com\/en\/wp-json\/wp\/v2\/product_tag?post=5566"}],"curies":[{"name":"wp","href":"https:\/\/api.w.org\/{rel}","templated":true}]}}