{"id":5743,"date":"2023-08-02T15:40:26","date_gmt":"2023-08-02T15:40:26","guid":{"rendered":"https:\/\/prod.italiamachines.com\/product\/rape-fromage-electrique-a-220v-par-gam-minerva-italie\/"},"modified":"2026-01-04T11:36:20","modified_gmt":"2026-01-04T10:36:20","slug":"rape-fromage-electrique-a-220v-par-gam-minerva-italie","status":"publish","type":"product","link":"https:\/\/italiamachines.com\/en\/boutique\/fromagerie-et-epicerie-fine\/rape-fromage\/rape-fromage-electrique-a-220v-par-gam-minerva-italie\/","title":{"rendered":"Rape fromage \u00e9lectrique \u00e0 220V &#8211; par Gam-Minerva"},"content":{"rendered":"<p>Bouche extractible en acier inoxydable<br \/>\nMachine innovante adapt\u00e9e aux moyennes et grandes productions<br \/>\nEnti\u00e8rement fabriqu\u00e9e en acier inoxydable pour une durabilit\u00e9 optimale<br \/>\nId\u00e9ale pour r\u00e2per Parmesan, fromages durs, chocolat, pain, miettes de pain et amandes pil\u00e9es<br \/>\nTr\u00e8s facile \u00e0 utiliser et \u00e0 nettoyer<br \/>\nBouche : 145&#215;80 mm<br \/>\nBac de r\u00e9cup\u00e9ration : 10 L<br \/>\nVitesse de r\u00e2page : 1 400 tr\/min<br \/>\nProduction : 160 (2,7) kg\/h (kg\/min)<br \/>\nCapacit\u00e9 quotidienne : 300 pi\u00e8ces<br \/>\nMoteur triphas\u00e9 : 1,5 (2) kW (HP)<br \/>\nMoteur monophas\u00e9 : 1,5 (2) kW (HP)<br \/>\nPoids net : 31 kg<\/p>","protected":false},"excerpt":{"rendered":"<p>Bouche extractible en acier inoxydable Machine innovante adapt\u00e9e aux moyennes et grandes productions Enti\u00e8rement fabriqu\u00e9e en acier inoxydable pour une durabilit\u00e9 optimale Id\u00e9ale pour r\u00e2per Parmesan, fromages durs, chocolat, pain, miettes de pain et amandes pil\u00e9es Tr\u00e8s facile \u00e0 utiliser et \u00e0 nettoyer Bouche : 145&#215;80 mm Bac de r\u00e9cup\u00e9ration : 10 L Vitesse de&hellip;<\/p>","protected":false},"featured_media":5741,"comment_status":"open","ping_status":"closed","template":"","meta":[],"product_cat":[74,111],"product_tag":[],"class_list":{"0":"post-5743","1":"product","2":"type-product","3":"status-publish","4":"has-post-thumbnail","6":"product_cat-fromagerie-et-epicerie-fine","7":"product_cat-rape-fromage","9":"first","10":"instock","11":"shipping-taxable","12":"purchasable","13":"product-type-simple","14":"col-xs-6 col-sm-4","15":"col-md-3 col-lg-3","16":"un-4-cols"},"yoast_head":"<!-- This site is optimized with the Yoast SEO plugin v26.6 - https:\/\/yoast.com\/wordpress\/plugins\/seo\/ -->\n<title>Rape fromage \u00e9lectrique \u00e0 220V - par Gam-Minerva | Italia Machines<\/title>\n<meta name=\"robots\" content=\"index, follow, max-snippet:-1, max-image-preview:large, max-video-preview:-1\" \/>\n<link rel=\"canonical\" href=\"https:\/\/italiamachines.com\/en\/boutique\/fromagerie-et-epicerie-fine\/rape-fromage\/rape-fromage-electrique-a-220v-par-gam-minerva-italie\/\" \/>\n<meta property=\"og:locale\" content=\"en_US\" \/>\n<meta property=\"og:type\" content=\"article\" \/>\n<meta property=\"og:title\" content=\"Rape fromage \u00e9lectrique \u00e0 220V - par Gam-Minerva | Italia Machines\" \/>\n<meta property=\"og:description\" content=\"Bouche extractible en acier inoxydable Machine innovante adapt\u00e9e aux moyennes et grandes productions Enti\u00e8rement fabriqu\u00e9e en acier inoxydable pour une durabilit\u00e9 optimale Id\u00e9ale pour r\u00e2per Parmesan, fromages durs, chocolat, pain, miettes de pain et amandes pil\u00e9es Tr\u00e8s facile \u00e0 utiliser et \u00e0 nettoyer Bouche : 145&#215;80 mm Bac de r\u00e9cup\u00e9ration : 10 L Vitesse de&hellip;\" \/>\n<meta property=\"og:url\" content=\"https:\/\/italiamachines.com\/en\/boutique\/fromagerie-et-epicerie-fine\/rape-fromage\/rape-fromage-electrique-a-220v-par-gam-minerva-italie\/\" \/>\n<meta property=\"og:site_name\" content=\"Italia Machines\" \/>\n<meta property=\"article:publisher\" content=\"https:\/\/web.facebook.com\/italiamachines\/\" \/>\n<meta property=\"article:modified_time\" content=\"2026-01-04T10:36:20+00:00\" \/>\n<meta property=\"og:image\" content=\"https:\/\/italiamachines.com\/wp-content\/uploads\/2023\/08\/GRAA_GF1.5TRE230E1.jpeg\" \/>\n\t<meta property=\"og:image:width\" content=\"525\" \/>\n\t<meta property=\"og:image:height\" content=\"700\" \/>\n\t<meta property=\"og:image:type\" content=\"image\/jpeg\" \/>\n<meta name=\"twitter:card\" content=\"summary_large_image\" \/>\n<meta name=\"twitter:label1\" content=\"Est. reading time\" \/>\n\t<meta name=\"twitter:data1\" content=\"1 minute\" \/>\n<script type=\"application\/ld+json\" class=\"yoast-schema-graph\">{\"@context\":\"https:\/\/schema.org\",\"@graph\":[{\"@type\":\"WebPage\",\"@id\":\"https:\/\/italiamachines.com\/boutique\/fromagerie-et-epicerie-fine\/rape-fromage\/rape-fromage-electrique-a-220v-par-gam-minerva-italie\/\",\"url\":\"https:\/\/italiamachines.com\/boutique\/fromagerie-et-epicerie-fine\/rape-fromage\/rape-fromage-electrique-a-220v-par-gam-minerva-italie\/\",\"name\":\"Rape fromage \u00e9lectrique \u00e0 220V - par Gam-Minerva | Italia Machines\",\"isPartOf\":{\"@id\":\"https:\/\/italiamachines.com\/#website\"},\"primaryImageOfPage\":{\"@id\":\"https:\/\/italiamachines.com\/boutique\/fromagerie-et-epicerie-fine\/rape-fromage\/rape-fromage-electrique-a-220v-par-gam-minerva-italie\/#primaryimage\"},\"image\":{\"@id\":\"https:\/\/italiamachines.com\/boutique\/fromagerie-et-epicerie-fine\/rape-fromage\/rape-fromage-electrique-a-220v-par-gam-minerva-italie\/#primaryimage\"},\"thumbnailUrl\":\"https:\/\/italiamachines.com\/wp-content\/uploads\/2023\/08\/GRAA_GF1.5TRE230E1.jpeg\",\"datePublished\":\"2023-08-02T15:40:26+00:00\",\"dateModified\":\"2026-01-04T10:36:20+00:00\",\"breadcrumb\":{\"@id\":\"https:\/\/italiamachines.com\/boutique\/fromagerie-et-epicerie-fine\/rape-fromage\/rape-fromage-electrique-a-220v-par-gam-minerva-italie\/#breadcrumb\"},\"inLanguage\":\"en-US\",\"potentialAction\":[{\"@type\":\"ReadAction\",\"target\":[\"https:\/\/italiamachines.com\/boutique\/fromagerie-et-epicerie-fine\/rape-fromage\/rape-fromage-electrique-a-220v-par-gam-minerva-italie\/\"]}]},{\"@type\":\"ImageObject\",\"inLanguage\":\"en-US\",\"@id\":\"https:\/\/italiamachines.com\/boutique\/fromagerie-et-epicerie-fine\/rape-fromage\/rape-fromage-electrique-a-220v-par-gam-minerva-italie\/#primaryimage\",\"url\":\"https:\/\/italiamachines.com\/wp-content\/uploads\/2023\/08\/GRAA_GF1.5TRE230E1.jpeg\",\"contentUrl\":\"https:\/\/italiamachines.com\/wp-content\/uploads\/2023\/08\/GRAA_GF1.5TRE230E1.jpeg\",\"width\":525,\"height\":700},{\"@type\":\"BreadcrumbList\",\"@id\":\"https:\/\/italiamachines.com\/boutique\/fromagerie-et-epicerie-fine\/rape-fromage\/rape-fromage-electrique-a-220v-par-gam-minerva-italie\/#breadcrumb\",\"itemListElement\":[{\"@type\":\"ListItem\",\"position\":1,\"name\":\"Accueil\",\"item\":\"https:\/\/italiamachines.com\/fr_fr\/\"},{\"@type\":\"ListItem\",\"position\":2,\"name\":\"Boutique\",\"item\":\"https:\/\/italiamachines.com\/boutique\/\"},{\"@type\":\"ListItem\",\"position\":3,\"name\":\"Rape fromage \u00e9lectrique \u00e0 220V &#8211; par Gam-Minerva\"}]},{\"@type\":\"WebSite\",\"@id\":\"https:\/\/italiamachines.com\/#website\",\"url\":\"https:\/\/italiamachines.com\/\",\"name\":\"Italia Machines\",\"description\":\"L&#039;art de l&#039;\u00e9quipement HORECA\",\"publisher\":{\"@id\":\"https:\/\/italiamachines.com\/#organization\"},\"potentialAction\":[{\"@type\":\"SearchAction\",\"target\":{\"@type\":\"EntryPoint\",\"urlTemplate\":\"https:\/\/italiamachines.com\/?s={search_term_string}\"},\"query-input\":{\"@type\":\"PropertyValueSpecification\",\"valueRequired\":true,\"valueName\":\"search_term_string\"}}],\"inLanguage\":\"en-US\"},{\"@type\":\"Organization\",\"@id\":\"https:\/\/italiamachines.com\/#organization\",\"name\":\"italiamachines\",\"url\":\"https:\/\/italiamachines.com\/\",\"logo\":{\"@type\":\"ImageObject\",\"inLanguage\":\"en-US\",\"@id\":\"https:\/\/italiamachines.com\/#\/schema\/logo\/image\/\",\"url\":\"https:\/\/italiamachines.com\/wp-content\/uploads\/2023\/08\/logo-web-1.png\",\"contentUrl\":\"https:\/\/italiamachines.com\/wp-content\/uploads\/2023\/08\/logo-web-1.png\",\"width\":977,\"height\":254,\"caption\":\"italiamachines\"},\"image\":{\"@id\":\"https:\/\/italiamachines.com\/#\/schema\/logo\/image\/\"},\"sameAs\":[\"https:\/\/web.facebook.com\/italiamachines\/\",\"https:\/\/www.instagram.com\/italia.machines\/\"]}]}<\/script>\n<!-- \/ Yoast SEO plugin. -->","yoast_head_json":{"title":"Rape fromage \u00e9lectrique \u00e0 220V - par Gam-Minerva | Italia Machines","robots":{"index":"index","follow":"follow","max-snippet":"max-snippet:-1","max-image-preview":"max-image-preview:large","max-video-preview":"max-video-preview:-1"},"canonical":"https:\/\/italiamachines.com\/en\/boutique\/fromagerie-et-epicerie-fine\/rape-fromage\/rape-fromage-electrique-a-220v-par-gam-minerva-italie\/","og_locale":"en_US","og_type":"article","og_title":"Rape fromage \u00e9lectrique \u00e0 220V - par Gam-Minerva | Italia Machines","og_description":"Bouche extractible en acier inoxydable Machine innovante adapt\u00e9e aux moyennes et grandes productions Enti\u00e8rement fabriqu\u00e9e en acier inoxydable pour une durabilit\u00e9 optimale Id\u00e9ale pour r\u00e2per Parmesan, fromages durs, chocolat, pain, miettes de pain et amandes pil\u00e9es Tr\u00e8s facile \u00e0 utiliser et \u00e0 nettoyer Bouche : 145&#215;80 mm Bac de r\u00e9cup\u00e9ration : 10 L Vitesse de&hellip;","og_url":"https:\/\/italiamachines.com\/en\/boutique\/fromagerie-et-epicerie-fine\/rape-fromage\/rape-fromage-electrique-a-220v-par-gam-minerva-italie\/","og_site_name":"Italia Machines","article_publisher":"https:\/\/web.facebook.com\/italiamachines\/","article_modified_time":"2026-01-04T10:36:20+00:00","og_image":[{"width":525,"height":700,"url":"https:\/\/italiamachines.com\/wp-content\/uploads\/2023\/08\/GRAA_GF1.5TRE230E1.jpeg","type":"image\/jpeg"}],"twitter_card":"summary_large_image","twitter_misc":{"Est. reading time":"1 minute"},"schema":{"@context":"https:\/\/schema.org","@graph":[{"@type":"WebPage","@id":"https:\/\/italiamachines.com\/boutique\/fromagerie-et-epicerie-fine\/rape-fromage\/rape-fromage-electrique-a-220v-par-gam-minerva-italie\/","url":"https:\/\/italiamachines.com\/boutique\/fromagerie-et-epicerie-fine\/rape-fromage\/rape-fromage-electrique-a-220v-par-gam-minerva-italie\/","name":"Rape fromage \u00e9lectrique \u00e0 220V - par Gam-Minerva | Italia Machines","isPartOf":{"@id":"https:\/\/italiamachines.com\/#website"},"primaryImageOfPage":{"@id":"https:\/\/italiamachines.com\/boutique\/fromagerie-et-epicerie-fine\/rape-fromage\/rape-fromage-electrique-a-220v-par-gam-minerva-italie\/#primaryimage"},"image":{"@id":"https:\/\/italiamachines.com\/boutique\/fromagerie-et-epicerie-fine\/rape-fromage\/rape-fromage-electrique-a-220v-par-gam-minerva-italie\/#primaryimage"},"thumbnailUrl":"https:\/\/italiamachines.com\/wp-content\/uploads\/2023\/08\/GRAA_GF1.5TRE230E1.jpeg","datePublished":"2023-08-02T15:40:26+00:00","dateModified":"2026-01-04T10:36:20+00:00","breadcrumb":{"@id":"https:\/\/italiamachines.com\/boutique\/fromagerie-et-epicerie-fine\/rape-fromage\/rape-fromage-electrique-a-220v-par-gam-minerva-italie\/#breadcrumb"},"inLanguage":"en-US","potentialAction":[{"@type":"ReadAction","target":["https:\/\/italiamachines.com\/boutique\/fromagerie-et-epicerie-fine\/rape-fromage\/rape-fromage-electrique-a-220v-par-gam-minerva-italie\/"]}]},{"@type":"ImageObject","inLanguage":"en-US","@id":"https:\/\/italiamachines.com\/boutique\/fromagerie-et-epicerie-fine\/rape-fromage\/rape-fromage-electrique-a-220v-par-gam-minerva-italie\/#primaryimage","url":"https:\/\/italiamachines.com\/wp-content\/uploads\/2023\/08\/GRAA_GF1.5TRE230E1.jpeg","contentUrl":"https:\/\/italiamachines.com\/wp-content\/uploads\/2023\/08\/GRAA_GF1.5TRE230E1.jpeg","width":525,"height":700},{"@type":"BreadcrumbList","@id":"https:\/\/italiamachines.com\/boutique\/fromagerie-et-epicerie-fine\/rape-fromage\/rape-fromage-electrique-a-220v-par-gam-minerva-italie\/#breadcrumb","itemListElement":[{"@type":"ListItem","position":1,"name":"Accueil","item":"https:\/\/italiamachines.com\/fr_fr\/"},{"@type":"ListItem","position":2,"name":"Boutique","item":"https:\/\/italiamachines.com\/boutique\/"},{"@type":"ListItem","position":3,"name":"Rape fromage \u00e9lectrique \u00e0 220V &#8211; par Gam-Minerva"}]},{"@type":"WebSite","@id":"https:\/\/italiamachines.com\/#website","url":"https:\/\/italiamachines.com\/","name":"Italia Machines","description":"L&#039;art de l&#039;\u00e9quipement HORECA","publisher":{"@id":"https:\/\/italiamachines.com\/#organization"},"potentialAction":[{"@type":"SearchAction","target":{"@type":"EntryPoint","urlTemplate":"https:\/\/italiamachines.com\/?s={search_term_string}"},"query-input":{"@type":"PropertyValueSpecification","valueRequired":true,"valueName":"search_term_string"}}],"inLanguage":"en-US"},{"@type":"Organization","@id":"https:\/\/italiamachines.com\/#organization","name":"italiamachines","url":"https:\/\/italiamachines.com\/","logo":{"@type":"ImageObject","inLanguage":"en-US","@id":"https:\/\/italiamachines.com\/#\/schema\/logo\/image\/","url":"https:\/\/italiamachines.com\/wp-content\/uploads\/2023\/08\/logo-web-1.png","contentUrl":"https:\/\/italiamachines.com\/wp-content\/uploads\/2023\/08\/logo-web-1.png","width":977,"height":254,"caption":"italiamachines"},"image":{"@id":"https:\/\/italiamachines.com\/#\/schema\/logo\/image\/"},"sameAs":["https:\/\/web.facebook.com\/italiamachines\/","https:\/\/www.instagram.com\/italia.machines\/"]}]}},"_links":{"self":[{"href":"https:\/\/italiamachines.com\/en\/wp-json\/wp\/v2\/product\/5743","targetHints":{"allow":["GET"]}}],"collection":[{"href":"https:\/\/italiamachines.com\/en\/wp-json\/wp\/v2\/product"}],"about":[{"href":"https:\/\/italiamachines.com\/en\/wp-json\/wp\/v2\/types\/product"}],"replies":[{"embeddable":true,"href":"https:\/\/italiamachines.com\/en\/wp-json\/wp\/v2\/comments?post=5743"}],"wp:featuredmedia":[{"embeddable":true,"href":"https:\/\/italiamachines.com\/en\/wp-json\/wp\/v2\/media\/5741"}],"wp:attachment":[{"href":"https:\/\/italiamachines.com\/en\/wp-json\/wp\/v2\/media?parent=5743"}],"wp:term":[{"taxonomy":"product_cat","embeddable":true,"href":"https:\/\/italiamachines.com\/en\/wp-json\/wp\/v2\/product_cat?post=5743"},{"taxonomy":"product_tag","embeddable":true,"href":"https:\/\/italiamachines.com\/en\/wp-json\/wp\/v2\/product_tag?post=5743"}],"curies":[{"name":"wp","href":"https:\/\/api.w.org\/{rel}","templated":true}]}}