{"id":5760,"date":"2023-08-02T15:41:43","date_gmt":"2023-08-02T15:41:43","guid":{"rendered":"https:\/\/prod.italiamachines.com\/product\/pasteurisateur-pour-glace-60-l-marque-staff-ice-system-italie\/"},"modified":"2024-09-29T21:13:55","modified_gmt":"2024-09-29T19:13:55","slug":"pasteurisateur-pour-glace-60-l-marque-staff-ice-system-italie","status":"publish","type":"product","link":"https:\/\/italiamachines.com\/en\/boutique\/cafe-glacier-lecheria\/glacier\/pasteurisateur\/pasteurisateur-pour-glace-60-l-marque-staff-ice-system-italie\/","title":{"rendered":"Pasteurisateur pour glace 60 L &#8211; par Staff Ice System"},"content":{"rendered":"<p>Capacit\u00e9 de 60 litres, ce qui le rend adapt\u00e9 \u00e0 la production de glaces \u00e0 petite et moyenne \u00e9chelle.<br \/>\nCon\u00e7u pour pasteuriser et homog\u00e9n\u00e9iser le m\u00e9lange de glace, garantissant la s\u00e9curit\u00e9 alimentaire en \u00e9liminant les bact\u00e9ries nocives.<br \/>\nOffre un contr\u00f4le pr\u00e9cis de la temp\u00e9rature et un m\u00e9lange efficace pour obtenir une base de cr\u00e8me glac\u00e9e lisse et onctueuse.<\/p>","protected":false},"excerpt":{"rendered":"<p>Capacit\u00e9 de 60 litres, ce qui le rend adapt\u00e9 \u00e0 la production de glaces \u00e0 petite et moyenne \u00e9chelle. Con\u00e7u pour pasteuriser et homog\u00e9n\u00e9iser le m\u00e9lange de glace, garantissant la s\u00e9curit\u00e9 alimentaire en \u00e9liminant les bact\u00e9ries nocives. Offre un contr\u00f4le pr\u00e9cis de la temp\u00e9rature et un m\u00e9lange efficace pour obtenir une base de cr\u00e8me glac\u00e9e&hellip;<\/p>","protected":false},"featured_media":5759,"comment_status":"open","ping_status":"closed","template":"","meta":[],"product_cat":[65,79,95],"product_tag":[],"class_list":{"0":"post-5760","1":"product","2":"type-product","3":"status-publish","4":"has-post-thumbnail","6":"product_cat-cafe-glacier-lecheria","7":"product_cat-glacier","8":"product_cat-pasteurisateur","10":"first","11":"instock","12":"shipping-taxable","13":"purchasable","14":"product-type-simple","15":"col-xs-6 col-sm-4","16":"col-md-3 col-lg-3","17":"un-4-cols"},"yoast_head":"<!-- This site is optimized with the Yoast SEO plugin v26.6 - https:\/\/yoast.com\/wordpress\/plugins\/seo\/ -->\n<title>Pasteurisateur pour glace 60 L - par Staff Ice System | Italia Machines<\/title>\n<meta name=\"robots\" content=\"index, follow, max-snippet:-1, max-image-preview:large, max-video-preview:-1\" \/>\n<link rel=\"canonical\" href=\"https:\/\/italiamachines.com\/en\/boutique\/cafe-glacier-lecheria\/glacier\/pasteurisateur\/pasteurisateur-pour-glace-60-l-marque-staff-ice-system-italie\/\" \/>\n<meta property=\"og:locale\" content=\"en_US\" \/>\n<meta property=\"og:type\" content=\"article\" \/>\n<meta property=\"og:title\" content=\"Pasteurisateur pour glace 60 L - par Staff Ice System | Italia Machines\" \/>\n<meta property=\"og:description\" content=\"Capacit\u00e9 de 60 litres, ce qui le rend adapt\u00e9 \u00e0 la production de glaces \u00e0 petite et moyenne \u00e9chelle. Con\u00e7u pour pasteuriser et homog\u00e9n\u00e9iser le m\u00e9lange de glace, garantissant la s\u00e9curit\u00e9 alimentaire en \u00e9liminant les bact\u00e9ries nocives. Offre un contr\u00f4le pr\u00e9cis de la temp\u00e9rature et un m\u00e9lange efficace pour obtenir une base de cr\u00e8me glac\u00e9e&hellip;\" \/>\n<meta property=\"og:url\" content=\"https:\/\/italiamachines.com\/en\/boutique\/cafe-glacier-lecheria\/glacier\/pasteurisateur\/pasteurisateur-pour-glace-60-l-marque-staff-ice-system-italie\/\" \/>\n<meta property=\"og:site_name\" content=\"Italia Machines\" \/>\n<meta property=\"article:publisher\" content=\"https:\/\/web.facebook.com\/italiamachines\/\" \/>\n<meta property=\"article:modified_time\" content=\"2024-09-29T19:13:55+00:00\" \/>\n<meta property=\"og:image\" content=\"https:\/\/italiamachines.com\/wp-content\/uploads\/2023\/08\/P600W-1.png\" \/>\n\t<meta property=\"og:image:width\" content=\"367\" \/>\n\t<meta property=\"og:image:height\" content=\"427\" \/>\n\t<meta property=\"og:image:type\" content=\"image\/png\" \/>\n<meta name=\"twitter:card\" content=\"summary_large_image\" \/>\n<meta name=\"twitter:label1\" content=\"Est. reading time\" \/>\n\t<meta name=\"twitter:data1\" content=\"1 minute\" \/>\n<script type=\"application\/ld+json\" class=\"yoast-schema-graph\">{\"@context\":\"https:\/\/schema.org\",\"@graph\":[{\"@type\":\"WebPage\",\"@id\":\"https:\/\/italiamachines.com\/boutique\/cafe-glacier-lecheria\/glacier\/pasteurisateur\/pasteurisateur-pour-glace-60-l-marque-staff-ice-system-italie\/\",\"url\":\"https:\/\/italiamachines.com\/boutique\/cafe-glacier-lecheria\/glacier\/pasteurisateur\/pasteurisateur-pour-glace-60-l-marque-staff-ice-system-italie\/\",\"name\":\"Pasteurisateur pour glace 60 L - par Staff Ice System | Italia Machines\",\"isPartOf\":{\"@id\":\"https:\/\/italiamachines.com\/#website\"},\"primaryImageOfPage\":{\"@id\":\"https:\/\/italiamachines.com\/boutique\/cafe-glacier-lecheria\/glacier\/pasteurisateur\/pasteurisateur-pour-glace-60-l-marque-staff-ice-system-italie\/#primaryimage\"},\"image\":{\"@id\":\"https:\/\/italiamachines.com\/boutique\/cafe-glacier-lecheria\/glacier\/pasteurisateur\/pasteurisateur-pour-glace-60-l-marque-staff-ice-system-italie\/#primaryimage\"},\"thumbnailUrl\":\"https:\/\/italiamachines.com\/wp-content\/uploads\/2023\/08\/P600W-1.png\",\"datePublished\":\"2023-08-02T15:41:43+00:00\",\"dateModified\":\"2024-09-29T19:13:55+00:00\",\"breadcrumb\":{\"@id\":\"https:\/\/italiamachines.com\/boutique\/cafe-glacier-lecheria\/glacier\/pasteurisateur\/pasteurisateur-pour-glace-60-l-marque-staff-ice-system-italie\/#breadcrumb\"},\"inLanguage\":\"en-US\",\"potentialAction\":[{\"@type\":\"ReadAction\",\"target\":[\"https:\/\/italiamachines.com\/boutique\/cafe-glacier-lecheria\/glacier\/pasteurisateur\/pasteurisateur-pour-glace-60-l-marque-staff-ice-system-italie\/\"]}]},{\"@type\":\"ImageObject\",\"inLanguage\":\"en-US\",\"@id\":\"https:\/\/italiamachines.com\/boutique\/cafe-glacier-lecheria\/glacier\/pasteurisateur\/pasteurisateur-pour-glace-60-l-marque-staff-ice-system-italie\/#primaryimage\",\"url\":\"https:\/\/italiamachines.com\/wp-content\/uploads\/2023\/08\/P600W-1.png\",\"contentUrl\":\"https:\/\/italiamachines.com\/wp-content\/uploads\/2023\/08\/P600W-1.png\",\"width\":367,\"height\":427},{\"@type\":\"BreadcrumbList\",\"@id\":\"https:\/\/italiamachines.com\/boutique\/cafe-glacier-lecheria\/glacier\/pasteurisateur\/pasteurisateur-pour-glace-60-l-marque-staff-ice-system-italie\/#breadcrumb\",\"itemListElement\":[{\"@type\":\"ListItem\",\"position\":1,\"name\":\"Accueil\",\"item\":\"https:\/\/italiamachines.com\/fr_fr\/\"},{\"@type\":\"ListItem\",\"position\":2,\"name\":\"Boutique\",\"item\":\"https:\/\/italiamachines.com\/boutique\/\"},{\"@type\":\"ListItem\",\"position\":3,\"name\":\"Pasteurisateur pour glace 60 L &#8211; par Staff Ice System\"}]},{\"@type\":\"WebSite\",\"@id\":\"https:\/\/italiamachines.com\/#website\",\"url\":\"https:\/\/italiamachines.com\/\",\"name\":\"Italia Machines\",\"description\":\"L&#039;art de l&#039;\u00e9quipement HORECA\",\"publisher\":{\"@id\":\"https:\/\/italiamachines.com\/#organization\"},\"potentialAction\":[{\"@type\":\"SearchAction\",\"target\":{\"@type\":\"EntryPoint\",\"urlTemplate\":\"https:\/\/italiamachines.com\/?s={search_term_string}\"},\"query-input\":{\"@type\":\"PropertyValueSpecification\",\"valueRequired\":true,\"valueName\":\"search_term_string\"}}],\"inLanguage\":\"en-US\"},{\"@type\":\"Organization\",\"@id\":\"https:\/\/italiamachines.com\/#organization\",\"name\":\"italiamachines\",\"url\":\"https:\/\/italiamachines.com\/\",\"logo\":{\"@type\":\"ImageObject\",\"inLanguage\":\"en-US\",\"@id\":\"https:\/\/italiamachines.com\/#\/schema\/logo\/image\/\",\"url\":\"https:\/\/italiamachines.com\/wp-content\/uploads\/2023\/08\/logo-web-1.png\",\"contentUrl\":\"https:\/\/italiamachines.com\/wp-content\/uploads\/2023\/08\/logo-web-1.png\",\"width\":977,\"height\":254,\"caption\":\"italiamachines\"},\"image\":{\"@id\":\"https:\/\/italiamachines.com\/#\/schema\/logo\/image\/\"},\"sameAs\":[\"https:\/\/web.facebook.com\/italiamachines\/\",\"https:\/\/www.instagram.com\/italia.machines\/\"]}]}<\/script>\n<!-- \/ Yoast SEO plugin. -->","yoast_head_json":{"title":"Pasteurisateur pour glace 60 L - par Staff Ice System | Italia Machines","robots":{"index":"index","follow":"follow","max-snippet":"max-snippet:-1","max-image-preview":"max-image-preview:large","max-video-preview":"max-video-preview:-1"},"canonical":"https:\/\/italiamachines.com\/en\/boutique\/cafe-glacier-lecheria\/glacier\/pasteurisateur\/pasteurisateur-pour-glace-60-l-marque-staff-ice-system-italie\/","og_locale":"en_US","og_type":"article","og_title":"Pasteurisateur pour glace 60 L - par Staff Ice System | Italia Machines","og_description":"Capacit\u00e9 de 60 litres, ce qui le rend adapt\u00e9 \u00e0 la production de glaces \u00e0 petite et moyenne \u00e9chelle. Con\u00e7u pour pasteuriser et homog\u00e9n\u00e9iser le m\u00e9lange de glace, garantissant la s\u00e9curit\u00e9 alimentaire en \u00e9liminant les bact\u00e9ries nocives. Offre un contr\u00f4le pr\u00e9cis de la temp\u00e9rature et un m\u00e9lange efficace pour obtenir une base de cr\u00e8me glac\u00e9e&hellip;","og_url":"https:\/\/italiamachines.com\/en\/boutique\/cafe-glacier-lecheria\/glacier\/pasteurisateur\/pasteurisateur-pour-glace-60-l-marque-staff-ice-system-italie\/","og_site_name":"Italia Machines","article_publisher":"https:\/\/web.facebook.com\/italiamachines\/","article_modified_time":"2024-09-29T19:13:55+00:00","og_image":[{"width":367,"height":427,"url":"https:\/\/italiamachines.com\/wp-content\/uploads\/2023\/08\/P600W-1.png","type":"image\/png"}],"twitter_card":"summary_large_image","twitter_misc":{"Est. reading time":"1 minute"},"schema":{"@context":"https:\/\/schema.org","@graph":[{"@type":"WebPage","@id":"https:\/\/italiamachines.com\/boutique\/cafe-glacier-lecheria\/glacier\/pasteurisateur\/pasteurisateur-pour-glace-60-l-marque-staff-ice-system-italie\/","url":"https:\/\/italiamachines.com\/boutique\/cafe-glacier-lecheria\/glacier\/pasteurisateur\/pasteurisateur-pour-glace-60-l-marque-staff-ice-system-italie\/","name":"Pasteurisateur pour glace 60 L - par Staff Ice System | Italia Machines","isPartOf":{"@id":"https:\/\/italiamachines.com\/#website"},"primaryImageOfPage":{"@id":"https:\/\/italiamachines.com\/boutique\/cafe-glacier-lecheria\/glacier\/pasteurisateur\/pasteurisateur-pour-glace-60-l-marque-staff-ice-system-italie\/#primaryimage"},"image":{"@id":"https:\/\/italiamachines.com\/boutique\/cafe-glacier-lecheria\/glacier\/pasteurisateur\/pasteurisateur-pour-glace-60-l-marque-staff-ice-system-italie\/#primaryimage"},"thumbnailUrl":"https:\/\/italiamachines.com\/wp-content\/uploads\/2023\/08\/P600W-1.png","datePublished":"2023-08-02T15:41:43+00:00","dateModified":"2024-09-29T19:13:55+00:00","breadcrumb":{"@id":"https:\/\/italiamachines.com\/boutique\/cafe-glacier-lecheria\/glacier\/pasteurisateur\/pasteurisateur-pour-glace-60-l-marque-staff-ice-system-italie\/#breadcrumb"},"inLanguage":"en-US","potentialAction":[{"@type":"ReadAction","target":["https:\/\/italiamachines.com\/boutique\/cafe-glacier-lecheria\/glacier\/pasteurisateur\/pasteurisateur-pour-glace-60-l-marque-staff-ice-system-italie\/"]}]},{"@type":"ImageObject","inLanguage":"en-US","@id":"https:\/\/italiamachines.com\/boutique\/cafe-glacier-lecheria\/glacier\/pasteurisateur\/pasteurisateur-pour-glace-60-l-marque-staff-ice-system-italie\/#primaryimage","url":"https:\/\/italiamachines.com\/wp-content\/uploads\/2023\/08\/P600W-1.png","contentUrl":"https:\/\/italiamachines.com\/wp-content\/uploads\/2023\/08\/P600W-1.png","width":367,"height":427},{"@type":"BreadcrumbList","@id":"https:\/\/italiamachines.com\/boutique\/cafe-glacier-lecheria\/glacier\/pasteurisateur\/pasteurisateur-pour-glace-60-l-marque-staff-ice-system-italie\/#breadcrumb","itemListElement":[{"@type":"ListItem","position":1,"name":"Accueil","item":"https:\/\/italiamachines.com\/fr_fr\/"},{"@type":"ListItem","position":2,"name":"Boutique","item":"https:\/\/italiamachines.com\/boutique\/"},{"@type":"ListItem","position":3,"name":"Pasteurisateur pour glace 60 L &#8211; par Staff Ice System"}]},{"@type":"WebSite","@id":"https:\/\/italiamachines.com\/#website","url":"https:\/\/italiamachines.com\/","name":"Italia Machines","description":"L&#039;art de l&#039;\u00e9quipement HORECA","publisher":{"@id":"https:\/\/italiamachines.com\/#organization"},"potentialAction":[{"@type":"SearchAction","target":{"@type":"EntryPoint","urlTemplate":"https:\/\/italiamachines.com\/?s={search_term_string}"},"query-input":{"@type":"PropertyValueSpecification","valueRequired":true,"valueName":"search_term_string"}}],"inLanguage":"en-US"},{"@type":"Organization","@id":"https:\/\/italiamachines.com\/#organization","name":"italiamachines","url":"https:\/\/italiamachines.com\/","logo":{"@type":"ImageObject","inLanguage":"en-US","@id":"https:\/\/italiamachines.com\/#\/schema\/logo\/image\/","url":"https:\/\/italiamachines.com\/wp-content\/uploads\/2023\/08\/logo-web-1.png","contentUrl":"https:\/\/italiamachines.com\/wp-content\/uploads\/2023\/08\/logo-web-1.png","width":977,"height":254,"caption":"italiamachines"},"image":{"@id":"https:\/\/italiamachines.com\/#\/schema\/logo\/image\/"},"sameAs":["https:\/\/web.facebook.com\/italiamachines\/","https:\/\/www.instagram.com\/italia.machines\/"]}]}},"_links":{"self":[{"href":"https:\/\/italiamachines.com\/en\/wp-json\/wp\/v2\/product\/5760","targetHints":{"allow":["GET"]}}],"collection":[{"href":"https:\/\/italiamachines.com\/en\/wp-json\/wp\/v2\/product"}],"about":[{"href":"https:\/\/italiamachines.com\/en\/wp-json\/wp\/v2\/types\/product"}],"replies":[{"embeddable":true,"href":"https:\/\/italiamachines.com\/en\/wp-json\/wp\/v2\/comments?post=5760"}],"wp:featuredmedia":[{"embeddable":true,"href":"https:\/\/italiamachines.com\/en\/wp-json\/wp\/v2\/media\/5759"}],"wp:attachment":[{"href":"https:\/\/italiamachines.com\/en\/wp-json\/wp\/v2\/media?parent=5760"}],"wp:term":[{"taxonomy":"product_cat","embeddable":true,"href":"https:\/\/italiamachines.com\/en\/wp-json\/wp\/v2\/product_cat?post=5760"},{"taxonomy":"product_tag","embeddable":true,"href":"https:\/\/italiamachines.com\/en\/wp-json\/wp\/v2\/product_tag?post=5760"}],"curies":[{"name":"wp","href":"https:\/\/api.w.org\/{rel}","templated":true}]}}