{"id":5779,"date":"2023-08-02T15:42:35","date_gmt":"2023-08-02T15:42:35","guid":{"rendered":"https:\/\/prod.italiamachines.com\/product\/comptoir-refrigere-mastercool-en-acier-dimensions-1870-x-700-x-850-1020-mm-2\/"},"modified":"2024-09-27T23:40:38","modified_gmt":"2024-09-27T21:40:38","slug":"comptoir-refrigere-mastercool-en-acier-dimensions-1870-x-700-x-850-1020-mm-2","status":"publish","type":"product","link":"https:\/\/italiamachines.com\/en\/boutique\/boulangerie-et-patisserie\/patisserie\/froid-et-conservation-pour-patisserie\/comptoires-refrigerees-pour-patisserie\/comptoir-refrigere-mastercool-en-acier-dimensions-1870-x-700-x-850-1020-mm-2\/","title":{"rendered":"Comptoir r\u00e9frig\u00e9r\u00e9 Mastercool en acier inoxydable &#8211; Dimensions: 187 x 70 x 85\/102 cm"},"content":{"rendered":"<p>Dimensions : L 187 x H 85 x P 70 cm<br \/>\nCapacit\u00e9 : 460 L<br \/>\nAbsorption : 495 W<br \/>\nPlage de temp\u00e9rature : 0\u00b0 \/ 10\u00b0<br \/>\nAlimentation \u00e9lectrique : 230-1-50\/60<br \/>\nGaz r\u00e9frig\u00e9rant : R404A \/ R507<br \/>\nTiroirs : Non disponible<br \/>\nEn Acier inoxydable \u00e0 l&rsquo;int\u00e9rieur et \u00e0 l&rsquo;ext\u00e9rieur, \u00e0 l&rsquo;exception du fond ext\u00e9rieur en acier galvanis\u00e9<br \/>\nCoins int\u00e9rieurs arrondis<br \/>\nIsolation Polyur\u00e9thane sans CFC, inject\u00e9 \u00e0 haute pression<br \/>\n\u00c9paisseur de l&rsquo;isolation TN tables : 40 mm<br \/>\n\u00c9paisseur de l&rsquo;isolation des tables BT : 60 mm<br \/>\nFermeture automatique avec joint magn\u00e9tique<br \/>\nPanneau de contr\u00f4le \u00e9lectronique frontal avec sonde NTC<br \/>\nR\u00e9frig\u00e9ration Ventil\u00e9e<br \/>\nGroupe frigorifique monobloc amovible et tropicalis\u00e9 (temp\u00e9rature ambiante +43\u00b0C, humidit\u00e9 relative de 65%)<br \/>\nD\u00e9givrage et \u00e9vaporation de l&rsquo;eau de condensation enti\u00e8rement automatiques<br \/>\nPieds en acier inoxydable r\u00e9glables en hauteur<\/p>","protected":false},"excerpt":{"rendered":"<p>Dimensions : L 187 x H 85 x P 70 cm Capacit\u00e9 : 460 L Absorption : 495 W Plage de temp\u00e9rature : 0\u00b0 \/ 10\u00b0 Alimentation \u00e9lectrique : 230-1-50\/60 Gaz r\u00e9frig\u00e9rant : R404A \/ R507 Tiroirs : Non disponible En Acier inoxydable \u00e0 l&rsquo;int\u00e9rieur et \u00e0 l&rsquo;ext\u00e9rieur, \u00e0 l&rsquo;exception du fond ext\u00e9rieur en acier&hellip;<\/p>","protected":false},"featured_media":5778,"comment_status":"open","ping_status":"closed","template":"","meta":[],"product_cat":[64,258,71,201,97],"product_tag":[],"class_list":{"0":"post-5779","1":"product","2":"type-product","3":"status-publish","4":"has-post-thumbnail","6":"product_cat-boulangerie-et-patisserie","7":"product_cat-comptoires-refrigerees-pour-patisserie","8":"product_cat-froid-conservation","9":"product_cat-froid-et-conservation-pour-patisserie","10":"product_cat-patisserie","12":"first","13":"instock","14":"shipping-taxable","15":"purchasable","16":"product-type-simple","17":"col-xs-6 col-sm-4","18":"col-md-3 col-lg-3","19":"un-4-cols"},"yoast_head":"<!-- This site is optimized with the Yoast SEO plugin v26.6 - https:\/\/yoast.com\/wordpress\/plugins\/seo\/ -->\n<title>Comptoir r\u00e9frig\u00e9r\u00e9 Mastercool en acier inoxydable - Dimensions: 187 x 70 x 85\/102 cm | Italia Machines<\/title>\n<meta name=\"robots\" content=\"index, follow, max-snippet:-1, max-image-preview:large, max-video-preview:-1\" \/>\n<link rel=\"canonical\" href=\"https:\/\/italiamachines.com\/en\/boutique\/boulangerie-et-patisserie\/patisserie\/froid-et-conservation-pour-patisserie\/comptoires-refrigerees-pour-patisserie\/comptoir-refrigere-mastercool-en-acier-dimensions-1870-x-700-x-850-1020-mm-2\/\" \/>\n<meta property=\"og:locale\" content=\"en_US\" \/>\n<meta property=\"og:type\" content=\"article\" \/>\n<meta property=\"og:title\" content=\"Comptoir r\u00e9frig\u00e9r\u00e9 Mastercool en acier inoxydable - Dimensions: 187 x 70 x 85\/102 cm | Italia Machines\" \/>\n<meta property=\"og:description\" content=\"Dimensions : L 187 x H 85 x P 70 cm Capacit\u00e9 : 460 L Absorption : 495 W Plage de temp\u00e9rature : 0\u00b0 \/ 10\u00b0 Alimentation \u00e9lectrique : 230-1-50\/60 Gaz r\u00e9frig\u00e9rant : R404A \/ R507 Tiroirs : Non disponible En Acier inoxydable \u00e0 l&rsquo;int\u00e9rieur et \u00e0 l&rsquo;ext\u00e9rieur, \u00e0 l&rsquo;exception du fond ext\u00e9rieur en acier&hellip;\" \/>\n<meta property=\"og:url\" content=\"https:\/\/italiamachines.com\/en\/boutique\/boulangerie-et-patisserie\/patisserie\/froid-et-conservation-pour-patisserie\/comptoires-refrigerees-pour-patisserie\/comptoir-refrigere-mastercool-en-acier-dimensions-1870-x-700-x-850-1020-mm-2\/\" \/>\n<meta property=\"og:site_name\" content=\"Italia Machines\" \/>\n<meta property=\"article:publisher\" content=\"https:\/\/web.facebook.com\/italiamachines\/\" \/>\n<meta property=\"article:modified_time\" content=\"2024-09-27T21:40:38+00:00\" \/>\n<meta property=\"og:image\" content=\"https:\/\/italiamachines.com\/wp-content\/uploads\/2023\/08\/TF03MIDPVSXLAL.jpeg\" \/>\n\t<meta property=\"og:image:width\" content=\"400\" \/>\n\t<meta property=\"og:image:height\" content=\"250\" \/>\n\t<meta property=\"og:image:type\" content=\"image\/jpeg\" \/>\n<meta name=\"twitter:card\" content=\"summary_large_image\" \/>\n<meta name=\"twitter:label1\" content=\"Est. reading time\" \/>\n\t<meta name=\"twitter:data1\" content=\"2 minutes\" \/>\n<script type=\"application\/ld+json\" class=\"yoast-schema-graph\">{\"@context\":\"https:\/\/schema.org\",\"@graph\":[{\"@type\":\"WebPage\",\"@id\":\"https:\/\/italiamachines.com\/boutique\/boulangerie-et-patisserie\/patisserie\/froid-et-conservation-pour-patisserie\/comptoires-refrigerees-pour-patisserie\/comptoir-refrigere-mastercool-en-acier-dimensions-1870-x-700-x-850-1020-mm-2\/\",\"url\":\"https:\/\/italiamachines.com\/boutique\/boulangerie-et-patisserie\/patisserie\/froid-et-conservation-pour-patisserie\/comptoires-refrigerees-pour-patisserie\/comptoir-refrigere-mastercool-en-acier-dimensions-1870-x-700-x-850-1020-mm-2\/\",\"name\":\"Comptoir r\u00e9frig\u00e9r\u00e9 Mastercool en acier inoxydable - Dimensions: 187 x 70 x 85\/102 cm | Italia Machines\",\"isPartOf\":{\"@id\":\"https:\/\/italiamachines.com\/#website\"},\"primaryImageOfPage\":{\"@id\":\"https:\/\/italiamachines.com\/boutique\/boulangerie-et-patisserie\/patisserie\/froid-et-conservation-pour-patisserie\/comptoires-refrigerees-pour-patisserie\/comptoir-refrigere-mastercool-en-acier-dimensions-1870-x-700-x-850-1020-mm-2\/#primaryimage\"},\"image\":{\"@id\":\"https:\/\/italiamachines.com\/boutique\/boulangerie-et-patisserie\/patisserie\/froid-et-conservation-pour-patisserie\/comptoires-refrigerees-pour-patisserie\/comptoir-refrigere-mastercool-en-acier-dimensions-1870-x-700-x-850-1020-mm-2\/#primaryimage\"},\"thumbnailUrl\":\"https:\/\/italiamachines.com\/wp-content\/uploads\/2023\/08\/TF03MIDPVSXLAL.jpeg\",\"datePublished\":\"2023-08-02T15:42:35+00:00\",\"dateModified\":\"2024-09-27T21:40:38+00:00\",\"breadcrumb\":{\"@id\":\"https:\/\/italiamachines.com\/boutique\/boulangerie-et-patisserie\/patisserie\/froid-et-conservation-pour-patisserie\/comptoires-refrigerees-pour-patisserie\/comptoir-refrigere-mastercool-en-acier-dimensions-1870-x-700-x-850-1020-mm-2\/#breadcrumb\"},\"inLanguage\":\"en-US\",\"potentialAction\":[{\"@type\":\"ReadAction\",\"target\":[\"https:\/\/italiamachines.com\/boutique\/boulangerie-et-patisserie\/patisserie\/froid-et-conservation-pour-patisserie\/comptoires-refrigerees-pour-patisserie\/comptoir-refrigere-mastercool-en-acier-dimensions-1870-x-700-x-850-1020-mm-2\/\"]}]},{\"@type\":\"ImageObject\",\"inLanguage\":\"en-US\",\"@id\":\"https:\/\/italiamachines.com\/boutique\/boulangerie-et-patisserie\/patisserie\/froid-et-conservation-pour-patisserie\/comptoires-refrigerees-pour-patisserie\/comptoir-refrigere-mastercool-en-acier-dimensions-1870-x-700-x-850-1020-mm-2\/#primaryimage\",\"url\":\"https:\/\/italiamachines.com\/wp-content\/uploads\/2023\/08\/TF03MIDPVSXLAL.jpeg\",\"contentUrl\":\"https:\/\/italiamachines.com\/wp-content\/uploads\/2023\/08\/TF03MIDPVSXLAL.jpeg\",\"width\":400,\"height\":250},{\"@type\":\"BreadcrumbList\",\"@id\":\"https:\/\/italiamachines.com\/boutique\/boulangerie-et-patisserie\/patisserie\/froid-et-conservation-pour-patisserie\/comptoires-refrigerees-pour-patisserie\/comptoir-refrigere-mastercool-en-acier-dimensions-1870-x-700-x-850-1020-mm-2\/#breadcrumb\",\"itemListElement\":[{\"@type\":\"ListItem\",\"position\":1,\"name\":\"Accueil\",\"item\":\"https:\/\/italiamachines.com\/fr_fr\/\"},{\"@type\":\"ListItem\",\"position\":2,\"name\":\"Boutique\",\"item\":\"https:\/\/italiamachines.com\/boutique\/\"},{\"@type\":\"ListItem\",\"position\":3,\"name\":\"Comptoir r\u00e9frig\u00e9r\u00e9 Mastercool en acier inoxydable &#8211; Dimensions: 187 x 70 x 85\/102 cm\"}]},{\"@type\":\"WebSite\",\"@id\":\"https:\/\/italiamachines.com\/#website\",\"url\":\"https:\/\/italiamachines.com\/\",\"name\":\"Italia Machines\",\"description\":\"L&#039;art de l&#039;\u00e9quipement HORECA\",\"publisher\":{\"@id\":\"https:\/\/italiamachines.com\/#organization\"},\"potentialAction\":[{\"@type\":\"SearchAction\",\"target\":{\"@type\":\"EntryPoint\",\"urlTemplate\":\"https:\/\/italiamachines.com\/?s={search_term_string}\"},\"query-input\":{\"@type\":\"PropertyValueSpecification\",\"valueRequired\":true,\"valueName\":\"search_term_string\"}}],\"inLanguage\":\"en-US\"},{\"@type\":\"Organization\",\"@id\":\"https:\/\/italiamachines.com\/#organization\",\"name\":\"italiamachines\",\"url\":\"https:\/\/italiamachines.com\/\",\"logo\":{\"@type\":\"ImageObject\",\"inLanguage\":\"en-US\",\"@id\":\"https:\/\/italiamachines.com\/#\/schema\/logo\/image\/\",\"url\":\"https:\/\/italiamachines.com\/wp-content\/uploads\/2023\/08\/logo-web-1.png\",\"contentUrl\":\"https:\/\/italiamachines.com\/wp-content\/uploads\/2023\/08\/logo-web-1.png\",\"width\":977,\"height\":254,\"caption\":\"italiamachines\"},\"image\":{\"@id\":\"https:\/\/italiamachines.com\/#\/schema\/logo\/image\/\"},\"sameAs\":[\"https:\/\/web.facebook.com\/italiamachines\/\",\"https:\/\/www.instagram.com\/italia.machines\/\"]}]}<\/script>\n<!-- \/ Yoast SEO plugin. -->","yoast_head_json":{"title":"Comptoir r\u00e9frig\u00e9r\u00e9 Mastercool en acier inoxydable - Dimensions: 187 x 70 x 85\/102 cm | Italia Machines","robots":{"index":"index","follow":"follow","max-snippet":"max-snippet:-1","max-image-preview":"max-image-preview:large","max-video-preview":"max-video-preview:-1"},"canonical":"https:\/\/italiamachines.com\/en\/boutique\/boulangerie-et-patisserie\/patisserie\/froid-et-conservation-pour-patisserie\/comptoires-refrigerees-pour-patisserie\/comptoir-refrigere-mastercool-en-acier-dimensions-1870-x-700-x-850-1020-mm-2\/","og_locale":"en_US","og_type":"article","og_title":"Comptoir r\u00e9frig\u00e9r\u00e9 Mastercool en acier inoxydable - Dimensions: 187 x 70 x 85\/102 cm | Italia Machines","og_description":"Dimensions : L 187 x H 85 x P 70 cm Capacit\u00e9 : 460 L Absorption : 495 W Plage de temp\u00e9rature : 0\u00b0 \/ 10\u00b0 Alimentation \u00e9lectrique : 230-1-50\/60 Gaz r\u00e9frig\u00e9rant : R404A \/ R507 Tiroirs : Non disponible En Acier inoxydable \u00e0 l&rsquo;int\u00e9rieur et \u00e0 l&rsquo;ext\u00e9rieur, \u00e0 l&rsquo;exception du fond ext\u00e9rieur en acier&hellip;","og_url":"https:\/\/italiamachines.com\/en\/boutique\/boulangerie-et-patisserie\/patisserie\/froid-et-conservation-pour-patisserie\/comptoires-refrigerees-pour-patisserie\/comptoir-refrigere-mastercool-en-acier-dimensions-1870-x-700-x-850-1020-mm-2\/","og_site_name":"Italia Machines","article_publisher":"https:\/\/web.facebook.com\/italiamachines\/","article_modified_time":"2024-09-27T21:40:38+00:00","og_image":[{"width":400,"height":250,"url":"https:\/\/italiamachines.com\/wp-content\/uploads\/2023\/08\/TF03MIDPVSXLAL.jpeg","type":"image\/jpeg"}],"twitter_card":"summary_large_image","twitter_misc":{"Est. reading time":"2 minutes"},"schema":{"@context":"https:\/\/schema.org","@graph":[{"@type":"WebPage","@id":"https:\/\/italiamachines.com\/boutique\/boulangerie-et-patisserie\/patisserie\/froid-et-conservation-pour-patisserie\/comptoires-refrigerees-pour-patisserie\/comptoir-refrigere-mastercool-en-acier-dimensions-1870-x-700-x-850-1020-mm-2\/","url":"https:\/\/italiamachines.com\/boutique\/boulangerie-et-patisserie\/patisserie\/froid-et-conservation-pour-patisserie\/comptoires-refrigerees-pour-patisserie\/comptoir-refrigere-mastercool-en-acier-dimensions-1870-x-700-x-850-1020-mm-2\/","name":"Comptoir r\u00e9frig\u00e9r\u00e9 Mastercool en acier inoxydable - Dimensions: 187 x 70 x 85\/102 cm | Italia Machines","isPartOf":{"@id":"https:\/\/italiamachines.com\/#website"},"primaryImageOfPage":{"@id":"https:\/\/italiamachines.com\/boutique\/boulangerie-et-patisserie\/patisserie\/froid-et-conservation-pour-patisserie\/comptoires-refrigerees-pour-patisserie\/comptoir-refrigere-mastercool-en-acier-dimensions-1870-x-700-x-850-1020-mm-2\/#primaryimage"},"image":{"@id":"https:\/\/italiamachines.com\/boutique\/boulangerie-et-patisserie\/patisserie\/froid-et-conservation-pour-patisserie\/comptoires-refrigerees-pour-patisserie\/comptoir-refrigere-mastercool-en-acier-dimensions-1870-x-700-x-850-1020-mm-2\/#primaryimage"},"thumbnailUrl":"https:\/\/italiamachines.com\/wp-content\/uploads\/2023\/08\/TF03MIDPVSXLAL.jpeg","datePublished":"2023-08-02T15:42:35+00:00","dateModified":"2024-09-27T21:40:38+00:00","breadcrumb":{"@id":"https:\/\/italiamachines.com\/boutique\/boulangerie-et-patisserie\/patisserie\/froid-et-conservation-pour-patisserie\/comptoires-refrigerees-pour-patisserie\/comptoir-refrigere-mastercool-en-acier-dimensions-1870-x-700-x-850-1020-mm-2\/#breadcrumb"},"inLanguage":"en-US","potentialAction":[{"@type":"ReadAction","target":["https:\/\/italiamachines.com\/boutique\/boulangerie-et-patisserie\/patisserie\/froid-et-conservation-pour-patisserie\/comptoires-refrigerees-pour-patisserie\/comptoir-refrigere-mastercool-en-acier-dimensions-1870-x-700-x-850-1020-mm-2\/"]}]},{"@type":"ImageObject","inLanguage":"en-US","@id":"https:\/\/italiamachines.com\/boutique\/boulangerie-et-patisserie\/patisserie\/froid-et-conservation-pour-patisserie\/comptoires-refrigerees-pour-patisserie\/comptoir-refrigere-mastercool-en-acier-dimensions-1870-x-700-x-850-1020-mm-2\/#primaryimage","url":"https:\/\/italiamachines.com\/wp-content\/uploads\/2023\/08\/TF03MIDPVSXLAL.jpeg","contentUrl":"https:\/\/italiamachines.com\/wp-content\/uploads\/2023\/08\/TF03MIDPVSXLAL.jpeg","width":400,"height":250},{"@type":"BreadcrumbList","@id":"https:\/\/italiamachines.com\/boutique\/boulangerie-et-patisserie\/patisserie\/froid-et-conservation-pour-patisserie\/comptoires-refrigerees-pour-patisserie\/comptoir-refrigere-mastercool-en-acier-dimensions-1870-x-700-x-850-1020-mm-2\/#breadcrumb","itemListElement":[{"@type":"ListItem","position":1,"name":"Accueil","item":"https:\/\/italiamachines.com\/fr_fr\/"},{"@type":"ListItem","position":2,"name":"Boutique","item":"https:\/\/italiamachines.com\/boutique\/"},{"@type":"ListItem","position":3,"name":"Comptoir r\u00e9frig\u00e9r\u00e9 Mastercool en acier inoxydable &#8211; Dimensions: 187 x 70 x 85\/102 cm"}]},{"@type":"WebSite","@id":"https:\/\/italiamachines.com\/#website","url":"https:\/\/italiamachines.com\/","name":"Italia Machines","description":"L&#039;art de l&#039;\u00e9quipement HORECA","publisher":{"@id":"https:\/\/italiamachines.com\/#organization"},"potentialAction":[{"@type":"SearchAction","target":{"@type":"EntryPoint","urlTemplate":"https:\/\/italiamachines.com\/?s={search_term_string}"},"query-input":{"@type":"PropertyValueSpecification","valueRequired":true,"valueName":"search_term_string"}}],"inLanguage":"en-US"},{"@type":"Organization","@id":"https:\/\/italiamachines.com\/#organization","name":"italiamachines","url":"https:\/\/italiamachines.com\/","logo":{"@type":"ImageObject","inLanguage":"en-US","@id":"https:\/\/italiamachines.com\/#\/schema\/logo\/image\/","url":"https:\/\/italiamachines.com\/wp-content\/uploads\/2023\/08\/logo-web-1.png","contentUrl":"https:\/\/italiamachines.com\/wp-content\/uploads\/2023\/08\/logo-web-1.png","width":977,"height":254,"caption":"italiamachines"},"image":{"@id":"https:\/\/italiamachines.com\/#\/schema\/logo\/image\/"},"sameAs":["https:\/\/web.facebook.com\/italiamachines\/","https:\/\/www.instagram.com\/italia.machines\/"]}]}},"_links":{"self":[{"href":"https:\/\/italiamachines.com\/en\/wp-json\/wp\/v2\/product\/5779","targetHints":{"allow":["GET"]}}],"collection":[{"href":"https:\/\/italiamachines.com\/en\/wp-json\/wp\/v2\/product"}],"about":[{"href":"https:\/\/italiamachines.com\/en\/wp-json\/wp\/v2\/types\/product"}],"replies":[{"embeddable":true,"href":"https:\/\/italiamachines.com\/en\/wp-json\/wp\/v2\/comments?post=5779"}],"wp:featuredmedia":[{"embeddable":true,"href":"https:\/\/italiamachines.com\/en\/wp-json\/wp\/v2\/media\/5778"}],"wp:attachment":[{"href":"https:\/\/italiamachines.com\/en\/wp-json\/wp\/v2\/media?parent=5779"}],"wp:term":[{"taxonomy":"product_cat","embeddable":true,"href":"https:\/\/italiamachines.com\/en\/wp-json\/wp\/v2\/product_cat?post=5779"},{"taxonomy":"product_tag","embeddable":true,"href":"https:\/\/italiamachines.com\/en\/wp-json\/wp\/v2\/product_tag?post=5779"}],"curies":[{"name":"wp","href":"https:\/\/api.w.org\/{rel}","templated":true}]}}