{"id":5785,"date":"2023-08-02T15:42:48","date_gmt":"2023-08-02T15:42:48","guid":{"rendered":"https:\/\/prod.italiamachines.com\/product\/vitrine-comptoir-dimensions-1384x800x1060-mm\/"},"modified":"2024-10-01T00:44:11","modified_gmt":"2024-09-30T22:44:11","slug":"vitrine-comptoir-dimensions-1384x800x1060-mm","status":"publish","type":"product","link":"https:\/\/italiamachines.com\/en\/boutique\/cafe-glacier-lecheria\/cafe-lecheria\/arriere-comptoir\/vitrine-comptoir-dimensions-1384x800x1060-mm\/","title":{"rendered":"Vitrine comptoir &#8211; par Infrico"},"content":{"rendered":"<p>Ext\u00e9rieur et int\u00e9rieur en acier inoxydable.<br \/>\nVitre avant \u00e0 charni\u00e8re pour un nettoyage facile.<br \/>\nPortes \u00e0 charni\u00e8re \u00e0 l&rsquo;arri\u00e8re.<br \/>\n\u00c9clairage int\u00e9rieur.<br \/>\nLa vitre avant est \u00e9quip\u00e9e d&rsquo;un d\u00e9sembueur.<br \/>\nMod\u00e8le standard livr\u00e9 avec 2 \u00e9tag\u00e8res m\u00e9talliques.<br \/>\nOption de porte vitr\u00e9e et \u00e9tag\u00e8res disponible.<br \/>\nPlage de temp\u00e9rature : +3\u00b0C \/ +6\u00b0C.<br \/>\nFinition : Acier inoxydable.<\/p>","protected":false},"excerpt":{"rendered":"<p>Ext\u00e9rieur et int\u00e9rieur en acier inoxydable. Vitre avant \u00e0 charni\u00e8re pour un nettoyage facile. Portes \u00e0 charni\u00e8re \u00e0 l&rsquo;arri\u00e8re. \u00c9clairage int\u00e9rieur. La vitre avant est \u00e9quip\u00e9e d&rsquo;un d\u00e9sembueur. Mod\u00e8le standard livr\u00e9 avec 2 \u00e9tag\u00e8res m\u00e9talliques. Option de porte vitr\u00e9e et \u00e9tag\u00e8res disponible. Plage de temp\u00e9rature : +3\u00b0C \/ +6\u00b0C. Finition : Acier inoxydable.<\/p>","protected":false},"featured_media":8438,"comment_status":"open","ping_status":"closed","template":"","meta":[],"product_cat":[252,64,160,65,201,97,245,144],"product_tag":[],"class_list":{"0":"post-5785","1":"product","2":"type-product","3":"status-publish","4":"has-post-thumbnail","6":"product_cat-arriere-comptoir","7":"product_cat-boulangerie-et-patisserie","8":"product_cat-cafe-lecheria","9":"product_cat-cafe-glacier-lecheria","10":"product_cat-froid-et-conservation-pour-patisserie","11":"product_cat-patisserie","12":"product_cat-vitrine-refrigeree-horizontale","13":"product_cat-vitrines","14":"product-has-variation-images","16":"first","17":"instock","18":"shipping-taxable","19":"purchasable","20":"product-type-variable","21":"col-xs-6 col-sm-4","22":"col-md-3 col-lg-3","23":"un-4-cols"},"yoast_head":"<!-- This site is optimized with the Yoast SEO plugin v26.6 - https:\/\/yoast.com\/wordpress\/plugins\/seo\/ -->\n<title>Vitrine comptoir - par Infrico | Italia Machines<\/title>\n<meta name=\"robots\" content=\"index, follow, max-snippet:-1, max-image-preview:large, max-video-preview:-1\" \/>\n<link rel=\"canonical\" href=\"https:\/\/italiamachines.com\/en\/boutique\/cafe-glacier-lecheria\/cafe-lecheria\/arriere-comptoir\/vitrine-comptoir-dimensions-1384x800x1060-mm\/\" \/>\n<meta property=\"og:locale\" content=\"en_US\" \/>\n<meta property=\"og:type\" content=\"article\" \/>\n<meta property=\"og:title\" content=\"Vitrine comptoir - par Infrico | Italia Machines\" \/>\n<meta property=\"og:description\" content=\"Ext\u00e9rieur et int\u00e9rieur en acier inoxydable. Vitre avant \u00e0 charni\u00e8re pour un nettoyage facile. Portes \u00e0 charni\u00e8re \u00e0 l&rsquo;arri\u00e8re. \u00c9clairage int\u00e9rieur. La vitre avant est \u00e9quip\u00e9e d&rsquo;un d\u00e9sembueur. Mod\u00e8le standard livr\u00e9 avec 2 \u00e9tag\u00e8res m\u00e9talliques. Option de porte vitr\u00e9e et \u00e9tag\u00e8res disponible. Plage de temp\u00e9rature : +3\u00b0C \/ +6\u00b0C. Finition : Acier inoxydable.\" \/>\n<meta property=\"og:url\" content=\"https:\/\/italiamachines.com\/en\/boutique\/cafe-glacier-lecheria\/cafe-lecheria\/arriere-comptoir\/vitrine-comptoir-dimensions-1384x800x1060-mm\/\" \/>\n<meta property=\"og:site_name\" content=\"Italia Machines\" \/>\n<meta property=\"article:publisher\" content=\"https:\/\/web.facebook.com\/italiamachines\/\" \/>\n<meta property=\"article:modified_time\" content=\"2024-09-30T22:44:11+00:00\" \/>\n<meta property=\"og:image\" content=\"https:\/\/italiamachines.com\/wp-content\/uploads\/2023\/08\/VC1400.jpg\" \/>\n\t<meta property=\"og:image:width\" content=\"1000\" \/>\n\t<meta property=\"og:image:height\" content=\"1000\" \/>\n\t<meta property=\"og:image:type\" content=\"image\/jpeg\" \/>\n<meta name=\"twitter:card\" content=\"summary_large_image\" \/>\n<meta name=\"twitter:label1\" content=\"Est. reading time\" \/>\n\t<meta name=\"twitter:data1\" content=\"1 minute\" \/>\n<script type=\"application\/ld+json\" class=\"yoast-schema-graph\">{\"@context\":\"https:\/\/schema.org\",\"@graph\":[{\"@type\":\"WebPage\",\"@id\":\"https:\/\/italiamachines.com\/boutique\/cafe-glacier-lecheria\/cafe-lecheria\/arriere-comptoir\/vitrine-comptoir-dimensions-1384x800x1060-mm\/\",\"url\":\"https:\/\/italiamachines.com\/boutique\/cafe-glacier-lecheria\/cafe-lecheria\/arriere-comptoir\/vitrine-comptoir-dimensions-1384x800x1060-mm\/\",\"name\":\"Vitrine comptoir - par Infrico | Italia Machines\",\"isPartOf\":{\"@id\":\"https:\/\/italiamachines.com\/#website\"},\"primaryImageOfPage\":{\"@id\":\"https:\/\/italiamachines.com\/boutique\/cafe-glacier-lecheria\/cafe-lecheria\/arriere-comptoir\/vitrine-comptoir-dimensions-1384x800x1060-mm\/#primaryimage\"},\"image\":{\"@id\":\"https:\/\/italiamachines.com\/boutique\/cafe-glacier-lecheria\/cafe-lecheria\/arriere-comptoir\/vitrine-comptoir-dimensions-1384x800x1060-mm\/#primaryimage\"},\"thumbnailUrl\":\"https:\/\/italiamachines.com\/wp-content\/uploads\/2023\/08\/VC1400.jpg\",\"datePublished\":\"2023-08-02T15:42:48+00:00\",\"dateModified\":\"2024-09-30T22:44:11+00:00\",\"breadcrumb\":{\"@id\":\"https:\/\/italiamachines.com\/boutique\/cafe-glacier-lecheria\/cafe-lecheria\/arriere-comptoir\/vitrine-comptoir-dimensions-1384x800x1060-mm\/#breadcrumb\"},\"inLanguage\":\"en-US\",\"potentialAction\":[{\"@type\":\"ReadAction\",\"target\":[\"https:\/\/italiamachines.com\/boutique\/cafe-glacier-lecheria\/cafe-lecheria\/arriere-comptoir\/vitrine-comptoir-dimensions-1384x800x1060-mm\/\"]}]},{\"@type\":\"ImageObject\",\"inLanguage\":\"en-US\",\"@id\":\"https:\/\/italiamachines.com\/boutique\/cafe-glacier-lecheria\/cafe-lecheria\/arriere-comptoir\/vitrine-comptoir-dimensions-1384x800x1060-mm\/#primaryimage\",\"url\":\"https:\/\/italiamachines.com\/wp-content\/uploads\/2023\/08\/VC1400.jpg\",\"contentUrl\":\"https:\/\/italiamachines.com\/wp-content\/uploads\/2023\/08\/VC1400.jpg\",\"width\":1000,\"height\":1000},{\"@type\":\"BreadcrumbList\",\"@id\":\"https:\/\/italiamachines.com\/boutique\/cafe-glacier-lecheria\/cafe-lecheria\/arriere-comptoir\/vitrine-comptoir-dimensions-1384x800x1060-mm\/#breadcrumb\",\"itemListElement\":[{\"@type\":\"ListItem\",\"position\":1,\"name\":\"Accueil\",\"item\":\"https:\/\/italiamachines.com\/fr_fr\/\"},{\"@type\":\"ListItem\",\"position\":2,\"name\":\"Boutique\",\"item\":\"https:\/\/italiamachines.com\/boutique\/\"},{\"@type\":\"ListItem\",\"position\":3,\"name\":\"Vitrine comptoir &#8211; par Infrico\"}]},{\"@type\":\"WebSite\",\"@id\":\"https:\/\/italiamachines.com\/#website\",\"url\":\"https:\/\/italiamachines.com\/\",\"name\":\"Italia Machines\",\"description\":\"L&#039;art de l&#039;\u00e9quipement HORECA\",\"publisher\":{\"@id\":\"https:\/\/italiamachines.com\/#organization\"},\"potentialAction\":[{\"@type\":\"SearchAction\",\"target\":{\"@type\":\"EntryPoint\",\"urlTemplate\":\"https:\/\/italiamachines.com\/?s={search_term_string}\"},\"query-input\":{\"@type\":\"PropertyValueSpecification\",\"valueRequired\":true,\"valueName\":\"search_term_string\"}}],\"inLanguage\":\"en-US\"},{\"@type\":\"Organization\",\"@id\":\"https:\/\/italiamachines.com\/#organization\",\"name\":\"italiamachines\",\"url\":\"https:\/\/italiamachines.com\/\",\"logo\":{\"@type\":\"ImageObject\",\"inLanguage\":\"en-US\",\"@id\":\"https:\/\/italiamachines.com\/#\/schema\/logo\/image\/\",\"url\":\"https:\/\/italiamachines.com\/wp-content\/uploads\/2023\/08\/logo-web-1.png\",\"contentUrl\":\"https:\/\/italiamachines.com\/wp-content\/uploads\/2023\/08\/logo-web-1.png\",\"width\":977,\"height\":254,\"caption\":\"italiamachines\"},\"image\":{\"@id\":\"https:\/\/italiamachines.com\/#\/schema\/logo\/image\/\"},\"sameAs\":[\"https:\/\/web.facebook.com\/italiamachines\/\",\"https:\/\/www.instagram.com\/italia.machines\/\"]}]}<\/script>\n<!-- \/ Yoast SEO plugin. -->","yoast_head_json":{"title":"Vitrine comptoir - par Infrico | Italia Machines","robots":{"index":"index","follow":"follow","max-snippet":"max-snippet:-1","max-image-preview":"max-image-preview:large","max-video-preview":"max-video-preview:-1"},"canonical":"https:\/\/italiamachines.com\/en\/boutique\/cafe-glacier-lecheria\/cafe-lecheria\/arriere-comptoir\/vitrine-comptoir-dimensions-1384x800x1060-mm\/","og_locale":"en_US","og_type":"article","og_title":"Vitrine comptoir - par Infrico | Italia Machines","og_description":"Ext\u00e9rieur et int\u00e9rieur en acier inoxydable. Vitre avant \u00e0 charni\u00e8re pour un nettoyage facile. Portes \u00e0 charni\u00e8re \u00e0 l&rsquo;arri\u00e8re. \u00c9clairage int\u00e9rieur. La vitre avant est \u00e9quip\u00e9e d&rsquo;un d\u00e9sembueur. Mod\u00e8le standard livr\u00e9 avec 2 \u00e9tag\u00e8res m\u00e9talliques. Option de porte vitr\u00e9e et \u00e9tag\u00e8res disponible. Plage de temp\u00e9rature : +3\u00b0C \/ +6\u00b0C. Finition : Acier inoxydable.","og_url":"https:\/\/italiamachines.com\/en\/boutique\/cafe-glacier-lecheria\/cafe-lecheria\/arriere-comptoir\/vitrine-comptoir-dimensions-1384x800x1060-mm\/","og_site_name":"Italia Machines","article_publisher":"https:\/\/web.facebook.com\/italiamachines\/","article_modified_time":"2024-09-30T22:44:11+00:00","og_image":[{"width":1000,"height":1000,"url":"https:\/\/italiamachines.com\/wp-content\/uploads\/2023\/08\/VC1400.jpg","type":"image\/jpeg"}],"twitter_card":"summary_large_image","twitter_misc":{"Est. reading time":"1 minute"},"schema":{"@context":"https:\/\/schema.org","@graph":[{"@type":"WebPage","@id":"https:\/\/italiamachines.com\/boutique\/cafe-glacier-lecheria\/cafe-lecheria\/arriere-comptoir\/vitrine-comptoir-dimensions-1384x800x1060-mm\/","url":"https:\/\/italiamachines.com\/boutique\/cafe-glacier-lecheria\/cafe-lecheria\/arriere-comptoir\/vitrine-comptoir-dimensions-1384x800x1060-mm\/","name":"Vitrine comptoir - par Infrico | Italia Machines","isPartOf":{"@id":"https:\/\/italiamachines.com\/#website"},"primaryImageOfPage":{"@id":"https:\/\/italiamachines.com\/boutique\/cafe-glacier-lecheria\/cafe-lecheria\/arriere-comptoir\/vitrine-comptoir-dimensions-1384x800x1060-mm\/#primaryimage"},"image":{"@id":"https:\/\/italiamachines.com\/boutique\/cafe-glacier-lecheria\/cafe-lecheria\/arriere-comptoir\/vitrine-comptoir-dimensions-1384x800x1060-mm\/#primaryimage"},"thumbnailUrl":"https:\/\/italiamachines.com\/wp-content\/uploads\/2023\/08\/VC1400.jpg","datePublished":"2023-08-02T15:42:48+00:00","dateModified":"2024-09-30T22:44:11+00:00","breadcrumb":{"@id":"https:\/\/italiamachines.com\/boutique\/cafe-glacier-lecheria\/cafe-lecheria\/arriere-comptoir\/vitrine-comptoir-dimensions-1384x800x1060-mm\/#breadcrumb"},"inLanguage":"en-US","potentialAction":[{"@type":"ReadAction","target":["https:\/\/italiamachines.com\/boutique\/cafe-glacier-lecheria\/cafe-lecheria\/arriere-comptoir\/vitrine-comptoir-dimensions-1384x800x1060-mm\/"]}]},{"@type":"ImageObject","inLanguage":"en-US","@id":"https:\/\/italiamachines.com\/boutique\/cafe-glacier-lecheria\/cafe-lecheria\/arriere-comptoir\/vitrine-comptoir-dimensions-1384x800x1060-mm\/#primaryimage","url":"https:\/\/italiamachines.com\/wp-content\/uploads\/2023\/08\/VC1400.jpg","contentUrl":"https:\/\/italiamachines.com\/wp-content\/uploads\/2023\/08\/VC1400.jpg","width":1000,"height":1000},{"@type":"BreadcrumbList","@id":"https:\/\/italiamachines.com\/boutique\/cafe-glacier-lecheria\/cafe-lecheria\/arriere-comptoir\/vitrine-comptoir-dimensions-1384x800x1060-mm\/#breadcrumb","itemListElement":[{"@type":"ListItem","position":1,"name":"Accueil","item":"https:\/\/italiamachines.com\/fr_fr\/"},{"@type":"ListItem","position":2,"name":"Boutique","item":"https:\/\/italiamachines.com\/boutique\/"},{"@type":"ListItem","position":3,"name":"Vitrine comptoir &#8211; par Infrico"}]},{"@type":"WebSite","@id":"https:\/\/italiamachines.com\/#website","url":"https:\/\/italiamachines.com\/","name":"Italia Machines","description":"L&#039;art de l&#039;\u00e9quipement HORECA","publisher":{"@id":"https:\/\/italiamachines.com\/#organization"},"potentialAction":[{"@type":"SearchAction","target":{"@type":"EntryPoint","urlTemplate":"https:\/\/italiamachines.com\/?s={search_term_string}"},"query-input":{"@type":"PropertyValueSpecification","valueRequired":true,"valueName":"search_term_string"}}],"inLanguage":"en-US"},{"@type":"Organization","@id":"https:\/\/italiamachines.com\/#organization","name":"italiamachines","url":"https:\/\/italiamachines.com\/","logo":{"@type":"ImageObject","inLanguage":"en-US","@id":"https:\/\/italiamachines.com\/#\/schema\/logo\/image\/","url":"https:\/\/italiamachines.com\/wp-content\/uploads\/2023\/08\/logo-web-1.png","contentUrl":"https:\/\/italiamachines.com\/wp-content\/uploads\/2023\/08\/logo-web-1.png","width":977,"height":254,"caption":"italiamachines"},"image":{"@id":"https:\/\/italiamachines.com\/#\/schema\/logo\/image\/"},"sameAs":["https:\/\/web.facebook.com\/italiamachines\/","https:\/\/www.instagram.com\/italia.machines\/"]}]}},"_links":{"self":[{"href":"https:\/\/italiamachines.com\/en\/wp-json\/wp\/v2\/product\/5785","targetHints":{"allow":["GET"]}}],"collection":[{"href":"https:\/\/italiamachines.com\/en\/wp-json\/wp\/v2\/product"}],"about":[{"href":"https:\/\/italiamachines.com\/en\/wp-json\/wp\/v2\/types\/product"}],"replies":[{"embeddable":true,"href":"https:\/\/italiamachines.com\/en\/wp-json\/wp\/v2\/comments?post=5785"}],"wp:featuredmedia":[{"embeddable":true,"href":"https:\/\/italiamachines.com\/en\/wp-json\/wp\/v2\/media\/8438"}],"wp:attachment":[{"href":"https:\/\/italiamachines.com\/en\/wp-json\/wp\/v2\/media?parent=5785"}],"wp:term":[{"taxonomy":"product_cat","embeddable":true,"href":"https:\/\/italiamachines.com\/en\/wp-json\/wp\/v2\/product_cat?post=5785"},{"taxonomy":"product_tag","embeddable":true,"href":"https:\/\/italiamachines.com\/en\/wp-json\/wp\/v2\/product_tag?post=5785"}],"curies":[{"name":"wp","href":"https:\/\/api.w.org\/{rel}","templated":true}]}}