{"id":5789,"date":"2023-08-02T15:42:56","date_gmt":"2023-08-02T15:42:56","guid":{"rendered":"https:\/\/prod.italiamachines.com\/product\/comptoir-caisse-neutre-infrico-dimensions-998x985x1345-mm\/"},"modified":"2024-09-24T00:28:22","modified_gmt":"2024-09-23T22:28:22","slug":"comptoir-caisse-neutre-infrico-dimensions-998x985x1345-mm","status":"publish","type":"product","link":"https:\/\/italiamachines.com\/en\/boutique\/encaissemment\/comptoir-caisse-neutre-infrico-dimensions-998x985x1345-mm\/","title":{"rendered":"Comptoir caisse neutre &#8211; dimensions: 998x985x1345 mm &#8211; par Infrico"},"content":{"rendered":"<p>Caract\u00e9ristiques des meubles caisses :<br \/>\nPlan de travail et repose-sacs en acier inoxydable AISI 304<br \/>\nD\u00e9coration en DM hydrofuge laqu\u00e9<br \/>\n\u00c9tag\u00e8re arri\u00e8re en bois stratifi\u00e9 blanc<br \/>\nDimensions (LxPxH) : 938 x 985 x 845 mm<\/p>","protected":false},"excerpt":{"rendered":"<p>Caract\u00e9ristiques des meubles caisses : Plan de travail et repose-sacs en acier inoxydable AISI 304 D\u00e9coration en DM hydrofuge laqu\u00e9 \u00c9tag\u00e8re arri\u00e8re en bois stratifi\u00e9 blanc Dimensions (LxPxH) : 938 x 985 x 845 mm<\/p>","protected":false},"featured_media":8028,"comment_status":"open","ping_status":"closed","template":"","meta":[],"product_cat":[69],"product_tag":[],"class_list":{"0":"post-5789","1":"product","2":"type-product","3":"status-publish","4":"has-post-thumbnail","6":"product_cat-encaissemment","8":"first","9":"instock","10":"shipping-taxable","11":"purchasable","12":"product-type-simple","13":"col-xs-6 col-sm-4","14":"col-md-3 col-lg-3","15":"un-4-cols"},"yoast_head":"<!-- This site is optimized with the Yoast SEO plugin v26.6 - https:\/\/yoast.com\/wordpress\/plugins\/seo\/ -->\n<title>Comptoir caisse neutre - dimensions: 998x985x1345 mm - par Infrico | Italia Machines<\/title>\n<meta name=\"robots\" content=\"index, follow, max-snippet:-1, max-image-preview:large, max-video-preview:-1\" \/>\n<link rel=\"canonical\" href=\"https:\/\/italiamachines.com\/en\/boutique\/encaissemment\/comptoir-caisse-neutre-infrico-dimensions-998x985x1345-mm\/\" \/>\n<meta property=\"og:locale\" content=\"en_US\" \/>\n<meta property=\"og:type\" content=\"article\" \/>\n<meta property=\"og:title\" content=\"Comptoir caisse neutre - dimensions: 998x985x1345 mm - par Infrico | Italia Machines\" \/>\n<meta property=\"og:description\" content=\"Caract\u00e9ristiques des meubles caisses : Plan de travail et repose-sacs en acier inoxydable AISI 304 D\u00e9coration en DM hydrofuge laqu\u00e9 \u00c9tag\u00e8re arri\u00e8re en bois stratifi\u00e9 blanc Dimensions (LxPxH) : 938 x 985 x 845 mm\" \/>\n<meta property=\"og:url\" content=\"https:\/\/italiamachines.com\/en\/boutique\/encaissemment\/comptoir-caisse-neutre-infrico-dimensions-998x985x1345-mm\/\" \/>\n<meta property=\"og:site_name\" content=\"Italia Machines\" \/>\n<meta property=\"article:publisher\" content=\"https:\/\/web.facebook.com\/italiamachines\/\" \/>\n<meta property=\"article:modified_time\" content=\"2024-09-23T22:28:22+00:00\" \/>\n<meta property=\"og:image\" content=\"https:\/\/italiamachines.com\/wp-content\/uploads\/2023\/08\/VGL9M2.jpg\" \/>\n\t<meta property=\"og:image:width\" content=\"240\" \/>\n\t<meta property=\"og:image:height\" content=\"240\" \/>\n\t<meta property=\"og:image:type\" content=\"image\/jpeg\" \/>\n<meta name=\"twitter:card\" content=\"summary_large_image\" \/>\n<meta name=\"twitter:label1\" content=\"Est. reading time\" \/>\n\t<meta name=\"twitter:data1\" content=\"1 minute\" \/>\n<script type=\"application\/ld+json\" class=\"yoast-schema-graph\">{\"@context\":\"https:\/\/schema.org\",\"@graph\":[{\"@type\":\"WebPage\",\"@id\":\"https:\/\/italiamachines.com\/boutique\/encaissemment\/comptoir-caisse-neutre-infrico-dimensions-998x985x1345-mm\/\",\"url\":\"https:\/\/italiamachines.com\/boutique\/encaissemment\/comptoir-caisse-neutre-infrico-dimensions-998x985x1345-mm\/\",\"name\":\"Comptoir caisse neutre - dimensions: 998x985x1345 mm - par Infrico | Italia Machines\",\"isPartOf\":{\"@id\":\"https:\/\/italiamachines.com\/#website\"},\"primaryImageOfPage\":{\"@id\":\"https:\/\/italiamachines.com\/boutique\/encaissemment\/comptoir-caisse-neutre-infrico-dimensions-998x985x1345-mm\/#primaryimage\"},\"image\":{\"@id\":\"https:\/\/italiamachines.com\/boutique\/encaissemment\/comptoir-caisse-neutre-infrico-dimensions-998x985x1345-mm\/#primaryimage\"},\"thumbnailUrl\":\"https:\/\/italiamachines.com\/wp-content\/uploads\/2023\/08\/VGL9M2.jpg\",\"datePublished\":\"2023-08-02T15:42:56+00:00\",\"dateModified\":\"2024-09-23T22:28:22+00:00\",\"breadcrumb\":{\"@id\":\"https:\/\/italiamachines.com\/boutique\/encaissemment\/comptoir-caisse-neutre-infrico-dimensions-998x985x1345-mm\/#breadcrumb\"},\"inLanguage\":\"en-US\",\"potentialAction\":[{\"@type\":\"ReadAction\",\"target\":[\"https:\/\/italiamachines.com\/boutique\/encaissemment\/comptoir-caisse-neutre-infrico-dimensions-998x985x1345-mm\/\"]}]},{\"@type\":\"ImageObject\",\"inLanguage\":\"en-US\",\"@id\":\"https:\/\/italiamachines.com\/boutique\/encaissemment\/comptoir-caisse-neutre-infrico-dimensions-998x985x1345-mm\/#primaryimage\",\"url\":\"https:\/\/italiamachines.com\/wp-content\/uploads\/2023\/08\/VGL9M2.jpg\",\"contentUrl\":\"https:\/\/italiamachines.com\/wp-content\/uploads\/2023\/08\/VGL9M2.jpg\",\"width\":240,\"height\":240},{\"@type\":\"BreadcrumbList\",\"@id\":\"https:\/\/italiamachines.com\/boutique\/encaissemment\/comptoir-caisse-neutre-infrico-dimensions-998x985x1345-mm\/#breadcrumb\",\"itemListElement\":[{\"@type\":\"ListItem\",\"position\":1,\"name\":\"Accueil\",\"item\":\"https:\/\/italiamachines.com\/fr_fr\/\"},{\"@type\":\"ListItem\",\"position\":2,\"name\":\"Boutique\",\"item\":\"https:\/\/italiamachines.com\/boutique\/\"},{\"@type\":\"ListItem\",\"position\":3,\"name\":\"Comptoir caisse neutre &#8211; dimensions: 998x985x1345 mm &#8211; par Infrico\"}]},{\"@type\":\"WebSite\",\"@id\":\"https:\/\/italiamachines.com\/#website\",\"url\":\"https:\/\/italiamachines.com\/\",\"name\":\"Italia Machines\",\"description\":\"L&#039;art de l&#039;\u00e9quipement HORECA\",\"publisher\":{\"@id\":\"https:\/\/italiamachines.com\/#organization\"},\"potentialAction\":[{\"@type\":\"SearchAction\",\"target\":{\"@type\":\"EntryPoint\",\"urlTemplate\":\"https:\/\/italiamachines.com\/?s={search_term_string}\"},\"query-input\":{\"@type\":\"PropertyValueSpecification\",\"valueRequired\":true,\"valueName\":\"search_term_string\"}}],\"inLanguage\":\"en-US\"},{\"@type\":\"Organization\",\"@id\":\"https:\/\/italiamachines.com\/#organization\",\"name\":\"italiamachines\",\"url\":\"https:\/\/italiamachines.com\/\",\"logo\":{\"@type\":\"ImageObject\",\"inLanguage\":\"en-US\",\"@id\":\"https:\/\/italiamachines.com\/#\/schema\/logo\/image\/\",\"url\":\"https:\/\/italiamachines.com\/wp-content\/uploads\/2023\/08\/logo-web-1.png\",\"contentUrl\":\"https:\/\/italiamachines.com\/wp-content\/uploads\/2023\/08\/logo-web-1.png\",\"width\":977,\"height\":254,\"caption\":\"italiamachines\"},\"image\":{\"@id\":\"https:\/\/italiamachines.com\/#\/schema\/logo\/image\/\"},\"sameAs\":[\"https:\/\/web.facebook.com\/italiamachines\/\",\"https:\/\/www.instagram.com\/italia.machines\/\"]}]}<\/script>\n<!-- \/ Yoast SEO plugin. -->","yoast_head_json":{"title":"Comptoir caisse neutre - dimensions: 998x985x1345 mm - par Infrico | Italia Machines","robots":{"index":"index","follow":"follow","max-snippet":"max-snippet:-1","max-image-preview":"max-image-preview:large","max-video-preview":"max-video-preview:-1"},"canonical":"https:\/\/italiamachines.com\/en\/boutique\/encaissemment\/comptoir-caisse-neutre-infrico-dimensions-998x985x1345-mm\/","og_locale":"en_US","og_type":"article","og_title":"Comptoir caisse neutre - dimensions: 998x985x1345 mm - par Infrico | Italia Machines","og_description":"Caract\u00e9ristiques des meubles caisses : Plan de travail et repose-sacs en acier inoxydable AISI 304 D\u00e9coration en DM hydrofuge laqu\u00e9 \u00c9tag\u00e8re arri\u00e8re en bois stratifi\u00e9 blanc Dimensions (LxPxH) : 938 x 985 x 845 mm","og_url":"https:\/\/italiamachines.com\/en\/boutique\/encaissemment\/comptoir-caisse-neutre-infrico-dimensions-998x985x1345-mm\/","og_site_name":"Italia Machines","article_publisher":"https:\/\/web.facebook.com\/italiamachines\/","article_modified_time":"2024-09-23T22:28:22+00:00","og_image":[{"width":240,"height":240,"url":"https:\/\/italiamachines.com\/wp-content\/uploads\/2023\/08\/VGL9M2.jpg","type":"image\/jpeg"}],"twitter_card":"summary_large_image","twitter_misc":{"Est. reading time":"1 minute"},"schema":{"@context":"https:\/\/schema.org","@graph":[{"@type":"WebPage","@id":"https:\/\/italiamachines.com\/boutique\/encaissemment\/comptoir-caisse-neutre-infrico-dimensions-998x985x1345-mm\/","url":"https:\/\/italiamachines.com\/boutique\/encaissemment\/comptoir-caisse-neutre-infrico-dimensions-998x985x1345-mm\/","name":"Comptoir caisse neutre - dimensions: 998x985x1345 mm - par Infrico | Italia Machines","isPartOf":{"@id":"https:\/\/italiamachines.com\/#website"},"primaryImageOfPage":{"@id":"https:\/\/italiamachines.com\/boutique\/encaissemment\/comptoir-caisse-neutre-infrico-dimensions-998x985x1345-mm\/#primaryimage"},"image":{"@id":"https:\/\/italiamachines.com\/boutique\/encaissemment\/comptoir-caisse-neutre-infrico-dimensions-998x985x1345-mm\/#primaryimage"},"thumbnailUrl":"https:\/\/italiamachines.com\/wp-content\/uploads\/2023\/08\/VGL9M2.jpg","datePublished":"2023-08-02T15:42:56+00:00","dateModified":"2024-09-23T22:28:22+00:00","breadcrumb":{"@id":"https:\/\/italiamachines.com\/boutique\/encaissemment\/comptoir-caisse-neutre-infrico-dimensions-998x985x1345-mm\/#breadcrumb"},"inLanguage":"en-US","potentialAction":[{"@type":"ReadAction","target":["https:\/\/italiamachines.com\/boutique\/encaissemment\/comptoir-caisse-neutre-infrico-dimensions-998x985x1345-mm\/"]}]},{"@type":"ImageObject","inLanguage":"en-US","@id":"https:\/\/italiamachines.com\/boutique\/encaissemment\/comptoir-caisse-neutre-infrico-dimensions-998x985x1345-mm\/#primaryimage","url":"https:\/\/italiamachines.com\/wp-content\/uploads\/2023\/08\/VGL9M2.jpg","contentUrl":"https:\/\/italiamachines.com\/wp-content\/uploads\/2023\/08\/VGL9M2.jpg","width":240,"height":240},{"@type":"BreadcrumbList","@id":"https:\/\/italiamachines.com\/boutique\/encaissemment\/comptoir-caisse-neutre-infrico-dimensions-998x985x1345-mm\/#breadcrumb","itemListElement":[{"@type":"ListItem","position":1,"name":"Accueil","item":"https:\/\/italiamachines.com\/fr_fr\/"},{"@type":"ListItem","position":2,"name":"Boutique","item":"https:\/\/italiamachines.com\/boutique\/"},{"@type":"ListItem","position":3,"name":"Comptoir caisse neutre &#8211; dimensions: 998x985x1345 mm &#8211; par Infrico"}]},{"@type":"WebSite","@id":"https:\/\/italiamachines.com\/#website","url":"https:\/\/italiamachines.com\/","name":"Italia Machines","description":"L&#039;art de l&#039;\u00e9quipement HORECA","publisher":{"@id":"https:\/\/italiamachines.com\/#organization"},"potentialAction":[{"@type":"SearchAction","target":{"@type":"EntryPoint","urlTemplate":"https:\/\/italiamachines.com\/?s={search_term_string}"},"query-input":{"@type":"PropertyValueSpecification","valueRequired":true,"valueName":"search_term_string"}}],"inLanguage":"en-US"},{"@type":"Organization","@id":"https:\/\/italiamachines.com\/#organization","name":"italiamachines","url":"https:\/\/italiamachines.com\/","logo":{"@type":"ImageObject","inLanguage":"en-US","@id":"https:\/\/italiamachines.com\/#\/schema\/logo\/image\/","url":"https:\/\/italiamachines.com\/wp-content\/uploads\/2023\/08\/logo-web-1.png","contentUrl":"https:\/\/italiamachines.com\/wp-content\/uploads\/2023\/08\/logo-web-1.png","width":977,"height":254,"caption":"italiamachines"},"image":{"@id":"https:\/\/italiamachines.com\/#\/schema\/logo\/image\/"},"sameAs":["https:\/\/web.facebook.com\/italiamachines\/","https:\/\/www.instagram.com\/italia.machines\/"]}]}},"_links":{"self":[{"href":"https:\/\/italiamachines.com\/en\/wp-json\/wp\/v2\/product\/5789","targetHints":{"allow":["GET"]}}],"collection":[{"href":"https:\/\/italiamachines.com\/en\/wp-json\/wp\/v2\/product"}],"about":[{"href":"https:\/\/italiamachines.com\/en\/wp-json\/wp\/v2\/types\/product"}],"replies":[{"embeddable":true,"href":"https:\/\/italiamachines.com\/en\/wp-json\/wp\/v2\/comments?post=5789"}],"wp:featuredmedia":[{"embeddable":true,"href":"https:\/\/italiamachines.com\/en\/wp-json\/wp\/v2\/media\/8028"}],"wp:attachment":[{"href":"https:\/\/italiamachines.com\/en\/wp-json\/wp\/v2\/media?parent=5789"}],"wp:term":[{"taxonomy":"product_cat","embeddable":true,"href":"https:\/\/italiamachines.com\/en\/wp-json\/wp\/v2\/product_cat?post=5789"},{"taxonomy":"product_tag","embeddable":true,"href":"https:\/\/italiamachines.com\/en\/wp-json\/wp\/v2\/product_tag?post=5789"}],"curies":[{"name":"wp","href":"https:\/\/api.w.org\/{rel}","templated":true}]}}