{"id":5798,"date":"2023-08-02T15:43:20","date_gmt":"2023-08-02T15:43:20","guid":{"rendered":"https:\/\/prod.italiamachines.com\/product\/four-rotatif-a-12-plaques-60x40-marque-zucchelli-forni-italie\/"},"modified":"2025-04-17T23:59:35","modified_gmt":"2025-04-17T21:59:35","slug":"four-rotatif-zuchelli-aldigheri-mondial-polin","status":"publish","type":"product","link":"https:\/\/italiamachines.com\/en\/boutique\/boulangerie-et-patisserie\/patisserie\/four-pour-patisserie\/fours-rotatifs-pour-patisserie\/four-rotatif-zuchelli-aldigheri-mondial-polin\/","title":{"rendered":"Four rotatif par Zucchelli |Modial |Aldegheri |Polin"},"content":{"rendered":"<p>D\u00e9couvrez notre gamme vari\u00e9e de fours rotatifs, comprenant des mod\u00e8les des marques Zuchelli, Aldegheri, <a href=\"https:\/\/www.mondialforni.com\/fr\/\" target=\"_blank\" rel=\"noopener\">Mondial Forni<\/a> et Polin. Chaque four est con\u00e7u avec soin pour r\u00e9pondre aux besoins sp\u00e9cifiques de votre cuisine professionnelle. Avec des caract\u00e9ristiques telles qu&rsquo;une hotte aspirante motoris\u00e9e, une batterie d\u2019aspiration des vapeurs en acier inoxydable et une base en acier inoxydable 30\/10, vous b\u00e9n\u00e9ficiez d&rsquo;une qualit\u00e9 exceptionnelle et d&rsquo;une efficacit\u00e9 optimale. Choisissez parmi une vari\u00e9t\u00e9 de niveaux et de dimensions pour trouver le four rotatif parfaitement adapt\u00e9 \u00e0 votre espace et \u00e0 vos besoins.<\/p>\n<p>Pour plus d&rsquo;informations sur le four rotatif ou que vous voulez des conseils personnalis\u00e9s sur l&rsquo;installation et l&rsquo;achat de mat\u00e9riel, <a href=\"https:\/\/italiamachines.com\/en\/contact-italiamachines-tanger\/\" target=\"_blank\" rel=\"noopener\">contactez<\/a> notre \u00e9quipe de support client.<\/p>","protected":false},"excerpt":{"rendered":"<p>D\u00e9couvrez notre gamme vari\u00e9e de fours rotatifs, comprenant des mod\u00e8les des marques Zuchelli, Aldegheri, Mondial Forni et Polin. Chaque four est con\u00e7u avec soin pour r\u00e9pondre aux besoins sp\u00e9cifiques de votre cuisine professionnelle. Avec des caract\u00e9ristiques telles qu&rsquo;une hotte aspirante motoris\u00e9e, une batterie d\u2019aspiration des vapeurs en acier inoxydable et une base en acier inoxydable&hellip;<\/p>","protected":false},"featured_media":7365,"comment_status":"open","ping_status":"closed","template":"","meta":[],"product_cat":[154,64,190,191,194,195,97],"product_tag":[],"class_list":{"0":"post-5798","1":"product","2":"type-product","3":"status-publish","4":"has-post-thumbnail","6":"product_cat-boulangerie","7":"product_cat-boulangerie-et-patisserie","8":"product_cat-fours-pour-boulangerie","9":"product_cat-four-pour-patisserie","10":"product_cat-fours-rotatifs-pour-boulangerie","11":"product_cat-fours-rotatifs-pour-patisserie","12":"product_cat-patisserie","14":"first","15":"instock","16":"shipping-taxable","17":"purchasable","18":"product-type-variable","19":"col-xs-6 col-sm-4","20":"col-md-3 col-lg-3","21":"un-4-cols"},"yoast_head":"<!-- This site is optimized with the Yoast SEO plugin v26.6 - https:\/\/yoast.com\/wordpress\/plugins\/seo\/ -->\n<title>Four rotatif par Zucchelli |Modial |Aldegheri |Polin | Italia Machines<\/title>\n<meta name=\"description\" content=\"D\u00e9couvrez notre gamme vari\u00e9e de four rotatif, comprenant des mod\u00e8les des marques Zuchelli, Aldigheri, Mondial Forni et Polin.\" \/>\n<meta name=\"robots\" content=\"index, follow, max-snippet:-1, max-image-preview:large, max-video-preview:-1\" \/>\n<link rel=\"canonical\" href=\"https:\/\/italiamachines.com\/en\/boutique\/boulangerie-et-patisserie\/patisserie\/four-pour-patisserie\/fours-rotatifs-pour-patisserie\/four-rotatif-zuchelli-aldigheri-mondial-polin\/\" \/>\n<meta property=\"og:locale\" content=\"en_US\" \/>\n<meta property=\"og:type\" content=\"article\" \/>\n<meta property=\"og:title\" content=\"Four rotatif par Zucchelli |Modial |Aldegheri |Polin | Italia Machines\" \/>\n<meta property=\"og:description\" content=\"D\u00e9couvrez notre gamme vari\u00e9e de four rotatif, comprenant des mod\u00e8les des marques Zuchelli, Aldigheri, Mondial Forni et Polin.\" \/>\n<meta property=\"og:url\" content=\"https:\/\/italiamachines.com\/en\/boutique\/boulangerie-et-patisserie\/patisserie\/four-pour-patisserie\/fours-rotatifs-pour-patisserie\/four-rotatif-zuchelli-aldigheri-mondial-polin\/\" \/>\n<meta property=\"og:site_name\" content=\"Italia Machines\" \/>\n<meta property=\"article:publisher\" content=\"https:\/\/web.facebook.com\/italiamachines\/\" \/>\n<meta property=\"article:modified_time\" content=\"2025-04-17T21:59:35+00:00\" \/>\n<meta property=\"og:image\" content=\"https:\/\/italiamachines.com\/wp-content\/uploads\/2023\/08\/zuchelli-1.jpeg\" \/>\n\t<meta property=\"og:image:width\" content=\"800\" \/>\n\t<meta property=\"og:image:height\" content=\"800\" \/>\n\t<meta property=\"og:image:type\" content=\"image\/jpeg\" \/>\n<meta name=\"twitter:card\" content=\"summary_large_image\" \/>\n<meta name=\"twitter:label1\" content=\"Est. reading time\" \/>\n\t<meta name=\"twitter:data1\" content=\"1 minute\" \/>\n<script type=\"application\/ld+json\" class=\"yoast-schema-graph\">{\"@context\":\"https:\/\/schema.org\",\"@graph\":[{\"@type\":\"WebPage\",\"@id\":\"https:\/\/italiamachines.com\/boutique\/boulangerie-et-patisserie\/patisserie\/four-pour-patisserie\/fours-rotatifs-pour-patisserie\/four-rotatif-zuchelli-aldigheri-mondial-polin\/\",\"url\":\"https:\/\/italiamachines.com\/boutique\/boulangerie-et-patisserie\/patisserie\/four-pour-patisserie\/fours-rotatifs-pour-patisserie\/four-rotatif-zuchelli-aldigheri-mondial-polin\/\",\"name\":\"Four rotatif par Zucchelli |Modial |Aldegheri |Polin | Italia Machines\",\"isPartOf\":{\"@id\":\"https:\/\/italiamachines.com\/#website\"},\"primaryImageOfPage\":{\"@id\":\"https:\/\/italiamachines.com\/boutique\/boulangerie-et-patisserie\/patisserie\/four-pour-patisserie\/fours-rotatifs-pour-patisserie\/four-rotatif-zuchelli-aldigheri-mondial-polin\/#primaryimage\"},\"image\":{\"@id\":\"https:\/\/italiamachines.com\/boutique\/boulangerie-et-patisserie\/patisserie\/four-pour-patisserie\/fours-rotatifs-pour-patisserie\/four-rotatif-zuchelli-aldigheri-mondial-polin\/#primaryimage\"},\"thumbnailUrl\":\"https:\/\/italiamachines.com\/wp-content\/uploads\/2023\/08\/zuchelli-1.jpeg\",\"datePublished\":\"2023-08-02T15:43:20+00:00\",\"dateModified\":\"2025-04-17T21:59:35+00:00\",\"description\":\"D\u00e9couvrez notre gamme vari\u00e9e de four rotatif, comprenant des mod\u00e8les des marques Zuchelli, Aldigheri, Mondial Forni et Polin.\",\"breadcrumb\":{\"@id\":\"https:\/\/italiamachines.com\/boutique\/boulangerie-et-patisserie\/patisserie\/four-pour-patisserie\/fours-rotatifs-pour-patisserie\/four-rotatif-zuchelli-aldigheri-mondial-polin\/#breadcrumb\"},\"inLanguage\":\"en-US\",\"potentialAction\":[{\"@type\":\"ReadAction\",\"target\":[\"https:\/\/italiamachines.com\/boutique\/boulangerie-et-patisserie\/patisserie\/four-pour-patisserie\/fours-rotatifs-pour-patisserie\/four-rotatif-zuchelli-aldigheri-mondial-polin\/\"]}]},{\"@type\":\"ImageObject\",\"inLanguage\":\"en-US\",\"@id\":\"https:\/\/italiamachines.com\/boutique\/boulangerie-et-patisserie\/patisserie\/four-pour-patisserie\/fours-rotatifs-pour-patisserie\/four-rotatif-zuchelli-aldigheri-mondial-polin\/#primaryimage\",\"url\":\"https:\/\/italiamachines.com\/wp-content\/uploads\/2023\/08\/zuchelli-1.jpeg\",\"contentUrl\":\"https:\/\/italiamachines.com\/wp-content\/uploads\/2023\/08\/zuchelli-1.jpeg\",\"width\":800,\"height\":800,\"caption\":\"four rotatif\"},{\"@type\":\"BreadcrumbList\",\"@id\":\"https:\/\/italiamachines.com\/boutique\/boulangerie-et-patisserie\/patisserie\/four-pour-patisserie\/fours-rotatifs-pour-patisserie\/four-rotatif-zuchelli-aldigheri-mondial-polin\/#breadcrumb\",\"itemListElement\":[{\"@type\":\"ListItem\",\"position\":1,\"name\":\"Accueil\",\"item\":\"https:\/\/italiamachines.com\/fr_fr\/\"},{\"@type\":\"ListItem\",\"position\":2,\"name\":\"Boutique\",\"item\":\"https:\/\/italiamachines.com\/boutique\/\"},{\"@type\":\"ListItem\",\"position\":3,\"name\":\"Four rotatif par Zucchelli |Modial |Aldegheri |Polin\"}]},{\"@type\":\"WebSite\",\"@id\":\"https:\/\/italiamachines.com\/#website\",\"url\":\"https:\/\/italiamachines.com\/\",\"name\":\"Italia Machines\",\"description\":\"L&#039;art de l&#039;\u00e9quipement HORECA\",\"publisher\":{\"@id\":\"https:\/\/italiamachines.com\/#organization\"},\"potentialAction\":[{\"@type\":\"SearchAction\",\"target\":{\"@type\":\"EntryPoint\",\"urlTemplate\":\"https:\/\/italiamachines.com\/?s={search_term_string}\"},\"query-input\":{\"@type\":\"PropertyValueSpecification\",\"valueRequired\":true,\"valueName\":\"search_term_string\"}}],\"inLanguage\":\"en-US\"},{\"@type\":\"Organization\",\"@id\":\"https:\/\/italiamachines.com\/#organization\",\"name\":\"italiamachines\",\"url\":\"https:\/\/italiamachines.com\/\",\"logo\":{\"@type\":\"ImageObject\",\"inLanguage\":\"en-US\",\"@id\":\"https:\/\/italiamachines.com\/#\/schema\/logo\/image\/\",\"url\":\"https:\/\/italiamachines.com\/wp-content\/uploads\/2023\/08\/logo-web-1.png\",\"contentUrl\":\"https:\/\/italiamachines.com\/wp-content\/uploads\/2023\/08\/logo-web-1.png\",\"width\":977,\"height\":254,\"caption\":\"italiamachines\"},\"image\":{\"@id\":\"https:\/\/italiamachines.com\/#\/schema\/logo\/image\/\"},\"sameAs\":[\"https:\/\/web.facebook.com\/italiamachines\/\",\"https:\/\/www.instagram.com\/italia.machines\/\"]}]}<\/script>\n<!-- \/ Yoast SEO plugin. -->","yoast_head_json":{"title":"Four rotatif par Zucchelli |Modial |Aldegheri |Polin | Italia Machines","description":"D\u00e9couvrez notre gamme vari\u00e9e de four rotatif, comprenant des mod\u00e8les des marques Zuchelli, Aldigheri, Mondial Forni et Polin.","robots":{"index":"index","follow":"follow","max-snippet":"max-snippet:-1","max-image-preview":"max-image-preview:large","max-video-preview":"max-video-preview:-1"},"canonical":"https:\/\/italiamachines.com\/en\/boutique\/boulangerie-et-patisserie\/patisserie\/four-pour-patisserie\/fours-rotatifs-pour-patisserie\/four-rotatif-zuchelli-aldigheri-mondial-polin\/","og_locale":"en_US","og_type":"article","og_title":"Four rotatif par Zucchelli |Modial |Aldegheri |Polin | Italia Machines","og_description":"D\u00e9couvrez notre gamme vari\u00e9e de four rotatif, comprenant des mod\u00e8les des marques Zuchelli, Aldigheri, Mondial Forni et Polin.","og_url":"https:\/\/italiamachines.com\/en\/boutique\/boulangerie-et-patisserie\/patisserie\/four-pour-patisserie\/fours-rotatifs-pour-patisserie\/four-rotatif-zuchelli-aldigheri-mondial-polin\/","og_site_name":"Italia Machines","article_publisher":"https:\/\/web.facebook.com\/italiamachines\/","article_modified_time":"2025-04-17T21:59:35+00:00","og_image":[{"width":800,"height":800,"url":"https:\/\/italiamachines.com\/wp-content\/uploads\/2023\/08\/zuchelli-1.jpeg","type":"image\/jpeg"}],"twitter_card":"summary_large_image","twitter_misc":{"Est. reading time":"1 minute"},"schema":{"@context":"https:\/\/schema.org","@graph":[{"@type":"WebPage","@id":"https:\/\/italiamachines.com\/boutique\/boulangerie-et-patisserie\/patisserie\/four-pour-patisserie\/fours-rotatifs-pour-patisserie\/four-rotatif-zuchelli-aldigheri-mondial-polin\/","url":"https:\/\/italiamachines.com\/boutique\/boulangerie-et-patisserie\/patisserie\/four-pour-patisserie\/fours-rotatifs-pour-patisserie\/four-rotatif-zuchelli-aldigheri-mondial-polin\/","name":"Four rotatif par Zucchelli |Modial |Aldegheri |Polin | Italia Machines","isPartOf":{"@id":"https:\/\/italiamachines.com\/#website"},"primaryImageOfPage":{"@id":"https:\/\/italiamachines.com\/boutique\/boulangerie-et-patisserie\/patisserie\/four-pour-patisserie\/fours-rotatifs-pour-patisserie\/four-rotatif-zuchelli-aldigheri-mondial-polin\/#primaryimage"},"image":{"@id":"https:\/\/italiamachines.com\/boutique\/boulangerie-et-patisserie\/patisserie\/four-pour-patisserie\/fours-rotatifs-pour-patisserie\/four-rotatif-zuchelli-aldigheri-mondial-polin\/#primaryimage"},"thumbnailUrl":"https:\/\/italiamachines.com\/wp-content\/uploads\/2023\/08\/zuchelli-1.jpeg","datePublished":"2023-08-02T15:43:20+00:00","dateModified":"2025-04-17T21:59:35+00:00","description":"D\u00e9couvrez notre gamme vari\u00e9e de four rotatif, comprenant des mod\u00e8les des marques Zuchelli, Aldigheri, Mondial Forni et Polin.","breadcrumb":{"@id":"https:\/\/italiamachines.com\/boutique\/boulangerie-et-patisserie\/patisserie\/four-pour-patisserie\/fours-rotatifs-pour-patisserie\/four-rotatif-zuchelli-aldigheri-mondial-polin\/#breadcrumb"},"inLanguage":"en-US","potentialAction":[{"@type":"ReadAction","target":["https:\/\/italiamachines.com\/boutique\/boulangerie-et-patisserie\/patisserie\/four-pour-patisserie\/fours-rotatifs-pour-patisserie\/four-rotatif-zuchelli-aldigheri-mondial-polin\/"]}]},{"@type":"ImageObject","inLanguage":"en-US","@id":"https:\/\/italiamachines.com\/boutique\/boulangerie-et-patisserie\/patisserie\/four-pour-patisserie\/fours-rotatifs-pour-patisserie\/four-rotatif-zuchelli-aldigheri-mondial-polin\/#primaryimage","url":"https:\/\/italiamachines.com\/wp-content\/uploads\/2023\/08\/zuchelli-1.jpeg","contentUrl":"https:\/\/italiamachines.com\/wp-content\/uploads\/2023\/08\/zuchelli-1.jpeg","width":800,"height":800,"caption":"four rotatif"},{"@type":"BreadcrumbList","@id":"https:\/\/italiamachines.com\/boutique\/boulangerie-et-patisserie\/patisserie\/four-pour-patisserie\/fours-rotatifs-pour-patisserie\/four-rotatif-zuchelli-aldigheri-mondial-polin\/#breadcrumb","itemListElement":[{"@type":"ListItem","position":1,"name":"Accueil","item":"https:\/\/italiamachines.com\/fr_fr\/"},{"@type":"ListItem","position":2,"name":"Boutique","item":"https:\/\/italiamachines.com\/boutique\/"},{"@type":"ListItem","position":3,"name":"Four rotatif par Zucchelli |Modial |Aldegheri |Polin"}]},{"@type":"WebSite","@id":"https:\/\/italiamachines.com\/#website","url":"https:\/\/italiamachines.com\/","name":"Italia Machines","description":"L&#039;art de l&#039;\u00e9quipement HORECA","publisher":{"@id":"https:\/\/italiamachines.com\/#organization"},"potentialAction":[{"@type":"SearchAction","target":{"@type":"EntryPoint","urlTemplate":"https:\/\/italiamachines.com\/?s={search_term_string}"},"query-input":{"@type":"PropertyValueSpecification","valueRequired":true,"valueName":"search_term_string"}}],"inLanguage":"en-US"},{"@type":"Organization","@id":"https:\/\/italiamachines.com\/#organization","name":"italiamachines","url":"https:\/\/italiamachines.com\/","logo":{"@type":"ImageObject","inLanguage":"en-US","@id":"https:\/\/italiamachines.com\/#\/schema\/logo\/image\/","url":"https:\/\/italiamachines.com\/wp-content\/uploads\/2023\/08\/logo-web-1.png","contentUrl":"https:\/\/italiamachines.com\/wp-content\/uploads\/2023\/08\/logo-web-1.png","width":977,"height":254,"caption":"italiamachines"},"image":{"@id":"https:\/\/italiamachines.com\/#\/schema\/logo\/image\/"},"sameAs":["https:\/\/web.facebook.com\/italiamachines\/","https:\/\/www.instagram.com\/italia.machines\/"]}]}},"_links":{"self":[{"href":"https:\/\/italiamachines.com\/en\/wp-json\/wp\/v2\/product\/5798","targetHints":{"allow":["GET"]}}],"collection":[{"href":"https:\/\/italiamachines.com\/en\/wp-json\/wp\/v2\/product"}],"about":[{"href":"https:\/\/italiamachines.com\/en\/wp-json\/wp\/v2\/types\/product"}],"replies":[{"embeddable":true,"href":"https:\/\/italiamachines.com\/en\/wp-json\/wp\/v2\/comments?post=5798"}],"wp:featuredmedia":[{"embeddable":true,"href":"https:\/\/italiamachines.com\/en\/wp-json\/wp\/v2\/media\/7365"}],"wp:attachment":[{"href":"https:\/\/italiamachines.com\/en\/wp-json\/wp\/v2\/media?parent=5798"}],"wp:term":[{"taxonomy":"product_cat","embeddable":true,"href":"https:\/\/italiamachines.com\/en\/wp-json\/wp\/v2\/product_cat?post=5798"},{"taxonomy":"product_tag","embeddable":true,"href":"https:\/\/italiamachines.com\/en\/wp-json\/wp\/v2\/product_tag?post=5798"}],"curies":[{"name":"wp","href":"https:\/\/api.w.org\/{rel}","templated":true}]}}