{"id":5806,"date":"2023-08-02T16:40:24","date_gmt":"2023-08-02T16:40:24","guid":{"rendered":"https:\/\/prod.italiamachines.com\/product\/vitrine-a-patisserie-kibuk-par-mastercool-italie-2m\/"},"modified":"2024-10-01T00:42:17","modified_gmt":"2024-09-30T22:42:17","slug":"vitrine-a-patisserie-kibuk-par-mastercool-italie-2m","status":"publish","type":"product","link":"https:\/\/italiamachines.com\/en\/boutique\/boulangerie-et-patisserie\/patisserie\/vitrines\/vitrine-refrigeree-horizontale\/vitrine-a-patisserie-kibuk-par-mastercool-italie-2m\/","title":{"rendered":"Vitrine \u00e0 p\u00e2tisserie Kibuk &#8211; par Mastercool"},"content":{"rendered":"<p>Id\u00e9al pour les endroits \u00e9troits.<br \/>\nEncombrement r\u00e9duit (seulement 900 mm de profondeur).<br \/>\nTechnologie, conception et production italiennes.<br \/>\nInstallation facile.<br \/>\nFaible consommation d&rsquo;\u00e9nergie et faible impact sur l&rsquo;environnement.<br \/>\nPlateau en t\u00f4le d&rsquo;acier blanc pr\u00e9-peint alimentaire avec isolation en mousse de polyur\u00e9thane sans utilisation de CFC.<br \/>\nParois lat\u00e9rales thermoform\u00e9es et isol\u00e9es (\u00e9paisseur 50 mm chacune) avec panneau lat\u00e9ral en verre tremp\u00e9.<br \/>\nPanneau de contr\u00f4le \u00e9lectronique.<br \/>\nRangement r\u00e9frig\u00e9r\u00e9 avec portes.<br \/>\nPlafonnier \u00e0 diodes \u00e9lectroluminescentes.<br \/>\nPlan de travail en acier inoxydable.<br \/>\nSurface d&rsquo;exposition en acier inoxydable.<br \/>\nBac d&rsquo;\u00e9vaporation des condensats manuel et amovible.<br \/>\nSyst\u00e8me antibu\u00e9e avec r\u00e9sistance \u00e9lectrique.<br \/>\nFinition frontale en MDF couleur bois.<br \/>\nD\u00e9givrage hors cycle.<\/p>","protected":false},"excerpt":{"rendered":"<p>Id\u00e9al pour les endroits \u00e9troits. Encombrement r\u00e9duit (seulement 900 mm de profondeur). Technologie, conception et production italiennes. Installation facile. Faible consommation d&rsquo;\u00e9nergie et faible impact sur l&rsquo;environnement. Plateau en t\u00f4le d&rsquo;acier blanc pr\u00e9-peint alimentaire avec isolation en mousse de polyur\u00e9thane sans utilisation de CFC. Parois lat\u00e9rales thermoform\u00e9es et isol\u00e9es (\u00e9paisseur 50 mm chacune) avec panneau&hellip;<\/p>","protected":false},"featured_media":6353,"comment_status":"closed","ping_status":"closed","template":"","meta":[],"product_cat":[97,245,144],"product_tag":[],"class_list":{"0":"post-5806","1":"product","2":"type-product","3":"status-publish","4":"has-post-thumbnail","6":"product_cat-patisserie","7":"product_cat-vitrine-refrigeree-horizontale","8":"product_cat-vitrines","10":"first","11":"instock","12":"shipping-taxable","13":"purchasable","14":"product-type-variable","15":"col-xs-6 col-sm-4","16":"col-md-3 col-lg-3","17":"un-4-cols"},"yoast_head":"<!-- This site is optimized with the Yoast SEO plugin v26.6 - https:\/\/yoast.com\/wordpress\/plugins\/seo\/ -->\n<title>Vitrine \u00e0 p\u00e2tisserie Kibuk - par Mastercool | Italia Machines<\/title>\n<meta name=\"robots\" content=\"index, follow, max-snippet:-1, max-image-preview:large, max-video-preview:-1\" \/>\n<link rel=\"canonical\" href=\"https:\/\/italiamachines.com\/en\/boutique\/boulangerie-et-patisserie\/patisserie\/vitrines\/vitrine-refrigeree-horizontale\/vitrine-a-patisserie-kibuk-par-mastercool-italie-2m\/\" \/>\n<meta property=\"og:locale\" content=\"en_US\" \/>\n<meta property=\"og:type\" content=\"article\" \/>\n<meta property=\"og:title\" content=\"Vitrine \u00e0 p\u00e2tisserie Kibuk - par Mastercool | Italia Machines\" \/>\n<meta property=\"og:description\" content=\"Id\u00e9al pour les endroits \u00e9troits. Encombrement r\u00e9duit (seulement 900 mm de profondeur). Technologie, conception et production italiennes. Installation facile. Faible consommation d&rsquo;\u00e9nergie et faible impact sur l&rsquo;environnement. Plateau en t\u00f4le d&rsquo;acier blanc pr\u00e9-peint alimentaire avec isolation en mousse de polyur\u00e9thane sans utilisation de CFC. Parois lat\u00e9rales thermoform\u00e9es et isol\u00e9es (\u00e9paisseur 50 mm chacune) avec panneau&hellip;\" \/>\n<meta property=\"og:url\" content=\"https:\/\/italiamachines.com\/en\/boutique\/boulangerie-et-patisserie\/patisserie\/vitrines\/vitrine-refrigeree-horizontale\/vitrine-a-patisserie-kibuk-par-mastercool-italie-2m\/\" \/>\n<meta property=\"og:site_name\" content=\"Italia Machines\" \/>\n<meta property=\"article:publisher\" content=\"https:\/\/web.facebook.com\/italiamachines\/\" \/>\n<meta property=\"article:modified_time\" content=\"2024-09-30T22:42:17+00:00\" \/>\n<meta property=\"og:image\" content=\"https:\/\/italiamachines.com\/wp-content\/uploads\/2023\/08\/laaaaaaa-1.jpg\" \/>\n\t<meta property=\"og:image:width\" content=\"1170\" \/>\n\t<meta property=\"og:image:height\" content=\"2080\" \/>\n\t<meta property=\"og:image:type\" content=\"image\/jpeg\" \/>\n<meta name=\"twitter:card\" content=\"summary_large_image\" \/>\n<meta name=\"twitter:label1\" content=\"Est. reading time\" \/>\n\t<meta name=\"twitter:data1\" content=\"1 minute\" \/>\n<script type=\"application\/ld+json\" class=\"yoast-schema-graph\">{\"@context\":\"https:\/\/schema.org\",\"@graph\":[{\"@type\":\"WebPage\",\"@id\":\"https:\/\/italiamachines.com\/boutique\/boulangerie-et-patisserie\/patisserie\/vitrines\/vitrine-refrigeree-horizontale\/vitrine-a-patisserie-kibuk-par-mastercool-italie-2m\/\",\"url\":\"https:\/\/italiamachines.com\/boutique\/boulangerie-et-patisserie\/patisserie\/vitrines\/vitrine-refrigeree-horizontale\/vitrine-a-patisserie-kibuk-par-mastercool-italie-2m\/\",\"name\":\"Vitrine \u00e0 p\u00e2tisserie Kibuk - par Mastercool | Italia Machines\",\"isPartOf\":{\"@id\":\"https:\/\/italiamachines.com\/#website\"},\"primaryImageOfPage\":{\"@id\":\"https:\/\/italiamachines.com\/boutique\/boulangerie-et-patisserie\/patisserie\/vitrines\/vitrine-refrigeree-horizontale\/vitrine-a-patisserie-kibuk-par-mastercool-italie-2m\/#primaryimage\"},\"image\":{\"@id\":\"https:\/\/italiamachines.com\/boutique\/boulangerie-et-patisserie\/patisserie\/vitrines\/vitrine-refrigeree-horizontale\/vitrine-a-patisserie-kibuk-par-mastercool-italie-2m\/#primaryimage\"},\"thumbnailUrl\":\"https:\/\/italiamachines.com\/wp-content\/uploads\/2023\/08\/laaaaaaa-1.jpg\",\"datePublished\":\"2023-08-02T16:40:24+00:00\",\"dateModified\":\"2024-09-30T22:42:17+00:00\",\"breadcrumb\":{\"@id\":\"https:\/\/italiamachines.com\/boutique\/boulangerie-et-patisserie\/patisserie\/vitrines\/vitrine-refrigeree-horizontale\/vitrine-a-patisserie-kibuk-par-mastercool-italie-2m\/#breadcrumb\"},\"inLanguage\":\"en-US\",\"potentialAction\":[{\"@type\":\"ReadAction\",\"target\":[\"https:\/\/italiamachines.com\/boutique\/boulangerie-et-patisserie\/patisserie\/vitrines\/vitrine-refrigeree-horizontale\/vitrine-a-patisserie-kibuk-par-mastercool-italie-2m\/\"]}]},{\"@type\":\"ImageObject\",\"inLanguage\":\"en-US\",\"@id\":\"https:\/\/italiamachines.com\/boutique\/boulangerie-et-patisserie\/patisserie\/vitrines\/vitrine-refrigeree-horizontale\/vitrine-a-patisserie-kibuk-par-mastercool-italie-2m\/#primaryimage\",\"url\":\"https:\/\/italiamachines.com\/wp-content\/uploads\/2023\/08\/laaaaaaa-1.jpg\",\"contentUrl\":\"https:\/\/italiamachines.com\/wp-content\/uploads\/2023\/08\/laaaaaaa-1.jpg\",\"width\":1170,\"height\":2080},{\"@type\":\"BreadcrumbList\",\"@id\":\"https:\/\/italiamachines.com\/boutique\/boulangerie-et-patisserie\/patisserie\/vitrines\/vitrine-refrigeree-horizontale\/vitrine-a-patisserie-kibuk-par-mastercool-italie-2m\/#breadcrumb\",\"itemListElement\":[{\"@type\":\"ListItem\",\"position\":1,\"name\":\"Accueil\",\"item\":\"https:\/\/italiamachines.com\/fr_fr\/\"},{\"@type\":\"ListItem\",\"position\":2,\"name\":\"Boutique\",\"item\":\"https:\/\/italiamachines.com\/boutique\/\"},{\"@type\":\"ListItem\",\"position\":3,\"name\":\"Vitrine \u00e0 p\u00e2tisserie Kibuk &#8211; par Mastercool\"}]},{\"@type\":\"WebSite\",\"@id\":\"https:\/\/italiamachines.com\/#website\",\"url\":\"https:\/\/italiamachines.com\/\",\"name\":\"Italia Machines\",\"description\":\"L&#039;art de l&#039;\u00e9quipement HORECA\",\"publisher\":{\"@id\":\"https:\/\/italiamachines.com\/#organization\"},\"potentialAction\":[{\"@type\":\"SearchAction\",\"target\":{\"@type\":\"EntryPoint\",\"urlTemplate\":\"https:\/\/italiamachines.com\/?s={search_term_string}\"},\"query-input\":{\"@type\":\"PropertyValueSpecification\",\"valueRequired\":true,\"valueName\":\"search_term_string\"}}],\"inLanguage\":\"en-US\"},{\"@type\":\"Organization\",\"@id\":\"https:\/\/italiamachines.com\/#organization\",\"name\":\"italiamachines\",\"url\":\"https:\/\/italiamachines.com\/\",\"logo\":{\"@type\":\"ImageObject\",\"inLanguage\":\"en-US\",\"@id\":\"https:\/\/italiamachines.com\/#\/schema\/logo\/image\/\",\"url\":\"https:\/\/italiamachines.com\/wp-content\/uploads\/2023\/08\/logo-web-1.png\",\"contentUrl\":\"https:\/\/italiamachines.com\/wp-content\/uploads\/2023\/08\/logo-web-1.png\",\"width\":977,\"height\":254,\"caption\":\"italiamachines\"},\"image\":{\"@id\":\"https:\/\/italiamachines.com\/#\/schema\/logo\/image\/\"},\"sameAs\":[\"https:\/\/web.facebook.com\/italiamachines\/\",\"https:\/\/www.instagram.com\/italia.machines\/\"]}]}<\/script>\n<!-- \/ Yoast SEO plugin. -->","yoast_head_json":{"title":"Vitrine \u00e0 p\u00e2tisserie Kibuk - par Mastercool | Italia Machines","robots":{"index":"index","follow":"follow","max-snippet":"max-snippet:-1","max-image-preview":"max-image-preview:large","max-video-preview":"max-video-preview:-1"},"canonical":"https:\/\/italiamachines.com\/en\/boutique\/boulangerie-et-patisserie\/patisserie\/vitrines\/vitrine-refrigeree-horizontale\/vitrine-a-patisserie-kibuk-par-mastercool-italie-2m\/","og_locale":"en_US","og_type":"article","og_title":"Vitrine \u00e0 p\u00e2tisserie Kibuk - par Mastercool | Italia Machines","og_description":"Id\u00e9al pour les endroits \u00e9troits. Encombrement r\u00e9duit (seulement 900 mm de profondeur). Technologie, conception et production italiennes. Installation facile. Faible consommation d&rsquo;\u00e9nergie et faible impact sur l&rsquo;environnement. Plateau en t\u00f4le d&rsquo;acier blanc pr\u00e9-peint alimentaire avec isolation en mousse de polyur\u00e9thane sans utilisation de CFC. Parois lat\u00e9rales thermoform\u00e9es et isol\u00e9es (\u00e9paisseur 50 mm chacune) avec panneau&hellip;","og_url":"https:\/\/italiamachines.com\/en\/boutique\/boulangerie-et-patisserie\/patisserie\/vitrines\/vitrine-refrigeree-horizontale\/vitrine-a-patisserie-kibuk-par-mastercool-italie-2m\/","og_site_name":"Italia Machines","article_publisher":"https:\/\/web.facebook.com\/italiamachines\/","article_modified_time":"2024-09-30T22:42:17+00:00","og_image":[{"width":1170,"height":2080,"url":"https:\/\/italiamachines.com\/wp-content\/uploads\/2023\/08\/laaaaaaa-1.jpg","type":"image\/jpeg"}],"twitter_card":"summary_large_image","twitter_misc":{"Est. reading time":"1 minute"},"schema":{"@context":"https:\/\/schema.org","@graph":[{"@type":"WebPage","@id":"https:\/\/italiamachines.com\/boutique\/boulangerie-et-patisserie\/patisserie\/vitrines\/vitrine-refrigeree-horizontale\/vitrine-a-patisserie-kibuk-par-mastercool-italie-2m\/","url":"https:\/\/italiamachines.com\/boutique\/boulangerie-et-patisserie\/patisserie\/vitrines\/vitrine-refrigeree-horizontale\/vitrine-a-patisserie-kibuk-par-mastercool-italie-2m\/","name":"Vitrine \u00e0 p\u00e2tisserie Kibuk - par Mastercool | Italia Machines","isPartOf":{"@id":"https:\/\/italiamachines.com\/#website"},"primaryImageOfPage":{"@id":"https:\/\/italiamachines.com\/boutique\/boulangerie-et-patisserie\/patisserie\/vitrines\/vitrine-refrigeree-horizontale\/vitrine-a-patisserie-kibuk-par-mastercool-italie-2m\/#primaryimage"},"image":{"@id":"https:\/\/italiamachines.com\/boutique\/boulangerie-et-patisserie\/patisserie\/vitrines\/vitrine-refrigeree-horizontale\/vitrine-a-patisserie-kibuk-par-mastercool-italie-2m\/#primaryimage"},"thumbnailUrl":"https:\/\/italiamachines.com\/wp-content\/uploads\/2023\/08\/laaaaaaa-1.jpg","datePublished":"2023-08-02T16:40:24+00:00","dateModified":"2024-09-30T22:42:17+00:00","breadcrumb":{"@id":"https:\/\/italiamachines.com\/boutique\/boulangerie-et-patisserie\/patisserie\/vitrines\/vitrine-refrigeree-horizontale\/vitrine-a-patisserie-kibuk-par-mastercool-italie-2m\/#breadcrumb"},"inLanguage":"en-US","potentialAction":[{"@type":"ReadAction","target":["https:\/\/italiamachines.com\/boutique\/boulangerie-et-patisserie\/patisserie\/vitrines\/vitrine-refrigeree-horizontale\/vitrine-a-patisserie-kibuk-par-mastercool-italie-2m\/"]}]},{"@type":"ImageObject","inLanguage":"en-US","@id":"https:\/\/italiamachines.com\/boutique\/boulangerie-et-patisserie\/patisserie\/vitrines\/vitrine-refrigeree-horizontale\/vitrine-a-patisserie-kibuk-par-mastercool-italie-2m\/#primaryimage","url":"https:\/\/italiamachines.com\/wp-content\/uploads\/2023\/08\/laaaaaaa-1.jpg","contentUrl":"https:\/\/italiamachines.com\/wp-content\/uploads\/2023\/08\/laaaaaaa-1.jpg","width":1170,"height":2080},{"@type":"BreadcrumbList","@id":"https:\/\/italiamachines.com\/boutique\/boulangerie-et-patisserie\/patisserie\/vitrines\/vitrine-refrigeree-horizontale\/vitrine-a-patisserie-kibuk-par-mastercool-italie-2m\/#breadcrumb","itemListElement":[{"@type":"ListItem","position":1,"name":"Accueil","item":"https:\/\/italiamachines.com\/fr_fr\/"},{"@type":"ListItem","position":2,"name":"Boutique","item":"https:\/\/italiamachines.com\/boutique\/"},{"@type":"ListItem","position":3,"name":"Vitrine \u00e0 p\u00e2tisserie Kibuk &#8211; par Mastercool"}]},{"@type":"WebSite","@id":"https:\/\/italiamachines.com\/#website","url":"https:\/\/italiamachines.com\/","name":"Italia Machines","description":"L&#039;art de l&#039;\u00e9quipement HORECA","publisher":{"@id":"https:\/\/italiamachines.com\/#organization"},"potentialAction":[{"@type":"SearchAction","target":{"@type":"EntryPoint","urlTemplate":"https:\/\/italiamachines.com\/?s={search_term_string}"},"query-input":{"@type":"PropertyValueSpecification","valueRequired":true,"valueName":"search_term_string"}}],"inLanguage":"en-US"},{"@type":"Organization","@id":"https:\/\/italiamachines.com\/#organization","name":"italiamachines","url":"https:\/\/italiamachines.com\/","logo":{"@type":"ImageObject","inLanguage":"en-US","@id":"https:\/\/italiamachines.com\/#\/schema\/logo\/image\/","url":"https:\/\/italiamachines.com\/wp-content\/uploads\/2023\/08\/logo-web-1.png","contentUrl":"https:\/\/italiamachines.com\/wp-content\/uploads\/2023\/08\/logo-web-1.png","width":977,"height":254,"caption":"italiamachines"},"image":{"@id":"https:\/\/italiamachines.com\/#\/schema\/logo\/image\/"},"sameAs":["https:\/\/web.facebook.com\/italiamachines\/","https:\/\/www.instagram.com\/italia.machines\/"]}]}},"_links":{"self":[{"href":"https:\/\/italiamachines.com\/en\/wp-json\/wp\/v2\/product\/5806","targetHints":{"allow":["GET"]}}],"collection":[{"href":"https:\/\/italiamachines.com\/en\/wp-json\/wp\/v2\/product"}],"about":[{"href":"https:\/\/italiamachines.com\/en\/wp-json\/wp\/v2\/types\/product"}],"replies":[{"embeddable":true,"href":"https:\/\/italiamachines.com\/en\/wp-json\/wp\/v2\/comments?post=5806"}],"wp:featuredmedia":[{"embeddable":true,"href":"https:\/\/italiamachines.com\/en\/wp-json\/wp\/v2\/media\/6353"}],"wp:attachment":[{"href":"https:\/\/italiamachines.com\/en\/wp-json\/wp\/v2\/media?parent=5806"}],"wp:term":[{"taxonomy":"product_cat","embeddable":true,"href":"https:\/\/italiamachines.com\/en\/wp-json\/wp\/v2\/product_cat?post=5806"},{"taxonomy":"product_tag","embeddable":true,"href":"https:\/\/italiamachines.com\/en\/wp-json\/wp\/v2\/product_tag?post=5806"}],"curies":[{"name":"wp","href":"https:\/\/api.w.org\/{rel}","templated":true}]}}