{"id":6225,"date":"2023-08-09T14:02:16","date_gmt":"2023-08-09T14:02:16","guid":{"rendered":"https:\/\/prod.italiamachines.com\/?post_type=product&#038;p=6225"},"modified":"2024-09-22T00:50:59","modified_gmt":"2024-09-21T22:50:59","slug":"bacs-gastronomiques-gn1-2-40","status":"publish","type":"product","link":"https:\/\/italiamachines.com\/en\/boutique\/accessoires\/bacs-gastronomiques-gn1-2-40\/","title":{"rendered":"Bacs Gastronomiques GN"},"content":{"rendered":"<p>Utilis\u00e9 pour la cuisson des aliments, le stockage, le r\u00e9chauffage, l\u2019\u00e9gouttage, le transport, le refroidissement rapide en cong\u00e9lation et la pr\u00e9sentation des produits.<br \/>\nPeut passer directement du four au r\u00e9frig\u00e9rateur ou \u00e0 la surg\u00e9lation sans temps de pause.<br \/>\nEn acier inoxydable de haute qualit\u00e9<br \/>\nAdapt\u00e9 \u00e0 toutes les cuisines gastronomiques<br \/>\nFacile \u00e0 nettoyer<br \/>\nPasse au lave-vaisselle<\/p>","protected":false},"excerpt":{"rendered":"<p>Utilis\u00e9 pour la cuisson des aliments, le stockage, le r\u00e9chauffage, l\u2019\u00e9gouttage, le transport, le refroidissement rapide en cong\u00e9lation et la pr\u00e9sentation des produits. Peut passer directement du four au r\u00e9frig\u00e9rateur ou \u00e0 la surg\u00e9lation sans temps de pause. En acier inoxydable de haute qualit\u00e9 Adapt\u00e9 \u00e0 toutes les cuisines gastronomiques Facile \u00e0 nettoyer Passe au&hellip;<\/p>","protected":false},"featured_media":4581,"comment_status":"open","ping_status":"closed","template":"","meta":[],"product_cat":[57],"product_tag":[],"class_list":{"0":"post-6225","1":"product","2":"type-product","3":"status-publish","4":"has-post-thumbnail","6":"product_cat-accessoires","7":"pa_dimbac-1-1","8":"pa_dimbac-1-2","9":"pa_dimbac-1-3","10":"pa_dimbac-1-4","11":"pa_dimbac-1-6","12":"pa_profondeurbac-47","13":"pa_profondeurbac-49","14":"pa_profondeurbac-51","15":"pa_profondeurbac-52","16":"pa_profondeurbac-42","17":"pa_profondeurbac-45","18":"pa_typebac-non-perfore","19":"pa_typebac-perfore","21":"first","22":"instock","23":"shipping-taxable","24":"purchasable","25":"product-type-variable","26":"col-xs-6 col-sm-4","27":"col-md-3 col-lg-3","28":"un-4-cols"},"yoast_head":"<!-- This site is optimized with the Yoast SEO plugin v26.6 - https:\/\/yoast.com\/wordpress\/plugins\/seo\/ -->\n<title>Bacs Gastronomiques GN | Italia Machines<\/title>\n<meta name=\"robots\" content=\"index, follow, max-snippet:-1, max-image-preview:large, max-video-preview:-1\" \/>\n<link rel=\"canonical\" href=\"https:\/\/italiamachines.com\/en\/boutique\/accessoires\/bacs-gastronomiques-gn1-2-40\/\" \/>\n<meta property=\"og:locale\" content=\"en_US\" \/>\n<meta property=\"og:type\" content=\"article\" \/>\n<meta property=\"og:title\" content=\"Bacs Gastronomiques GN | Italia Machines\" \/>\n<meta property=\"og:description\" content=\"Utilis\u00e9 pour la cuisson des aliments, le stockage, le r\u00e9chauffage, l\u2019\u00e9gouttage, le transport, le refroidissement rapide en cong\u00e9lation et la pr\u00e9sentation des produits. Peut passer directement du four au r\u00e9frig\u00e9rateur ou \u00e0 la surg\u00e9lation sans temps de pause. En acier inoxydable de haute qualit\u00e9 Adapt\u00e9 \u00e0 toutes les cuisines gastronomiques Facile \u00e0 nettoyer Passe au&hellip;\" \/>\n<meta property=\"og:url\" content=\"https:\/\/italiamachines.com\/en\/boutique\/accessoires\/bacs-gastronomiques-gn1-2-40\/\" \/>\n<meta property=\"og:site_name\" content=\"Italia Machines\" \/>\n<meta property=\"article:publisher\" content=\"https:\/\/web.facebook.com\/italiamachines\/\" \/>\n<meta property=\"article:modified_time\" content=\"2024-09-21T22:50:59+00:00\" \/>\n<meta property=\"og:image\" content=\"https:\/\/italiamachines.com\/wp-content\/uploads\/2023\/07\/EMP12401.jpeg\" \/>\n\t<meta property=\"og:image:width\" content=\"800\" \/>\n\t<meta property=\"og:image:height\" content=\"800\" \/>\n\t<meta property=\"og:image:type\" content=\"image\/jpeg\" \/>\n<meta name=\"twitter:card\" content=\"summary_large_image\" \/>\n<meta name=\"twitter:label1\" content=\"Est. reading time\" \/>\n\t<meta name=\"twitter:data1\" content=\"1 minute\" \/>\n<script type=\"application\/ld+json\" class=\"yoast-schema-graph\">{\"@context\":\"https:\/\/schema.org\",\"@graph\":[{\"@type\":\"WebPage\",\"@id\":\"https:\/\/italiamachines.com\/boutique\/accessoires\/bacs-gastronomiques-gn1-2-40\/\",\"url\":\"https:\/\/italiamachines.com\/boutique\/accessoires\/bacs-gastronomiques-gn1-2-40\/\",\"name\":\"Bacs Gastronomiques GN | Italia Machines\",\"isPartOf\":{\"@id\":\"https:\/\/italiamachines.com\/#website\"},\"primaryImageOfPage\":{\"@id\":\"https:\/\/italiamachines.com\/boutique\/accessoires\/bacs-gastronomiques-gn1-2-40\/#primaryimage\"},\"image\":{\"@id\":\"https:\/\/italiamachines.com\/boutique\/accessoires\/bacs-gastronomiques-gn1-2-40\/#primaryimage\"},\"thumbnailUrl\":\"https:\/\/italiamachines.com\/wp-content\/uploads\/2023\/07\/EMP12401.jpeg\",\"datePublished\":\"2023-08-09T14:02:16+00:00\",\"dateModified\":\"2024-09-21T22:50:59+00:00\",\"breadcrumb\":{\"@id\":\"https:\/\/italiamachines.com\/boutique\/accessoires\/bacs-gastronomiques-gn1-2-40\/#breadcrumb\"},\"inLanguage\":\"en-US\",\"potentialAction\":[{\"@type\":\"ReadAction\",\"target\":[\"https:\/\/italiamachines.com\/boutique\/accessoires\/bacs-gastronomiques-gn1-2-40\/\"]}]},{\"@type\":\"ImageObject\",\"inLanguage\":\"en-US\",\"@id\":\"https:\/\/italiamachines.com\/boutique\/accessoires\/bacs-gastronomiques-gn1-2-40\/#primaryimage\",\"url\":\"https:\/\/italiamachines.com\/wp-content\/uploads\/2023\/07\/EMP12401.jpeg\",\"contentUrl\":\"https:\/\/italiamachines.com\/wp-content\/uploads\/2023\/07\/EMP12401.jpeg\",\"width\":800,\"height\":800},{\"@type\":\"BreadcrumbList\",\"@id\":\"https:\/\/italiamachines.com\/boutique\/accessoires\/bacs-gastronomiques-gn1-2-40\/#breadcrumb\",\"itemListElement\":[{\"@type\":\"ListItem\",\"position\":1,\"name\":\"Accueil\",\"item\":\"https:\/\/italiamachines.com\/fr_fr\/\"},{\"@type\":\"ListItem\",\"position\":2,\"name\":\"Boutique\",\"item\":\"https:\/\/italiamachines.com\/boutique\/\"},{\"@type\":\"ListItem\",\"position\":3,\"name\":\"Bacs Gastronomiques GN\"}]},{\"@type\":\"WebSite\",\"@id\":\"https:\/\/italiamachines.com\/#website\",\"url\":\"https:\/\/italiamachines.com\/\",\"name\":\"Italia Machines\",\"description\":\"L&#039;art de l&#039;\u00e9quipement HORECA\",\"publisher\":{\"@id\":\"https:\/\/italiamachines.com\/#organization\"},\"potentialAction\":[{\"@type\":\"SearchAction\",\"target\":{\"@type\":\"EntryPoint\",\"urlTemplate\":\"https:\/\/italiamachines.com\/?s={search_term_string}\"},\"query-input\":{\"@type\":\"PropertyValueSpecification\",\"valueRequired\":true,\"valueName\":\"search_term_string\"}}],\"inLanguage\":\"en-US\"},{\"@type\":\"Organization\",\"@id\":\"https:\/\/italiamachines.com\/#organization\",\"name\":\"italiamachines\",\"url\":\"https:\/\/italiamachines.com\/\",\"logo\":{\"@type\":\"ImageObject\",\"inLanguage\":\"en-US\",\"@id\":\"https:\/\/italiamachines.com\/#\/schema\/logo\/image\/\",\"url\":\"https:\/\/italiamachines.com\/wp-content\/uploads\/2023\/08\/logo-web-1.png\",\"contentUrl\":\"https:\/\/italiamachines.com\/wp-content\/uploads\/2023\/08\/logo-web-1.png\",\"width\":977,\"height\":254,\"caption\":\"italiamachines\"},\"image\":{\"@id\":\"https:\/\/italiamachines.com\/#\/schema\/logo\/image\/\"},\"sameAs\":[\"https:\/\/web.facebook.com\/italiamachines\/\",\"https:\/\/www.instagram.com\/italia.machines\/\"]}]}<\/script>\n<!-- \/ Yoast SEO plugin. -->","yoast_head_json":{"title":"Bacs Gastronomiques GN | Italia Machines","robots":{"index":"index","follow":"follow","max-snippet":"max-snippet:-1","max-image-preview":"max-image-preview:large","max-video-preview":"max-video-preview:-1"},"canonical":"https:\/\/italiamachines.com\/en\/boutique\/accessoires\/bacs-gastronomiques-gn1-2-40\/","og_locale":"en_US","og_type":"article","og_title":"Bacs Gastronomiques GN | Italia Machines","og_description":"Utilis\u00e9 pour la cuisson des aliments, le stockage, le r\u00e9chauffage, l\u2019\u00e9gouttage, le transport, le refroidissement rapide en cong\u00e9lation et la pr\u00e9sentation des produits. Peut passer directement du four au r\u00e9frig\u00e9rateur ou \u00e0 la surg\u00e9lation sans temps de pause. En acier inoxydable de haute qualit\u00e9 Adapt\u00e9 \u00e0 toutes les cuisines gastronomiques Facile \u00e0 nettoyer Passe au&hellip;","og_url":"https:\/\/italiamachines.com\/en\/boutique\/accessoires\/bacs-gastronomiques-gn1-2-40\/","og_site_name":"Italia Machines","article_publisher":"https:\/\/web.facebook.com\/italiamachines\/","article_modified_time":"2024-09-21T22:50:59+00:00","og_image":[{"width":800,"height":800,"url":"https:\/\/italiamachines.com\/wp-content\/uploads\/2023\/07\/EMP12401.jpeg","type":"image\/jpeg"}],"twitter_card":"summary_large_image","twitter_misc":{"Est. reading time":"1 minute"},"schema":{"@context":"https:\/\/schema.org","@graph":[{"@type":"WebPage","@id":"https:\/\/italiamachines.com\/boutique\/accessoires\/bacs-gastronomiques-gn1-2-40\/","url":"https:\/\/italiamachines.com\/boutique\/accessoires\/bacs-gastronomiques-gn1-2-40\/","name":"Bacs Gastronomiques GN | Italia Machines","isPartOf":{"@id":"https:\/\/italiamachines.com\/#website"},"primaryImageOfPage":{"@id":"https:\/\/italiamachines.com\/boutique\/accessoires\/bacs-gastronomiques-gn1-2-40\/#primaryimage"},"image":{"@id":"https:\/\/italiamachines.com\/boutique\/accessoires\/bacs-gastronomiques-gn1-2-40\/#primaryimage"},"thumbnailUrl":"https:\/\/italiamachines.com\/wp-content\/uploads\/2023\/07\/EMP12401.jpeg","datePublished":"2023-08-09T14:02:16+00:00","dateModified":"2024-09-21T22:50:59+00:00","breadcrumb":{"@id":"https:\/\/italiamachines.com\/boutique\/accessoires\/bacs-gastronomiques-gn1-2-40\/#breadcrumb"},"inLanguage":"en-US","potentialAction":[{"@type":"ReadAction","target":["https:\/\/italiamachines.com\/boutique\/accessoires\/bacs-gastronomiques-gn1-2-40\/"]}]},{"@type":"ImageObject","inLanguage":"en-US","@id":"https:\/\/italiamachines.com\/boutique\/accessoires\/bacs-gastronomiques-gn1-2-40\/#primaryimage","url":"https:\/\/italiamachines.com\/wp-content\/uploads\/2023\/07\/EMP12401.jpeg","contentUrl":"https:\/\/italiamachines.com\/wp-content\/uploads\/2023\/07\/EMP12401.jpeg","width":800,"height":800},{"@type":"BreadcrumbList","@id":"https:\/\/italiamachines.com\/boutique\/accessoires\/bacs-gastronomiques-gn1-2-40\/#breadcrumb","itemListElement":[{"@type":"ListItem","position":1,"name":"Accueil","item":"https:\/\/italiamachines.com\/fr_fr\/"},{"@type":"ListItem","position":2,"name":"Boutique","item":"https:\/\/italiamachines.com\/boutique\/"},{"@type":"ListItem","position":3,"name":"Bacs Gastronomiques GN"}]},{"@type":"WebSite","@id":"https:\/\/italiamachines.com\/#website","url":"https:\/\/italiamachines.com\/","name":"Italia Machines","description":"L&#039;art de l&#039;\u00e9quipement HORECA","publisher":{"@id":"https:\/\/italiamachines.com\/#organization"},"potentialAction":[{"@type":"SearchAction","target":{"@type":"EntryPoint","urlTemplate":"https:\/\/italiamachines.com\/?s={search_term_string}"},"query-input":{"@type":"PropertyValueSpecification","valueRequired":true,"valueName":"search_term_string"}}],"inLanguage":"en-US"},{"@type":"Organization","@id":"https:\/\/italiamachines.com\/#organization","name":"italiamachines","url":"https:\/\/italiamachines.com\/","logo":{"@type":"ImageObject","inLanguage":"en-US","@id":"https:\/\/italiamachines.com\/#\/schema\/logo\/image\/","url":"https:\/\/italiamachines.com\/wp-content\/uploads\/2023\/08\/logo-web-1.png","contentUrl":"https:\/\/italiamachines.com\/wp-content\/uploads\/2023\/08\/logo-web-1.png","width":977,"height":254,"caption":"italiamachines"},"image":{"@id":"https:\/\/italiamachines.com\/#\/schema\/logo\/image\/"},"sameAs":["https:\/\/web.facebook.com\/italiamachines\/","https:\/\/www.instagram.com\/italia.machines\/"]}]}},"_links":{"self":[{"href":"https:\/\/italiamachines.com\/en\/wp-json\/wp\/v2\/product\/6225","targetHints":{"allow":["GET"]}}],"collection":[{"href":"https:\/\/italiamachines.com\/en\/wp-json\/wp\/v2\/product"}],"about":[{"href":"https:\/\/italiamachines.com\/en\/wp-json\/wp\/v2\/types\/product"}],"replies":[{"embeddable":true,"href":"https:\/\/italiamachines.com\/en\/wp-json\/wp\/v2\/comments?post=6225"}],"wp:featuredmedia":[{"embeddable":true,"href":"https:\/\/italiamachines.com\/en\/wp-json\/wp\/v2\/media\/4581"}],"wp:attachment":[{"href":"https:\/\/italiamachines.com\/en\/wp-json\/wp\/v2\/media?parent=6225"}],"wp:term":[{"taxonomy":"product_cat","embeddable":true,"href":"https:\/\/italiamachines.com\/en\/wp-json\/wp\/v2\/product_cat?post=6225"},{"taxonomy":"product_tag","embeddable":true,"href":"https:\/\/italiamachines.com\/en\/wp-json\/wp\/v2\/product_tag?post=6225"}],"curies":[{"name":"wp","href":"https:\/\/api.w.org\/{rel}","templated":true}]}}