{"id":10683,"date":"2025-04-15T22:23:33","date_gmt":"2025-04-15T20:23:33","guid":{"rendered":"https:\/\/italiamachines.com\/?post_type=product&#038;p=10683"},"modified":"2025-04-15T22:25:55","modified_gmt":"2025-04-15T20:25:55","slug":"toasteur-double-33-220v-par-almison","status":"publish","type":"product","link":"https:\/\/italiamachines.com\/fr_fr\/boutique\/cafe-glacier-lecheria\/glacier-lecheria\/toasteur-double-33-220v-par-almison\/","title":{"rendered":"Toasteur double (3+3) 220V &#8211; Par Almison"},"content":{"rendered":"<p>Toasteur \u00e9lectrique \u00e0 2 \u00e9tages, enti\u00e8rement construit en acier inoxydable. \u00c9quip\u00e9 d\u2019interrupteurs d\u2019alimentation, d\u2019une grille amovible, d\u2019un tiroir \u00e0 miettes et d\u2019un minuteur pour une utilisation pratique et efficace.<\/p>\n<p>D\u00e9tails techniques :<br \/>\n\u2022 Puissance : 1,8 kW<br \/>\n\u2022 Dimensions : 355 x 255 x 400 mm (L x l x H)<br \/>\n\u2022 Fonctionnement : \u00e9lectrique<\/p>\n","protected":false},"excerpt":{"rendered":"<p>Toasteur \u00e9lectrique \u00e0 2 \u00e9tages, enti\u00e8rement construit en acier inoxydable. \u00c9quip\u00e9 d\u2019interrupteurs d\u2019alimentation, d\u2019une grille amovible, d\u2019un tiroir \u00e0 miettes et d\u2019un minuteur pour une utilisation pratique et efficace. D\u00e9tails techniques : \u2022 Puissance : 1,8 kW \u2022 Dimensions : 355 x 255 x 400 mm (L x l x H) \u2022 Fonctionnement : \u00e9lectrique<\/p>\n","protected":false},"featured_media":10685,"comment_status":"open","ping_status":"closed","template":"","meta":[],"product_cat":[160,65,80,82,112,136],"product_tag":[],"class_list":{"0":"post-10683","1":"product","2":"type-product","3":"status-publish","4":"has-post-thumbnail","6":"product_cat-cafe-lecheria","7":"product_cat-cafe-glacier-lecheria","8":"product_cat-glacier-lecheria","9":"product_cat-hotel","10":"product_cat-restaurant-snack-et-pizzeria","11":"product_cat-toaster","13":"first","14":"instock","15":"shipping-taxable","16":"purchasable","17":"product-type-simple","18":"col-xs-6 col-sm-4","19":"col-md-3 col-lg-3","20":"un-4-cols"},"yoast_head":"<!-- This site is optimized with the Yoast SEO plugin v26.6 - https:\/\/yoast.com\/wordpress\/plugins\/seo\/ -->\n<title>Toasteur double (3+3) 220V - Par Almison | Italia Machines<\/title>\n<meta name=\"robots\" content=\"index, follow, max-snippet:-1, max-image-preview:large, max-video-preview:-1\" \/>\n<link rel=\"canonical\" href=\"https:\/\/italiamachines.com\/fr_fr\/boutique\/cafe-glacier-lecheria\/glacier-lecheria\/toasteur-double-33-220v-par-almison\/\" \/>\n<meta property=\"og:locale\" content=\"fr_FR\" \/>\n<meta property=\"og:type\" content=\"article\" \/>\n<meta property=\"og:title\" content=\"Toasteur double (3+3) 220V - Par Almison | Italia Machines\" \/>\n<meta property=\"og:description\" content=\"Toasteur \u00e9lectrique \u00e0 2 \u00e9tages, enti\u00e8rement construit en acier inoxydable. \u00c9quip\u00e9 d\u2019interrupteurs d\u2019alimentation, d\u2019une grille amovible, d\u2019un tiroir \u00e0 miettes et d\u2019un minuteur pour une utilisation pratique et efficace. D\u00e9tails techniques : \u2022 Puissance : 1,8 kW \u2022 Dimensions : 355 x 255 x 400 mm (L x l x H) \u2022 Fonctionnement : \u00e9lectrique\" \/>\n<meta property=\"og:url\" content=\"https:\/\/italiamachines.com\/fr_fr\/boutique\/cafe-glacier-lecheria\/glacier-lecheria\/toasteur-double-33-220v-par-almison\/\" \/>\n<meta property=\"og:site_name\" content=\"Italia Machines\" \/>\n<meta property=\"article:publisher\" content=\"https:\/\/web.facebook.com\/italiamachines\/\" \/>\n<meta property=\"article:modified_time\" content=\"2025-04-15T20:25:55+00:00\" \/>\n<meta property=\"og:image\" content=\"https:\/\/italiamachines.com\/wp-content\/uploads\/2025\/04\/AL33.png\" \/>\n\t<meta property=\"og:image:width\" content=\"327\" \/>\n\t<meta property=\"og:image:height\" content=\"336\" \/>\n\t<meta property=\"og:image:type\" content=\"image\/png\" \/>\n<meta name=\"twitter:card\" content=\"summary_large_image\" \/>\n<meta name=\"twitter:label1\" content=\"Dur\u00e9e de lecture estim\u00e9e\" \/>\n\t<meta name=\"twitter:data1\" content=\"1 minute\" \/>\n<script type=\"application\/ld+json\" class=\"yoast-schema-graph\">{\"@context\":\"https:\/\/schema.org\",\"@graph\":[{\"@type\":\"WebPage\",\"@id\":\"https:\/\/italiamachines.com\/boutique\/cafe-glacier-lecheria\/glacier-lecheria\/toasteur-double-33-220v-par-almison\/\",\"url\":\"https:\/\/italiamachines.com\/boutique\/cafe-glacier-lecheria\/glacier-lecheria\/toasteur-double-33-220v-par-almison\/\",\"name\":\"Toasteur double (3+3) 220V - Par Almison | Italia Machines\",\"isPartOf\":{\"@id\":\"https:\/\/italiamachines.com\/#website\"},\"primaryImageOfPage\":{\"@id\":\"https:\/\/italiamachines.com\/boutique\/cafe-glacier-lecheria\/glacier-lecheria\/toasteur-double-33-220v-par-almison\/#primaryimage\"},\"image\":{\"@id\":\"https:\/\/italiamachines.com\/boutique\/cafe-glacier-lecheria\/glacier-lecheria\/toasteur-double-33-220v-par-almison\/#primaryimage\"},\"thumbnailUrl\":\"https:\/\/italiamachines.com\/wp-content\/uploads\/2025\/04\/AL33.png\",\"datePublished\":\"2025-04-15T20:23:33+00:00\",\"dateModified\":\"2025-04-15T20:25:55+00:00\",\"breadcrumb\":{\"@id\":\"https:\/\/italiamachines.com\/boutique\/cafe-glacier-lecheria\/glacier-lecheria\/toasteur-double-33-220v-par-almison\/#breadcrumb\"},\"inLanguage\":\"fr-FR\",\"potentialAction\":[{\"@type\":\"ReadAction\",\"target\":[\"https:\/\/italiamachines.com\/boutique\/cafe-glacier-lecheria\/glacier-lecheria\/toasteur-double-33-220v-par-almison\/\"]}]},{\"@type\":\"ImageObject\",\"inLanguage\":\"fr-FR\",\"@id\":\"https:\/\/italiamachines.com\/boutique\/cafe-glacier-lecheria\/glacier-lecheria\/toasteur-double-33-220v-par-almison\/#primaryimage\",\"url\":\"https:\/\/italiamachines.com\/wp-content\/uploads\/2025\/04\/AL33.png\",\"contentUrl\":\"https:\/\/italiamachines.com\/wp-content\/uploads\/2025\/04\/AL33.png\",\"width\":327,\"height\":336},{\"@type\":\"BreadcrumbList\",\"@id\":\"https:\/\/italiamachines.com\/boutique\/cafe-glacier-lecheria\/glacier-lecheria\/toasteur-double-33-220v-par-almison\/#breadcrumb\",\"itemListElement\":[{\"@type\":\"ListItem\",\"position\":1,\"name\":\"Accueil\",\"item\":\"https:\/\/italiamachines.com\/fr_fr\/\"},{\"@type\":\"ListItem\",\"position\":2,\"name\":\"Boutique\",\"item\":\"https:\/\/italiamachines.com\/boutique\/\"},{\"@type\":\"ListItem\",\"position\":3,\"name\":\"Toasteur double (3+3) 220V &#8211; Par Almison\"}]},{\"@type\":\"WebSite\",\"@id\":\"https:\/\/italiamachines.com\/#website\",\"url\":\"https:\/\/italiamachines.com\/\",\"name\":\"Italia Machines\",\"description\":\"L&#039;art de l&#039;\u00e9quipement HORECA\",\"publisher\":{\"@id\":\"https:\/\/italiamachines.com\/#organization\"},\"potentialAction\":[{\"@type\":\"SearchAction\",\"target\":{\"@type\":\"EntryPoint\",\"urlTemplate\":\"https:\/\/italiamachines.com\/?s={search_term_string}\"},\"query-input\":{\"@type\":\"PropertyValueSpecification\",\"valueRequired\":true,\"valueName\":\"search_term_string\"}}],\"inLanguage\":\"fr-FR\"},{\"@type\":\"Organization\",\"@id\":\"https:\/\/italiamachines.com\/#organization\",\"name\":\"italiamachines\",\"url\":\"https:\/\/italiamachines.com\/\",\"logo\":{\"@type\":\"ImageObject\",\"inLanguage\":\"fr-FR\",\"@id\":\"https:\/\/italiamachines.com\/#\/schema\/logo\/image\/\",\"url\":\"https:\/\/italiamachines.com\/wp-content\/uploads\/2023\/08\/logo-web-1.png\",\"contentUrl\":\"https:\/\/italiamachines.com\/wp-content\/uploads\/2023\/08\/logo-web-1.png\",\"width\":977,\"height\":254,\"caption\":\"italiamachines\"},\"image\":{\"@id\":\"https:\/\/italiamachines.com\/#\/schema\/logo\/image\/\"},\"sameAs\":[\"https:\/\/web.facebook.com\/italiamachines\/\",\"https:\/\/www.instagram.com\/italia.machines\/\"]}]}<\/script>\n<!-- \/ Yoast SEO plugin. -->","yoast_head_json":{"title":"Toasteur double (3+3) 220V - Par Almison | Italia Machines","robots":{"index":"index","follow":"follow","max-snippet":"max-snippet:-1","max-image-preview":"max-image-preview:large","max-video-preview":"max-video-preview:-1"},"canonical":"https:\/\/italiamachines.com\/fr_fr\/boutique\/cafe-glacier-lecheria\/glacier-lecheria\/toasteur-double-33-220v-par-almison\/","og_locale":"fr_FR","og_type":"article","og_title":"Toasteur double (3+3) 220V - Par Almison | Italia Machines","og_description":"Toasteur \u00e9lectrique \u00e0 2 \u00e9tages, enti\u00e8rement construit en acier inoxydable. \u00c9quip\u00e9 d\u2019interrupteurs d\u2019alimentation, d\u2019une grille amovible, d\u2019un tiroir \u00e0 miettes et d\u2019un minuteur pour une utilisation pratique et efficace. D\u00e9tails techniques : \u2022 Puissance : 1,8 kW \u2022 Dimensions : 355 x 255 x 400 mm (L x l x H) \u2022 Fonctionnement : \u00e9lectrique","og_url":"https:\/\/italiamachines.com\/fr_fr\/boutique\/cafe-glacier-lecheria\/glacier-lecheria\/toasteur-double-33-220v-par-almison\/","og_site_name":"Italia Machines","article_publisher":"https:\/\/web.facebook.com\/italiamachines\/","article_modified_time":"2025-04-15T20:25:55+00:00","og_image":[{"width":327,"height":336,"url":"https:\/\/italiamachines.com\/wp-content\/uploads\/2025\/04\/AL33.png","type":"image\/png"}],"twitter_card":"summary_large_image","twitter_misc":{"Dur\u00e9e de lecture estim\u00e9e":"1 minute"},"schema":{"@context":"https:\/\/schema.org","@graph":[{"@type":"WebPage","@id":"https:\/\/italiamachines.com\/boutique\/cafe-glacier-lecheria\/glacier-lecheria\/toasteur-double-33-220v-par-almison\/","url":"https:\/\/italiamachines.com\/boutique\/cafe-glacier-lecheria\/glacier-lecheria\/toasteur-double-33-220v-par-almison\/","name":"Toasteur double (3+3) 220V - Par Almison | Italia Machines","isPartOf":{"@id":"https:\/\/italiamachines.com\/#website"},"primaryImageOfPage":{"@id":"https:\/\/italiamachines.com\/boutique\/cafe-glacier-lecheria\/glacier-lecheria\/toasteur-double-33-220v-par-almison\/#primaryimage"},"image":{"@id":"https:\/\/italiamachines.com\/boutique\/cafe-glacier-lecheria\/glacier-lecheria\/toasteur-double-33-220v-par-almison\/#primaryimage"},"thumbnailUrl":"https:\/\/italiamachines.com\/wp-content\/uploads\/2025\/04\/AL33.png","datePublished":"2025-04-15T20:23:33+00:00","dateModified":"2025-04-15T20:25:55+00:00","breadcrumb":{"@id":"https:\/\/italiamachines.com\/boutique\/cafe-glacier-lecheria\/glacier-lecheria\/toasteur-double-33-220v-par-almison\/#breadcrumb"},"inLanguage":"fr-FR","potentialAction":[{"@type":"ReadAction","target":["https:\/\/italiamachines.com\/boutique\/cafe-glacier-lecheria\/glacier-lecheria\/toasteur-double-33-220v-par-almison\/"]}]},{"@type":"ImageObject","inLanguage":"fr-FR","@id":"https:\/\/italiamachines.com\/boutique\/cafe-glacier-lecheria\/glacier-lecheria\/toasteur-double-33-220v-par-almison\/#primaryimage","url":"https:\/\/italiamachines.com\/wp-content\/uploads\/2025\/04\/AL33.png","contentUrl":"https:\/\/italiamachines.com\/wp-content\/uploads\/2025\/04\/AL33.png","width":327,"height":336},{"@type":"BreadcrumbList","@id":"https:\/\/italiamachines.com\/boutique\/cafe-glacier-lecheria\/glacier-lecheria\/toasteur-double-33-220v-par-almison\/#breadcrumb","itemListElement":[{"@type":"ListItem","position":1,"name":"Accueil","item":"https:\/\/italiamachines.com\/fr_fr\/"},{"@type":"ListItem","position":2,"name":"Boutique","item":"https:\/\/italiamachines.com\/boutique\/"},{"@type":"ListItem","position":3,"name":"Toasteur double (3+3) 220V &#8211; Par Almison"}]},{"@type":"WebSite","@id":"https:\/\/italiamachines.com\/#website","url":"https:\/\/italiamachines.com\/","name":"Italia Machines","description":"L&#039;art de l&#039;\u00e9quipement HORECA","publisher":{"@id":"https:\/\/italiamachines.com\/#organization"},"potentialAction":[{"@type":"SearchAction","target":{"@type":"EntryPoint","urlTemplate":"https:\/\/italiamachines.com\/?s={search_term_string}"},"query-input":{"@type":"PropertyValueSpecification","valueRequired":true,"valueName":"search_term_string"}}],"inLanguage":"fr-FR"},{"@type":"Organization","@id":"https:\/\/italiamachines.com\/#organization","name":"italiamachines","url":"https:\/\/italiamachines.com\/","logo":{"@type":"ImageObject","inLanguage":"fr-FR","@id":"https:\/\/italiamachines.com\/#\/schema\/logo\/image\/","url":"https:\/\/italiamachines.com\/wp-content\/uploads\/2023\/08\/logo-web-1.png","contentUrl":"https:\/\/italiamachines.com\/wp-content\/uploads\/2023\/08\/logo-web-1.png","width":977,"height":254,"caption":"italiamachines"},"image":{"@id":"https:\/\/italiamachines.com\/#\/schema\/logo\/image\/"},"sameAs":["https:\/\/web.facebook.com\/italiamachines\/","https:\/\/www.instagram.com\/italia.machines\/"]}]}},"_links":{"self":[{"href":"https:\/\/italiamachines.com\/fr_fr\/wp-json\/wp\/v2\/product\/10683","targetHints":{"allow":["GET"]}}],"collection":[{"href":"https:\/\/italiamachines.com\/fr_fr\/wp-json\/wp\/v2\/product"}],"about":[{"href":"https:\/\/italiamachines.com\/fr_fr\/wp-json\/wp\/v2\/types\/product"}],"replies":[{"embeddable":true,"href":"https:\/\/italiamachines.com\/fr_fr\/wp-json\/wp\/v2\/comments?post=10683"}],"wp:featuredmedia":[{"embeddable":true,"href":"https:\/\/italiamachines.com\/fr_fr\/wp-json\/wp\/v2\/media\/10685"}],"wp:attachment":[{"href":"https:\/\/italiamachines.com\/fr_fr\/wp-json\/wp\/v2\/media?parent=10683"}],"wp:term":[{"taxonomy":"product_cat","embeddable":true,"href":"https:\/\/italiamachines.com\/fr_fr\/wp-json\/wp\/v2\/product_cat?post=10683"},{"taxonomy":"product_tag","embeddable":true,"href":"https:\/\/italiamachines.com\/fr_fr\/wp-json\/wp\/v2\/product_tag?post=10683"}],"curies":[{"name":"wp","href":"https:\/\/api.w.org\/{rel}","templated":true}]}}