{"id":10713,"date":"2025-04-17T00:20:48","date_gmt":"2025-04-16T22:20:48","guid":{"rendered":"https:\/\/italiamachines.com\/?post_type=product&#038;p=10713"},"modified":"2025-04-17T00:20:48","modified_gmt":"2025-04-16T22:20:48","slug":"hachoir-refrigere-avec-application-reconstitueuse-semi-automatique-par-par-minerva-omega-group","status":"publish","type":"product","link":"https:\/\/italiamachines.com\/fr_fr\/boutique\/boucherie\/hachoir-a-viandes\/hachoir-refrigere-avec-application-reconstitueuse-semi-automatique-par-par-minerva-omega-group\/","title":{"rendered":"Hachoir r\u00e9frig\u00e9r\u00e9 avec application reconstitueuse semi-automatique &#8211; par PAR MINERVA OMEGA GROUP"},"content":{"rendered":"<p>Application reconstitueuse semi-automatique (versions \u201cRH\u201d)<br \/>\nCarrosserie, tr\u00e9mie, goulotte interne, vis sans fin, volant : acier inox<br \/>\nCouvercle : plexiglas transparent de s\u00e9rie<br \/>\nFonctions : Marche \/ arr\u00eat \/ inversion avec syst\u00e8me NVR basse tension<br \/>\nHachage et r\u00e9frig\u00e9ration ind\u00e9pendants<br \/>\nVersion Enterprise : 1 plaque + 1 couteau inox \u00e0 aiguisage automatique<\/p>\n<p>Version Unger :<br \/>\n3 pi\u00e8ces pour \u00d8 82 (22)<br \/>\n5 pi\u00e8ces pour \u00d8 82 (22) et \u00d8 98 (32)<\/p>\n<p>R\u00e9frig\u00e9ration :<br \/>\nCompresseur herm\u00e9tique et silencieux<br \/>\nThermostat \u00e9lectronique<br \/>\nTemp\u00e9rature de service : 1\u202f\u00b0C<br \/>\nGaz r\u00e9frig\u00e9rant : R134A (\u00e0 faible impact environnemental)<br \/>\nTr\u00e9mie r\u00e9frig\u00e9r\u00e9e sur 5 c\u00f4t\u00e9s<\/p>\n","protected":false},"excerpt":{"rendered":"<p>Application reconstitueuse semi-automatique (versions \u201cRH\u201d) Carrosserie, tr\u00e9mie, goulotte interne, vis sans fin, volant : acier inox Couvercle : plexiglas transparent de s\u00e9rie Fonctions : Marche \/ arr\u00eat \/ inversion avec syst\u00e8me NVR basse tension Hachage et r\u00e9frig\u00e9ration ind\u00e9pendants Version Enterprise : 1 plaque + 1 couteau inox \u00e0 aiguisage automatique Version Unger : 3 pi\u00e8ces&hellip;<\/p>\n","protected":false},"featured_media":10714,"comment_status":"open","ping_status":"closed","template":"","meta":[],"product_cat":[63,81,112],"product_tag":[],"class_list":{"0":"post-10713","1":"product","2":"type-product","3":"status-publish","4":"has-post-thumbnail","6":"product_cat-boucherie","7":"product_cat-hachoir-a-viandes","8":"product_cat-restaurant-snack-et-pizzeria","10":"first","11":"instock","12":"shipping-taxable","13":"purchasable","14":"product-type-variable","15":"col-xs-6 col-sm-4","16":"col-md-3 col-lg-3","17":"un-4-cols"},"yoast_head":"<!-- This site is optimized with the Yoast SEO plugin v26.6 - https:\/\/yoast.com\/wordpress\/plugins\/seo\/ -->\n<title>Hachoir r\u00e9frig\u00e9r\u00e9 avec application reconstitueuse semi-automatique - par PAR MINERVA OMEGA GROUP | Italia Machines<\/title>\n<meta name=\"robots\" content=\"index, follow, max-snippet:-1, max-image-preview:large, max-video-preview:-1\" \/>\n<link rel=\"canonical\" href=\"https:\/\/italiamachines.com\/fr_fr\/boutique\/boucherie\/hachoir-a-viandes\/hachoir-refrigere-avec-application-reconstitueuse-semi-automatique-par-par-minerva-omega-group\/\" \/>\n<meta property=\"og:locale\" content=\"fr_FR\" \/>\n<meta property=\"og:type\" content=\"article\" \/>\n<meta property=\"og:title\" content=\"Hachoir r\u00e9frig\u00e9r\u00e9 avec application reconstitueuse semi-automatique - par PAR MINERVA OMEGA GROUP | Italia Machines\" \/>\n<meta property=\"og:description\" content=\"Application reconstitueuse semi-automatique (versions \u201cRH\u201d) Carrosserie, tr\u00e9mie, goulotte interne, vis sans fin, volant : acier inox Couvercle : plexiglas transparent de s\u00e9rie Fonctions : Marche \/ arr\u00eat \/ inversion avec syst\u00e8me NVR basse tension Hachage et r\u00e9frig\u00e9ration ind\u00e9pendants Version Enterprise : 1 plaque + 1 couteau inox \u00e0 aiguisage automatique Version Unger : 3 pi\u00e8ces&hellip;\" \/>\n<meta property=\"og:url\" content=\"https:\/\/italiamachines.com\/fr_fr\/boutique\/boucherie\/hachoir-a-viandes\/hachoir-refrigere-avec-application-reconstitueuse-semi-automatique-par-par-minerva-omega-group\/\" \/>\n<meta property=\"og:site_name\" content=\"Italia Machines\" \/>\n<meta property=\"article:publisher\" content=\"https:\/\/web.facebook.com\/italiamachines\/\" \/>\n<meta property=\"og:image\" content=\"https:\/\/italiamachines.com\/wp-content\/uploads\/2025\/04\/C_ER22H.jpg\" \/>\n\t<meta property=\"og:image:width\" content=\"525\" \/>\n\t<meta property=\"og:image:height\" content=\"700\" \/>\n\t<meta property=\"og:image:type\" content=\"image\/jpeg\" \/>\n<meta name=\"twitter:card\" content=\"summary_large_image\" \/>\n<meta name=\"twitter:label1\" content=\"Dur\u00e9e de lecture estim\u00e9e\" \/>\n\t<meta name=\"twitter:data1\" content=\"1 minute\" \/>\n<script type=\"application\/ld+json\" class=\"yoast-schema-graph\">{\"@context\":\"https:\/\/schema.org\",\"@graph\":[{\"@type\":\"WebPage\",\"@id\":\"https:\/\/italiamachines.com\/boutique\/boucherie\/hachoir-a-viandes\/hachoir-refrigere-avec-application-reconstitueuse-semi-automatique-par-par-minerva-omega-group\/\",\"url\":\"https:\/\/italiamachines.com\/boutique\/boucherie\/hachoir-a-viandes\/hachoir-refrigere-avec-application-reconstitueuse-semi-automatique-par-par-minerva-omega-group\/\",\"name\":\"Hachoir r\u00e9frig\u00e9r\u00e9 avec application reconstitueuse semi-automatique - par PAR MINERVA OMEGA GROUP | Italia Machines\",\"isPartOf\":{\"@id\":\"https:\/\/italiamachines.com\/#website\"},\"primaryImageOfPage\":{\"@id\":\"https:\/\/italiamachines.com\/boutique\/boucherie\/hachoir-a-viandes\/hachoir-refrigere-avec-application-reconstitueuse-semi-automatique-par-par-minerva-omega-group\/#primaryimage\"},\"image\":{\"@id\":\"https:\/\/italiamachines.com\/boutique\/boucherie\/hachoir-a-viandes\/hachoir-refrigere-avec-application-reconstitueuse-semi-automatique-par-par-minerva-omega-group\/#primaryimage\"},\"thumbnailUrl\":\"https:\/\/italiamachines.com\/wp-content\/uploads\/2025\/04\/C_ER22H.jpg\",\"datePublished\":\"2025-04-16T22:20:48+00:00\",\"breadcrumb\":{\"@id\":\"https:\/\/italiamachines.com\/boutique\/boucherie\/hachoir-a-viandes\/hachoir-refrigere-avec-application-reconstitueuse-semi-automatique-par-par-minerva-omega-group\/#breadcrumb\"},\"inLanguage\":\"fr-FR\",\"potentialAction\":[{\"@type\":\"ReadAction\",\"target\":[\"https:\/\/italiamachines.com\/boutique\/boucherie\/hachoir-a-viandes\/hachoir-refrigere-avec-application-reconstitueuse-semi-automatique-par-par-minerva-omega-group\/\"]}]},{\"@type\":\"ImageObject\",\"inLanguage\":\"fr-FR\",\"@id\":\"https:\/\/italiamachines.com\/boutique\/boucherie\/hachoir-a-viandes\/hachoir-refrigere-avec-application-reconstitueuse-semi-automatique-par-par-minerva-omega-group\/#primaryimage\",\"url\":\"https:\/\/italiamachines.com\/wp-content\/uploads\/2025\/04\/C_ER22H.jpg\",\"contentUrl\":\"https:\/\/italiamachines.com\/wp-content\/uploads\/2025\/04\/C_ER22H.jpg\",\"width\":525,\"height\":700},{\"@type\":\"BreadcrumbList\",\"@id\":\"https:\/\/italiamachines.com\/boutique\/boucherie\/hachoir-a-viandes\/hachoir-refrigere-avec-application-reconstitueuse-semi-automatique-par-par-minerva-omega-group\/#breadcrumb\",\"itemListElement\":[{\"@type\":\"ListItem\",\"position\":1,\"name\":\"Accueil\",\"item\":\"https:\/\/italiamachines.com\/fr_fr\/\"},{\"@type\":\"ListItem\",\"position\":2,\"name\":\"Boutique\",\"item\":\"https:\/\/italiamachines.com\/boutique\/\"},{\"@type\":\"ListItem\",\"position\":3,\"name\":\"Hachoir r\u00e9frig\u00e9r\u00e9 avec application reconstitueuse semi-automatique &#8211; par PAR MINERVA OMEGA GROUP\"}]},{\"@type\":\"WebSite\",\"@id\":\"https:\/\/italiamachines.com\/#website\",\"url\":\"https:\/\/italiamachines.com\/\",\"name\":\"Italia Machines\",\"description\":\"L&#039;art de l&#039;\u00e9quipement HORECA\",\"publisher\":{\"@id\":\"https:\/\/italiamachines.com\/#organization\"},\"potentialAction\":[{\"@type\":\"SearchAction\",\"target\":{\"@type\":\"EntryPoint\",\"urlTemplate\":\"https:\/\/italiamachines.com\/?s={search_term_string}\"},\"query-input\":{\"@type\":\"PropertyValueSpecification\",\"valueRequired\":true,\"valueName\":\"search_term_string\"}}],\"inLanguage\":\"fr-FR\"},{\"@type\":\"Organization\",\"@id\":\"https:\/\/italiamachines.com\/#organization\",\"name\":\"italiamachines\",\"url\":\"https:\/\/italiamachines.com\/\",\"logo\":{\"@type\":\"ImageObject\",\"inLanguage\":\"fr-FR\",\"@id\":\"https:\/\/italiamachines.com\/#\/schema\/logo\/image\/\",\"url\":\"https:\/\/italiamachines.com\/wp-content\/uploads\/2023\/08\/logo-web-1.png\",\"contentUrl\":\"https:\/\/italiamachines.com\/wp-content\/uploads\/2023\/08\/logo-web-1.png\",\"width\":977,\"height\":254,\"caption\":\"italiamachines\"},\"image\":{\"@id\":\"https:\/\/italiamachines.com\/#\/schema\/logo\/image\/\"},\"sameAs\":[\"https:\/\/web.facebook.com\/italiamachines\/\",\"https:\/\/www.instagram.com\/italia.machines\/\"]}]}<\/script>\n<!-- \/ Yoast SEO plugin. -->","yoast_head_json":{"title":"Hachoir r\u00e9frig\u00e9r\u00e9 avec application reconstitueuse semi-automatique - par PAR MINERVA OMEGA GROUP | Italia Machines","robots":{"index":"index","follow":"follow","max-snippet":"max-snippet:-1","max-image-preview":"max-image-preview:large","max-video-preview":"max-video-preview:-1"},"canonical":"https:\/\/italiamachines.com\/fr_fr\/boutique\/boucherie\/hachoir-a-viandes\/hachoir-refrigere-avec-application-reconstitueuse-semi-automatique-par-par-minerva-omega-group\/","og_locale":"fr_FR","og_type":"article","og_title":"Hachoir r\u00e9frig\u00e9r\u00e9 avec application reconstitueuse semi-automatique - par PAR MINERVA OMEGA GROUP | Italia Machines","og_description":"Application reconstitueuse semi-automatique (versions \u201cRH\u201d) Carrosserie, tr\u00e9mie, goulotte interne, vis sans fin, volant : acier inox Couvercle : plexiglas transparent de s\u00e9rie Fonctions : Marche \/ arr\u00eat \/ inversion avec syst\u00e8me NVR basse tension Hachage et r\u00e9frig\u00e9ration ind\u00e9pendants Version Enterprise : 1 plaque + 1 couteau inox \u00e0 aiguisage automatique Version Unger : 3 pi\u00e8ces&hellip;","og_url":"https:\/\/italiamachines.com\/fr_fr\/boutique\/boucherie\/hachoir-a-viandes\/hachoir-refrigere-avec-application-reconstitueuse-semi-automatique-par-par-minerva-omega-group\/","og_site_name":"Italia Machines","article_publisher":"https:\/\/web.facebook.com\/italiamachines\/","og_image":[{"width":525,"height":700,"url":"https:\/\/italiamachines.com\/wp-content\/uploads\/2025\/04\/C_ER22H.jpg","type":"image\/jpeg"}],"twitter_card":"summary_large_image","twitter_misc":{"Dur\u00e9e de lecture estim\u00e9e":"1 minute"},"schema":{"@context":"https:\/\/schema.org","@graph":[{"@type":"WebPage","@id":"https:\/\/italiamachines.com\/boutique\/boucherie\/hachoir-a-viandes\/hachoir-refrigere-avec-application-reconstitueuse-semi-automatique-par-par-minerva-omega-group\/","url":"https:\/\/italiamachines.com\/boutique\/boucherie\/hachoir-a-viandes\/hachoir-refrigere-avec-application-reconstitueuse-semi-automatique-par-par-minerva-omega-group\/","name":"Hachoir r\u00e9frig\u00e9r\u00e9 avec application reconstitueuse semi-automatique - par PAR MINERVA OMEGA GROUP | Italia Machines","isPartOf":{"@id":"https:\/\/italiamachines.com\/#website"},"primaryImageOfPage":{"@id":"https:\/\/italiamachines.com\/boutique\/boucherie\/hachoir-a-viandes\/hachoir-refrigere-avec-application-reconstitueuse-semi-automatique-par-par-minerva-omega-group\/#primaryimage"},"image":{"@id":"https:\/\/italiamachines.com\/boutique\/boucherie\/hachoir-a-viandes\/hachoir-refrigere-avec-application-reconstitueuse-semi-automatique-par-par-minerva-omega-group\/#primaryimage"},"thumbnailUrl":"https:\/\/italiamachines.com\/wp-content\/uploads\/2025\/04\/C_ER22H.jpg","datePublished":"2025-04-16T22:20:48+00:00","breadcrumb":{"@id":"https:\/\/italiamachines.com\/boutique\/boucherie\/hachoir-a-viandes\/hachoir-refrigere-avec-application-reconstitueuse-semi-automatique-par-par-minerva-omega-group\/#breadcrumb"},"inLanguage":"fr-FR","potentialAction":[{"@type":"ReadAction","target":["https:\/\/italiamachines.com\/boutique\/boucherie\/hachoir-a-viandes\/hachoir-refrigere-avec-application-reconstitueuse-semi-automatique-par-par-minerva-omega-group\/"]}]},{"@type":"ImageObject","inLanguage":"fr-FR","@id":"https:\/\/italiamachines.com\/boutique\/boucherie\/hachoir-a-viandes\/hachoir-refrigere-avec-application-reconstitueuse-semi-automatique-par-par-minerva-omega-group\/#primaryimage","url":"https:\/\/italiamachines.com\/wp-content\/uploads\/2025\/04\/C_ER22H.jpg","contentUrl":"https:\/\/italiamachines.com\/wp-content\/uploads\/2025\/04\/C_ER22H.jpg","width":525,"height":700},{"@type":"BreadcrumbList","@id":"https:\/\/italiamachines.com\/boutique\/boucherie\/hachoir-a-viandes\/hachoir-refrigere-avec-application-reconstitueuse-semi-automatique-par-par-minerva-omega-group\/#breadcrumb","itemListElement":[{"@type":"ListItem","position":1,"name":"Accueil","item":"https:\/\/italiamachines.com\/fr_fr\/"},{"@type":"ListItem","position":2,"name":"Boutique","item":"https:\/\/italiamachines.com\/boutique\/"},{"@type":"ListItem","position":3,"name":"Hachoir r\u00e9frig\u00e9r\u00e9 avec application reconstitueuse semi-automatique &#8211; par PAR MINERVA OMEGA GROUP"}]},{"@type":"WebSite","@id":"https:\/\/italiamachines.com\/#website","url":"https:\/\/italiamachines.com\/","name":"Italia Machines","description":"L&#039;art de l&#039;\u00e9quipement HORECA","publisher":{"@id":"https:\/\/italiamachines.com\/#organization"},"potentialAction":[{"@type":"SearchAction","target":{"@type":"EntryPoint","urlTemplate":"https:\/\/italiamachines.com\/?s={search_term_string}"},"query-input":{"@type":"PropertyValueSpecification","valueRequired":true,"valueName":"search_term_string"}}],"inLanguage":"fr-FR"},{"@type":"Organization","@id":"https:\/\/italiamachines.com\/#organization","name":"italiamachines","url":"https:\/\/italiamachines.com\/","logo":{"@type":"ImageObject","inLanguage":"fr-FR","@id":"https:\/\/italiamachines.com\/#\/schema\/logo\/image\/","url":"https:\/\/italiamachines.com\/wp-content\/uploads\/2023\/08\/logo-web-1.png","contentUrl":"https:\/\/italiamachines.com\/wp-content\/uploads\/2023\/08\/logo-web-1.png","width":977,"height":254,"caption":"italiamachines"},"image":{"@id":"https:\/\/italiamachines.com\/#\/schema\/logo\/image\/"},"sameAs":["https:\/\/web.facebook.com\/italiamachines\/","https:\/\/www.instagram.com\/italia.machines\/"]}]}},"_links":{"self":[{"href":"https:\/\/italiamachines.com\/fr_fr\/wp-json\/wp\/v2\/product\/10713","targetHints":{"allow":["GET"]}}],"collection":[{"href":"https:\/\/italiamachines.com\/fr_fr\/wp-json\/wp\/v2\/product"}],"about":[{"href":"https:\/\/italiamachines.com\/fr_fr\/wp-json\/wp\/v2\/types\/product"}],"replies":[{"embeddable":true,"href":"https:\/\/italiamachines.com\/fr_fr\/wp-json\/wp\/v2\/comments?post=10713"}],"wp:featuredmedia":[{"embeddable":true,"href":"https:\/\/italiamachines.com\/fr_fr\/wp-json\/wp\/v2\/media\/10714"}],"wp:attachment":[{"href":"https:\/\/italiamachines.com\/fr_fr\/wp-json\/wp\/v2\/media?parent=10713"}],"wp:term":[{"taxonomy":"product_cat","embeddable":true,"href":"https:\/\/italiamachines.com\/fr_fr\/wp-json\/wp\/v2\/product_cat?post=10713"},{"taxonomy":"product_tag","embeddable":true,"href":"https:\/\/italiamachines.com\/fr_fr\/wp-json\/wp\/v2\/product_tag?post=10713"}],"curies":[{"name":"wp","href":"https:\/\/api.w.org\/{rel}","templated":true}]}}