{"id":10757,"date":"2025-04-18T00:33:00","date_gmt":"2025-04-17T22:33:00","guid":{"rendered":"https:\/\/italiamachines.com\/?post_type=product&#038;p=10757"},"modified":"2025-04-18T00:33:00","modified_gmt":"2025-04-17T22:33:00","slug":"cuiseur-a-riz-12-l-230v-par-bartscher","status":"publish","type":"product","link":"https:\/\/italiamachines.com\/fr_fr\/boutique\/restaurant-snack-et-pizzeria\/cuisson\/cuiseur-a-riz-12-l-230v-par-bartscher\/","title":{"rendered":"Cuiseur \u00e0 riz 12 L &#8211; 230V &#8211; Par Bartscher"},"content":{"rendered":"<p>Dimensions :560 x 465 x 400 mm<br \/>\nTension : 230 V<br \/>\nFr\u00e9quence : 50\/60 Hz<br \/>\nPuissance : 2,85 kW<br \/>\nPoids : 15,7 kg<br \/>\nMode de fonctionnement : \u00c9lectrique<br \/>\nFonctions : Cuisson &#038; Maintien au chaud<br \/>\nCapacit\u00e9 : 12 litres (40 \u00e0 60 portions de riz)<br \/>\nCuve int\u00e9rieure : Rev\u00eatement antiadh\u00e9sif, r\u00e9sistante \u00e0 la chaleur<\/p>\n<p>\u00c9quipements inclus :<br \/>\n1 gobelet mesureur<br \/>\n1 cuill\u00e8re \u00e0 riz<br \/>\n1 fourchette \u00e0 riz<br \/>\n1 tapis en silicone anti-br\u00fblure<\/p>\n<p>Caract\u00e9ristiques suppl\u00e9mentaires :<br \/>\nT\u00e9moin lumineux pour cuisson et maintien au chaud<br \/>\nInterrupteur marche\/arr\u00eat<br \/>\nStructure en acier inoxydable<br \/>\nCouleurs : Argent\u00e9 &#038; Noir<\/p>\n","protected":false},"excerpt":{"rendered":"<p>Dimensions :560 x 465 x 400 mm Tension : 230 V Fr\u00e9quence : 50\/60 Hz Puissance : 2,85 kW Poids : 15,7 kg Mode de fonctionnement : \u00c9lectrique Fonctions : Cuisson &#038; Maintien au chaud Capacit\u00e9 : 12 litres (40 \u00e0 60 portions de riz) Cuve int\u00e9rieure : Rev\u00eatement antiadh\u00e9sif, r\u00e9sistante \u00e0 la chaleur \u00c9quipements&hellip;<\/p>\n","protected":false},"featured_media":10758,"comment_status":"open","ping_status":"closed","template":"","meta":[],"product_cat":[171,112],"product_tag":[],"class_list":{"0":"post-10757","1":"product","2":"type-product","3":"status-publish","4":"has-post-thumbnail","6":"product_cat-cuisson","7":"product_cat-restaurant-snack-et-pizzeria","9":"first","10":"instock","11":"shipping-taxable","12":"purchasable","13":"product-type-simple","14":"col-xs-6 col-sm-4","15":"col-md-3 col-lg-3","16":"un-4-cols"},"yoast_head":"<!-- This site is optimized with the Yoast SEO plugin v26.6 - https:\/\/yoast.com\/wordpress\/plugins\/seo\/ -->\n<title>Cuiseur \u00e0 riz 12 L - 230V - Par Bartscher | Italia Machines<\/title>\n<meta name=\"robots\" content=\"index, follow, max-snippet:-1, max-image-preview:large, max-video-preview:-1\" \/>\n<link rel=\"canonical\" href=\"https:\/\/italiamachines.com\/fr_fr\/boutique\/restaurant-snack-et-pizzeria\/cuisson\/cuiseur-a-riz-12-l-230v-par-bartscher\/\" \/>\n<meta property=\"og:locale\" content=\"fr_FR\" \/>\n<meta property=\"og:type\" content=\"article\" \/>\n<meta property=\"og:title\" content=\"Cuiseur \u00e0 riz 12 L - 230V - Par Bartscher | Italia Machines\" \/>\n<meta property=\"og:description\" content=\"Dimensions :560 x 465 x 400 mm Tension : 230 V Fr\u00e9quence : 50\/60 Hz Puissance : 2,85 kW Poids : 15,7 kg Mode de fonctionnement : \u00c9lectrique Fonctions : Cuisson &#038; Maintien au chaud Capacit\u00e9 : 12 litres (40 \u00e0 60 portions de riz) Cuve int\u00e9rieure : Rev\u00eatement antiadh\u00e9sif, r\u00e9sistante \u00e0 la chaleur \u00c9quipements&hellip;\" \/>\n<meta property=\"og:url\" content=\"https:\/\/italiamachines.com\/fr_fr\/boutique\/restaurant-snack-et-pizzeria\/cuisson\/cuiseur-a-riz-12-l-230v-par-bartscher\/\" \/>\n<meta property=\"og:site_name\" content=\"Italia Machines\" \/>\n<meta property=\"article:publisher\" content=\"https:\/\/web.facebook.com\/italiamachines\/\" \/>\n<meta property=\"og:image\" content=\"https:\/\/italiamachines.com\/wp-content\/uploads\/2025\/04\/CR-12.png\" \/>\n\t<meta property=\"og:image:width\" content=\"655\" \/>\n\t<meta property=\"og:image:height\" content=\"527\" \/>\n\t<meta property=\"og:image:type\" content=\"image\/png\" \/>\n<meta name=\"twitter:card\" content=\"summary_large_image\" \/>\n<meta name=\"twitter:label1\" content=\"Dur\u00e9e de lecture estim\u00e9e\" \/>\n\t<meta name=\"twitter:data1\" content=\"1 minute\" \/>\n<script type=\"application\/ld+json\" class=\"yoast-schema-graph\">{\"@context\":\"https:\/\/schema.org\",\"@graph\":[{\"@type\":\"WebPage\",\"@id\":\"https:\/\/italiamachines.com\/boutique\/restaurant-snack-et-pizzeria\/cuisson\/cuiseur-a-riz-12-l-230v-par-bartscher\/\",\"url\":\"https:\/\/italiamachines.com\/boutique\/restaurant-snack-et-pizzeria\/cuisson\/cuiseur-a-riz-12-l-230v-par-bartscher\/\",\"name\":\"Cuiseur \u00e0 riz 12 L - 230V - Par Bartscher | Italia Machines\",\"isPartOf\":{\"@id\":\"https:\/\/italiamachines.com\/#website\"},\"primaryImageOfPage\":{\"@id\":\"https:\/\/italiamachines.com\/boutique\/restaurant-snack-et-pizzeria\/cuisson\/cuiseur-a-riz-12-l-230v-par-bartscher\/#primaryimage\"},\"image\":{\"@id\":\"https:\/\/italiamachines.com\/boutique\/restaurant-snack-et-pizzeria\/cuisson\/cuiseur-a-riz-12-l-230v-par-bartscher\/#primaryimage\"},\"thumbnailUrl\":\"https:\/\/italiamachines.com\/wp-content\/uploads\/2025\/04\/CR-12.png\",\"datePublished\":\"2025-04-17T22:33:00+00:00\",\"breadcrumb\":{\"@id\":\"https:\/\/italiamachines.com\/boutique\/restaurant-snack-et-pizzeria\/cuisson\/cuiseur-a-riz-12-l-230v-par-bartscher\/#breadcrumb\"},\"inLanguage\":\"fr-FR\",\"potentialAction\":[{\"@type\":\"ReadAction\",\"target\":[\"https:\/\/italiamachines.com\/boutique\/restaurant-snack-et-pizzeria\/cuisson\/cuiseur-a-riz-12-l-230v-par-bartscher\/\"]}]},{\"@type\":\"ImageObject\",\"inLanguage\":\"fr-FR\",\"@id\":\"https:\/\/italiamachines.com\/boutique\/restaurant-snack-et-pizzeria\/cuisson\/cuiseur-a-riz-12-l-230v-par-bartscher\/#primaryimage\",\"url\":\"https:\/\/italiamachines.com\/wp-content\/uploads\/2025\/04\/CR-12.png\",\"contentUrl\":\"https:\/\/italiamachines.com\/wp-content\/uploads\/2025\/04\/CR-12.png\",\"width\":655,\"height\":527},{\"@type\":\"BreadcrumbList\",\"@id\":\"https:\/\/italiamachines.com\/boutique\/restaurant-snack-et-pizzeria\/cuisson\/cuiseur-a-riz-12-l-230v-par-bartscher\/#breadcrumb\",\"itemListElement\":[{\"@type\":\"ListItem\",\"position\":1,\"name\":\"Accueil\",\"item\":\"https:\/\/italiamachines.com\/fr_fr\/\"},{\"@type\":\"ListItem\",\"position\":2,\"name\":\"Boutique\",\"item\":\"https:\/\/italiamachines.com\/boutique\/\"},{\"@type\":\"ListItem\",\"position\":3,\"name\":\"Cuiseur \u00e0 riz 12 L &#8211; 230V &#8211; Par Bartscher\"}]},{\"@type\":\"WebSite\",\"@id\":\"https:\/\/italiamachines.com\/#website\",\"url\":\"https:\/\/italiamachines.com\/\",\"name\":\"Italia Machines\",\"description\":\"L&#039;art de l&#039;\u00e9quipement HORECA\",\"publisher\":{\"@id\":\"https:\/\/italiamachines.com\/#organization\"},\"potentialAction\":[{\"@type\":\"SearchAction\",\"target\":{\"@type\":\"EntryPoint\",\"urlTemplate\":\"https:\/\/italiamachines.com\/?s={search_term_string}\"},\"query-input\":{\"@type\":\"PropertyValueSpecification\",\"valueRequired\":true,\"valueName\":\"search_term_string\"}}],\"inLanguage\":\"fr-FR\"},{\"@type\":\"Organization\",\"@id\":\"https:\/\/italiamachines.com\/#organization\",\"name\":\"italiamachines\",\"url\":\"https:\/\/italiamachines.com\/\",\"logo\":{\"@type\":\"ImageObject\",\"inLanguage\":\"fr-FR\",\"@id\":\"https:\/\/italiamachines.com\/#\/schema\/logo\/image\/\",\"url\":\"https:\/\/italiamachines.com\/wp-content\/uploads\/2023\/08\/logo-web-1.png\",\"contentUrl\":\"https:\/\/italiamachines.com\/wp-content\/uploads\/2023\/08\/logo-web-1.png\",\"width\":977,\"height\":254,\"caption\":\"italiamachines\"},\"image\":{\"@id\":\"https:\/\/italiamachines.com\/#\/schema\/logo\/image\/\"},\"sameAs\":[\"https:\/\/web.facebook.com\/italiamachines\/\",\"https:\/\/www.instagram.com\/italia.machines\/\"]}]}<\/script>\n<!-- \/ Yoast SEO plugin. -->","yoast_head_json":{"title":"Cuiseur \u00e0 riz 12 L - 230V - Par Bartscher | Italia Machines","robots":{"index":"index","follow":"follow","max-snippet":"max-snippet:-1","max-image-preview":"max-image-preview:large","max-video-preview":"max-video-preview:-1"},"canonical":"https:\/\/italiamachines.com\/fr_fr\/boutique\/restaurant-snack-et-pizzeria\/cuisson\/cuiseur-a-riz-12-l-230v-par-bartscher\/","og_locale":"fr_FR","og_type":"article","og_title":"Cuiseur \u00e0 riz 12 L - 230V - Par Bartscher | Italia Machines","og_description":"Dimensions :560 x 465 x 400 mm Tension : 230 V Fr\u00e9quence : 50\/60 Hz Puissance : 2,85 kW Poids : 15,7 kg Mode de fonctionnement : \u00c9lectrique Fonctions : Cuisson &#038; Maintien au chaud Capacit\u00e9 : 12 litres (40 \u00e0 60 portions de riz) Cuve int\u00e9rieure : Rev\u00eatement antiadh\u00e9sif, r\u00e9sistante \u00e0 la chaleur \u00c9quipements&hellip;","og_url":"https:\/\/italiamachines.com\/fr_fr\/boutique\/restaurant-snack-et-pizzeria\/cuisson\/cuiseur-a-riz-12-l-230v-par-bartscher\/","og_site_name":"Italia Machines","article_publisher":"https:\/\/web.facebook.com\/italiamachines\/","og_image":[{"width":655,"height":527,"url":"https:\/\/italiamachines.com\/wp-content\/uploads\/2025\/04\/CR-12.png","type":"image\/png"}],"twitter_card":"summary_large_image","twitter_misc":{"Dur\u00e9e de lecture estim\u00e9e":"1 minute"},"schema":{"@context":"https:\/\/schema.org","@graph":[{"@type":"WebPage","@id":"https:\/\/italiamachines.com\/boutique\/restaurant-snack-et-pizzeria\/cuisson\/cuiseur-a-riz-12-l-230v-par-bartscher\/","url":"https:\/\/italiamachines.com\/boutique\/restaurant-snack-et-pizzeria\/cuisson\/cuiseur-a-riz-12-l-230v-par-bartscher\/","name":"Cuiseur \u00e0 riz 12 L - 230V - Par Bartscher | Italia Machines","isPartOf":{"@id":"https:\/\/italiamachines.com\/#website"},"primaryImageOfPage":{"@id":"https:\/\/italiamachines.com\/boutique\/restaurant-snack-et-pizzeria\/cuisson\/cuiseur-a-riz-12-l-230v-par-bartscher\/#primaryimage"},"image":{"@id":"https:\/\/italiamachines.com\/boutique\/restaurant-snack-et-pizzeria\/cuisson\/cuiseur-a-riz-12-l-230v-par-bartscher\/#primaryimage"},"thumbnailUrl":"https:\/\/italiamachines.com\/wp-content\/uploads\/2025\/04\/CR-12.png","datePublished":"2025-04-17T22:33:00+00:00","breadcrumb":{"@id":"https:\/\/italiamachines.com\/boutique\/restaurant-snack-et-pizzeria\/cuisson\/cuiseur-a-riz-12-l-230v-par-bartscher\/#breadcrumb"},"inLanguage":"fr-FR","potentialAction":[{"@type":"ReadAction","target":["https:\/\/italiamachines.com\/boutique\/restaurant-snack-et-pizzeria\/cuisson\/cuiseur-a-riz-12-l-230v-par-bartscher\/"]}]},{"@type":"ImageObject","inLanguage":"fr-FR","@id":"https:\/\/italiamachines.com\/boutique\/restaurant-snack-et-pizzeria\/cuisson\/cuiseur-a-riz-12-l-230v-par-bartscher\/#primaryimage","url":"https:\/\/italiamachines.com\/wp-content\/uploads\/2025\/04\/CR-12.png","contentUrl":"https:\/\/italiamachines.com\/wp-content\/uploads\/2025\/04\/CR-12.png","width":655,"height":527},{"@type":"BreadcrumbList","@id":"https:\/\/italiamachines.com\/boutique\/restaurant-snack-et-pizzeria\/cuisson\/cuiseur-a-riz-12-l-230v-par-bartscher\/#breadcrumb","itemListElement":[{"@type":"ListItem","position":1,"name":"Accueil","item":"https:\/\/italiamachines.com\/fr_fr\/"},{"@type":"ListItem","position":2,"name":"Boutique","item":"https:\/\/italiamachines.com\/boutique\/"},{"@type":"ListItem","position":3,"name":"Cuiseur \u00e0 riz 12 L &#8211; 230V &#8211; Par Bartscher"}]},{"@type":"WebSite","@id":"https:\/\/italiamachines.com\/#website","url":"https:\/\/italiamachines.com\/","name":"Italia Machines","description":"L&#039;art de l&#039;\u00e9quipement HORECA","publisher":{"@id":"https:\/\/italiamachines.com\/#organization"},"potentialAction":[{"@type":"SearchAction","target":{"@type":"EntryPoint","urlTemplate":"https:\/\/italiamachines.com\/?s={search_term_string}"},"query-input":{"@type":"PropertyValueSpecification","valueRequired":true,"valueName":"search_term_string"}}],"inLanguage":"fr-FR"},{"@type":"Organization","@id":"https:\/\/italiamachines.com\/#organization","name":"italiamachines","url":"https:\/\/italiamachines.com\/","logo":{"@type":"ImageObject","inLanguage":"fr-FR","@id":"https:\/\/italiamachines.com\/#\/schema\/logo\/image\/","url":"https:\/\/italiamachines.com\/wp-content\/uploads\/2023\/08\/logo-web-1.png","contentUrl":"https:\/\/italiamachines.com\/wp-content\/uploads\/2023\/08\/logo-web-1.png","width":977,"height":254,"caption":"italiamachines"},"image":{"@id":"https:\/\/italiamachines.com\/#\/schema\/logo\/image\/"},"sameAs":["https:\/\/web.facebook.com\/italiamachines\/","https:\/\/www.instagram.com\/italia.machines\/"]}]}},"_links":{"self":[{"href":"https:\/\/italiamachines.com\/fr_fr\/wp-json\/wp\/v2\/product\/10757","targetHints":{"allow":["GET"]}}],"collection":[{"href":"https:\/\/italiamachines.com\/fr_fr\/wp-json\/wp\/v2\/product"}],"about":[{"href":"https:\/\/italiamachines.com\/fr_fr\/wp-json\/wp\/v2\/types\/product"}],"replies":[{"embeddable":true,"href":"https:\/\/italiamachines.com\/fr_fr\/wp-json\/wp\/v2\/comments?post=10757"}],"wp:featuredmedia":[{"embeddable":true,"href":"https:\/\/italiamachines.com\/fr_fr\/wp-json\/wp\/v2\/media\/10758"}],"wp:attachment":[{"href":"https:\/\/italiamachines.com\/fr_fr\/wp-json\/wp\/v2\/media?parent=10757"}],"wp:term":[{"taxonomy":"product_cat","embeddable":true,"href":"https:\/\/italiamachines.com\/fr_fr\/wp-json\/wp\/v2\/product_cat?post=10757"},{"taxonomy":"product_tag","embeddable":true,"href":"https:\/\/italiamachines.com\/fr_fr\/wp-json\/wp\/v2\/product_tag?post=10757"}],"curies":[{"name":"wp","href":"https:\/\/api.w.org\/{rel}","templated":true}]}}