{"id":10782,"date":"2025-04-19T00:58:26","date_gmt":"2025-04-18T22:58:26","guid":{"rendered":"https:\/\/italiamachines.com\/?post_type=product&#038;p=10782"},"modified":"2025-04-19T00:58:26","modified_gmt":"2025-04-18T22:58:26","slug":"moulin-a-cafe-2kg-par-empero","status":"publish","type":"product","link":"https:\/\/italiamachines.com\/fr_fr\/boutique\/cafe-glacier-lecheria\/cafe-lecheria\/moulin-a-cafe\/moulin-a-cafe-2kg-par-empero\/","title":{"rendered":"Moulin \u00e0 Caf\u00e9 2Kg &#8211; par Empero"},"content":{"rendered":"<p>Alimentation : 230 V<br \/>\nPuissance : 356 W<br \/>\nIntensit\u00e9 : 1,75 A<br \/>\nProtection : Syst\u00e8me de protection thermique du moteur<br \/>\nDur\u00e9e maximale de fonctionnement : 30 minutes<br \/>\nMeules (diam\u00e8tre) : 60 mm<br \/>\nCapacit\u00e9 tr\u00e9mie : 2 kg<br \/>\nCapacit\u00e9 du doseur : Environ 2 kg<\/p>\n","protected":false},"excerpt":{"rendered":"<p>Alimentation : 230 V Puissance : 356 W Intensit\u00e9 : 1,75 A Protection : Syst\u00e8me de protection thermique du moteur Dur\u00e9e maximale de fonctionnement : 30 minutes Meules (diam\u00e8tre) : 60 mm Capacit\u00e9 tr\u00e9mie : 2 kg Capacit\u00e9 du doseur : Environ 2 kg<\/p>\n","protected":false},"featured_media":10783,"comment_status":"open","ping_status":"closed","template":"","meta":[],"product_cat":[159,160,65,220],"product_tag":[],"class_list":{"0":"post-10782","1":"product","2":"type-product","3":"status-publish","4":"has-post-thumbnail","6":"product_cat-cafe","7":"product_cat-cafe-lecheria","8":"product_cat-cafe-glacier-lecheria","9":"product_cat-moulin-a-cafe","11":"first","12":"instock","13":"shipping-taxable","14":"purchasable","15":"product-type-simple","16":"col-xs-6 col-sm-4","17":"col-md-3 col-lg-3","18":"un-4-cols"},"yoast_head":"<!-- This site is optimized with the Yoast SEO plugin v26.6 - https:\/\/yoast.com\/wordpress\/plugins\/seo\/ -->\n<title>Moulin \u00e0 Caf\u00e9 2Kg - par Empero | Italia Machines<\/title>\n<meta name=\"robots\" content=\"index, follow, max-snippet:-1, max-image-preview:large, max-video-preview:-1\" \/>\n<link rel=\"canonical\" href=\"https:\/\/italiamachines.com\/fr_fr\/boutique\/cafe-glacier-lecheria\/cafe-lecheria\/moulin-a-cafe\/moulin-a-cafe-2kg-par-empero\/\" \/>\n<meta property=\"og:locale\" content=\"fr_FR\" \/>\n<meta property=\"og:type\" content=\"article\" \/>\n<meta property=\"og:title\" content=\"Moulin \u00e0 Caf\u00e9 2Kg - par Empero | Italia Machines\" \/>\n<meta property=\"og:description\" content=\"Alimentation : 230 V Puissance : 356 W Intensit\u00e9 : 1,75 A Protection : Syst\u00e8me de protection thermique du moteur Dur\u00e9e maximale de fonctionnement : 30 minutes Meules (diam\u00e8tre) : 60 mm Capacit\u00e9 tr\u00e9mie : 2 kg Capacit\u00e9 du doseur : Environ 2 kg\" \/>\n<meta property=\"og:url\" content=\"https:\/\/italiamachines.com\/fr_fr\/boutique\/cafe-glacier-lecheria\/cafe-lecheria\/moulin-a-cafe\/moulin-a-cafe-2kg-par-empero\/\" \/>\n<meta property=\"og:site_name\" content=\"Italia Machines\" \/>\n<meta property=\"article:publisher\" content=\"https:\/\/web.facebook.com\/italiamachines\/\" \/>\n<meta property=\"og:image\" content=\"https:\/\/italiamachines.com\/wp-content\/uploads\/2025\/04\/EMP.JP_.CCG_.01.jpg\" \/>\n\t<meta property=\"og:image:width\" content=\"600\" \/>\n\t<meta property=\"og:image:height\" content=\"574\" \/>\n\t<meta property=\"og:image:type\" content=\"image\/jpeg\" \/>\n<meta name=\"twitter:card\" content=\"summary_large_image\" \/>\n<meta name=\"twitter:label1\" content=\"Dur\u00e9e de lecture estim\u00e9e\" \/>\n\t<meta name=\"twitter:data1\" content=\"1 minute\" \/>\n<script type=\"application\/ld+json\" class=\"yoast-schema-graph\">{\"@context\":\"https:\/\/schema.org\",\"@graph\":[{\"@type\":\"WebPage\",\"@id\":\"https:\/\/italiamachines.com\/boutique\/cafe-glacier-lecheria\/cafe-lecheria\/moulin-a-cafe\/moulin-a-cafe-2kg-par-empero\/\",\"url\":\"https:\/\/italiamachines.com\/boutique\/cafe-glacier-lecheria\/cafe-lecheria\/moulin-a-cafe\/moulin-a-cafe-2kg-par-empero\/\",\"name\":\"Moulin \u00e0 Caf\u00e9 2Kg - par Empero | Italia Machines\",\"isPartOf\":{\"@id\":\"https:\/\/italiamachines.com\/#website\"},\"primaryImageOfPage\":{\"@id\":\"https:\/\/italiamachines.com\/boutique\/cafe-glacier-lecheria\/cafe-lecheria\/moulin-a-cafe\/moulin-a-cafe-2kg-par-empero\/#primaryimage\"},\"image\":{\"@id\":\"https:\/\/italiamachines.com\/boutique\/cafe-glacier-lecheria\/cafe-lecheria\/moulin-a-cafe\/moulin-a-cafe-2kg-par-empero\/#primaryimage\"},\"thumbnailUrl\":\"https:\/\/italiamachines.com\/wp-content\/uploads\/2025\/04\/EMP.JP_.CCG_.01.jpg\",\"datePublished\":\"2025-04-18T22:58:26+00:00\",\"breadcrumb\":{\"@id\":\"https:\/\/italiamachines.com\/boutique\/cafe-glacier-lecheria\/cafe-lecheria\/moulin-a-cafe\/moulin-a-cafe-2kg-par-empero\/#breadcrumb\"},\"inLanguage\":\"fr-FR\",\"potentialAction\":[{\"@type\":\"ReadAction\",\"target\":[\"https:\/\/italiamachines.com\/boutique\/cafe-glacier-lecheria\/cafe-lecheria\/moulin-a-cafe\/moulin-a-cafe-2kg-par-empero\/\"]}]},{\"@type\":\"ImageObject\",\"inLanguage\":\"fr-FR\",\"@id\":\"https:\/\/italiamachines.com\/boutique\/cafe-glacier-lecheria\/cafe-lecheria\/moulin-a-cafe\/moulin-a-cafe-2kg-par-empero\/#primaryimage\",\"url\":\"https:\/\/italiamachines.com\/wp-content\/uploads\/2025\/04\/EMP.JP_.CCG_.01.jpg\",\"contentUrl\":\"https:\/\/italiamachines.com\/wp-content\/uploads\/2025\/04\/EMP.JP_.CCG_.01.jpg\",\"width\":600,\"height\":574},{\"@type\":\"BreadcrumbList\",\"@id\":\"https:\/\/italiamachines.com\/boutique\/cafe-glacier-lecheria\/cafe-lecheria\/moulin-a-cafe\/moulin-a-cafe-2kg-par-empero\/#breadcrumb\",\"itemListElement\":[{\"@type\":\"ListItem\",\"position\":1,\"name\":\"Accueil\",\"item\":\"https:\/\/italiamachines.com\/fr_fr\/\"},{\"@type\":\"ListItem\",\"position\":2,\"name\":\"Boutique\",\"item\":\"https:\/\/italiamachines.com\/boutique\/\"},{\"@type\":\"ListItem\",\"position\":3,\"name\":\"Moulin \u00e0 Caf\u00e9 2Kg &#8211; par Empero\"}]},{\"@type\":\"WebSite\",\"@id\":\"https:\/\/italiamachines.com\/#website\",\"url\":\"https:\/\/italiamachines.com\/\",\"name\":\"Italia Machines\",\"description\":\"L&#039;art de l&#039;\u00e9quipement HORECA\",\"publisher\":{\"@id\":\"https:\/\/italiamachines.com\/#organization\"},\"potentialAction\":[{\"@type\":\"SearchAction\",\"target\":{\"@type\":\"EntryPoint\",\"urlTemplate\":\"https:\/\/italiamachines.com\/?s={search_term_string}\"},\"query-input\":{\"@type\":\"PropertyValueSpecification\",\"valueRequired\":true,\"valueName\":\"search_term_string\"}}],\"inLanguage\":\"fr-FR\"},{\"@type\":\"Organization\",\"@id\":\"https:\/\/italiamachines.com\/#organization\",\"name\":\"italiamachines\",\"url\":\"https:\/\/italiamachines.com\/\",\"logo\":{\"@type\":\"ImageObject\",\"inLanguage\":\"fr-FR\",\"@id\":\"https:\/\/italiamachines.com\/#\/schema\/logo\/image\/\",\"url\":\"https:\/\/italiamachines.com\/wp-content\/uploads\/2023\/08\/logo-web-1.png\",\"contentUrl\":\"https:\/\/italiamachines.com\/wp-content\/uploads\/2023\/08\/logo-web-1.png\",\"width\":977,\"height\":254,\"caption\":\"italiamachines\"},\"image\":{\"@id\":\"https:\/\/italiamachines.com\/#\/schema\/logo\/image\/\"},\"sameAs\":[\"https:\/\/web.facebook.com\/italiamachines\/\",\"https:\/\/www.instagram.com\/italia.machines\/\"]}]}<\/script>\n<!-- \/ Yoast SEO plugin. -->","yoast_head_json":{"title":"Moulin \u00e0 Caf\u00e9 2Kg - par Empero | Italia Machines","robots":{"index":"index","follow":"follow","max-snippet":"max-snippet:-1","max-image-preview":"max-image-preview:large","max-video-preview":"max-video-preview:-1"},"canonical":"https:\/\/italiamachines.com\/fr_fr\/boutique\/cafe-glacier-lecheria\/cafe-lecheria\/moulin-a-cafe\/moulin-a-cafe-2kg-par-empero\/","og_locale":"fr_FR","og_type":"article","og_title":"Moulin \u00e0 Caf\u00e9 2Kg - par Empero | Italia Machines","og_description":"Alimentation : 230 V Puissance : 356 W Intensit\u00e9 : 1,75 A Protection : Syst\u00e8me de protection thermique du moteur Dur\u00e9e maximale de fonctionnement : 30 minutes Meules (diam\u00e8tre) : 60 mm Capacit\u00e9 tr\u00e9mie : 2 kg Capacit\u00e9 du doseur : Environ 2 kg","og_url":"https:\/\/italiamachines.com\/fr_fr\/boutique\/cafe-glacier-lecheria\/cafe-lecheria\/moulin-a-cafe\/moulin-a-cafe-2kg-par-empero\/","og_site_name":"Italia Machines","article_publisher":"https:\/\/web.facebook.com\/italiamachines\/","og_image":[{"width":600,"height":574,"url":"https:\/\/italiamachines.com\/wp-content\/uploads\/2025\/04\/EMP.JP_.CCG_.01.jpg","type":"image\/jpeg"}],"twitter_card":"summary_large_image","twitter_misc":{"Dur\u00e9e de lecture estim\u00e9e":"1 minute"},"schema":{"@context":"https:\/\/schema.org","@graph":[{"@type":"WebPage","@id":"https:\/\/italiamachines.com\/boutique\/cafe-glacier-lecheria\/cafe-lecheria\/moulin-a-cafe\/moulin-a-cafe-2kg-par-empero\/","url":"https:\/\/italiamachines.com\/boutique\/cafe-glacier-lecheria\/cafe-lecheria\/moulin-a-cafe\/moulin-a-cafe-2kg-par-empero\/","name":"Moulin \u00e0 Caf\u00e9 2Kg - par Empero | Italia Machines","isPartOf":{"@id":"https:\/\/italiamachines.com\/#website"},"primaryImageOfPage":{"@id":"https:\/\/italiamachines.com\/boutique\/cafe-glacier-lecheria\/cafe-lecheria\/moulin-a-cafe\/moulin-a-cafe-2kg-par-empero\/#primaryimage"},"image":{"@id":"https:\/\/italiamachines.com\/boutique\/cafe-glacier-lecheria\/cafe-lecheria\/moulin-a-cafe\/moulin-a-cafe-2kg-par-empero\/#primaryimage"},"thumbnailUrl":"https:\/\/italiamachines.com\/wp-content\/uploads\/2025\/04\/EMP.JP_.CCG_.01.jpg","datePublished":"2025-04-18T22:58:26+00:00","breadcrumb":{"@id":"https:\/\/italiamachines.com\/boutique\/cafe-glacier-lecheria\/cafe-lecheria\/moulin-a-cafe\/moulin-a-cafe-2kg-par-empero\/#breadcrumb"},"inLanguage":"fr-FR","potentialAction":[{"@type":"ReadAction","target":["https:\/\/italiamachines.com\/boutique\/cafe-glacier-lecheria\/cafe-lecheria\/moulin-a-cafe\/moulin-a-cafe-2kg-par-empero\/"]}]},{"@type":"ImageObject","inLanguage":"fr-FR","@id":"https:\/\/italiamachines.com\/boutique\/cafe-glacier-lecheria\/cafe-lecheria\/moulin-a-cafe\/moulin-a-cafe-2kg-par-empero\/#primaryimage","url":"https:\/\/italiamachines.com\/wp-content\/uploads\/2025\/04\/EMP.JP_.CCG_.01.jpg","contentUrl":"https:\/\/italiamachines.com\/wp-content\/uploads\/2025\/04\/EMP.JP_.CCG_.01.jpg","width":600,"height":574},{"@type":"BreadcrumbList","@id":"https:\/\/italiamachines.com\/boutique\/cafe-glacier-lecheria\/cafe-lecheria\/moulin-a-cafe\/moulin-a-cafe-2kg-par-empero\/#breadcrumb","itemListElement":[{"@type":"ListItem","position":1,"name":"Accueil","item":"https:\/\/italiamachines.com\/fr_fr\/"},{"@type":"ListItem","position":2,"name":"Boutique","item":"https:\/\/italiamachines.com\/boutique\/"},{"@type":"ListItem","position":3,"name":"Moulin \u00e0 Caf\u00e9 2Kg &#8211; par Empero"}]},{"@type":"WebSite","@id":"https:\/\/italiamachines.com\/#website","url":"https:\/\/italiamachines.com\/","name":"Italia Machines","description":"L&#039;art de l&#039;\u00e9quipement HORECA","publisher":{"@id":"https:\/\/italiamachines.com\/#organization"},"potentialAction":[{"@type":"SearchAction","target":{"@type":"EntryPoint","urlTemplate":"https:\/\/italiamachines.com\/?s={search_term_string}"},"query-input":{"@type":"PropertyValueSpecification","valueRequired":true,"valueName":"search_term_string"}}],"inLanguage":"fr-FR"},{"@type":"Organization","@id":"https:\/\/italiamachines.com\/#organization","name":"italiamachines","url":"https:\/\/italiamachines.com\/","logo":{"@type":"ImageObject","inLanguage":"fr-FR","@id":"https:\/\/italiamachines.com\/#\/schema\/logo\/image\/","url":"https:\/\/italiamachines.com\/wp-content\/uploads\/2023\/08\/logo-web-1.png","contentUrl":"https:\/\/italiamachines.com\/wp-content\/uploads\/2023\/08\/logo-web-1.png","width":977,"height":254,"caption":"italiamachines"},"image":{"@id":"https:\/\/italiamachines.com\/#\/schema\/logo\/image\/"},"sameAs":["https:\/\/web.facebook.com\/italiamachines\/","https:\/\/www.instagram.com\/italia.machines\/"]}]}},"_links":{"self":[{"href":"https:\/\/italiamachines.com\/fr_fr\/wp-json\/wp\/v2\/product\/10782","targetHints":{"allow":["GET"]}}],"collection":[{"href":"https:\/\/italiamachines.com\/fr_fr\/wp-json\/wp\/v2\/product"}],"about":[{"href":"https:\/\/italiamachines.com\/fr_fr\/wp-json\/wp\/v2\/types\/product"}],"replies":[{"embeddable":true,"href":"https:\/\/italiamachines.com\/fr_fr\/wp-json\/wp\/v2\/comments?post=10782"}],"wp:featuredmedia":[{"embeddable":true,"href":"https:\/\/italiamachines.com\/fr_fr\/wp-json\/wp\/v2\/media\/10783"}],"wp:attachment":[{"href":"https:\/\/italiamachines.com\/fr_fr\/wp-json\/wp\/v2\/media?parent=10782"}],"wp:term":[{"taxonomy":"product_cat","embeddable":true,"href":"https:\/\/italiamachines.com\/fr_fr\/wp-json\/wp\/v2\/product_cat?post=10782"},{"taxonomy":"product_tag","embeddable":true,"href":"https:\/\/italiamachines.com\/fr_fr\/wp-json\/wp\/v2\/product_tag?post=10782"}],"curies":[{"name":"wp","href":"https:\/\/api.w.org\/{rel}","templated":true}]}}