{"id":11088,"date":"2025-05-08T21:28:11","date_gmt":"2025-05-08T19:28:11","guid":{"rendered":"https:\/\/italiamachines.com\/?post_type=product&#038;p=11088"},"modified":"2025-05-08T21:28:11","modified_gmt":"2025-05-08T19:28:11","slug":"machine-a-laver-9-kg-1200-tr-min-par-whirlpool","status":"publish","type":"product","link":"https:\/\/italiamachines.com\/fr_fr\/boutique\/hygiene\/buanderie\/machine-a-laver\/machine-a-laver-9-kg-1200-tr-min-par-whirlpool\/","title":{"rendered":"Machine \u00e0 laver 9 kg, 1200 tr\/min &#8211; par Whirlpool"},"content":{"rendered":"<p>Capacit\u00e9 : 9 kg<br \/>\nVitesse d\u2019essorage : jusqu\u2019\u00e0 1200 tr\/min<br \/>\nTechnologie 6e SENS : ajuste automatiquement les param\u00e8tres de lavage selon la charge, pour une efficacit\u00e9 optimale et un soin du linge accru<br \/>\nCouleur : Silver (Argent)<br \/>\nType : Pose libre (free standing)<\/p>\n<p>Performance \u00e9nerg\u00e9tique :<br \/>\nClasse \u00e9nerg\u00e9tique : A+++<br \/>\nConsommation annuelle : 196 kWh (sur une base de 220 cycles\/an*)<br \/>\nProgrammes standards : coton 60 \u00b0C et 40 \u00b0C, pleine\/demi-charge<\/p>\n<p>Avantages suppl\u00e9mentaires :<br \/>\nR\u00e9duction de la consommation \u00e9nerg\u00e9tique jusqu\u2019\u00e0 -10 % par rapport au seuil A+++<br \/>\nAdaptabilit\u00e9 automatique aux besoins du linge<br \/>\nDesign moderne et \u00e9l\u00e9gant<\/p>\n","protected":false},"excerpt":{"rendered":"<p>Capacit\u00e9 : 9 kg Vitesse d\u2019essorage : jusqu\u2019\u00e0 1200 tr\/min Technologie 6e SENS : ajuste automatiquement les param\u00e8tres de lavage selon la charge, pour une efficacit\u00e9 optimale et un soin du linge accru Couleur : Silver (Argent) Type : Pose libre (free standing) Performance \u00e9nerg\u00e9tique : Classe \u00e9nerg\u00e9tique : A+++ Consommation annuelle : 196 kWh&hellip;<\/p>\n","protected":false},"featured_media":11089,"comment_status":"open","ping_status":"closed","template":"","meta":[],"product_cat":[158,83,211],"product_tag":[],"class_list":{"0":"post-11088","1":"product","2":"type-product","3":"status-publish","4":"has-post-thumbnail","6":"product_cat-buanderie","7":"product_cat-hygiene","8":"product_cat-machine-a-laver","10":"first","11":"instock","12":"shipping-taxable","13":"purchasable","14":"product-type-simple","15":"col-xs-6 col-sm-4","16":"col-md-3 col-lg-3","17":"un-4-cols"},"yoast_head":"<!-- This site is optimized with the Yoast SEO plugin v26.6 - https:\/\/yoast.com\/wordpress\/plugins\/seo\/ -->\n<title>Machine \u00e0 laver 9 kg, 1200 tr\/min - par Whirlpool | Italia Machines<\/title>\n<meta name=\"robots\" content=\"index, follow, max-snippet:-1, max-image-preview:large, max-video-preview:-1\" \/>\n<link rel=\"canonical\" href=\"https:\/\/italiamachines.com\/fr_fr\/boutique\/hygiene\/buanderie\/machine-a-laver\/machine-a-laver-9-kg-1200-tr-min-par-whirlpool\/\" \/>\n<meta property=\"og:locale\" content=\"fr_FR\" \/>\n<meta property=\"og:type\" content=\"article\" \/>\n<meta property=\"og:title\" content=\"Machine \u00e0 laver 9 kg, 1200 tr\/min - par Whirlpool | Italia Machines\" \/>\n<meta property=\"og:description\" content=\"Capacit\u00e9 : 9 kg Vitesse d\u2019essorage : jusqu\u2019\u00e0 1200 tr\/min Technologie 6e SENS : ajuste automatiquement les param\u00e8tres de lavage selon la charge, pour une efficacit\u00e9 optimale et un soin du linge accru Couleur : Silver (Argent) Type : Pose libre (free standing) Performance \u00e9nerg\u00e9tique : Classe \u00e9nerg\u00e9tique : A+++ Consommation annuelle : 196 kWh&hellip;\" \/>\n<meta property=\"og:url\" content=\"https:\/\/italiamachines.com\/fr_fr\/boutique\/hygiene\/buanderie\/machine-a-laver\/machine-a-laver-9-kg-1200-tr-min-par-whirlpool\/\" \/>\n<meta property=\"og:site_name\" content=\"Italia Machines\" \/>\n<meta property=\"article:publisher\" content=\"https:\/\/web.facebook.com\/italiamachines\/\" \/>\n<meta property=\"og:image\" content=\"https:\/\/italiamachines.com\/wp-content\/uploads\/2025\/05\/ML-9.jpg\" \/>\n\t<meta property=\"og:image:width\" content=\"350\" \/>\n\t<meta property=\"og:image:height\" content=\"350\" \/>\n\t<meta property=\"og:image:type\" content=\"image\/jpeg\" \/>\n<meta name=\"twitter:card\" content=\"summary_large_image\" \/>\n<meta name=\"twitter:label1\" content=\"Dur\u00e9e de lecture estim\u00e9e\" \/>\n\t<meta name=\"twitter:data1\" content=\"1 minute\" \/>\n<script type=\"application\/ld+json\" class=\"yoast-schema-graph\">{\"@context\":\"https:\/\/schema.org\",\"@graph\":[{\"@type\":\"WebPage\",\"@id\":\"https:\/\/italiamachines.com\/boutique\/hygiene\/buanderie\/machine-a-laver\/machine-a-laver-9-kg-1200-tr-min-par-whirlpool\/\",\"url\":\"https:\/\/italiamachines.com\/boutique\/hygiene\/buanderie\/machine-a-laver\/machine-a-laver-9-kg-1200-tr-min-par-whirlpool\/\",\"name\":\"Machine \u00e0 laver 9 kg, 1200 tr\/min - par Whirlpool | Italia Machines\",\"isPartOf\":{\"@id\":\"https:\/\/italiamachines.com\/#website\"},\"primaryImageOfPage\":{\"@id\":\"https:\/\/italiamachines.com\/boutique\/hygiene\/buanderie\/machine-a-laver\/machine-a-laver-9-kg-1200-tr-min-par-whirlpool\/#primaryimage\"},\"image\":{\"@id\":\"https:\/\/italiamachines.com\/boutique\/hygiene\/buanderie\/machine-a-laver\/machine-a-laver-9-kg-1200-tr-min-par-whirlpool\/#primaryimage\"},\"thumbnailUrl\":\"https:\/\/italiamachines.com\/wp-content\/uploads\/2025\/05\/ML-9.jpg\",\"datePublished\":\"2025-05-08T19:28:11+00:00\",\"breadcrumb\":{\"@id\":\"https:\/\/italiamachines.com\/boutique\/hygiene\/buanderie\/machine-a-laver\/machine-a-laver-9-kg-1200-tr-min-par-whirlpool\/#breadcrumb\"},\"inLanguage\":\"fr-FR\",\"potentialAction\":[{\"@type\":\"ReadAction\",\"target\":[\"https:\/\/italiamachines.com\/boutique\/hygiene\/buanderie\/machine-a-laver\/machine-a-laver-9-kg-1200-tr-min-par-whirlpool\/\"]}]},{\"@type\":\"ImageObject\",\"inLanguage\":\"fr-FR\",\"@id\":\"https:\/\/italiamachines.com\/boutique\/hygiene\/buanderie\/machine-a-laver\/machine-a-laver-9-kg-1200-tr-min-par-whirlpool\/#primaryimage\",\"url\":\"https:\/\/italiamachines.com\/wp-content\/uploads\/2025\/05\/ML-9.jpg\",\"contentUrl\":\"https:\/\/italiamachines.com\/wp-content\/uploads\/2025\/05\/ML-9.jpg\",\"width\":350,\"height\":350},{\"@type\":\"BreadcrumbList\",\"@id\":\"https:\/\/italiamachines.com\/boutique\/hygiene\/buanderie\/machine-a-laver\/machine-a-laver-9-kg-1200-tr-min-par-whirlpool\/#breadcrumb\",\"itemListElement\":[{\"@type\":\"ListItem\",\"position\":1,\"name\":\"Accueil\",\"item\":\"https:\/\/italiamachines.com\/fr_fr\/\"},{\"@type\":\"ListItem\",\"position\":2,\"name\":\"Boutique\",\"item\":\"https:\/\/italiamachines.com\/boutique\/\"},{\"@type\":\"ListItem\",\"position\":3,\"name\":\"Machine \u00e0 laver 9 kg, 1200 tr\/min &#8211; par Whirlpool\"}]},{\"@type\":\"WebSite\",\"@id\":\"https:\/\/italiamachines.com\/#website\",\"url\":\"https:\/\/italiamachines.com\/\",\"name\":\"Italia Machines\",\"description\":\"L&#039;art de l&#039;\u00e9quipement HORECA\",\"publisher\":{\"@id\":\"https:\/\/italiamachines.com\/#organization\"},\"potentialAction\":[{\"@type\":\"SearchAction\",\"target\":{\"@type\":\"EntryPoint\",\"urlTemplate\":\"https:\/\/italiamachines.com\/?s={search_term_string}\"},\"query-input\":{\"@type\":\"PropertyValueSpecification\",\"valueRequired\":true,\"valueName\":\"search_term_string\"}}],\"inLanguage\":\"fr-FR\"},{\"@type\":\"Organization\",\"@id\":\"https:\/\/italiamachines.com\/#organization\",\"name\":\"italiamachines\",\"url\":\"https:\/\/italiamachines.com\/\",\"logo\":{\"@type\":\"ImageObject\",\"inLanguage\":\"fr-FR\",\"@id\":\"https:\/\/italiamachines.com\/#\/schema\/logo\/image\/\",\"url\":\"https:\/\/italiamachines.com\/wp-content\/uploads\/2023\/08\/logo-web-1.png\",\"contentUrl\":\"https:\/\/italiamachines.com\/wp-content\/uploads\/2023\/08\/logo-web-1.png\",\"width\":977,\"height\":254,\"caption\":\"italiamachines\"},\"image\":{\"@id\":\"https:\/\/italiamachines.com\/#\/schema\/logo\/image\/\"},\"sameAs\":[\"https:\/\/web.facebook.com\/italiamachines\/\",\"https:\/\/www.instagram.com\/italia.machines\/\"]}]}<\/script>\n<!-- \/ Yoast SEO plugin. -->","yoast_head_json":{"title":"Machine \u00e0 laver 9 kg, 1200 tr\/min - par Whirlpool | Italia Machines","robots":{"index":"index","follow":"follow","max-snippet":"max-snippet:-1","max-image-preview":"max-image-preview:large","max-video-preview":"max-video-preview:-1"},"canonical":"https:\/\/italiamachines.com\/fr_fr\/boutique\/hygiene\/buanderie\/machine-a-laver\/machine-a-laver-9-kg-1200-tr-min-par-whirlpool\/","og_locale":"fr_FR","og_type":"article","og_title":"Machine \u00e0 laver 9 kg, 1200 tr\/min - par Whirlpool | Italia Machines","og_description":"Capacit\u00e9 : 9 kg Vitesse d\u2019essorage : jusqu\u2019\u00e0 1200 tr\/min Technologie 6e SENS : ajuste automatiquement les param\u00e8tres de lavage selon la charge, pour une efficacit\u00e9 optimale et un soin du linge accru Couleur : Silver (Argent) Type : Pose libre (free standing) Performance \u00e9nerg\u00e9tique : Classe \u00e9nerg\u00e9tique : A+++ Consommation annuelle : 196 kWh&hellip;","og_url":"https:\/\/italiamachines.com\/fr_fr\/boutique\/hygiene\/buanderie\/machine-a-laver\/machine-a-laver-9-kg-1200-tr-min-par-whirlpool\/","og_site_name":"Italia Machines","article_publisher":"https:\/\/web.facebook.com\/italiamachines\/","og_image":[{"width":350,"height":350,"url":"https:\/\/italiamachines.com\/wp-content\/uploads\/2025\/05\/ML-9.jpg","type":"image\/jpeg"}],"twitter_card":"summary_large_image","twitter_misc":{"Dur\u00e9e de lecture estim\u00e9e":"1 minute"},"schema":{"@context":"https:\/\/schema.org","@graph":[{"@type":"WebPage","@id":"https:\/\/italiamachines.com\/boutique\/hygiene\/buanderie\/machine-a-laver\/machine-a-laver-9-kg-1200-tr-min-par-whirlpool\/","url":"https:\/\/italiamachines.com\/boutique\/hygiene\/buanderie\/machine-a-laver\/machine-a-laver-9-kg-1200-tr-min-par-whirlpool\/","name":"Machine \u00e0 laver 9 kg, 1200 tr\/min - par Whirlpool | Italia Machines","isPartOf":{"@id":"https:\/\/italiamachines.com\/#website"},"primaryImageOfPage":{"@id":"https:\/\/italiamachines.com\/boutique\/hygiene\/buanderie\/machine-a-laver\/machine-a-laver-9-kg-1200-tr-min-par-whirlpool\/#primaryimage"},"image":{"@id":"https:\/\/italiamachines.com\/boutique\/hygiene\/buanderie\/machine-a-laver\/machine-a-laver-9-kg-1200-tr-min-par-whirlpool\/#primaryimage"},"thumbnailUrl":"https:\/\/italiamachines.com\/wp-content\/uploads\/2025\/05\/ML-9.jpg","datePublished":"2025-05-08T19:28:11+00:00","breadcrumb":{"@id":"https:\/\/italiamachines.com\/boutique\/hygiene\/buanderie\/machine-a-laver\/machine-a-laver-9-kg-1200-tr-min-par-whirlpool\/#breadcrumb"},"inLanguage":"fr-FR","potentialAction":[{"@type":"ReadAction","target":["https:\/\/italiamachines.com\/boutique\/hygiene\/buanderie\/machine-a-laver\/machine-a-laver-9-kg-1200-tr-min-par-whirlpool\/"]}]},{"@type":"ImageObject","inLanguage":"fr-FR","@id":"https:\/\/italiamachines.com\/boutique\/hygiene\/buanderie\/machine-a-laver\/machine-a-laver-9-kg-1200-tr-min-par-whirlpool\/#primaryimage","url":"https:\/\/italiamachines.com\/wp-content\/uploads\/2025\/05\/ML-9.jpg","contentUrl":"https:\/\/italiamachines.com\/wp-content\/uploads\/2025\/05\/ML-9.jpg","width":350,"height":350},{"@type":"BreadcrumbList","@id":"https:\/\/italiamachines.com\/boutique\/hygiene\/buanderie\/machine-a-laver\/machine-a-laver-9-kg-1200-tr-min-par-whirlpool\/#breadcrumb","itemListElement":[{"@type":"ListItem","position":1,"name":"Accueil","item":"https:\/\/italiamachines.com\/fr_fr\/"},{"@type":"ListItem","position":2,"name":"Boutique","item":"https:\/\/italiamachines.com\/boutique\/"},{"@type":"ListItem","position":3,"name":"Machine \u00e0 laver 9 kg, 1200 tr\/min &#8211; par Whirlpool"}]},{"@type":"WebSite","@id":"https:\/\/italiamachines.com\/#website","url":"https:\/\/italiamachines.com\/","name":"Italia Machines","description":"L&#039;art de l&#039;\u00e9quipement HORECA","publisher":{"@id":"https:\/\/italiamachines.com\/#organization"},"potentialAction":[{"@type":"SearchAction","target":{"@type":"EntryPoint","urlTemplate":"https:\/\/italiamachines.com\/?s={search_term_string}"},"query-input":{"@type":"PropertyValueSpecification","valueRequired":true,"valueName":"search_term_string"}}],"inLanguage":"fr-FR"},{"@type":"Organization","@id":"https:\/\/italiamachines.com\/#organization","name":"italiamachines","url":"https:\/\/italiamachines.com\/","logo":{"@type":"ImageObject","inLanguage":"fr-FR","@id":"https:\/\/italiamachines.com\/#\/schema\/logo\/image\/","url":"https:\/\/italiamachines.com\/wp-content\/uploads\/2023\/08\/logo-web-1.png","contentUrl":"https:\/\/italiamachines.com\/wp-content\/uploads\/2023\/08\/logo-web-1.png","width":977,"height":254,"caption":"italiamachines"},"image":{"@id":"https:\/\/italiamachines.com\/#\/schema\/logo\/image\/"},"sameAs":["https:\/\/web.facebook.com\/italiamachines\/","https:\/\/www.instagram.com\/italia.machines\/"]}]}},"_links":{"self":[{"href":"https:\/\/italiamachines.com\/fr_fr\/wp-json\/wp\/v2\/product\/11088","targetHints":{"allow":["GET"]}}],"collection":[{"href":"https:\/\/italiamachines.com\/fr_fr\/wp-json\/wp\/v2\/product"}],"about":[{"href":"https:\/\/italiamachines.com\/fr_fr\/wp-json\/wp\/v2\/types\/product"}],"replies":[{"embeddable":true,"href":"https:\/\/italiamachines.com\/fr_fr\/wp-json\/wp\/v2\/comments?post=11088"}],"wp:featuredmedia":[{"embeddable":true,"href":"https:\/\/italiamachines.com\/fr_fr\/wp-json\/wp\/v2\/media\/11089"}],"wp:attachment":[{"href":"https:\/\/italiamachines.com\/fr_fr\/wp-json\/wp\/v2\/media?parent=11088"}],"wp:term":[{"taxonomy":"product_cat","embeddable":true,"href":"https:\/\/italiamachines.com\/fr_fr\/wp-json\/wp\/v2\/product_cat?post=11088"},{"taxonomy":"product_tag","embeddable":true,"href":"https:\/\/italiamachines.com\/fr_fr\/wp-json\/wp\/v2\/product_tag?post=11088"}],"curies":[{"name":"wp","href":"https:\/\/api.w.org\/{rel}","templated":true}]}}