{"id":11090,"date":"2025-05-08T21:47:48","date_gmt":"2025-05-08T19:47:48","guid":{"rendered":"https:\/\/italiamachines.com\/?post_type=product&#038;p=11090"},"modified":"2025-05-08T21:50:56","modified_gmt":"2025-05-08T19:50:56","slug":"fabrique-glacons-cube-creux-22kg-24h-par-staff-ice-system","status":"publish","type":"product","link":"https:\/\/italiamachines.com\/fr_fr\/boutique\/cafe-glacier-lecheria\/froid-conservation-pour-glace\/fabrique-glacons\/fabrique-glacons-cube-creux-22kg-24h-par-staff-ice-system\/","title":{"rendered":"Fabrique gla\u00e7ons cube creux 22kg\/24h &#8211; par Staff Ice System"},"content":{"rendered":"<p>Type de gla\u00e7ons : Cubes creux<br \/>\nProduction journali\u00e8re : 22 kg \/ 24 h<br \/>\nProduction par cycle : 12 gla\u00e7ons<br \/>\nCapacit\u00e9 du r\u00e9servoir : 4,9 kg<br \/>\nTension : 230 V ~ 50 Hz &#8211; Monophas\u00e9<br \/>\nPuissance install\u00e9e : 240 W<br \/>\nDimensions (L x P x H) : 320 x 500 x 640 mm<br \/>\nPoids brut : 37 kg<br \/>\nVolume brut : 0,18 m\u00b3<\/p>\n","protected":false},"excerpt":{"rendered":"<p>Type de gla\u00e7ons : Cubes creux Production journali\u00e8re : 22 kg \/ 24 h Production par cycle : 12 gla\u00e7ons Capacit\u00e9 du r\u00e9servoir : 4,9 kg Tension : 230 V ~ 50 Hz &#8211; Monophas\u00e9 Puissance install\u00e9e : 240 W Dimensions (L x P x H) : 320 x 500 x 640 mm Poids brut&hellip;<\/p>\n","protected":false},"featured_media":11091,"comment_status":"closed","ping_status":"closed","template":"","meta":[],"product_cat":[65,180,73,80],"product_tag":[],"class_list":{"0":"post-11090","1":"product","2":"type-product","3":"status-publish","4":"has-post-thumbnail","6":"product_cat-cafe-glacier-lecheria","7":"product_cat-fabrique-glacons","8":"product_cat-froid-conservation-pour-glace","9":"product_cat-glacier-lecheria","11":"first","12":"instock","13":"shipping-taxable","14":"purchasable","15":"product-type-simple","16":"col-xs-6 col-sm-4","17":"col-md-3 col-lg-3","18":"un-4-cols"},"yoast_head":"<!-- This site is optimized with the Yoast SEO plugin v26.6 - https:\/\/yoast.com\/wordpress\/plugins\/seo\/ -->\n<title>Fabrique gla\u00e7ons cube creux 22kg\/24h - par Staff Ice System | Italia Machines<\/title>\n<meta name=\"robots\" content=\"index, follow, max-snippet:-1, max-image-preview:large, max-video-preview:-1\" \/>\n<link rel=\"canonical\" href=\"https:\/\/italiamachines.com\/fr_fr\/boutique\/cafe-glacier-lecheria\/froid-conservation-pour-glace\/fabrique-glacons\/fabrique-glacons-cube-creux-22kg-24h-par-staff-ice-system\/\" \/>\n<meta property=\"og:locale\" content=\"fr_FR\" \/>\n<meta property=\"og:type\" content=\"article\" \/>\n<meta property=\"og:title\" content=\"Fabrique gla\u00e7ons cube creux 22kg\/24h - par Staff Ice System | Italia Machines\" \/>\n<meta property=\"og:description\" content=\"Type de gla\u00e7ons : Cubes creux Production journali\u00e8re : 22 kg \/ 24 h Production par cycle : 12 gla\u00e7ons Capacit\u00e9 du r\u00e9servoir : 4,9 kg Tension : 230 V ~ 50 Hz &#8211; Monophas\u00e9 Puissance install\u00e9e : 240 W Dimensions (L x P x H) : 320 x 500 x 640 mm Poids brut&hellip;\" \/>\n<meta property=\"og:url\" content=\"https:\/\/italiamachines.com\/fr_fr\/boutique\/cafe-glacier-lecheria\/froid-conservation-pour-glace\/fabrique-glacons\/fabrique-glacons-cube-creux-22kg-24h-par-staff-ice-system\/\" \/>\n<meta property=\"og:site_name\" content=\"Italia Machines\" \/>\n<meta property=\"article:publisher\" content=\"https:\/\/web.facebook.com\/italiamachines\/\" \/>\n<meta property=\"article:modified_time\" content=\"2025-05-08T19:50:56+00:00\" \/>\n<meta property=\"og:image\" content=\"https:\/\/italiamachines.com\/wp-content\/uploads\/2025\/05\/MP22.jpg\" \/>\n\t<meta property=\"og:image:width\" content=\"650\" \/>\n\t<meta property=\"og:image:height\" content=\"866\" \/>\n\t<meta property=\"og:image:type\" content=\"image\/jpeg\" \/>\n<meta name=\"twitter:card\" content=\"summary_large_image\" \/>\n<meta name=\"twitter:label1\" content=\"Dur\u00e9e de lecture estim\u00e9e\" \/>\n\t<meta name=\"twitter:data1\" content=\"1 minute\" \/>\n<script type=\"application\/ld+json\" class=\"yoast-schema-graph\">{\"@context\":\"https:\/\/schema.org\",\"@graph\":[{\"@type\":\"WebPage\",\"@id\":\"https:\/\/italiamachines.com\/boutique\/cafe-glacier-lecheria\/froid-conservation-pour-glace\/fabrique-glacons\/fabrique-glacons-cube-creux-22kg-24h-par-staff-ice-system\/\",\"url\":\"https:\/\/italiamachines.com\/boutique\/cafe-glacier-lecheria\/froid-conservation-pour-glace\/fabrique-glacons\/fabrique-glacons-cube-creux-22kg-24h-par-staff-ice-system\/\",\"name\":\"Fabrique gla\u00e7ons cube creux 22kg\/24h - par Staff Ice System | Italia Machines\",\"isPartOf\":{\"@id\":\"https:\/\/italiamachines.com\/#website\"},\"primaryImageOfPage\":{\"@id\":\"https:\/\/italiamachines.com\/boutique\/cafe-glacier-lecheria\/froid-conservation-pour-glace\/fabrique-glacons\/fabrique-glacons-cube-creux-22kg-24h-par-staff-ice-system\/#primaryimage\"},\"image\":{\"@id\":\"https:\/\/italiamachines.com\/boutique\/cafe-glacier-lecheria\/froid-conservation-pour-glace\/fabrique-glacons\/fabrique-glacons-cube-creux-22kg-24h-par-staff-ice-system\/#primaryimage\"},\"thumbnailUrl\":\"https:\/\/italiamachines.com\/wp-content\/uploads\/2025\/05\/MP22.jpg\",\"datePublished\":\"2025-05-08T19:47:48+00:00\",\"dateModified\":\"2025-05-08T19:50:56+00:00\",\"breadcrumb\":{\"@id\":\"https:\/\/italiamachines.com\/boutique\/cafe-glacier-lecheria\/froid-conservation-pour-glace\/fabrique-glacons\/fabrique-glacons-cube-creux-22kg-24h-par-staff-ice-system\/#breadcrumb\"},\"inLanguage\":\"fr-FR\",\"potentialAction\":[{\"@type\":\"ReadAction\",\"target\":[\"https:\/\/italiamachines.com\/boutique\/cafe-glacier-lecheria\/froid-conservation-pour-glace\/fabrique-glacons\/fabrique-glacons-cube-creux-22kg-24h-par-staff-ice-system\/\"]}]},{\"@type\":\"ImageObject\",\"inLanguage\":\"fr-FR\",\"@id\":\"https:\/\/italiamachines.com\/boutique\/cafe-glacier-lecheria\/froid-conservation-pour-glace\/fabrique-glacons\/fabrique-glacons-cube-creux-22kg-24h-par-staff-ice-system\/#primaryimage\",\"url\":\"https:\/\/italiamachines.com\/wp-content\/uploads\/2025\/05\/MP22.jpg\",\"contentUrl\":\"https:\/\/italiamachines.com\/wp-content\/uploads\/2025\/05\/MP22.jpg\",\"width\":650,\"height\":866},{\"@type\":\"BreadcrumbList\",\"@id\":\"https:\/\/italiamachines.com\/boutique\/cafe-glacier-lecheria\/froid-conservation-pour-glace\/fabrique-glacons\/fabrique-glacons-cube-creux-22kg-24h-par-staff-ice-system\/#breadcrumb\",\"itemListElement\":[{\"@type\":\"ListItem\",\"position\":1,\"name\":\"Accueil\",\"item\":\"https:\/\/italiamachines.com\/fr_fr\/\"},{\"@type\":\"ListItem\",\"position\":2,\"name\":\"Boutique\",\"item\":\"https:\/\/italiamachines.com\/boutique\/\"},{\"@type\":\"ListItem\",\"position\":3,\"name\":\"Fabrique gla\u00e7ons cube creux 22kg\/24h &#8211; par Staff Ice System\"}]},{\"@type\":\"WebSite\",\"@id\":\"https:\/\/italiamachines.com\/#website\",\"url\":\"https:\/\/italiamachines.com\/\",\"name\":\"Italia Machines\",\"description\":\"L&#039;art de l&#039;\u00e9quipement HORECA\",\"publisher\":{\"@id\":\"https:\/\/italiamachines.com\/#organization\"},\"potentialAction\":[{\"@type\":\"SearchAction\",\"target\":{\"@type\":\"EntryPoint\",\"urlTemplate\":\"https:\/\/italiamachines.com\/?s={search_term_string}\"},\"query-input\":{\"@type\":\"PropertyValueSpecification\",\"valueRequired\":true,\"valueName\":\"search_term_string\"}}],\"inLanguage\":\"fr-FR\"},{\"@type\":\"Organization\",\"@id\":\"https:\/\/italiamachines.com\/#organization\",\"name\":\"italiamachines\",\"url\":\"https:\/\/italiamachines.com\/\",\"logo\":{\"@type\":\"ImageObject\",\"inLanguage\":\"fr-FR\",\"@id\":\"https:\/\/italiamachines.com\/#\/schema\/logo\/image\/\",\"url\":\"https:\/\/italiamachines.com\/wp-content\/uploads\/2023\/08\/logo-web-1.png\",\"contentUrl\":\"https:\/\/italiamachines.com\/wp-content\/uploads\/2023\/08\/logo-web-1.png\",\"width\":977,\"height\":254,\"caption\":\"italiamachines\"},\"image\":{\"@id\":\"https:\/\/italiamachines.com\/#\/schema\/logo\/image\/\"},\"sameAs\":[\"https:\/\/web.facebook.com\/italiamachines\/\",\"https:\/\/www.instagram.com\/italia.machines\/\"]}]}<\/script>\n<!-- \/ Yoast SEO plugin. -->","yoast_head_json":{"title":"Fabrique gla\u00e7ons cube creux 22kg\/24h - par Staff Ice System | Italia Machines","robots":{"index":"index","follow":"follow","max-snippet":"max-snippet:-1","max-image-preview":"max-image-preview:large","max-video-preview":"max-video-preview:-1"},"canonical":"https:\/\/italiamachines.com\/fr_fr\/boutique\/cafe-glacier-lecheria\/froid-conservation-pour-glace\/fabrique-glacons\/fabrique-glacons-cube-creux-22kg-24h-par-staff-ice-system\/","og_locale":"fr_FR","og_type":"article","og_title":"Fabrique gla\u00e7ons cube creux 22kg\/24h - par Staff Ice System | Italia Machines","og_description":"Type de gla\u00e7ons : Cubes creux Production journali\u00e8re : 22 kg \/ 24 h Production par cycle : 12 gla\u00e7ons Capacit\u00e9 du r\u00e9servoir : 4,9 kg Tension : 230 V ~ 50 Hz &#8211; Monophas\u00e9 Puissance install\u00e9e : 240 W Dimensions (L x P x H) : 320 x 500 x 640 mm Poids brut&hellip;","og_url":"https:\/\/italiamachines.com\/fr_fr\/boutique\/cafe-glacier-lecheria\/froid-conservation-pour-glace\/fabrique-glacons\/fabrique-glacons-cube-creux-22kg-24h-par-staff-ice-system\/","og_site_name":"Italia Machines","article_publisher":"https:\/\/web.facebook.com\/italiamachines\/","article_modified_time":"2025-05-08T19:50:56+00:00","og_image":[{"width":650,"height":866,"url":"https:\/\/italiamachines.com\/wp-content\/uploads\/2025\/05\/MP22.jpg","type":"image\/jpeg"}],"twitter_card":"summary_large_image","twitter_misc":{"Dur\u00e9e de lecture estim\u00e9e":"1 minute"},"schema":{"@context":"https:\/\/schema.org","@graph":[{"@type":"WebPage","@id":"https:\/\/italiamachines.com\/boutique\/cafe-glacier-lecheria\/froid-conservation-pour-glace\/fabrique-glacons\/fabrique-glacons-cube-creux-22kg-24h-par-staff-ice-system\/","url":"https:\/\/italiamachines.com\/boutique\/cafe-glacier-lecheria\/froid-conservation-pour-glace\/fabrique-glacons\/fabrique-glacons-cube-creux-22kg-24h-par-staff-ice-system\/","name":"Fabrique gla\u00e7ons cube creux 22kg\/24h - par Staff Ice System | Italia Machines","isPartOf":{"@id":"https:\/\/italiamachines.com\/#website"},"primaryImageOfPage":{"@id":"https:\/\/italiamachines.com\/boutique\/cafe-glacier-lecheria\/froid-conservation-pour-glace\/fabrique-glacons\/fabrique-glacons-cube-creux-22kg-24h-par-staff-ice-system\/#primaryimage"},"image":{"@id":"https:\/\/italiamachines.com\/boutique\/cafe-glacier-lecheria\/froid-conservation-pour-glace\/fabrique-glacons\/fabrique-glacons-cube-creux-22kg-24h-par-staff-ice-system\/#primaryimage"},"thumbnailUrl":"https:\/\/italiamachines.com\/wp-content\/uploads\/2025\/05\/MP22.jpg","datePublished":"2025-05-08T19:47:48+00:00","dateModified":"2025-05-08T19:50:56+00:00","breadcrumb":{"@id":"https:\/\/italiamachines.com\/boutique\/cafe-glacier-lecheria\/froid-conservation-pour-glace\/fabrique-glacons\/fabrique-glacons-cube-creux-22kg-24h-par-staff-ice-system\/#breadcrumb"},"inLanguage":"fr-FR","potentialAction":[{"@type":"ReadAction","target":["https:\/\/italiamachines.com\/boutique\/cafe-glacier-lecheria\/froid-conservation-pour-glace\/fabrique-glacons\/fabrique-glacons-cube-creux-22kg-24h-par-staff-ice-system\/"]}]},{"@type":"ImageObject","inLanguage":"fr-FR","@id":"https:\/\/italiamachines.com\/boutique\/cafe-glacier-lecheria\/froid-conservation-pour-glace\/fabrique-glacons\/fabrique-glacons-cube-creux-22kg-24h-par-staff-ice-system\/#primaryimage","url":"https:\/\/italiamachines.com\/wp-content\/uploads\/2025\/05\/MP22.jpg","contentUrl":"https:\/\/italiamachines.com\/wp-content\/uploads\/2025\/05\/MP22.jpg","width":650,"height":866},{"@type":"BreadcrumbList","@id":"https:\/\/italiamachines.com\/boutique\/cafe-glacier-lecheria\/froid-conservation-pour-glace\/fabrique-glacons\/fabrique-glacons-cube-creux-22kg-24h-par-staff-ice-system\/#breadcrumb","itemListElement":[{"@type":"ListItem","position":1,"name":"Accueil","item":"https:\/\/italiamachines.com\/fr_fr\/"},{"@type":"ListItem","position":2,"name":"Boutique","item":"https:\/\/italiamachines.com\/boutique\/"},{"@type":"ListItem","position":3,"name":"Fabrique gla\u00e7ons cube creux 22kg\/24h &#8211; par Staff Ice System"}]},{"@type":"WebSite","@id":"https:\/\/italiamachines.com\/#website","url":"https:\/\/italiamachines.com\/","name":"Italia Machines","description":"L&#039;art de l&#039;\u00e9quipement HORECA","publisher":{"@id":"https:\/\/italiamachines.com\/#organization"},"potentialAction":[{"@type":"SearchAction","target":{"@type":"EntryPoint","urlTemplate":"https:\/\/italiamachines.com\/?s={search_term_string}"},"query-input":{"@type":"PropertyValueSpecification","valueRequired":true,"valueName":"search_term_string"}}],"inLanguage":"fr-FR"},{"@type":"Organization","@id":"https:\/\/italiamachines.com\/#organization","name":"italiamachines","url":"https:\/\/italiamachines.com\/","logo":{"@type":"ImageObject","inLanguage":"fr-FR","@id":"https:\/\/italiamachines.com\/#\/schema\/logo\/image\/","url":"https:\/\/italiamachines.com\/wp-content\/uploads\/2023\/08\/logo-web-1.png","contentUrl":"https:\/\/italiamachines.com\/wp-content\/uploads\/2023\/08\/logo-web-1.png","width":977,"height":254,"caption":"italiamachines"},"image":{"@id":"https:\/\/italiamachines.com\/#\/schema\/logo\/image\/"},"sameAs":["https:\/\/web.facebook.com\/italiamachines\/","https:\/\/www.instagram.com\/italia.machines\/"]}]}},"_links":{"self":[{"href":"https:\/\/italiamachines.com\/fr_fr\/wp-json\/wp\/v2\/product\/11090","targetHints":{"allow":["GET"]}}],"collection":[{"href":"https:\/\/italiamachines.com\/fr_fr\/wp-json\/wp\/v2\/product"}],"about":[{"href":"https:\/\/italiamachines.com\/fr_fr\/wp-json\/wp\/v2\/types\/product"}],"replies":[{"embeddable":true,"href":"https:\/\/italiamachines.com\/fr_fr\/wp-json\/wp\/v2\/comments?post=11090"}],"wp:featuredmedia":[{"embeddable":true,"href":"https:\/\/italiamachines.com\/fr_fr\/wp-json\/wp\/v2\/media\/11091"}],"wp:attachment":[{"href":"https:\/\/italiamachines.com\/fr_fr\/wp-json\/wp\/v2\/media?parent=11090"}],"wp:term":[{"taxonomy":"product_cat","embeddable":true,"href":"https:\/\/italiamachines.com\/fr_fr\/wp-json\/wp\/v2\/product_cat?post=11090"},{"taxonomy":"product_tag","embeddable":true,"href":"https:\/\/italiamachines.com\/fr_fr\/wp-json\/wp\/v2\/product_tag?post=11090"}],"curies":[{"name":"wp","href":"https:\/\/api.w.org\/{rel}","templated":true}]}}