{"id":11098,"date":"2025-05-08T23:23:23","date_gmt":"2025-05-08T21:23:23","guid":{"rendered":"https:\/\/italiamachines.com\/?post_type=product&#038;p=11098"},"modified":"2025-05-08T23:23:23","modified_gmt":"2025-05-08T21:23:23","slug":"machine-a-cafe-semi-automatique-modele-opera-2-groupes-par-bfc","status":"publish","type":"product","link":"https:\/\/italiamachines.com\/fr_fr\/boutique\/cafe-glacier-lecheria\/cafe-lecheria\/machine-a-cafe\/machine-a-cafe-semi-automatique-modele-opera-2-groupes-par-bfc\/","title":{"rendered":"Machine \u00e0 caf\u00e9 semi-automatique mod\u00e8le Opera 2 groupes &#8211; par BFC"},"content":{"rendered":"<p>Chauffage \u00e9lectrique<br \/>\nChaudi\u00e8re en cuivre de 5 litres avec circulation thermique par thermosiphon<br \/>\nContr\u00f4le automatique du niveau d\u2019eau (autolivello)<br \/>\nGroupes thermocompens\u00e9s pour stabilit\u00e9 de temp\u00e9rature<br \/>\nMotopompe int\u00e9gr\u00e9e<br \/>\n2 lances vapeur (vapeur + eau chaude\/froide mix\u00e9e)<br \/>\n2 porte-filtres<br \/>\nKit capsule ou kit dosette disponible en option<\/p>\n<p>Nombre de groupes : 2<br \/>\nChaudi\u00e8re : 5 L en cuivre<br \/>\nPuissance : 2500 \u2013 2900 W<br \/>\nTension : 110 \/ 230 \/ 240 V<br \/>\nPoids net : 45 kg<br \/>\nMonophas\u00e9 selon tension choisie<br \/>\nCompatible avec installations 230V standard<\/p>\n","protected":false},"excerpt":{"rendered":"<p>Chauffage \u00e9lectrique Chaudi\u00e8re en cuivre de 5 litres avec circulation thermique par thermosiphon Contr\u00f4le automatique du niveau d\u2019eau (autolivello) Groupes thermocompens\u00e9s pour stabilit\u00e9 de temp\u00e9rature Motopompe int\u00e9gr\u00e9e 2 lances vapeur (vapeur + eau chaude\/froide mix\u00e9e) 2 porte-filtres Kit capsule ou kit dosette disponible en option Nombre de groupes : 2 Chaudi\u00e8re : 5 L en&hellip;<\/p>\n","protected":false},"featured_media":11099,"comment_status":"open","ping_status":"closed","template":"","meta":[],"product_cat":[160,65,210],"product_tag":[],"class_list":{"0":"post-11098","1":"product","2":"type-product","3":"status-publish","4":"has-post-thumbnail","6":"product_cat-cafe-lecheria","7":"product_cat-cafe-glacier-lecheria","8":"product_cat-machine-a-cafe","10":"first","11":"instock","12":"shipping-taxable","13":"purchasable","14":"product-type-simple","15":"col-xs-6 col-sm-4","16":"col-md-3 col-lg-3","17":"un-4-cols"},"yoast_head":"<!-- This site is optimized with the Yoast SEO plugin v26.6 - https:\/\/yoast.com\/wordpress\/plugins\/seo\/ -->\n<title>Machine \u00e0 caf\u00e9 semi-automatique mod\u00e8le Opera 2 groupes - par BFC | Italia Machines<\/title>\n<meta name=\"robots\" content=\"index, follow, max-snippet:-1, max-image-preview:large, max-video-preview:-1\" \/>\n<link rel=\"canonical\" href=\"https:\/\/italiamachines.com\/fr_fr\/boutique\/cafe-glacier-lecheria\/cafe-lecheria\/machine-a-cafe\/machine-a-cafe-semi-automatique-modele-opera-2-groupes-par-bfc\/\" \/>\n<meta property=\"og:locale\" content=\"fr_FR\" \/>\n<meta property=\"og:type\" content=\"article\" \/>\n<meta property=\"og:title\" content=\"Machine \u00e0 caf\u00e9 semi-automatique mod\u00e8le Opera 2 groupes - par BFC | Italia Machines\" \/>\n<meta property=\"og:description\" content=\"Chauffage \u00e9lectrique Chaudi\u00e8re en cuivre de 5 litres avec circulation thermique par thermosiphon Contr\u00f4le automatique du niveau d\u2019eau (autolivello) Groupes thermocompens\u00e9s pour stabilit\u00e9 de temp\u00e9rature Motopompe int\u00e9gr\u00e9e 2 lances vapeur (vapeur + eau chaude\/froide mix\u00e9e) 2 porte-filtres Kit capsule ou kit dosette disponible en option Nombre de groupes : 2 Chaudi\u00e8re : 5 L en&hellip;\" \/>\n<meta property=\"og:url\" content=\"https:\/\/italiamachines.com\/fr_fr\/boutique\/cafe-glacier-lecheria\/cafe-lecheria\/machine-a-cafe\/machine-a-cafe-semi-automatique-modele-opera-2-groupes-par-bfc\/\" \/>\n<meta property=\"og:site_name\" content=\"Italia Machines\" \/>\n<meta property=\"article:publisher\" content=\"https:\/\/web.facebook.com\/italiamachines\/\" \/>\n<meta property=\"og:image\" content=\"https:\/\/italiamachines.com\/wp-content\/uploads\/2025\/05\/OM2EDR2B.jpg\" \/>\n\t<meta property=\"og:image:width\" content=\"915\" \/>\n\t<meta property=\"og:image:height\" content=\"665\" \/>\n\t<meta property=\"og:image:type\" content=\"image\/jpeg\" \/>\n<meta name=\"twitter:card\" content=\"summary_large_image\" \/>\n<meta name=\"twitter:label1\" content=\"Dur\u00e9e de lecture estim\u00e9e\" \/>\n\t<meta name=\"twitter:data1\" content=\"1 minute\" \/>\n<script type=\"application\/ld+json\" class=\"yoast-schema-graph\">{\"@context\":\"https:\/\/schema.org\",\"@graph\":[{\"@type\":\"WebPage\",\"@id\":\"https:\/\/italiamachines.com\/boutique\/cafe-glacier-lecheria\/cafe-lecheria\/machine-a-cafe\/machine-a-cafe-semi-automatique-modele-opera-2-groupes-par-bfc\/\",\"url\":\"https:\/\/italiamachines.com\/boutique\/cafe-glacier-lecheria\/cafe-lecheria\/machine-a-cafe\/machine-a-cafe-semi-automatique-modele-opera-2-groupes-par-bfc\/\",\"name\":\"Machine \u00e0 caf\u00e9 semi-automatique mod\u00e8le Opera 2 groupes - par BFC | Italia Machines\",\"isPartOf\":{\"@id\":\"https:\/\/italiamachines.com\/#website\"},\"primaryImageOfPage\":{\"@id\":\"https:\/\/italiamachines.com\/boutique\/cafe-glacier-lecheria\/cafe-lecheria\/machine-a-cafe\/machine-a-cafe-semi-automatique-modele-opera-2-groupes-par-bfc\/#primaryimage\"},\"image\":{\"@id\":\"https:\/\/italiamachines.com\/boutique\/cafe-glacier-lecheria\/cafe-lecheria\/machine-a-cafe\/machine-a-cafe-semi-automatique-modele-opera-2-groupes-par-bfc\/#primaryimage\"},\"thumbnailUrl\":\"https:\/\/italiamachines.com\/wp-content\/uploads\/2025\/05\/OM2EDR2B.jpg\",\"datePublished\":\"2025-05-08T21:23:23+00:00\",\"breadcrumb\":{\"@id\":\"https:\/\/italiamachines.com\/boutique\/cafe-glacier-lecheria\/cafe-lecheria\/machine-a-cafe\/machine-a-cafe-semi-automatique-modele-opera-2-groupes-par-bfc\/#breadcrumb\"},\"inLanguage\":\"fr-FR\",\"potentialAction\":[{\"@type\":\"ReadAction\",\"target\":[\"https:\/\/italiamachines.com\/boutique\/cafe-glacier-lecheria\/cafe-lecheria\/machine-a-cafe\/machine-a-cafe-semi-automatique-modele-opera-2-groupes-par-bfc\/\"]}]},{\"@type\":\"ImageObject\",\"inLanguage\":\"fr-FR\",\"@id\":\"https:\/\/italiamachines.com\/boutique\/cafe-glacier-lecheria\/cafe-lecheria\/machine-a-cafe\/machine-a-cafe-semi-automatique-modele-opera-2-groupes-par-bfc\/#primaryimage\",\"url\":\"https:\/\/italiamachines.com\/wp-content\/uploads\/2025\/05\/OM2EDR2B.jpg\",\"contentUrl\":\"https:\/\/italiamachines.com\/wp-content\/uploads\/2025\/05\/OM2EDR2B.jpg\",\"width\":915,\"height\":665},{\"@type\":\"BreadcrumbList\",\"@id\":\"https:\/\/italiamachines.com\/boutique\/cafe-glacier-lecheria\/cafe-lecheria\/machine-a-cafe\/machine-a-cafe-semi-automatique-modele-opera-2-groupes-par-bfc\/#breadcrumb\",\"itemListElement\":[{\"@type\":\"ListItem\",\"position\":1,\"name\":\"Accueil\",\"item\":\"https:\/\/italiamachines.com\/fr_fr\/\"},{\"@type\":\"ListItem\",\"position\":2,\"name\":\"Boutique\",\"item\":\"https:\/\/italiamachines.com\/boutique\/\"},{\"@type\":\"ListItem\",\"position\":3,\"name\":\"Machine \u00e0 caf\u00e9 semi-automatique mod\u00e8le Opera 2 groupes &#8211; par BFC\"}]},{\"@type\":\"WebSite\",\"@id\":\"https:\/\/italiamachines.com\/#website\",\"url\":\"https:\/\/italiamachines.com\/\",\"name\":\"Italia Machines\",\"description\":\"L&#039;art de l&#039;\u00e9quipement HORECA\",\"publisher\":{\"@id\":\"https:\/\/italiamachines.com\/#organization\"},\"potentialAction\":[{\"@type\":\"SearchAction\",\"target\":{\"@type\":\"EntryPoint\",\"urlTemplate\":\"https:\/\/italiamachines.com\/?s={search_term_string}\"},\"query-input\":{\"@type\":\"PropertyValueSpecification\",\"valueRequired\":true,\"valueName\":\"search_term_string\"}}],\"inLanguage\":\"fr-FR\"},{\"@type\":\"Organization\",\"@id\":\"https:\/\/italiamachines.com\/#organization\",\"name\":\"italiamachines\",\"url\":\"https:\/\/italiamachines.com\/\",\"logo\":{\"@type\":\"ImageObject\",\"inLanguage\":\"fr-FR\",\"@id\":\"https:\/\/italiamachines.com\/#\/schema\/logo\/image\/\",\"url\":\"https:\/\/italiamachines.com\/wp-content\/uploads\/2023\/08\/logo-web-1.png\",\"contentUrl\":\"https:\/\/italiamachines.com\/wp-content\/uploads\/2023\/08\/logo-web-1.png\",\"width\":977,\"height\":254,\"caption\":\"italiamachines\"},\"image\":{\"@id\":\"https:\/\/italiamachines.com\/#\/schema\/logo\/image\/\"},\"sameAs\":[\"https:\/\/web.facebook.com\/italiamachines\/\",\"https:\/\/www.instagram.com\/italia.machines\/\"]}]}<\/script>\n<!-- \/ Yoast SEO plugin. -->","yoast_head_json":{"title":"Machine \u00e0 caf\u00e9 semi-automatique mod\u00e8le Opera 2 groupes - par BFC | Italia Machines","robots":{"index":"index","follow":"follow","max-snippet":"max-snippet:-1","max-image-preview":"max-image-preview:large","max-video-preview":"max-video-preview:-1"},"canonical":"https:\/\/italiamachines.com\/fr_fr\/boutique\/cafe-glacier-lecheria\/cafe-lecheria\/machine-a-cafe\/machine-a-cafe-semi-automatique-modele-opera-2-groupes-par-bfc\/","og_locale":"fr_FR","og_type":"article","og_title":"Machine \u00e0 caf\u00e9 semi-automatique mod\u00e8le Opera 2 groupes - par BFC | Italia Machines","og_description":"Chauffage \u00e9lectrique Chaudi\u00e8re en cuivre de 5 litres avec circulation thermique par thermosiphon Contr\u00f4le automatique du niveau d\u2019eau (autolivello) Groupes thermocompens\u00e9s pour stabilit\u00e9 de temp\u00e9rature Motopompe int\u00e9gr\u00e9e 2 lances vapeur (vapeur + eau chaude\/froide mix\u00e9e) 2 porte-filtres Kit capsule ou kit dosette disponible en option Nombre de groupes : 2 Chaudi\u00e8re : 5 L en&hellip;","og_url":"https:\/\/italiamachines.com\/fr_fr\/boutique\/cafe-glacier-lecheria\/cafe-lecheria\/machine-a-cafe\/machine-a-cafe-semi-automatique-modele-opera-2-groupes-par-bfc\/","og_site_name":"Italia Machines","article_publisher":"https:\/\/web.facebook.com\/italiamachines\/","og_image":[{"width":915,"height":665,"url":"https:\/\/italiamachines.com\/wp-content\/uploads\/2025\/05\/OM2EDR2B.jpg","type":"image\/jpeg"}],"twitter_card":"summary_large_image","twitter_misc":{"Dur\u00e9e de lecture estim\u00e9e":"1 minute"},"schema":{"@context":"https:\/\/schema.org","@graph":[{"@type":"WebPage","@id":"https:\/\/italiamachines.com\/boutique\/cafe-glacier-lecheria\/cafe-lecheria\/machine-a-cafe\/machine-a-cafe-semi-automatique-modele-opera-2-groupes-par-bfc\/","url":"https:\/\/italiamachines.com\/boutique\/cafe-glacier-lecheria\/cafe-lecheria\/machine-a-cafe\/machine-a-cafe-semi-automatique-modele-opera-2-groupes-par-bfc\/","name":"Machine \u00e0 caf\u00e9 semi-automatique mod\u00e8le Opera 2 groupes - par BFC | Italia Machines","isPartOf":{"@id":"https:\/\/italiamachines.com\/#website"},"primaryImageOfPage":{"@id":"https:\/\/italiamachines.com\/boutique\/cafe-glacier-lecheria\/cafe-lecheria\/machine-a-cafe\/machine-a-cafe-semi-automatique-modele-opera-2-groupes-par-bfc\/#primaryimage"},"image":{"@id":"https:\/\/italiamachines.com\/boutique\/cafe-glacier-lecheria\/cafe-lecheria\/machine-a-cafe\/machine-a-cafe-semi-automatique-modele-opera-2-groupes-par-bfc\/#primaryimage"},"thumbnailUrl":"https:\/\/italiamachines.com\/wp-content\/uploads\/2025\/05\/OM2EDR2B.jpg","datePublished":"2025-05-08T21:23:23+00:00","breadcrumb":{"@id":"https:\/\/italiamachines.com\/boutique\/cafe-glacier-lecheria\/cafe-lecheria\/machine-a-cafe\/machine-a-cafe-semi-automatique-modele-opera-2-groupes-par-bfc\/#breadcrumb"},"inLanguage":"fr-FR","potentialAction":[{"@type":"ReadAction","target":["https:\/\/italiamachines.com\/boutique\/cafe-glacier-lecheria\/cafe-lecheria\/machine-a-cafe\/machine-a-cafe-semi-automatique-modele-opera-2-groupes-par-bfc\/"]}]},{"@type":"ImageObject","inLanguage":"fr-FR","@id":"https:\/\/italiamachines.com\/boutique\/cafe-glacier-lecheria\/cafe-lecheria\/machine-a-cafe\/machine-a-cafe-semi-automatique-modele-opera-2-groupes-par-bfc\/#primaryimage","url":"https:\/\/italiamachines.com\/wp-content\/uploads\/2025\/05\/OM2EDR2B.jpg","contentUrl":"https:\/\/italiamachines.com\/wp-content\/uploads\/2025\/05\/OM2EDR2B.jpg","width":915,"height":665},{"@type":"BreadcrumbList","@id":"https:\/\/italiamachines.com\/boutique\/cafe-glacier-lecheria\/cafe-lecheria\/machine-a-cafe\/machine-a-cafe-semi-automatique-modele-opera-2-groupes-par-bfc\/#breadcrumb","itemListElement":[{"@type":"ListItem","position":1,"name":"Accueil","item":"https:\/\/italiamachines.com\/fr_fr\/"},{"@type":"ListItem","position":2,"name":"Boutique","item":"https:\/\/italiamachines.com\/boutique\/"},{"@type":"ListItem","position":3,"name":"Machine \u00e0 caf\u00e9 semi-automatique mod\u00e8le Opera 2 groupes &#8211; par BFC"}]},{"@type":"WebSite","@id":"https:\/\/italiamachines.com\/#website","url":"https:\/\/italiamachines.com\/","name":"Italia Machines","description":"L&#039;art de l&#039;\u00e9quipement HORECA","publisher":{"@id":"https:\/\/italiamachines.com\/#organization"},"potentialAction":[{"@type":"SearchAction","target":{"@type":"EntryPoint","urlTemplate":"https:\/\/italiamachines.com\/?s={search_term_string}"},"query-input":{"@type":"PropertyValueSpecification","valueRequired":true,"valueName":"search_term_string"}}],"inLanguage":"fr-FR"},{"@type":"Organization","@id":"https:\/\/italiamachines.com\/#organization","name":"italiamachines","url":"https:\/\/italiamachines.com\/","logo":{"@type":"ImageObject","inLanguage":"fr-FR","@id":"https:\/\/italiamachines.com\/#\/schema\/logo\/image\/","url":"https:\/\/italiamachines.com\/wp-content\/uploads\/2023\/08\/logo-web-1.png","contentUrl":"https:\/\/italiamachines.com\/wp-content\/uploads\/2023\/08\/logo-web-1.png","width":977,"height":254,"caption":"italiamachines"},"image":{"@id":"https:\/\/italiamachines.com\/#\/schema\/logo\/image\/"},"sameAs":["https:\/\/web.facebook.com\/italiamachines\/","https:\/\/www.instagram.com\/italia.machines\/"]}]}},"_links":{"self":[{"href":"https:\/\/italiamachines.com\/fr_fr\/wp-json\/wp\/v2\/product\/11098","targetHints":{"allow":["GET"]}}],"collection":[{"href":"https:\/\/italiamachines.com\/fr_fr\/wp-json\/wp\/v2\/product"}],"about":[{"href":"https:\/\/italiamachines.com\/fr_fr\/wp-json\/wp\/v2\/types\/product"}],"replies":[{"embeddable":true,"href":"https:\/\/italiamachines.com\/fr_fr\/wp-json\/wp\/v2\/comments?post=11098"}],"wp:featuredmedia":[{"embeddable":true,"href":"https:\/\/italiamachines.com\/fr_fr\/wp-json\/wp\/v2\/media\/11099"}],"wp:attachment":[{"href":"https:\/\/italiamachines.com\/fr_fr\/wp-json\/wp\/v2\/media?parent=11098"}],"wp:term":[{"taxonomy":"product_cat","embeddable":true,"href":"https:\/\/italiamachines.com\/fr_fr\/wp-json\/wp\/v2\/product_cat?post=11098"},{"taxonomy":"product_tag","embeddable":true,"href":"https:\/\/italiamachines.com\/fr_fr\/wp-json\/wp\/v2\/product_tag?post=11098"}],"curies":[{"name":"wp","href":"https:\/\/api.w.org\/{rel}","templated":true}]}}