{"id":11125,"date":"2025-05-10T17:30:06","date_gmt":"2025-05-10T15:30:06","guid":{"rendered":"https:\/\/italiamachines.com\/?post_type=product&#038;p=11125"},"modified":"2025-05-10T17:30:06","modified_gmt":"2025-05-10T15:30:06","slug":"meuble-mural-inox-avec-portes-coulissantes-et-1-etagere-par-artsteel","status":"publish","type":"product","link":"https:\/\/italiamachines.com\/fr_fr\/boutique\/non-classe\/meuble-mural-inox-avec-portes-coulissantes-et-1-etagere-par-artsteel\/","title":{"rendered":"Meuble mural inox avec portes coulissantes et 1 \u00e9tag\u00e8re &#8211; par ArtSteel"},"content":{"rendered":"<p>Structure enti\u00e8rement en acier inoxydable<br \/>\nPortes coulissantes en inox<br \/>\n1 \u00e9tag\u00e8re int\u00e9rieure<br \/>\nAdapt\u00e9 pour usage professionnel (restauration, cuisine industrielle, etc.)<\/p>\n<p>Longueur : 160 cm<br \/>\nProfondeur : 40 cm<br \/>\nHauteur : 70 cm<br \/>\nVolume : 0,53 m\u00b3<br \/>\nPoids : 65 kg<\/p>\n","protected":false},"excerpt":{"rendered":"<p>Structure enti\u00e8rement en acier inoxydable Portes coulissantes en inox 1 \u00e9tag\u00e8re int\u00e9rieure Adapt\u00e9 pour usage professionnel (restauration, cuisine industrielle, etc.) Longueur : 160 cm Profondeur : 40 cm Hauteur : 70 cm Volume : 0,53 m\u00b3 Poids : 65 kg<\/p>\n","protected":false},"featured_media":11126,"comment_status":"open","ping_status":"closed","template":"","meta":[],"product_cat":[15],"product_tag":[],"class_list":{"0":"post-11125","1":"product","2":"type-product","3":"status-publish","4":"has-post-thumbnail","6":"product_cat-non-classe","8":"first","9":"instock","10":"shipping-taxable","11":"purchasable","12":"product-type-simple","13":"col-xs-6 col-sm-4","14":"col-md-3 col-lg-3","15":"un-4-cols"},"yoast_head":"<!-- This site is optimized with the Yoast SEO plugin v26.6 - https:\/\/yoast.com\/wordpress\/plugins\/seo\/ -->\n<title>Meuble mural inox avec portes coulissantes et 1 \u00e9tag\u00e8re - par ArtSteel | Italia Machines<\/title>\n<meta name=\"robots\" content=\"index, follow, max-snippet:-1, max-image-preview:large, max-video-preview:-1\" \/>\n<link rel=\"canonical\" href=\"https:\/\/italiamachines.com\/fr_fr\/boutique\/non-classe\/meuble-mural-inox-avec-portes-coulissantes-et-1-etagere-par-artsteel\/\" \/>\n<meta property=\"og:locale\" content=\"fr_FR\" \/>\n<meta property=\"og:type\" content=\"article\" \/>\n<meta property=\"og:title\" content=\"Meuble mural inox avec portes coulissantes et 1 \u00e9tag\u00e8re - par ArtSteel | Italia Machines\" \/>\n<meta property=\"og:description\" content=\"Structure enti\u00e8rement en acier inoxydable Portes coulissantes en inox 1 \u00e9tag\u00e8re int\u00e9rieure Adapt\u00e9 pour usage professionnel (restauration, cuisine industrielle, etc.) Longueur : 160 cm Profondeur : 40 cm Hauteur : 70 cm Volume : 0,53 m\u00b3 Poids : 65 kg\" \/>\n<meta property=\"og:url\" content=\"https:\/\/italiamachines.com\/fr_fr\/boutique\/non-classe\/meuble-mural-inox-avec-portes-coulissantes-et-1-etagere-par-artsteel\/\" \/>\n<meta property=\"og:site_name\" content=\"Italia Machines\" \/>\n<meta property=\"article:publisher\" content=\"https:\/\/web.facebook.com\/italiamachines\/\" \/>\n<meta property=\"og:image\" content=\"https:\/\/italiamachines.com\/wp-content\/uploads\/2025\/05\/pe-164-i.jpg\" \/>\n\t<meta property=\"og:image:width\" content=\"600\" \/>\n\t<meta property=\"og:image:height\" content=\"600\" \/>\n\t<meta property=\"og:image:type\" content=\"image\/jpeg\" \/>\n<meta name=\"twitter:card\" content=\"summary_large_image\" \/>\n<meta name=\"twitter:label1\" content=\"Dur\u00e9e de lecture estim\u00e9e\" \/>\n\t<meta name=\"twitter:data1\" content=\"1 minute\" \/>\n<script type=\"application\/ld+json\" class=\"yoast-schema-graph\">{\"@context\":\"https:\/\/schema.org\",\"@graph\":[{\"@type\":\"WebPage\",\"@id\":\"https:\/\/italiamachines.com\/boutique\/non-classe\/meuble-mural-inox-avec-portes-coulissantes-et-1-etagere-par-artsteel\/\",\"url\":\"https:\/\/italiamachines.com\/boutique\/non-classe\/meuble-mural-inox-avec-portes-coulissantes-et-1-etagere-par-artsteel\/\",\"name\":\"Meuble mural inox avec portes coulissantes et 1 \u00e9tag\u00e8re - par ArtSteel | Italia Machines\",\"isPartOf\":{\"@id\":\"https:\/\/italiamachines.com\/#website\"},\"primaryImageOfPage\":{\"@id\":\"https:\/\/italiamachines.com\/boutique\/non-classe\/meuble-mural-inox-avec-portes-coulissantes-et-1-etagere-par-artsteel\/#primaryimage\"},\"image\":{\"@id\":\"https:\/\/italiamachines.com\/boutique\/non-classe\/meuble-mural-inox-avec-portes-coulissantes-et-1-etagere-par-artsteel\/#primaryimage\"},\"thumbnailUrl\":\"https:\/\/italiamachines.com\/wp-content\/uploads\/2025\/05\/pe-164-i.jpg\",\"datePublished\":\"2025-05-10T15:30:06+00:00\",\"breadcrumb\":{\"@id\":\"https:\/\/italiamachines.com\/boutique\/non-classe\/meuble-mural-inox-avec-portes-coulissantes-et-1-etagere-par-artsteel\/#breadcrumb\"},\"inLanguage\":\"fr-FR\",\"potentialAction\":[{\"@type\":\"ReadAction\",\"target\":[\"https:\/\/italiamachines.com\/boutique\/non-classe\/meuble-mural-inox-avec-portes-coulissantes-et-1-etagere-par-artsteel\/\"]}]},{\"@type\":\"ImageObject\",\"inLanguage\":\"fr-FR\",\"@id\":\"https:\/\/italiamachines.com\/boutique\/non-classe\/meuble-mural-inox-avec-portes-coulissantes-et-1-etagere-par-artsteel\/#primaryimage\",\"url\":\"https:\/\/italiamachines.com\/wp-content\/uploads\/2025\/05\/pe-164-i.jpg\",\"contentUrl\":\"https:\/\/italiamachines.com\/wp-content\/uploads\/2025\/05\/pe-164-i.jpg\",\"width\":600,\"height\":600},{\"@type\":\"BreadcrumbList\",\"@id\":\"https:\/\/italiamachines.com\/boutique\/non-classe\/meuble-mural-inox-avec-portes-coulissantes-et-1-etagere-par-artsteel\/#breadcrumb\",\"itemListElement\":[{\"@type\":\"ListItem\",\"position\":1,\"name\":\"Accueil\",\"item\":\"https:\/\/italiamachines.com\/fr_fr\/\"},{\"@type\":\"ListItem\",\"position\":2,\"name\":\"Boutique\",\"item\":\"https:\/\/italiamachines.com\/boutique\/\"},{\"@type\":\"ListItem\",\"position\":3,\"name\":\"Meuble mural inox avec portes coulissantes et 1 \u00e9tag\u00e8re &#8211; par ArtSteel\"}]},{\"@type\":\"WebSite\",\"@id\":\"https:\/\/italiamachines.com\/#website\",\"url\":\"https:\/\/italiamachines.com\/\",\"name\":\"Italia Machines\",\"description\":\"L&#039;art de l&#039;\u00e9quipement HORECA\",\"publisher\":{\"@id\":\"https:\/\/italiamachines.com\/#organization\"},\"potentialAction\":[{\"@type\":\"SearchAction\",\"target\":{\"@type\":\"EntryPoint\",\"urlTemplate\":\"https:\/\/italiamachines.com\/?s={search_term_string}\"},\"query-input\":{\"@type\":\"PropertyValueSpecification\",\"valueRequired\":true,\"valueName\":\"search_term_string\"}}],\"inLanguage\":\"fr-FR\"},{\"@type\":\"Organization\",\"@id\":\"https:\/\/italiamachines.com\/#organization\",\"name\":\"italiamachines\",\"url\":\"https:\/\/italiamachines.com\/\",\"logo\":{\"@type\":\"ImageObject\",\"inLanguage\":\"fr-FR\",\"@id\":\"https:\/\/italiamachines.com\/#\/schema\/logo\/image\/\",\"url\":\"https:\/\/italiamachines.com\/wp-content\/uploads\/2023\/08\/logo-web-1.png\",\"contentUrl\":\"https:\/\/italiamachines.com\/wp-content\/uploads\/2023\/08\/logo-web-1.png\",\"width\":977,\"height\":254,\"caption\":\"italiamachines\"},\"image\":{\"@id\":\"https:\/\/italiamachines.com\/#\/schema\/logo\/image\/\"},\"sameAs\":[\"https:\/\/web.facebook.com\/italiamachines\/\",\"https:\/\/www.instagram.com\/italia.machines\/\"]}]}<\/script>\n<!-- \/ Yoast SEO plugin. -->","yoast_head_json":{"title":"Meuble mural inox avec portes coulissantes et 1 \u00e9tag\u00e8re - par ArtSteel | Italia Machines","robots":{"index":"index","follow":"follow","max-snippet":"max-snippet:-1","max-image-preview":"max-image-preview:large","max-video-preview":"max-video-preview:-1"},"canonical":"https:\/\/italiamachines.com\/fr_fr\/boutique\/non-classe\/meuble-mural-inox-avec-portes-coulissantes-et-1-etagere-par-artsteel\/","og_locale":"fr_FR","og_type":"article","og_title":"Meuble mural inox avec portes coulissantes et 1 \u00e9tag\u00e8re - par ArtSteel | Italia Machines","og_description":"Structure enti\u00e8rement en acier inoxydable Portes coulissantes en inox 1 \u00e9tag\u00e8re int\u00e9rieure Adapt\u00e9 pour usage professionnel (restauration, cuisine industrielle, etc.) Longueur : 160 cm Profondeur : 40 cm Hauteur : 70 cm Volume : 0,53 m\u00b3 Poids : 65 kg","og_url":"https:\/\/italiamachines.com\/fr_fr\/boutique\/non-classe\/meuble-mural-inox-avec-portes-coulissantes-et-1-etagere-par-artsteel\/","og_site_name":"Italia Machines","article_publisher":"https:\/\/web.facebook.com\/italiamachines\/","og_image":[{"width":600,"height":600,"url":"https:\/\/italiamachines.com\/wp-content\/uploads\/2025\/05\/pe-164-i.jpg","type":"image\/jpeg"}],"twitter_card":"summary_large_image","twitter_misc":{"Dur\u00e9e de lecture estim\u00e9e":"1 minute"},"schema":{"@context":"https:\/\/schema.org","@graph":[{"@type":"WebPage","@id":"https:\/\/italiamachines.com\/boutique\/non-classe\/meuble-mural-inox-avec-portes-coulissantes-et-1-etagere-par-artsteel\/","url":"https:\/\/italiamachines.com\/boutique\/non-classe\/meuble-mural-inox-avec-portes-coulissantes-et-1-etagere-par-artsteel\/","name":"Meuble mural inox avec portes coulissantes et 1 \u00e9tag\u00e8re - par ArtSteel | Italia Machines","isPartOf":{"@id":"https:\/\/italiamachines.com\/#website"},"primaryImageOfPage":{"@id":"https:\/\/italiamachines.com\/boutique\/non-classe\/meuble-mural-inox-avec-portes-coulissantes-et-1-etagere-par-artsteel\/#primaryimage"},"image":{"@id":"https:\/\/italiamachines.com\/boutique\/non-classe\/meuble-mural-inox-avec-portes-coulissantes-et-1-etagere-par-artsteel\/#primaryimage"},"thumbnailUrl":"https:\/\/italiamachines.com\/wp-content\/uploads\/2025\/05\/pe-164-i.jpg","datePublished":"2025-05-10T15:30:06+00:00","breadcrumb":{"@id":"https:\/\/italiamachines.com\/boutique\/non-classe\/meuble-mural-inox-avec-portes-coulissantes-et-1-etagere-par-artsteel\/#breadcrumb"},"inLanguage":"fr-FR","potentialAction":[{"@type":"ReadAction","target":["https:\/\/italiamachines.com\/boutique\/non-classe\/meuble-mural-inox-avec-portes-coulissantes-et-1-etagere-par-artsteel\/"]}]},{"@type":"ImageObject","inLanguage":"fr-FR","@id":"https:\/\/italiamachines.com\/boutique\/non-classe\/meuble-mural-inox-avec-portes-coulissantes-et-1-etagere-par-artsteel\/#primaryimage","url":"https:\/\/italiamachines.com\/wp-content\/uploads\/2025\/05\/pe-164-i.jpg","contentUrl":"https:\/\/italiamachines.com\/wp-content\/uploads\/2025\/05\/pe-164-i.jpg","width":600,"height":600},{"@type":"BreadcrumbList","@id":"https:\/\/italiamachines.com\/boutique\/non-classe\/meuble-mural-inox-avec-portes-coulissantes-et-1-etagere-par-artsteel\/#breadcrumb","itemListElement":[{"@type":"ListItem","position":1,"name":"Accueil","item":"https:\/\/italiamachines.com\/fr_fr\/"},{"@type":"ListItem","position":2,"name":"Boutique","item":"https:\/\/italiamachines.com\/boutique\/"},{"@type":"ListItem","position":3,"name":"Meuble mural inox avec portes coulissantes et 1 \u00e9tag\u00e8re &#8211; par ArtSteel"}]},{"@type":"WebSite","@id":"https:\/\/italiamachines.com\/#website","url":"https:\/\/italiamachines.com\/","name":"Italia Machines","description":"L&#039;art de l&#039;\u00e9quipement HORECA","publisher":{"@id":"https:\/\/italiamachines.com\/#organization"},"potentialAction":[{"@type":"SearchAction","target":{"@type":"EntryPoint","urlTemplate":"https:\/\/italiamachines.com\/?s={search_term_string}"},"query-input":{"@type":"PropertyValueSpecification","valueRequired":true,"valueName":"search_term_string"}}],"inLanguage":"fr-FR"},{"@type":"Organization","@id":"https:\/\/italiamachines.com\/#organization","name":"italiamachines","url":"https:\/\/italiamachines.com\/","logo":{"@type":"ImageObject","inLanguage":"fr-FR","@id":"https:\/\/italiamachines.com\/#\/schema\/logo\/image\/","url":"https:\/\/italiamachines.com\/wp-content\/uploads\/2023\/08\/logo-web-1.png","contentUrl":"https:\/\/italiamachines.com\/wp-content\/uploads\/2023\/08\/logo-web-1.png","width":977,"height":254,"caption":"italiamachines"},"image":{"@id":"https:\/\/italiamachines.com\/#\/schema\/logo\/image\/"},"sameAs":["https:\/\/web.facebook.com\/italiamachines\/","https:\/\/www.instagram.com\/italia.machines\/"]}]}},"_links":{"self":[{"href":"https:\/\/italiamachines.com\/fr_fr\/wp-json\/wp\/v2\/product\/11125","targetHints":{"allow":["GET"]}}],"collection":[{"href":"https:\/\/italiamachines.com\/fr_fr\/wp-json\/wp\/v2\/product"}],"about":[{"href":"https:\/\/italiamachines.com\/fr_fr\/wp-json\/wp\/v2\/types\/product"}],"replies":[{"embeddable":true,"href":"https:\/\/italiamachines.com\/fr_fr\/wp-json\/wp\/v2\/comments?post=11125"}],"wp:featuredmedia":[{"embeddable":true,"href":"https:\/\/italiamachines.com\/fr_fr\/wp-json\/wp\/v2\/media\/11126"}],"wp:attachment":[{"href":"https:\/\/italiamachines.com\/fr_fr\/wp-json\/wp\/v2\/media?parent=11125"}],"wp:term":[{"taxonomy":"product_cat","embeddable":true,"href":"https:\/\/italiamachines.com\/fr_fr\/wp-json\/wp\/v2\/product_cat?post=11125"},{"taxonomy":"product_tag","embeddable":true,"href":"https:\/\/italiamachines.com\/fr_fr\/wp-json\/wp\/v2\/product_tag?post=11125"}],"curies":[{"name":"wp","href":"https:\/\/api.w.org\/{rel}","templated":true}]}}