{"id":11131,"date":"2025-05-10T18:23:58","date_gmt":"2025-05-10T16:23:58","guid":{"rendered":"https:\/\/italiamachines.com\/?post_type=product&#038;p=11131"},"modified":"2025-05-10T18:25:49","modified_gmt":"2025-05-10T16:25:49","slug":"four-mixte-vapeur-10-niveaux-gn-1-1-modele-explora-colombo-par-tecnodom","status":"publish","type":"product","link":"https:\/\/italiamachines.com\/fr_fr\/boutique\/restaurant-snack-et-pizzeria\/four\/four-gastronomique\/four-mixte-vapeur-10-niveaux-gn-1-1-modele-explora-colombo-par-tecnodom\/","title":{"rendered":"Four mixte vapeur 10 niveaux GN 1\/1\u2013 Mod\u00e8le EXPLORA\/COLOMBO &#8211; par Tecnodom"},"content":{"rendered":"<p>\u00c9cran tactile couleur 7\u201d (multilingue, unit\u00e9s m\u00e9triques\/imp\u00e9riales)<br \/>\nJusqu\u2019\u00e0 1000 recettes programmables (cat\u00e9gories, favoris, USB)<br \/>\nConnexion USB, Wi-Fi &#038; Ethernet<br \/>\nSonde \u00e0 c\u0153ur (optionnelle)<br \/>\nFonction HACCP<br \/>\nCuve en inox AISI 304 \u00e0 angles arrondis<br \/>\n\u00c9clairage halog\u00e8ne<br \/>\nRefroidissement rapide<br \/>\nMulti-cuisson jusqu\u2019\u00e0 40 phases<br \/>\nMulti-minuteurs (2 par niveau)<br \/>\nLavage automatique (3 niveaux + rin\u00e7age, programmable)<br \/>\nPorte double vitrage facile \u00e0 nettoyer<br \/>\nChambre avec vidange int\u00e9gr\u00e9e<br \/>\nHumidification r\u00e9glable<br \/>\nDelta-T &#038; cuisson vapeur Sator Steam<br \/>\n\u00c9vent climatisation avec vanne papillon<br \/>\nOption : syst\u00e8me EON (suivi et MAJ firmware \u00e0 distance)<\/p>\n<p>Sp\u00e9cifications techniques :<br \/>\nDimensions (LxPxH) : 870 x 850 x 1200 mm<br \/>\nCapacit\u00e9 : 10 niveaux GN 1\/1 ou EN 600\u00d7400<br \/>\nEspacement entre niveaux : 80 mm<br \/>\nPoids net : 121 kg<br \/>\nTemp\u00e9rature : 30\u00b0C \u00e0 270\u00b0C<br \/>\nNombre de couverts : 90 \u00e0 150<br \/>\nPuissance : 15.8 kW<br \/>\nTension : 400V 3N \u2013 50\/60Hz<br \/>\nRaccordement eau : Oui<br \/>\nVitesses de ventilation : 8 + semi-statique<\/p>\n","protected":false},"excerpt":{"rendered":"<p>\u00c9cran tactile couleur 7\u201d (multilingue, unit\u00e9s m\u00e9triques\/imp\u00e9riales) Jusqu\u2019\u00e0 1000 recettes programmables (cat\u00e9gories, favoris, USB) Connexion USB, Wi-Fi &#038; Ethernet Sonde \u00e0 c\u0153ur (optionnelle) Fonction HACCP Cuve en inox AISI 304 \u00e0 angles arrondis \u00c9clairage halog\u00e8ne Refroidissement rapide Multi-cuisson jusqu\u2019\u00e0 40 phases Multi-minuteurs (2 par niveau) Lavage automatique (3 niveaux + rin\u00e7age, programmable) Porte double vitrage&hellip;<\/p>\n","protected":false},"featured_media":11132,"comment_status":"open","ping_status":"closed","template":"","meta":[],"product_cat":[15,188,189,112],"product_tag":[],"class_list":{"0":"post-11131","1":"product","2":"type-product","3":"status-publish","4":"has-post-thumbnail","6":"product_cat-non-classe","7":"product_cat-four","8":"product_cat-four-gastronomique","9":"product_cat-restaurant-snack-et-pizzeria","11":"first","12":"instock","13":"shipping-taxable","14":"purchasable","15":"product-type-simple","16":"col-xs-6 col-sm-4","17":"col-md-3 col-lg-3","18":"un-4-cols"},"yoast_head":"<!-- This site is optimized with the Yoast SEO plugin v26.6 - https:\/\/yoast.com\/wordpress\/plugins\/seo\/ -->\n<title>Four mixte vapeur 10 niveaux GN 1\/1\u2013 Mod\u00e8le EXPLORA\/COLOMBO - par Tecnodom | Italia Machines<\/title>\n<meta name=\"robots\" content=\"index, follow, max-snippet:-1, max-image-preview:large, max-video-preview:-1\" \/>\n<link rel=\"canonical\" href=\"https:\/\/italiamachines.com\/fr_fr\/boutique\/restaurant-snack-et-pizzeria\/four\/four-gastronomique\/four-mixte-vapeur-10-niveaux-gn-1-1-modele-explora-colombo-par-tecnodom\/\" \/>\n<meta property=\"og:locale\" content=\"fr_FR\" \/>\n<meta property=\"og:type\" content=\"article\" \/>\n<meta property=\"og:title\" content=\"Four mixte vapeur 10 niveaux GN 1\/1\u2013 Mod\u00e8le EXPLORA\/COLOMBO - par Tecnodom | Italia Machines\" \/>\n<meta property=\"og:description\" content=\"\u00c9cran tactile couleur 7\u201d (multilingue, unit\u00e9s m\u00e9triques\/imp\u00e9riales) Jusqu\u2019\u00e0 1000 recettes programmables (cat\u00e9gories, favoris, USB) Connexion USB, Wi-Fi &#038; Ethernet Sonde \u00e0 c\u0153ur (optionnelle) Fonction HACCP Cuve en inox AISI 304 \u00e0 angles arrondis \u00c9clairage halog\u00e8ne Refroidissement rapide Multi-cuisson jusqu\u2019\u00e0 40 phases Multi-minuteurs (2 par niveau) Lavage automatique (3 niveaux + rin\u00e7age, programmable) Porte double vitrage&hellip;\" \/>\n<meta property=\"og:url\" content=\"https:\/\/italiamachines.com\/fr_fr\/boutique\/restaurant-snack-et-pizzeria\/four\/four-gastronomique\/four-mixte-vapeur-10-niveaux-gn-1-1-modele-explora-colombo-par-tecnodom\/\" \/>\n<meta property=\"og:site_name\" content=\"Italia Machines\" \/>\n<meta property=\"article:publisher\" content=\"https:\/\/web.facebook.com\/italiamachines\/\" \/>\n<meta property=\"article:modified_time\" content=\"2025-05-10T16:25:49+00:00\" \/>\n<meta property=\"og:image\" content=\"https:\/\/italiamachines.com\/wp-content\/uploads\/2025\/05\/PF7910_DE0.webp\" \/>\n\t<meta property=\"og:image:width\" content=\"603\" \/>\n\t<meta property=\"og:image:height\" content=\"700\" \/>\n\t<meta property=\"og:image:type\" content=\"image\/webp\" \/>\n<meta name=\"twitter:card\" content=\"summary_large_image\" \/>\n<meta name=\"twitter:label1\" content=\"Dur\u00e9e de lecture estim\u00e9e\" \/>\n\t<meta name=\"twitter:data1\" content=\"1 minute\" \/>\n<script type=\"application\/ld+json\" class=\"yoast-schema-graph\">{\"@context\":\"https:\/\/schema.org\",\"@graph\":[{\"@type\":\"WebPage\",\"@id\":\"https:\/\/italiamachines.com\/boutique\/restaurant-snack-et-pizzeria\/four\/four-gastronomique\/four-mixte-vapeur-10-niveaux-gn-1-1-modele-explora-colombo-par-tecnodom\/\",\"url\":\"https:\/\/italiamachines.com\/boutique\/restaurant-snack-et-pizzeria\/four\/four-gastronomique\/four-mixte-vapeur-10-niveaux-gn-1-1-modele-explora-colombo-par-tecnodom\/\",\"name\":\"Four mixte vapeur 10 niveaux GN 1\/1\u2013 Mod\u00e8le EXPLORA\/COLOMBO - par Tecnodom | Italia Machines\",\"isPartOf\":{\"@id\":\"https:\/\/italiamachines.com\/#website\"},\"primaryImageOfPage\":{\"@id\":\"https:\/\/italiamachines.com\/boutique\/restaurant-snack-et-pizzeria\/four\/four-gastronomique\/four-mixte-vapeur-10-niveaux-gn-1-1-modele-explora-colombo-par-tecnodom\/#primaryimage\"},\"image\":{\"@id\":\"https:\/\/italiamachines.com\/boutique\/restaurant-snack-et-pizzeria\/four\/four-gastronomique\/four-mixte-vapeur-10-niveaux-gn-1-1-modele-explora-colombo-par-tecnodom\/#primaryimage\"},\"thumbnailUrl\":\"https:\/\/italiamachines.com\/wp-content\/uploads\/2025\/05\/PF7910_DE0.webp\",\"datePublished\":\"2025-05-10T16:23:58+00:00\",\"dateModified\":\"2025-05-10T16:25:49+00:00\",\"breadcrumb\":{\"@id\":\"https:\/\/italiamachines.com\/boutique\/restaurant-snack-et-pizzeria\/four\/four-gastronomique\/four-mixte-vapeur-10-niveaux-gn-1-1-modele-explora-colombo-par-tecnodom\/#breadcrumb\"},\"inLanguage\":\"fr-FR\",\"potentialAction\":[{\"@type\":\"ReadAction\",\"target\":[\"https:\/\/italiamachines.com\/boutique\/restaurant-snack-et-pizzeria\/four\/four-gastronomique\/four-mixte-vapeur-10-niveaux-gn-1-1-modele-explora-colombo-par-tecnodom\/\"]}]},{\"@type\":\"ImageObject\",\"inLanguage\":\"fr-FR\",\"@id\":\"https:\/\/italiamachines.com\/boutique\/restaurant-snack-et-pizzeria\/four\/four-gastronomique\/four-mixte-vapeur-10-niveaux-gn-1-1-modele-explora-colombo-par-tecnodom\/#primaryimage\",\"url\":\"https:\/\/italiamachines.com\/wp-content\/uploads\/2025\/05\/PF7910_DE0.webp\",\"contentUrl\":\"https:\/\/italiamachines.com\/wp-content\/uploads\/2025\/05\/PF7910_DE0.webp\",\"width\":603,\"height\":700},{\"@type\":\"BreadcrumbList\",\"@id\":\"https:\/\/italiamachines.com\/boutique\/restaurant-snack-et-pizzeria\/four\/four-gastronomique\/four-mixte-vapeur-10-niveaux-gn-1-1-modele-explora-colombo-par-tecnodom\/#breadcrumb\",\"itemListElement\":[{\"@type\":\"ListItem\",\"position\":1,\"name\":\"Accueil\",\"item\":\"https:\/\/italiamachines.com\/fr_fr\/\"},{\"@type\":\"ListItem\",\"position\":2,\"name\":\"Boutique\",\"item\":\"https:\/\/italiamachines.com\/boutique\/\"},{\"@type\":\"ListItem\",\"position\":3,\"name\":\"Four mixte vapeur 10 niveaux GN 1\/1\u2013 Mod\u00e8le EXPLORA\/COLOMBO &#8211; par Tecnodom\"}]},{\"@type\":\"WebSite\",\"@id\":\"https:\/\/italiamachines.com\/#website\",\"url\":\"https:\/\/italiamachines.com\/\",\"name\":\"Italia Machines\",\"description\":\"L&#039;art de l&#039;\u00e9quipement HORECA\",\"publisher\":{\"@id\":\"https:\/\/italiamachines.com\/#organization\"},\"potentialAction\":[{\"@type\":\"SearchAction\",\"target\":{\"@type\":\"EntryPoint\",\"urlTemplate\":\"https:\/\/italiamachines.com\/?s={search_term_string}\"},\"query-input\":{\"@type\":\"PropertyValueSpecification\",\"valueRequired\":true,\"valueName\":\"search_term_string\"}}],\"inLanguage\":\"fr-FR\"},{\"@type\":\"Organization\",\"@id\":\"https:\/\/italiamachines.com\/#organization\",\"name\":\"italiamachines\",\"url\":\"https:\/\/italiamachines.com\/\",\"logo\":{\"@type\":\"ImageObject\",\"inLanguage\":\"fr-FR\",\"@id\":\"https:\/\/italiamachines.com\/#\/schema\/logo\/image\/\",\"url\":\"https:\/\/italiamachines.com\/wp-content\/uploads\/2023\/08\/logo-web-1.png\",\"contentUrl\":\"https:\/\/italiamachines.com\/wp-content\/uploads\/2023\/08\/logo-web-1.png\",\"width\":977,\"height\":254,\"caption\":\"italiamachines\"},\"image\":{\"@id\":\"https:\/\/italiamachines.com\/#\/schema\/logo\/image\/\"},\"sameAs\":[\"https:\/\/web.facebook.com\/italiamachines\/\",\"https:\/\/www.instagram.com\/italia.machines\/\"]}]}<\/script>\n<!-- \/ Yoast SEO plugin. -->","yoast_head_json":{"title":"Four mixte vapeur 10 niveaux GN 1\/1\u2013 Mod\u00e8le EXPLORA\/COLOMBO - par Tecnodom | Italia Machines","robots":{"index":"index","follow":"follow","max-snippet":"max-snippet:-1","max-image-preview":"max-image-preview:large","max-video-preview":"max-video-preview:-1"},"canonical":"https:\/\/italiamachines.com\/fr_fr\/boutique\/restaurant-snack-et-pizzeria\/four\/four-gastronomique\/four-mixte-vapeur-10-niveaux-gn-1-1-modele-explora-colombo-par-tecnodom\/","og_locale":"fr_FR","og_type":"article","og_title":"Four mixte vapeur 10 niveaux GN 1\/1\u2013 Mod\u00e8le EXPLORA\/COLOMBO - par Tecnodom | Italia Machines","og_description":"\u00c9cran tactile couleur 7\u201d (multilingue, unit\u00e9s m\u00e9triques\/imp\u00e9riales) Jusqu\u2019\u00e0 1000 recettes programmables (cat\u00e9gories, favoris, USB) Connexion USB, Wi-Fi &#038; Ethernet Sonde \u00e0 c\u0153ur (optionnelle) Fonction HACCP Cuve en inox AISI 304 \u00e0 angles arrondis \u00c9clairage halog\u00e8ne Refroidissement rapide Multi-cuisson jusqu\u2019\u00e0 40 phases Multi-minuteurs (2 par niveau) Lavage automatique (3 niveaux + rin\u00e7age, programmable) Porte double vitrage&hellip;","og_url":"https:\/\/italiamachines.com\/fr_fr\/boutique\/restaurant-snack-et-pizzeria\/four\/four-gastronomique\/four-mixte-vapeur-10-niveaux-gn-1-1-modele-explora-colombo-par-tecnodom\/","og_site_name":"Italia Machines","article_publisher":"https:\/\/web.facebook.com\/italiamachines\/","article_modified_time":"2025-05-10T16:25:49+00:00","og_image":[{"width":603,"height":700,"url":"https:\/\/italiamachines.com\/wp-content\/uploads\/2025\/05\/PF7910_DE0.webp","type":"image\/webp"}],"twitter_card":"summary_large_image","twitter_misc":{"Dur\u00e9e de lecture estim\u00e9e":"1 minute"},"schema":{"@context":"https:\/\/schema.org","@graph":[{"@type":"WebPage","@id":"https:\/\/italiamachines.com\/boutique\/restaurant-snack-et-pizzeria\/four\/four-gastronomique\/four-mixte-vapeur-10-niveaux-gn-1-1-modele-explora-colombo-par-tecnodom\/","url":"https:\/\/italiamachines.com\/boutique\/restaurant-snack-et-pizzeria\/four\/four-gastronomique\/four-mixte-vapeur-10-niveaux-gn-1-1-modele-explora-colombo-par-tecnodom\/","name":"Four mixte vapeur 10 niveaux GN 1\/1\u2013 Mod\u00e8le EXPLORA\/COLOMBO - par Tecnodom | Italia Machines","isPartOf":{"@id":"https:\/\/italiamachines.com\/#website"},"primaryImageOfPage":{"@id":"https:\/\/italiamachines.com\/boutique\/restaurant-snack-et-pizzeria\/four\/four-gastronomique\/four-mixte-vapeur-10-niveaux-gn-1-1-modele-explora-colombo-par-tecnodom\/#primaryimage"},"image":{"@id":"https:\/\/italiamachines.com\/boutique\/restaurant-snack-et-pizzeria\/four\/four-gastronomique\/four-mixte-vapeur-10-niveaux-gn-1-1-modele-explora-colombo-par-tecnodom\/#primaryimage"},"thumbnailUrl":"https:\/\/italiamachines.com\/wp-content\/uploads\/2025\/05\/PF7910_DE0.webp","datePublished":"2025-05-10T16:23:58+00:00","dateModified":"2025-05-10T16:25:49+00:00","breadcrumb":{"@id":"https:\/\/italiamachines.com\/boutique\/restaurant-snack-et-pizzeria\/four\/four-gastronomique\/four-mixte-vapeur-10-niveaux-gn-1-1-modele-explora-colombo-par-tecnodom\/#breadcrumb"},"inLanguage":"fr-FR","potentialAction":[{"@type":"ReadAction","target":["https:\/\/italiamachines.com\/boutique\/restaurant-snack-et-pizzeria\/four\/four-gastronomique\/four-mixte-vapeur-10-niveaux-gn-1-1-modele-explora-colombo-par-tecnodom\/"]}]},{"@type":"ImageObject","inLanguage":"fr-FR","@id":"https:\/\/italiamachines.com\/boutique\/restaurant-snack-et-pizzeria\/four\/four-gastronomique\/four-mixte-vapeur-10-niveaux-gn-1-1-modele-explora-colombo-par-tecnodom\/#primaryimage","url":"https:\/\/italiamachines.com\/wp-content\/uploads\/2025\/05\/PF7910_DE0.webp","contentUrl":"https:\/\/italiamachines.com\/wp-content\/uploads\/2025\/05\/PF7910_DE0.webp","width":603,"height":700},{"@type":"BreadcrumbList","@id":"https:\/\/italiamachines.com\/boutique\/restaurant-snack-et-pizzeria\/four\/four-gastronomique\/four-mixte-vapeur-10-niveaux-gn-1-1-modele-explora-colombo-par-tecnodom\/#breadcrumb","itemListElement":[{"@type":"ListItem","position":1,"name":"Accueil","item":"https:\/\/italiamachines.com\/fr_fr\/"},{"@type":"ListItem","position":2,"name":"Boutique","item":"https:\/\/italiamachines.com\/boutique\/"},{"@type":"ListItem","position":3,"name":"Four mixte vapeur 10 niveaux GN 1\/1\u2013 Mod\u00e8le EXPLORA\/COLOMBO &#8211; par Tecnodom"}]},{"@type":"WebSite","@id":"https:\/\/italiamachines.com\/#website","url":"https:\/\/italiamachines.com\/","name":"Italia Machines","description":"L&#039;art de l&#039;\u00e9quipement HORECA","publisher":{"@id":"https:\/\/italiamachines.com\/#organization"},"potentialAction":[{"@type":"SearchAction","target":{"@type":"EntryPoint","urlTemplate":"https:\/\/italiamachines.com\/?s={search_term_string}"},"query-input":{"@type":"PropertyValueSpecification","valueRequired":true,"valueName":"search_term_string"}}],"inLanguage":"fr-FR"},{"@type":"Organization","@id":"https:\/\/italiamachines.com\/#organization","name":"italiamachines","url":"https:\/\/italiamachines.com\/","logo":{"@type":"ImageObject","inLanguage":"fr-FR","@id":"https:\/\/italiamachines.com\/#\/schema\/logo\/image\/","url":"https:\/\/italiamachines.com\/wp-content\/uploads\/2023\/08\/logo-web-1.png","contentUrl":"https:\/\/italiamachines.com\/wp-content\/uploads\/2023\/08\/logo-web-1.png","width":977,"height":254,"caption":"italiamachines"},"image":{"@id":"https:\/\/italiamachines.com\/#\/schema\/logo\/image\/"},"sameAs":["https:\/\/web.facebook.com\/italiamachines\/","https:\/\/www.instagram.com\/italia.machines\/"]}]}},"_links":{"self":[{"href":"https:\/\/italiamachines.com\/fr_fr\/wp-json\/wp\/v2\/product\/11131","targetHints":{"allow":["GET"]}}],"collection":[{"href":"https:\/\/italiamachines.com\/fr_fr\/wp-json\/wp\/v2\/product"}],"about":[{"href":"https:\/\/italiamachines.com\/fr_fr\/wp-json\/wp\/v2\/types\/product"}],"replies":[{"embeddable":true,"href":"https:\/\/italiamachines.com\/fr_fr\/wp-json\/wp\/v2\/comments?post=11131"}],"wp:featuredmedia":[{"embeddable":true,"href":"https:\/\/italiamachines.com\/fr_fr\/wp-json\/wp\/v2\/media\/11132"}],"wp:attachment":[{"href":"https:\/\/italiamachines.com\/fr_fr\/wp-json\/wp\/v2\/media?parent=11131"}],"wp:term":[{"taxonomy":"product_cat","embeddable":true,"href":"https:\/\/italiamachines.com\/fr_fr\/wp-json\/wp\/v2\/product_cat?post=11131"},{"taxonomy":"product_tag","embeddable":true,"href":"https:\/\/italiamachines.com\/fr_fr\/wp-json\/wp\/v2\/product_tag?post=11131"}],"curies":[{"name":"wp","href":"https:\/\/api.w.org\/{rel}","templated":true}]}}