{"id":11174,"date":"2025-05-15T17:26:46","date_gmt":"2025-05-15T15:26:46","guid":{"rendered":"https:\/\/italiamachines.com\/?post_type=product&#038;p=11174"},"modified":"2025-05-15T17:31:24","modified_gmt":"2025-05-15T15:31:24","slug":"four-a-pizza-electrique-a-2-chambres-44-gam-italie","status":"publish","type":"product","link":"https:\/\/italiamachines.com\/fr_fr\/boutique\/restaurant-snack-et-pizzeria\/four\/four-pour-pizzeria\/four-modulaire-pour-pizzeria\/four-a-pizza-electrique-a-2-chambres-44-gam-italie\/","title":{"rendered":"four \u00e0 pizza \u00e9lectrique \u00e0 2 chambres 4+4 \u2013 gam italie"},"content":{"rendered":"<p>Face avant : Acier inoxydable<br \/>\nStructure externe : T\u00f4le pr\u00e9-peinte (c\u00f4t\u00e9s et dessus)<br \/>\nSurface de cuisson : Recouverte de pierres r\u00e9fractaires<br \/>\nIsolation : Laine de roche haute densit\u00e9<br \/>\nR\u00e9sistances : Blind\u00e9es (armoured)<br \/>\nPorte : Verre haute temp\u00e9rature<br \/>\n\u00c9clairage int\u00e9rieur : Oui<br \/>\nTemp\u00e9rature maximale : 450\u202f\u00b0C<\/p>\n<p>Structure : Monobloc (single block)<br \/>\nDimensions: 890x1000x720<br \/>\nCapacit\u00e9 : 4+4 32 cm \u00d8<br \/>\nPuissance: 8,8kw<br \/>\nPoids 134kg <\/p>\n","protected":false},"excerpt":{"rendered":"<p>Face avant : Acier inoxydable Structure externe : T\u00f4le pr\u00e9-peinte (c\u00f4t\u00e9s et dessus) Surface de cuisson : Recouverte de pierres r\u00e9fractaires Isolation : Laine de roche haute densit\u00e9 R\u00e9sistances : Blind\u00e9es (armoured) Porte : Verre haute temp\u00e9rature \u00c9clairage int\u00e9rieur : Oui Temp\u00e9rature maximale : 450\u202f\u00b0C Structure : Monobloc (single block) Dimensions: 890x1000x720 Capacit\u00e9 : 4+4&hellip;<\/p>\n","protected":false},"featured_media":11175,"comment_status":"open","ping_status":"closed","template":"","meta":[],"product_cat":[188,268,192,112],"product_tag":[],"class_list":{"0":"post-11174","1":"product","2":"type-product","3":"status-publish","4":"has-post-thumbnail","6":"product_cat-four","7":"product_cat-four-modulaire-pour-pizzeria","8":"product_cat-four-pour-pizzeria","9":"product_cat-restaurant-snack-et-pizzeria","11":"first","12":"instock","13":"shipping-taxable","14":"purchasable","15":"product-type-simple","16":"col-xs-6 col-sm-4","17":"col-md-3 col-lg-3","18":"un-4-cols"},"yoast_head":"<!-- This site is optimized with the Yoast SEO plugin v26.6 - https:\/\/yoast.com\/wordpress\/plugins\/seo\/ -->\n<title>four \u00e0 pizza \u00e9lectrique \u00e0 2 chambres 4+4 \u2013 gam italie | Italia Machines<\/title>\n<meta name=\"robots\" content=\"index, follow, max-snippet:-1, max-image-preview:large, max-video-preview:-1\" \/>\n<link rel=\"canonical\" href=\"https:\/\/italiamachines.com\/fr_fr\/boutique\/restaurant-snack-et-pizzeria\/four\/four-pour-pizzeria\/four-modulaire-pour-pizzeria\/four-a-pizza-electrique-a-2-chambres-44-gam-italie\/\" \/>\n<meta property=\"og:locale\" content=\"fr_FR\" \/>\n<meta property=\"og:type\" content=\"article\" \/>\n<meta property=\"og:title\" content=\"four \u00e0 pizza \u00e9lectrique \u00e0 2 chambres 4+4 \u2013 gam italie | Italia Machines\" \/>\n<meta property=\"og:description\" content=\"Face avant : Acier inoxydable Structure externe : T\u00f4le pr\u00e9-peinte (c\u00f4t\u00e9s et dessus) Surface de cuisson : Recouverte de pierres r\u00e9fractaires Isolation : Laine de roche haute densit\u00e9 R\u00e9sistances : Blind\u00e9es (armoured) Porte : Verre haute temp\u00e9rature \u00c9clairage int\u00e9rieur : Oui Temp\u00e9rature maximale : 450\u202f\u00b0C Structure : Monobloc (single block) Dimensions: 890x1000x720 Capacit\u00e9 : 4+4&hellip;\" \/>\n<meta property=\"og:url\" content=\"https:\/\/italiamachines.com\/fr_fr\/boutique\/restaurant-snack-et-pizzeria\/four\/four-pour-pizzeria\/four-modulaire-pour-pizzeria\/four-a-pizza-electrique-a-2-chambres-44-gam-italie\/\" \/>\n<meta property=\"og:site_name\" content=\"Italia Machines\" \/>\n<meta property=\"article:publisher\" content=\"https:\/\/web.facebook.com\/italiamachines\/\" \/>\n<meta property=\"article:modified_time\" content=\"2025-05-15T15:31:24+00:00\" \/>\n<meta property=\"og:image\" content=\"https:\/\/italiamachines.com\/wp-content\/uploads\/2025\/05\/S44.webp\" \/>\n\t<meta property=\"og:image:width\" content=\"600\" \/>\n\t<meta property=\"og:image:height\" content=\"600\" \/>\n\t<meta property=\"og:image:type\" content=\"image\/webp\" \/>\n<meta name=\"twitter:card\" content=\"summary_large_image\" \/>\n<meta name=\"twitter:label1\" content=\"Dur\u00e9e de lecture estim\u00e9e\" \/>\n\t<meta name=\"twitter:data1\" content=\"1 minute\" \/>\n<script type=\"application\/ld+json\" class=\"yoast-schema-graph\">{\"@context\":\"https:\/\/schema.org\",\"@graph\":[{\"@type\":\"WebPage\",\"@id\":\"https:\/\/italiamachines.com\/boutique\/restaurant-snack-et-pizzeria\/four\/four-pour-pizzeria\/four-modulaire-pour-pizzeria\/four-a-pizza-electrique-a-2-chambres-44-gam-italie\/\",\"url\":\"https:\/\/italiamachines.com\/boutique\/restaurant-snack-et-pizzeria\/four\/four-pour-pizzeria\/four-modulaire-pour-pizzeria\/four-a-pizza-electrique-a-2-chambres-44-gam-italie\/\",\"name\":\"four \u00e0 pizza \u00e9lectrique \u00e0 2 chambres 4+4 \u2013 gam italie | Italia Machines\",\"isPartOf\":{\"@id\":\"https:\/\/italiamachines.com\/#website\"},\"primaryImageOfPage\":{\"@id\":\"https:\/\/italiamachines.com\/boutique\/restaurant-snack-et-pizzeria\/four\/four-pour-pizzeria\/four-modulaire-pour-pizzeria\/four-a-pizza-electrique-a-2-chambres-44-gam-italie\/#primaryimage\"},\"image\":{\"@id\":\"https:\/\/italiamachines.com\/boutique\/restaurant-snack-et-pizzeria\/four\/four-pour-pizzeria\/four-modulaire-pour-pizzeria\/four-a-pizza-electrique-a-2-chambres-44-gam-italie\/#primaryimage\"},\"thumbnailUrl\":\"https:\/\/italiamachines.com\/wp-content\/uploads\/2025\/05\/S44.webp\",\"datePublished\":\"2025-05-15T15:26:46+00:00\",\"dateModified\":\"2025-05-15T15:31:24+00:00\",\"breadcrumb\":{\"@id\":\"https:\/\/italiamachines.com\/boutique\/restaurant-snack-et-pizzeria\/four\/four-pour-pizzeria\/four-modulaire-pour-pizzeria\/four-a-pizza-electrique-a-2-chambres-44-gam-italie\/#breadcrumb\"},\"inLanguage\":\"fr-FR\",\"potentialAction\":[{\"@type\":\"ReadAction\",\"target\":[\"https:\/\/italiamachines.com\/boutique\/restaurant-snack-et-pizzeria\/four\/four-pour-pizzeria\/four-modulaire-pour-pizzeria\/four-a-pizza-electrique-a-2-chambres-44-gam-italie\/\"]}]},{\"@type\":\"ImageObject\",\"inLanguage\":\"fr-FR\",\"@id\":\"https:\/\/italiamachines.com\/boutique\/restaurant-snack-et-pizzeria\/four\/four-pour-pizzeria\/four-modulaire-pour-pizzeria\/four-a-pizza-electrique-a-2-chambres-44-gam-italie\/#primaryimage\",\"url\":\"https:\/\/italiamachines.com\/wp-content\/uploads\/2025\/05\/S44.webp\",\"contentUrl\":\"https:\/\/italiamachines.com\/wp-content\/uploads\/2025\/05\/S44.webp\",\"width\":600,\"height\":600},{\"@type\":\"BreadcrumbList\",\"@id\":\"https:\/\/italiamachines.com\/boutique\/restaurant-snack-et-pizzeria\/four\/four-pour-pizzeria\/four-modulaire-pour-pizzeria\/four-a-pizza-electrique-a-2-chambres-44-gam-italie\/#breadcrumb\",\"itemListElement\":[{\"@type\":\"ListItem\",\"position\":1,\"name\":\"Accueil\",\"item\":\"https:\/\/italiamachines.com\/fr_fr\/\"},{\"@type\":\"ListItem\",\"position\":2,\"name\":\"Boutique\",\"item\":\"https:\/\/italiamachines.com\/boutique\/\"},{\"@type\":\"ListItem\",\"position\":3,\"name\":\"four \u00e0 pizza \u00e9lectrique \u00e0 2 chambres 4+4 \u2013 gam italie\"}]},{\"@type\":\"WebSite\",\"@id\":\"https:\/\/italiamachines.com\/#website\",\"url\":\"https:\/\/italiamachines.com\/\",\"name\":\"Italia Machines\",\"description\":\"L&#039;art de l&#039;\u00e9quipement HORECA\",\"publisher\":{\"@id\":\"https:\/\/italiamachines.com\/#organization\"},\"potentialAction\":[{\"@type\":\"SearchAction\",\"target\":{\"@type\":\"EntryPoint\",\"urlTemplate\":\"https:\/\/italiamachines.com\/?s={search_term_string}\"},\"query-input\":{\"@type\":\"PropertyValueSpecification\",\"valueRequired\":true,\"valueName\":\"search_term_string\"}}],\"inLanguage\":\"fr-FR\"},{\"@type\":\"Organization\",\"@id\":\"https:\/\/italiamachines.com\/#organization\",\"name\":\"italiamachines\",\"url\":\"https:\/\/italiamachines.com\/\",\"logo\":{\"@type\":\"ImageObject\",\"inLanguage\":\"fr-FR\",\"@id\":\"https:\/\/italiamachines.com\/#\/schema\/logo\/image\/\",\"url\":\"https:\/\/italiamachines.com\/wp-content\/uploads\/2023\/08\/logo-web-1.png\",\"contentUrl\":\"https:\/\/italiamachines.com\/wp-content\/uploads\/2023\/08\/logo-web-1.png\",\"width\":977,\"height\":254,\"caption\":\"italiamachines\"},\"image\":{\"@id\":\"https:\/\/italiamachines.com\/#\/schema\/logo\/image\/\"},\"sameAs\":[\"https:\/\/web.facebook.com\/italiamachines\/\",\"https:\/\/www.instagram.com\/italia.machines\/\"]}]}<\/script>\n<!-- \/ Yoast SEO plugin. -->","yoast_head_json":{"title":"four \u00e0 pizza \u00e9lectrique \u00e0 2 chambres 4+4 \u2013 gam italie | Italia Machines","robots":{"index":"index","follow":"follow","max-snippet":"max-snippet:-1","max-image-preview":"max-image-preview:large","max-video-preview":"max-video-preview:-1"},"canonical":"https:\/\/italiamachines.com\/fr_fr\/boutique\/restaurant-snack-et-pizzeria\/four\/four-pour-pizzeria\/four-modulaire-pour-pizzeria\/four-a-pizza-electrique-a-2-chambres-44-gam-italie\/","og_locale":"fr_FR","og_type":"article","og_title":"four \u00e0 pizza \u00e9lectrique \u00e0 2 chambres 4+4 \u2013 gam italie | Italia Machines","og_description":"Face avant : Acier inoxydable Structure externe : T\u00f4le pr\u00e9-peinte (c\u00f4t\u00e9s et dessus) Surface de cuisson : Recouverte de pierres r\u00e9fractaires Isolation : Laine de roche haute densit\u00e9 R\u00e9sistances : Blind\u00e9es (armoured) Porte : Verre haute temp\u00e9rature \u00c9clairage int\u00e9rieur : Oui Temp\u00e9rature maximale : 450\u202f\u00b0C Structure : Monobloc (single block) Dimensions: 890x1000x720 Capacit\u00e9 : 4+4&hellip;","og_url":"https:\/\/italiamachines.com\/fr_fr\/boutique\/restaurant-snack-et-pizzeria\/four\/four-pour-pizzeria\/four-modulaire-pour-pizzeria\/four-a-pizza-electrique-a-2-chambres-44-gam-italie\/","og_site_name":"Italia Machines","article_publisher":"https:\/\/web.facebook.com\/italiamachines\/","article_modified_time":"2025-05-15T15:31:24+00:00","og_image":[{"width":600,"height":600,"url":"https:\/\/italiamachines.com\/wp-content\/uploads\/2025\/05\/S44.webp","type":"image\/webp"}],"twitter_card":"summary_large_image","twitter_misc":{"Dur\u00e9e de lecture estim\u00e9e":"1 minute"},"schema":{"@context":"https:\/\/schema.org","@graph":[{"@type":"WebPage","@id":"https:\/\/italiamachines.com\/boutique\/restaurant-snack-et-pizzeria\/four\/four-pour-pizzeria\/four-modulaire-pour-pizzeria\/four-a-pizza-electrique-a-2-chambres-44-gam-italie\/","url":"https:\/\/italiamachines.com\/boutique\/restaurant-snack-et-pizzeria\/four\/four-pour-pizzeria\/four-modulaire-pour-pizzeria\/four-a-pizza-electrique-a-2-chambres-44-gam-italie\/","name":"four \u00e0 pizza \u00e9lectrique \u00e0 2 chambres 4+4 \u2013 gam italie | Italia Machines","isPartOf":{"@id":"https:\/\/italiamachines.com\/#website"},"primaryImageOfPage":{"@id":"https:\/\/italiamachines.com\/boutique\/restaurant-snack-et-pizzeria\/four\/four-pour-pizzeria\/four-modulaire-pour-pizzeria\/four-a-pizza-electrique-a-2-chambres-44-gam-italie\/#primaryimage"},"image":{"@id":"https:\/\/italiamachines.com\/boutique\/restaurant-snack-et-pizzeria\/four\/four-pour-pizzeria\/four-modulaire-pour-pizzeria\/four-a-pizza-electrique-a-2-chambres-44-gam-italie\/#primaryimage"},"thumbnailUrl":"https:\/\/italiamachines.com\/wp-content\/uploads\/2025\/05\/S44.webp","datePublished":"2025-05-15T15:26:46+00:00","dateModified":"2025-05-15T15:31:24+00:00","breadcrumb":{"@id":"https:\/\/italiamachines.com\/boutique\/restaurant-snack-et-pizzeria\/four\/four-pour-pizzeria\/four-modulaire-pour-pizzeria\/four-a-pizza-electrique-a-2-chambres-44-gam-italie\/#breadcrumb"},"inLanguage":"fr-FR","potentialAction":[{"@type":"ReadAction","target":["https:\/\/italiamachines.com\/boutique\/restaurant-snack-et-pizzeria\/four\/four-pour-pizzeria\/four-modulaire-pour-pizzeria\/four-a-pizza-electrique-a-2-chambres-44-gam-italie\/"]}]},{"@type":"ImageObject","inLanguage":"fr-FR","@id":"https:\/\/italiamachines.com\/boutique\/restaurant-snack-et-pizzeria\/four\/four-pour-pizzeria\/four-modulaire-pour-pizzeria\/four-a-pizza-electrique-a-2-chambres-44-gam-italie\/#primaryimage","url":"https:\/\/italiamachines.com\/wp-content\/uploads\/2025\/05\/S44.webp","contentUrl":"https:\/\/italiamachines.com\/wp-content\/uploads\/2025\/05\/S44.webp","width":600,"height":600},{"@type":"BreadcrumbList","@id":"https:\/\/italiamachines.com\/boutique\/restaurant-snack-et-pizzeria\/four\/four-pour-pizzeria\/four-modulaire-pour-pizzeria\/four-a-pizza-electrique-a-2-chambres-44-gam-italie\/#breadcrumb","itemListElement":[{"@type":"ListItem","position":1,"name":"Accueil","item":"https:\/\/italiamachines.com\/fr_fr\/"},{"@type":"ListItem","position":2,"name":"Boutique","item":"https:\/\/italiamachines.com\/boutique\/"},{"@type":"ListItem","position":3,"name":"four \u00e0 pizza \u00e9lectrique \u00e0 2 chambres 4+4 \u2013 gam italie"}]},{"@type":"WebSite","@id":"https:\/\/italiamachines.com\/#website","url":"https:\/\/italiamachines.com\/","name":"Italia Machines","description":"L&#039;art de l&#039;\u00e9quipement HORECA","publisher":{"@id":"https:\/\/italiamachines.com\/#organization"},"potentialAction":[{"@type":"SearchAction","target":{"@type":"EntryPoint","urlTemplate":"https:\/\/italiamachines.com\/?s={search_term_string}"},"query-input":{"@type":"PropertyValueSpecification","valueRequired":true,"valueName":"search_term_string"}}],"inLanguage":"fr-FR"},{"@type":"Organization","@id":"https:\/\/italiamachines.com\/#organization","name":"italiamachines","url":"https:\/\/italiamachines.com\/","logo":{"@type":"ImageObject","inLanguage":"fr-FR","@id":"https:\/\/italiamachines.com\/#\/schema\/logo\/image\/","url":"https:\/\/italiamachines.com\/wp-content\/uploads\/2023\/08\/logo-web-1.png","contentUrl":"https:\/\/italiamachines.com\/wp-content\/uploads\/2023\/08\/logo-web-1.png","width":977,"height":254,"caption":"italiamachines"},"image":{"@id":"https:\/\/italiamachines.com\/#\/schema\/logo\/image\/"},"sameAs":["https:\/\/web.facebook.com\/italiamachines\/","https:\/\/www.instagram.com\/italia.machines\/"]}]}},"_links":{"self":[{"href":"https:\/\/italiamachines.com\/fr_fr\/wp-json\/wp\/v2\/product\/11174","targetHints":{"allow":["GET"]}}],"collection":[{"href":"https:\/\/italiamachines.com\/fr_fr\/wp-json\/wp\/v2\/product"}],"about":[{"href":"https:\/\/italiamachines.com\/fr_fr\/wp-json\/wp\/v2\/types\/product"}],"replies":[{"embeddable":true,"href":"https:\/\/italiamachines.com\/fr_fr\/wp-json\/wp\/v2\/comments?post=11174"}],"wp:featuredmedia":[{"embeddable":true,"href":"https:\/\/italiamachines.com\/fr_fr\/wp-json\/wp\/v2\/media\/11175"}],"wp:attachment":[{"href":"https:\/\/italiamachines.com\/fr_fr\/wp-json\/wp\/v2\/media?parent=11174"}],"wp:term":[{"taxonomy":"product_cat","embeddable":true,"href":"https:\/\/italiamachines.com\/fr_fr\/wp-json\/wp\/v2\/product_cat?post=11174"},{"taxonomy":"product_tag","embeddable":true,"href":"https:\/\/italiamachines.com\/fr_fr\/wp-json\/wp\/v2\/product_tag?post=11174"}],"curies":[{"name":"wp","href":"https:\/\/api.w.org\/{rel}","templated":true}]}}