{"id":11200,"date":"2025-06-07T00:42:12","date_gmt":"2025-06-06T22:42:12","guid":{"rendered":"https:\/\/italiamachines.com\/?post_type=product&#038;p=11200"},"modified":"2025-06-07T00:42:12","modified_gmt":"2025-06-06T22:42:12","slug":"four-a-pizza-a-convection-electrique-avec-convoyeur-par-vigevr","status":"publish","type":"product","link":"https:\/\/italiamachines.com\/fr_fr\/boutique\/restaurant-snack-et-pizzeria\/outils-pizza\/four-a-pizza-a-convection-electrique-avec-convoyeur-par-vigevr\/","title":{"rendered":"Four \u00e0 pizza \u00e0 convection \u00e9lectrique avec convoyeur \u2013 par VIGEVR"},"content":{"rendered":"<p>Four \u00e0 convection \u00e0 cha\u00eene pour pizza (18 pouces)<br \/>\nAlimentation : 220V \/ 380V<br \/>\nPuissance : 10 kW<br \/>\nPoids net\/brut : 140 \/ 155 kg<br \/>\nDimensions (L x P x H) : 1050 x 1950 x 450 mm<\/p>\n","protected":false},"excerpt":{"rendered":"<p>Four \u00e0 convection \u00e0 cha\u00eene pour pizza (18 pouces) Alimentation : 220V \/ 380V Puissance : 10 kW Poids net\/brut : 140 \/ 155 kg Dimensions (L x P x H) : 1050 x 1950 x 450 mm<\/p>\n","protected":false},"featured_media":11201,"comment_status":"open","ping_status":"closed","template":"","meta":[],"product_cat":[222,112],"product_tag":[],"class_list":{"0":"post-11200","1":"product","2":"type-product","3":"status-publish","4":"has-post-thumbnail","6":"product_cat-outils-pizza","7":"product_cat-restaurant-snack-et-pizzeria","9":"first","10":"instock","11":"shipping-taxable","12":"purchasable","13":"product-type-simple","14":"col-xs-6 col-sm-4","15":"col-md-3 col-lg-3","16":"un-4-cols"},"yoast_head":"<!-- This site is optimized with the Yoast SEO plugin v26.6 - https:\/\/yoast.com\/wordpress\/plugins\/seo\/ -->\n<title>Four \u00e0 pizza \u00e0 convection \u00e9lectrique avec convoyeur \u2013 par VIGEVR | Italia Machines<\/title>\n<meta name=\"robots\" content=\"index, follow, max-snippet:-1, max-image-preview:large, max-video-preview:-1\" \/>\n<link rel=\"canonical\" href=\"https:\/\/italiamachines.com\/fr_fr\/boutique\/restaurant-snack-et-pizzeria\/outils-pizza\/four-a-pizza-a-convection-electrique-avec-convoyeur-par-vigevr\/\" \/>\n<meta property=\"og:locale\" content=\"fr_FR\" \/>\n<meta property=\"og:type\" content=\"article\" \/>\n<meta property=\"og:title\" content=\"Four \u00e0 pizza \u00e0 convection \u00e9lectrique avec convoyeur \u2013 par VIGEVR | Italia Machines\" \/>\n<meta property=\"og:description\" content=\"Four \u00e0 convection \u00e0 cha\u00eene pour pizza (18 pouces) Alimentation : 220V \/ 380V Puissance : 10 kW Poids net\/brut : 140 \/ 155 kg Dimensions (L x P x H) : 1050 x 1950 x 450 mm\" \/>\n<meta property=\"og:url\" content=\"https:\/\/italiamachines.com\/fr_fr\/boutique\/restaurant-snack-et-pizzeria\/outils-pizza\/four-a-pizza-a-convection-electrique-avec-convoyeur-par-vigevr\/\" \/>\n<meta property=\"og:site_name\" content=\"Italia Machines\" \/>\n<meta property=\"article:publisher\" content=\"https:\/\/web.facebook.com\/italiamachines\/\" \/>\n<meta property=\"og:image\" content=\"https:\/\/italiamachines.com\/wp-content\/uploads\/2025\/06\/AS-LS18D.png\" \/>\n\t<meta property=\"og:image:width\" content=\"487\" \/>\n\t<meta property=\"og:image:height\" content=\"416\" \/>\n\t<meta property=\"og:image:type\" content=\"image\/png\" \/>\n<meta name=\"twitter:card\" content=\"summary_large_image\" \/>\n<meta name=\"twitter:label1\" content=\"Dur\u00e9e de lecture estim\u00e9e\" \/>\n\t<meta name=\"twitter:data1\" content=\"1 minute\" \/>\n<script type=\"application\/ld+json\" class=\"yoast-schema-graph\">{\"@context\":\"https:\/\/schema.org\",\"@graph\":[{\"@type\":\"WebPage\",\"@id\":\"https:\/\/italiamachines.com\/boutique\/restaurant-snack-et-pizzeria\/outils-pizza\/four-a-pizza-a-convection-electrique-avec-convoyeur-par-vigevr\/\",\"url\":\"https:\/\/italiamachines.com\/boutique\/restaurant-snack-et-pizzeria\/outils-pizza\/four-a-pizza-a-convection-electrique-avec-convoyeur-par-vigevr\/\",\"name\":\"Four \u00e0 pizza \u00e0 convection \u00e9lectrique avec convoyeur \u2013 par VIGEVR | Italia Machines\",\"isPartOf\":{\"@id\":\"https:\/\/italiamachines.com\/#website\"},\"primaryImageOfPage\":{\"@id\":\"https:\/\/italiamachines.com\/boutique\/restaurant-snack-et-pizzeria\/outils-pizza\/four-a-pizza-a-convection-electrique-avec-convoyeur-par-vigevr\/#primaryimage\"},\"image\":{\"@id\":\"https:\/\/italiamachines.com\/boutique\/restaurant-snack-et-pizzeria\/outils-pizza\/four-a-pizza-a-convection-electrique-avec-convoyeur-par-vigevr\/#primaryimage\"},\"thumbnailUrl\":\"https:\/\/italiamachines.com\/wp-content\/uploads\/2025\/06\/AS-LS18D.png\",\"datePublished\":\"2025-06-06T22:42:12+00:00\",\"breadcrumb\":{\"@id\":\"https:\/\/italiamachines.com\/boutique\/restaurant-snack-et-pizzeria\/outils-pizza\/four-a-pizza-a-convection-electrique-avec-convoyeur-par-vigevr\/#breadcrumb\"},\"inLanguage\":\"fr-FR\",\"potentialAction\":[{\"@type\":\"ReadAction\",\"target\":[\"https:\/\/italiamachines.com\/boutique\/restaurant-snack-et-pizzeria\/outils-pizza\/four-a-pizza-a-convection-electrique-avec-convoyeur-par-vigevr\/\"]}]},{\"@type\":\"ImageObject\",\"inLanguage\":\"fr-FR\",\"@id\":\"https:\/\/italiamachines.com\/boutique\/restaurant-snack-et-pizzeria\/outils-pizza\/four-a-pizza-a-convection-electrique-avec-convoyeur-par-vigevr\/#primaryimage\",\"url\":\"https:\/\/italiamachines.com\/wp-content\/uploads\/2025\/06\/AS-LS18D.png\",\"contentUrl\":\"https:\/\/italiamachines.com\/wp-content\/uploads\/2025\/06\/AS-LS18D.png\",\"width\":487,\"height\":416},{\"@type\":\"BreadcrumbList\",\"@id\":\"https:\/\/italiamachines.com\/boutique\/restaurant-snack-et-pizzeria\/outils-pizza\/four-a-pizza-a-convection-electrique-avec-convoyeur-par-vigevr\/#breadcrumb\",\"itemListElement\":[{\"@type\":\"ListItem\",\"position\":1,\"name\":\"Accueil\",\"item\":\"https:\/\/italiamachines.com\/fr_fr\/\"},{\"@type\":\"ListItem\",\"position\":2,\"name\":\"Boutique\",\"item\":\"https:\/\/italiamachines.com\/boutique\/\"},{\"@type\":\"ListItem\",\"position\":3,\"name\":\"Four \u00e0 pizza \u00e0 convection \u00e9lectrique avec convoyeur \u2013 par VIGEVR\"}]},{\"@type\":\"WebSite\",\"@id\":\"https:\/\/italiamachines.com\/#website\",\"url\":\"https:\/\/italiamachines.com\/\",\"name\":\"Italia Machines\",\"description\":\"L&#039;art de l&#039;\u00e9quipement HORECA\",\"publisher\":{\"@id\":\"https:\/\/italiamachines.com\/#organization\"},\"potentialAction\":[{\"@type\":\"SearchAction\",\"target\":{\"@type\":\"EntryPoint\",\"urlTemplate\":\"https:\/\/italiamachines.com\/?s={search_term_string}\"},\"query-input\":{\"@type\":\"PropertyValueSpecification\",\"valueRequired\":true,\"valueName\":\"search_term_string\"}}],\"inLanguage\":\"fr-FR\"},{\"@type\":\"Organization\",\"@id\":\"https:\/\/italiamachines.com\/#organization\",\"name\":\"italiamachines\",\"url\":\"https:\/\/italiamachines.com\/\",\"logo\":{\"@type\":\"ImageObject\",\"inLanguage\":\"fr-FR\",\"@id\":\"https:\/\/italiamachines.com\/#\/schema\/logo\/image\/\",\"url\":\"https:\/\/italiamachines.com\/wp-content\/uploads\/2023\/08\/logo-web-1.png\",\"contentUrl\":\"https:\/\/italiamachines.com\/wp-content\/uploads\/2023\/08\/logo-web-1.png\",\"width\":977,\"height\":254,\"caption\":\"italiamachines\"},\"image\":{\"@id\":\"https:\/\/italiamachines.com\/#\/schema\/logo\/image\/\"},\"sameAs\":[\"https:\/\/web.facebook.com\/italiamachines\/\",\"https:\/\/www.instagram.com\/italia.machines\/\"]}]}<\/script>\n<!-- \/ Yoast SEO plugin. -->","yoast_head_json":{"title":"Four \u00e0 pizza \u00e0 convection \u00e9lectrique avec convoyeur \u2013 par VIGEVR | Italia Machines","robots":{"index":"index","follow":"follow","max-snippet":"max-snippet:-1","max-image-preview":"max-image-preview:large","max-video-preview":"max-video-preview:-1"},"canonical":"https:\/\/italiamachines.com\/fr_fr\/boutique\/restaurant-snack-et-pizzeria\/outils-pizza\/four-a-pizza-a-convection-electrique-avec-convoyeur-par-vigevr\/","og_locale":"fr_FR","og_type":"article","og_title":"Four \u00e0 pizza \u00e0 convection \u00e9lectrique avec convoyeur \u2013 par VIGEVR | Italia Machines","og_description":"Four \u00e0 convection \u00e0 cha\u00eene pour pizza (18 pouces) Alimentation : 220V \/ 380V Puissance : 10 kW Poids net\/brut : 140 \/ 155 kg Dimensions (L x P x H) : 1050 x 1950 x 450 mm","og_url":"https:\/\/italiamachines.com\/fr_fr\/boutique\/restaurant-snack-et-pizzeria\/outils-pizza\/four-a-pizza-a-convection-electrique-avec-convoyeur-par-vigevr\/","og_site_name":"Italia Machines","article_publisher":"https:\/\/web.facebook.com\/italiamachines\/","og_image":[{"width":487,"height":416,"url":"https:\/\/italiamachines.com\/wp-content\/uploads\/2025\/06\/AS-LS18D.png","type":"image\/png"}],"twitter_card":"summary_large_image","twitter_misc":{"Dur\u00e9e de lecture estim\u00e9e":"1 minute"},"schema":{"@context":"https:\/\/schema.org","@graph":[{"@type":"WebPage","@id":"https:\/\/italiamachines.com\/boutique\/restaurant-snack-et-pizzeria\/outils-pizza\/four-a-pizza-a-convection-electrique-avec-convoyeur-par-vigevr\/","url":"https:\/\/italiamachines.com\/boutique\/restaurant-snack-et-pizzeria\/outils-pizza\/four-a-pizza-a-convection-electrique-avec-convoyeur-par-vigevr\/","name":"Four \u00e0 pizza \u00e0 convection \u00e9lectrique avec convoyeur \u2013 par VIGEVR | Italia Machines","isPartOf":{"@id":"https:\/\/italiamachines.com\/#website"},"primaryImageOfPage":{"@id":"https:\/\/italiamachines.com\/boutique\/restaurant-snack-et-pizzeria\/outils-pizza\/four-a-pizza-a-convection-electrique-avec-convoyeur-par-vigevr\/#primaryimage"},"image":{"@id":"https:\/\/italiamachines.com\/boutique\/restaurant-snack-et-pizzeria\/outils-pizza\/four-a-pizza-a-convection-electrique-avec-convoyeur-par-vigevr\/#primaryimage"},"thumbnailUrl":"https:\/\/italiamachines.com\/wp-content\/uploads\/2025\/06\/AS-LS18D.png","datePublished":"2025-06-06T22:42:12+00:00","breadcrumb":{"@id":"https:\/\/italiamachines.com\/boutique\/restaurant-snack-et-pizzeria\/outils-pizza\/four-a-pizza-a-convection-electrique-avec-convoyeur-par-vigevr\/#breadcrumb"},"inLanguage":"fr-FR","potentialAction":[{"@type":"ReadAction","target":["https:\/\/italiamachines.com\/boutique\/restaurant-snack-et-pizzeria\/outils-pizza\/four-a-pizza-a-convection-electrique-avec-convoyeur-par-vigevr\/"]}]},{"@type":"ImageObject","inLanguage":"fr-FR","@id":"https:\/\/italiamachines.com\/boutique\/restaurant-snack-et-pizzeria\/outils-pizza\/four-a-pizza-a-convection-electrique-avec-convoyeur-par-vigevr\/#primaryimage","url":"https:\/\/italiamachines.com\/wp-content\/uploads\/2025\/06\/AS-LS18D.png","contentUrl":"https:\/\/italiamachines.com\/wp-content\/uploads\/2025\/06\/AS-LS18D.png","width":487,"height":416},{"@type":"BreadcrumbList","@id":"https:\/\/italiamachines.com\/boutique\/restaurant-snack-et-pizzeria\/outils-pizza\/four-a-pizza-a-convection-electrique-avec-convoyeur-par-vigevr\/#breadcrumb","itemListElement":[{"@type":"ListItem","position":1,"name":"Accueil","item":"https:\/\/italiamachines.com\/fr_fr\/"},{"@type":"ListItem","position":2,"name":"Boutique","item":"https:\/\/italiamachines.com\/boutique\/"},{"@type":"ListItem","position":3,"name":"Four \u00e0 pizza \u00e0 convection \u00e9lectrique avec convoyeur \u2013 par VIGEVR"}]},{"@type":"WebSite","@id":"https:\/\/italiamachines.com\/#website","url":"https:\/\/italiamachines.com\/","name":"Italia Machines","description":"L&#039;art de l&#039;\u00e9quipement HORECA","publisher":{"@id":"https:\/\/italiamachines.com\/#organization"},"potentialAction":[{"@type":"SearchAction","target":{"@type":"EntryPoint","urlTemplate":"https:\/\/italiamachines.com\/?s={search_term_string}"},"query-input":{"@type":"PropertyValueSpecification","valueRequired":true,"valueName":"search_term_string"}}],"inLanguage":"fr-FR"},{"@type":"Organization","@id":"https:\/\/italiamachines.com\/#organization","name":"italiamachines","url":"https:\/\/italiamachines.com\/","logo":{"@type":"ImageObject","inLanguage":"fr-FR","@id":"https:\/\/italiamachines.com\/#\/schema\/logo\/image\/","url":"https:\/\/italiamachines.com\/wp-content\/uploads\/2023\/08\/logo-web-1.png","contentUrl":"https:\/\/italiamachines.com\/wp-content\/uploads\/2023\/08\/logo-web-1.png","width":977,"height":254,"caption":"italiamachines"},"image":{"@id":"https:\/\/italiamachines.com\/#\/schema\/logo\/image\/"},"sameAs":["https:\/\/web.facebook.com\/italiamachines\/","https:\/\/www.instagram.com\/italia.machines\/"]}]}},"_links":{"self":[{"href":"https:\/\/italiamachines.com\/fr_fr\/wp-json\/wp\/v2\/product\/11200","targetHints":{"allow":["GET"]}}],"collection":[{"href":"https:\/\/italiamachines.com\/fr_fr\/wp-json\/wp\/v2\/product"}],"about":[{"href":"https:\/\/italiamachines.com\/fr_fr\/wp-json\/wp\/v2\/types\/product"}],"replies":[{"embeddable":true,"href":"https:\/\/italiamachines.com\/fr_fr\/wp-json\/wp\/v2\/comments?post=11200"}],"wp:featuredmedia":[{"embeddable":true,"href":"https:\/\/italiamachines.com\/fr_fr\/wp-json\/wp\/v2\/media\/11201"}],"wp:attachment":[{"href":"https:\/\/italiamachines.com\/fr_fr\/wp-json\/wp\/v2\/media?parent=11200"}],"wp:term":[{"taxonomy":"product_cat","embeddable":true,"href":"https:\/\/italiamachines.com\/fr_fr\/wp-json\/wp\/v2\/product_cat?post=11200"},{"taxonomy":"product_tag","embeddable":true,"href":"https:\/\/italiamachines.com\/fr_fr\/wp-json\/wp\/v2\/product_tag?post=11200"}],"curies":[{"name":"wp","href":"https:\/\/api.w.org\/{rel}","templated":true}]}}