{"id":4238,"date":"2023-07-30T02:42:59","date_gmt":"2023-07-30T02:42:59","guid":{"rendered":"https:\/\/prod.italiamachines.com\/product\/cuiseur-de-pates-electrique-par-offcar-volume-30-l\/"},"modified":"2025-04-18T00:28:11","modified_gmt":"2025-04-17T22:28:11","slug":"cuiseur-de-pates-electrique-par-offcar-volume-30-l","status":"publish","type":"product","link":"https:\/\/italiamachines.com\/fr_fr\/boutique\/restaurant-snack-et-pizzeria\/cuisson\/cuiseur-de-pates\/cuiseur-de-pates-electrique-par-offcar-volume-30-l\/","title":{"rendered":"Cuiseur de p\u00e2tes par Offcar | Bertos | Empero | Desco"},"content":{"rendered":"<p>Surface en acier inoxydable 304<br \/>\nCuve en acier inoxydable AISI 316 pour une r\u00e9sistance maximale<br \/>\nFaux fond en acier rond et grille de support pour les paniers<br \/>\nRobinet de chargement d&rsquo;eau<br \/>\nRobinet de vidange d&rsquo;eau<br \/>\nR\u00e9sistances sp\u00e9ciales en tungst\u00e8ne situ\u00e9es \u00e0 l&rsquo;ext\u00e9rieur de la cuve<br \/>\nR\u00e9glage de la puissance avec un s\u00e9lecteur \u00e0 3 positions et voyant lumineux indiquant le fonctionnement<br \/>\nPressostat de s\u00e9curit\u00e9 pour contr\u00f4ler le niveau d&rsquo;eau dans la cuve<br \/>\nPanneau de commande pouvant \u00eatre rapidement retir\u00e9 pour un nettoyage et un entretien faciles<br \/>\nPieds r\u00e9glables en hauteur en acier inoxydable<\/p>\n","protected":false},"excerpt":{"rendered":"<p>Surface en acier inoxydable 304 Cuve en acier inoxydable AISI 316 pour une r\u00e9sistance maximale Faux fond en acier rond et grille de support pour les paniers Robinet de chargement d&rsquo;eau Robinet de vidange d&rsquo;eau R\u00e9sistances sp\u00e9ciales en tungst\u00e8ne situ\u00e9es \u00e0 l&rsquo;ext\u00e9rieur de la cuve R\u00e9glage de la puissance avec un s\u00e9lecteur \u00e0 3 positions&hellip;<\/p>\n","protected":false},"featured_media":4237,"comment_status":"open","ping_status":"closed","template":"","meta":[],"product_cat":[259,171,112],"product_tag":[],"class_list":{"0":"post-4238","1":"product","2":"type-product","3":"status-publish","4":"has-post-thumbnail","6":"product_cat-cuiseur-de-pates","7":"product_cat-cuisson","8":"product_cat-restaurant-snack-et-pizzeria","9":"pa_emplacement-posable","10":"pa_emplacement-sur-meuble","11":"pa_serie-53","12":"pa_serie-54","13":"pa_serie-56","14":"pa_typologie-electrique","15":"pa_typologie-gaz","17":"first","18":"instock","19":"shipping-taxable","20":"purchasable","21":"product-type-variable","22":"col-xs-6 col-sm-4","23":"col-md-3 col-lg-3","24":"un-4-cols"},"yoast_head":"<!-- This site is optimized with the Yoast SEO plugin v26.6 - https:\/\/yoast.com\/wordpress\/plugins\/seo\/ -->\n<title>Cuiseur de p\u00e2tes par Offcar | Bertos | Empero | Desco | Italia Machines<\/title>\n<meta name=\"description\" content=\"Cuiseur de p\u00e2tes\" \/>\n<meta name=\"robots\" content=\"index, follow, max-snippet:-1, max-image-preview:large, max-video-preview:-1\" \/>\n<link rel=\"canonical\" href=\"https:\/\/italiamachines.com\/fr_fr\/boutique\/restaurant-snack-et-pizzeria\/cuisson\/cuiseur-de-pates\/cuiseur-de-pates-electrique-par-offcar-volume-30-l\/\" \/>\n<meta property=\"og:locale\" content=\"fr_FR\" \/>\n<meta property=\"og:type\" content=\"article\" \/>\n<meta property=\"og:title\" content=\"Cuiseur de p\u00e2tes par Offcar | Bertos | Empero | Desco | Italia Machines\" \/>\n<meta property=\"og:description\" content=\"Cuiseur de p\u00e2tes\" \/>\n<meta property=\"og:url\" content=\"https:\/\/italiamachines.com\/fr_fr\/boutique\/restaurant-snack-et-pizzeria\/cuisson\/cuiseur-de-pates\/cuiseur-de-pates-electrique-par-offcar-volume-30-l\/\" \/>\n<meta property=\"og:site_name\" content=\"Italia Machines\" \/>\n<meta property=\"article:publisher\" content=\"https:\/\/web.facebook.com\/italiamachines\/\" \/>\n<meta property=\"article:modified_time\" content=\"2025-04-17T22:28:11+00:00\" \/>\n<meta property=\"og:image\" content=\"https:\/\/italiamachines.com\/wp-content\/uploads\/2023\/07\/7CPE30-1.jpeg\" \/>\n\t<meta property=\"og:image:width\" content=\"800\" \/>\n\t<meta property=\"og:image:height\" content=\"800\" \/>\n\t<meta property=\"og:image:type\" content=\"image\/jpeg\" \/>\n<meta name=\"twitter:card\" content=\"summary_large_image\" \/>\n<meta name=\"twitter:label1\" content=\"Dur\u00e9e de lecture estim\u00e9e\" \/>\n\t<meta name=\"twitter:data1\" content=\"1 minute\" \/>\n<script type=\"application\/ld+json\" class=\"yoast-schema-graph\">{\"@context\":\"https:\/\/schema.org\",\"@graph\":[{\"@type\":\"WebPage\",\"@id\":\"https:\/\/italiamachines.com\/boutique\/restaurant-snack-et-pizzeria\/cuisson\/cuiseur-de-pates\/cuiseur-de-pates-electrique-par-offcar-volume-30-l\/\",\"url\":\"https:\/\/italiamachines.com\/boutique\/restaurant-snack-et-pizzeria\/cuisson\/cuiseur-de-pates\/cuiseur-de-pates-electrique-par-offcar-volume-30-l\/\",\"name\":\"Cuiseur de p\u00e2tes par Offcar | Bertos | Empero | Desco | Italia Machines\",\"isPartOf\":{\"@id\":\"https:\/\/italiamachines.com\/#website\"},\"primaryImageOfPage\":{\"@id\":\"https:\/\/italiamachines.com\/boutique\/restaurant-snack-et-pizzeria\/cuisson\/cuiseur-de-pates\/cuiseur-de-pates-electrique-par-offcar-volume-30-l\/#primaryimage\"},\"image\":{\"@id\":\"https:\/\/italiamachines.com\/boutique\/restaurant-snack-et-pizzeria\/cuisson\/cuiseur-de-pates\/cuiseur-de-pates-electrique-par-offcar-volume-30-l\/#primaryimage\"},\"thumbnailUrl\":\"https:\/\/italiamachines.com\/wp-content\/uploads\/2023\/07\/7CPE30-1.jpeg\",\"datePublished\":\"2023-07-30T02:42:59+00:00\",\"dateModified\":\"2025-04-17T22:28:11+00:00\",\"description\":\"Cuiseur de p\u00e2tes\",\"breadcrumb\":{\"@id\":\"https:\/\/italiamachines.com\/boutique\/restaurant-snack-et-pizzeria\/cuisson\/cuiseur-de-pates\/cuiseur-de-pates-electrique-par-offcar-volume-30-l\/#breadcrumb\"},\"inLanguage\":\"fr-FR\",\"potentialAction\":[{\"@type\":\"ReadAction\",\"target\":[\"https:\/\/italiamachines.com\/boutique\/restaurant-snack-et-pizzeria\/cuisson\/cuiseur-de-pates\/cuiseur-de-pates-electrique-par-offcar-volume-30-l\/\"]}]},{\"@type\":\"ImageObject\",\"inLanguage\":\"fr-FR\",\"@id\":\"https:\/\/italiamachines.com\/boutique\/restaurant-snack-et-pizzeria\/cuisson\/cuiseur-de-pates\/cuiseur-de-pates-electrique-par-offcar-volume-30-l\/#primaryimage\",\"url\":\"https:\/\/italiamachines.com\/wp-content\/uploads\/2023\/07\/7CPE30-1.jpeg\",\"contentUrl\":\"https:\/\/italiamachines.com\/wp-content\/uploads\/2023\/07\/7CPE30-1.jpeg\",\"width\":800,\"height\":800},{\"@type\":\"BreadcrumbList\",\"@id\":\"https:\/\/italiamachines.com\/boutique\/restaurant-snack-et-pizzeria\/cuisson\/cuiseur-de-pates\/cuiseur-de-pates-electrique-par-offcar-volume-30-l\/#breadcrumb\",\"itemListElement\":[{\"@type\":\"ListItem\",\"position\":1,\"name\":\"Accueil\",\"item\":\"https:\/\/italiamachines.com\/fr_fr\/\"},{\"@type\":\"ListItem\",\"position\":2,\"name\":\"Boutique\",\"item\":\"https:\/\/italiamachines.com\/boutique\/\"},{\"@type\":\"ListItem\",\"position\":3,\"name\":\"Cuiseur de p\u00e2tes par Offcar | Bertos | Empero | Desco\"}]},{\"@type\":\"WebSite\",\"@id\":\"https:\/\/italiamachines.com\/#website\",\"url\":\"https:\/\/italiamachines.com\/\",\"name\":\"Italia Machines\",\"description\":\"L&#039;art de l&#039;\u00e9quipement HORECA\",\"publisher\":{\"@id\":\"https:\/\/italiamachines.com\/#organization\"},\"potentialAction\":[{\"@type\":\"SearchAction\",\"target\":{\"@type\":\"EntryPoint\",\"urlTemplate\":\"https:\/\/italiamachines.com\/?s={search_term_string}\"},\"query-input\":{\"@type\":\"PropertyValueSpecification\",\"valueRequired\":true,\"valueName\":\"search_term_string\"}}],\"inLanguage\":\"fr-FR\"},{\"@type\":\"Organization\",\"@id\":\"https:\/\/italiamachines.com\/#organization\",\"name\":\"italiamachines\",\"url\":\"https:\/\/italiamachines.com\/\",\"logo\":{\"@type\":\"ImageObject\",\"inLanguage\":\"fr-FR\",\"@id\":\"https:\/\/italiamachines.com\/#\/schema\/logo\/image\/\",\"url\":\"https:\/\/italiamachines.com\/wp-content\/uploads\/2023\/08\/logo-web-1.png\",\"contentUrl\":\"https:\/\/italiamachines.com\/wp-content\/uploads\/2023\/08\/logo-web-1.png\",\"width\":977,\"height\":254,\"caption\":\"italiamachines\"},\"image\":{\"@id\":\"https:\/\/italiamachines.com\/#\/schema\/logo\/image\/\"},\"sameAs\":[\"https:\/\/web.facebook.com\/italiamachines\/\",\"https:\/\/www.instagram.com\/italia.machines\/\"]}]}<\/script>\n<!-- \/ Yoast SEO plugin. -->","yoast_head_json":{"title":"Cuiseur de p\u00e2tes par Offcar | Bertos | Empero | Desco | Italia Machines","description":"Cuiseur de p\u00e2tes","robots":{"index":"index","follow":"follow","max-snippet":"max-snippet:-1","max-image-preview":"max-image-preview:large","max-video-preview":"max-video-preview:-1"},"canonical":"https:\/\/italiamachines.com\/fr_fr\/boutique\/restaurant-snack-et-pizzeria\/cuisson\/cuiseur-de-pates\/cuiseur-de-pates-electrique-par-offcar-volume-30-l\/","og_locale":"fr_FR","og_type":"article","og_title":"Cuiseur de p\u00e2tes par Offcar | Bertos | Empero | Desco | Italia Machines","og_description":"Cuiseur de p\u00e2tes","og_url":"https:\/\/italiamachines.com\/fr_fr\/boutique\/restaurant-snack-et-pizzeria\/cuisson\/cuiseur-de-pates\/cuiseur-de-pates-electrique-par-offcar-volume-30-l\/","og_site_name":"Italia Machines","article_publisher":"https:\/\/web.facebook.com\/italiamachines\/","article_modified_time":"2025-04-17T22:28:11+00:00","og_image":[{"width":800,"height":800,"url":"https:\/\/italiamachines.com\/wp-content\/uploads\/2023\/07\/7CPE30-1.jpeg","type":"image\/jpeg"}],"twitter_card":"summary_large_image","twitter_misc":{"Dur\u00e9e de lecture estim\u00e9e":"1 minute"},"schema":{"@context":"https:\/\/schema.org","@graph":[{"@type":"WebPage","@id":"https:\/\/italiamachines.com\/boutique\/restaurant-snack-et-pizzeria\/cuisson\/cuiseur-de-pates\/cuiseur-de-pates-electrique-par-offcar-volume-30-l\/","url":"https:\/\/italiamachines.com\/boutique\/restaurant-snack-et-pizzeria\/cuisson\/cuiseur-de-pates\/cuiseur-de-pates-electrique-par-offcar-volume-30-l\/","name":"Cuiseur de p\u00e2tes par Offcar | Bertos | Empero | Desco | Italia Machines","isPartOf":{"@id":"https:\/\/italiamachines.com\/#website"},"primaryImageOfPage":{"@id":"https:\/\/italiamachines.com\/boutique\/restaurant-snack-et-pizzeria\/cuisson\/cuiseur-de-pates\/cuiseur-de-pates-electrique-par-offcar-volume-30-l\/#primaryimage"},"image":{"@id":"https:\/\/italiamachines.com\/boutique\/restaurant-snack-et-pizzeria\/cuisson\/cuiseur-de-pates\/cuiseur-de-pates-electrique-par-offcar-volume-30-l\/#primaryimage"},"thumbnailUrl":"https:\/\/italiamachines.com\/wp-content\/uploads\/2023\/07\/7CPE30-1.jpeg","datePublished":"2023-07-30T02:42:59+00:00","dateModified":"2025-04-17T22:28:11+00:00","description":"Cuiseur de p\u00e2tes","breadcrumb":{"@id":"https:\/\/italiamachines.com\/boutique\/restaurant-snack-et-pizzeria\/cuisson\/cuiseur-de-pates\/cuiseur-de-pates-electrique-par-offcar-volume-30-l\/#breadcrumb"},"inLanguage":"fr-FR","potentialAction":[{"@type":"ReadAction","target":["https:\/\/italiamachines.com\/boutique\/restaurant-snack-et-pizzeria\/cuisson\/cuiseur-de-pates\/cuiseur-de-pates-electrique-par-offcar-volume-30-l\/"]}]},{"@type":"ImageObject","inLanguage":"fr-FR","@id":"https:\/\/italiamachines.com\/boutique\/restaurant-snack-et-pizzeria\/cuisson\/cuiseur-de-pates\/cuiseur-de-pates-electrique-par-offcar-volume-30-l\/#primaryimage","url":"https:\/\/italiamachines.com\/wp-content\/uploads\/2023\/07\/7CPE30-1.jpeg","contentUrl":"https:\/\/italiamachines.com\/wp-content\/uploads\/2023\/07\/7CPE30-1.jpeg","width":800,"height":800},{"@type":"BreadcrumbList","@id":"https:\/\/italiamachines.com\/boutique\/restaurant-snack-et-pizzeria\/cuisson\/cuiseur-de-pates\/cuiseur-de-pates-electrique-par-offcar-volume-30-l\/#breadcrumb","itemListElement":[{"@type":"ListItem","position":1,"name":"Accueil","item":"https:\/\/italiamachines.com\/fr_fr\/"},{"@type":"ListItem","position":2,"name":"Boutique","item":"https:\/\/italiamachines.com\/boutique\/"},{"@type":"ListItem","position":3,"name":"Cuiseur de p\u00e2tes par Offcar | Bertos | Empero | Desco"}]},{"@type":"WebSite","@id":"https:\/\/italiamachines.com\/#website","url":"https:\/\/italiamachines.com\/","name":"Italia Machines","description":"L&#039;art de l&#039;\u00e9quipement HORECA","publisher":{"@id":"https:\/\/italiamachines.com\/#organization"},"potentialAction":[{"@type":"SearchAction","target":{"@type":"EntryPoint","urlTemplate":"https:\/\/italiamachines.com\/?s={search_term_string}"},"query-input":{"@type":"PropertyValueSpecification","valueRequired":true,"valueName":"search_term_string"}}],"inLanguage":"fr-FR"},{"@type":"Organization","@id":"https:\/\/italiamachines.com\/#organization","name":"italiamachines","url":"https:\/\/italiamachines.com\/","logo":{"@type":"ImageObject","inLanguage":"fr-FR","@id":"https:\/\/italiamachines.com\/#\/schema\/logo\/image\/","url":"https:\/\/italiamachines.com\/wp-content\/uploads\/2023\/08\/logo-web-1.png","contentUrl":"https:\/\/italiamachines.com\/wp-content\/uploads\/2023\/08\/logo-web-1.png","width":977,"height":254,"caption":"italiamachines"},"image":{"@id":"https:\/\/italiamachines.com\/#\/schema\/logo\/image\/"},"sameAs":["https:\/\/web.facebook.com\/italiamachines\/","https:\/\/www.instagram.com\/italia.machines\/"]}]}},"_links":{"self":[{"href":"https:\/\/italiamachines.com\/fr_fr\/wp-json\/wp\/v2\/product\/4238","targetHints":{"allow":["GET"]}}],"collection":[{"href":"https:\/\/italiamachines.com\/fr_fr\/wp-json\/wp\/v2\/product"}],"about":[{"href":"https:\/\/italiamachines.com\/fr_fr\/wp-json\/wp\/v2\/types\/product"}],"replies":[{"embeddable":true,"href":"https:\/\/italiamachines.com\/fr_fr\/wp-json\/wp\/v2\/comments?post=4238"}],"wp:featuredmedia":[{"embeddable":true,"href":"https:\/\/italiamachines.com\/fr_fr\/wp-json\/wp\/v2\/media\/4237"}],"wp:attachment":[{"href":"https:\/\/italiamachines.com\/fr_fr\/wp-json\/wp\/v2\/media?parent=4238"}],"wp:term":[{"taxonomy":"product_cat","embeddable":true,"href":"https:\/\/italiamachines.com\/fr_fr\/wp-json\/wp\/v2\/product_cat?post=4238"},{"taxonomy":"product_tag","embeddable":true,"href":"https:\/\/italiamachines.com\/fr_fr\/wp-json\/wp\/v2\/product_tag?post=4238"}],"curies":[{"name":"wp","href":"https:\/\/api.w.org\/{rel}","templated":true}]}}