{"id":4322,"date":"2023-07-30T02:51:47","date_gmt":"2023-07-30T02:51:47","guid":{"rendered":"https:\/\/prod.italiamachines.com\/product\/marmite-a-chauffe-directe-cuve-de-150l-par-offcar-dimensions-800x900x900-puissance-21kw\/"},"modified":"2024-09-29T15:40:15","modified_gmt":"2024-09-29T13:40:15","slug":"marmite-a-chauffe-directe-cuve-de-150l-par-offcar-dimensions-800x900x900-puissance-21kw","status":"publish","type":"product","link":"https:\/\/italiamachines.com\/fr_fr\/boutique\/restaurant-snack-et-pizzeria\/cuisson\/marmite\/marmite-a-chauffe-directe-cuve-de-150l-par-offcar-dimensions-800x900x900-puissance-21kw\/","title":{"rendered":"Marmite \u00e0 chauffe directe &#8211; Cuve de 150L &#8211; Dimensions: 80x90x90 cm &#8211; par Offcar"},"content":{"rendered":"<p>Structure externe et dessus en acier inoxydable AISI 304<br \/>\nCuve isol\u00e9e avec un fond en acier inoxydable AISI 316<br \/>\nCouvercle articul\u00e9 \u00e0 l&rsquo;arri\u00e8re et contrepes\u00e9, avec poign\u00e9e thermor\u00e9sistante<br \/>\nCapacit\u00e9 de la cuve de 150 litres<br \/>\nGroupe de remplissage de la cuve en laiton chrom\u00e9<br \/>\nRobinet de vidange avant en laiton chrom\u00e9 avec poign\u00e9e thermor\u00e9sistante<br \/>\nChauffage direct au gaz avec br\u00fbleurs en acier inoxydable \u00e0 flamme stabilis\u00e9e<br \/>\nRobinet avec flamme pilote pour l&rsquo;allumage du br\u00fbleur<br \/>\nAllumage \u00e9lectronique de la flamme pilote \u00e0 batterie<br \/>\nPuissance \u00c9lectrique KW: 21<br \/>\nRaccordement \u00c9lectrique: \u00d8 1\/2\u201c<\/p>\n","protected":false},"excerpt":{"rendered":"<p>Structure externe et dessus en acier inoxydable AISI 304 Cuve isol\u00e9e avec un fond en acier inoxydable AISI 316 Couvercle articul\u00e9 \u00e0 l&rsquo;arri\u00e8re et contrepes\u00e9, avec poign\u00e9e thermor\u00e9sistante Capacit\u00e9 de la cuve de 150 litres Groupe de remplissage de la cuve en laiton chrom\u00e9 Robinet de vidange avant en laiton chrom\u00e9 avec poign\u00e9e thermor\u00e9sistante Chauffage&hellip;<\/p>\n","protected":false},"featured_media":4321,"comment_status":"open","ping_status":"closed","template":"","meta":[],"product_cat":[171,215,112],"product_tag":[],"class_list":{"0":"post-4322","1":"product","2":"type-product","3":"status-publish","4":"has-post-thumbnail","6":"product_cat-cuisson","7":"product_cat-marmite","8":"product_cat-restaurant-snack-et-pizzeria","10":"first","11":"instock","12":"shipping-taxable","13":"purchasable","14":"product-type-simple","15":"col-xs-6 col-sm-4","16":"col-md-3 col-lg-3","17":"un-4-cols"},"yoast_head":"<!-- This site is optimized with the Yoast SEO plugin v26.6 - https:\/\/yoast.com\/wordpress\/plugins\/seo\/ -->\n<title>Marmite \u00e0 chauffe directe - Cuve de 150L - Dimensions: 80x90x90 cm - par Offcar | Italia Machines<\/title>\n<meta name=\"robots\" content=\"index, follow, max-snippet:-1, max-image-preview:large, max-video-preview:-1\" \/>\n<link rel=\"canonical\" href=\"https:\/\/italiamachines.com\/fr_fr\/boutique\/restaurant-snack-et-pizzeria\/cuisson\/marmite\/marmite-a-chauffe-directe-cuve-de-150l-par-offcar-dimensions-800x900x900-puissance-21kw\/\" \/>\n<meta property=\"og:locale\" content=\"fr_FR\" \/>\n<meta property=\"og:type\" content=\"article\" \/>\n<meta property=\"og:title\" content=\"Marmite \u00e0 chauffe directe - Cuve de 150L - Dimensions: 80x90x90 cm - par Offcar | Italia Machines\" \/>\n<meta property=\"og:description\" content=\"Structure externe et dessus en acier inoxydable AISI 304 Cuve isol\u00e9e avec un fond en acier inoxydable AISI 316 Couvercle articul\u00e9 \u00e0 l&rsquo;arri\u00e8re et contrepes\u00e9, avec poign\u00e9e thermor\u00e9sistante Capacit\u00e9 de la cuve de 150 litres Groupe de remplissage de la cuve en laiton chrom\u00e9 Robinet de vidange avant en laiton chrom\u00e9 avec poign\u00e9e thermor\u00e9sistante Chauffage&hellip;\" \/>\n<meta property=\"og:url\" content=\"https:\/\/italiamachines.com\/fr_fr\/boutique\/restaurant-snack-et-pizzeria\/cuisson\/marmite\/marmite-a-chauffe-directe-cuve-de-150l-par-offcar-dimensions-800x900x900-puissance-21kw\/\" \/>\n<meta property=\"og:site_name\" content=\"Italia Machines\" \/>\n<meta property=\"article:publisher\" content=\"https:\/\/web.facebook.com\/italiamachines\/\" \/>\n<meta property=\"article:modified_time\" content=\"2024-09-29T13:40:15+00:00\" \/>\n<meta property=\"og:image\" content=\"https:\/\/italiamachines.com\/wp-content\/uploads\/2023\/07\/80PQG15D.jpeg\" \/>\n\t<meta property=\"og:image:width\" content=\"800\" \/>\n\t<meta property=\"og:image:height\" content=\"800\" \/>\n\t<meta property=\"og:image:type\" content=\"image\/jpeg\" \/>\n<meta name=\"twitter:card\" content=\"summary_large_image\" \/>\n<meta name=\"twitter:label1\" content=\"Dur\u00e9e de lecture estim\u00e9e\" \/>\n\t<meta name=\"twitter:data1\" content=\"1 minute\" \/>\n<script type=\"application\/ld+json\" class=\"yoast-schema-graph\">{\"@context\":\"https:\/\/schema.org\",\"@graph\":[{\"@type\":\"WebPage\",\"@id\":\"https:\/\/italiamachines.com\/boutique\/restaurant-snack-et-pizzeria\/cuisson\/marmite\/marmite-a-chauffe-directe-cuve-de-150l-par-offcar-dimensions-800x900x900-puissance-21kw\/\",\"url\":\"https:\/\/italiamachines.com\/boutique\/restaurant-snack-et-pizzeria\/cuisson\/marmite\/marmite-a-chauffe-directe-cuve-de-150l-par-offcar-dimensions-800x900x900-puissance-21kw\/\",\"name\":\"Marmite \u00e0 chauffe directe - Cuve de 150L - Dimensions: 80x90x90 cm - par Offcar | Italia Machines\",\"isPartOf\":{\"@id\":\"https:\/\/italiamachines.com\/#website\"},\"primaryImageOfPage\":{\"@id\":\"https:\/\/italiamachines.com\/boutique\/restaurant-snack-et-pizzeria\/cuisson\/marmite\/marmite-a-chauffe-directe-cuve-de-150l-par-offcar-dimensions-800x900x900-puissance-21kw\/#primaryimage\"},\"image\":{\"@id\":\"https:\/\/italiamachines.com\/boutique\/restaurant-snack-et-pizzeria\/cuisson\/marmite\/marmite-a-chauffe-directe-cuve-de-150l-par-offcar-dimensions-800x900x900-puissance-21kw\/#primaryimage\"},\"thumbnailUrl\":\"https:\/\/italiamachines.com\/wp-content\/uploads\/2023\/07\/80PQG15D.jpeg\",\"datePublished\":\"2023-07-30T02:51:47+00:00\",\"dateModified\":\"2024-09-29T13:40:15+00:00\",\"breadcrumb\":{\"@id\":\"https:\/\/italiamachines.com\/boutique\/restaurant-snack-et-pizzeria\/cuisson\/marmite\/marmite-a-chauffe-directe-cuve-de-150l-par-offcar-dimensions-800x900x900-puissance-21kw\/#breadcrumb\"},\"inLanguage\":\"fr-FR\",\"potentialAction\":[{\"@type\":\"ReadAction\",\"target\":[\"https:\/\/italiamachines.com\/boutique\/restaurant-snack-et-pizzeria\/cuisson\/marmite\/marmite-a-chauffe-directe-cuve-de-150l-par-offcar-dimensions-800x900x900-puissance-21kw\/\"]}]},{\"@type\":\"ImageObject\",\"inLanguage\":\"fr-FR\",\"@id\":\"https:\/\/italiamachines.com\/boutique\/restaurant-snack-et-pizzeria\/cuisson\/marmite\/marmite-a-chauffe-directe-cuve-de-150l-par-offcar-dimensions-800x900x900-puissance-21kw\/#primaryimage\",\"url\":\"https:\/\/italiamachines.com\/wp-content\/uploads\/2023\/07\/80PQG15D.jpeg\",\"contentUrl\":\"https:\/\/italiamachines.com\/wp-content\/uploads\/2023\/07\/80PQG15D.jpeg\",\"width\":800,\"height\":800},{\"@type\":\"BreadcrumbList\",\"@id\":\"https:\/\/italiamachines.com\/boutique\/restaurant-snack-et-pizzeria\/cuisson\/marmite\/marmite-a-chauffe-directe-cuve-de-150l-par-offcar-dimensions-800x900x900-puissance-21kw\/#breadcrumb\",\"itemListElement\":[{\"@type\":\"ListItem\",\"position\":1,\"name\":\"Accueil\",\"item\":\"https:\/\/italiamachines.com\/fr_fr\/\"},{\"@type\":\"ListItem\",\"position\":2,\"name\":\"Boutique\",\"item\":\"https:\/\/italiamachines.com\/boutique\/\"},{\"@type\":\"ListItem\",\"position\":3,\"name\":\"Marmite \u00e0 chauffe directe &#8211; Cuve de 150L &#8211; Dimensions: 80x90x90 cm &#8211; par Offcar\"}]},{\"@type\":\"WebSite\",\"@id\":\"https:\/\/italiamachines.com\/#website\",\"url\":\"https:\/\/italiamachines.com\/\",\"name\":\"Italia Machines\",\"description\":\"L&#039;art de l&#039;\u00e9quipement HORECA\",\"publisher\":{\"@id\":\"https:\/\/italiamachines.com\/#organization\"},\"potentialAction\":[{\"@type\":\"SearchAction\",\"target\":{\"@type\":\"EntryPoint\",\"urlTemplate\":\"https:\/\/italiamachines.com\/?s={search_term_string}\"},\"query-input\":{\"@type\":\"PropertyValueSpecification\",\"valueRequired\":true,\"valueName\":\"search_term_string\"}}],\"inLanguage\":\"fr-FR\"},{\"@type\":\"Organization\",\"@id\":\"https:\/\/italiamachines.com\/#organization\",\"name\":\"italiamachines\",\"url\":\"https:\/\/italiamachines.com\/\",\"logo\":{\"@type\":\"ImageObject\",\"inLanguage\":\"fr-FR\",\"@id\":\"https:\/\/italiamachines.com\/#\/schema\/logo\/image\/\",\"url\":\"https:\/\/italiamachines.com\/wp-content\/uploads\/2023\/08\/logo-web-1.png\",\"contentUrl\":\"https:\/\/italiamachines.com\/wp-content\/uploads\/2023\/08\/logo-web-1.png\",\"width\":977,\"height\":254,\"caption\":\"italiamachines\"},\"image\":{\"@id\":\"https:\/\/italiamachines.com\/#\/schema\/logo\/image\/\"},\"sameAs\":[\"https:\/\/web.facebook.com\/italiamachines\/\",\"https:\/\/www.instagram.com\/italia.machines\/\"]}]}<\/script>\n<!-- \/ Yoast SEO plugin. -->","yoast_head_json":{"title":"Marmite \u00e0 chauffe directe - Cuve de 150L - Dimensions: 80x90x90 cm - par Offcar | Italia Machines","robots":{"index":"index","follow":"follow","max-snippet":"max-snippet:-1","max-image-preview":"max-image-preview:large","max-video-preview":"max-video-preview:-1"},"canonical":"https:\/\/italiamachines.com\/fr_fr\/boutique\/restaurant-snack-et-pizzeria\/cuisson\/marmite\/marmite-a-chauffe-directe-cuve-de-150l-par-offcar-dimensions-800x900x900-puissance-21kw\/","og_locale":"fr_FR","og_type":"article","og_title":"Marmite \u00e0 chauffe directe - Cuve de 150L - Dimensions: 80x90x90 cm - par Offcar | Italia Machines","og_description":"Structure externe et dessus en acier inoxydable AISI 304 Cuve isol\u00e9e avec un fond en acier inoxydable AISI 316 Couvercle articul\u00e9 \u00e0 l&rsquo;arri\u00e8re et contrepes\u00e9, avec poign\u00e9e thermor\u00e9sistante Capacit\u00e9 de la cuve de 150 litres Groupe de remplissage de la cuve en laiton chrom\u00e9 Robinet de vidange avant en laiton chrom\u00e9 avec poign\u00e9e thermor\u00e9sistante Chauffage&hellip;","og_url":"https:\/\/italiamachines.com\/fr_fr\/boutique\/restaurant-snack-et-pizzeria\/cuisson\/marmite\/marmite-a-chauffe-directe-cuve-de-150l-par-offcar-dimensions-800x900x900-puissance-21kw\/","og_site_name":"Italia Machines","article_publisher":"https:\/\/web.facebook.com\/italiamachines\/","article_modified_time":"2024-09-29T13:40:15+00:00","og_image":[{"width":800,"height":800,"url":"https:\/\/italiamachines.com\/wp-content\/uploads\/2023\/07\/80PQG15D.jpeg","type":"image\/jpeg"}],"twitter_card":"summary_large_image","twitter_misc":{"Dur\u00e9e de lecture estim\u00e9e":"1 minute"},"schema":{"@context":"https:\/\/schema.org","@graph":[{"@type":"WebPage","@id":"https:\/\/italiamachines.com\/boutique\/restaurant-snack-et-pizzeria\/cuisson\/marmite\/marmite-a-chauffe-directe-cuve-de-150l-par-offcar-dimensions-800x900x900-puissance-21kw\/","url":"https:\/\/italiamachines.com\/boutique\/restaurant-snack-et-pizzeria\/cuisson\/marmite\/marmite-a-chauffe-directe-cuve-de-150l-par-offcar-dimensions-800x900x900-puissance-21kw\/","name":"Marmite \u00e0 chauffe directe - Cuve de 150L - Dimensions: 80x90x90 cm - par Offcar | Italia Machines","isPartOf":{"@id":"https:\/\/italiamachines.com\/#website"},"primaryImageOfPage":{"@id":"https:\/\/italiamachines.com\/boutique\/restaurant-snack-et-pizzeria\/cuisson\/marmite\/marmite-a-chauffe-directe-cuve-de-150l-par-offcar-dimensions-800x900x900-puissance-21kw\/#primaryimage"},"image":{"@id":"https:\/\/italiamachines.com\/boutique\/restaurant-snack-et-pizzeria\/cuisson\/marmite\/marmite-a-chauffe-directe-cuve-de-150l-par-offcar-dimensions-800x900x900-puissance-21kw\/#primaryimage"},"thumbnailUrl":"https:\/\/italiamachines.com\/wp-content\/uploads\/2023\/07\/80PQG15D.jpeg","datePublished":"2023-07-30T02:51:47+00:00","dateModified":"2024-09-29T13:40:15+00:00","breadcrumb":{"@id":"https:\/\/italiamachines.com\/boutique\/restaurant-snack-et-pizzeria\/cuisson\/marmite\/marmite-a-chauffe-directe-cuve-de-150l-par-offcar-dimensions-800x900x900-puissance-21kw\/#breadcrumb"},"inLanguage":"fr-FR","potentialAction":[{"@type":"ReadAction","target":["https:\/\/italiamachines.com\/boutique\/restaurant-snack-et-pizzeria\/cuisson\/marmite\/marmite-a-chauffe-directe-cuve-de-150l-par-offcar-dimensions-800x900x900-puissance-21kw\/"]}]},{"@type":"ImageObject","inLanguage":"fr-FR","@id":"https:\/\/italiamachines.com\/boutique\/restaurant-snack-et-pizzeria\/cuisson\/marmite\/marmite-a-chauffe-directe-cuve-de-150l-par-offcar-dimensions-800x900x900-puissance-21kw\/#primaryimage","url":"https:\/\/italiamachines.com\/wp-content\/uploads\/2023\/07\/80PQG15D.jpeg","contentUrl":"https:\/\/italiamachines.com\/wp-content\/uploads\/2023\/07\/80PQG15D.jpeg","width":800,"height":800},{"@type":"BreadcrumbList","@id":"https:\/\/italiamachines.com\/boutique\/restaurant-snack-et-pizzeria\/cuisson\/marmite\/marmite-a-chauffe-directe-cuve-de-150l-par-offcar-dimensions-800x900x900-puissance-21kw\/#breadcrumb","itemListElement":[{"@type":"ListItem","position":1,"name":"Accueil","item":"https:\/\/italiamachines.com\/fr_fr\/"},{"@type":"ListItem","position":2,"name":"Boutique","item":"https:\/\/italiamachines.com\/boutique\/"},{"@type":"ListItem","position":3,"name":"Marmite \u00e0 chauffe directe &#8211; Cuve de 150L &#8211; Dimensions: 80x90x90 cm &#8211; par Offcar"}]},{"@type":"WebSite","@id":"https:\/\/italiamachines.com\/#website","url":"https:\/\/italiamachines.com\/","name":"Italia Machines","description":"L&#039;art de l&#039;\u00e9quipement HORECA","publisher":{"@id":"https:\/\/italiamachines.com\/#organization"},"potentialAction":[{"@type":"SearchAction","target":{"@type":"EntryPoint","urlTemplate":"https:\/\/italiamachines.com\/?s={search_term_string}"},"query-input":{"@type":"PropertyValueSpecification","valueRequired":true,"valueName":"search_term_string"}}],"inLanguage":"fr-FR"},{"@type":"Organization","@id":"https:\/\/italiamachines.com\/#organization","name":"italiamachines","url":"https:\/\/italiamachines.com\/","logo":{"@type":"ImageObject","inLanguage":"fr-FR","@id":"https:\/\/italiamachines.com\/#\/schema\/logo\/image\/","url":"https:\/\/italiamachines.com\/wp-content\/uploads\/2023\/08\/logo-web-1.png","contentUrl":"https:\/\/italiamachines.com\/wp-content\/uploads\/2023\/08\/logo-web-1.png","width":977,"height":254,"caption":"italiamachines"},"image":{"@id":"https:\/\/italiamachines.com\/#\/schema\/logo\/image\/"},"sameAs":["https:\/\/web.facebook.com\/italiamachines\/","https:\/\/www.instagram.com\/italia.machines\/"]}]}},"_links":{"self":[{"href":"https:\/\/italiamachines.com\/fr_fr\/wp-json\/wp\/v2\/product\/4322","targetHints":{"allow":["GET"]}}],"collection":[{"href":"https:\/\/italiamachines.com\/fr_fr\/wp-json\/wp\/v2\/product"}],"about":[{"href":"https:\/\/italiamachines.com\/fr_fr\/wp-json\/wp\/v2\/types\/product"}],"replies":[{"embeddable":true,"href":"https:\/\/italiamachines.com\/fr_fr\/wp-json\/wp\/v2\/comments?post=4322"}],"wp:featuredmedia":[{"embeddable":true,"href":"https:\/\/italiamachines.com\/fr_fr\/wp-json\/wp\/v2\/media\/4321"}],"wp:attachment":[{"href":"https:\/\/italiamachines.com\/fr_fr\/wp-json\/wp\/v2\/media?parent=4322"}],"wp:term":[{"taxonomy":"product_cat","embeddable":true,"href":"https:\/\/italiamachines.com\/fr_fr\/wp-json\/wp\/v2\/product_cat?post=4322"},{"taxonomy":"product_tag","embeddable":true,"href":"https:\/\/italiamachines.com\/fr_fr\/wp-json\/wp\/v2\/product_tag?post=4322"}],"curies":[{"name":"wp","href":"https:\/\/api.w.org\/{rel}","templated":true}]}}