{"id":4328,"date":"2023-07-30T02:52:23","date_gmt":"2023-07-30T02:52:23","guid":{"rendered":"https:\/\/prod.italiamachines.com\/product\/armoire-refrigeree-mastercool-700l-acier-inox-2-portes-dimensions-710x800x2030-2100\/"},"modified":"2024-09-22T00:14:24","modified_gmt":"2024-09-21T22:14:24","slug":"armoire-refrigeree-mastercool-700l-acier-inox-2-portes-dimensions-710x800x2030-2100","status":"publish","type":"product","link":"https:\/\/italiamachines.com\/fr_fr\/boutique\/boulangerie-et-patisserie\/patisserie\/froid-et-conservation-pour-patisserie\/armoire-pour-conservation\/armoire-refrigeree-mastercool-700l-acier-inox-2-portes-dimensions-710x800x2030-2100\/","title":{"rendered":"Armoire R\u00e9frig\u00e9r\u00e9e Mastercool 700L &#8211; Acier Inoxydable &#8211; 2 Portes &#8211; 71x80x203\/210"},"content":{"rendered":"<p>Alimentation \u00e9lectrique : 230V<br \/>\nEn acier inoxydable AISI 304<br \/>\nR\u00e9frig\u00e9rant : Gaz R404A<br \/>\nSyst\u00e8me de remplissage ventil\u00e9<br \/>\nR\u00e9frig\u00e9rateur \u00e0 2 portes<br \/>\nConsommation \u00e9lectrique : 385 + 700 W<br \/>\nPlage de temp\u00e9rature : -2\u00b0C \u00e0 +10\u00b0C (R\u00e9frig\u00e9rateur) \/ -18\u00b0C \u00e0 -22\u00b0C (Cong\u00e9lateur)<br \/>\nD\u00e9givrage automatique<br \/>\nThermostat \u00e9lectronique pour un contr\u00f4le pr\u00e9cis<br \/>\nTemp\u00e9rature maximale autoris\u00e9e : +43\u00b0C, Humidit\u00e9 ambiante : 65%<br \/>\nIsolation de 60 mm d&rsquo;\u00e9paisseur<br \/>\nCoins internes arrondis pour un nettoyage facile<br \/>\nPortes avec fermeture automatique<br \/>\n8 guides et 4 grilles (dimensions de chaque grille : 65 x 53 cm)<br \/>\nConsommation \u00e9nerg\u00e9tique annuelle : 2097 Kw<br \/>\nClasse \u00e9nerg\u00e9tique : D<\/p>\n","protected":false},"excerpt":{"rendered":"<p>Alimentation \u00e9lectrique : 230V En acier inoxydable AISI 304 R\u00e9frig\u00e9rant : Gaz R404A Syst\u00e8me de remplissage ventil\u00e9 R\u00e9frig\u00e9rateur \u00e0 2 portes Consommation \u00e9lectrique : 385 + 700 W Plage de temp\u00e9rature : -2\u00b0C \u00e0 +10\u00b0C (R\u00e9frig\u00e9rateur) \/ -18\u00b0C \u00e0 -22\u00b0C (Cong\u00e9lateur) D\u00e9givrage automatique Thermostat \u00e9lectronique pour un contr\u00f4le pr\u00e9cis Temp\u00e9rature maximale autoris\u00e9e : +43\u00b0C, Humidit\u00e9&hellip;<\/p>\n","protected":false},"featured_media":4327,"comment_status":"open","ping_status":"closed","template":"","meta":[],"product_cat":[147,148,249,149,150,251,63,65,71,72,73,200,201,74,79,80,97,112],"product_tag":[],"class_list":{"0":"post-4328","1":"product","2":"type-product","3":"status-publish","4":"has-post-thumbnail","6":"product_cat-armoire","7":"product_cat-armoire-pour-boucherie","8":"product_cat-armoire-pour-conservation","9":"product_cat-armoire-pour-glace","10":"product_cat-armoires-pour-fromagerie","11":"product_cat-armoires-pour-restauration","12":"product_cat-boucherie","13":"product_cat-cafe-glacier-lecheria","14":"product_cat-froid-conservation","15":"product_cat-froid-conservation-pour-boucherie","16":"product_cat-froid-conservation-pour-glace","17":"product_cat-froid-conservation-pour-restauration","18":"product_cat-froid-et-conservation-pour-patisserie","19":"product_cat-fromagerie-et-epicerie-fine","20":"product_cat-glacier","21":"product_cat-glacier-lecheria","22":"product_cat-patisserie","23":"product_cat-restaurant-snack-et-pizzeria","25":"first","26":"instock","27":"shipping-taxable","28":"purchasable","29":"product-type-simple","30":"col-xs-6 col-sm-4","31":"col-md-3 col-lg-3","32":"un-4-cols"},"yoast_head":"<!-- This site is optimized with the Yoast SEO plugin v26.6 - https:\/\/yoast.com\/wordpress\/plugins\/seo\/ -->\n<title>Armoire R\u00e9frig\u00e9r\u00e9e Mastercool 700L - Acier Inoxydable - 2 Portes - 71x80x203\/210 | Italia Machines<\/title>\n<meta name=\"robots\" content=\"index, follow, max-snippet:-1, max-image-preview:large, max-video-preview:-1\" \/>\n<link rel=\"canonical\" href=\"https:\/\/italiamachines.com\/fr_fr\/boutique\/boulangerie-et-patisserie\/patisserie\/froid-et-conservation-pour-patisserie\/armoire-pour-conservation\/armoire-refrigeree-mastercool-700l-acier-inox-2-portes-dimensions-710x800x2030-2100\/\" \/>\n<meta property=\"og:locale\" content=\"fr_FR\" \/>\n<meta property=\"og:type\" content=\"article\" \/>\n<meta property=\"og:title\" content=\"Armoire R\u00e9frig\u00e9r\u00e9e Mastercool 700L - Acier Inoxydable - 2 Portes - 71x80x203\/210 | Italia Machines\" \/>\n<meta property=\"og:description\" content=\"Alimentation \u00e9lectrique : 230V En acier inoxydable AISI 304 R\u00e9frig\u00e9rant : Gaz R404A Syst\u00e8me de remplissage ventil\u00e9 R\u00e9frig\u00e9rateur \u00e0 2 portes Consommation \u00e9lectrique : 385 + 700 W Plage de temp\u00e9rature : -2\u00b0C \u00e0 +10\u00b0C (R\u00e9frig\u00e9rateur) \/ -18\u00b0C \u00e0 -22\u00b0C (Cong\u00e9lateur) D\u00e9givrage automatique Thermostat \u00e9lectronique pour un contr\u00f4le pr\u00e9cis Temp\u00e9rature maximale autoris\u00e9e : +43\u00b0C, Humidit\u00e9&hellip;\" \/>\n<meta property=\"og:url\" content=\"https:\/\/italiamachines.com\/fr_fr\/boutique\/boulangerie-et-patisserie\/patisserie\/froid-et-conservation-pour-patisserie\/armoire-pour-conservation\/armoire-refrigeree-mastercool-700l-acier-inox-2-portes-dimensions-710x800x2030-2100\/\" \/>\n<meta property=\"og:site_name\" content=\"Italia Machines\" \/>\n<meta property=\"article:publisher\" content=\"https:\/\/web.facebook.com\/italiamachines\/\" \/>\n<meta property=\"article:modified_time\" content=\"2024-09-21T22:14:24+00:00\" \/>\n<meta property=\"og:image\" content=\"https:\/\/italiamachines.com\/wp-content\/uploads\/2023\/07\/A207MIDPN.jpeg\" \/>\n\t<meta property=\"og:image:width\" content=\"522\" \/>\n\t<meta property=\"og:image:height\" content=\"963\" \/>\n\t<meta property=\"og:image:type\" content=\"image\/jpeg\" \/>\n<meta name=\"twitter:card\" content=\"summary_large_image\" \/>\n<meta name=\"twitter:label1\" content=\"Dur\u00e9e de lecture estim\u00e9e\" \/>\n\t<meta name=\"twitter:data1\" content=\"1 minute\" \/>\n<script type=\"application\/ld+json\" class=\"yoast-schema-graph\">{\"@context\":\"https:\/\/schema.org\",\"@graph\":[{\"@type\":\"WebPage\",\"@id\":\"https:\/\/italiamachines.com\/boutique\/boulangerie-et-patisserie\/patisserie\/froid-et-conservation-pour-patisserie\/armoire-pour-conservation\/armoire-refrigeree-mastercool-700l-acier-inox-2-portes-dimensions-710x800x2030-2100\/\",\"url\":\"https:\/\/italiamachines.com\/boutique\/boulangerie-et-patisserie\/patisserie\/froid-et-conservation-pour-patisserie\/armoire-pour-conservation\/armoire-refrigeree-mastercool-700l-acier-inox-2-portes-dimensions-710x800x2030-2100\/\",\"name\":\"Armoire R\u00e9frig\u00e9r\u00e9e Mastercool 700L - Acier Inoxydable - 2 Portes - 71x80x203\/210 | Italia Machines\",\"isPartOf\":{\"@id\":\"https:\/\/italiamachines.com\/#website\"},\"primaryImageOfPage\":{\"@id\":\"https:\/\/italiamachines.com\/boutique\/boulangerie-et-patisserie\/patisserie\/froid-et-conservation-pour-patisserie\/armoire-pour-conservation\/armoire-refrigeree-mastercool-700l-acier-inox-2-portes-dimensions-710x800x2030-2100\/#primaryimage\"},\"image\":{\"@id\":\"https:\/\/italiamachines.com\/boutique\/boulangerie-et-patisserie\/patisserie\/froid-et-conservation-pour-patisserie\/armoire-pour-conservation\/armoire-refrigeree-mastercool-700l-acier-inox-2-portes-dimensions-710x800x2030-2100\/#primaryimage\"},\"thumbnailUrl\":\"https:\/\/italiamachines.com\/wp-content\/uploads\/2023\/07\/A207MIDPN.jpeg\",\"datePublished\":\"2023-07-30T02:52:23+00:00\",\"dateModified\":\"2024-09-21T22:14:24+00:00\",\"breadcrumb\":{\"@id\":\"https:\/\/italiamachines.com\/boutique\/boulangerie-et-patisserie\/patisserie\/froid-et-conservation-pour-patisserie\/armoire-pour-conservation\/armoire-refrigeree-mastercool-700l-acier-inox-2-portes-dimensions-710x800x2030-2100\/#breadcrumb\"},\"inLanguage\":\"fr-FR\",\"potentialAction\":[{\"@type\":\"ReadAction\",\"target\":[\"https:\/\/italiamachines.com\/boutique\/boulangerie-et-patisserie\/patisserie\/froid-et-conservation-pour-patisserie\/armoire-pour-conservation\/armoire-refrigeree-mastercool-700l-acier-inox-2-portes-dimensions-710x800x2030-2100\/\"]}]},{\"@type\":\"ImageObject\",\"inLanguage\":\"fr-FR\",\"@id\":\"https:\/\/italiamachines.com\/boutique\/boulangerie-et-patisserie\/patisserie\/froid-et-conservation-pour-patisserie\/armoire-pour-conservation\/armoire-refrigeree-mastercool-700l-acier-inox-2-portes-dimensions-710x800x2030-2100\/#primaryimage\",\"url\":\"https:\/\/italiamachines.com\/wp-content\/uploads\/2023\/07\/A207MIDPN.jpeg\",\"contentUrl\":\"https:\/\/italiamachines.com\/wp-content\/uploads\/2023\/07\/A207MIDPN.jpeg\",\"width\":522,\"height\":963},{\"@type\":\"BreadcrumbList\",\"@id\":\"https:\/\/italiamachines.com\/boutique\/boulangerie-et-patisserie\/patisserie\/froid-et-conservation-pour-patisserie\/armoire-pour-conservation\/armoire-refrigeree-mastercool-700l-acier-inox-2-portes-dimensions-710x800x2030-2100\/#breadcrumb\",\"itemListElement\":[{\"@type\":\"ListItem\",\"position\":1,\"name\":\"Accueil\",\"item\":\"https:\/\/italiamachines.com\/fr_fr\/\"},{\"@type\":\"ListItem\",\"position\":2,\"name\":\"Boutique\",\"item\":\"https:\/\/italiamachines.com\/boutique\/\"},{\"@type\":\"ListItem\",\"position\":3,\"name\":\"Armoire R\u00e9frig\u00e9r\u00e9e Mastercool 700L &#8211; Acier Inoxydable &#8211; 2 Portes &#8211; 71x80x203\/210\"}]},{\"@type\":\"WebSite\",\"@id\":\"https:\/\/italiamachines.com\/#website\",\"url\":\"https:\/\/italiamachines.com\/\",\"name\":\"Italia Machines\",\"description\":\"L&#039;art de l&#039;\u00e9quipement HORECA\",\"publisher\":{\"@id\":\"https:\/\/italiamachines.com\/#organization\"},\"potentialAction\":[{\"@type\":\"SearchAction\",\"target\":{\"@type\":\"EntryPoint\",\"urlTemplate\":\"https:\/\/italiamachines.com\/?s={search_term_string}\"},\"query-input\":{\"@type\":\"PropertyValueSpecification\",\"valueRequired\":true,\"valueName\":\"search_term_string\"}}],\"inLanguage\":\"fr-FR\"},{\"@type\":\"Organization\",\"@id\":\"https:\/\/italiamachines.com\/#organization\",\"name\":\"italiamachines\",\"url\":\"https:\/\/italiamachines.com\/\",\"logo\":{\"@type\":\"ImageObject\",\"inLanguage\":\"fr-FR\",\"@id\":\"https:\/\/italiamachines.com\/#\/schema\/logo\/image\/\",\"url\":\"https:\/\/italiamachines.com\/wp-content\/uploads\/2023\/08\/logo-web-1.png\",\"contentUrl\":\"https:\/\/italiamachines.com\/wp-content\/uploads\/2023\/08\/logo-web-1.png\",\"width\":977,\"height\":254,\"caption\":\"italiamachines\"},\"image\":{\"@id\":\"https:\/\/italiamachines.com\/#\/schema\/logo\/image\/\"},\"sameAs\":[\"https:\/\/web.facebook.com\/italiamachines\/\",\"https:\/\/www.instagram.com\/italia.machines\/\"]}]}<\/script>\n<!-- \/ Yoast SEO plugin. -->","yoast_head_json":{"title":"Armoire R\u00e9frig\u00e9r\u00e9e Mastercool 700L - Acier Inoxydable - 2 Portes - 71x80x203\/210 | Italia Machines","robots":{"index":"index","follow":"follow","max-snippet":"max-snippet:-1","max-image-preview":"max-image-preview:large","max-video-preview":"max-video-preview:-1"},"canonical":"https:\/\/italiamachines.com\/fr_fr\/boutique\/boulangerie-et-patisserie\/patisserie\/froid-et-conservation-pour-patisserie\/armoire-pour-conservation\/armoire-refrigeree-mastercool-700l-acier-inox-2-portes-dimensions-710x800x2030-2100\/","og_locale":"fr_FR","og_type":"article","og_title":"Armoire R\u00e9frig\u00e9r\u00e9e Mastercool 700L - Acier Inoxydable - 2 Portes - 71x80x203\/210 | Italia Machines","og_description":"Alimentation \u00e9lectrique : 230V En acier inoxydable AISI 304 R\u00e9frig\u00e9rant : Gaz R404A Syst\u00e8me de remplissage ventil\u00e9 R\u00e9frig\u00e9rateur \u00e0 2 portes Consommation \u00e9lectrique : 385 + 700 W Plage de temp\u00e9rature : -2\u00b0C \u00e0 +10\u00b0C (R\u00e9frig\u00e9rateur) \/ -18\u00b0C \u00e0 -22\u00b0C (Cong\u00e9lateur) D\u00e9givrage automatique Thermostat \u00e9lectronique pour un contr\u00f4le pr\u00e9cis Temp\u00e9rature maximale autoris\u00e9e : +43\u00b0C, Humidit\u00e9&hellip;","og_url":"https:\/\/italiamachines.com\/fr_fr\/boutique\/boulangerie-et-patisserie\/patisserie\/froid-et-conservation-pour-patisserie\/armoire-pour-conservation\/armoire-refrigeree-mastercool-700l-acier-inox-2-portes-dimensions-710x800x2030-2100\/","og_site_name":"Italia Machines","article_publisher":"https:\/\/web.facebook.com\/italiamachines\/","article_modified_time":"2024-09-21T22:14:24+00:00","og_image":[{"width":522,"height":963,"url":"https:\/\/italiamachines.com\/wp-content\/uploads\/2023\/07\/A207MIDPN.jpeg","type":"image\/jpeg"}],"twitter_card":"summary_large_image","twitter_misc":{"Dur\u00e9e de lecture estim\u00e9e":"1 minute"},"schema":{"@context":"https:\/\/schema.org","@graph":[{"@type":"WebPage","@id":"https:\/\/italiamachines.com\/boutique\/boulangerie-et-patisserie\/patisserie\/froid-et-conservation-pour-patisserie\/armoire-pour-conservation\/armoire-refrigeree-mastercool-700l-acier-inox-2-portes-dimensions-710x800x2030-2100\/","url":"https:\/\/italiamachines.com\/boutique\/boulangerie-et-patisserie\/patisserie\/froid-et-conservation-pour-patisserie\/armoire-pour-conservation\/armoire-refrigeree-mastercool-700l-acier-inox-2-portes-dimensions-710x800x2030-2100\/","name":"Armoire R\u00e9frig\u00e9r\u00e9e Mastercool 700L - Acier Inoxydable - 2 Portes - 71x80x203\/210 | Italia Machines","isPartOf":{"@id":"https:\/\/italiamachines.com\/#website"},"primaryImageOfPage":{"@id":"https:\/\/italiamachines.com\/boutique\/boulangerie-et-patisserie\/patisserie\/froid-et-conservation-pour-patisserie\/armoire-pour-conservation\/armoire-refrigeree-mastercool-700l-acier-inox-2-portes-dimensions-710x800x2030-2100\/#primaryimage"},"image":{"@id":"https:\/\/italiamachines.com\/boutique\/boulangerie-et-patisserie\/patisserie\/froid-et-conservation-pour-patisserie\/armoire-pour-conservation\/armoire-refrigeree-mastercool-700l-acier-inox-2-portes-dimensions-710x800x2030-2100\/#primaryimage"},"thumbnailUrl":"https:\/\/italiamachines.com\/wp-content\/uploads\/2023\/07\/A207MIDPN.jpeg","datePublished":"2023-07-30T02:52:23+00:00","dateModified":"2024-09-21T22:14:24+00:00","breadcrumb":{"@id":"https:\/\/italiamachines.com\/boutique\/boulangerie-et-patisserie\/patisserie\/froid-et-conservation-pour-patisserie\/armoire-pour-conservation\/armoire-refrigeree-mastercool-700l-acier-inox-2-portes-dimensions-710x800x2030-2100\/#breadcrumb"},"inLanguage":"fr-FR","potentialAction":[{"@type":"ReadAction","target":["https:\/\/italiamachines.com\/boutique\/boulangerie-et-patisserie\/patisserie\/froid-et-conservation-pour-patisserie\/armoire-pour-conservation\/armoire-refrigeree-mastercool-700l-acier-inox-2-portes-dimensions-710x800x2030-2100\/"]}]},{"@type":"ImageObject","inLanguage":"fr-FR","@id":"https:\/\/italiamachines.com\/boutique\/boulangerie-et-patisserie\/patisserie\/froid-et-conservation-pour-patisserie\/armoire-pour-conservation\/armoire-refrigeree-mastercool-700l-acier-inox-2-portes-dimensions-710x800x2030-2100\/#primaryimage","url":"https:\/\/italiamachines.com\/wp-content\/uploads\/2023\/07\/A207MIDPN.jpeg","contentUrl":"https:\/\/italiamachines.com\/wp-content\/uploads\/2023\/07\/A207MIDPN.jpeg","width":522,"height":963},{"@type":"BreadcrumbList","@id":"https:\/\/italiamachines.com\/boutique\/boulangerie-et-patisserie\/patisserie\/froid-et-conservation-pour-patisserie\/armoire-pour-conservation\/armoire-refrigeree-mastercool-700l-acier-inox-2-portes-dimensions-710x800x2030-2100\/#breadcrumb","itemListElement":[{"@type":"ListItem","position":1,"name":"Accueil","item":"https:\/\/italiamachines.com\/fr_fr\/"},{"@type":"ListItem","position":2,"name":"Boutique","item":"https:\/\/italiamachines.com\/boutique\/"},{"@type":"ListItem","position":3,"name":"Armoire R\u00e9frig\u00e9r\u00e9e Mastercool 700L &#8211; Acier Inoxydable &#8211; 2 Portes &#8211; 71x80x203\/210"}]},{"@type":"WebSite","@id":"https:\/\/italiamachines.com\/#website","url":"https:\/\/italiamachines.com\/","name":"Italia Machines","description":"L&#039;art de l&#039;\u00e9quipement HORECA","publisher":{"@id":"https:\/\/italiamachines.com\/#organization"},"potentialAction":[{"@type":"SearchAction","target":{"@type":"EntryPoint","urlTemplate":"https:\/\/italiamachines.com\/?s={search_term_string}"},"query-input":{"@type":"PropertyValueSpecification","valueRequired":true,"valueName":"search_term_string"}}],"inLanguage":"fr-FR"},{"@type":"Organization","@id":"https:\/\/italiamachines.com\/#organization","name":"italiamachines","url":"https:\/\/italiamachines.com\/","logo":{"@type":"ImageObject","inLanguage":"fr-FR","@id":"https:\/\/italiamachines.com\/#\/schema\/logo\/image\/","url":"https:\/\/italiamachines.com\/wp-content\/uploads\/2023\/08\/logo-web-1.png","contentUrl":"https:\/\/italiamachines.com\/wp-content\/uploads\/2023\/08\/logo-web-1.png","width":977,"height":254,"caption":"italiamachines"},"image":{"@id":"https:\/\/italiamachines.com\/#\/schema\/logo\/image\/"},"sameAs":["https:\/\/web.facebook.com\/italiamachines\/","https:\/\/www.instagram.com\/italia.machines\/"]}]}},"_links":{"self":[{"href":"https:\/\/italiamachines.com\/fr_fr\/wp-json\/wp\/v2\/product\/4328","targetHints":{"allow":["GET"]}}],"collection":[{"href":"https:\/\/italiamachines.com\/fr_fr\/wp-json\/wp\/v2\/product"}],"about":[{"href":"https:\/\/italiamachines.com\/fr_fr\/wp-json\/wp\/v2\/types\/product"}],"replies":[{"embeddable":true,"href":"https:\/\/italiamachines.com\/fr_fr\/wp-json\/wp\/v2\/comments?post=4328"}],"wp:featuredmedia":[{"embeddable":true,"href":"https:\/\/italiamachines.com\/fr_fr\/wp-json\/wp\/v2\/media\/4327"}],"wp:attachment":[{"href":"https:\/\/italiamachines.com\/fr_fr\/wp-json\/wp\/v2\/media?parent=4328"}],"wp:term":[{"taxonomy":"product_cat","embeddable":true,"href":"https:\/\/italiamachines.com\/fr_fr\/wp-json\/wp\/v2\/product_cat?post=4328"},{"taxonomy":"product_tag","embeddable":true,"href":"https:\/\/italiamachines.com\/fr_fr\/wp-json\/wp\/v2\/product_tag?post=4328"}],"curies":[{"name":"wp","href":"https:\/\/api.w.org\/{rel}","templated":true}]}}