{"id":4334,"date":"2023-07-30T02:53:04","date_gmt":"2023-07-30T02:53:04","guid":{"rendered":"https:\/\/prod.italiamachines.com\/product\/armoire-vitrine-refrigeree-2-portes-moteur-en-dessous-dimensions-1385x700x2060-temperature-positive\/"},"modified":"2024-09-22T00:23:39","modified_gmt":"2024-09-21T22:23:39","slug":"armoire-vitrine-refrigeree-2-portes-moteur-en-dessous-dimensions-1385x700x2060-temperature-positive","status":"publish","type":"product","link":"https:\/\/italiamachines.com\/fr_fr\/boutique\/boulangerie-et-patisserie\/patisserie\/froid-et-conservation-pour-patisserie\/armoire-pour-conservation\/armoire-vitrine-refrigeree-2-portes-moteur-en-dessous-dimensions-1385x700x2060-temperature-positive\/","title":{"rendered":"Armoire Vitrine R\u00e9frig\u00e9r\u00e9e &#8211; 2 Portes &#8211; 1385x700x2060 &#8211; Positive"},"content":{"rendered":"<p>R\u00e9frig\u00e9rateur en acier inoxydable.<br \/>\nSyst\u00e8me de froid et d&rsquo;\u00e9vaporation ventil\u00e9.<br \/>\nBac d&rsquo;\u00e9vaporation sans r\u00e9sistance \u00e9lectrique pour une meilleure efficacit\u00e9 \u00e9nerg\u00e9tique.<br \/>\nPortes vitr\u00e9es double (4-27-4) avec charni\u00e8re pivotante et serrure d&rsquo;ouverture.<br \/>\nVerre tremp\u00e9 et \u00e0 faible \u00e9mission.<br \/>\n\u00c9clairage LED.<\/p>\n","protected":false},"excerpt":{"rendered":"<p>R\u00e9frig\u00e9rateur en acier inoxydable. Syst\u00e8me de froid et d&rsquo;\u00e9vaporation ventil\u00e9. Bac d&rsquo;\u00e9vaporation sans r\u00e9sistance \u00e9lectrique pour une meilleure efficacit\u00e9 \u00e9nerg\u00e9tique. Portes vitr\u00e9es double (4-27-4) avec charni\u00e8re pivotante et serrure d&rsquo;ouverture. Verre tremp\u00e9 et \u00e0 faible \u00e9mission. \u00c9clairage LED.<\/p>\n","protected":false},"featured_media":4331,"comment_status":"open","ping_status":"closed","template":"","meta":[],"product_cat":[147,148,249,149,150,251,63,65,71,72,73,200,201,74,79,80,97,112],"product_tag":[],"class_list":{"0":"post-4334","1":"product","2":"type-product","3":"status-publish","4":"has-post-thumbnail","6":"product_cat-armoire","7":"product_cat-armoire-pour-boucherie","8":"product_cat-armoire-pour-conservation","9":"product_cat-armoire-pour-glace","10":"product_cat-armoires-pour-fromagerie","11":"product_cat-armoires-pour-restauration","12":"product_cat-boucherie","13":"product_cat-cafe-glacier-lecheria","14":"product_cat-froid-conservation","15":"product_cat-froid-conservation-pour-boucherie","16":"product_cat-froid-conservation-pour-glace","17":"product_cat-froid-conservation-pour-restauration","18":"product_cat-froid-et-conservation-pour-patisserie","19":"product_cat-fromagerie-et-epicerie-fine","20":"product_cat-glacier","21":"product_cat-glacier-lecheria","22":"product_cat-patisserie","23":"product_cat-restaurant-snack-et-pizzeria","25":"first","26":"instock","27":"shipping-taxable","28":"purchasable","29":"product-type-simple","30":"col-xs-6 col-sm-4","31":"col-md-3 col-lg-3","32":"un-4-cols"},"yoast_head":"<!-- This site is optimized with the Yoast SEO plugin v26.6 - https:\/\/yoast.com\/wordpress\/plugins\/seo\/ -->\n<title>Armoire Vitrine R\u00e9frig\u00e9r\u00e9e - 2 Portes - 1385x700x2060 - Positive | Italia Machines<\/title>\n<meta name=\"robots\" content=\"index, follow, max-snippet:-1, max-image-preview:large, max-video-preview:-1\" \/>\n<link rel=\"canonical\" href=\"https:\/\/italiamachines.com\/fr_fr\/boutique\/boulangerie-et-patisserie\/patisserie\/froid-et-conservation-pour-patisserie\/armoire-pour-conservation\/armoire-vitrine-refrigeree-2-portes-moteur-en-dessous-dimensions-1385x700x2060-temperature-positive\/\" \/>\n<meta property=\"og:locale\" content=\"fr_FR\" \/>\n<meta property=\"og:type\" content=\"article\" \/>\n<meta property=\"og:title\" content=\"Armoire Vitrine R\u00e9frig\u00e9r\u00e9e - 2 Portes - 1385x700x2060 - Positive | Italia Machines\" \/>\n<meta property=\"og:description\" content=\"R\u00e9frig\u00e9rateur en acier inoxydable. Syst\u00e8me de froid et d&rsquo;\u00e9vaporation ventil\u00e9. Bac d&rsquo;\u00e9vaporation sans r\u00e9sistance \u00e9lectrique pour une meilleure efficacit\u00e9 \u00e9nerg\u00e9tique. Portes vitr\u00e9es double (4-27-4) avec charni\u00e8re pivotante et serrure d&rsquo;ouverture. Verre tremp\u00e9 et \u00e0 faible \u00e9mission. \u00c9clairage LED.\" \/>\n<meta property=\"og:url\" content=\"https:\/\/italiamachines.com\/fr_fr\/boutique\/boulangerie-et-patisserie\/patisserie\/froid-et-conservation-pour-patisserie\/armoire-pour-conservation\/armoire-vitrine-refrigeree-2-portes-moteur-en-dessous-dimensions-1385x700x2060-temperature-positive\/\" \/>\n<meta property=\"og:site_name\" content=\"Italia Machines\" \/>\n<meta property=\"article:publisher\" content=\"https:\/\/web.facebook.com\/italiamachines\/\" \/>\n<meta property=\"article:modified_time\" content=\"2024-09-21T22:23:39+00:00\" \/>\n<meta property=\"og:image\" content=\"https:\/\/italiamachines.com\/wp-content\/uploads\/2023\/07\/AEX10001.jpeg\" \/>\n\t<meta property=\"og:image:width\" content=\"1000\" \/>\n\t<meta property=\"og:image:height\" content=\"1000\" \/>\n\t<meta property=\"og:image:type\" content=\"image\/jpeg\" \/>\n<meta name=\"twitter:card\" content=\"summary_large_image\" \/>\n<meta name=\"twitter:label1\" content=\"Dur\u00e9e de lecture estim\u00e9e\" \/>\n\t<meta name=\"twitter:data1\" content=\"1 minute\" \/>\n<script type=\"application\/ld+json\" class=\"yoast-schema-graph\">{\"@context\":\"https:\/\/schema.org\",\"@graph\":[{\"@type\":\"WebPage\",\"@id\":\"https:\/\/italiamachines.com\/boutique\/boulangerie-et-patisserie\/patisserie\/froid-et-conservation-pour-patisserie\/armoire-pour-conservation\/armoire-vitrine-refrigeree-2-portes-moteur-en-dessous-dimensions-1385x700x2060-temperature-positive\/\",\"url\":\"https:\/\/italiamachines.com\/boutique\/boulangerie-et-patisserie\/patisserie\/froid-et-conservation-pour-patisserie\/armoire-pour-conservation\/armoire-vitrine-refrigeree-2-portes-moteur-en-dessous-dimensions-1385x700x2060-temperature-positive\/\",\"name\":\"Armoire Vitrine R\u00e9frig\u00e9r\u00e9e - 2 Portes - 1385x700x2060 - Positive | Italia Machines\",\"isPartOf\":{\"@id\":\"https:\/\/italiamachines.com\/#website\"},\"primaryImageOfPage\":{\"@id\":\"https:\/\/italiamachines.com\/boutique\/boulangerie-et-patisserie\/patisserie\/froid-et-conservation-pour-patisserie\/armoire-pour-conservation\/armoire-vitrine-refrigeree-2-portes-moteur-en-dessous-dimensions-1385x700x2060-temperature-positive\/#primaryimage\"},\"image\":{\"@id\":\"https:\/\/italiamachines.com\/boutique\/boulangerie-et-patisserie\/patisserie\/froid-et-conservation-pour-patisserie\/armoire-pour-conservation\/armoire-vitrine-refrigeree-2-portes-moteur-en-dessous-dimensions-1385x700x2060-temperature-positive\/#primaryimage\"},\"thumbnailUrl\":\"https:\/\/italiamachines.com\/wp-content\/uploads\/2023\/07\/AEX10001.jpeg\",\"datePublished\":\"2023-07-30T02:53:04+00:00\",\"dateModified\":\"2024-09-21T22:23:39+00:00\",\"breadcrumb\":{\"@id\":\"https:\/\/italiamachines.com\/boutique\/boulangerie-et-patisserie\/patisserie\/froid-et-conservation-pour-patisserie\/armoire-pour-conservation\/armoire-vitrine-refrigeree-2-portes-moteur-en-dessous-dimensions-1385x700x2060-temperature-positive\/#breadcrumb\"},\"inLanguage\":\"fr-FR\",\"potentialAction\":[{\"@type\":\"ReadAction\",\"target\":[\"https:\/\/italiamachines.com\/boutique\/boulangerie-et-patisserie\/patisserie\/froid-et-conservation-pour-patisserie\/armoire-pour-conservation\/armoire-vitrine-refrigeree-2-portes-moteur-en-dessous-dimensions-1385x700x2060-temperature-positive\/\"]}]},{\"@type\":\"ImageObject\",\"inLanguage\":\"fr-FR\",\"@id\":\"https:\/\/italiamachines.com\/boutique\/boulangerie-et-patisserie\/patisserie\/froid-et-conservation-pour-patisserie\/armoire-pour-conservation\/armoire-vitrine-refrigeree-2-portes-moteur-en-dessous-dimensions-1385x700x2060-temperature-positive\/#primaryimage\",\"url\":\"https:\/\/italiamachines.com\/wp-content\/uploads\/2023\/07\/AEX10001.jpeg\",\"contentUrl\":\"https:\/\/italiamachines.com\/wp-content\/uploads\/2023\/07\/AEX10001.jpeg\",\"width\":1000,\"height\":1000},{\"@type\":\"BreadcrumbList\",\"@id\":\"https:\/\/italiamachines.com\/boutique\/boulangerie-et-patisserie\/patisserie\/froid-et-conservation-pour-patisserie\/armoire-pour-conservation\/armoire-vitrine-refrigeree-2-portes-moteur-en-dessous-dimensions-1385x700x2060-temperature-positive\/#breadcrumb\",\"itemListElement\":[{\"@type\":\"ListItem\",\"position\":1,\"name\":\"Accueil\",\"item\":\"https:\/\/italiamachines.com\/fr_fr\/\"},{\"@type\":\"ListItem\",\"position\":2,\"name\":\"Boutique\",\"item\":\"https:\/\/italiamachines.com\/boutique\/\"},{\"@type\":\"ListItem\",\"position\":3,\"name\":\"Armoire Vitrine R\u00e9frig\u00e9r\u00e9e &#8211; 2 Portes &#8211; 1385x700x2060 &#8211; Positive\"}]},{\"@type\":\"WebSite\",\"@id\":\"https:\/\/italiamachines.com\/#website\",\"url\":\"https:\/\/italiamachines.com\/\",\"name\":\"Italia Machines\",\"description\":\"L&#039;art de l&#039;\u00e9quipement HORECA\",\"publisher\":{\"@id\":\"https:\/\/italiamachines.com\/#organization\"},\"potentialAction\":[{\"@type\":\"SearchAction\",\"target\":{\"@type\":\"EntryPoint\",\"urlTemplate\":\"https:\/\/italiamachines.com\/?s={search_term_string}\"},\"query-input\":{\"@type\":\"PropertyValueSpecification\",\"valueRequired\":true,\"valueName\":\"search_term_string\"}}],\"inLanguage\":\"fr-FR\"},{\"@type\":\"Organization\",\"@id\":\"https:\/\/italiamachines.com\/#organization\",\"name\":\"italiamachines\",\"url\":\"https:\/\/italiamachines.com\/\",\"logo\":{\"@type\":\"ImageObject\",\"inLanguage\":\"fr-FR\",\"@id\":\"https:\/\/italiamachines.com\/#\/schema\/logo\/image\/\",\"url\":\"https:\/\/italiamachines.com\/wp-content\/uploads\/2023\/08\/logo-web-1.png\",\"contentUrl\":\"https:\/\/italiamachines.com\/wp-content\/uploads\/2023\/08\/logo-web-1.png\",\"width\":977,\"height\":254,\"caption\":\"italiamachines\"},\"image\":{\"@id\":\"https:\/\/italiamachines.com\/#\/schema\/logo\/image\/\"},\"sameAs\":[\"https:\/\/web.facebook.com\/italiamachines\/\",\"https:\/\/www.instagram.com\/italia.machines\/\"]}]}<\/script>\n<!-- \/ Yoast SEO plugin. -->","yoast_head_json":{"title":"Armoire Vitrine R\u00e9frig\u00e9r\u00e9e - 2 Portes - 1385x700x2060 - Positive | Italia Machines","robots":{"index":"index","follow":"follow","max-snippet":"max-snippet:-1","max-image-preview":"max-image-preview:large","max-video-preview":"max-video-preview:-1"},"canonical":"https:\/\/italiamachines.com\/fr_fr\/boutique\/boulangerie-et-patisserie\/patisserie\/froid-et-conservation-pour-patisserie\/armoire-pour-conservation\/armoire-vitrine-refrigeree-2-portes-moteur-en-dessous-dimensions-1385x700x2060-temperature-positive\/","og_locale":"fr_FR","og_type":"article","og_title":"Armoire Vitrine R\u00e9frig\u00e9r\u00e9e - 2 Portes - 1385x700x2060 - Positive | Italia Machines","og_description":"R\u00e9frig\u00e9rateur en acier inoxydable. Syst\u00e8me de froid et d&rsquo;\u00e9vaporation ventil\u00e9. Bac d&rsquo;\u00e9vaporation sans r\u00e9sistance \u00e9lectrique pour une meilleure efficacit\u00e9 \u00e9nerg\u00e9tique. Portes vitr\u00e9es double (4-27-4) avec charni\u00e8re pivotante et serrure d&rsquo;ouverture. Verre tremp\u00e9 et \u00e0 faible \u00e9mission. \u00c9clairage LED.","og_url":"https:\/\/italiamachines.com\/fr_fr\/boutique\/boulangerie-et-patisserie\/patisserie\/froid-et-conservation-pour-patisserie\/armoire-pour-conservation\/armoire-vitrine-refrigeree-2-portes-moteur-en-dessous-dimensions-1385x700x2060-temperature-positive\/","og_site_name":"Italia Machines","article_publisher":"https:\/\/web.facebook.com\/italiamachines\/","article_modified_time":"2024-09-21T22:23:39+00:00","og_image":[{"width":1000,"height":1000,"url":"https:\/\/italiamachines.com\/wp-content\/uploads\/2023\/07\/AEX10001.jpeg","type":"image\/jpeg"}],"twitter_card":"summary_large_image","twitter_misc":{"Dur\u00e9e de lecture estim\u00e9e":"1 minute"},"schema":{"@context":"https:\/\/schema.org","@graph":[{"@type":"WebPage","@id":"https:\/\/italiamachines.com\/boutique\/boulangerie-et-patisserie\/patisserie\/froid-et-conservation-pour-patisserie\/armoire-pour-conservation\/armoire-vitrine-refrigeree-2-portes-moteur-en-dessous-dimensions-1385x700x2060-temperature-positive\/","url":"https:\/\/italiamachines.com\/boutique\/boulangerie-et-patisserie\/patisserie\/froid-et-conservation-pour-patisserie\/armoire-pour-conservation\/armoire-vitrine-refrigeree-2-portes-moteur-en-dessous-dimensions-1385x700x2060-temperature-positive\/","name":"Armoire Vitrine R\u00e9frig\u00e9r\u00e9e - 2 Portes - 1385x700x2060 - Positive | Italia Machines","isPartOf":{"@id":"https:\/\/italiamachines.com\/#website"},"primaryImageOfPage":{"@id":"https:\/\/italiamachines.com\/boutique\/boulangerie-et-patisserie\/patisserie\/froid-et-conservation-pour-patisserie\/armoire-pour-conservation\/armoire-vitrine-refrigeree-2-portes-moteur-en-dessous-dimensions-1385x700x2060-temperature-positive\/#primaryimage"},"image":{"@id":"https:\/\/italiamachines.com\/boutique\/boulangerie-et-patisserie\/patisserie\/froid-et-conservation-pour-patisserie\/armoire-pour-conservation\/armoire-vitrine-refrigeree-2-portes-moteur-en-dessous-dimensions-1385x700x2060-temperature-positive\/#primaryimage"},"thumbnailUrl":"https:\/\/italiamachines.com\/wp-content\/uploads\/2023\/07\/AEX10001.jpeg","datePublished":"2023-07-30T02:53:04+00:00","dateModified":"2024-09-21T22:23:39+00:00","breadcrumb":{"@id":"https:\/\/italiamachines.com\/boutique\/boulangerie-et-patisserie\/patisserie\/froid-et-conservation-pour-patisserie\/armoire-pour-conservation\/armoire-vitrine-refrigeree-2-portes-moteur-en-dessous-dimensions-1385x700x2060-temperature-positive\/#breadcrumb"},"inLanguage":"fr-FR","potentialAction":[{"@type":"ReadAction","target":["https:\/\/italiamachines.com\/boutique\/boulangerie-et-patisserie\/patisserie\/froid-et-conservation-pour-patisserie\/armoire-pour-conservation\/armoire-vitrine-refrigeree-2-portes-moteur-en-dessous-dimensions-1385x700x2060-temperature-positive\/"]}]},{"@type":"ImageObject","inLanguage":"fr-FR","@id":"https:\/\/italiamachines.com\/boutique\/boulangerie-et-patisserie\/patisserie\/froid-et-conservation-pour-patisserie\/armoire-pour-conservation\/armoire-vitrine-refrigeree-2-portes-moteur-en-dessous-dimensions-1385x700x2060-temperature-positive\/#primaryimage","url":"https:\/\/italiamachines.com\/wp-content\/uploads\/2023\/07\/AEX10001.jpeg","contentUrl":"https:\/\/italiamachines.com\/wp-content\/uploads\/2023\/07\/AEX10001.jpeg","width":1000,"height":1000},{"@type":"BreadcrumbList","@id":"https:\/\/italiamachines.com\/boutique\/boulangerie-et-patisserie\/patisserie\/froid-et-conservation-pour-patisserie\/armoire-pour-conservation\/armoire-vitrine-refrigeree-2-portes-moteur-en-dessous-dimensions-1385x700x2060-temperature-positive\/#breadcrumb","itemListElement":[{"@type":"ListItem","position":1,"name":"Accueil","item":"https:\/\/italiamachines.com\/fr_fr\/"},{"@type":"ListItem","position":2,"name":"Boutique","item":"https:\/\/italiamachines.com\/boutique\/"},{"@type":"ListItem","position":3,"name":"Armoire Vitrine R\u00e9frig\u00e9r\u00e9e &#8211; 2 Portes &#8211; 1385x700x2060 &#8211; Positive"}]},{"@type":"WebSite","@id":"https:\/\/italiamachines.com\/#website","url":"https:\/\/italiamachines.com\/","name":"Italia Machines","description":"L&#039;art de l&#039;\u00e9quipement HORECA","publisher":{"@id":"https:\/\/italiamachines.com\/#organization"},"potentialAction":[{"@type":"SearchAction","target":{"@type":"EntryPoint","urlTemplate":"https:\/\/italiamachines.com\/?s={search_term_string}"},"query-input":{"@type":"PropertyValueSpecification","valueRequired":true,"valueName":"search_term_string"}}],"inLanguage":"fr-FR"},{"@type":"Organization","@id":"https:\/\/italiamachines.com\/#organization","name":"italiamachines","url":"https:\/\/italiamachines.com\/","logo":{"@type":"ImageObject","inLanguage":"fr-FR","@id":"https:\/\/italiamachines.com\/#\/schema\/logo\/image\/","url":"https:\/\/italiamachines.com\/wp-content\/uploads\/2023\/08\/logo-web-1.png","contentUrl":"https:\/\/italiamachines.com\/wp-content\/uploads\/2023\/08\/logo-web-1.png","width":977,"height":254,"caption":"italiamachines"},"image":{"@id":"https:\/\/italiamachines.com\/#\/schema\/logo\/image\/"},"sameAs":["https:\/\/web.facebook.com\/italiamachines\/","https:\/\/www.instagram.com\/italia.machines\/"]}]}},"_links":{"self":[{"href":"https:\/\/italiamachines.com\/fr_fr\/wp-json\/wp\/v2\/product\/4334","targetHints":{"allow":["GET"]}}],"collection":[{"href":"https:\/\/italiamachines.com\/fr_fr\/wp-json\/wp\/v2\/product"}],"about":[{"href":"https:\/\/italiamachines.com\/fr_fr\/wp-json\/wp\/v2\/types\/product"}],"replies":[{"embeddable":true,"href":"https:\/\/italiamachines.com\/fr_fr\/wp-json\/wp\/v2\/comments?post=4334"}],"wp:featuredmedia":[{"embeddable":true,"href":"https:\/\/italiamachines.com\/fr_fr\/wp-json\/wp\/v2\/media\/4331"}],"wp:attachment":[{"href":"https:\/\/italiamachines.com\/fr_fr\/wp-json\/wp\/v2\/media?parent=4334"}],"wp:term":[{"taxonomy":"product_cat","embeddable":true,"href":"https:\/\/italiamachines.com\/fr_fr\/wp-json\/wp\/v2\/product_cat?post=4334"},{"taxonomy":"product_tag","embeddable":true,"href":"https:\/\/italiamachines.com\/fr_fr\/wp-json\/wp\/v2\/product_tag?post=4334"}],"curies":[{"name":"wp","href":"https:\/\/api.w.org\/{rel}","templated":true}]}}