{"id":4432,"date":"2023-07-30T03:04:03","date_gmt":"2023-07-30T03:04:03","guid":{"rendered":"https:\/\/prod.italiamachines.com\/product\/chariot-pour-mouvement-60x40-a-18-niveaux-en-inox-par-italbakery\/"},"modified":"2023-07-30T03:04:03","modified_gmt":"2023-07-30T03:04:03","slug":"chariot-pour-mouvement-60x40-a-18-niveaux-en-inox-par-italbakery","status":"publish","type":"product","link":"https:\/\/italiamachines.com\/fr_fr\/boutique\/hotel\/accessoires-pour-hotel\/chariot\/chariot-pour-mouvement-60x40-a-18-niveaux-en-inox-par-italbakery\/","title":{"rendered":"Chariot pour Mouvement 60&#215;40 \u00e0 18 Niveaux en Inox par Italbakery"},"content":{"rendered":"<p>Chariots sp\u00e9cialement con\u00e7us pour les fours \u00e0 rotor, offrant une parfaite compatibilit\u00e9.<br \/>\nFabriqu\u00e9s en acier inoxydable AISI 304 ou AISI 430 de haute qualit\u00e9.<br \/>\n\u00c9quip\u00e9s de roues galvanis\u00e9es ou en acier inoxydable pour une mobilit\u00e9 optimale.<br \/>\nDimentions: 60&#215;40<\/p>\n","protected":false},"excerpt":{"rendered":"<p>Chariots sp\u00e9cialement con\u00e7us pour les fours \u00e0 rotor, offrant une parfaite compatibilit\u00e9. Fabriqu\u00e9s en acier inoxydable AISI 304 ou AISI 430 de haute qualit\u00e9. \u00c9quip\u00e9s de roues galvanis\u00e9es ou en acier inoxydable pour une mobilit\u00e9 optimale. Dimentions: 60&#215;40<\/p>\n","protected":false},"featured_media":6554,"comment_status":"closed","ping_status":"closed","template":"","meta":[],"product_cat":[146,165,82],"product_tag":[],"class_list":{"0":"post-4432","1":"product","2":"type-product","3":"status-publish","4":"has-post-thumbnail","6":"product_cat-accessoires-pour-hotel","7":"product_cat-chariot","8":"product_cat-hotel","10":"first","11":"instock","12":"shipping-taxable","13":"purchasable","14":"product-type-simple","15":"col-xs-6 col-sm-4","16":"col-md-3 col-lg-3","17":"un-4-cols"},"yoast_head":"<!-- This site is optimized with the Yoast SEO plugin v26.6 - https:\/\/yoast.com\/wordpress\/plugins\/seo\/ -->\n<title>Chariot pour Mouvement 60x40 \u00e0 18 Niveaux en Inox par Italbakery | Italia Machines<\/title>\n<meta name=\"robots\" content=\"index, follow, max-snippet:-1, max-image-preview:large, max-video-preview:-1\" \/>\n<link rel=\"canonical\" href=\"https:\/\/italiamachines.com\/fr_fr\/boutique\/hotel\/accessoires-pour-hotel\/chariot\/chariot-pour-mouvement-60x40-a-18-niveaux-en-inox-par-italbakery\/\" \/>\n<meta property=\"og:locale\" content=\"fr_FR\" \/>\n<meta property=\"og:type\" content=\"article\" \/>\n<meta property=\"og:title\" content=\"Chariot pour Mouvement 60x40 \u00e0 18 Niveaux en Inox par Italbakery | Italia Machines\" \/>\n<meta property=\"og:description\" content=\"Chariots sp\u00e9cialement con\u00e7us pour les fours \u00e0 rotor, offrant une parfaite compatibilit\u00e9. Fabriqu\u00e9s en acier inoxydable AISI 304 ou AISI 430 de haute qualit\u00e9. \u00c9quip\u00e9s de roues galvanis\u00e9es ou en acier inoxydable pour une mobilit\u00e9 optimale. Dimentions: 60&#215;40\" \/>\n<meta property=\"og:url\" content=\"https:\/\/italiamachines.com\/fr_fr\/boutique\/hotel\/accessoires-pour-hotel\/chariot\/chariot-pour-mouvement-60x40-a-18-niveaux-en-inox-par-italbakery\/\" \/>\n<meta property=\"og:site_name\" content=\"Italia Machines\" \/>\n<meta property=\"article:publisher\" content=\"https:\/\/web.facebook.com\/italiamachines\/\" \/>\n<meta property=\"og:image\" content=\"https:\/\/italiamachines.com\/wp-content\/uploads\/2023\/07\/AED54872-D75A-4B68-B213-84098F1BCF21-PhotoRoom.png-PhotoRoom.png\" \/>\n\t<meta property=\"og:image:width\" content=\"600\" \/>\n\t<meta property=\"og:image:height\" content=\"600\" \/>\n\t<meta property=\"og:image:type\" content=\"image\/png\" \/>\n<meta name=\"twitter:card\" content=\"summary_large_image\" \/>\n<script type=\"application\/ld+json\" class=\"yoast-schema-graph\">{\"@context\":\"https:\/\/schema.org\",\"@graph\":[{\"@type\":\"WebPage\",\"@id\":\"https:\/\/italiamachines.com\/boutique\/hotel\/accessoires-pour-hotel\/chariot\/chariot-pour-mouvement-60x40-a-18-niveaux-en-inox-par-italbakery\/\",\"url\":\"https:\/\/italiamachines.com\/boutique\/hotel\/accessoires-pour-hotel\/chariot\/chariot-pour-mouvement-60x40-a-18-niveaux-en-inox-par-italbakery\/\",\"name\":\"Chariot pour Mouvement 60x40 \u00e0 18 Niveaux en Inox par Italbakery | Italia Machines\",\"isPartOf\":{\"@id\":\"https:\/\/italiamachines.com\/#website\"},\"primaryImageOfPage\":{\"@id\":\"https:\/\/italiamachines.com\/boutique\/hotel\/accessoires-pour-hotel\/chariot\/chariot-pour-mouvement-60x40-a-18-niveaux-en-inox-par-italbakery\/#primaryimage\"},\"image\":{\"@id\":\"https:\/\/italiamachines.com\/boutique\/hotel\/accessoires-pour-hotel\/chariot\/chariot-pour-mouvement-60x40-a-18-niveaux-en-inox-par-italbakery\/#primaryimage\"},\"thumbnailUrl\":\"https:\/\/italiamachines.com\/wp-content\/uploads\/2023\/07\/AED54872-D75A-4B68-B213-84098F1BCF21-PhotoRoom.png-PhotoRoom.png\",\"datePublished\":\"2023-07-30T03:04:03+00:00\",\"breadcrumb\":{\"@id\":\"https:\/\/italiamachines.com\/boutique\/hotel\/accessoires-pour-hotel\/chariot\/chariot-pour-mouvement-60x40-a-18-niveaux-en-inox-par-italbakery\/#breadcrumb\"},\"inLanguage\":\"fr-FR\",\"potentialAction\":[{\"@type\":\"ReadAction\",\"target\":[\"https:\/\/italiamachines.com\/boutique\/hotel\/accessoires-pour-hotel\/chariot\/chariot-pour-mouvement-60x40-a-18-niveaux-en-inox-par-italbakery\/\"]}]},{\"@type\":\"ImageObject\",\"inLanguage\":\"fr-FR\",\"@id\":\"https:\/\/italiamachines.com\/boutique\/hotel\/accessoires-pour-hotel\/chariot\/chariot-pour-mouvement-60x40-a-18-niveaux-en-inox-par-italbakery\/#primaryimage\",\"url\":\"https:\/\/italiamachines.com\/wp-content\/uploads\/2023\/07\/AED54872-D75A-4B68-B213-84098F1BCF21-PhotoRoom.png-PhotoRoom.png\",\"contentUrl\":\"https:\/\/italiamachines.com\/wp-content\/uploads\/2023\/07\/AED54872-D75A-4B68-B213-84098F1BCF21-PhotoRoom.png-PhotoRoom.png\",\"width\":600,\"height\":600},{\"@type\":\"BreadcrumbList\",\"@id\":\"https:\/\/italiamachines.com\/boutique\/hotel\/accessoires-pour-hotel\/chariot\/chariot-pour-mouvement-60x40-a-18-niveaux-en-inox-par-italbakery\/#breadcrumb\",\"itemListElement\":[{\"@type\":\"ListItem\",\"position\":1,\"name\":\"Accueil\",\"item\":\"https:\/\/italiamachines.com\/fr_fr\/\"},{\"@type\":\"ListItem\",\"position\":2,\"name\":\"Boutique\",\"item\":\"https:\/\/italiamachines.com\/boutique\/\"},{\"@type\":\"ListItem\",\"position\":3,\"name\":\"Chariot pour Mouvement 60&#215;40 \u00e0 18 Niveaux en Inox par Italbakery\"}]},{\"@type\":\"WebSite\",\"@id\":\"https:\/\/italiamachines.com\/#website\",\"url\":\"https:\/\/italiamachines.com\/\",\"name\":\"Italia Machines\",\"description\":\"L&#039;art de l&#039;\u00e9quipement HORECA\",\"publisher\":{\"@id\":\"https:\/\/italiamachines.com\/#organization\"},\"potentialAction\":[{\"@type\":\"SearchAction\",\"target\":{\"@type\":\"EntryPoint\",\"urlTemplate\":\"https:\/\/italiamachines.com\/?s={search_term_string}\"},\"query-input\":{\"@type\":\"PropertyValueSpecification\",\"valueRequired\":true,\"valueName\":\"search_term_string\"}}],\"inLanguage\":\"fr-FR\"},{\"@type\":\"Organization\",\"@id\":\"https:\/\/italiamachines.com\/#organization\",\"name\":\"italiamachines\",\"url\":\"https:\/\/italiamachines.com\/\",\"logo\":{\"@type\":\"ImageObject\",\"inLanguage\":\"fr-FR\",\"@id\":\"https:\/\/italiamachines.com\/#\/schema\/logo\/image\/\",\"url\":\"https:\/\/italiamachines.com\/wp-content\/uploads\/2023\/08\/logo-web-1.png\",\"contentUrl\":\"https:\/\/italiamachines.com\/wp-content\/uploads\/2023\/08\/logo-web-1.png\",\"width\":977,\"height\":254,\"caption\":\"italiamachines\"},\"image\":{\"@id\":\"https:\/\/italiamachines.com\/#\/schema\/logo\/image\/\"},\"sameAs\":[\"https:\/\/web.facebook.com\/italiamachines\/\",\"https:\/\/www.instagram.com\/italia.machines\/\"]}]}<\/script>\n<!-- \/ Yoast SEO plugin. -->","yoast_head_json":{"title":"Chariot pour Mouvement 60x40 \u00e0 18 Niveaux en Inox par Italbakery | Italia Machines","robots":{"index":"index","follow":"follow","max-snippet":"max-snippet:-1","max-image-preview":"max-image-preview:large","max-video-preview":"max-video-preview:-1"},"canonical":"https:\/\/italiamachines.com\/fr_fr\/boutique\/hotel\/accessoires-pour-hotel\/chariot\/chariot-pour-mouvement-60x40-a-18-niveaux-en-inox-par-italbakery\/","og_locale":"fr_FR","og_type":"article","og_title":"Chariot pour Mouvement 60x40 \u00e0 18 Niveaux en Inox par Italbakery | Italia Machines","og_description":"Chariots sp\u00e9cialement con\u00e7us pour les fours \u00e0 rotor, offrant une parfaite compatibilit\u00e9. Fabriqu\u00e9s en acier inoxydable AISI 304 ou AISI 430 de haute qualit\u00e9. \u00c9quip\u00e9s de roues galvanis\u00e9es ou en acier inoxydable pour une mobilit\u00e9 optimale. Dimentions: 60&#215;40","og_url":"https:\/\/italiamachines.com\/fr_fr\/boutique\/hotel\/accessoires-pour-hotel\/chariot\/chariot-pour-mouvement-60x40-a-18-niveaux-en-inox-par-italbakery\/","og_site_name":"Italia Machines","article_publisher":"https:\/\/web.facebook.com\/italiamachines\/","og_image":[{"width":600,"height":600,"url":"https:\/\/italiamachines.com\/wp-content\/uploads\/2023\/07\/AED54872-D75A-4B68-B213-84098F1BCF21-PhotoRoom.png-PhotoRoom.png","type":"image\/png"}],"twitter_card":"summary_large_image","schema":{"@context":"https:\/\/schema.org","@graph":[{"@type":"WebPage","@id":"https:\/\/italiamachines.com\/boutique\/hotel\/accessoires-pour-hotel\/chariot\/chariot-pour-mouvement-60x40-a-18-niveaux-en-inox-par-italbakery\/","url":"https:\/\/italiamachines.com\/boutique\/hotel\/accessoires-pour-hotel\/chariot\/chariot-pour-mouvement-60x40-a-18-niveaux-en-inox-par-italbakery\/","name":"Chariot pour Mouvement 60x40 \u00e0 18 Niveaux en Inox par Italbakery | Italia Machines","isPartOf":{"@id":"https:\/\/italiamachines.com\/#website"},"primaryImageOfPage":{"@id":"https:\/\/italiamachines.com\/boutique\/hotel\/accessoires-pour-hotel\/chariot\/chariot-pour-mouvement-60x40-a-18-niveaux-en-inox-par-italbakery\/#primaryimage"},"image":{"@id":"https:\/\/italiamachines.com\/boutique\/hotel\/accessoires-pour-hotel\/chariot\/chariot-pour-mouvement-60x40-a-18-niveaux-en-inox-par-italbakery\/#primaryimage"},"thumbnailUrl":"https:\/\/italiamachines.com\/wp-content\/uploads\/2023\/07\/AED54872-D75A-4B68-B213-84098F1BCF21-PhotoRoom.png-PhotoRoom.png","datePublished":"2023-07-30T03:04:03+00:00","breadcrumb":{"@id":"https:\/\/italiamachines.com\/boutique\/hotel\/accessoires-pour-hotel\/chariot\/chariot-pour-mouvement-60x40-a-18-niveaux-en-inox-par-italbakery\/#breadcrumb"},"inLanguage":"fr-FR","potentialAction":[{"@type":"ReadAction","target":["https:\/\/italiamachines.com\/boutique\/hotel\/accessoires-pour-hotel\/chariot\/chariot-pour-mouvement-60x40-a-18-niveaux-en-inox-par-italbakery\/"]}]},{"@type":"ImageObject","inLanguage":"fr-FR","@id":"https:\/\/italiamachines.com\/boutique\/hotel\/accessoires-pour-hotel\/chariot\/chariot-pour-mouvement-60x40-a-18-niveaux-en-inox-par-italbakery\/#primaryimage","url":"https:\/\/italiamachines.com\/wp-content\/uploads\/2023\/07\/AED54872-D75A-4B68-B213-84098F1BCF21-PhotoRoom.png-PhotoRoom.png","contentUrl":"https:\/\/italiamachines.com\/wp-content\/uploads\/2023\/07\/AED54872-D75A-4B68-B213-84098F1BCF21-PhotoRoom.png-PhotoRoom.png","width":600,"height":600},{"@type":"BreadcrumbList","@id":"https:\/\/italiamachines.com\/boutique\/hotel\/accessoires-pour-hotel\/chariot\/chariot-pour-mouvement-60x40-a-18-niveaux-en-inox-par-italbakery\/#breadcrumb","itemListElement":[{"@type":"ListItem","position":1,"name":"Accueil","item":"https:\/\/italiamachines.com\/fr_fr\/"},{"@type":"ListItem","position":2,"name":"Boutique","item":"https:\/\/italiamachines.com\/boutique\/"},{"@type":"ListItem","position":3,"name":"Chariot pour Mouvement 60&#215;40 \u00e0 18 Niveaux en Inox par Italbakery"}]},{"@type":"WebSite","@id":"https:\/\/italiamachines.com\/#website","url":"https:\/\/italiamachines.com\/","name":"Italia Machines","description":"L&#039;art de l&#039;\u00e9quipement HORECA","publisher":{"@id":"https:\/\/italiamachines.com\/#organization"},"potentialAction":[{"@type":"SearchAction","target":{"@type":"EntryPoint","urlTemplate":"https:\/\/italiamachines.com\/?s={search_term_string}"},"query-input":{"@type":"PropertyValueSpecification","valueRequired":true,"valueName":"search_term_string"}}],"inLanguage":"fr-FR"},{"@type":"Organization","@id":"https:\/\/italiamachines.com\/#organization","name":"italiamachines","url":"https:\/\/italiamachines.com\/","logo":{"@type":"ImageObject","inLanguage":"fr-FR","@id":"https:\/\/italiamachines.com\/#\/schema\/logo\/image\/","url":"https:\/\/italiamachines.com\/wp-content\/uploads\/2023\/08\/logo-web-1.png","contentUrl":"https:\/\/italiamachines.com\/wp-content\/uploads\/2023\/08\/logo-web-1.png","width":977,"height":254,"caption":"italiamachines"},"image":{"@id":"https:\/\/italiamachines.com\/#\/schema\/logo\/image\/"},"sameAs":["https:\/\/web.facebook.com\/italiamachines\/","https:\/\/www.instagram.com\/italia.machines\/"]}]}},"_links":{"self":[{"href":"https:\/\/italiamachines.com\/fr_fr\/wp-json\/wp\/v2\/product\/4432","targetHints":{"allow":["GET"]}}],"collection":[{"href":"https:\/\/italiamachines.com\/fr_fr\/wp-json\/wp\/v2\/product"}],"about":[{"href":"https:\/\/italiamachines.com\/fr_fr\/wp-json\/wp\/v2\/types\/product"}],"replies":[{"embeddable":true,"href":"https:\/\/italiamachines.com\/fr_fr\/wp-json\/wp\/v2\/comments?post=4432"}],"wp:featuredmedia":[{"embeddable":true,"href":"https:\/\/italiamachines.com\/fr_fr\/wp-json\/wp\/v2\/media\/6554"}],"wp:attachment":[{"href":"https:\/\/italiamachines.com\/fr_fr\/wp-json\/wp\/v2\/media?parent=4432"}],"wp:term":[{"taxonomy":"product_cat","embeddable":true,"href":"https:\/\/italiamachines.com\/fr_fr\/wp-json\/wp\/v2\/product_cat?post=4432"},{"taxonomy":"product_tag","embeddable":true,"href":"https:\/\/italiamachines.com\/fr_fr\/wp-json\/wp\/v2\/product_tag?post=4432"}],"curies":[{"name":"wp","href":"https:\/\/api.w.org\/{rel}","templated":true}]}}