{"id":4459,"date":"2023-07-30T03:06:31","date_gmt":"2023-07-30T03:06:31","guid":{"rendered":"https:\/\/prod.italiamachines.com\/product\/lave-vaisselle-manuel-par-lors-dimensions-59x61x84-cm\/"},"modified":"2024-09-28T22:18:45","modified_gmt":"2024-09-28T20:18:45","slug":"lave-vaisselle-manuel-professionnel-par-lors-dimensions-59x61x84-cm","status":"publish","type":"product","link":"https:\/\/italiamachines.com\/fr_fr\/boutique\/hygiene\/laverie\/lave-vaiselle-a-capot\/lave-vaisselle-manuel-professionnel-par-lors-dimensions-59x61x84-cm\/","title":{"rendered":"Lave vaisselle manuel &#8211; Dimensions: 59x61x84 cm &#8211; par LORS"},"content":{"rendered":"<p>Corps en acier inoxydable<br \/>\nChaudi\u00e8re d&rsquo;eau de rin\u00e7age<br \/>\nThermostat de l&rsquo;eau de lavage : 50-55\u00b0C, eau de rin\u00e7age : 80-85\u00b0C, thermostat de s\u00e9curit\u00e9<br \/>\nBras de lavage et de rin\u00e7age rotatifs<br \/>\nTamis et filtres dans la cuve de lavage<br \/>\nR\u00e9sistance en acier inoxydable<br \/>\nDiam\u00e8tre maximum des assiettes : \u00d8 320 mm<br \/>\nCapacit\u00e9 de la chaudi\u00e8re d&rsquo;eau : 27 litres<br \/>\nPieds r\u00e9glables en hauteur<br \/>\nUtilisation recommand\u00e9e des produits de lavage et de polissage LEVER<br \/>\nPuissance : 5,1 kW<br \/>\nCapacit\u00e9 : 500 assiettes\/heure<br \/>\nPanier (cm) : 50x50x11<br \/>\nDimensions (cm) : 58x65x84<br \/>\nPoids (kg) : 80<\/p>\n","protected":false},"excerpt":{"rendered":"<p>Corps en acier inoxydable Chaudi\u00e8re d&rsquo;eau de rin\u00e7age Thermostat de l&rsquo;eau de lavage : 50-55\u00b0C, eau de rin\u00e7age : 80-85\u00b0C, thermostat de s\u00e9curit\u00e9 Bras de lavage et de rin\u00e7age rotatifs Tamis et filtres dans la cuve de lavage R\u00e9sistance en acier inoxydable Diam\u00e8tre maximum des assiettes : \u00d8 320 mm Capacit\u00e9 de la chaudi\u00e8re d&rsquo;eau&hellip;<\/p>\n","protected":false},"featured_media":8768,"comment_status":"open","ping_status":"closed","template":"","meta":[],"product_cat":[207,87,112],"product_tag":[],"class_list":{"0":"post-4459","1":"product","2":"type-product","3":"status-publish","4":"has-post-thumbnail","6":"product_cat-lave-vaiselle-a-capot","7":"product_cat-laverie","8":"product_cat-restaurant-snack-et-pizzeria","10":"first","11":"instock","12":"shipping-taxable","13":"purchasable","14":"product-type-simple","15":"col-xs-6 col-sm-4","16":"col-md-3 col-lg-3","17":"un-4-cols"},"yoast_head":"<!-- This site is optimized with the Yoast SEO plugin v26.6 - https:\/\/yoast.com\/wordpress\/plugins\/seo\/ -->\n<title>Lave vaisselle manuel professionnel | Italia Machines<\/title>\n<meta name=\"description\" content=\"Investissez dans la productivit\u00e9 de votre cuisine avec notre lave vaisselle manuel professionnel pour maintenir des standards \u00e9lev\u00e9s de propret\u00e9 .\" \/>\n<meta name=\"robots\" content=\"index, follow, max-snippet:-1, max-image-preview:large, max-video-preview:-1\" \/>\n<link rel=\"canonical\" href=\"https:\/\/italiamachines.com\/fr_fr\/boutique\/hygiene\/laverie\/lave-vaiselle-a-capot\/lave-vaisselle-manuel-professionnel-par-lors-dimensions-59x61x84-cm\/\" \/>\n<meta property=\"og:locale\" content=\"fr_FR\" \/>\n<meta property=\"og:type\" content=\"article\" \/>\n<meta property=\"og:title\" content=\"Lave vaisselle manuel professionnel | Italia Machines\" \/>\n<meta property=\"og:description\" content=\"Investissez dans la productivit\u00e9 de votre cuisine avec notre lave vaisselle manuel professionnel pour maintenir des standards \u00e9lev\u00e9s de propret\u00e9 .\" \/>\n<meta property=\"og:url\" content=\"https:\/\/italiamachines.com\/fr_fr\/boutique\/hygiene\/laverie\/lave-vaiselle-a-capot\/lave-vaisselle-manuel-professionnel-par-lors-dimensions-59x61x84-cm\/\" \/>\n<meta property=\"og:site_name\" content=\"Italia Machines\" \/>\n<meta property=\"article:publisher\" content=\"https:\/\/web.facebook.com\/italiamachines\/\" \/>\n<meta property=\"article:modified_time\" content=\"2024-09-28T20:18:45+00:00\" \/>\n<meta property=\"og:image\" content=\"https:\/\/italiamachines.com\/wp-content\/uploads\/2023\/07\/CRW500.jpg\" \/>\n\t<meta property=\"og:image:width\" content=\"400\" \/>\n\t<meta property=\"og:image:height\" content=\"400\" \/>\n\t<meta property=\"og:image:type\" content=\"image\/jpeg\" \/>\n<meta name=\"twitter:card\" content=\"summary_large_image\" \/>\n<meta name=\"twitter:label1\" content=\"Dur\u00e9e de lecture estim\u00e9e\" \/>\n\t<meta name=\"twitter:data1\" content=\"1 minute\" \/>\n<script type=\"application\/ld+json\" class=\"yoast-schema-graph\">{\"@context\":\"https:\/\/schema.org\",\"@graph\":[{\"@type\":\"WebPage\",\"@id\":\"https:\/\/italiamachines.com\/boutique\/hygiene\/laverie\/lave-vaiselle-a-capot\/lave-vaisselle-manuel-professionnel-par-lors-dimensions-59x61x84-cm\/\",\"url\":\"https:\/\/italiamachines.com\/boutique\/hygiene\/laverie\/lave-vaiselle-a-capot\/lave-vaisselle-manuel-professionnel-par-lors-dimensions-59x61x84-cm\/\",\"name\":\"Lave vaisselle manuel professionnel | Italia Machines\",\"isPartOf\":{\"@id\":\"https:\/\/italiamachines.com\/#website\"},\"primaryImageOfPage\":{\"@id\":\"https:\/\/italiamachines.com\/boutique\/hygiene\/laverie\/lave-vaiselle-a-capot\/lave-vaisselle-manuel-professionnel-par-lors-dimensions-59x61x84-cm\/#primaryimage\"},\"image\":{\"@id\":\"https:\/\/italiamachines.com\/boutique\/hygiene\/laverie\/lave-vaiselle-a-capot\/lave-vaisselle-manuel-professionnel-par-lors-dimensions-59x61x84-cm\/#primaryimage\"},\"thumbnailUrl\":\"https:\/\/italiamachines.com\/wp-content\/uploads\/2023\/07\/CRW500.jpg\",\"datePublished\":\"2023-07-30T03:06:31+00:00\",\"dateModified\":\"2024-09-28T20:18:45+00:00\",\"description\":\"Investissez dans la productivit\u00e9 de votre cuisine avec notre lave vaisselle manuel professionnel pour maintenir des standards \u00e9lev\u00e9s de propret\u00e9 .\",\"breadcrumb\":{\"@id\":\"https:\/\/italiamachines.com\/boutique\/hygiene\/laverie\/lave-vaiselle-a-capot\/lave-vaisselle-manuel-professionnel-par-lors-dimensions-59x61x84-cm\/#breadcrumb\"},\"inLanguage\":\"fr-FR\",\"potentialAction\":[{\"@type\":\"ReadAction\",\"target\":[\"https:\/\/italiamachines.com\/boutique\/hygiene\/laverie\/lave-vaiselle-a-capot\/lave-vaisselle-manuel-professionnel-par-lors-dimensions-59x61x84-cm\/\"]}]},{\"@type\":\"ImageObject\",\"inLanguage\":\"fr-FR\",\"@id\":\"https:\/\/italiamachines.com\/boutique\/hygiene\/laverie\/lave-vaiselle-a-capot\/lave-vaisselle-manuel-professionnel-par-lors-dimensions-59x61x84-cm\/#primaryimage\",\"url\":\"https:\/\/italiamachines.com\/wp-content\/uploads\/2023\/07\/CRW500.jpg\",\"contentUrl\":\"https:\/\/italiamachines.com\/wp-content\/uploads\/2023\/07\/CRW500.jpg\",\"width\":400,\"height\":400,\"caption\":\"Lave vaisselle manuel professionnel\"},{\"@type\":\"BreadcrumbList\",\"@id\":\"https:\/\/italiamachines.com\/boutique\/hygiene\/laverie\/lave-vaiselle-a-capot\/lave-vaisselle-manuel-professionnel-par-lors-dimensions-59x61x84-cm\/#breadcrumb\",\"itemListElement\":[{\"@type\":\"ListItem\",\"position\":1,\"name\":\"Accueil\",\"item\":\"https:\/\/italiamachines.com\/fr_fr\/\"},{\"@type\":\"ListItem\",\"position\":2,\"name\":\"Boutique\",\"item\":\"https:\/\/italiamachines.com\/boutique\/\"},{\"@type\":\"ListItem\",\"position\":3,\"name\":\"Lave vaisselle manuel &#8211; Dimensions: 59x61x84 cm &#8211; par LORS\"}]},{\"@type\":\"WebSite\",\"@id\":\"https:\/\/italiamachines.com\/#website\",\"url\":\"https:\/\/italiamachines.com\/\",\"name\":\"Italia Machines\",\"description\":\"L&#039;art de l&#039;\u00e9quipement HORECA\",\"publisher\":{\"@id\":\"https:\/\/italiamachines.com\/#organization\"},\"potentialAction\":[{\"@type\":\"SearchAction\",\"target\":{\"@type\":\"EntryPoint\",\"urlTemplate\":\"https:\/\/italiamachines.com\/?s={search_term_string}\"},\"query-input\":{\"@type\":\"PropertyValueSpecification\",\"valueRequired\":true,\"valueName\":\"search_term_string\"}}],\"inLanguage\":\"fr-FR\"},{\"@type\":\"Organization\",\"@id\":\"https:\/\/italiamachines.com\/#organization\",\"name\":\"italiamachines\",\"url\":\"https:\/\/italiamachines.com\/\",\"logo\":{\"@type\":\"ImageObject\",\"inLanguage\":\"fr-FR\",\"@id\":\"https:\/\/italiamachines.com\/#\/schema\/logo\/image\/\",\"url\":\"https:\/\/italiamachines.com\/wp-content\/uploads\/2023\/08\/logo-web-1.png\",\"contentUrl\":\"https:\/\/italiamachines.com\/wp-content\/uploads\/2023\/08\/logo-web-1.png\",\"width\":977,\"height\":254,\"caption\":\"italiamachines\"},\"image\":{\"@id\":\"https:\/\/italiamachines.com\/#\/schema\/logo\/image\/\"},\"sameAs\":[\"https:\/\/web.facebook.com\/italiamachines\/\",\"https:\/\/www.instagram.com\/italia.machines\/\"]}]}<\/script>\n<!-- \/ Yoast SEO plugin. -->","yoast_head_json":{"title":"Lave vaisselle manuel professionnel | Italia Machines","description":"Investissez dans la productivit\u00e9 de votre cuisine avec notre lave vaisselle manuel professionnel pour maintenir des standards \u00e9lev\u00e9s de propret\u00e9 .","robots":{"index":"index","follow":"follow","max-snippet":"max-snippet:-1","max-image-preview":"max-image-preview:large","max-video-preview":"max-video-preview:-1"},"canonical":"https:\/\/italiamachines.com\/fr_fr\/boutique\/hygiene\/laverie\/lave-vaiselle-a-capot\/lave-vaisselle-manuel-professionnel-par-lors-dimensions-59x61x84-cm\/","og_locale":"fr_FR","og_type":"article","og_title":"Lave vaisselle manuel professionnel | Italia Machines","og_description":"Investissez dans la productivit\u00e9 de votre cuisine avec notre lave vaisselle manuel professionnel pour maintenir des standards \u00e9lev\u00e9s de propret\u00e9 .","og_url":"https:\/\/italiamachines.com\/fr_fr\/boutique\/hygiene\/laverie\/lave-vaiselle-a-capot\/lave-vaisselle-manuel-professionnel-par-lors-dimensions-59x61x84-cm\/","og_site_name":"Italia Machines","article_publisher":"https:\/\/web.facebook.com\/italiamachines\/","article_modified_time":"2024-09-28T20:18:45+00:00","og_image":[{"width":400,"height":400,"url":"https:\/\/italiamachines.com\/wp-content\/uploads\/2023\/07\/CRW500.jpg","type":"image\/jpeg"}],"twitter_card":"summary_large_image","twitter_misc":{"Dur\u00e9e de lecture estim\u00e9e":"1 minute"},"schema":{"@context":"https:\/\/schema.org","@graph":[{"@type":"WebPage","@id":"https:\/\/italiamachines.com\/boutique\/hygiene\/laverie\/lave-vaiselle-a-capot\/lave-vaisselle-manuel-professionnel-par-lors-dimensions-59x61x84-cm\/","url":"https:\/\/italiamachines.com\/boutique\/hygiene\/laverie\/lave-vaiselle-a-capot\/lave-vaisselle-manuel-professionnel-par-lors-dimensions-59x61x84-cm\/","name":"Lave vaisselle manuel professionnel | Italia Machines","isPartOf":{"@id":"https:\/\/italiamachines.com\/#website"},"primaryImageOfPage":{"@id":"https:\/\/italiamachines.com\/boutique\/hygiene\/laverie\/lave-vaiselle-a-capot\/lave-vaisselle-manuel-professionnel-par-lors-dimensions-59x61x84-cm\/#primaryimage"},"image":{"@id":"https:\/\/italiamachines.com\/boutique\/hygiene\/laverie\/lave-vaiselle-a-capot\/lave-vaisselle-manuel-professionnel-par-lors-dimensions-59x61x84-cm\/#primaryimage"},"thumbnailUrl":"https:\/\/italiamachines.com\/wp-content\/uploads\/2023\/07\/CRW500.jpg","datePublished":"2023-07-30T03:06:31+00:00","dateModified":"2024-09-28T20:18:45+00:00","description":"Investissez dans la productivit\u00e9 de votre cuisine avec notre lave vaisselle manuel professionnel pour maintenir des standards \u00e9lev\u00e9s de propret\u00e9 .","breadcrumb":{"@id":"https:\/\/italiamachines.com\/boutique\/hygiene\/laverie\/lave-vaiselle-a-capot\/lave-vaisselle-manuel-professionnel-par-lors-dimensions-59x61x84-cm\/#breadcrumb"},"inLanguage":"fr-FR","potentialAction":[{"@type":"ReadAction","target":["https:\/\/italiamachines.com\/boutique\/hygiene\/laverie\/lave-vaiselle-a-capot\/lave-vaisselle-manuel-professionnel-par-lors-dimensions-59x61x84-cm\/"]}]},{"@type":"ImageObject","inLanguage":"fr-FR","@id":"https:\/\/italiamachines.com\/boutique\/hygiene\/laverie\/lave-vaiselle-a-capot\/lave-vaisselle-manuel-professionnel-par-lors-dimensions-59x61x84-cm\/#primaryimage","url":"https:\/\/italiamachines.com\/wp-content\/uploads\/2023\/07\/CRW500.jpg","contentUrl":"https:\/\/italiamachines.com\/wp-content\/uploads\/2023\/07\/CRW500.jpg","width":400,"height":400,"caption":"Lave vaisselle manuel professionnel"},{"@type":"BreadcrumbList","@id":"https:\/\/italiamachines.com\/boutique\/hygiene\/laverie\/lave-vaiselle-a-capot\/lave-vaisselle-manuel-professionnel-par-lors-dimensions-59x61x84-cm\/#breadcrumb","itemListElement":[{"@type":"ListItem","position":1,"name":"Accueil","item":"https:\/\/italiamachines.com\/fr_fr\/"},{"@type":"ListItem","position":2,"name":"Boutique","item":"https:\/\/italiamachines.com\/boutique\/"},{"@type":"ListItem","position":3,"name":"Lave vaisselle manuel &#8211; Dimensions: 59x61x84 cm &#8211; par LORS"}]},{"@type":"WebSite","@id":"https:\/\/italiamachines.com\/#website","url":"https:\/\/italiamachines.com\/","name":"Italia Machines","description":"L&#039;art de l&#039;\u00e9quipement HORECA","publisher":{"@id":"https:\/\/italiamachines.com\/#organization"},"potentialAction":[{"@type":"SearchAction","target":{"@type":"EntryPoint","urlTemplate":"https:\/\/italiamachines.com\/?s={search_term_string}"},"query-input":{"@type":"PropertyValueSpecification","valueRequired":true,"valueName":"search_term_string"}}],"inLanguage":"fr-FR"},{"@type":"Organization","@id":"https:\/\/italiamachines.com\/#organization","name":"italiamachines","url":"https:\/\/italiamachines.com\/","logo":{"@type":"ImageObject","inLanguage":"fr-FR","@id":"https:\/\/italiamachines.com\/#\/schema\/logo\/image\/","url":"https:\/\/italiamachines.com\/wp-content\/uploads\/2023\/08\/logo-web-1.png","contentUrl":"https:\/\/italiamachines.com\/wp-content\/uploads\/2023\/08\/logo-web-1.png","width":977,"height":254,"caption":"italiamachines"},"image":{"@id":"https:\/\/italiamachines.com\/#\/schema\/logo\/image\/"},"sameAs":["https:\/\/web.facebook.com\/italiamachines\/","https:\/\/www.instagram.com\/italia.machines\/"]}]}},"_links":{"self":[{"href":"https:\/\/italiamachines.com\/fr_fr\/wp-json\/wp\/v2\/product\/4459","targetHints":{"allow":["GET"]}}],"collection":[{"href":"https:\/\/italiamachines.com\/fr_fr\/wp-json\/wp\/v2\/product"}],"about":[{"href":"https:\/\/italiamachines.com\/fr_fr\/wp-json\/wp\/v2\/types\/product"}],"replies":[{"embeddable":true,"href":"https:\/\/italiamachines.com\/fr_fr\/wp-json\/wp\/v2\/comments?post=4459"}],"wp:featuredmedia":[{"embeddable":true,"href":"https:\/\/italiamachines.com\/fr_fr\/wp-json\/wp\/v2\/media\/8768"}],"wp:attachment":[{"href":"https:\/\/italiamachines.com\/fr_fr\/wp-json\/wp\/v2\/media?parent=4459"}],"wp:term":[{"taxonomy":"product_cat","embeddable":true,"href":"https:\/\/italiamachines.com\/fr_fr\/wp-json\/wp\/v2\/product_cat?post=4459"},{"taxonomy":"product_tag","embeddable":true,"href":"https:\/\/italiamachines.com\/fr_fr\/wp-json\/wp\/v2\/product_tag?post=4459"}],"curies":[{"name":"wp","href":"https:\/\/api.w.org\/{rel}","templated":true}]}}