{"id":4463,"date":"2023-07-30T03:06:53","date_gmt":"2023-07-30T03:06:53","guid":{"rendered":"https:\/\/prod.italiamachines.com\/product\/vitrine-a-boissons-une-porte-avec-illumination-led-et-2-roues-reglables-par-klimasan-turquie\/"},"modified":"2024-10-01T00:33:17","modified_gmt":"2024-09-30T22:33:17","slug":"vitrine-a-boissons-une-porte-avec-illumination-led-et-2-roues-reglables-par-klimasan-turquie","status":"publish","type":"product","link":"https:\/\/italiamachines.com\/fr_fr\/boutique\/cafe-glacier-lecheria\/froid-conservation-pour-glace\/vitrine-2\/vitrine-a-boissons-une-porte-avec-illumination-led-et-2-roues-reglables-par-klimasan-turquie\/","title":{"rendered":"Vitrine \u00e0 boissons une porte avec illumination LED et 2 roues r\u00e9glables &#8211; par Klimasan Turquie"},"content":{"rendered":"<p>Capacit\u00e9 brute\/utile (L) : 382 \/ 360<br \/>\nDimensions internes (LxPxH) (mm) : 490 x 447 x 1557<br \/>\nDimensions externes (LxPxH) (mm) : 595 x 650 x 2000<br \/>\nChargement canettes 330 ml (Normal\/max.) : 434<br \/>\nChargement bouteilles 500 ml : 203<br \/>\nChargement canettes 330 ml (ZigZag\/max.) : 467<br \/>\nChargement bouteilles 500 ml (ZigZag) : 217<br \/>\nR\u00e9frig\u00e9rant : R134a\/R600a<br \/>\nPlage de temp\u00e9rature (\u00b0C) : 0 \/ +10 \u00b0C<br \/>\nChargement conteneur 40&rsquo;HC : 57<br \/>\nChargement camion 13,6 m : 80<\/p>\n","protected":false},"excerpt":{"rendered":"<p>Capacit\u00e9 brute\/utile (L) : 382 \/ 360 Dimensions internes (LxPxH) (mm) : 490 x 447 x 1557 Dimensions externes (LxPxH) (mm) : 595 x 650 x 2000 Chargement canettes 330 ml (Normal\/max.) : 434 Chargement bouteilles 500 ml : 203 Chargement canettes 330 ml (ZigZag\/max.) : 467 Chargement bouteilles 500 ml (ZigZag) : 217 R\u00e9frig\u00e9rant&hellip;<\/p>\n","protected":false},"featured_media":4462,"comment_status":"open","ping_status":"closed","template":"","meta":[],"product_cat":[65,73,80,112,141],"product_tag":[],"class_list":{"0":"post-4463","1":"product","2":"type-product","3":"status-publish","4":"has-post-thumbnail","6":"product_cat-cafe-glacier-lecheria","7":"product_cat-froid-conservation-pour-glace","8":"product_cat-glacier-lecheria","9":"product_cat-restaurant-snack-et-pizzeria","10":"product_cat-vitrine-2","12":"first","13":"instock","14":"shipping-taxable","15":"purchasable","16":"product-type-simple","17":"col-xs-6 col-sm-4","18":"col-md-3 col-lg-3","19":"un-4-cols"},"yoast_head":"<!-- This site is optimized with the Yoast SEO plugin v26.6 - https:\/\/yoast.com\/wordpress\/plugins\/seo\/ -->\n<title>Vitrine \u00e0 boissons une porte avec illumination LED et 2 roues r\u00e9glables - par Klimasan Turquie | Italia Machines<\/title>\n<meta name=\"robots\" content=\"index, follow, max-snippet:-1, max-image-preview:large, max-video-preview:-1\" \/>\n<link rel=\"canonical\" href=\"https:\/\/italiamachines.com\/fr_fr\/boutique\/cafe-glacier-lecheria\/froid-conservation-pour-glace\/vitrine-2\/vitrine-a-boissons-une-porte-avec-illumination-led-et-2-roues-reglables-par-klimasan-turquie\/\" \/>\n<meta property=\"og:locale\" content=\"fr_FR\" \/>\n<meta property=\"og:type\" content=\"article\" \/>\n<meta property=\"og:title\" content=\"Vitrine \u00e0 boissons une porte avec illumination LED et 2 roues r\u00e9glables - par Klimasan Turquie | Italia Machines\" \/>\n<meta property=\"og:description\" content=\"Capacit\u00e9 brute\/utile (L) : 382 \/ 360 Dimensions internes (LxPxH) (mm) : 490 x 447 x 1557 Dimensions externes (LxPxH) (mm) : 595 x 650 x 2000 Chargement canettes 330 ml (Normal\/max.) : 434 Chargement bouteilles 500 ml : 203 Chargement canettes 330 ml (ZigZag\/max.) : 467 Chargement bouteilles 500 ml (ZigZag) : 217 R\u00e9frig\u00e9rant&hellip;\" \/>\n<meta property=\"og:url\" content=\"https:\/\/italiamachines.com\/fr_fr\/boutique\/cafe-glacier-lecheria\/froid-conservation-pour-glace\/vitrine-2\/vitrine-a-boissons-une-porte-avec-illumination-led-et-2-roues-reglables-par-klimasan-turquie\/\" \/>\n<meta property=\"og:site_name\" content=\"Italia Machines\" \/>\n<meta property=\"article:publisher\" content=\"https:\/\/web.facebook.com\/italiamachines\/\" \/>\n<meta property=\"article:modified_time\" content=\"2024-09-30T22:33:17+00:00\" \/>\n<meta property=\"og:image\" content=\"https:\/\/italiamachines.com\/wp-content\/uploads\/2023\/07\/D372-1.png\" \/>\n\t<meta property=\"og:image:width\" content=\"1200\" \/>\n\t<meta property=\"og:image:height\" content=\"1200\" \/>\n\t<meta property=\"og:image:type\" content=\"image\/png\" \/>\n<meta name=\"twitter:card\" content=\"summary_large_image\" \/>\n<meta name=\"twitter:label1\" content=\"Dur\u00e9e de lecture estim\u00e9e\" \/>\n\t<meta name=\"twitter:data1\" content=\"1 minute\" \/>\n<script type=\"application\/ld+json\" class=\"yoast-schema-graph\">{\"@context\":\"https:\/\/schema.org\",\"@graph\":[{\"@type\":\"WebPage\",\"@id\":\"https:\/\/italiamachines.com\/boutique\/cafe-glacier-lecheria\/froid-conservation-pour-glace\/vitrine-2\/vitrine-a-boissons-une-porte-avec-illumination-led-et-2-roues-reglables-par-klimasan-turquie\/\",\"url\":\"https:\/\/italiamachines.com\/boutique\/cafe-glacier-lecheria\/froid-conservation-pour-glace\/vitrine-2\/vitrine-a-boissons-une-porte-avec-illumination-led-et-2-roues-reglables-par-klimasan-turquie\/\",\"name\":\"Vitrine \u00e0 boissons une porte avec illumination LED et 2 roues r\u00e9glables - par Klimasan Turquie | Italia Machines\",\"isPartOf\":{\"@id\":\"https:\/\/italiamachines.com\/#website\"},\"primaryImageOfPage\":{\"@id\":\"https:\/\/italiamachines.com\/boutique\/cafe-glacier-lecheria\/froid-conservation-pour-glace\/vitrine-2\/vitrine-a-boissons-une-porte-avec-illumination-led-et-2-roues-reglables-par-klimasan-turquie\/#primaryimage\"},\"image\":{\"@id\":\"https:\/\/italiamachines.com\/boutique\/cafe-glacier-lecheria\/froid-conservation-pour-glace\/vitrine-2\/vitrine-a-boissons-une-porte-avec-illumination-led-et-2-roues-reglables-par-klimasan-turquie\/#primaryimage\"},\"thumbnailUrl\":\"https:\/\/italiamachines.com\/wp-content\/uploads\/2023\/07\/D372-1.png\",\"datePublished\":\"2023-07-30T03:06:53+00:00\",\"dateModified\":\"2024-09-30T22:33:17+00:00\",\"breadcrumb\":{\"@id\":\"https:\/\/italiamachines.com\/boutique\/cafe-glacier-lecheria\/froid-conservation-pour-glace\/vitrine-2\/vitrine-a-boissons-une-porte-avec-illumination-led-et-2-roues-reglables-par-klimasan-turquie\/#breadcrumb\"},\"inLanguage\":\"fr-FR\",\"potentialAction\":[{\"@type\":\"ReadAction\",\"target\":[\"https:\/\/italiamachines.com\/boutique\/cafe-glacier-lecheria\/froid-conservation-pour-glace\/vitrine-2\/vitrine-a-boissons-une-porte-avec-illumination-led-et-2-roues-reglables-par-klimasan-turquie\/\"]}]},{\"@type\":\"ImageObject\",\"inLanguage\":\"fr-FR\",\"@id\":\"https:\/\/italiamachines.com\/boutique\/cafe-glacier-lecheria\/froid-conservation-pour-glace\/vitrine-2\/vitrine-a-boissons-une-porte-avec-illumination-led-et-2-roues-reglables-par-klimasan-turquie\/#primaryimage\",\"url\":\"https:\/\/italiamachines.com\/wp-content\/uploads\/2023\/07\/D372-1.png\",\"contentUrl\":\"https:\/\/italiamachines.com\/wp-content\/uploads\/2023\/07\/D372-1.png\",\"width\":1200,\"height\":1200},{\"@type\":\"BreadcrumbList\",\"@id\":\"https:\/\/italiamachines.com\/boutique\/cafe-glacier-lecheria\/froid-conservation-pour-glace\/vitrine-2\/vitrine-a-boissons-une-porte-avec-illumination-led-et-2-roues-reglables-par-klimasan-turquie\/#breadcrumb\",\"itemListElement\":[{\"@type\":\"ListItem\",\"position\":1,\"name\":\"Accueil\",\"item\":\"https:\/\/italiamachines.com\/fr_fr\/\"},{\"@type\":\"ListItem\",\"position\":2,\"name\":\"Boutique\",\"item\":\"https:\/\/italiamachines.com\/boutique\/\"},{\"@type\":\"ListItem\",\"position\":3,\"name\":\"Vitrine \u00e0 boissons une porte avec illumination LED et 2 roues r\u00e9glables &#8211; par Klimasan Turquie\"}]},{\"@type\":\"WebSite\",\"@id\":\"https:\/\/italiamachines.com\/#website\",\"url\":\"https:\/\/italiamachines.com\/\",\"name\":\"Italia Machines\",\"description\":\"L&#039;art de l&#039;\u00e9quipement HORECA\",\"publisher\":{\"@id\":\"https:\/\/italiamachines.com\/#organization\"},\"potentialAction\":[{\"@type\":\"SearchAction\",\"target\":{\"@type\":\"EntryPoint\",\"urlTemplate\":\"https:\/\/italiamachines.com\/?s={search_term_string}\"},\"query-input\":{\"@type\":\"PropertyValueSpecification\",\"valueRequired\":true,\"valueName\":\"search_term_string\"}}],\"inLanguage\":\"fr-FR\"},{\"@type\":\"Organization\",\"@id\":\"https:\/\/italiamachines.com\/#organization\",\"name\":\"italiamachines\",\"url\":\"https:\/\/italiamachines.com\/\",\"logo\":{\"@type\":\"ImageObject\",\"inLanguage\":\"fr-FR\",\"@id\":\"https:\/\/italiamachines.com\/#\/schema\/logo\/image\/\",\"url\":\"https:\/\/italiamachines.com\/wp-content\/uploads\/2023\/08\/logo-web-1.png\",\"contentUrl\":\"https:\/\/italiamachines.com\/wp-content\/uploads\/2023\/08\/logo-web-1.png\",\"width\":977,\"height\":254,\"caption\":\"italiamachines\"},\"image\":{\"@id\":\"https:\/\/italiamachines.com\/#\/schema\/logo\/image\/\"},\"sameAs\":[\"https:\/\/web.facebook.com\/italiamachines\/\",\"https:\/\/www.instagram.com\/italia.machines\/\"]}]}<\/script>\n<!-- \/ Yoast SEO plugin. -->","yoast_head_json":{"title":"Vitrine \u00e0 boissons une porte avec illumination LED et 2 roues r\u00e9glables - par Klimasan Turquie | Italia Machines","robots":{"index":"index","follow":"follow","max-snippet":"max-snippet:-1","max-image-preview":"max-image-preview:large","max-video-preview":"max-video-preview:-1"},"canonical":"https:\/\/italiamachines.com\/fr_fr\/boutique\/cafe-glacier-lecheria\/froid-conservation-pour-glace\/vitrine-2\/vitrine-a-boissons-une-porte-avec-illumination-led-et-2-roues-reglables-par-klimasan-turquie\/","og_locale":"fr_FR","og_type":"article","og_title":"Vitrine \u00e0 boissons une porte avec illumination LED et 2 roues r\u00e9glables - par Klimasan Turquie | Italia Machines","og_description":"Capacit\u00e9 brute\/utile (L) : 382 \/ 360 Dimensions internes (LxPxH) (mm) : 490 x 447 x 1557 Dimensions externes (LxPxH) (mm) : 595 x 650 x 2000 Chargement canettes 330 ml (Normal\/max.) : 434 Chargement bouteilles 500 ml : 203 Chargement canettes 330 ml (ZigZag\/max.) : 467 Chargement bouteilles 500 ml (ZigZag) : 217 R\u00e9frig\u00e9rant&hellip;","og_url":"https:\/\/italiamachines.com\/fr_fr\/boutique\/cafe-glacier-lecheria\/froid-conservation-pour-glace\/vitrine-2\/vitrine-a-boissons-une-porte-avec-illumination-led-et-2-roues-reglables-par-klimasan-turquie\/","og_site_name":"Italia Machines","article_publisher":"https:\/\/web.facebook.com\/italiamachines\/","article_modified_time":"2024-09-30T22:33:17+00:00","og_image":[{"width":1200,"height":1200,"url":"https:\/\/italiamachines.com\/wp-content\/uploads\/2023\/07\/D372-1.png","type":"image\/png"}],"twitter_card":"summary_large_image","twitter_misc":{"Dur\u00e9e de lecture estim\u00e9e":"1 minute"},"schema":{"@context":"https:\/\/schema.org","@graph":[{"@type":"WebPage","@id":"https:\/\/italiamachines.com\/boutique\/cafe-glacier-lecheria\/froid-conservation-pour-glace\/vitrine-2\/vitrine-a-boissons-une-porte-avec-illumination-led-et-2-roues-reglables-par-klimasan-turquie\/","url":"https:\/\/italiamachines.com\/boutique\/cafe-glacier-lecheria\/froid-conservation-pour-glace\/vitrine-2\/vitrine-a-boissons-une-porte-avec-illumination-led-et-2-roues-reglables-par-klimasan-turquie\/","name":"Vitrine \u00e0 boissons une porte avec illumination LED et 2 roues r\u00e9glables - par Klimasan Turquie | Italia Machines","isPartOf":{"@id":"https:\/\/italiamachines.com\/#website"},"primaryImageOfPage":{"@id":"https:\/\/italiamachines.com\/boutique\/cafe-glacier-lecheria\/froid-conservation-pour-glace\/vitrine-2\/vitrine-a-boissons-une-porte-avec-illumination-led-et-2-roues-reglables-par-klimasan-turquie\/#primaryimage"},"image":{"@id":"https:\/\/italiamachines.com\/boutique\/cafe-glacier-lecheria\/froid-conservation-pour-glace\/vitrine-2\/vitrine-a-boissons-une-porte-avec-illumination-led-et-2-roues-reglables-par-klimasan-turquie\/#primaryimage"},"thumbnailUrl":"https:\/\/italiamachines.com\/wp-content\/uploads\/2023\/07\/D372-1.png","datePublished":"2023-07-30T03:06:53+00:00","dateModified":"2024-09-30T22:33:17+00:00","breadcrumb":{"@id":"https:\/\/italiamachines.com\/boutique\/cafe-glacier-lecheria\/froid-conservation-pour-glace\/vitrine-2\/vitrine-a-boissons-une-porte-avec-illumination-led-et-2-roues-reglables-par-klimasan-turquie\/#breadcrumb"},"inLanguage":"fr-FR","potentialAction":[{"@type":"ReadAction","target":["https:\/\/italiamachines.com\/boutique\/cafe-glacier-lecheria\/froid-conservation-pour-glace\/vitrine-2\/vitrine-a-boissons-une-porte-avec-illumination-led-et-2-roues-reglables-par-klimasan-turquie\/"]}]},{"@type":"ImageObject","inLanguage":"fr-FR","@id":"https:\/\/italiamachines.com\/boutique\/cafe-glacier-lecheria\/froid-conservation-pour-glace\/vitrine-2\/vitrine-a-boissons-une-porte-avec-illumination-led-et-2-roues-reglables-par-klimasan-turquie\/#primaryimage","url":"https:\/\/italiamachines.com\/wp-content\/uploads\/2023\/07\/D372-1.png","contentUrl":"https:\/\/italiamachines.com\/wp-content\/uploads\/2023\/07\/D372-1.png","width":1200,"height":1200},{"@type":"BreadcrumbList","@id":"https:\/\/italiamachines.com\/boutique\/cafe-glacier-lecheria\/froid-conservation-pour-glace\/vitrine-2\/vitrine-a-boissons-une-porte-avec-illumination-led-et-2-roues-reglables-par-klimasan-turquie\/#breadcrumb","itemListElement":[{"@type":"ListItem","position":1,"name":"Accueil","item":"https:\/\/italiamachines.com\/fr_fr\/"},{"@type":"ListItem","position":2,"name":"Boutique","item":"https:\/\/italiamachines.com\/boutique\/"},{"@type":"ListItem","position":3,"name":"Vitrine \u00e0 boissons une porte avec illumination LED et 2 roues r\u00e9glables &#8211; par Klimasan Turquie"}]},{"@type":"WebSite","@id":"https:\/\/italiamachines.com\/#website","url":"https:\/\/italiamachines.com\/","name":"Italia Machines","description":"L&#039;art de l&#039;\u00e9quipement HORECA","publisher":{"@id":"https:\/\/italiamachines.com\/#organization"},"potentialAction":[{"@type":"SearchAction","target":{"@type":"EntryPoint","urlTemplate":"https:\/\/italiamachines.com\/?s={search_term_string}"},"query-input":{"@type":"PropertyValueSpecification","valueRequired":true,"valueName":"search_term_string"}}],"inLanguage":"fr-FR"},{"@type":"Organization","@id":"https:\/\/italiamachines.com\/#organization","name":"italiamachines","url":"https:\/\/italiamachines.com\/","logo":{"@type":"ImageObject","inLanguage":"fr-FR","@id":"https:\/\/italiamachines.com\/#\/schema\/logo\/image\/","url":"https:\/\/italiamachines.com\/wp-content\/uploads\/2023\/08\/logo-web-1.png","contentUrl":"https:\/\/italiamachines.com\/wp-content\/uploads\/2023\/08\/logo-web-1.png","width":977,"height":254,"caption":"italiamachines"},"image":{"@id":"https:\/\/italiamachines.com\/#\/schema\/logo\/image\/"},"sameAs":["https:\/\/web.facebook.com\/italiamachines\/","https:\/\/www.instagram.com\/italia.machines\/"]}]}},"_links":{"self":[{"href":"https:\/\/italiamachines.com\/fr_fr\/wp-json\/wp\/v2\/product\/4463","targetHints":{"allow":["GET"]}}],"collection":[{"href":"https:\/\/italiamachines.com\/fr_fr\/wp-json\/wp\/v2\/product"}],"about":[{"href":"https:\/\/italiamachines.com\/fr_fr\/wp-json\/wp\/v2\/types\/product"}],"replies":[{"embeddable":true,"href":"https:\/\/italiamachines.com\/fr_fr\/wp-json\/wp\/v2\/comments?post=4463"}],"wp:featuredmedia":[{"embeddable":true,"href":"https:\/\/italiamachines.com\/fr_fr\/wp-json\/wp\/v2\/media\/4462"}],"wp:attachment":[{"href":"https:\/\/italiamachines.com\/fr_fr\/wp-json\/wp\/v2\/media?parent=4463"}],"wp:term":[{"taxonomy":"product_cat","embeddable":true,"href":"https:\/\/italiamachines.com\/fr_fr\/wp-json\/wp\/v2\/product_cat?post=4463"},{"taxonomy":"product_tag","embeddable":true,"href":"https:\/\/italiamachines.com\/fr_fr\/wp-json\/wp\/v2\/product_tag?post=4463"}],"curies":[{"name":"wp","href":"https:\/\/api.w.org\/{rel}","templated":true}]}}