{"id":4471,"date":"2023-07-30T03:07:51","date_gmt":"2023-07-30T03:07:51","guid":{"rendered":"https:\/\/prod.italiamachines.com\/product\/diviseuse-avec-accessoires-par-ram\/"},"modified":"2023-12-16T23:30:14","modified_gmt":"2023-12-16T22:30:14","slug":"diviseuse-avec-accessoires-par-ram","status":"publish","type":"product","link":"https:\/\/italiamachines.com\/fr_fr\/boutique\/boulangerie-et-patisserie\/boulangerie\/diviseuse-pour-boulangerie\/diviseuse-compacte\/diviseuse-avec-accessoires-par-ram\/","title":{"rendered":"Diviseuse avec accessoires &#8211; par RAM"},"content":{"rendered":"<p>Structure en acier avec peinture cuite au four.<br \/>\nCuve en acier inoxydable AISI 304.<br \/>\nFonctionnement enti\u00e8rement hydraulique avec r\u00e9servoir \u00e0 grande capacit\u00e9 et double joint.<br \/>\nLames en acier inoxydable AISI 304 pour une pr\u00e9cision et une durabilit\u00e9 accrues.<br \/>\nMat\u00e9riau de moule de haute qualit\u00e9.<br \/>\nProtection anti-corrosion en acier inoxydable.<br \/>\nTiroir \u00e0 miettes en acier inoxydable facilement accessible.<br \/>\n\u00c9quip\u00e9 d&rsquo;un joystick pour une pression et une d\u00e9coupe ind\u00e9pendantes.<br \/>\nOuverture manuelle du couvercle.<br \/>\nMont\u00e9 sur des roues en caoutchouc avec freins pour une stabilit\u00e9 et un silence am\u00e9lior\u00e9s.<br \/>\nR\u00e9partition : 30<br \/>\nPoids : 230 Kg<br \/>\nCapacit\u00e9 maximale : 4 Kg<br \/>\nProduction par heure : 5400 pi\u00e8ces<br \/>\nMoule : 70 mm<br \/>\nfourchette de poids: 40-135 g<br \/>\nNombre de Cylindres : 1<br \/>\nPuissance : 1,3 Kw<\/p>\n","protected":false},"excerpt":{"rendered":"<p>Structure en acier avec peinture cuite au four. Cuve en acier inoxydable AISI 304. Fonctionnement enti\u00e8rement hydraulique avec r\u00e9servoir \u00e0 grande capacit\u00e9 et double joint. Lames en acier inoxydable AISI 304 pour une pr\u00e9cision et une durabilit\u00e9 accrues. Mat\u00e9riau de moule de haute qualit\u00e9. Protection anti-corrosion en acier inoxydable. Tiroir \u00e0 miettes en acier inoxydable&hellip;<\/p>\n","protected":false},"featured_media":9049,"comment_status":"closed","ping_status":"closed","template":"","meta":[],"product_cat":[154,174,175],"product_tag":[],"class_list":{"0":"post-4471","1":"product","2":"type-product","3":"status-publish","4":"has-post-thumbnail","6":"product_cat-boulangerie","7":"product_cat-diviseuse-pour-boulangerie","8":"product_cat-diviseuse-compacte","10":"first","11":"instock","12":"shipping-taxable","13":"purchasable","14":"product-type-simple","15":"col-xs-6 col-sm-4","16":"col-md-3 col-lg-3","17":"un-4-cols"},"yoast_head":"<!-- This site is optimized with the Yoast SEO plugin v26.6 - https:\/\/yoast.com\/wordpress\/plugins\/seo\/ -->\n<title>Diviseuse avec accessoires - par RAM | Italia Machines<\/title>\n<meta name=\"robots\" content=\"index, follow, max-snippet:-1, max-image-preview:large, max-video-preview:-1\" \/>\n<link rel=\"canonical\" href=\"https:\/\/italiamachines.com\/fr_fr\/boutique\/boulangerie-et-patisserie\/boulangerie\/diviseuse-pour-boulangerie\/diviseuse-compacte\/diviseuse-avec-accessoires-par-ram\/\" \/>\n<meta property=\"og:locale\" content=\"fr_FR\" \/>\n<meta property=\"og:type\" content=\"article\" \/>\n<meta property=\"og:title\" content=\"Diviseuse avec accessoires - par RAM | Italia Machines\" \/>\n<meta property=\"og:description\" content=\"Structure en acier avec peinture cuite au four. Cuve en acier inoxydable AISI 304. Fonctionnement enti\u00e8rement hydraulique avec r\u00e9servoir \u00e0 grande capacit\u00e9 et double joint. Lames en acier inoxydable AISI 304 pour une pr\u00e9cision et une durabilit\u00e9 accrues. Mat\u00e9riau de moule de haute qualit\u00e9. Protection anti-corrosion en acier inoxydable. Tiroir \u00e0 miettes en acier inoxydable&hellip;\" \/>\n<meta property=\"og:url\" content=\"https:\/\/italiamachines.com\/fr_fr\/boutique\/boulangerie-et-patisserie\/boulangerie\/diviseuse-pour-boulangerie\/diviseuse-compacte\/diviseuse-avec-accessoires-par-ram\/\" \/>\n<meta property=\"og:site_name\" content=\"Italia Machines\" \/>\n<meta property=\"article:publisher\" content=\"https:\/\/web.facebook.com\/italiamachines\/\" \/>\n<meta property=\"article:modified_time\" content=\"2023-12-16T22:30:14+00:00\" \/>\n<meta property=\"og:image\" content=\"https:\/\/italiamachines.com\/wp-content\/uploads\/2023\/07\/DI_RAM-2.jpeg\" \/>\n\t<meta property=\"og:image:width\" content=\"400\" \/>\n\t<meta property=\"og:image:height\" content=\"400\" \/>\n\t<meta property=\"og:image:type\" content=\"image\/jpeg\" \/>\n<meta name=\"twitter:card\" content=\"summary_large_image\" \/>\n<meta name=\"twitter:label1\" content=\"Dur\u00e9e de lecture estim\u00e9e\" \/>\n\t<meta name=\"twitter:data1\" content=\"1 minute\" \/>\n<script type=\"application\/ld+json\" class=\"yoast-schema-graph\">{\"@context\":\"https:\/\/schema.org\",\"@graph\":[{\"@type\":\"WebPage\",\"@id\":\"https:\/\/italiamachines.com\/boutique\/boulangerie-et-patisserie\/boulangerie\/diviseuse-pour-boulangerie\/diviseuse-compacte\/diviseuse-avec-accessoires-par-ram\/\",\"url\":\"https:\/\/italiamachines.com\/boutique\/boulangerie-et-patisserie\/boulangerie\/diviseuse-pour-boulangerie\/diviseuse-compacte\/diviseuse-avec-accessoires-par-ram\/\",\"name\":\"Diviseuse avec accessoires - par RAM | Italia Machines\",\"isPartOf\":{\"@id\":\"https:\/\/italiamachines.com\/#website\"},\"primaryImageOfPage\":{\"@id\":\"https:\/\/italiamachines.com\/boutique\/boulangerie-et-patisserie\/boulangerie\/diviseuse-pour-boulangerie\/diviseuse-compacte\/diviseuse-avec-accessoires-par-ram\/#primaryimage\"},\"image\":{\"@id\":\"https:\/\/italiamachines.com\/boutique\/boulangerie-et-patisserie\/boulangerie\/diviseuse-pour-boulangerie\/diviseuse-compacte\/diviseuse-avec-accessoires-par-ram\/#primaryimage\"},\"thumbnailUrl\":\"https:\/\/italiamachines.com\/wp-content\/uploads\/2023\/07\/DI_RAM-2.jpeg\",\"datePublished\":\"2023-07-30T03:07:51+00:00\",\"dateModified\":\"2023-12-16T22:30:14+00:00\",\"breadcrumb\":{\"@id\":\"https:\/\/italiamachines.com\/boutique\/boulangerie-et-patisserie\/boulangerie\/diviseuse-pour-boulangerie\/diviseuse-compacte\/diviseuse-avec-accessoires-par-ram\/#breadcrumb\"},\"inLanguage\":\"fr-FR\",\"potentialAction\":[{\"@type\":\"ReadAction\",\"target\":[\"https:\/\/italiamachines.com\/boutique\/boulangerie-et-patisserie\/boulangerie\/diviseuse-pour-boulangerie\/diviseuse-compacte\/diviseuse-avec-accessoires-par-ram\/\"]}]},{\"@type\":\"ImageObject\",\"inLanguage\":\"fr-FR\",\"@id\":\"https:\/\/italiamachines.com\/boutique\/boulangerie-et-patisserie\/boulangerie\/diviseuse-pour-boulangerie\/diviseuse-compacte\/diviseuse-avec-accessoires-par-ram\/#primaryimage\",\"url\":\"https:\/\/italiamachines.com\/wp-content\/uploads\/2023\/07\/DI_RAM-2.jpeg\",\"contentUrl\":\"https:\/\/italiamachines.com\/wp-content\/uploads\/2023\/07\/DI_RAM-2.jpeg\",\"width\":400,\"height\":400},{\"@type\":\"BreadcrumbList\",\"@id\":\"https:\/\/italiamachines.com\/boutique\/boulangerie-et-patisserie\/boulangerie\/diviseuse-pour-boulangerie\/diviseuse-compacte\/diviseuse-avec-accessoires-par-ram\/#breadcrumb\",\"itemListElement\":[{\"@type\":\"ListItem\",\"position\":1,\"name\":\"Accueil\",\"item\":\"https:\/\/italiamachines.com\/fr_fr\/\"},{\"@type\":\"ListItem\",\"position\":2,\"name\":\"Boutique\",\"item\":\"https:\/\/italiamachines.com\/boutique\/\"},{\"@type\":\"ListItem\",\"position\":3,\"name\":\"Diviseuse avec accessoires &#8211; par RAM\"}]},{\"@type\":\"WebSite\",\"@id\":\"https:\/\/italiamachines.com\/#website\",\"url\":\"https:\/\/italiamachines.com\/\",\"name\":\"Italia Machines\",\"description\":\"L&#039;art de l&#039;\u00e9quipement HORECA\",\"publisher\":{\"@id\":\"https:\/\/italiamachines.com\/#organization\"},\"potentialAction\":[{\"@type\":\"SearchAction\",\"target\":{\"@type\":\"EntryPoint\",\"urlTemplate\":\"https:\/\/italiamachines.com\/?s={search_term_string}\"},\"query-input\":{\"@type\":\"PropertyValueSpecification\",\"valueRequired\":true,\"valueName\":\"search_term_string\"}}],\"inLanguage\":\"fr-FR\"},{\"@type\":\"Organization\",\"@id\":\"https:\/\/italiamachines.com\/#organization\",\"name\":\"italiamachines\",\"url\":\"https:\/\/italiamachines.com\/\",\"logo\":{\"@type\":\"ImageObject\",\"inLanguage\":\"fr-FR\",\"@id\":\"https:\/\/italiamachines.com\/#\/schema\/logo\/image\/\",\"url\":\"https:\/\/italiamachines.com\/wp-content\/uploads\/2023\/08\/logo-web-1.png\",\"contentUrl\":\"https:\/\/italiamachines.com\/wp-content\/uploads\/2023\/08\/logo-web-1.png\",\"width\":977,\"height\":254,\"caption\":\"italiamachines\"},\"image\":{\"@id\":\"https:\/\/italiamachines.com\/#\/schema\/logo\/image\/\"},\"sameAs\":[\"https:\/\/web.facebook.com\/italiamachines\/\",\"https:\/\/www.instagram.com\/italia.machines\/\"]}]}<\/script>\n<!-- \/ Yoast SEO plugin. -->","yoast_head_json":{"title":"Diviseuse avec accessoires - par RAM | Italia Machines","robots":{"index":"index","follow":"follow","max-snippet":"max-snippet:-1","max-image-preview":"max-image-preview:large","max-video-preview":"max-video-preview:-1"},"canonical":"https:\/\/italiamachines.com\/fr_fr\/boutique\/boulangerie-et-patisserie\/boulangerie\/diviseuse-pour-boulangerie\/diviseuse-compacte\/diviseuse-avec-accessoires-par-ram\/","og_locale":"fr_FR","og_type":"article","og_title":"Diviseuse avec accessoires - par RAM | Italia Machines","og_description":"Structure en acier avec peinture cuite au four. Cuve en acier inoxydable AISI 304. Fonctionnement enti\u00e8rement hydraulique avec r\u00e9servoir \u00e0 grande capacit\u00e9 et double joint. Lames en acier inoxydable AISI 304 pour une pr\u00e9cision et une durabilit\u00e9 accrues. Mat\u00e9riau de moule de haute qualit\u00e9. Protection anti-corrosion en acier inoxydable. Tiroir \u00e0 miettes en acier inoxydable&hellip;","og_url":"https:\/\/italiamachines.com\/fr_fr\/boutique\/boulangerie-et-patisserie\/boulangerie\/diviseuse-pour-boulangerie\/diviseuse-compacte\/diviseuse-avec-accessoires-par-ram\/","og_site_name":"Italia Machines","article_publisher":"https:\/\/web.facebook.com\/italiamachines\/","article_modified_time":"2023-12-16T22:30:14+00:00","og_image":[{"width":400,"height":400,"url":"https:\/\/italiamachines.com\/wp-content\/uploads\/2023\/07\/DI_RAM-2.jpeg","type":"image\/jpeg"}],"twitter_card":"summary_large_image","twitter_misc":{"Dur\u00e9e de lecture estim\u00e9e":"1 minute"},"schema":{"@context":"https:\/\/schema.org","@graph":[{"@type":"WebPage","@id":"https:\/\/italiamachines.com\/boutique\/boulangerie-et-patisserie\/boulangerie\/diviseuse-pour-boulangerie\/diviseuse-compacte\/diviseuse-avec-accessoires-par-ram\/","url":"https:\/\/italiamachines.com\/boutique\/boulangerie-et-patisserie\/boulangerie\/diviseuse-pour-boulangerie\/diviseuse-compacte\/diviseuse-avec-accessoires-par-ram\/","name":"Diviseuse avec accessoires - par RAM | Italia Machines","isPartOf":{"@id":"https:\/\/italiamachines.com\/#website"},"primaryImageOfPage":{"@id":"https:\/\/italiamachines.com\/boutique\/boulangerie-et-patisserie\/boulangerie\/diviseuse-pour-boulangerie\/diviseuse-compacte\/diviseuse-avec-accessoires-par-ram\/#primaryimage"},"image":{"@id":"https:\/\/italiamachines.com\/boutique\/boulangerie-et-patisserie\/boulangerie\/diviseuse-pour-boulangerie\/diviseuse-compacte\/diviseuse-avec-accessoires-par-ram\/#primaryimage"},"thumbnailUrl":"https:\/\/italiamachines.com\/wp-content\/uploads\/2023\/07\/DI_RAM-2.jpeg","datePublished":"2023-07-30T03:07:51+00:00","dateModified":"2023-12-16T22:30:14+00:00","breadcrumb":{"@id":"https:\/\/italiamachines.com\/boutique\/boulangerie-et-patisserie\/boulangerie\/diviseuse-pour-boulangerie\/diviseuse-compacte\/diviseuse-avec-accessoires-par-ram\/#breadcrumb"},"inLanguage":"fr-FR","potentialAction":[{"@type":"ReadAction","target":["https:\/\/italiamachines.com\/boutique\/boulangerie-et-patisserie\/boulangerie\/diviseuse-pour-boulangerie\/diviseuse-compacte\/diviseuse-avec-accessoires-par-ram\/"]}]},{"@type":"ImageObject","inLanguage":"fr-FR","@id":"https:\/\/italiamachines.com\/boutique\/boulangerie-et-patisserie\/boulangerie\/diviseuse-pour-boulangerie\/diviseuse-compacte\/diviseuse-avec-accessoires-par-ram\/#primaryimage","url":"https:\/\/italiamachines.com\/wp-content\/uploads\/2023\/07\/DI_RAM-2.jpeg","contentUrl":"https:\/\/italiamachines.com\/wp-content\/uploads\/2023\/07\/DI_RAM-2.jpeg","width":400,"height":400},{"@type":"BreadcrumbList","@id":"https:\/\/italiamachines.com\/boutique\/boulangerie-et-patisserie\/boulangerie\/diviseuse-pour-boulangerie\/diviseuse-compacte\/diviseuse-avec-accessoires-par-ram\/#breadcrumb","itemListElement":[{"@type":"ListItem","position":1,"name":"Accueil","item":"https:\/\/italiamachines.com\/fr_fr\/"},{"@type":"ListItem","position":2,"name":"Boutique","item":"https:\/\/italiamachines.com\/boutique\/"},{"@type":"ListItem","position":3,"name":"Diviseuse avec accessoires &#8211; par RAM"}]},{"@type":"WebSite","@id":"https:\/\/italiamachines.com\/#website","url":"https:\/\/italiamachines.com\/","name":"Italia Machines","description":"L&#039;art de l&#039;\u00e9quipement HORECA","publisher":{"@id":"https:\/\/italiamachines.com\/#organization"},"potentialAction":[{"@type":"SearchAction","target":{"@type":"EntryPoint","urlTemplate":"https:\/\/italiamachines.com\/?s={search_term_string}"},"query-input":{"@type":"PropertyValueSpecification","valueRequired":true,"valueName":"search_term_string"}}],"inLanguage":"fr-FR"},{"@type":"Organization","@id":"https:\/\/italiamachines.com\/#organization","name":"italiamachines","url":"https:\/\/italiamachines.com\/","logo":{"@type":"ImageObject","inLanguage":"fr-FR","@id":"https:\/\/italiamachines.com\/#\/schema\/logo\/image\/","url":"https:\/\/italiamachines.com\/wp-content\/uploads\/2023\/08\/logo-web-1.png","contentUrl":"https:\/\/italiamachines.com\/wp-content\/uploads\/2023\/08\/logo-web-1.png","width":977,"height":254,"caption":"italiamachines"},"image":{"@id":"https:\/\/italiamachines.com\/#\/schema\/logo\/image\/"},"sameAs":["https:\/\/web.facebook.com\/italiamachines\/","https:\/\/www.instagram.com\/italia.machines\/"]}]}},"_links":{"self":[{"href":"https:\/\/italiamachines.com\/fr_fr\/wp-json\/wp\/v2\/product\/4471","targetHints":{"allow":["GET"]}}],"collection":[{"href":"https:\/\/italiamachines.com\/fr_fr\/wp-json\/wp\/v2\/product"}],"about":[{"href":"https:\/\/italiamachines.com\/fr_fr\/wp-json\/wp\/v2\/types\/product"}],"replies":[{"embeddable":true,"href":"https:\/\/italiamachines.com\/fr_fr\/wp-json\/wp\/v2\/comments?post=4471"}],"wp:featuredmedia":[{"embeddable":true,"href":"https:\/\/italiamachines.com\/fr_fr\/wp-json\/wp\/v2\/media\/9049"}],"wp:attachment":[{"href":"https:\/\/italiamachines.com\/fr_fr\/wp-json\/wp\/v2\/media?parent=4471"}],"wp:term":[{"taxonomy":"product_cat","embeddable":true,"href":"https:\/\/italiamachines.com\/fr_fr\/wp-json\/wp\/v2\/product_cat?post=4471"},{"taxonomy":"product_tag","embeddable":true,"href":"https:\/\/italiamachines.com\/fr_fr\/wp-json\/wp\/v2\/product_tag?post=4471"}],"curies":[{"name":"wp","href":"https:\/\/api.w.org\/{rel}","templated":true}]}}