{"id":4473,"date":"2023-07-30T03:07:59","date_gmt":"2023-07-30T03:07:59","guid":{"rendered":"https:\/\/prod.italiamachines.com\/product\/diviseuse-manuelle-vitella\/"},"modified":"2024-09-28T19:16:19","modified_gmt":"2024-09-28T17:16:19","slug":"diviseuse-manuelle-vitella","status":"publish","type":"product","link":"https:\/\/italiamachines.com\/fr_fr\/boutique\/boulangerie-et-patisserie\/boulangerie\/diviseuse-pour-boulangerie\/diviseuse-compacte\/diviseuse-manuelle-vitella\/","title":{"rendered":"Diviseuse manuelle par Vitella"},"content":{"rendered":"<p>Con\u00e7u pour d\u00e9couper la p\u00e2te crue en portions de poids et de forme identiques.<br \/>\nFonctionne \u00e0 l&rsquo;aide de m\u00e9canismes m\u00e9caniques et de leviers pour le pressage, la d\u00e9coupe et le nettoyage du couteau.<br \/>\nApproche manuelle et pratique pour diviser la p\u00e2te, permettant un portionnement pr\u00e9cis en fonction du poids et de la forme souhait\u00e9s.<br \/>\nCapacit\u00e9 de la cuve : 7-11Kg<br \/>\nCapacit\u00e9 horaire : 1200\/h<\/p>\n","protected":false},"excerpt":{"rendered":"<p>Con\u00e7u pour d\u00e9couper la p\u00e2te crue en portions de poids et de forme identiques. Fonctionne \u00e0 l&rsquo;aide de m\u00e9canismes m\u00e9caniques et de leviers pour le pressage, la d\u00e9coupe et le nettoyage du couteau. Approche manuelle et pratique pour diviser la p\u00e2te, permettant un portionnement pr\u00e9cis en fonction du poids et de la forme souhait\u00e9s. Capacit\u00e9&hellip;<\/p>\n","protected":false},"featured_media":4472,"comment_status":"open","ping_status":"closed","template":"","meta":[],"product_cat":[154,174,175],"product_tag":[],"class_list":{"0":"post-4473","1":"product","2":"type-product","3":"status-publish","4":"has-post-thumbnail","6":"product_cat-boulangerie","7":"product_cat-diviseuse-pour-boulangerie","8":"product_cat-diviseuse-compacte","10":"first","11":"instock","12":"shipping-taxable","13":"purchasable","14":"product-type-simple","15":"col-xs-6 col-sm-4","16":"col-md-3 col-lg-3","17":"un-4-cols"},"yoast_head":"<!-- This site is optimized with the Yoast SEO plugin v26.6 - https:\/\/yoast.com\/wordpress\/plugins\/seo\/ -->\n<title>Diviseuse manuelle par Vitella | Italia Machines<\/title>\n<meta name=\"robots\" content=\"index, follow, max-snippet:-1, max-image-preview:large, max-video-preview:-1\" \/>\n<link rel=\"canonical\" href=\"https:\/\/italiamachines.com\/fr_fr\/boutique\/boulangerie-et-patisserie\/boulangerie\/diviseuse-pour-boulangerie\/diviseuse-compacte\/diviseuse-manuelle-vitella\/\" \/>\n<meta property=\"og:locale\" content=\"fr_FR\" \/>\n<meta property=\"og:type\" content=\"article\" \/>\n<meta property=\"og:title\" content=\"Diviseuse manuelle par Vitella | Italia Machines\" \/>\n<meta property=\"og:description\" content=\"Con\u00e7u pour d\u00e9couper la p\u00e2te crue en portions de poids et de forme identiques. Fonctionne \u00e0 l&rsquo;aide de m\u00e9canismes m\u00e9caniques et de leviers pour le pressage, la d\u00e9coupe et le nettoyage du couteau. Approche manuelle et pratique pour diviser la p\u00e2te, permettant un portionnement pr\u00e9cis en fonction du poids et de la forme souhait\u00e9s. Capacit\u00e9&hellip;\" \/>\n<meta property=\"og:url\" content=\"https:\/\/italiamachines.com\/fr_fr\/boutique\/boulangerie-et-patisserie\/boulangerie\/diviseuse-pour-boulangerie\/diviseuse-compacte\/diviseuse-manuelle-vitella\/\" \/>\n<meta property=\"og:site_name\" content=\"Italia Machines\" \/>\n<meta property=\"article:publisher\" content=\"https:\/\/web.facebook.com\/italiamachines\/\" \/>\n<meta property=\"article:modified_time\" content=\"2024-09-28T17:16:19+00:00\" \/>\n<meta property=\"og:image\" content=\"https:\/\/italiamachines.com\/wp-content\/uploads\/2023\/07\/DIVI_VIT_MAN.png\" \/>\n\t<meta property=\"og:image:width\" content=\"1000\" \/>\n\t<meta property=\"og:image:height\" content=\"1000\" \/>\n\t<meta property=\"og:image:type\" content=\"image\/png\" \/>\n<meta name=\"twitter:card\" content=\"summary_large_image\" \/>\n<meta name=\"twitter:label1\" content=\"Dur\u00e9e de lecture estim\u00e9e\" \/>\n\t<meta name=\"twitter:data1\" content=\"1 minute\" \/>\n<script type=\"application\/ld+json\" class=\"yoast-schema-graph\">{\"@context\":\"https:\/\/schema.org\",\"@graph\":[{\"@type\":\"WebPage\",\"@id\":\"https:\/\/italiamachines.com\/boutique\/boulangerie-et-patisserie\/boulangerie\/diviseuse-pour-boulangerie\/diviseuse-compacte\/diviseuse-manuelle-vitella\/\",\"url\":\"https:\/\/italiamachines.com\/boutique\/boulangerie-et-patisserie\/boulangerie\/diviseuse-pour-boulangerie\/diviseuse-compacte\/diviseuse-manuelle-vitella\/\",\"name\":\"Diviseuse manuelle par Vitella | Italia Machines\",\"isPartOf\":{\"@id\":\"https:\/\/italiamachines.com\/#website\"},\"primaryImageOfPage\":{\"@id\":\"https:\/\/italiamachines.com\/boutique\/boulangerie-et-patisserie\/boulangerie\/diviseuse-pour-boulangerie\/diviseuse-compacte\/diviseuse-manuelle-vitella\/#primaryimage\"},\"image\":{\"@id\":\"https:\/\/italiamachines.com\/boutique\/boulangerie-et-patisserie\/boulangerie\/diviseuse-pour-boulangerie\/diviseuse-compacte\/diviseuse-manuelle-vitella\/#primaryimage\"},\"thumbnailUrl\":\"https:\/\/italiamachines.com\/wp-content\/uploads\/2023\/07\/DIVI_VIT_MAN.png\",\"datePublished\":\"2023-07-30T03:07:59+00:00\",\"dateModified\":\"2024-09-28T17:16:19+00:00\",\"breadcrumb\":{\"@id\":\"https:\/\/italiamachines.com\/boutique\/boulangerie-et-patisserie\/boulangerie\/diviseuse-pour-boulangerie\/diviseuse-compacte\/diviseuse-manuelle-vitella\/#breadcrumb\"},\"inLanguage\":\"fr-FR\",\"potentialAction\":[{\"@type\":\"ReadAction\",\"target\":[\"https:\/\/italiamachines.com\/boutique\/boulangerie-et-patisserie\/boulangerie\/diviseuse-pour-boulangerie\/diviseuse-compacte\/diviseuse-manuelle-vitella\/\"]}]},{\"@type\":\"ImageObject\",\"inLanguage\":\"fr-FR\",\"@id\":\"https:\/\/italiamachines.com\/boutique\/boulangerie-et-patisserie\/boulangerie\/diviseuse-pour-boulangerie\/diviseuse-compacte\/diviseuse-manuelle-vitella\/#primaryimage\",\"url\":\"https:\/\/italiamachines.com\/wp-content\/uploads\/2023\/07\/DIVI_VIT_MAN.png\",\"contentUrl\":\"https:\/\/italiamachines.com\/wp-content\/uploads\/2023\/07\/DIVI_VIT_MAN.png\",\"width\":1000,\"height\":1000},{\"@type\":\"BreadcrumbList\",\"@id\":\"https:\/\/italiamachines.com\/boutique\/boulangerie-et-patisserie\/boulangerie\/diviseuse-pour-boulangerie\/diviseuse-compacte\/diviseuse-manuelle-vitella\/#breadcrumb\",\"itemListElement\":[{\"@type\":\"ListItem\",\"position\":1,\"name\":\"Accueil\",\"item\":\"https:\/\/italiamachines.com\/fr_fr\/\"},{\"@type\":\"ListItem\",\"position\":2,\"name\":\"Boutique\",\"item\":\"https:\/\/italiamachines.com\/boutique\/\"},{\"@type\":\"ListItem\",\"position\":3,\"name\":\"Diviseuse manuelle par Vitella\"}]},{\"@type\":\"WebSite\",\"@id\":\"https:\/\/italiamachines.com\/#website\",\"url\":\"https:\/\/italiamachines.com\/\",\"name\":\"Italia Machines\",\"description\":\"L&#039;art de l&#039;\u00e9quipement HORECA\",\"publisher\":{\"@id\":\"https:\/\/italiamachines.com\/#organization\"},\"potentialAction\":[{\"@type\":\"SearchAction\",\"target\":{\"@type\":\"EntryPoint\",\"urlTemplate\":\"https:\/\/italiamachines.com\/?s={search_term_string}\"},\"query-input\":{\"@type\":\"PropertyValueSpecification\",\"valueRequired\":true,\"valueName\":\"search_term_string\"}}],\"inLanguage\":\"fr-FR\"},{\"@type\":\"Organization\",\"@id\":\"https:\/\/italiamachines.com\/#organization\",\"name\":\"italiamachines\",\"url\":\"https:\/\/italiamachines.com\/\",\"logo\":{\"@type\":\"ImageObject\",\"inLanguage\":\"fr-FR\",\"@id\":\"https:\/\/italiamachines.com\/#\/schema\/logo\/image\/\",\"url\":\"https:\/\/italiamachines.com\/wp-content\/uploads\/2023\/08\/logo-web-1.png\",\"contentUrl\":\"https:\/\/italiamachines.com\/wp-content\/uploads\/2023\/08\/logo-web-1.png\",\"width\":977,\"height\":254,\"caption\":\"italiamachines\"},\"image\":{\"@id\":\"https:\/\/italiamachines.com\/#\/schema\/logo\/image\/\"},\"sameAs\":[\"https:\/\/web.facebook.com\/italiamachines\/\",\"https:\/\/www.instagram.com\/italia.machines\/\"]}]}<\/script>\n<!-- \/ Yoast SEO plugin. -->","yoast_head_json":{"title":"Diviseuse manuelle par Vitella | Italia Machines","robots":{"index":"index","follow":"follow","max-snippet":"max-snippet:-1","max-image-preview":"max-image-preview:large","max-video-preview":"max-video-preview:-1"},"canonical":"https:\/\/italiamachines.com\/fr_fr\/boutique\/boulangerie-et-patisserie\/boulangerie\/diviseuse-pour-boulangerie\/diviseuse-compacte\/diviseuse-manuelle-vitella\/","og_locale":"fr_FR","og_type":"article","og_title":"Diviseuse manuelle par Vitella | Italia Machines","og_description":"Con\u00e7u pour d\u00e9couper la p\u00e2te crue en portions de poids et de forme identiques. Fonctionne \u00e0 l&rsquo;aide de m\u00e9canismes m\u00e9caniques et de leviers pour le pressage, la d\u00e9coupe et le nettoyage du couteau. Approche manuelle et pratique pour diviser la p\u00e2te, permettant un portionnement pr\u00e9cis en fonction du poids et de la forme souhait\u00e9s. Capacit\u00e9&hellip;","og_url":"https:\/\/italiamachines.com\/fr_fr\/boutique\/boulangerie-et-patisserie\/boulangerie\/diviseuse-pour-boulangerie\/diviseuse-compacte\/diviseuse-manuelle-vitella\/","og_site_name":"Italia Machines","article_publisher":"https:\/\/web.facebook.com\/italiamachines\/","article_modified_time":"2024-09-28T17:16:19+00:00","og_image":[{"width":1000,"height":1000,"url":"https:\/\/italiamachines.com\/wp-content\/uploads\/2023\/07\/DIVI_VIT_MAN.png","type":"image\/png"}],"twitter_card":"summary_large_image","twitter_misc":{"Dur\u00e9e de lecture estim\u00e9e":"1 minute"},"schema":{"@context":"https:\/\/schema.org","@graph":[{"@type":"WebPage","@id":"https:\/\/italiamachines.com\/boutique\/boulangerie-et-patisserie\/boulangerie\/diviseuse-pour-boulangerie\/diviseuse-compacte\/diviseuse-manuelle-vitella\/","url":"https:\/\/italiamachines.com\/boutique\/boulangerie-et-patisserie\/boulangerie\/diviseuse-pour-boulangerie\/diviseuse-compacte\/diviseuse-manuelle-vitella\/","name":"Diviseuse manuelle par Vitella | Italia Machines","isPartOf":{"@id":"https:\/\/italiamachines.com\/#website"},"primaryImageOfPage":{"@id":"https:\/\/italiamachines.com\/boutique\/boulangerie-et-patisserie\/boulangerie\/diviseuse-pour-boulangerie\/diviseuse-compacte\/diviseuse-manuelle-vitella\/#primaryimage"},"image":{"@id":"https:\/\/italiamachines.com\/boutique\/boulangerie-et-patisserie\/boulangerie\/diviseuse-pour-boulangerie\/diviseuse-compacte\/diviseuse-manuelle-vitella\/#primaryimage"},"thumbnailUrl":"https:\/\/italiamachines.com\/wp-content\/uploads\/2023\/07\/DIVI_VIT_MAN.png","datePublished":"2023-07-30T03:07:59+00:00","dateModified":"2024-09-28T17:16:19+00:00","breadcrumb":{"@id":"https:\/\/italiamachines.com\/boutique\/boulangerie-et-patisserie\/boulangerie\/diviseuse-pour-boulangerie\/diviseuse-compacte\/diviseuse-manuelle-vitella\/#breadcrumb"},"inLanguage":"fr-FR","potentialAction":[{"@type":"ReadAction","target":["https:\/\/italiamachines.com\/boutique\/boulangerie-et-patisserie\/boulangerie\/diviseuse-pour-boulangerie\/diviseuse-compacte\/diviseuse-manuelle-vitella\/"]}]},{"@type":"ImageObject","inLanguage":"fr-FR","@id":"https:\/\/italiamachines.com\/boutique\/boulangerie-et-patisserie\/boulangerie\/diviseuse-pour-boulangerie\/diviseuse-compacte\/diviseuse-manuelle-vitella\/#primaryimage","url":"https:\/\/italiamachines.com\/wp-content\/uploads\/2023\/07\/DIVI_VIT_MAN.png","contentUrl":"https:\/\/italiamachines.com\/wp-content\/uploads\/2023\/07\/DIVI_VIT_MAN.png","width":1000,"height":1000},{"@type":"BreadcrumbList","@id":"https:\/\/italiamachines.com\/boutique\/boulangerie-et-patisserie\/boulangerie\/diviseuse-pour-boulangerie\/diviseuse-compacte\/diviseuse-manuelle-vitella\/#breadcrumb","itemListElement":[{"@type":"ListItem","position":1,"name":"Accueil","item":"https:\/\/italiamachines.com\/fr_fr\/"},{"@type":"ListItem","position":2,"name":"Boutique","item":"https:\/\/italiamachines.com\/boutique\/"},{"@type":"ListItem","position":3,"name":"Diviseuse manuelle par Vitella"}]},{"@type":"WebSite","@id":"https:\/\/italiamachines.com\/#website","url":"https:\/\/italiamachines.com\/","name":"Italia Machines","description":"L&#039;art de l&#039;\u00e9quipement HORECA","publisher":{"@id":"https:\/\/italiamachines.com\/#organization"},"potentialAction":[{"@type":"SearchAction","target":{"@type":"EntryPoint","urlTemplate":"https:\/\/italiamachines.com\/?s={search_term_string}"},"query-input":{"@type":"PropertyValueSpecification","valueRequired":true,"valueName":"search_term_string"}}],"inLanguage":"fr-FR"},{"@type":"Organization","@id":"https:\/\/italiamachines.com\/#organization","name":"italiamachines","url":"https:\/\/italiamachines.com\/","logo":{"@type":"ImageObject","inLanguage":"fr-FR","@id":"https:\/\/italiamachines.com\/#\/schema\/logo\/image\/","url":"https:\/\/italiamachines.com\/wp-content\/uploads\/2023\/08\/logo-web-1.png","contentUrl":"https:\/\/italiamachines.com\/wp-content\/uploads\/2023\/08\/logo-web-1.png","width":977,"height":254,"caption":"italiamachines"},"image":{"@id":"https:\/\/italiamachines.com\/#\/schema\/logo\/image\/"},"sameAs":["https:\/\/web.facebook.com\/italiamachines\/","https:\/\/www.instagram.com\/italia.machines\/"]}]}},"_links":{"self":[{"href":"https:\/\/italiamachines.com\/fr_fr\/wp-json\/wp\/v2\/product\/4473","targetHints":{"allow":["GET"]}}],"collection":[{"href":"https:\/\/italiamachines.com\/fr_fr\/wp-json\/wp\/v2\/product"}],"about":[{"href":"https:\/\/italiamachines.com\/fr_fr\/wp-json\/wp\/v2\/types\/product"}],"replies":[{"embeddable":true,"href":"https:\/\/italiamachines.com\/fr_fr\/wp-json\/wp\/v2\/comments?post=4473"}],"wp:featuredmedia":[{"embeddable":true,"href":"https:\/\/italiamachines.com\/fr_fr\/wp-json\/wp\/v2\/media\/4472"}],"wp:attachment":[{"href":"https:\/\/italiamachines.com\/fr_fr\/wp-json\/wp\/v2\/media?parent=4473"}],"wp:term":[{"taxonomy":"product_cat","embeddable":true,"href":"https:\/\/italiamachines.com\/fr_fr\/wp-json\/wp\/v2\/product_cat?post=4473"},{"taxonomy":"product_tag","embeddable":true,"href":"https:\/\/italiamachines.com\/fr_fr\/wp-json\/wp\/v2\/product_tag?post=4473"}],"curies":[{"name":"wp","href":"https:\/\/api.w.org\/{rel}","templated":true}]}}