{"id":4490,"date":"2023-07-30T03:09:35","date_gmt":"2023-07-30T03:09:35","guid":{"rendered":"https:\/\/prod.italiamachines.com\/product\/hachoir-32-empero-22v-dimensions-800x360x410-mm\/"},"modified":"2024-09-28T22:04:37","modified_gmt":"2024-09-28T20:04:37","slug":"hachoir-32-empero-22v-dimensions-800x360x410-mm","status":"publish","type":"product","link":"https:\/\/italiamachines.com\/fr_fr\/boutique\/boucherie\/hachoir-a-viandes\/hachoir-32-empero-22v-dimensions-800x360x410-mm\/","title":{"rendered":"Hachoir 32 Empero 22V &#8211; Dimensions: 80x36x41 cm"},"content":{"rendered":"<p>-EM.01<br \/>\nPuissance du moteur: 2.2 kW &#8211; 220 V\/380 V.<br \/>\nVitesse : 1400 tr\/min.<br \/>\nFacile \u00e0 d\u00e9monter et \u00e0 nettoyer gr\u00e2ce \u00e0 son r\u00e9servoir de la viande.<br \/>\nLe protecteur de main permet un fonctionnement en toute s\u00e9curit\u00e9.<br \/>\nCorps en acier inoxydable.<br \/>\n-EM.09 &#8211; EM.10<br \/>\nPuissance du moteur: 1.5 kW &#8211; 220 V\/380 V.<br \/>\nVitesse : 1400 tr\/min.<br \/>\nFacile \u00e0 d\u00e9monter et \u00e0 nettoyer gr\u00e2ce \u00e0 son r\u00e9servoir de la viande.<br \/>\nLe protecteur de main permet un fonctionnement en toute s\u00e9curit\u00e9.<\/p>\n","protected":false},"excerpt":{"rendered":"<p>-EM.01 Puissance du moteur: 2.2 kW &#8211; 220 V\/380 V. Vitesse : 1400 tr\/min. Facile \u00e0 d\u00e9monter et \u00e0 nettoyer gr\u00e2ce \u00e0 son r\u00e9servoir de la viande. Le protecteur de main permet un fonctionnement en toute s\u00e9curit\u00e9. Corps en acier inoxydable. -EM.09 &#8211; EM.10 Puissance du moteur: 1.5 kW &#8211; 220 V\/380 V. Vitesse :&hellip;<\/p>\n","protected":false},"featured_media":6548,"comment_status":"closed","ping_status":"closed","template":"","meta":[],"product_cat":[63,81],"product_tag":[],"class_list":{"0":"post-4490","1":"product","2":"type-product","3":"status-publish","4":"has-post-thumbnail","6":"product_cat-boucherie","7":"product_cat-hachoir-a-viandes","9":"first","10":"instock","11":"shipping-taxable","12":"purchasable","13":"product-type-simple","14":"col-xs-6 col-sm-4","15":"col-md-3 col-lg-3","16":"un-4-cols"},"yoast_head":"<!-- This site is optimized with the Yoast SEO plugin v26.6 - https:\/\/yoast.com\/wordpress\/plugins\/seo\/ -->\n<title>Hachoir 32 Empero 22V - Dimensions: 80x36x41 cm | Italia Machines<\/title>\n<meta name=\"robots\" content=\"index, follow, max-snippet:-1, max-image-preview:large, max-video-preview:-1\" \/>\n<link rel=\"canonical\" href=\"https:\/\/italiamachines.com\/fr_fr\/boutique\/boucherie\/hachoir-a-viandes\/hachoir-32-empero-22v-dimensions-800x360x410-mm\/\" \/>\n<meta property=\"og:locale\" content=\"fr_FR\" \/>\n<meta property=\"og:type\" content=\"article\" \/>\n<meta property=\"og:title\" content=\"Hachoir 32 Empero 22V - Dimensions: 80x36x41 cm | Italia Machines\" \/>\n<meta property=\"og:description\" content=\"-EM.01 Puissance du moteur: 2.2 kW &#8211; 220 V\/380 V. Vitesse : 1400 tr\/min. Facile \u00e0 d\u00e9monter et \u00e0 nettoyer gr\u00e2ce \u00e0 son r\u00e9servoir de la viande. Le protecteur de main permet un fonctionnement en toute s\u00e9curit\u00e9. Corps en acier inoxydable. -EM.09 &#8211; EM.10 Puissance du moteur: 1.5 kW &#8211; 220 V\/380 V. Vitesse :&hellip;\" \/>\n<meta property=\"og:url\" content=\"https:\/\/italiamachines.com\/fr_fr\/boutique\/boucherie\/hachoir-a-viandes\/hachoir-32-empero-22v-dimensions-800x360x410-mm\/\" \/>\n<meta property=\"og:site_name\" content=\"Italia Machines\" \/>\n<meta property=\"article:publisher\" content=\"https:\/\/web.facebook.com\/italiamachines\/\" \/>\n<meta property=\"article:modified_time\" content=\"2024-09-28T20:04:37+00:00\" \/>\n<meta property=\"og:image\" content=\"https:\/\/italiamachines.com\/wp-content\/uploads\/2023\/07\/782B982B-7856-4BC2-B373-C6ED9657A303_1_201_a.jpeg\" \/>\n\t<meta property=\"og:image:width\" content=\"567\" \/>\n\t<meta property=\"og:image:height\" content=\"572\" \/>\n\t<meta property=\"og:image:type\" content=\"image\/jpeg\" \/>\n<meta name=\"twitter:card\" content=\"summary_large_image\" \/>\n<meta name=\"twitter:label1\" content=\"Dur\u00e9e de lecture estim\u00e9e\" \/>\n\t<meta name=\"twitter:data1\" content=\"1 minute\" \/>\n<script type=\"application\/ld+json\" class=\"yoast-schema-graph\">{\"@context\":\"https:\/\/schema.org\",\"@graph\":[{\"@type\":\"WebPage\",\"@id\":\"https:\/\/italiamachines.com\/boutique\/boucherie\/hachoir-a-viandes\/hachoir-32-empero-22v-dimensions-800x360x410-mm\/\",\"url\":\"https:\/\/italiamachines.com\/boutique\/boucherie\/hachoir-a-viandes\/hachoir-32-empero-22v-dimensions-800x360x410-mm\/\",\"name\":\"Hachoir 32 Empero 22V - Dimensions: 80x36x41 cm | Italia Machines\",\"isPartOf\":{\"@id\":\"https:\/\/italiamachines.com\/#website\"},\"primaryImageOfPage\":{\"@id\":\"https:\/\/italiamachines.com\/boutique\/boucherie\/hachoir-a-viandes\/hachoir-32-empero-22v-dimensions-800x360x410-mm\/#primaryimage\"},\"image\":{\"@id\":\"https:\/\/italiamachines.com\/boutique\/boucherie\/hachoir-a-viandes\/hachoir-32-empero-22v-dimensions-800x360x410-mm\/#primaryimage\"},\"thumbnailUrl\":\"https:\/\/italiamachines.com\/wp-content\/uploads\/2023\/07\/782B982B-7856-4BC2-B373-C6ED9657A303_1_201_a.jpeg\",\"datePublished\":\"2023-07-30T03:09:35+00:00\",\"dateModified\":\"2024-09-28T20:04:37+00:00\",\"breadcrumb\":{\"@id\":\"https:\/\/italiamachines.com\/boutique\/boucherie\/hachoir-a-viandes\/hachoir-32-empero-22v-dimensions-800x360x410-mm\/#breadcrumb\"},\"inLanguage\":\"fr-FR\",\"potentialAction\":[{\"@type\":\"ReadAction\",\"target\":[\"https:\/\/italiamachines.com\/boutique\/boucherie\/hachoir-a-viandes\/hachoir-32-empero-22v-dimensions-800x360x410-mm\/\"]}]},{\"@type\":\"ImageObject\",\"inLanguage\":\"fr-FR\",\"@id\":\"https:\/\/italiamachines.com\/boutique\/boucherie\/hachoir-a-viandes\/hachoir-32-empero-22v-dimensions-800x360x410-mm\/#primaryimage\",\"url\":\"https:\/\/italiamachines.com\/wp-content\/uploads\/2023\/07\/782B982B-7856-4BC2-B373-C6ED9657A303_1_201_a.jpeg\",\"contentUrl\":\"https:\/\/italiamachines.com\/wp-content\/uploads\/2023\/07\/782B982B-7856-4BC2-B373-C6ED9657A303_1_201_a.jpeg\",\"width\":567,\"height\":572},{\"@type\":\"BreadcrumbList\",\"@id\":\"https:\/\/italiamachines.com\/boutique\/boucherie\/hachoir-a-viandes\/hachoir-32-empero-22v-dimensions-800x360x410-mm\/#breadcrumb\",\"itemListElement\":[{\"@type\":\"ListItem\",\"position\":1,\"name\":\"Accueil\",\"item\":\"https:\/\/italiamachines.com\/fr_fr\/\"},{\"@type\":\"ListItem\",\"position\":2,\"name\":\"Boutique\",\"item\":\"https:\/\/italiamachines.com\/boutique\/\"},{\"@type\":\"ListItem\",\"position\":3,\"name\":\"Hachoir 32 Empero 22V &#8211; Dimensions: 80x36x41 cm\"}]},{\"@type\":\"WebSite\",\"@id\":\"https:\/\/italiamachines.com\/#website\",\"url\":\"https:\/\/italiamachines.com\/\",\"name\":\"Italia Machines\",\"description\":\"L&#039;art de l&#039;\u00e9quipement HORECA\",\"publisher\":{\"@id\":\"https:\/\/italiamachines.com\/#organization\"},\"potentialAction\":[{\"@type\":\"SearchAction\",\"target\":{\"@type\":\"EntryPoint\",\"urlTemplate\":\"https:\/\/italiamachines.com\/?s={search_term_string}\"},\"query-input\":{\"@type\":\"PropertyValueSpecification\",\"valueRequired\":true,\"valueName\":\"search_term_string\"}}],\"inLanguage\":\"fr-FR\"},{\"@type\":\"Organization\",\"@id\":\"https:\/\/italiamachines.com\/#organization\",\"name\":\"italiamachines\",\"url\":\"https:\/\/italiamachines.com\/\",\"logo\":{\"@type\":\"ImageObject\",\"inLanguage\":\"fr-FR\",\"@id\":\"https:\/\/italiamachines.com\/#\/schema\/logo\/image\/\",\"url\":\"https:\/\/italiamachines.com\/wp-content\/uploads\/2023\/08\/logo-web-1.png\",\"contentUrl\":\"https:\/\/italiamachines.com\/wp-content\/uploads\/2023\/08\/logo-web-1.png\",\"width\":977,\"height\":254,\"caption\":\"italiamachines\"},\"image\":{\"@id\":\"https:\/\/italiamachines.com\/#\/schema\/logo\/image\/\"},\"sameAs\":[\"https:\/\/web.facebook.com\/italiamachines\/\",\"https:\/\/www.instagram.com\/italia.machines\/\"]}]}<\/script>\n<!-- \/ Yoast SEO plugin. -->","yoast_head_json":{"title":"Hachoir 32 Empero 22V - Dimensions: 80x36x41 cm | Italia Machines","robots":{"index":"index","follow":"follow","max-snippet":"max-snippet:-1","max-image-preview":"max-image-preview:large","max-video-preview":"max-video-preview:-1"},"canonical":"https:\/\/italiamachines.com\/fr_fr\/boutique\/boucherie\/hachoir-a-viandes\/hachoir-32-empero-22v-dimensions-800x360x410-mm\/","og_locale":"fr_FR","og_type":"article","og_title":"Hachoir 32 Empero 22V - Dimensions: 80x36x41 cm | Italia Machines","og_description":"-EM.01 Puissance du moteur: 2.2 kW &#8211; 220 V\/380 V. Vitesse : 1400 tr\/min. Facile \u00e0 d\u00e9monter et \u00e0 nettoyer gr\u00e2ce \u00e0 son r\u00e9servoir de la viande. Le protecteur de main permet un fonctionnement en toute s\u00e9curit\u00e9. Corps en acier inoxydable. -EM.09 &#8211; EM.10 Puissance du moteur: 1.5 kW &#8211; 220 V\/380 V. Vitesse :&hellip;","og_url":"https:\/\/italiamachines.com\/fr_fr\/boutique\/boucherie\/hachoir-a-viandes\/hachoir-32-empero-22v-dimensions-800x360x410-mm\/","og_site_name":"Italia Machines","article_publisher":"https:\/\/web.facebook.com\/italiamachines\/","article_modified_time":"2024-09-28T20:04:37+00:00","og_image":[{"width":567,"height":572,"url":"https:\/\/italiamachines.com\/wp-content\/uploads\/2023\/07\/782B982B-7856-4BC2-B373-C6ED9657A303_1_201_a.jpeg","type":"image\/jpeg"}],"twitter_card":"summary_large_image","twitter_misc":{"Dur\u00e9e de lecture estim\u00e9e":"1 minute"},"schema":{"@context":"https:\/\/schema.org","@graph":[{"@type":"WebPage","@id":"https:\/\/italiamachines.com\/boutique\/boucherie\/hachoir-a-viandes\/hachoir-32-empero-22v-dimensions-800x360x410-mm\/","url":"https:\/\/italiamachines.com\/boutique\/boucherie\/hachoir-a-viandes\/hachoir-32-empero-22v-dimensions-800x360x410-mm\/","name":"Hachoir 32 Empero 22V - Dimensions: 80x36x41 cm | Italia Machines","isPartOf":{"@id":"https:\/\/italiamachines.com\/#website"},"primaryImageOfPage":{"@id":"https:\/\/italiamachines.com\/boutique\/boucherie\/hachoir-a-viandes\/hachoir-32-empero-22v-dimensions-800x360x410-mm\/#primaryimage"},"image":{"@id":"https:\/\/italiamachines.com\/boutique\/boucherie\/hachoir-a-viandes\/hachoir-32-empero-22v-dimensions-800x360x410-mm\/#primaryimage"},"thumbnailUrl":"https:\/\/italiamachines.com\/wp-content\/uploads\/2023\/07\/782B982B-7856-4BC2-B373-C6ED9657A303_1_201_a.jpeg","datePublished":"2023-07-30T03:09:35+00:00","dateModified":"2024-09-28T20:04:37+00:00","breadcrumb":{"@id":"https:\/\/italiamachines.com\/boutique\/boucherie\/hachoir-a-viandes\/hachoir-32-empero-22v-dimensions-800x360x410-mm\/#breadcrumb"},"inLanguage":"fr-FR","potentialAction":[{"@type":"ReadAction","target":["https:\/\/italiamachines.com\/boutique\/boucherie\/hachoir-a-viandes\/hachoir-32-empero-22v-dimensions-800x360x410-mm\/"]}]},{"@type":"ImageObject","inLanguage":"fr-FR","@id":"https:\/\/italiamachines.com\/boutique\/boucherie\/hachoir-a-viandes\/hachoir-32-empero-22v-dimensions-800x360x410-mm\/#primaryimage","url":"https:\/\/italiamachines.com\/wp-content\/uploads\/2023\/07\/782B982B-7856-4BC2-B373-C6ED9657A303_1_201_a.jpeg","contentUrl":"https:\/\/italiamachines.com\/wp-content\/uploads\/2023\/07\/782B982B-7856-4BC2-B373-C6ED9657A303_1_201_a.jpeg","width":567,"height":572},{"@type":"BreadcrumbList","@id":"https:\/\/italiamachines.com\/boutique\/boucherie\/hachoir-a-viandes\/hachoir-32-empero-22v-dimensions-800x360x410-mm\/#breadcrumb","itemListElement":[{"@type":"ListItem","position":1,"name":"Accueil","item":"https:\/\/italiamachines.com\/fr_fr\/"},{"@type":"ListItem","position":2,"name":"Boutique","item":"https:\/\/italiamachines.com\/boutique\/"},{"@type":"ListItem","position":3,"name":"Hachoir 32 Empero 22V &#8211; Dimensions: 80x36x41 cm"}]},{"@type":"WebSite","@id":"https:\/\/italiamachines.com\/#website","url":"https:\/\/italiamachines.com\/","name":"Italia Machines","description":"L&#039;art de l&#039;\u00e9quipement HORECA","publisher":{"@id":"https:\/\/italiamachines.com\/#organization"},"potentialAction":[{"@type":"SearchAction","target":{"@type":"EntryPoint","urlTemplate":"https:\/\/italiamachines.com\/?s={search_term_string}"},"query-input":{"@type":"PropertyValueSpecification","valueRequired":true,"valueName":"search_term_string"}}],"inLanguage":"fr-FR"},{"@type":"Organization","@id":"https:\/\/italiamachines.com\/#organization","name":"italiamachines","url":"https:\/\/italiamachines.com\/","logo":{"@type":"ImageObject","inLanguage":"fr-FR","@id":"https:\/\/italiamachines.com\/#\/schema\/logo\/image\/","url":"https:\/\/italiamachines.com\/wp-content\/uploads\/2023\/08\/logo-web-1.png","contentUrl":"https:\/\/italiamachines.com\/wp-content\/uploads\/2023\/08\/logo-web-1.png","width":977,"height":254,"caption":"italiamachines"},"image":{"@id":"https:\/\/italiamachines.com\/#\/schema\/logo\/image\/"},"sameAs":["https:\/\/web.facebook.com\/italiamachines\/","https:\/\/www.instagram.com\/italia.machines\/"]}]}},"_links":{"self":[{"href":"https:\/\/italiamachines.com\/fr_fr\/wp-json\/wp\/v2\/product\/4490","targetHints":{"allow":["GET"]}}],"collection":[{"href":"https:\/\/italiamachines.com\/fr_fr\/wp-json\/wp\/v2\/product"}],"about":[{"href":"https:\/\/italiamachines.com\/fr_fr\/wp-json\/wp\/v2\/types\/product"}],"replies":[{"embeddable":true,"href":"https:\/\/italiamachines.com\/fr_fr\/wp-json\/wp\/v2\/comments?post=4490"}],"wp:featuredmedia":[{"embeddable":true,"href":"https:\/\/italiamachines.com\/fr_fr\/wp-json\/wp\/v2\/media\/6548"}],"wp:attachment":[{"href":"https:\/\/italiamachines.com\/fr_fr\/wp-json\/wp\/v2\/media?parent=4490"}],"wp:term":[{"taxonomy":"product_cat","embeddable":true,"href":"https:\/\/italiamachines.com\/fr_fr\/wp-json\/wp\/v2\/product_cat?post=4490"},{"taxonomy":"product_tag","embeddable":true,"href":"https:\/\/italiamachines.com\/fr_fr\/wp-json\/wp\/v2\/product_tag?post=4490"}],"curies":[{"name":"wp","href":"https:\/\/api.w.org\/{rel}","templated":true}]}}