{"id":4519,"date":"2023-07-30T03:11:49","date_gmt":"2023-07-30T03:11:49","guid":{"rendered":"https:\/\/prod.italiamachines.com\/product\/hotte-dextraction-empddvlk2094-empero-en-inox-dimensions-2000x900x400\/"},"modified":"2024-09-28T22:09:39","modified_gmt":"2024-09-28T20:09:39","slug":"hotte-dextraction-empddvlk2094-empero-en-inox","status":"publish","type":"product","link":"https:\/\/italiamachines.com\/fr_fr\/boutique\/restaurant-snack-et-pizzeria\/hotte\/hotte-murale\/hotte-dextraction-empddvlk2094-empero-en-inox\/","title":{"rendered":"Hotte d&rsquo;extraction murale par Empero en inox disponible en plusieurs dimensions"},"content":{"rendered":"<p>Hauteur 400 mm<br \/>\nLes hottes compl\u00e8tes sont fabriqu\u00e9es en acier inoxydable AISI 441 avec une partie sup\u00e9rieure et arri\u00e8re en acier galvanis\u00e9<br \/>\nLes filtres en acier inoxydable de type labyrinthe, les entretoises, la turbine d&rsquo;extraction, le variateur et l&rsquo;\u00e9clairage sont inclus et mont\u00e9s.<\/p>\n","protected":false},"excerpt":{"rendered":"<p>Hauteur 400 mm Les hottes compl\u00e8tes sont fabriqu\u00e9es en acier inoxydable AISI 441 avec une partie sup\u00e9rieure et arri\u00e8re en acier galvanis\u00e9 Les filtres en acier inoxydable de type labyrinthe, les entretoises, la turbine d&rsquo;extraction, le variateur et l&rsquo;\u00e9clairage sont inclus et mont\u00e9s.<\/p>\n","protected":false},"featured_media":4516,"comment_status":"open","ping_status":"closed","template":"","meta":[],"product_cat":[203,205,112],"product_tag":[],"class_list":{"0":"post-4519","1":"product","2":"type-product","3":"status-publish","4":"has-post-thumbnail","6":"product_cat-hotte","7":"product_cat-hotte-murale","8":"product_cat-restaurant-snack-et-pizzeria","10":"first","11":"instock","12":"shipping-taxable","13":"purchasable","14":"product-type-variable","15":"col-xs-6 col-sm-4","16":"col-md-3 col-lg-3","17":"un-4-cols"},"yoast_head":"<!-- This site is optimized with the Yoast SEO plugin v26.6 - https:\/\/yoast.com\/wordpress\/plugins\/seo\/ -->\n<title>Hotte d&#039;extraction murale par Empero en inox disponible en plusieurs dimensions | Italia Machines<\/title>\n<meta name=\"robots\" content=\"index, follow, max-snippet:-1, max-image-preview:large, max-video-preview:-1\" \/>\n<link rel=\"canonical\" href=\"https:\/\/italiamachines.com\/fr_fr\/boutique\/restaurant-snack-et-pizzeria\/hotte\/hotte-murale\/hotte-dextraction-empddvlk2094-empero-en-inox\/\" \/>\n<meta property=\"og:locale\" content=\"fr_FR\" \/>\n<meta property=\"og:type\" content=\"article\" \/>\n<meta property=\"og:title\" content=\"Hotte d&#039;extraction murale par Empero en inox disponible en plusieurs dimensions | Italia Machines\" \/>\n<meta property=\"og:description\" content=\"Hauteur 400 mm Les hottes compl\u00e8tes sont fabriqu\u00e9es en acier inoxydable AISI 441 avec une partie sup\u00e9rieure et arri\u00e8re en acier galvanis\u00e9 Les filtres en acier inoxydable de type labyrinthe, les entretoises, la turbine d&rsquo;extraction, le variateur et l&rsquo;\u00e9clairage sont inclus et mont\u00e9s.\" \/>\n<meta property=\"og:url\" content=\"https:\/\/italiamachines.com\/fr_fr\/boutique\/restaurant-snack-et-pizzeria\/hotte\/hotte-murale\/hotte-dextraction-empddvlk2094-empero-en-inox\/\" \/>\n<meta property=\"og:site_name\" content=\"Italia Machines\" \/>\n<meta property=\"article:publisher\" content=\"https:\/\/web.facebook.com\/italiamachines\/\" \/>\n<meta property=\"article:modified_time\" content=\"2024-09-28T20:09:39+00:00\" \/>\n<meta property=\"og:image\" content=\"https:\/\/italiamachines.com\/wp-content\/uploads\/2023\/07\/EMP.DDVLK_.20941.jpeg\" \/>\n\t<meta property=\"og:image:width\" content=\"400\" \/>\n\t<meta property=\"og:image:height\" content=\"400\" \/>\n\t<meta property=\"og:image:type\" content=\"image\/jpeg\" \/>\n<meta name=\"twitter:card\" content=\"summary_large_image\" \/>\n<meta name=\"twitter:label1\" content=\"Dur\u00e9e de lecture estim\u00e9e\" \/>\n\t<meta name=\"twitter:data1\" content=\"1 minute\" \/>\n<script type=\"application\/ld+json\" class=\"yoast-schema-graph\">{\"@context\":\"https:\/\/schema.org\",\"@graph\":[{\"@type\":\"WebPage\",\"@id\":\"https:\/\/italiamachines.com\/boutique\/restaurant-snack-et-pizzeria\/hotte\/hotte-murale\/hotte-dextraction-empddvlk2094-empero-en-inox\/\",\"url\":\"https:\/\/italiamachines.com\/boutique\/restaurant-snack-et-pizzeria\/hotte\/hotte-murale\/hotte-dextraction-empddvlk2094-empero-en-inox\/\",\"name\":\"Hotte d'extraction murale par Empero en inox disponible en plusieurs dimensions | Italia Machines\",\"isPartOf\":{\"@id\":\"https:\/\/italiamachines.com\/#website\"},\"primaryImageOfPage\":{\"@id\":\"https:\/\/italiamachines.com\/boutique\/restaurant-snack-et-pizzeria\/hotte\/hotte-murale\/hotte-dextraction-empddvlk2094-empero-en-inox\/#primaryimage\"},\"image\":{\"@id\":\"https:\/\/italiamachines.com\/boutique\/restaurant-snack-et-pizzeria\/hotte\/hotte-murale\/hotte-dextraction-empddvlk2094-empero-en-inox\/#primaryimage\"},\"thumbnailUrl\":\"https:\/\/italiamachines.com\/wp-content\/uploads\/2023\/07\/EMP.DDVLK_.20941.jpeg\",\"datePublished\":\"2023-07-30T03:11:49+00:00\",\"dateModified\":\"2024-09-28T20:09:39+00:00\",\"breadcrumb\":{\"@id\":\"https:\/\/italiamachines.com\/boutique\/restaurant-snack-et-pizzeria\/hotte\/hotte-murale\/hotte-dextraction-empddvlk2094-empero-en-inox\/#breadcrumb\"},\"inLanguage\":\"fr-FR\",\"potentialAction\":[{\"@type\":\"ReadAction\",\"target\":[\"https:\/\/italiamachines.com\/boutique\/restaurant-snack-et-pizzeria\/hotte\/hotte-murale\/hotte-dextraction-empddvlk2094-empero-en-inox\/\"]}]},{\"@type\":\"ImageObject\",\"inLanguage\":\"fr-FR\",\"@id\":\"https:\/\/italiamachines.com\/boutique\/restaurant-snack-et-pizzeria\/hotte\/hotte-murale\/hotte-dextraction-empddvlk2094-empero-en-inox\/#primaryimage\",\"url\":\"https:\/\/italiamachines.com\/wp-content\/uploads\/2023\/07\/EMP.DDVLK_.20941.jpeg\",\"contentUrl\":\"https:\/\/italiamachines.com\/wp-content\/uploads\/2023\/07\/EMP.DDVLK_.20941.jpeg\",\"width\":400,\"height\":400},{\"@type\":\"BreadcrumbList\",\"@id\":\"https:\/\/italiamachines.com\/boutique\/restaurant-snack-et-pizzeria\/hotte\/hotte-murale\/hotte-dextraction-empddvlk2094-empero-en-inox\/#breadcrumb\",\"itemListElement\":[{\"@type\":\"ListItem\",\"position\":1,\"name\":\"Accueil\",\"item\":\"https:\/\/italiamachines.com\/fr_fr\/\"},{\"@type\":\"ListItem\",\"position\":2,\"name\":\"Boutique\",\"item\":\"https:\/\/italiamachines.com\/boutique\/\"},{\"@type\":\"ListItem\",\"position\":3,\"name\":\"Hotte d&#8217;extraction murale par Empero en inox disponible en plusieurs dimensions\"}]},{\"@type\":\"WebSite\",\"@id\":\"https:\/\/italiamachines.com\/#website\",\"url\":\"https:\/\/italiamachines.com\/\",\"name\":\"Italia Machines\",\"description\":\"L&#039;art de l&#039;\u00e9quipement HORECA\",\"publisher\":{\"@id\":\"https:\/\/italiamachines.com\/#organization\"},\"potentialAction\":[{\"@type\":\"SearchAction\",\"target\":{\"@type\":\"EntryPoint\",\"urlTemplate\":\"https:\/\/italiamachines.com\/?s={search_term_string}\"},\"query-input\":{\"@type\":\"PropertyValueSpecification\",\"valueRequired\":true,\"valueName\":\"search_term_string\"}}],\"inLanguage\":\"fr-FR\"},{\"@type\":\"Organization\",\"@id\":\"https:\/\/italiamachines.com\/#organization\",\"name\":\"italiamachines\",\"url\":\"https:\/\/italiamachines.com\/\",\"logo\":{\"@type\":\"ImageObject\",\"inLanguage\":\"fr-FR\",\"@id\":\"https:\/\/italiamachines.com\/#\/schema\/logo\/image\/\",\"url\":\"https:\/\/italiamachines.com\/wp-content\/uploads\/2023\/08\/logo-web-1.png\",\"contentUrl\":\"https:\/\/italiamachines.com\/wp-content\/uploads\/2023\/08\/logo-web-1.png\",\"width\":977,\"height\":254,\"caption\":\"italiamachines\"},\"image\":{\"@id\":\"https:\/\/italiamachines.com\/#\/schema\/logo\/image\/\"},\"sameAs\":[\"https:\/\/web.facebook.com\/italiamachines\/\",\"https:\/\/www.instagram.com\/italia.machines\/\"]}]}<\/script>\n<!-- \/ Yoast SEO plugin. -->","yoast_head_json":{"title":"Hotte d'extraction murale par Empero en inox disponible en plusieurs dimensions | Italia Machines","robots":{"index":"index","follow":"follow","max-snippet":"max-snippet:-1","max-image-preview":"max-image-preview:large","max-video-preview":"max-video-preview:-1"},"canonical":"https:\/\/italiamachines.com\/fr_fr\/boutique\/restaurant-snack-et-pizzeria\/hotte\/hotte-murale\/hotte-dextraction-empddvlk2094-empero-en-inox\/","og_locale":"fr_FR","og_type":"article","og_title":"Hotte d'extraction murale par Empero en inox disponible en plusieurs dimensions | Italia Machines","og_description":"Hauteur 400 mm Les hottes compl\u00e8tes sont fabriqu\u00e9es en acier inoxydable AISI 441 avec une partie sup\u00e9rieure et arri\u00e8re en acier galvanis\u00e9 Les filtres en acier inoxydable de type labyrinthe, les entretoises, la turbine d&rsquo;extraction, le variateur et l&rsquo;\u00e9clairage sont inclus et mont\u00e9s.","og_url":"https:\/\/italiamachines.com\/fr_fr\/boutique\/restaurant-snack-et-pizzeria\/hotte\/hotte-murale\/hotte-dextraction-empddvlk2094-empero-en-inox\/","og_site_name":"Italia Machines","article_publisher":"https:\/\/web.facebook.com\/italiamachines\/","article_modified_time":"2024-09-28T20:09:39+00:00","og_image":[{"width":400,"height":400,"url":"https:\/\/italiamachines.com\/wp-content\/uploads\/2023\/07\/EMP.DDVLK_.20941.jpeg","type":"image\/jpeg"}],"twitter_card":"summary_large_image","twitter_misc":{"Dur\u00e9e de lecture estim\u00e9e":"1 minute"},"schema":{"@context":"https:\/\/schema.org","@graph":[{"@type":"WebPage","@id":"https:\/\/italiamachines.com\/boutique\/restaurant-snack-et-pizzeria\/hotte\/hotte-murale\/hotte-dextraction-empddvlk2094-empero-en-inox\/","url":"https:\/\/italiamachines.com\/boutique\/restaurant-snack-et-pizzeria\/hotte\/hotte-murale\/hotte-dextraction-empddvlk2094-empero-en-inox\/","name":"Hotte d'extraction murale par Empero en inox disponible en plusieurs dimensions | Italia Machines","isPartOf":{"@id":"https:\/\/italiamachines.com\/#website"},"primaryImageOfPage":{"@id":"https:\/\/italiamachines.com\/boutique\/restaurant-snack-et-pizzeria\/hotte\/hotte-murale\/hotte-dextraction-empddvlk2094-empero-en-inox\/#primaryimage"},"image":{"@id":"https:\/\/italiamachines.com\/boutique\/restaurant-snack-et-pizzeria\/hotte\/hotte-murale\/hotte-dextraction-empddvlk2094-empero-en-inox\/#primaryimage"},"thumbnailUrl":"https:\/\/italiamachines.com\/wp-content\/uploads\/2023\/07\/EMP.DDVLK_.20941.jpeg","datePublished":"2023-07-30T03:11:49+00:00","dateModified":"2024-09-28T20:09:39+00:00","breadcrumb":{"@id":"https:\/\/italiamachines.com\/boutique\/restaurant-snack-et-pizzeria\/hotte\/hotte-murale\/hotte-dextraction-empddvlk2094-empero-en-inox\/#breadcrumb"},"inLanguage":"fr-FR","potentialAction":[{"@type":"ReadAction","target":["https:\/\/italiamachines.com\/boutique\/restaurant-snack-et-pizzeria\/hotte\/hotte-murale\/hotte-dextraction-empddvlk2094-empero-en-inox\/"]}]},{"@type":"ImageObject","inLanguage":"fr-FR","@id":"https:\/\/italiamachines.com\/boutique\/restaurant-snack-et-pizzeria\/hotte\/hotte-murale\/hotte-dextraction-empddvlk2094-empero-en-inox\/#primaryimage","url":"https:\/\/italiamachines.com\/wp-content\/uploads\/2023\/07\/EMP.DDVLK_.20941.jpeg","contentUrl":"https:\/\/italiamachines.com\/wp-content\/uploads\/2023\/07\/EMP.DDVLK_.20941.jpeg","width":400,"height":400},{"@type":"BreadcrumbList","@id":"https:\/\/italiamachines.com\/boutique\/restaurant-snack-et-pizzeria\/hotte\/hotte-murale\/hotte-dextraction-empddvlk2094-empero-en-inox\/#breadcrumb","itemListElement":[{"@type":"ListItem","position":1,"name":"Accueil","item":"https:\/\/italiamachines.com\/fr_fr\/"},{"@type":"ListItem","position":2,"name":"Boutique","item":"https:\/\/italiamachines.com\/boutique\/"},{"@type":"ListItem","position":3,"name":"Hotte d&#8217;extraction murale par Empero en inox disponible en plusieurs dimensions"}]},{"@type":"WebSite","@id":"https:\/\/italiamachines.com\/#website","url":"https:\/\/italiamachines.com\/","name":"Italia Machines","description":"L&#039;art de l&#039;\u00e9quipement HORECA","publisher":{"@id":"https:\/\/italiamachines.com\/#organization"},"potentialAction":[{"@type":"SearchAction","target":{"@type":"EntryPoint","urlTemplate":"https:\/\/italiamachines.com\/?s={search_term_string}"},"query-input":{"@type":"PropertyValueSpecification","valueRequired":true,"valueName":"search_term_string"}}],"inLanguage":"fr-FR"},{"@type":"Organization","@id":"https:\/\/italiamachines.com\/#organization","name":"italiamachines","url":"https:\/\/italiamachines.com\/","logo":{"@type":"ImageObject","inLanguage":"fr-FR","@id":"https:\/\/italiamachines.com\/#\/schema\/logo\/image\/","url":"https:\/\/italiamachines.com\/wp-content\/uploads\/2023\/08\/logo-web-1.png","contentUrl":"https:\/\/italiamachines.com\/wp-content\/uploads\/2023\/08\/logo-web-1.png","width":977,"height":254,"caption":"italiamachines"},"image":{"@id":"https:\/\/italiamachines.com\/#\/schema\/logo\/image\/"},"sameAs":["https:\/\/web.facebook.com\/italiamachines\/","https:\/\/www.instagram.com\/italia.machines\/"]}]}},"_links":{"self":[{"href":"https:\/\/italiamachines.com\/fr_fr\/wp-json\/wp\/v2\/product\/4519","targetHints":{"allow":["GET"]}}],"collection":[{"href":"https:\/\/italiamachines.com\/fr_fr\/wp-json\/wp\/v2\/product"}],"about":[{"href":"https:\/\/italiamachines.com\/fr_fr\/wp-json\/wp\/v2\/types\/product"}],"replies":[{"embeddable":true,"href":"https:\/\/italiamachines.com\/fr_fr\/wp-json\/wp\/v2\/comments?post=4519"}],"wp:featuredmedia":[{"embeddable":true,"href":"https:\/\/italiamachines.com\/fr_fr\/wp-json\/wp\/v2\/media\/4516"}],"wp:attachment":[{"href":"https:\/\/italiamachines.com\/fr_fr\/wp-json\/wp\/v2\/media?parent=4519"}],"wp:term":[{"taxonomy":"product_cat","embeddable":true,"href":"https:\/\/italiamachines.com\/fr_fr\/wp-json\/wp\/v2\/product_cat?post=4519"},{"taxonomy":"product_tag","embeddable":true,"href":"https:\/\/italiamachines.com\/fr_fr\/wp-json\/wp\/v2\/product_tag?post=4519"}],"curies":[{"name":"wp","href":"https:\/\/api.w.org\/{rel}","templated":true}]}}