{"id":4531,"date":"2023-07-30T03:13:19","date_gmt":"2023-07-30T03:13:19","guid":{"rendered":"https:\/\/prod.italiamachines.com\/product\/poste-de-desinfection-mobile-structure-inox-ejection-deau-a-pedale-avec-pompe-electrique-reservoir-deau-et-distributeur-de-savon-gel-et-papier-par-empero-dimensions-750x605x875-1590\/"},"modified":"2024-09-29T22:06:03","modified_gmt":"2024-09-29T20:06:03","slug":"poste-de-desinfection-mobile-structure-inox-ejection-deau-a-pedale-avec-pompe-electrique-reservoir-deau-et-distributeur-de-savon-gel-et-papier-par-empero-dimensions-750x605x875-1590","status":"publish","type":"product","link":"https:\/\/italiamachines.com\/fr_fr\/boutique\/hygiene\/poste-de-desinfection\/poste-de-desinfection-mobile-structure-inox-ejection-deau-a-pedale-avec-pompe-electrique-reservoir-deau-et-distributeur-de-savon-gel-et-papier-par-empero-dimensions-750x605x875-1590\/","title":{"rendered":"Poste de d\u00e9sinfection mobile &#8211; Dimensions: 75x60x87\/159 cm &#8211; par Empero"},"content":{"rendered":"<p>Corps en acier inoxydable avec design contemporain<br \/>\nInstallation rapide et facile<br \/>\nSyst\u00e8me de d\u00e9bit d&rsquo;eau \u00e9lectrique actionn\u00e9 par le pied<br \/>\nR\u00e9servoir d&rsquo;eau mobile<br \/>\nPorte-serviettes en forme de Z pour plus de commodit\u00e9<br \/>\nDistributeur de d\u00e9sinfectant et de savon actionn\u00e9 par le coude pour une utilisation hygi\u00e9nique<br \/>\nSyst\u00e8me mobile offrant flexibilit\u00e9 et portabilit\u00e9<br \/>\nPompe \u00e9lectrique<br \/>\nR\u00e9servoir d&rsquo;eau et distributeur de savon, gel et papier<br \/>\n\u00c9jection d&rsquo;eau \u00e0 p\u00e9dale<br \/>\nFonction : \u00e9lectrique<br \/>\nLargeur : 605 mm (24 pouces)<br \/>\nLongueur : 750 mm (30 pouces)<br \/>\nProfondeur : 875 mm, 1 590 mm (34 pouces)<\/p>\n","protected":false},"excerpt":{"rendered":"<p>Corps en acier inoxydable avec design contemporain Installation rapide et facile Syst\u00e8me de d\u00e9bit d&rsquo;eau \u00e9lectrique actionn\u00e9 par le pied R\u00e9servoir d&rsquo;eau mobile Porte-serviettes en forme de Z pour plus de commodit\u00e9 Distributeur de d\u00e9sinfectant et de savon actionn\u00e9 par le coude pour une utilisation hygi\u00e9nique Syst\u00e8me mobile offrant flexibilit\u00e9 et portabilit\u00e9 Pompe \u00e9lectrique R\u00e9servoir&hellip;<\/p>\n","protected":false},"featured_media":6544,"comment_status":"closed","ping_status":"closed","template":"","meta":[],"product_cat":[83,106],"product_tag":[],"class_list":{"0":"post-4531","1":"product","2":"type-product","3":"status-publish","4":"has-post-thumbnail","6":"product_cat-hygiene","7":"product_cat-poste-de-desinfection","9":"first","10":"instock","11":"shipping-taxable","12":"purchasable","13":"product-type-simple","14":"col-xs-6 col-sm-4","15":"col-md-3 col-lg-3","16":"un-4-cols"},"yoast_head":"<!-- This site is optimized with the Yoast SEO plugin v26.6 - https:\/\/yoast.com\/wordpress\/plugins\/seo\/ -->\n<title>Poste de d\u00e9sinfection mobile - Dimensions: 75x60x87\/159 cm - par Empero | Italia Machines<\/title>\n<meta name=\"robots\" content=\"index, follow, max-snippet:-1, max-image-preview:large, max-video-preview:-1\" \/>\n<link rel=\"canonical\" href=\"https:\/\/italiamachines.com\/fr_fr\/boutique\/hygiene\/poste-de-desinfection\/poste-de-desinfection-mobile-structure-inox-ejection-deau-a-pedale-avec-pompe-electrique-reservoir-deau-et-distributeur-de-savon-gel-et-papier-par-empero-dimensions-750x605x875-1590\/\" \/>\n<meta property=\"og:locale\" content=\"fr_FR\" \/>\n<meta property=\"og:type\" content=\"article\" \/>\n<meta property=\"og:title\" content=\"Poste de d\u00e9sinfection mobile - Dimensions: 75x60x87\/159 cm - par Empero | Italia Machines\" \/>\n<meta property=\"og:description\" content=\"Corps en acier inoxydable avec design contemporain Installation rapide et facile Syst\u00e8me de d\u00e9bit d&rsquo;eau \u00e9lectrique actionn\u00e9 par le pied R\u00e9servoir d&rsquo;eau mobile Porte-serviettes en forme de Z pour plus de commodit\u00e9 Distributeur de d\u00e9sinfectant et de savon actionn\u00e9 par le coude pour une utilisation hygi\u00e9nique Syst\u00e8me mobile offrant flexibilit\u00e9 et portabilit\u00e9 Pompe \u00e9lectrique R\u00e9servoir&hellip;\" \/>\n<meta property=\"og:url\" content=\"https:\/\/italiamachines.com\/fr_fr\/boutique\/hygiene\/poste-de-desinfection\/poste-de-desinfection-mobile-structure-inox-ejection-deau-a-pedale-avec-pompe-electrique-reservoir-deau-et-distributeur-de-savon-gel-et-papier-par-empero-dimensions-750x605x875-1590\/\" \/>\n<meta property=\"og:site_name\" content=\"Italia Machines\" \/>\n<meta property=\"article:publisher\" content=\"https:\/\/web.facebook.com\/italiamachines\/\" \/>\n<meta property=\"article:modified_time\" content=\"2024-09-29T20:06:03+00:00\" \/>\n<meta property=\"og:image\" content=\"https:\/\/italiamachines.com\/wp-content\/uploads\/2023\/07\/A3CC2A7D-917A-42CD-AC69-A9D44B1081E4_1_201_a.jpeg\" \/>\n\t<meta property=\"og:image:width\" content=\"586\" \/>\n\t<meta property=\"og:image:height\" content=\"586\" \/>\n\t<meta property=\"og:image:type\" content=\"image\/jpeg\" \/>\n<meta name=\"twitter:card\" content=\"summary_large_image\" \/>\n<meta name=\"twitter:label1\" content=\"Dur\u00e9e de lecture estim\u00e9e\" \/>\n\t<meta name=\"twitter:data1\" content=\"1 minute\" \/>\n<script type=\"application\/ld+json\" class=\"yoast-schema-graph\">{\"@context\":\"https:\/\/schema.org\",\"@graph\":[{\"@type\":\"WebPage\",\"@id\":\"https:\/\/italiamachines.com\/boutique\/hygiene\/poste-de-desinfection\/poste-de-desinfection-mobile-structure-inox-ejection-deau-a-pedale-avec-pompe-electrique-reservoir-deau-et-distributeur-de-savon-gel-et-papier-par-empero-dimensions-750x605x875-1590\/\",\"url\":\"https:\/\/italiamachines.com\/boutique\/hygiene\/poste-de-desinfection\/poste-de-desinfection-mobile-structure-inox-ejection-deau-a-pedale-avec-pompe-electrique-reservoir-deau-et-distributeur-de-savon-gel-et-papier-par-empero-dimensions-750x605x875-1590\/\",\"name\":\"Poste de d\u00e9sinfection mobile - Dimensions: 75x60x87\/159 cm - par Empero | Italia Machines\",\"isPartOf\":{\"@id\":\"https:\/\/italiamachines.com\/#website\"},\"primaryImageOfPage\":{\"@id\":\"https:\/\/italiamachines.com\/boutique\/hygiene\/poste-de-desinfection\/poste-de-desinfection-mobile-structure-inox-ejection-deau-a-pedale-avec-pompe-electrique-reservoir-deau-et-distributeur-de-savon-gel-et-papier-par-empero-dimensions-750x605x875-1590\/#primaryimage\"},\"image\":{\"@id\":\"https:\/\/italiamachines.com\/boutique\/hygiene\/poste-de-desinfection\/poste-de-desinfection-mobile-structure-inox-ejection-deau-a-pedale-avec-pompe-electrique-reservoir-deau-et-distributeur-de-savon-gel-et-papier-par-empero-dimensions-750x605x875-1590\/#primaryimage\"},\"thumbnailUrl\":\"https:\/\/italiamachines.com\/wp-content\/uploads\/2023\/07\/A3CC2A7D-917A-42CD-AC69-A9D44B1081E4_1_201_a.jpeg\",\"datePublished\":\"2023-07-30T03:13:19+00:00\",\"dateModified\":\"2024-09-29T20:06:03+00:00\",\"breadcrumb\":{\"@id\":\"https:\/\/italiamachines.com\/boutique\/hygiene\/poste-de-desinfection\/poste-de-desinfection-mobile-structure-inox-ejection-deau-a-pedale-avec-pompe-electrique-reservoir-deau-et-distributeur-de-savon-gel-et-papier-par-empero-dimensions-750x605x875-1590\/#breadcrumb\"},\"inLanguage\":\"fr-FR\",\"potentialAction\":[{\"@type\":\"ReadAction\",\"target\":[\"https:\/\/italiamachines.com\/boutique\/hygiene\/poste-de-desinfection\/poste-de-desinfection-mobile-structure-inox-ejection-deau-a-pedale-avec-pompe-electrique-reservoir-deau-et-distributeur-de-savon-gel-et-papier-par-empero-dimensions-750x605x875-1590\/\"]}]},{\"@type\":\"ImageObject\",\"inLanguage\":\"fr-FR\",\"@id\":\"https:\/\/italiamachines.com\/boutique\/hygiene\/poste-de-desinfection\/poste-de-desinfection-mobile-structure-inox-ejection-deau-a-pedale-avec-pompe-electrique-reservoir-deau-et-distributeur-de-savon-gel-et-papier-par-empero-dimensions-750x605x875-1590\/#primaryimage\",\"url\":\"https:\/\/italiamachines.com\/wp-content\/uploads\/2023\/07\/A3CC2A7D-917A-42CD-AC69-A9D44B1081E4_1_201_a.jpeg\",\"contentUrl\":\"https:\/\/italiamachines.com\/wp-content\/uploads\/2023\/07\/A3CC2A7D-917A-42CD-AC69-A9D44B1081E4_1_201_a.jpeg\",\"width\":586,\"height\":586},{\"@type\":\"BreadcrumbList\",\"@id\":\"https:\/\/italiamachines.com\/boutique\/hygiene\/poste-de-desinfection\/poste-de-desinfection-mobile-structure-inox-ejection-deau-a-pedale-avec-pompe-electrique-reservoir-deau-et-distributeur-de-savon-gel-et-papier-par-empero-dimensions-750x605x875-1590\/#breadcrumb\",\"itemListElement\":[{\"@type\":\"ListItem\",\"position\":1,\"name\":\"Accueil\",\"item\":\"https:\/\/italiamachines.com\/fr_fr\/\"},{\"@type\":\"ListItem\",\"position\":2,\"name\":\"Boutique\",\"item\":\"https:\/\/italiamachines.com\/boutique\/\"},{\"@type\":\"ListItem\",\"position\":3,\"name\":\"Poste de d\u00e9sinfection mobile &#8211; Dimensions: 75x60x87\/159 cm &#8211; par Empero\"}]},{\"@type\":\"WebSite\",\"@id\":\"https:\/\/italiamachines.com\/#website\",\"url\":\"https:\/\/italiamachines.com\/\",\"name\":\"Italia Machines\",\"description\":\"L&#039;art de l&#039;\u00e9quipement HORECA\",\"publisher\":{\"@id\":\"https:\/\/italiamachines.com\/#organization\"},\"potentialAction\":[{\"@type\":\"SearchAction\",\"target\":{\"@type\":\"EntryPoint\",\"urlTemplate\":\"https:\/\/italiamachines.com\/?s={search_term_string}\"},\"query-input\":{\"@type\":\"PropertyValueSpecification\",\"valueRequired\":true,\"valueName\":\"search_term_string\"}}],\"inLanguage\":\"fr-FR\"},{\"@type\":\"Organization\",\"@id\":\"https:\/\/italiamachines.com\/#organization\",\"name\":\"italiamachines\",\"url\":\"https:\/\/italiamachines.com\/\",\"logo\":{\"@type\":\"ImageObject\",\"inLanguage\":\"fr-FR\",\"@id\":\"https:\/\/italiamachines.com\/#\/schema\/logo\/image\/\",\"url\":\"https:\/\/italiamachines.com\/wp-content\/uploads\/2023\/08\/logo-web-1.png\",\"contentUrl\":\"https:\/\/italiamachines.com\/wp-content\/uploads\/2023\/08\/logo-web-1.png\",\"width\":977,\"height\":254,\"caption\":\"italiamachines\"},\"image\":{\"@id\":\"https:\/\/italiamachines.com\/#\/schema\/logo\/image\/\"},\"sameAs\":[\"https:\/\/web.facebook.com\/italiamachines\/\",\"https:\/\/www.instagram.com\/italia.machines\/\"]}]}<\/script>\n<!-- \/ Yoast SEO plugin. -->","yoast_head_json":{"title":"Poste de d\u00e9sinfection mobile - Dimensions: 75x60x87\/159 cm - par Empero | Italia Machines","robots":{"index":"index","follow":"follow","max-snippet":"max-snippet:-1","max-image-preview":"max-image-preview:large","max-video-preview":"max-video-preview:-1"},"canonical":"https:\/\/italiamachines.com\/fr_fr\/boutique\/hygiene\/poste-de-desinfection\/poste-de-desinfection-mobile-structure-inox-ejection-deau-a-pedale-avec-pompe-electrique-reservoir-deau-et-distributeur-de-savon-gel-et-papier-par-empero-dimensions-750x605x875-1590\/","og_locale":"fr_FR","og_type":"article","og_title":"Poste de d\u00e9sinfection mobile - Dimensions: 75x60x87\/159 cm - par Empero | Italia Machines","og_description":"Corps en acier inoxydable avec design contemporain Installation rapide et facile Syst\u00e8me de d\u00e9bit d&rsquo;eau \u00e9lectrique actionn\u00e9 par le pied R\u00e9servoir d&rsquo;eau mobile Porte-serviettes en forme de Z pour plus de commodit\u00e9 Distributeur de d\u00e9sinfectant et de savon actionn\u00e9 par le coude pour une utilisation hygi\u00e9nique Syst\u00e8me mobile offrant flexibilit\u00e9 et portabilit\u00e9 Pompe \u00e9lectrique R\u00e9servoir&hellip;","og_url":"https:\/\/italiamachines.com\/fr_fr\/boutique\/hygiene\/poste-de-desinfection\/poste-de-desinfection-mobile-structure-inox-ejection-deau-a-pedale-avec-pompe-electrique-reservoir-deau-et-distributeur-de-savon-gel-et-papier-par-empero-dimensions-750x605x875-1590\/","og_site_name":"Italia Machines","article_publisher":"https:\/\/web.facebook.com\/italiamachines\/","article_modified_time":"2024-09-29T20:06:03+00:00","og_image":[{"width":586,"height":586,"url":"https:\/\/italiamachines.com\/wp-content\/uploads\/2023\/07\/A3CC2A7D-917A-42CD-AC69-A9D44B1081E4_1_201_a.jpeg","type":"image\/jpeg"}],"twitter_card":"summary_large_image","twitter_misc":{"Dur\u00e9e de lecture estim\u00e9e":"1 minute"},"schema":{"@context":"https:\/\/schema.org","@graph":[{"@type":"WebPage","@id":"https:\/\/italiamachines.com\/boutique\/hygiene\/poste-de-desinfection\/poste-de-desinfection-mobile-structure-inox-ejection-deau-a-pedale-avec-pompe-electrique-reservoir-deau-et-distributeur-de-savon-gel-et-papier-par-empero-dimensions-750x605x875-1590\/","url":"https:\/\/italiamachines.com\/boutique\/hygiene\/poste-de-desinfection\/poste-de-desinfection-mobile-structure-inox-ejection-deau-a-pedale-avec-pompe-electrique-reservoir-deau-et-distributeur-de-savon-gel-et-papier-par-empero-dimensions-750x605x875-1590\/","name":"Poste de d\u00e9sinfection mobile - Dimensions: 75x60x87\/159 cm - par Empero | Italia Machines","isPartOf":{"@id":"https:\/\/italiamachines.com\/#website"},"primaryImageOfPage":{"@id":"https:\/\/italiamachines.com\/boutique\/hygiene\/poste-de-desinfection\/poste-de-desinfection-mobile-structure-inox-ejection-deau-a-pedale-avec-pompe-electrique-reservoir-deau-et-distributeur-de-savon-gel-et-papier-par-empero-dimensions-750x605x875-1590\/#primaryimage"},"image":{"@id":"https:\/\/italiamachines.com\/boutique\/hygiene\/poste-de-desinfection\/poste-de-desinfection-mobile-structure-inox-ejection-deau-a-pedale-avec-pompe-electrique-reservoir-deau-et-distributeur-de-savon-gel-et-papier-par-empero-dimensions-750x605x875-1590\/#primaryimage"},"thumbnailUrl":"https:\/\/italiamachines.com\/wp-content\/uploads\/2023\/07\/A3CC2A7D-917A-42CD-AC69-A9D44B1081E4_1_201_a.jpeg","datePublished":"2023-07-30T03:13:19+00:00","dateModified":"2024-09-29T20:06:03+00:00","breadcrumb":{"@id":"https:\/\/italiamachines.com\/boutique\/hygiene\/poste-de-desinfection\/poste-de-desinfection-mobile-structure-inox-ejection-deau-a-pedale-avec-pompe-electrique-reservoir-deau-et-distributeur-de-savon-gel-et-papier-par-empero-dimensions-750x605x875-1590\/#breadcrumb"},"inLanguage":"fr-FR","potentialAction":[{"@type":"ReadAction","target":["https:\/\/italiamachines.com\/boutique\/hygiene\/poste-de-desinfection\/poste-de-desinfection-mobile-structure-inox-ejection-deau-a-pedale-avec-pompe-electrique-reservoir-deau-et-distributeur-de-savon-gel-et-papier-par-empero-dimensions-750x605x875-1590\/"]}]},{"@type":"ImageObject","inLanguage":"fr-FR","@id":"https:\/\/italiamachines.com\/boutique\/hygiene\/poste-de-desinfection\/poste-de-desinfection-mobile-structure-inox-ejection-deau-a-pedale-avec-pompe-electrique-reservoir-deau-et-distributeur-de-savon-gel-et-papier-par-empero-dimensions-750x605x875-1590\/#primaryimage","url":"https:\/\/italiamachines.com\/wp-content\/uploads\/2023\/07\/A3CC2A7D-917A-42CD-AC69-A9D44B1081E4_1_201_a.jpeg","contentUrl":"https:\/\/italiamachines.com\/wp-content\/uploads\/2023\/07\/A3CC2A7D-917A-42CD-AC69-A9D44B1081E4_1_201_a.jpeg","width":586,"height":586},{"@type":"BreadcrumbList","@id":"https:\/\/italiamachines.com\/boutique\/hygiene\/poste-de-desinfection\/poste-de-desinfection-mobile-structure-inox-ejection-deau-a-pedale-avec-pompe-electrique-reservoir-deau-et-distributeur-de-savon-gel-et-papier-par-empero-dimensions-750x605x875-1590\/#breadcrumb","itemListElement":[{"@type":"ListItem","position":1,"name":"Accueil","item":"https:\/\/italiamachines.com\/fr_fr\/"},{"@type":"ListItem","position":2,"name":"Boutique","item":"https:\/\/italiamachines.com\/boutique\/"},{"@type":"ListItem","position":3,"name":"Poste de d\u00e9sinfection mobile &#8211; Dimensions: 75x60x87\/159 cm &#8211; par Empero"}]},{"@type":"WebSite","@id":"https:\/\/italiamachines.com\/#website","url":"https:\/\/italiamachines.com\/","name":"Italia Machines","description":"L&#039;art de l&#039;\u00e9quipement HORECA","publisher":{"@id":"https:\/\/italiamachines.com\/#organization"},"potentialAction":[{"@type":"SearchAction","target":{"@type":"EntryPoint","urlTemplate":"https:\/\/italiamachines.com\/?s={search_term_string}"},"query-input":{"@type":"PropertyValueSpecification","valueRequired":true,"valueName":"search_term_string"}}],"inLanguage":"fr-FR"},{"@type":"Organization","@id":"https:\/\/italiamachines.com\/#organization","name":"italiamachines","url":"https:\/\/italiamachines.com\/","logo":{"@type":"ImageObject","inLanguage":"fr-FR","@id":"https:\/\/italiamachines.com\/#\/schema\/logo\/image\/","url":"https:\/\/italiamachines.com\/wp-content\/uploads\/2023\/08\/logo-web-1.png","contentUrl":"https:\/\/italiamachines.com\/wp-content\/uploads\/2023\/08\/logo-web-1.png","width":977,"height":254,"caption":"italiamachines"},"image":{"@id":"https:\/\/italiamachines.com\/#\/schema\/logo\/image\/"},"sameAs":["https:\/\/web.facebook.com\/italiamachines\/","https:\/\/www.instagram.com\/italia.machines\/"]}]}},"_links":{"self":[{"href":"https:\/\/italiamachines.com\/fr_fr\/wp-json\/wp\/v2\/product\/4531","targetHints":{"allow":["GET"]}}],"collection":[{"href":"https:\/\/italiamachines.com\/fr_fr\/wp-json\/wp\/v2\/product"}],"about":[{"href":"https:\/\/italiamachines.com\/fr_fr\/wp-json\/wp\/v2\/types\/product"}],"replies":[{"embeddable":true,"href":"https:\/\/italiamachines.com\/fr_fr\/wp-json\/wp\/v2\/comments?post=4531"}],"wp:featuredmedia":[{"embeddable":true,"href":"https:\/\/italiamachines.com\/fr_fr\/wp-json\/wp\/v2\/media\/6544"}],"wp:attachment":[{"href":"https:\/\/italiamachines.com\/fr_fr\/wp-json\/wp\/v2\/media?parent=4531"}],"wp:term":[{"taxonomy":"product_cat","embeddable":true,"href":"https:\/\/italiamachines.com\/fr_fr\/wp-json\/wp\/v2\/product_cat?post=4531"},{"taxonomy":"product_tag","embeddable":true,"href":"https:\/\/italiamachines.com\/fr_fr\/wp-json\/wp\/v2\/product_tag?post=4531"}],"curies":[{"name":"wp","href":"https:\/\/api.w.org\/{rel}","templated":true}]}}