{"id":4536,"date":"2023-07-30T03:13:57","date_gmt":"2023-07-30T03:13:57","guid":{"rendered":"https:\/\/prod.italiamachines.com\/product\/plonge-en-inox-par-empero-dimensions-600x600x850\/"},"modified":"2024-09-29T22:02:45","modified_gmt":"2024-09-29T20:02:45","slug":"plonge-en-inox-par-empero-dimensions-600x600x850","status":"publish","type":"product","link":"https:\/\/italiamachines.com\/fr_fr\/boutique\/hygiene\/laverie\/plonge\/plonge-en-inox-par-empero-dimensions-600x600x850\/","title":{"rendered":"Plonge en acier inoxydable &#8211; Dimensions: 60x60x85 cm &#8211; par Empero"},"content":{"rendered":"<p>Dimensions (LxPxH): 600x600x850 mm<br \/>\nDimensions de la cuve: 500x400x250 mm<br \/>\nMat\u00e9riau: Inox AISI-304 18\/10 satin\u00e9<br \/>\nLivr\u00e9e avec siphon, tube surverse et cache-bac<br \/>\n\u00c9gouttoir nervur\u00e9 \u00e0 bords anti-ruissellement<br \/>\nTable d\u00e9montable<br \/>\nPoids net: 14,4 kg<\/p>\n","protected":false},"excerpt":{"rendered":"<p>Dimensions (LxPxH): 600x600x850 mm Dimensions de la cuve: 500x400x250 mm Mat\u00e9riau: Inox AISI-304 18\/10 satin\u00e9 Livr\u00e9e avec siphon, tube surverse et cache-bac \u00c9gouttoir nervur\u00e9 \u00e0 bords anti-ruissellement Table d\u00e9montable Poids net: 14,4 kg<\/p>\n","protected":false},"featured_media":4535,"comment_status":"open","ping_status":"closed","template":"","meta":[],"product_cat":[65,80,83,87,102,112],"product_tag":[],"class_list":{"0":"post-4536","1":"product","2":"type-product","3":"status-publish","4":"has-post-thumbnail","6":"product_cat-cafe-glacier-lecheria","7":"product_cat-glacier-lecheria","8":"product_cat-hygiene","9":"product_cat-laverie","10":"product_cat-plonge","11":"product_cat-restaurant-snack-et-pizzeria","13":"first","14":"instock","15":"shipping-taxable","16":"purchasable","17":"product-type-simple","18":"col-xs-6 col-sm-4","19":"col-md-3 col-lg-3","20":"un-4-cols"},"yoast_head":"<!-- This site is optimized with the Yoast SEO plugin v26.6 - https:\/\/yoast.com\/wordpress\/plugins\/seo\/ -->\n<title>Plonge en acier inoxydable - Dimensions: 60x60x85 cm - par Empero | Italia Machines<\/title>\n<meta name=\"robots\" content=\"index, follow, max-snippet:-1, max-image-preview:large, max-video-preview:-1\" \/>\n<link rel=\"canonical\" href=\"https:\/\/italiamachines.com\/fr_fr\/boutique\/hygiene\/laverie\/plonge\/plonge-en-inox-par-empero-dimensions-600x600x850\/\" \/>\n<meta property=\"og:locale\" content=\"fr_FR\" \/>\n<meta property=\"og:type\" content=\"article\" \/>\n<meta property=\"og:title\" content=\"Plonge en acier inoxydable - Dimensions: 60x60x85 cm - par Empero | Italia Machines\" \/>\n<meta property=\"og:description\" content=\"Dimensions (LxPxH): 600x600x850 mm Dimensions de la cuve: 500x400x250 mm Mat\u00e9riau: Inox AISI-304 18\/10 satin\u00e9 Livr\u00e9e avec siphon, tube surverse et cache-bac \u00c9gouttoir nervur\u00e9 \u00e0 bords anti-ruissellement Table d\u00e9montable Poids net: 14,4 kg\" \/>\n<meta property=\"og:url\" content=\"https:\/\/italiamachines.com\/fr_fr\/boutique\/hygiene\/laverie\/plonge\/plonge-en-inox-par-empero-dimensions-600x600x850\/\" \/>\n<meta property=\"og:site_name\" content=\"Italia Machines\" \/>\n<meta property=\"article:publisher\" content=\"https:\/\/web.facebook.com\/italiamachines\/\" \/>\n<meta property=\"article:modified_time\" content=\"2024-09-29T20:02:45+00:00\" \/>\n<meta property=\"og:image\" content=\"https:\/\/italiamachines.com\/wp-content\/uploads\/2023\/07\/EMP.E.66085-1ET.png\" \/>\n\t<meta property=\"og:image:width\" content=\"383\" \/>\n\t<meta property=\"og:image:height\" content=\"340\" \/>\n\t<meta property=\"og:image:type\" content=\"image\/png\" \/>\n<meta name=\"twitter:card\" content=\"summary_large_image\" \/>\n<meta name=\"twitter:label1\" content=\"Dur\u00e9e de lecture estim\u00e9e\" \/>\n\t<meta name=\"twitter:data1\" content=\"1 minute\" \/>\n<script type=\"application\/ld+json\" class=\"yoast-schema-graph\">{\"@context\":\"https:\/\/schema.org\",\"@graph\":[{\"@type\":\"WebPage\",\"@id\":\"https:\/\/italiamachines.com\/boutique\/hygiene\/laverie\/plonge\/plonge-en-inox-par-empero-dimensions-600x600x850\/\",\"url\":\"https:\/\/italiamachines.com\/boutique\/hygiene\/laverie\/plonge\/plonge-en-inox-par-empero-dimensions-600x600x850\/\",\"name\":\"Plonge en acier inoxydable - Dimensions: 60x60x85 cm - par Empero | Italia Machines\",\"isPartOf\":{\"@id\":\"https:\/\/italiamachines.com\/#website\"},\"primaryImageOfPage\":{\"@id\":\"https:\/\/italiamachines.com\/boutique\/hygiene\/laverie\/plonge\/plonge-en-inox-par-empero-dimensions-600x600x850\/#primaryimage\"},\"image\":{\"@id\":\"https:\/\/italiamachines.com\/boutique\/hygiene\/laverie\/plonge\/plonge-en-inox-par-empero-dimensions-600x600x850\/#primaryimage\"},\"thumbnailUrl\":\"https:\/\/italiamachines.com\/wp-content\/uploads\/2023\/07\/EMP.E.66085-1ET.png\",\"datePublished\":\"2023-07-30T03:13:57+00:00\",\"dateModified\":\"2024-09-29T20:02:45+00:00\",\"breadcrumb\":{\"@id\":\"https:\/\/italiamachines.com\/boutique\/hygiene\/laverie\/plonge\/plonge-en-inox-par-empero-dimensions-600x600x850\/#breadcrumb\"},\"inLanguage\":\"fr-FR\",\"potentialAction\":[{\"@type\":\"ReadAction\",\"target\":[\"https:\/\/italiamachines.com\/boutique\/hygiene\/laverie\/plonge\/plonge-en-inox-par-empero-dimensions-600x600x850\/\"]}]},{\"@type\":\"ImageObject\",\"inLanguage\":\"fr-FR\",\"@id\":\"https:\/\/italiamachines.com\/boutique\/hygiene\/laverie\/plonge\/plonge-en-inox-par-empero-dimensions-600x600x850\/#primaryimage\",\"url\":\"https:\/\/italiamachines.com\/wp-content\/uploads\/2023\/07\/EMP.E.66085-1ET.png\",\"contentUrl\":\"https:\/\/italiamachines.com\/wp-content\/uploads\/2023\/07\/EMP.E.66085-1ET.png\",\"width\":383,\"height\":340},{\"@type\":\"BreadcrumbList\",\"@id\":\"https:\/\/italiamachines.com\/boutique\/hygiene\/laverie\/plonge\/plonge-en-inox-par-empero-dimensions-600x600x850\/#breadcrumb\",\"itemListElement\":[{\"@type\":\"ListItem\",\"position\":1,\"name\":\"Accueil\",\"item\":\"https:\/\/italiamachines.com\/fr_fr\/\"},{\"@type\":\"ListItem\",\"position\":2,\"name\":\"Boutique\",\"item\":\"https:\/\/italiamachines.com\/boutique\/\"},{\"@type\":\"ListItem\",\"position\":3,\"name\":\"Plonge en acier inoxydable &#8211; Dimensions: 60x60x85 cm &#8211; par Empero\"}]},{\"@type\":\"WebSite\",\"@id\":\"https:\/\/italiamachines.com\/#website\",\"url\":\"https:\/\/italiamachines.com\/\",\"name\":\"Italia Machines\",\"description\":\"L&#039;art de l&#039;\u00e9quipement HORECA\",\"publisher\":{\"@id\":\"https:\/\/italiamachines.com\/#organization\"},\"potentialAction\":[{\"@type\":\"SearchAction\",\"target\":{\"@type\":\"EntryPoint\",\"urlTemplate\":\"https:\/\/italiamachines.com\/?s={search_term_string}\"},\"query-input\":{\"@type\":\"PropertyValueSpecification\",\"valueRequired\":true,\"valueName\":\"search_term_string\"}}],\"inLanguage\":\"fr-FR\"},{\"@type\":\"Organization\",\"@id\":\"https:\/\/italiamachines.com\/#organization\",\"name\":\"italiamachines\",\"url\":\"https:\/\/italiamachines.com\/\",\"logo\":{\"@type\":\"ImageObject\",\"inLanguage\":\"fr-FR\",\"@id\":\"https:\/\/italiamachines.com\/#\/schema\/logo\/image\/\",\"url\":\"https:\/\/italiamachines.com\/wp-content\/uploads\/2023\/08\/logo-web-1.png\",\"contentUrl\":\"https:\/\/italiamachines.com\/wp-content\/uploads\/2023\/08\/logo-web-1.png\",\"width\":977,\"height\":254,\"caption\":\"italiamachines\"},\"image\":{\"@id\":\"https:\/\/italiamachines.com\/#\/schema\/logo\/image\/\"},\"sameAs\":[\"https:\/\/web.facebook.com\/italiamachines\/\",\"https:\/\/www.instagram.com\/italia.machines\/\"]}]}<\/script>\n<!-- \/ Yoast SEO plugin. -->","yoast_head_json":{"title":"Plonge en acier inoxydable - Dimensions: 60x60x85 cm - par Empero | Italia Machines","robots":{"index":"index","follow":"follow","max-snippet":"max-snippet:-1","max-image-preview":"max-image-preview:large","max-video-preview":"max-video-preview:-1"},"canonical":"https:\/\/italiamachines.com\/fr_fr\/boutique\/hygiene\/laverie\/plonge\/plonge-en-inox-par-empero-dimensions-600x600x850\/","og_locale":"fr_FR","og_type":"article","og_title":"Plonge en acier inoxydable - Dimensions: 60x60x85 cm - par Empero | Italia Machines","og_description":"Dimensions (LxPxH): 600x600x850 mm Dimensions de la cuve: 500x400x250 mm Mat\u00e9riau: Inox AISI-304 18\/10 satin\u00e9 Livr\u00e9e avec siphon, tube surverse et cache-bac \u00c9gouttoir nervur\u00e9 \u00e0 bords anti-ruissellement Table d\u00e9montable Poids net: 14,4 kg","og_url":"https:\/\/italiamachines.com\/fr_fr\/boutique\/hygiene\/laverie\/plonge\/plonge-en-inox-par-empero-dimensions-600x600x850\/","og_site_name":"Italia Machines","article_publisher":"https:\/\/web.facebook.com\/italiamachines\/","article_modified_time":"2024-09-29T20:02:45+00:00","og_image":[{"width":383,"height":340,"url":"https:\/\/italiamachines.com\/wp-content\/uploads\/2023\/07\/EMP.E.66085-1ET.png","type":"image\/png"}],"twitter_card":"summary_large_image","twitter_misc":{"Dur\u00e9e de lecture estim\u00e9e":"1 minute"},"schema":{"@context":"https:\/\/schema.org","@graph":[{"@type":"WebPage","@id":"https:\/\/italiamachines.com\/boutique\/hygiene\/laverie\/plonge\/plonge-en-inox-par-empero-dimensions-600x600x850\/","url":"https:\/\/italiamachines.com\/boutique\/hygiene\/laverie\/plonge\/plonge-en-inox-par-empero-dimensions-600x600x850\/","name":"Plonge en acier inoxydable - Dimensions: 60x60x85 cm - par Empero | Italia Machines","isPartOf":{"@id":"https:\/\/italiamachines.com\/#website"},"primaryImageOfPage":{"@id":"https:\/\/italiamachines.com\/boutique\/hygiene\/laverie\/plonge\/plonge-en-inox-par-empero-dimensions-600x600x850\/#primaryimage"},"image":{"@id":"https:\/\/italiamachines.com\/boutique\/hygiene\/laverie\/plonge\/plonge-en-inox-par-empero-dimensions-600x600x850\/#primaryimage"},"thumbnailUrl":"https:\/\/italiamachines.com\/wp-content\/uploads\/2023\/07\/EMP.E.66085-1ET.png","datePublished":"2023-07-30T03:13:57+00:00","dateModified":"2024-09-29T20:02:45+00:00","breadcrumb":{"@id":"https:\/\/italiamachines.com\/boutique\/hygiene\/laverie\/plonge\/plonge-en-inox-par-empero-dimensions-600x600x850\/#breadcrumb"},"inLanguage":"fr-FR","potentialAction":[{"@type":"ReadAction","target":["https:\/\/italiamachines.com\/boutique\/hygiene\/laverie\/plonge\/plonge-en-inox-par-empero-dimensions-600x600x850\/"]}]},{"@type":"ImageObject","inLanguage":"fr-FR","@id":"https:\/\/italiamachines.com\/boutique\/hygiene\/laverie\/plonge\/plonge-en-inox-par-empero-dimensions-600x600x850\/#primaryimage","url":"https:\/\/italiamachines.com\/wp-content\/uploads\/2023\/07\/EMP.E.66085-1ET.png","contentUrl":"https:\/\/italiamachines.com\/wp-content\/uploads\/2023\/07\/EMP.E.66085-1ET.png","width":383,"height":340},{"@type":"BreadcrumbList","@id":"https:\/\/italiamachines.com\/boutique\/hygiene\/laverie\/plonge\/plonge-en-inox-par-empero-dimensions-600x600x850\/#breadcrumb","itemListElement":[{"@type":"ListItem","position":1,"name":"Accueil","item":"https:\/\/italiamachines.com\/fr_fr\/"},{"@type":"ListItem","position":2,"name":"Boutique","item":"https:\/\/italiamachines.com\/boutique\/"},{"@type":"ListItem","position":3,"name":"Plonge en acier inoxydable &#8211; Dimensions: 60x60x85 cm &#8211; par Empero"}]},{"@type":"WebSite","@id":"https:\/\/italiamachines.com\/#website","url":"https:\/\/italiamachines.com\/","name":"Italia Machines","description":"L&#039;art de l&#039;\u00e9quipement HORECA","publisher":{"@id":"https:\/\/italiamachines.com\/#organization"},"potentialAction":[{"@type":"SearchAction","target":{"@type":"EntryPoint","urlTemplate":"https:\/\/italiamachines.com\/?s={search_term_string}"},"query-input":{"@type":"PropertyValueSpecification","valueRequired":true,"valueName":"search_term_string"}}],"inLanguage":"fr-FR"},{"@type":"Organization","@id":"https:\/\/italiamachines.com\/#organization","name":"italiamachines","url":"https:\/\/italiamachines.com\/","logo":{"@type":"ImageObject","inLanguage":"fr-FR","@id":"https:\/\/italiamachines.com\/#\/schema\/logo\/image\/","url":"https:\/\/italiamachines.com\/wp-content\/uploads\/2023\/08\/logo-web-1.png","contentUrl":"https:\/\/italiamachines.com\/wp-content\/uploads\/2023\/08\/logo-web-1.png","width":977,"height":254,"caption":"italiamachines"},"image":{"@id":"https:\/\/italiamachines.com\/#\/schema\/logo\/image\/"},"sameAs":["https:\/\/web.facebook.com\/italiamachines\/","https:\/\/www.instagram.com\/italia.machines\/"]}]}},"_links":{"self":[{"href":"https:\/\/italiamachines.com\/fr_fr\/wp-json\/wp\/v2\/product\/4536","targetHints":{"allow":["GET"]}}],"collection":[{"href":"https:\/\/italiamachines.com\/fr_fr\/wp-json\/wp\/v2\/product"}],"about":[{"href":"https:\/\/italiamachines.com\/fr_fr\/wp-json\/wp\/v2\/types\/product"}],"replies":[{"embeddable":true,"href":"https:\/\/italiamachines.com\/fr_fr\/wp-json\/wp\/v2\/comments?post=4536"}],"wp:featuredmedia":[{"embeddable":true,"href":"https:\/\/italiamachines.com\/fr_fr\/wp-json\/wp\/v2\/media\/4535"}],"wp:attachment":[{"href":"https:\/\/italiamachines.com\/fr_fr\/wp-json\/wp\/v2\/media?parent=4536"}],"wp:term":[{"taxonomy":"product_cat","embeddable":true,"href":"https:\/\/italiamachines.com\/fr_fr\/wp-json\/wp\/v2\/product_cat?post=4536"},{"taxonomy":"product_tag","embeddable":true,"href":"https:\/\/italiamachines.com\/fr_fr\/wp-json\/wp\/v2\/product_tag?post=4536"}],"curies":[{"name":"wp","href":"https:\/\/api.w.org\/{rel}","templated":true}]}}