{"id":4746,"date":"2023-07-30T03:41:42","date_gmt":"2023-07-30T03:41:42","guid":{"rendered":"https:\/\/prod.italiamachines.com\/product\/chariot-pour-debarassage-empbah28555-90-empero-2-niveaux-dimensions-850x550x900\/"},"modified":"2024-09-24T00:10:02","modified_gmt":"2024-09-23T22:10:02","slug":"chariot-pour-debarassage-empbah28555-90-empero-2-niveaux-dimensions-850x550x900","status":"publish","type":"product","link":"https:\/\/italiamachines.com\/fr_fr\/boutique\/hotel\/accessoires-pour-hotel\/chariot\/chariot-pour-debarassage-empbah28555-90-empero-2-niveaux-dimensions-850x550x900\/","title":{"rendered":"Chariot pour d\u00e9barassage 2 niveaux &#8211; dimensions: 85x55x90 par Empero"},"content":{"rendered":"<p>&#8211; Cadre gris argent\u00e9 RAL 7001 rev\u00eatu de poudre.<br \/>\n&#8211; \u00c9tag\u00e8res en agglom\u00e9r\u00e9 moul\u00e9 avec finition en d\u00e9cor gris.<br \/>\n&#8211; Roues en caoutchouc solide non marquant.<br \/>\n&#8211; Poign\u00e9es de pouss\u00e9e et roulettes pivotantes pour une mobilit\u00e9 ais\u00e9e.<br \/>\n&#8211; Les roues non marquantes prot\u00e8gent les sols.<br \/>\n&#8211; Charge maximale : 40 kg.<br \/>\n&#8211; Dimensions : 850x550x900 mm.<br \/>\n&#8211; 2 niveaux avec hauteurs d&rsquo;\u00e9tag\u00e8re ajustables.<br \/>\n&#8211; Cadre en acier tubulaire, mat\u00e9riau en agglom\u00e9r\u00e9.<br \/>\n&#8211; Type de produit : Chariots de service.<\/p>\n","protected":false},"excerpt":{"rendered":"<p>&#8211; Cadre gris argent\u00e9 RAL 7001 rev\u00eatu de poudre. &#8211; \u00c9tag\u00e8res en agglom\u00e9r\u00e9 moul\u00e9 avec finition en d\u00e9cor gris. &#8211; Roues en caoutchouc solide non marquant. &#8211; Poign\u00e9es de pouss\u00e9e et roulettes pivotantes pour une mobilit\u00e9 ais\u00e9e. &#8211; Les roues non marquantes prot\u00e8gent les sols. &#8211; Charge maximale : 40 kg. &#8211; Dimensions : 850x550x900&hellip;<\/p>\n","protected":false},"featured_media":4745,"comment_status":"open","ping_status":"closed","template":"","meta":[],"product_cat":[146,165,82],"product_tag":[],"class_list":{"0":"post-4746","1":"product","2":"type-product","3":"status-publish","4":"has-post-thumbnail","6":"product_cat-accessoires-pour-hotel","7":"product_cat-chariot","8":"product_cat-hotel","10":"first","11":"instock","12":"shipping-taxable","13":"purchasable","14":"product-type-simple","15":"col-xs-6 col-sm-4","16":"col-md-3 col-lg-3","17":"un-4-cols"},"yoast_head":"<!-- This site is optimized with the Yoast SEO plugin v26.6 - https:\/\/yoast.com\/wordpress\/plugins\/seo\/ -->\n<title>Chariot pour d\u00e9barassage 2 niveaux - dimensions: 85x55x90 par Empero | Italia Machines<\/title>\n<meta name=\"robots\" content=\"index, follow, max-snippet:-1, max-image-preview:large, max-video-preview:-1\" \/>\n<link rel=\"canonical\" href=\"https:\/\/italiamachines.com\/fr_fr\/boutique\/hotel\/accessoires-pour-hotel\/chariot\/chariot-pour-debarassage-empbah28555-90-empero-2-niveaux-dimensions-850x550x900\/\" \/>\n<meta property=\"og:locale\" content=\"fr_FR\" \/>\n<meta property=\"og:type\" content=\"article\" \/>\n<meta property=\"og:title\" content=\"Chariot pour d\u00e9barassage 2 niveaux - dimensions: 85x55x90 par Empero | Italia Machines\" \/>\n<meta property=\"og:description\" content=\"&#8211; Cadre gris argent\u00e9 RAL 7001 rev\u00eatu de poudre. &#8211; \u00c9tag\u00e8res en agglom\u00e9r\u00e9 moul\u00e9 avec finition en d\u00e9cor gris. &#8211; Roues en caoutchouc solide non marquant. &#8211; Poign\u00e9es de pouss\u00e9e et roulettes pivotantes pour une mobilit\u00e9 ais\u00e9e. &#8211; Les roues non marquantes prot\u00e8gent les sols. &#8211; Charge maximale : 40 kg. &#8211; Dimensions : 850x550x900&hellip;\" \/>\n<meta property=\"og:url\" content=\"https:\/\/italiamachines.com\/fr_fr\/boutique\/hotel\/accessoires-pour-hotel\/chariot\/chariot-pour-debarassage-empbah28555-90-empero-2-niveaux-dimensions-850x550x900\/\" \/>\n<meta property=\"og:site_name\" content=\"Italia Machines\" \/>\n<meta property=\"article:publisher\" content=\"https:\/\/web.facebook.com\/italiamachines\/\" \/>\n<meta property=\"article:modified_time\" content=\"2024-09-23T22:10:02+00:00\" \/>\n<meta property=\"og:image\" content=\"https:\/\/italiamachines.com\/wp-content\/uploads\/2023\/07\/EMPBAH28555-90.webp\" \/>\n\t<meta property=\"og:image:width\" content=\"550\" \/>\n\t<meta property=\"og:image:height\" content=\"550\" \/>\n\t<meta property=\"og:image:type\" content=\"image\/webp\" \/>\n<meta name=\"twitter:card\" content=\"summary_large_image\" \/>\n<meta name=\"twitter:label1\" content=\"Dur\u00e9e de lecture estim\u00e9e\" \/>\n\t<meta name=\"twitter:data1\" content=\"1 minute\" \/>\n<script type=\"application\/ld+json\" class=\"yoast-schema-graph\">{\"@context\":\"https:\/\/schema.org\",\"@graph\":[{\"@type\":\"WebPage\",\"@id\":\"https:\/\/italiamachines.com\/boutique\/hotel\/accessoires-pour-hotel\/chariot\/chariot-pour-debarassage-empbah28555-90-empero-2-niveaux-dimensions-850x550x900\/\",\"url\":\"https:\/\/italiamachines.com\/boutique\/hotel\/accessoires-pour-hotel\/chariot\/chariot-pour-debarassage-empbah28555-90-empero-2-niveaux-dimensions-850x550x900\/\",\"name\":\"Chariot pour d\u00e9barassage 2 niveaux - dimensions: 85x55x90 par Empero | Italia Machines\",\"isPartOf\":{\"@id\":\"https:\/\/italiamachines.com\/#website\"},\"primaryImageOfPage\":{\"@id\":\"https:\/\/italiamachines.com\/boutique\/hotel\/accessoires-pour-hotel\/chariot\/chariot-pour-debarassage-empbah28555-90-empero-2-niveaux-dimensions-850x550x900\/#primaryimage\"},\"image\":{\"@id\":\"https:\/\/italiamachines.com\/boutique\/hotel\/accessoires-pour-hotel\/chariot\/chariot-pour-debarassage-empbah28555-90-empero-2-niveaux-dimensions-850x550x900\/#primaryimage\"},\"thumbnailUrl\":\"https:\/\/italiamachines.com\/wp-content\/uploads\/2023\/07\/EMPBAH28555-90.webp\",\"datePublished\":\"2023-07-30T03:41:42+00:00\",\"dateModified\":\"2024-09-23T22:10:02+00:00\",\"breadcrumb\":{\"@id\":\"https:\/\/italiamachines.com\/boutique\/hotel\/accessoires-pour-hotel\/chariot\/chariot-pour-debarassage-empbah28555-90-empero-2-niveaux-dimensions-850x550x900\/#breadcrumb\"},\"inLanguage\":\"fr-FR\",\"potentialAction\":[{\"@type\":\"ReadAction\",\"target\":[\"https:\/\/italiamachines.com\/boutique\/hotel\/accessoires-pour-hotel\/chariot\/chariot-pour-debarassage-empbah28555-90-empero-2-niveaux-dimensions-850x550x900\/\"]}]},{\"@type\":\"ImageObject\",\"inLanguage\":\"fr-FR\",\"@id\":\"https:\/\/italiamachines.com\/boutique\/hotel\/accessoires-pour-hotel\/chariot\/chariot-pour-debarassage-empbah28555-90-empero-2-niveaux-dimensions-850x550x900\/#primaryimage\",\"url\":\"https:\/\/italiamachines.com\/wp-content\/uploads\/2023\/07\/EMPBAH28555-90.webp\",\"contentUrl\":\"https:\/\/italiamachines.com\/wp-content\/uploads\/2023\/07\/EMPBAH28555-90.webp\",\"width\":550,\"height\":550},{\"@type\":\"BreadcrumbList\",\"@id\":\"https:\/\/italiamachines.com\/boutique\/hotel\/accessoires-pour-hotel\/chariot\/chariot-pour-debarassage-empbah28555-90-empero-2-niveaux-dimensions-850x550x900\/#breadcrumb\",\"itemListElement\":[{\"@type\":\"ListItem\",\"position\":1,\"name\":\"Accueil\",\"item\":\"https:\/\/italiamachines.com\/fr_fr\/\"},{\"@type\":\"ListItem\",\"position\":2,\"name\":\"Boutique\",\"item\":\"https:\/\/italiamachines.com\/boutique\/\"},{\"@type\":\"ListItem\",\"position\":3,\"name\":\"Chariot pour d\u00e9barassage 2 niveaux &#8211; dimensions: 85x55x90 par Empero\"}]},{\"@type\":\"WebSite\",\"@id\":\"https:\/\/italiamachines.com\/#website\",\"url\":\"https:\/\/italiamachines.com\/\",\"name\":\"Italia Machines\",\"description\":\"L&#039;art de l&#039;\u00e9quipement HORECA\",\"publisher\":{\"@id\":\"https:\/\/italiamachines.com\/#organization\"},\"potentialAction\":[{\"@type\":\"SearchAction\",\"target\":{\"@type\":\"EntryPoint\",\"urlTemplate\":\"https:\/\/italiamachines.com\/?s={search_term_string}\"},\"query-input\":{\"@type\":\"PropertyValueSpecification\",\"valueRequired\":true,\"valueName\":\"search_term_string\"}}],\"inLanguage\":\"fr-FR\"},{\"@type\":\"Organization\",\"@id\":\"https:\/\/italiamachines.com\/#organization\",\"name\":\"italiamachines\",\"url\":\"https:\/\/italiamachines.com\/\",\"logo\":{\"@type\":\"ImageObject\",\"inLanguage\":\"fr-FR\",\"@id\":\"https:\/\/italiamachines.com\/#\/schema\/logo\/image\/\",\"url\":\"https:\/\/italiamachines.com\/wp-content\/uploads\/2023\/08\/logo-web-1.png\",\"contentUrl\":\"https:\/\/italiamachines.com\/wp-content\/uploads\/2023\/08\/logo-web-1.png\",\"width\":977,\"height\":254,\"caption\":\"italiamachines\"},\"image\":{\"@id\":\"https:\/\/italiamachines.com\/#\/schema\/logo\/image\/\"},\"sameAs\":[\"https:\/\/web.facebook.com\/italiamachines\/\",\"https:\/\/www.instagram.com\/italia.machines\/\"]}]}<\/script>\n<!-- \/ Yoast SEO plugin. -->","yoast_head_json":{"title":"Chariot pour d\u00e9barassage 2 niveaux - dimensions: 85x55x90 par Empero | Italia Machines","robots":{"index":"index","follow":"follow","max-snippet":"max-snippet:-1","max-image-preview":"max-image-preview:large","max-video-preview":"max-video-preview:-1"},"canonical":"https:\/\/italiamachines.com\/fr_fr\/boutique\/hotel\/accessoires-pour-hotel\/chariot\/chariot-pour-debarassage-empbah28555-90-empero-2-niveaux-dimensions-850x550x900\/","og_locale":"fr_FR","og_type":"article","og_title":"Chariot pour d\u00e9barassage 2 niveaux - dimensions: 85x55x90 par Empero | Italia Machines","og_description":"&#8211; Cadre gris argent\u00e9 RAL 7001 rev\u00eatu de poudre. &#8211; \u00c9tag\u00e8res en agglom\u00e9r\u00e9 moul\u00e9 avec finition en d\u00e9cor gris. &#8211; Roues en caoutchouc solide non marquant. &#8211; Poign\u00e9es de pouss\u00e9e et roulettes pivotantes pour une mobilit\u00e9 ais\u00e9e. &#8211; Les roues non marquantes prot\u00e8gent les sols. &#8211; Charge maximale : 40 kg. &#8211; Dimensions : 850x550x900&hellip;","og_url":"https:\/\/italiamachines.com\/fr_fr\/boutique\/hotel\/accessoires-pour-hotel\/chariot\/chariot-pour-debarassage-empbah28555-90-empero-2-niveaux-dimensions-850x550x900\/","og_site_name":"Italia Machines","article_publisher":"https:\/\/web.facebook.com\/italiamachines\/","article_modified_time":"2024-09-23T22:10:02+00:00","og_image":[{"width":550,"height":550,"url":"https:\/\/italiamachines.com\/wp-content\/uploads\/2023\/07\/EMPBAH28555-90.webp","type":"image\/webp"}],"twitter_card":"summary_large_image","twitter_misc":{"Dur\u00e9e de lecture estim\u00e9e":"1 minute"},"schema":{"@context":"https:\/\/schema.org","@graph":[{"@type":"WebPage","@id":"https:\/\/italiamachines.com\/boutique\/hotel\/accessoires-pour-hotel\/chariot\/chariot-pour-debarassage-empbah28555-90-empero-2-niveaux-dimensions-850x550x900\/","url":"https:\/\/italiamachines.com\/boutique\/hotel\/accessoires-pour-hotel\/chariot\/chariot-pour-debarassage-empbah28555-90-empero-2-niveaux-dimensions-850x550x900\/","name":"Chariot pour d\u00e9barassage 2 niveaux - dimensions: 85x55x90 par Empero | Italia Machines","isPartOf":{"@id":"https:\/\/italiamachines.com\/#website"},"primaryImageOfPage":{"@id":"https:\/\/italiamachines.com\/boutique\/hotel\/accessoires-pour-hotel\/chariot\/chariot-pour-debarassage-empbah28555-90-empero-2-niveaux-dimensions-850x550x900\/#primaryimage"},"image":{"@id":"https:\/\/italiamachines.com\/boutique\/hotel\/accessoires-pour-hotel\/chariot\/chariot-pour-debarassage-empbah28555-90-empero-2-niveaux-dimensions-850x550x900\/#primaryimage"},"thumbnailUrl":"https:\/\/italiamachines.com\/wp-content\/uploads\/2023\/07\/EMPBAH28555-90.webp","datePublished":"2023-07-30T03:41:42+00:00","dateModified":"2024-09-23T22:10:02+00:00","breadcrumb":{"@id":"https:\/\/italiamachines.com\/boutique\/hotel\/accessoires-pour-hotel\/chariot\/chariot-pour-debarassage-empbah28555-90-empero-2-niveaux-dimensions-850x550x900\/#breadcrumb"},"inLanguage":"fr-FR","potentialAction":[{"@type":"ReadAction","target":["https:\/\/italiamachines.com\/boutique\/hotel\/accessoires-pour-hotel\/chariot\/chariot-pour-debarassage-empbah28555-90-empero-2-niveaux-dimensions-850x550x900\/"]}]},{"@type":"ImageObject","inLanguage":"fr-FR","@id":"https:\/\/italiamachines.com\/boutique\/hotel\/accessoires-pour-hotel\/chariot\/chariot-pour-debarassage-empbah28555-90-empero-2-niveaux-dimensions-850x550x900\/#primaryimage","url":"https:\/\/italiamachines.com\/wp-content\/uploads\/2023\/07\/EMPBAH28555-90.webp","contentUrl":"https:\/\/italiamachines.com\/wp-content\/uploads\/2023\/07\/EMPBAH28555-90.webp","width":550,"height":550},{"@type":"BreadcrumbList","@id":"https:\/\/italiamachines.com\/boutique\/hotel\/accessoires-pour-hotel\/chariot\/chariot-pour-debarassage-empbah28555-90-empero-2-niveaux-dimensions-850x550x900\/#breadcrumb","itemListElement":[{"@type":"ListItem","position":1,"name":"Accueil","item":"https:\/\/italiamachines.com\/fr_fr\/"},{"@type":"ListItem","position":2,"name":"Boutique","item":"https:\/\/italiamachines.com\/boutique\/"},{"@type":"ListItem","position":3,"name":"Chariot pour d\u00e9barassage 2 niveaux &#8211; dimensions: 85x55x90 par Empero"}]},{"@type":"WebSite","@id":"https:\/\/italiamachines.com\/#website","url":"https:\/\/italiamachines.com\/","name":"Italia Machines","description":"L&#039;art de l&#039;\u00e9quipement HORECA","publisher":{"@id":"https:\/\/italiamachines.com\/#organization"},"potentialAction":[{"@type":"SearchAction","target":{"@type":"EntryPoint","urlTemplate":"https:\/\/italiamachines.com\/?s={search_term_string}"},"query-input":{"@type":"PropertyValueSpecification","valueRequired":true,"valueName":"search_term_string"}}],"inLanguage":"fr-FR"},{"@type":"Organization","@id":"https:\/\/italiamachines.com\/#organization","name":"italiamachines","url":"https:\/\/italiamachines.com\/","logo":{"@type":"ImageObject","inLanguage":"fr-FR","@id":"https:\/\/italiamachines.com\/#\/schema\/logo\/image\/","url":"https:\/\/italiamachines.com\/wp-content\/uploads\/2023\/08\/logo-web-1.png","contentUrl":"https:\/\/italiamachines.com\/wp-content\/uploads\/2023\/08\/logo-web-1.png","width":977,"height":254,"caption":"italiamachines"},"image":{"@id":"https:\/\/italiamachines.com\/#\/schema\/logo\/image\/"},"sameAs":["https:\/\/web.facebook.com\/italiamachines\/","https:\/\/www.instagram.com\/italia.machines\/"]}]}},"_links":{"self":[{"href":"https:\/\/italiamachines.com\/fr_fr\/wp-json\/wp\/v2\/product\/4746","targetHints":{"allow":["GET"]}}],"collection":[{"href":"https:\/\/italiamachines.com\/fr_fr\/wp-json\/wp\/v2\/product"}],"about":[{"href":"https:\/\/italiamachines.com\/fr_fr\/wp-json\/wp\/v2\/types\/product"}],"replies":[{"embeddable":true,"href":"https:\/\/italiamachines.com\/fr_fr\/wp-json\/wp\/v2\/comments?post=4746"}],"wp:featuredmedia":[{"embeddable":true,"href":"https:\/\/italiamachines.com\/fr_fr\/wp-json\/wp\/v2\/media\/4745"}],"wp:attachment":[{"href":"https:\/\/italiamachines.com\/fr_fr\/wp-json\/wp\/v2\/media?parent=4746"}],"wp:term":[{"taxonomy":"product_cat","embeddable":true,"href":"https:\/\/italiamachines.com\/fr_fr\/wp-json\/wp\/v2\/product_cat?post=4746"},{"taxonomy":"product_tag","embeddable":true,"href":"https:\/\/italiamachines.com\/fr_fr\/wp-json\/wp\/v2\/product_tag?post=4746"}],"curies":[{"name":"wp","href":"https:\/\/api.w.org\/{rel}","templated":true}]}}