{"id":4758,"date":"2023-07-30T03:43:32","date_gmt":"2023-07-30T03:43:32","guid":{"rendered":"https:\/\/prod.italiamachines.com\/product\/table-gastronomique-refrigeree-empbss60-empero-dimensions-2000x790x850-mm-vitrine-usct-dimensions-2000x440x375-mm\/"},"modified":"2024-10-01T00:20:25","modified_gmt":"2024-09-30T22:20:25","slug":"table-gastronomique-refrigeree-empbss60-empero-dimensions-2000x790x850-mm-vitrine-usct-dimensions-2000x440x375-mm","status":"publish","type":"product","link":"https:\/\/italiamachines.com\/fr_fr\/boutique\/froid-conservation\/table-refrigeree\/table-gastronomique-refrigeree-empbss60-empero-dimensions-2000x790x850-mm-vitrine-usct-dimensions-2000x440x375-mm\/","title":{"rendered":"Table gastronomique r\u00e9frig\u00e9r\u00e9e &#8211; Vitrine USCT &#8211; Dimensions: 200x79x85 cm &#8211; par Empero"},"content":{"rendered":"<p>Performance : 0,45 kW &#8211; 230 V \/ 50 Hz<br \/>\nDimensions externes : 2000x790x850 mm<br \/>\nCapacit\u00e9 : 5&#215;1\/1GN<br \/>\nR\u00e9frig\u00e9rant : R134a<\/p>\n","protected":false},"excerpt":{"rendered":"<p>Performance : 0,45 kW &#8211; 230 V \/ 50 Hz Dimensions externes : 2000x790x850 mm Capacit\u00e9 : 5&#215;1\/1GN R\u00e9frig\u00e9rant : R134a<\/p>\n","protected":false},"featured_media":0,"comment_status":"open","ping_status":"closed","template":"","meta":[],"product_cat":[71,132],"product_tag":[],"class_list":{"0":"post-4758","1":"product","2":"type-product","3":"status-publish","5":"product_cat-froid-conservation","6":"product_cat-table-refrigeree","8":"first","9":"instock","10":"shipping-taxable","11":"purchasable","12":"product-type-simple","13":"col-xs-6 col-sm-4","14":"col-md-3 col-lg-3","15":"un-4-cols"},"yoast_head":"<!-- This site is optimized with the Yoast SEO plugin v26.6 - https:\/\/yoast.com\/wordpress\/plugins\/seo\/ -->\n<title>Table gastronomique r\u00e9frig\u00e9r\u00e9e - Vitrine USCT - Dimensions: 200x79x85 cm - par Empero | Italia Machines<\/title>\n<meta name=\"robots\" content=\"index, follow, max-snippet:-1, max-image-preview:large, max-video-preview:-1\" \/>\n<link rel=\"canonical\" href=\"https:\/\/italiamachines.com\/fr_fr\/boutique\/froid-conservation\/table-refrigeree\/table-gastronomique-refrigeree-empbss60-empero-dimensions-2000x790x850-mm-vitrine-usct-dimensions-2000x440x375-mm\/\" \/>\n<meta property=\"og:locale\" content=\"fr_FR\" \/>\n<meta property=\"og:type\" content=\"article\" \/>\n<meta property=\"og:title\" content=\"Table gastronomique r\u00e9frig\u00e9r\u00e9e - Vitrine USCT - Dimensions: 200x79x85 cm - par Empero | Italia Machines\" \/>\n<meta property=\"og:description\" content=\"Performance : 0,45 kW &#8211; 230 V \/ 50 Hz Dimensions externes : 2000x790x850 mm Capacit\u00e9 : 5&#215;1\/1GN R\u00e9frig\u00e9rant : R134a\" \/>\n<meta property=\"og:url\" content=\"https:\/\/italiamachines.com\/fr_fr\/boutique\/froid-conservation\/table-refrigeree\/table-gastronomique-refrigeree-empbss60-empero-dimensions-2000x790x850-mm-vitrine-usct-dimensions-2000x440x375-mm\/\" \/>\n<meta property=\"og:site_name\" content=\"Italia Machines\" \/>\n<meta property=\"article:publisher\" content=\"https:\/\/web.facebook.com\/italiamachines\/\" \/>\n<meta property=\"article:modified_time\" content=\"2024-09-30T22:20:25+00:00\" \/>\n<meta name=\"twitter:card\" content=\"summary_large_image\" \/>\n<meta name=\"twitter:label1\" content=\"Dur\u00e9e de lecture estim\u00e9e\" \/>\n\t<meta name=\"twitter:data1\" content=\"1 minute\" \/>\n<script type=\"application\/ld+json\" class=\"yoast-schema-graph\">{\"@context\":\"https:\/\/schema.org\",\"@graph\":[{\"@type\":\"WebPage\",\"@id\":\"https:\/\/italiamachines.com\/boutique\/froid-conservation\/table-refrigeree\/table-gastronomique-refrigeree-empbss60-empero-dimensions-2000x790x850-mm-vitrine-usct-dimensions-2000x440x375-mm\/\",\"url\":\"https:\/\/italiamachines.com\/boutique\/froid-conservation\/table-refrigeree\/table-gastronomique-refrigeree-empbss60-empero-dimensions-2000x790x850-mm-vitrine-usct-dimensions-2000x440x375-mm\/\",\"name\":\"Table gastronomique r\u00e9frig\u00e9r\u00e9e - Vitrine USCT - Dimensions: 200x79x85 cm - par Empero | Italia Machines\",\"isPartOf\":{\"@id\":\"https:\/\/italiamachines.com\/#website\"},\"datePublished\":\"2023-07-30T03:43:32+00:00\",\"dateModified\":\"2024-09-30T22:20:25+00:00\",\"breadcrumb\":{\"@id\":\"https:\/\/italiamachines.com\/boutique\/froid-conservation\/table-refrigeree\/table-gastronomique-refrigeree-empbss60-empero-dimensions-2000x790x850-mm-vitrine-usct-dimensions-2000x440x375-mm\/#breadcrumb\"},\"inLanguage\":\"fr-FR\",\"potentialAction\":[{\"@type\":\"ReadAction\",\"target\":[\"https:\/\/italiamachines.com\/boutique\/froid-conservation\/table-refrigeree\/table-gastronomique-refrigeree-empbss60-empero-dimensions-2000x790x850-mm-vitrine-usct-dimensions-2000x440x375-mm\/\"]}]},{\"@type\":\"BreadcrumbList\",\"@id\":\"https:\/\/italiamachines.com\/boutique\/froid-conservation\/table-refrigeree\/table-gastronomique-refrigeree-empbss60-empero-dimensions-2000x790x850-mm-vitrine-usct-dimensions-2000x440x375-mm\/#breadcrumb\",\"itemListElement\":[{\"@type\":\"ListItem\",\"position\":1,\"name\":\"Accueil\",\"item\":\"https:\/\/italiamachines.com\/fr_fr\/\"},{\"@type\":\"ListItem\",\"position\":2,\"name\":\"Boutique\",\"item\":\"https:\/\/italiamachines.com\/boutique\/\"},{\"@type\":\"ListItem\",\"position\":3,\"name\":\"Table gastronomique r\u00e9frig\u00e9r\u00e9e &#8211; Vitrine USCT &#8211; Dimensions: 200x79x85 cm &#8211; par Empero\"}]},{\"@type\":\"WebSite\",\"@id\":\"https:\/\/italiamachines.com\/#website\",\"url\":\"https:\/\/italiamachines.com\/\",\"name\":\"Italia Machines\",\"description\":\"L&#039;art de l&#039;\u00e9quipement HORECA\",\"publisher\":{\"@id\":\"https:\/\/italiamachines.com\/#organization\"},\"potentialAction\":[{\"@type\":\"SearchAction\",\"target\":{\"@type\":\"EntryPoint\",\"urlTemplate\":\"https:\/\/italiamachines.com\/?s={search_term_string}\"},\"query-input\":{\"@type\":\"PropertyValueSpecification\",\"valueRequired\":true,\"valueName\":\"search_term_string\"}}],\"inLanguage\":\"fr-FR\"},{\"@type\":\"Organization\",\"@id\":\"https:\/\/italiamachines.com\/#organization\",\"name\":\"italiamachines\",\"url\":\"https:\/\/italiamachines.com\/\",\"logo\":{\"@type\":\"ImageObject\",\"inLanguage\":\"fr-FR\",\"@id\":\"https:\/\/italiamachines.com\/#\/schema\/logo\/image\/\",\"url\":\"https:\/\/italiamachines.com\/wp-content\/uploads\/2023\/08\/logo-web-1.png\",\"contentUrl\":\"https:\/\/italiamachines.com\/wp-content\/uploads\/2023\/08\/logo-web-1.png\",\"width\":977,\"height\":254,\"caption\":\"italiamachines\"},\"image\":{\"@id\":\"https:\/\/italiamachines.com\/#\/schema\/logo\/image\/\"},\"sameAs\":[\"https:\/\/web.facebook.com\/italiamachines\/\",\"https:\/\/www.instagram.com\/italia.machines\/\"]}]}<\/script>\n<!-- \/ Yoast SEO plugin. -->","yoast_head_json":{"title":"Table gastronomique r\u00e9frig\u00e9r\u00e9e - Vitrine USCT - Dimensions: 200x79x85 cm - par Empero | Italia Machines","robots":{"index":"index","follow":"follow","max-snippet":"max-snippet:-1","max-image-preview":"max-image-preview:large","max-video-preview":"max-video-preview:-1"},"canonical":"https:\/\/italiamachines.com\/fr_fr\/boutique\/froid-conservation\/table-refrigeree\/table-gastronomique-refrigeree-empbss60-empero-dimensions-2000x790x850-mm-vitrine-usct-dimensions-2000x440x375-mm\/","og_locale":"fr_FR","og_type":"article","og_title":"Table gastronomique r\u00e9frig\u00e9r\u00e9e - Vitrine USCT - Dimensions: 200x79x85 cm - par Empero | Italia Machines","og_description":"Performance : 0,45 kW &#8211; 230 V \/ 50 Hz Dimensions externes : 2000x790x850 mm Capacit\u00e9 : 5&#215;1\/1GN R\u00e9frig\u00e9rant : R134a","og_url":"https:\/\/italiamachines.com\/fr_fr\/boutique\/froid-conservation\/table-refrigeree\/table-gastronomique-refrigeree-empbss60-empero-dimensions-2000x790x850-mm-vitrine-usct-dimensions-2000x440x375-mm\/","og_site_name":"Italia Machines","article_publisher":"https:\/\/web.facebook.com\/italiamachines\/","article_modified_time":"2024-09-30T22:20:25+00:00","twitter_card":"summary_large_image","twitter_misc":{"Dur\u00e9e de lecture estim\u00e9e":"1 minute"},"schema":{"@context":"https:\/\/schema.org","@graph":[{"@type":"WebPage","@id":"https:\/\/italiamachines.com\/boutique\/froid-conservation\/table-refrigeree\/table-gastronomique-refrigeree-empbss60-empero-dimensions-2000x790x850-mm-vitrine-usct-dimensions-2000x440x375-mm\/","url":"https:\/\/italiamachines.com\/boutique\/froid-conservation\/table-refrigeree\/table-gastronomique-refrigeree-empbss60-empero-dimensions-2000x790x850-mm-vitrine-usct-dimensions-2000x440x375-mm\/","name":"Table gastronomique r\u00e9frig\u00e9r\u00e9e - Vitrine USCT - Dimensions: 200x79x85 cm - par Empero | Italia Machines","isPartOf":{"@id":"https:\/\/italiamachines.com\/#website"},"datePublished":"2023-07-30T03:43:32+00:00","dateModified":"2024-09-30T22:20:25+00:00","breadcrumb":{"@id":"https:\/\/italiamachines.com\/boutique\/froid-conservation\/table-refrigeree\/table-gastronomique-refrigeree-empbss60-empero-dimensions-2000x790x850-mm-vitrine-usct-dimensions-2000x440x375-mm\/#breadcrumb"},"inLanguage":"fr-FR","potentialAction":[{"@type":"ReadAction","target":["https:\/\/italiamachines.com\/boutique\/froid-conservation\/table-refrigeree\/table-gastronomique-refrigeree-empbss60-empero-dimensions-2000x790x850-mm-vitrine-usct-dimensions-2000x440x375-mm\/"]}]},{"@type":"BreadcrumbList","@id":"https:\/\/italiamachines.com\/boutique\/froid-conservation\/table-refrigeree\/table-gastronomique-refrigeree-empbss60-empero-dimensions-2000x790x850-mm-vitrine-usct-dimensions-2000x440x375-mm\/#breadcrumb","itemListElement":[{"@type":"ListItem","position":1,"name":"Accueil","item":"https:\/\/italiamachines.com\/fr_fr\/"},{"@type":"ListItem","position":2,"name":"Boutique","item":"https:\/\/italiamachines.com\/boutique\/"},{"@type":"ListItem","position":3,"name":"Table gastronomique r\u00e9frig\u00e9r\u00e9e &#8211; Vitrine USCT &#8211; Dimensions: 200x79x85 cm &#8211; par Empero"}]},{"@type":"WebSite","@id":"https:\/\/italiamachines.com\/#website","url":"https:\/\/italiamachines.com\/","name":"Italia Machines","description":"L&#039;art de l&#039;\u00e9quipement HORECA","publisher":{"@id":"https:\/\/italiamachines.com\/#organization"},"potentialAction":[{"@type":"SearchAction","target":{"@type":"EntryPoint","urlTemplate":"https:\/\/italiamachines.com\/?s={search_term_string}"},"query-input":{"@type":"PropertyValueSpecification","valueRequired":true,"valueName":"search_term_string"}}],"inLanguage":"fr-FR"},{"@type":"Organization","@id":"https:\/\/italiamachines.com\/#organization","name":"italiamachines","url":"https:\/\/italiamachines.com\/","logo":{"@type":"ImageObject","inLanguage":"fr-FR","@id":"https:\/\/italiamachines.com\/#\/schema\/logo\/image\/","url":"https:\/\/italiamachines.com\/wp-content\/uploads\/2023\/08\/logo-web-1.png","contentUrl":"https:\/\/italiamachines.com\/wp-content\/uploads\/2023\/08\/logo-web-1.png","width":977,"height":254,"caption":"italiamachines"},"image":{"@id":"https:\/\/italiamachines.com\/#\/schema\/logo\/image\/"},"sameAs":["https:\/\/web.facebook.com\/italiamachines\/","https:\/\/www.instagram.com\/italia.machines\/"]}]}},"_links":{"self":[{"href":"https:\/\/italiamachines.com\/fr_fr\/wp-json\/wp\/v2\/product\/4758","targetHints":{"allow":["GET"]}}],"collection":[{"href":"https:\/\/italiamachines.com\/fr_fr\/wp-json\/wp\/v2\/product"}],"about":[{"href":"https:\/\/italiamachines.com\/fr_fr\/wp-json\/wp\/v2\/types\/product"}],"replies":[{"embeddable":true,"href":"https:\/\/italiamachines.com\/fr_fr\/wp-json\/wp\/v2\/comments?post=4758"}],"wp:attachment":[{"href":"https:\/\/italiamachines.com\/fr_fr\/wp-json\/wp\/v2\/media?parent=4758"}],"wp:term":[{"taxonomy":"product_cat","embeddable":true,"href":"https:\/\/italiamachines.com\/fr_fr\/wp-json\/wp\/v2\/product_cat?post=4758"},{"taxonomy":"product_tag","embeddable":true,"href":"https:\/\/italiamachines.com\/fr_fr\/wp-json\/wp\/v2\/product_tag?post=4758"}],"curies":[{"name":"wp","href":"https:\/\/api.w.org\/{rel}","templated":true}]}}