{"id":4763,"date":"2023-07-30T03:43:58","date_gmt":"2023-07-30T03:43:58","guid":{"rendered":"https:\/\/prod.italiamachines.com\/product\/sterilisateur-pour-couteaux-capacite-20-pieces\/"},"modified":"2024-09-29T23:03:14","modified_gmt":"2024-09-29T21:03:14","slug":"sterilisateur-pour-couteaux-capacite-20-pieces","status":"publish","type":"product","link":"https:\/\/italiamachines.com\/fr_fr\/boutique\/boucherie\/sterilisateur\/sterilisateur-pour-couteaux-capacite-20-pieces\/","title":{"rendered":"Sterilisateur pour couteaux capacit\u00e9 20 pi\u00e8ces &#8211; par Empero"},"content":{"rendered":"<p>Capacit\u00e9 : 20 couteaux<br \/>\nPuissance : 230 V \/ 50-60 Hz \/ 2000 W<br \/>\nMinuterie : 0-120 minutes<br \/>\nPortes en plexiglas<br \/>\nCorps en acier inoxydable<br \/>\nPoids net : 13 kg, Volume net : 0.09 m3<br \/>\nDimensions : 1022&#215;131\u00d7620mm<br \/>\nPoids : 13 kg<br \/>\nMarque : Empero<br \/>\nType de produit : St\u00e9rilisateurs pour couteaux<\/p>\n","protected":false},"excerpt":{"rendered":"<p>Capacit\u00e9 : 20 couteaux Puissance : 230 V \/ 50-60 Hz \/ 2000 W Minuterie : 0-120 minutes Portes en plexiglas Corps en acier inoxydable Poids net : 13 kg, Volume net : 0.09 m3 Dimensions : 1022&#215;131\u00d7620mm Poids : 13 kg Marque : Empero Type de produit : St\u00e9rilisateurs pour couteaux<\/p>\n","protected":false},"featured_media":4762,"comment_status":"open","ping_status":"closed","template":"","meta":[],"product_cat":[63,122],"product_tag":[],"class_list":{"0":"post-4763","1":"product","2":"type-product","3":"status-publish","4":"has-post-thumbnail","6":"product_cat-boucherie","7":"product_cat-sterilisateur","9":"first","10":"instock","11":"shipping-taxable","12":"purchasable","13":"product-type-simple","14":"col-xs-6 col-sm-4","15":"col-md-3 col-lg-3","16":"un-4-cols"},"yoast_head":"<!-- This site is optimized with the Yoast SEO plugin v26.6 - https:\/\/yoast.com\/wordpress\/plugins\/seo\/ -->\n<title>Sterilisateur pour couteaux capacit\u00e9 20 pi\u00e8ces - par Empero | Italia Machines<\/title>\n<meta name=\"robots\" content=\"index, follow, max-snippet:-1, max-image-preview:large, max-video-preview:-1\" \/>\n<link rel=\"canonical\" href=\"https:\/\/italiamachines.com\/fr_fr\/boutique\/boucherie\/sterilisateur\/sterilisateur-pour-couteaux-capacite-20-pieces\/\" \/>\n<meta property=\"og:locale\" content=\"fr_FR\" \/>\n<meta property=\"og:type\" content=\"article\" \/>\n<meta property=\"og:title\" content=\"Sterilisateur pour couteaux capacit\u00e9 20 pi\u00e8ces - par Empero | Italia Machines\" \/>\n<meta property=\"og:description\" content=\"Capacit\u00e9 : 20 couteaux Puissance : 230 V \/ 50-60 Hz \/ 2000 W Minuterie : 0-120 minutes Portes en plexiglas Corps en acier inoxydable Poids net : 13 kg, Volume net : 0.09 m3 Dimensions : 1022&#215;131\u00d7620mm Poids : 13 kg Marque : Empero Type de produit : St\u00e9rilisateurs pour couteaux\" \/>\n<meta property=\"og:url\" content=\"https:\/\/italiamachines.com\/fr_fr\/boutique\/boucherie\/sterilisateur\/sterilisateur-pour-couteaux-capacite-20-pieces\/\" \/>\n<meta property=\"og:site_name\" content=\"Italia Machines\" \/>\n<meta property=\"article:publisher\" content=\"https:\/\/web.facebook.com\/italiamachines\/\" \/>\n<meta property=\"article:modified_time\" content=\"2024-09-29T21:03:14+00:00\" \/>\n<meta property=\"og:image\" content=\"https:\/\/italiamachines.com\/wp-content\/uploads\/2023\/07\/EMPBST002.jpg\" \/>\n\t<meta property=\"og:image:width\" content=\"600\" \/>\n\t<meta property=\"og:image:height\" content=\"600\" \/>\n\t<meta property=\"og:image:type\" content=\"image\/jpeg\" \/>\n<meta name=\"twitter:card\" content=\"summary_large_image\" \/>\n<meta name=\"twitter:label1\" content=\"Dur\u00e9e de lecture estim\u00e9e\" \/>\n\t<meta name=\"twitter:data1\" content=\"1 minute\" \/>\n<script type=\"application\/ld+json\" class=\"yoast-schema-graph\">{\"@context\":\"https:\/\/schema.org\",\"@graph\":[{\"@type\":\"WebPage\",\"@id\":\"https:\/\/italiamachines.com\/boutique\/boucherie\/sterilisateur\/sterilisateur-pour-couteaux-capacite-20-pieces\/\",\"url\":\"https:\/\/italiamachines.com\/boutique\/boucherie\/sterilisateur\/sterilisateur-pour-couteaux-capacite-20-pieces\/\",\"name\":\"Sterilisateur pour couteaux capacit\u00e9 20 pi\u00e8ces - par Empero | Italia Machines\",\"isPartOf\":{\"@id\":\"https:\/\/italiamachines.com\/#website\"},\"primaryImageOfPage\":{\"@id\":\"https:\/\/italiamachines.com\/boutique\/boucherie\/sterilisateur\/sterilisateur-pour-couteaux-capacite-20-pieces\/#primaryimage\"},\"image\":{\"@id\":\"https:\/\/italiamachines.com\/boutique\/boucherie\/sterilisateur\/sterilisateur-pour-couteaux-capacite-20-pieces\/#primaryimage\"},\"thumbnailUrl\":\"https:\/\/italiamachines.com\/wp-content\/uploads\/2023\/07\/EMPBST002.jpg\",\"datePublished\":\"2023-07-30T03:43:58+00:00\",\"dateModified\":\"2024-09-29T21:03:14+00:00\",\"breadcrumb\":{\"@id\":\"https:\/\/italiamachines.com\/boutique\/boucherie\/sterilisateur\/sterilisateur-pour-couteaux-capacite-20-pieces\/#breadcrumb\"},\"inLanguage\":\"fr-FR\",\"potentialAction\":[{\"@type\":\"ReadAction\",\"target\":[\"https:\/\/italiamachines.com\/boutique\/boucherie\/sterilisateur\/sterilisateur-pour-couteaux-capacite-20-pieces\/\"]}]},{\"@type\":\"ImageObject\",\"inLanguage\":\"fr-FR\",\"@id\":\"https:\/\/italiamachines.com\/boutique\/boucherie\/sterilisateur\/sterilisateur-pour-couteaux-capacite-20-pieces\/#primaryimage\",\"url\":\"https:\/\/italiamachines.com\/wp-content\/uploads\/2023\/07\/EMPBST002.jpg\",\"contentUrl\":\"https:\/\/italiamachines.com\/wp-content\/uploads\/2023\/07\/EMPBST002.jpg\",\"width\":600,\"height\":600},{\"@type\":\"BreadcrumbList\",\"@id\":\"https:\/\/italiamachines.com\/boutique\/boucherie\/sterilisateur\/sterilisateur-pour-couteaux-capacite-20-pieces\/#breadcrumb\",\"itemListElement\":[{\"@type\":\"ListItem\",\"position\":1,\"name\":\"Accueil\",\"item\":\"https:\/\/italiamachines.com\/fr_fr\/\"},{\"@type\":\"ListItem\",\"position\":2,\"name\":\"Boutique\",\"item\":\"https:\/\/italiamachines.com\/boutique\/\"},{\"@type\":\"ListItem\",\"position\":3,\"name\":\"Sterilisateur pour couteaux capacit\u00e9 20 pi\u00e8ces &#8211; par Empero\"}]},{\"@type\":\"WebSite\",\"@id\":\"https:\/\/italiamachines.com\/#website\",\"url\":\"https:\/\/italiamachines.com\/\",\"name\":\"Italia Machines\",\"description\":\"L&#039;art de l&#039;\u00e9quipement HORECA\",\"publisher\":{\"@id\":\"https:\/\/italiamachines.com\/#organization\"},\"potentialAction\":[{\"@type\":\"SearchAction\",\"target\":{\"@type\":\"EntryPoint\",\"urlTemplate\":\"https:\/\/italiamachines.com\/?s={search_term_string}\"},\"query-input\":{\"@type\":\"PropertyValueSpecification\",\"valueRequired\":true,\"valueName\":\"search_term_string\"}}],\"inLanguage\":\"fr-FR\"},{\"@type\":\"Organization\",\"@id\":\"https:\/\/italiamachines.com\/#organization\",\"name\":\"italiamachines\",\"url\":\"https:\/\/italiamachines.com\/\",\"logo\":{\"@type\":\"ImageObject\",\"inLanguage\":\"fr-FR\",\"@id\":\"https:\/\/italiamachines.com\/#\/schema\/logo\/image\/\",\"url\":\"https:\/\/italiamachines.com\/wp-content\/uploads\/2023\/08\/logo-web-1.png\",\"contentUrl\":\"https:\/\/italiamachines.com\/wp-content\/uploads\/2023\/08\/logo-web-1.png\",\"width\":977,\"height\":254,\"caption\":\"italiamachines\"},\"image\":{\"@id\":\"https:\/\/italiamachines.com\/#\/schema\/logo\/image\/\"},\"sameAs\":[\"https:\/\/web.facebook.com\/italiamachines\/\",\"https:\/\/www.instagram.com\/italia.machines\/\"]}]}<\/script>\n<!-- \/ Yoast SEO plugin. -->","yoast_head_json":{"title":"Sterilisateur pour couteaux capacit\u00e9 20 pi\u00e8ces - par Empero | Italia Machines","robots":{"index":"index","follow":"follow","max-snippet":"max-snippet:-1","max-image-preview":"max-image-preview:large","max-video-preview":"max-video-preview:-1"},"canonical":"https:\/\/italiamachines.com\/fr_fr\/boutique\/boucherie\/sterilisateur\/sterilisateur-pour-couteaux-capacite-20-pieces\/","og_locale":"fr_FR","og_type":"article","og_title":"Sterilisateur pour couteaux capacit\u00e9 20 pi\u00e8ces - par Empero | Italia Machines","og_description":"Capacit\u00e9 : 20 couteaux Puissance : 230 V \/ 50-60 Hz \/ 2000 W Minuterie : 0-120 minutes Portes en plexiglas Corps en acier inoxydable Poids net : 13 kg, Volume net : 0.09 m3 Dimensions : 1022&#215;131\u00d7620mm Poids : 13 kg Marque : Empero Type de produit : St\u00e9rilisateurs pour couteaux","og_url":"https:\/\/italiamachines.com\/fr_fr\/boutique\/boucherie\/sterilisateur\/sterilisateur-pour-couteaux-capacite-20-pieces\/","og_site_name":"Italia Machines","article_publisher":"https:\/\/web.facebook.com\/italiamachines\/","article_modified_time":"2024-09-29T21:03:14+00:00","og_image":[{"width":600,"height":600,"url":"https:\/\/italiamachines.com\/wp-content\/uploads\/2023\/07\/EMPBST002.jpg","type":"image\/jpeg"}],"twitter_card":"summary_large_image","twitter_misc":{"Dur\u00e9e de lecture estim\u00e9e":"1 minute"},"schema":{"@context":"https:\/\/schema.org","@graph":[{"@type":"WebPage","@id":"https:\/\/italiamachines.com\/boutique\/boucherie\/sterilisateur\/sterilisateur-pour-couteaux-capacite-20-pieces\/","url":"https:\/\/italiamachines.com\/boutique\/boucherie\/sterilisateur\/sterilisateur-pour-couteaux-capacite-20-pieces\/","name":"Sterilisateur pour couteaux capacit\u00e9 20 pi\u00e8ces - par Empero | Italia Machines","isPartOf":{"@id":"https:\/\/italiamachines.com\/#website"},"primaryImageOfPage":{"@id":"https:\/\/italiamachines.com\/boutique\/boucherie\/sterilisateur\/sterilisateur-pour-couteaux-capacite-20-pieces\/#primaryimage"},"image":{"@id":"https:\/\/italiamachines.com\/boutique\/boucherie\/sterilisateur\/sterilisateur-pour-couteaux-capacite-20-pieces\/#primaryimage"},"thumbnailUrl":"https:\/\/italiamachines.com\/wp-content\/uploads\/2023\/07\/EMPBST002.jpg","datePublished":"2023-07-30T03:43:58+00:00","dateModified":"2024-09-29T21:03:14+00:00","breadcrumb":{"@id":"https:\/\/italiamachines.com\/boutique\/boucherie\/sterilisateur\/sterilisateur-pour-couteaux-capacite-20-pieces\/#breadcrumb"},"inLanguage":"fr-FR","potentialAction":[{"@type":"ReadAction","target":["https:\/\/italiamachines.com\/boutique\/boucherie\/sterilisateur\/sterilisateur-pour-couteaux-capacite-20-pieces\/"]}]},{"@type":"ImageObject","inLanguage":"fr-FR","@id":"https:\/\/italiamachines.com\/boutique\/boucherie\/sterilisateur\/sterilisateur-pour-couteaux-capacite-20-pieces\/#primaryimage","url":"https:\/\/italiamachines.com\/wp-content\/uploads\/2023\/07\/EMPBST002.jpg","contentUrl":"https:\/\/italiamachines.com\/wp-content\/uploads\/2023\/07\/EMPBST002.jpg","width":600,"height":600},{"@type":"BreadcrumbList","@id":"https:\/\/italiamachines.com\/boutique\/boucherie\/sterilisateur\/sterilisateur-pour-couteaux-capacite-20-pieces\/#breadcrumb","itemListElement":[{"@type":"ListItem","position":1,"name":"Accueil","item":"https:\/\/italiamachines.com\/fr_fr\/"},{"@type":"ListItem","position":2,"name":"Boutique","item":"https:\/\/italiamachines.com\/boutique\/"},{"@type":"ListItem","position":3,"name":"Sterilisateur pour couteaux capacit\u00e9 20 pi\u00e8ces &#8211; par Empero"}]},{"@type":"WebSite","@id":"https:\/\/italiamachines.com\/#website","url":"https:\/\/italiamachines.com\/","name":"Italia Machines","description":"L&#039;art de l&#039;\u00e9quipement HORECA","publisher":{"@id":"https:\/\/italiamachines.com\/#organization"},"potentialAction":[{"@type":"SearchAction","target":{"@type":"EntryPoint","urlTemplate":"https:\/\/italiamachines.com\/?s={search_term_string}"},"query-input":{"@type":"PropertyValueSpecification","valueRequired":true,"valueName":"search_term_string"}}],"inLanguage":"fr-FR"},{"@type":"Organization","@id":"https:\/\/italiamachines.com\/#organization","name":"italiamachines","url":"https:\/\/italiamachines.com\/","logo":{"@type":"ImageObject","inLanguage":"fr-FR","@id":"https:\/\/italiamachines.com\/#\/schema\/logo\/image\/","url":"https:\/\/italiamachines.com\/wp-content\/uploads\/2023\/08\/logo-web-1.png","contentUrl":"https:\/\/italiamachines.com\/wp-content\/uploads\/2023\/08\/logo-web-1.png","width":977,"height":254,"caption":"italiamachines"},"image":{"@id":"https:\/\/italiamachines.com\/#\/schema\/logo\/image\/"},"sameAs":["https:\/\/web.facebook.com\/italiamachines\/","https:\/\/www.instagram.com\/italia.machines\/"]}]}},"_links":{"self":[{"href":"https:\/\/italiamachines.com\/fr_fr\/wp-json\/wp\/v2\/product\/4763","targetHints":{"allow":["GET"]}}],"collection":[{"href":"https:\/\/italiamachines.com\/fr_fr\/wp-json\/wp\/v2\/product"}],"about":[{"href":"https:\/\/italiamachines.com\/fr_fr\/wp-json\/wp\/v2\/types\/product"}],"replies":[{"embeddable":true,"href":"https:\/\/italiamachines.com\/fr_fr\/wp-json\/wp\/v2\/comments?post=4763"}],"wp:featuredmedia":[{"embeddable":true,"href":"https:\/\/italiamachines.com\/fr_fr\/wp-json\/wp\/v2\/media\/4762"}],"wp:attachment":[{"href":"https:\/\/italiamachines.com\/fr_fr\/wp-json\/wp\/v2\/media?parent=4763"}],"wp:term":[{"taxonomy":"product_cat","embeddable":true,"href":"https:\/\/italiamachines.com\/fr_fr\/wp-json\/wp\/v2\/product_cat?post=4763"},{"taxonomy":"product_tag","embeddable":true,"href":"https:\/\/italiamachines.com\/fr_fr\/wp-json\/wp\/v2\/product_tag?post=4763"}],"curies":[{"name":"wp","href":"https:\/\/api.w.org\/{rel}","templated":true}]}}